{"id":5929,"date":"2021-10-14T15:41:52","date_gmt":"2021-10-14T15:41:52","guid":{"rendered":"https:\/\/vw-ingredients.com\/product\/sialik-asit"},"modified":"2024-06-20T08:11:10","modified_gmt":"2024-06-20T08:11:10","slug":"sialik-asit","status":"publish","type":"product","link":"https:\/\/vw-ingredients.com\/tr\/\u00fcr\u00fcn\/sialik-asit","title":{"rendered":"Sialik Asit"},"content":{"rendered":"\t\t<div data-elementor-type=\"wp-post\" data-elementor-id=\"5929\" class=\"elementor elementor-5929 elementor-238\" data-elementor-post-type=\"product\">\n\t\t\t\t\t\t<section class=\"elementor-section elementor-top-section elementor-element elementor-element-bfba323 elementor-section-boxed elementor-section-height-default elementor-section-height-default\" data-id=\"bfba323\" data-element_type=\"section\" data-e-type=\"section\" data-settings=\"{&quot;jet_parallax_layout_list&quot;:[]}\">\n\t\t\t\t\t\t<div class=\"elementor-container elementor-column-gap-default\">\n\t\t\t\t\t<div class=\"elementor-column elementor-col-100 elementor-top-column elementor-element elementor-element-6bc62d2\" data-id=\"6bc62d2\" data-element_type=\"column\" data-e-type=\"column\">\n\t\t\t<div class=\"elementor-widget-wrap elementor-element-populated\">\n\t\t\t\t\t\t<div class=\"elementor-element elementor-element-d10dd4f elementor-widget elementor-widget-heading\" data-id=\"d10dd4f\" data-element_type=\"widget\" data-e-type=\"widget\" data-widget_type=\"heading.default\">\n\t\t\t\t<div class=\"elementor-widget-container\">\n\t\t\t\t\t<h2 class=\"elementor-heading-title elementor-size-default\">S\u0130YAL\u0130K AS\u0130T farkl\u0131 s\u0131n\u0131flarda veya t\u00fcrlerde mevcuttur:<\/h2>\t\t\t\t<\/div>\n\t\t\t\t<\/div>\n\t\t\t\t<div class=\"elementor-element elementor-element-cde1e53 elementor-align-start elementor-icon-list--layout-traditional elementor-list-item-link-full_width elementor-widget elementor-widget-icon-list\" data-id=\"cde1e53\" data-element_type=\"widget\" data-e-type=\"widget\" data-widget_type=\"icon-list.default\">\n\t\t\t\t<div class=\"elementor-widget-container\">\n\t\t\t\t\t\t\t<ul class=\"elementor-icon-list-items\">\n\t\t\t\t\t\t\t<li class=\"elementor-icon-list-item\">\n\t\t\t\t\t\t\t\t\t\t\t<span class=\"elementor-icon-list-icon\">\n\t\t\t\t\t\t\t<i aria-hidden=\"true\" class=\"fas fa-circle\"><\/i>\t\t\t\t\t\t<\/span>\n\t\t\t\t\t\t\t\t\t\t<span class=\"elementor-icon-list-text\">Toz<\/span>\n\t\t\t\t\t\t\t\t\t<\/li>\n\t\t\t\t\t\t<\/ul>\n\t\t\t\t\t\t<\/div>\n\t\t\t\t<\/div>\n\t\t\t\t<div class=\"elementor-element elementor-element-810b8df elementor-widget elementor-widget-heading\" data-id=\"810b8df\" data-element_type=\"widget\" data-e-type=\"widget\" data-widget_type=\"heading.default\">\n\t\t\t\t<div class=\"elementor-widget-container\">\n\t\t\t\t\t<h2 class=\"elementor-heading-title elementor-size-default\">\u00d6zellikleri:\n<\/h2>\t\t\t\t<\/div>\n\t\t\t\t<\/div>\n\t\t\t\t<div class=\"elementor-element elementor-element-0ff9db6 elementor-align-start elementor-icon-list--layout-traditional elementor-list-item-link-full_width elementor-widget elementor-widget-icon-list\" data-id=\"0ff9db6\" data-element_type=\"widget\" data-e-type=\"widget\" data-widget_type=\"icon-list.default\">\n\t\t\t\t<div class=\"elementor-widget-container\">\n\t\t\t\t\t\t\t<ul class=\"elementor-icon-list-items\">\n\t\t\t\t\t\t\t<li class=\"elementor-icon-list-item\">\n\t\t\t\t\t\t\t\t\t\t\t<span class=\"elementor-icon-list-icon\">\n\t\t\t\t\t\t\t<i aria-hidden=\"true\" class=\"fas fa-circle\"><\/i>\t\t\t\t\t\t<\/span>\n\t\t\t\t\t\t\t\t\t\t<span class=\"elementor-icon-list-text\">beyin geli\u015fimini destekler.<\/span>\n\t\t\t\t\t\t\t\t\t<\/li>\n\t\t\t\t\t\t<\/ul>\n\t\t\t\t\t\t<\/div>\n\t\t\t\t<\/div>\n\t\t\t\t<div class=\"elementor-element elementor-element-974d763 elementor-widget elementor-widget-heading\" data-id=\"974d763\" data-element_type=\"widget\" data-e-type=\"widget\" data-widget_type=\"heading.default\">\n\t\t\t\t<div class=\"elementor-widget-container\">\n\t\t\t\t\t<h2 class=\"elementor-heading-title elementor-size-default\">Uygulamalar:<\/h2>\t\t\t\t<\/div>\n\t\t\t\t<\/div>\n\t\t\t\t<div class=\"elementor-element elementor-element-c84dd0a elementor-align-start elementor-icon-list--layout-traditional elementor-list-item-link-full_width elementor-widget elementor-widget-icon-list\" data-id=\"c84dd0a\" data-element_type=\"widget\" data-e-type=\"widget\" data-widget_type=\"icon-list.default\">\n\t\t\t\t<div class=\"elementor-widget-container\">\n\t\t\t\t\t\t\t<ul class=\"elementor-icon-list-items\">\n\t\t\t\t\t\t\t<li class=\"elementor-icon-list-item\">\n\t\t\t\t\t\t\t\t\t\t\t<span class=\"elementor-icon-list-icon\">\n\t\t\t\t\t\t\t<i aria-hidden=\"true\" class=\"fas fa-circle\"><\/i>\t\t\t\t\t\t<\/span>\n\t\t\t\t\t\t\t\t\t\t<span class=\"elementor-icon-list-text\">Beslenme ve Diyet \u00dcr\u00fcnleri<\/span>\n\t\t\t\t\t\t\t\t\t<\/li>\n\t\t\t\t\t\t\t\t<li class=\"elementor-icon-list-item\">\n\t\t\t\t\t\t\t\t\t\t\t<span class=\"elementor-icon-list-icon\">\n\t\t\t\t\t\t\t<i aria-hidden=\"true\" class=\"fas fa-circle\"><\/i>\t\t\t\t\t\t<\/span>\n\t\t\t\t\t\t\t\t\t\t<span class=\"elementor-icon-list-text\">Kilo verdiren yiyecekler<\/span>\n\t\t\t\t\t\t\t\t\t<\/li>\n\t\t\t\t\t\t\t\t<li class=\"elementor-icon-list-item\">\n\t\t\t\t\t\t\t\t\t\t\t<span class=\"elementor-icon-list-icon\">\n\t\t\t\t\t\t\t<i aria-hidden=\"true\" class=\"fas fa-circle\"><\/i>\t\t\t\t\t\t<\/span>\n\t\t\t\t\t\t\t\t\t\t<span class=\"elementor-icon-list-text\">Ya\u015flanma kar\u015f\u0131t\u0131 g\u0131dalar<\/span>\n\t\t\t\t\t\t\t\t\t<\/li>\n\t\t\t\t\t\t\t\t<li class=\"elementor-icon-list-item\">\n\t\t\t\t\t\t\t\t\t\t\t<span class=\"elementor-icon-list-icon\">\n\t\t\t\t\t\t\t<i aria-hidden=\"true\" class=\"fas fa-circle\"><\/i>\t\t\t\t\t\t<\/span>\n\t\t\t\t\t\t\t\t\t\t<span class=\"elementor-icon-list-text\">Bebek Beslenmesi<\/span>\n\t\t\t\t\t\t\t\t\t<\/li>\n\t\t\t\t\t\t<\/ul>\n\t\t\t\t\t\t<\/div>\n\t\t\t\t<\/div>\n\t\t\t\t\t<\/div>\n\t\t<\/div>\n\t\t\t\t\t<\/div>\n\t\t<\/section>\n\t\t\t\t<\/div>\n\t\t","protected":false},"excerpt":{"rendered":"<p>N-asetiln\u00f6raminik olarak da bilinen Sialik Asit, \u0130nsan S\u00fct\u00fc Oligosakkaritlerinde (HMO) \u00f6nemli bir bile\u015fendir. Anne s\u00fct\u00fcnde bulunur ve karakteristik bir fonksiyonel bile\u015fendir. Sialik Asit, sinir h\u00fccrelerinin, epitel h\u00fccrelerinin ve ba\u011f\u0131\u015f\u0131kl\u0131k h\u00fccrelerinin geli\u015fimini ve fonksiyonel onar\u0131m\u0131n\u0131 te\u015fvik edebilir, bu da ba\u011f\u0131\u015f\u0131kl\u0131\u011f\u0131 iyile\u015ftirme, entelekt\u00fcel geli\u015fimi te\u015fvik etme, cildi besleme ve ya\u015flanmay\u0131 geciktirme etkisi yaratabilir.<\/p>\n","protected":false},"author":6,"featured_media":3575,"parent":0,"menu_order":0,"template":"","format":"standard","meta":{"_acf_changed":false},"product-categorieen":[78],"class_list":["post-5929","product","type-product","status-publish","format-standard","has-post-thumbnail","hentry","product-categorieen-nutrasotikler"],"acf":[],"yoast_head":"<!-- This site is optimized with the Yoast SEO plugin v27.3 - https:\/\/yoast.com\/product\/yoast-seo-wordpress\/ -->\n<title>Sialik Asit - Van Wankum Ingredients<\/title>\n<meta name=\"robots\" content=\"index, follow, max-snippet:-1, max-image-preview:large, max-video-preview:-1\" \/>\n<link rel=\"canonical\" href=\"https:\/\/vw-ingredients.com\/tr\/\u00fcr\u00fcn\/sialik-asit\" \/>\n<meta property=\"og:locale\" content=\"tr_TR\" \/>\n<meta property=\"og:type\" content=\"article\" \/>\n<meta property=\"og:title\" content=\"Sialik Asit - Van Wankum Ingredients\" \/>\n<meta property=\"og:description\" content=\"N-asetiln\u00f6raminik olarak da bilinen Sialik Asit, \u0130nsan S\u00fct\u00fc Oligosakkaritlerinde (HMO) \u00f6nemli bir bile\u015fendir. Anne s\u00fct\u00fcnde bulunur ve karakteristik bir fonksiyonel bile\u015fendir. Sialik Asit, sinir h\u00fccrelerinin, epitel h\u00fccrelerinin ve ba\u011f\u0131\u015f\u0131kl\u0131k h\u00fccrelerinin geli\u015fimini ve fonksiyonel onar\u0131m\u0131n\u0131 te\u015fvik edebilir, bu da ba\u011f\u0131\u015f\u0131kl\u0131\u011f\u0131 iyile\u015ftirme, entelekt\u00fcel geli\u015fimi te\u015fvik etme, cildi besleme ve ya\u015flanmay\u0131 geciktirme etkisi yaratabilir.\" \/>\n<meta property=\"og:url\" content=\"https:\/\/vw-ingredients.com\/tr\/\u00fcr\u00fcn\/sialik-asit\" \/>\n<meta property=\"og:site_name\" content=\"Van Wankum Ingredients\" \/>\n<meta property=\"article:modified_time\" content=\"2024-06-20T08:11:10+00:00\" \/>\n<meta property=\"og:image\" content=\"https:\/\/vw-ingredients.com\/wp-content\/uploads\/2021\/10\/Sialic-ACID.jpg\" \/>\n\t<meta property=\"og:image:width\" content=\"1500\" \/>\n\t<meta property=\"og:image:height\" content=\"1001\" \/>\n\t<meta property=\"og:image:type\" content=\"image\/jpeg\" \/>\n<meta name=\"twitter:card\" content=\"summary_large_image\" \/>\n<script type=\"application\/ld+json\" class=\"yoast-schema-graph\">{\"@context\":\"https:\\\/\\\/schema.org\",\"@graph\":[{\"@type\":\"WebPage\",\"@id\":\"https:\\\/\\\/vw-ingredients.com\\\/tr\\\/\u00fcr\u00fcn\\\/sialik-asit\",\"url\":\"https:\\\/\\\/vw-ingredients.com\\\/tr\\\/\u00fcr\u00fcn\\\/sialik-asit\",\"name\":\"Sialik Asit - Van Wankum Ingredients\",\"isPartOf\":{\"@id\":\"https:\\\/\\\/vw-ingredients.com\\\/tr#website\"},\"primaryImageOfPage\":{\"@id\":\"https:\\\/\\\/vw-ingredients.com\\\/tr\\\/\u00fcr\u00fcn\\\/sialik-asit#primaryimage\"},\"image\":{\"@id\":\"https:\\\/\\\/vw-ingredients.com\\\/tr\\\/\u00fcr\u00fcn\\\/sialik-asit#primaryimage\"},\"thumbnailUrl\":\"https:\\\/\\\/vw-ingredients.com\\\/wp-content\\\/uploads\\\/2021\\\/10\\\/Sialic-ACID.jpg\",\"datePublished\":\"2021-10-14T15:41:52+00:00\",\"dateModified\":\"2024-06-20T08:11:10+00:00\",\"breadcrumb\":{\"@id\":\"https:\\\/\\\/vw-ingredients.com\\\/tr\\\/\u00fcr\u00fcn\\\/sialik-asit#breadcrumb\"},\"inLanguage\":\"tr\",\"potentialAction\":[{\"@type\":\"ReadAction\",\"target\":[\"https:\\\/\\\/vw-ingredients.com\\\/tr\\\/\u00fcr\u00fcn\\\/sialik-asit\"]}]},{\"@type\":\"ImageObject\",\"inLanguage\":\"tr\",\"@id\":\"https:\\\/\\\/vw-ingredients.com\\\/tr\\\/\u00fcr\u00fcn\\\/sialik-asit#primaryimage\",\"url\":\"https:\\\/\\\/vw-ingredients.com\\\/wp-content\\\/uploads\\\/2021\\\/10\\\/Sialic-ACID.jpg\",\"contentUrl\":\"https:\\\/\\\/vw-ingredients.com\\\/wp-content\\\/uploads\\\/2021\\\/10\\\/Sialic-ACID.jpg\",\"width\":1500,\"height\":1001,\"caption\":\"Close-up of baking soda in a metal spoon on a black background.Selective focus\"},{\"@type\":\"BreadcrumbList\",\"@id\":\"https:\\\/\\\/vw-ingredients.com\\\/tr\\\/\u00fcr\u00fcn\\\/sialik-asit#breadcrumb\",\"itemListElement\":[{\"@type\":\"ListItem\",\"position\":1,\"name\":\"Home\",\"item\":\"https:\\\/\\\/vw-ingredients.com\\\/tr\"},{\"@type\":\"ListItem\",\"position\":2,\"name\":\"Products\",\"item\":\"https:\\\/\\\/vw-ingredients.com\\\/tr\\\/\u00fcr\u00fcn\"},{\"@type\":\"ListItem\",\"position\":3,\"name\":\"Sialik Asit\"}]},{\"@type\":\"WebSite\",\"@id\":\"https:\\\/\\\/vw-ingredients.com\\\/tr#website\",\"url\":\"https:\\\/\\\/vw-ingredients.com\\\/tr\",\"name\":\"Van Wankum Ingredients\",\"description\":\"\",\"potentialAction\":[{\"@type\":\"SearchAction\",\"target\":{\"@type\":\"EntryPoint\",\"urlTemplate\":\"https:\\\/\\\/vw-ingredients.com\\\/tr?s={search_term_string}\"},\"query-input\":{\"@type\":\"PropertyValueSpecification\",\"valueRequired\":true,\"valueName\":\"search_term_string\"}}],\"inLanguage\":\"tr\"}]}<\/script>\n<!-- \/ Yoast SEO plugin. -->","yoast_head_json":{"title":"Sialik Asit - Van Wankum Ingredients","robots":{"index":"index","follow":"follow","max-snippet":"max-snippet:-1","max-image-preview":"max-image-preview:large","max-video-preview":"max-video-preview:-1"},"canonical":"https:\/\/vw-ingredients.com\/tr\/\u00fcr\u00fcn\/sialik-asit","og_locale":"tr_TR","og_type":"article","og_title":"Sialik Asit - Van Wankum Ingredients","og_description":"N-asetiln\u00f6raminik olarak da bilinen Sialik Asit, \u0130nsan S\u00fct\u00fc Oligosakkaritlerinde (HMO) \u00f6nemli bir bile\u015fendir. Anne s\u00fct\u00fcnde bulunur ve karakteristik bir fonksiyonel bile\u015fendir. Sialik Asit, sinir h\u00fccrelerinin, epitel h\u00fccrelerinin ve ba\u011f\u0131\u015f\u0131kl\u0131k h\u00fccrelerinin geli\u015fimini ve fonksiyonel onar\u0131m\u0131n\u0131 te\u015fvik edebilir, bu da ba\u011f\u0131\u015f\u0131kl\u0131\u011f\u0131 iyile\u015ftirme, entelekt\u00fcel geli\u015fimi te\u015fvik etme, cildi besleme ve ya\u015flanmay\u0131 geciktirme etkisi yaratabilir.","og_url":"https:\/\/vw-ingredients.com\/tr\/\u00fcr\u00fcn\/sialik-asit","og_site_name":"Van Wankum Ingredients","article_modified_time":"2024-06-20T08:11:10+00:00","og_image":[{"width":1500,"height":1001,"url":"https:\/\/vw-ingredients.com\/wp-content\/uploads\/2021\/10\/Sialic-ACID.jpg","type":"image\/jpeg"}],"twitter_card":"summary_large_image","schema":{"@context":"https:\/\/schema.org","@graph":[{"@type":"WebPage","@id":"https:\/\/vw-ingredients.com\/tr\/\u00fcr\u00fcn\/sialik-asit","url":"https:\/\/vw-ingredients.com\/tr\/\u00fcr\u00fcn\/sialik-asit","name":"Sialik Asit - Van Wankum Ingredients","isPartOf":{"@id":"https:\/\/vw-ingredients.com\/tr#website"},"primaryImageOfPage":{"@id":"https:\/\/vw-ingredients.com\/tr\/\u00fcr\u00fcn\/sialik-asit#primaryimage"},"image":{"@id":"https:\/\/vw-ingredients.com\/tr\/\u00fcr\u00fcn\/sialik-asit#primaryimage"},"thumbnailUrl":"https:\/\/vw-ingredients.com\/wp-content\/uploads\/2021\/10\/Sialic-ACID.jpg","datePublished":"2021-10-14T15:41:52+00:00","dateModified":"2024-06-20T08:11:10+00:00","breadcrumb":{"@id":"https:\/\/vw-ingredients.com\/tr\/\u00fcr\u00fcn\/sialik-asit#breadcrumb"},"inLanguage":"tr","potentialAction":[{"@type":"ReadAction","target":["https:\/\/vw-ingredients.com\/tr\/\u00fcr\u00fcn\/sialik-asit"]}]},{"@type":"ImageObject","inLanguage":"tr","@id":"https:\/\/vw-ingredients.com\/tr\/\u00fcr\u00fcn\/sialik-asit#primaryimage","url":"https:\/\/vw-ingredients.com\/wp-content\/uploads\/2021\/10\/Sialic-ACID.jpg","contentUrl":"https:\/\/vw-ingredients.com\/wp-content\/uploads\/2021\/10\/Sialic-ACID.jpg","width":1500,"height":1001,"caption":"Close-up of baking soda in a metal spoon on a black background.Selective focus"},{"@type":"BreadcrumbList","@id":"https:\/\/vw-ingredients.com\/tr\/\u00fcr\u00fcn\/sialik-asit#breadcrumb","itemListElement":[{"@type":"ListItem","position":1,"name":"Home","item":"https:\/\/vw-ingredients.com\/tr"},{"@type":"ListItem","position":2,"name":"Products","item":"https:\/\/vw-ingredients.com\/tr\/\u00fcr\u00fcn"},{"@type":"ListItem","position":3,"name":"Sialik Asit"}]},{"@type":"WebSite","@id":"https:\/\/vw-ingredients.com\/tr#website","url":"https:\/\/vw-ingredients.com\/tr","name":"Van Wankum Ingredients","description":"","potentialAction":[{"@type":"SearchAction","target":{"@type":"EntryPoint","urlTemplate":"https:\/\/vw-ingredients.com\/tr?s={search_term_string}"},"query-input":{"@type":"PropertyValueSpecification","valueRequired":true,"valueName":"search_term_string"}}],"inLanguage":"tr"}]}},"_links":{"self":[{"href":"https:\/\/vw-ingredients.com\/tr\/wp-json\/wp\/v2\/product\/5929","targetHints":{"allow":["GET"]}}],"collection":[{"href":"https:\/\/vw-ingredients.com\/tr\/wp-json\/wp\/v2\/product"}],"about":[{"href":"https:\/\/vw-ingredients.com\/tr\/wp-json\/wp\/v2\/types\/product"}],"author":[{"embeddable":true,"href":"https:\/\/vw-ingredients.com\/tr\/wp-json\/wp\/v2\/users\/6"}],"version-history":[{"count":3,"href":"https:\/\/vw-ingredients.com\/tr\/wp-json\/wp\/v2\/product\/5929\/revisions"}],"predecessor-version":[{"id":5932,"href":"https:\/\/vw-ingredients.com\/tr\/wp-json\/wp\/v2\/product\/5929\/revisions\/5932"}],"wp:featuredmedia":[{"embeddable":true,"href":"https:\/\/vw-ingredients.com\/tr\/wp-json\/wp\/v2\/media\/3575"}],"wp:attachment":[{"href":"https:\/\/vw-ingredients.com\/tr\/wp-json\/wp\/v2\/media?parent=5929"}],"wp:term":[{"taxonomy":"product-categorieen","embeddable":true,"href":"https:\/\/vw-ingredients.com\/tr\/wp-json\/wp\/v2\/product-categorieen?post=5929"}],"curies":[{"name":"wp","href":"https:\/\/api.w.org\/{rel}","templated":true}]}}