{"id":5858,"date":"2024-05-08T08:03:16","date_gmt":"2024-05-08T08:03:16","guid":{"rendered":"https:\/\/vw-ingredients.com\/product\/organik-favabean-proteini"},"modified":"2024-06-20T08:06:17","modified_gmt":"2024-06-20T08:06:17","slug":"organik-favabean-proteini","status":"publish","type":"product","link":"https:\/\/vw-ingredients.com\/tr\/\u00fcr\u00fcn\/organik-favabean-proteini","title":{"rendered":"Organik Favabean Proteini"},"content":{"rendered":"\t\t<div data-elementor-type=\"wp-post\" data-elementor-id=\"5858\" class=\"elementor elementor-5858 elementor-4949\" data-elementor-post-type=\"product\">\n\t\t\t\t\t\t<section class=\"elementor-section elementor-top-section elementor-element elementor-element-7b34427 elementor-section-boxed elementor-section-height-default elementor-section-height-default\" data-id=\"7b34427\" data-element_type=\"section\" data-e-type=\"section\" data-settings=\"{&quot;jet_parallax_layout_list&quot;:[]}\">\n\t\t\t\t\t\t<div class=\"elementor-container elementor-column-gap-default\">\n\t\t\t\t\t<div class=\"elementor-column elementor-col-100 elementor-top-column elementor-element elementor-element-af091e9\" data-id=\"af091e9\" data-element_type=\"column\" data-e-type=\"column\">\n\t\t\t<div class=\"elementor-widget-wrap elementor-element-populated\">\n\t\t\t\t\t\t<div class=\"elementor-element elementor-element-7d03cdb elementor-widget elementor-widget-text-editor\" data-id=\"7d03cdb\" data-element_type=\"widget\" data-e-type=\"widget\" data-widget_type=\"text-editor.default\">\n\t\t\t\t<div class=\"elementor-widget-container\">\n\t\t\t\t\t\t\t\t\t<p><strong>Kimyasal ad\u0131<\/strong>: <span style=\"font-weight: 400;\">Vicia faba<strong>proteini<\/strong><\/span><\/p>\n<p><strong>E\u015f anlaml\u0131lar:<\/strong> <span style=\"font-weight: 400;\">Bakla proteini, Vicia faba proteini, Fava protein konsantresi<\/span><\/p>\n\t\t\t\t\t\t\t\t<\/div>\n\t\t\t\t<\/div>\n\t\t\t\t<div class=\"elementor-element elementor-element-87a0b61 elementor-widget elementor-widget-heading\" data-id=\"87a0b61\" data-element_type=\"widget\" data-e-type=\"widget\" data-widget_type=\"heading.default\">\n\t\t\t\t<div class=\"elementor-widget-container\">\n\t\t\t\t\t<h2 class=\"elementor-heading-title elementor-size-default\">\u00d6zellikleri:<\/h2>\t\t\t\t<\/div>\n\t\t\t\t<\/div>\n\t\t\t\t<div class=\"elementor-element elementor-element-24d70f6 elementor-align-start elementor-icon-list--layout-traditional elementor-list-item-link-full_width elementor-widget elementor-widget-icon-list\" data-id=\"24d70f6\" data-element_type=\"widget\" data-e-type=\"widget\" data-widget_type=\"icon-list.default\">\n\t\t\t\t<div class=\"elementor-widget-container\">\n\t\t\t\t\t\t\t<ul class=\"elementor-icon-list-items\">\n\t\t\t\t\t\t\t<li class=\"elementor-icon-list-item\">\n\t\t\t\t\t\t\t\t\t\t\t<span class=\"elementor-icon-list-icon\">\n\t\t\t\t\t\t\t<i aria-hidden=\"true\" class=\"fas fa-circle\"><\/i>\t\t\t\t\t\t<\/span>\n\t\t\t\t\t\t\t\t\t\t<span class=\"elementor-icon-list-text\">Bitki Bazl\u0131: Bakladan elde edilir, vejetaryenler ve veganlar i\u00e7in uygundur.<\/span>\n\t\t\t\t\t\t\t\t\t<\/li>\n\t\t\t\t\t\t\t\t<li class=\"elementor-icon-list-item\">\n\t\t\t\t\t\t\t\t\t\t\t<span class=\"elementor-icon-list-icon\">\n\t\t\t\t\t\t\t<i aria-hidden=\"true\" class=\"fas fa-circle\"><\/i>\t\t\t\t\t\t<\/span>\n\t\t\t\t\t\t\t\t\t\t<span class=\"elementor-icon-list-text\">Y\u00fcksek Protein \u0130\u00e7eri\u011fi: Kas b\u00fcy\u00fcmesi ve onar\u0131m\u0131 i\u00e7in gerekli olan protein a\u00e7\u0131s\u0131ndan zengindir.<\/span>\n\t\t\t\t\t\t\t\t\t<\/li>\n\t\t\t\t\t\t\t\t<li class=\"elementor-icon-list-item\">\n\t\t\t\t\t\t\t\t\t\t\t<span class=\"elementor-icon-list-icon\">\n\t\t\t\t\t\t\t<i aria-hidden=\"true\" class=\"fas fa-circle\"><\/i>\t\t\t\t\t\t<\/span>\n\t\t\t\t\t\t\t\t\t\t<span class=\"elementor-icon-list-text\">Alerjen Dostu: Gluten, s\u00fct \u00fcr\u00fcnleri ve soya gibi yayg\u0131n alerjenleri do\u011fal olarak i\u00e7ermez.<\/span>\n\t\t\t\t\t\t\t\t\t<\/li>\n\t\t\t\t\t\t\t\t<li class=\"elementor-icon-list-item\">\n\t\t\t\t\t\t\t\t\t\t\t<span class=\"elementor-icon-list-icon\">\n\t\t\t\t\t\t\t<i aria-hidden=\"true\" class=\"fas fa-circle\"><\/i>\t\t\t\t\t\t<\/span>\n\t\t\t\t\t\t\t\t\t\t<span class=\"elementor-icon-list-text\">Kolayca Sindirilebilir: Mideye kar\u015f\u0131 naziktir ve sindirim hassasiyeti olanlar i\u00e7in uygundur.<\/span>\n\t\t\t\t\t\t\t\t\t<\/li>\n\t\t\t\t\t\t\t\t<li class=\"elementor-icon-list-item\">\n\t\t\t\t\t\t\t\t\t\t\t<span class=\"elementor-icon-list-icon\">\n\t\t\t\t\t\t\t<i aria-hidden=\"true\" class=\"fas fa-circle\"><\/i>\t\t\t\t\t\t<\/span>\n\t\t\t\t\t\t\t\t\t\t<span class=\"elementor-icon-list-text\">\u00c7ok y\u00f6nl\u00fc: Smoothie'ler, unlu mamuller ve tuzlu yemekler de dahil olmak \u00fczere \u00e7e\u015fitli tariflerde kullan\u0131labilir.<\/span>\n\t\t\t\t\t\t\t\t\t<\/li>\n\t\t\t\t\t\t\t\t<li class=\"elementor-icon-list-item\">\n\t\t\t\t\t\t\t\t\t\t\t<span class=\"elementor-icon-list-icon\">\n\t\t\t\t\t\t\t<i aria-hidden=\"true\" class=\"fas fa-circle\"><\/i>\t\t\t\t\t\t<\/span>\n\t\t\t\t\t\t\t\t\t\t<span class=\"elementor-icon-list-text\">Besin Zengini: Genel sa\u011fl\u0131k ve zindelik i\u00e7in lif, demir ve vitaminler gibi temel besinleri sa\u011flar.<\/span>\n\t\t\t\t\t\t\t\t\t<\/li>\n\t\t\t\t\t\t<\/ul>\n\t\t\t\t\t\t<\/div>\n\t\t\t\t<\/div>\n\t\t\t\t<div class=\"elementor-element elementor-element-93b9e01 elementor-widget elementor-widget-heading\" data-id=\"93b9e01\" data-element_type=\"widget\" data-e-type=\"widget\" data-widget_type=\"heading.default\">\n\t\t\t\t<div class=\"elementor-widget-container\">\n\t\t\t\t\t<h2 class=\"elementor-heading-title elementor-size-default\">Uygulamalar:<\/h2>\t\t\t\t<\/div>\n\t\t\t\t<\/div>\n\t\t\t\t<div class=\"elementor-element elementor-element-3488a42 elementor-align-start elementor-icon-list--layout-traditional elementor-list-item-link-full_width elementor-widget elementor-widget-icon-list\" data-id=\"3488a42\" data-element_type=\"widget\" data-e-type=\"widget\" data-widget_type=\"icon-list.default\">\n\t\t\t\t<div class=\"elementor-widget-container\">\n\t\t\t\t\t\t\t<ul class=\"elementor-icon-list-items\">\n\t\t\t\t\t\t\t<li class=\"elementor-icon-list-item\">\n\t\t\t\t\t\t\t\t\t\t\t<span class=\"elementor-icon-list-icon\">\n\t\t\t\t\t\t\t<i aria-hidden=\"true\" class=\"fas fa-circle\"><\/i>\t\t\t\t\t\t<\/span>\n\t\t\t\t\t\t\t\t\t\t<span class=\"elementor-icon-list-text\">Protein takviyeleri<\/span>\n\t\t\t\t\t\t\t\t\t<\/li>\n\t\t\t\t\t\t\t\t<li class=\"elementor-icon-list-item\">\n\t\t\t\t\t\t\t\t\t\t\t<span class=\"elementor-icon-list-icon\">\n\t\t\t\t\t\t\t<i aria-hidden=\"true\" class=\"fas fa-circle\"><\/i>\t\t\t\t\t\t<\/span>\n\t\t\t\t\t\t\t\t\t\t<span class=\"elementor-icon-list-text\">Vegan\/Vejetaryen protein barlar\u0131<\/span>\n\t\t\t\t\t\t\t\t\t<\/li>\n\t\t\t\t\t\t\t\t<li class=\"elementor-icon-list-item\">\n\t\t\t\t\t\t\t\t\t\t\t<span class=\"elementor-icon-list-icon\">\n\t\t\t\t\t\t\t<i aria-hidden=\"true\" class=\"fas fa-circle\"><\/i>\t\t\t\t\t\t<\/span>\n\t\t\t\t\t\t\t\t\t\t<span class=\"elementor-icon-list-text\">Bitki bazl\u0131 et alternatifleri<\/span>\n\t\t\t\t\t\t\t\t\t<\/li>\n\t\t\t\t\t\t\t\t<li class=\"elementor-icon-list-item\">\n\t\t\t\t\t\t\t\t\t\t\t<span class=\"elementor-icon-list-icon\">\n\t\t\t\t\t\t\t<i aria-hidden=\"true\" class=\"fas fa-circle\"><\/i>\t\t\t\t\t\t<\/span>\n\t\t\t\t\t\t\t\t\t\t<span class=\"elementor-icon-list-text\">S\u00fcts\u00fcz yo\u011furt<\/span>\n\t\t\t\t\t\t\t\t\t<\/li>\n\t\t\t\t\t\t\t\t<li class=\"elementor-icon-list-item\">\n\t\t\t\t\t\t\t\t\t\t\t<span class=\"elementor-icon-list-icon\">\n\t\t\t\t\t\t\t<i aria-hidden=\"true\" class=\"fas fa-circle\"><\/i>\t\t\t\t\t\t<\/span>\n\t\t\t\t\t\t\t\t\t\t<span class=\"elementor-icon-list-text\">Glutensiz pi\u015firme kar\u0131\u015f\u0131mlar\u0131<\/span>\n\t\t\t\t\t\t\t\t\t<\/li>\n\t\t\t\t\t\t\t\t<li class=\"elementor-icon-list-item\">\n\t\t\t\t\t\t\t\t\t\t\t<span class=\"elementor-icon-list-icon\">\n\t\t\t\t\t\t\t<i aria-hidden=\"true\" class=\"fas fa-circle\"><\/i>\t\t\t\t\t\t<\/span>\n\t\t\t\t\t\t\t\t\t\t<span class=\"elementor-icon-list-text\">Bitki bazl\u0131 s\u00fct alternatifleri<\/span>\n\t\t\t\t\t\t\t\t\t<\/li>\n\t\t\t\t\t\t\t\t<li class=\"elementor-icon-list-item\">\n\t\t\t\t\t\t\t\t\t\t\t<span class=\"elementor-icon-list-icon\">\n\t\t\t\t\t\t\t<i aria-hidden=\"true\" class=\"fas fa-circle\"><\/i>\t\t\t\t\t\t<\/span>\n\t\t\t\t\t\t\t\t\t\t<span class=\"elementor-icon-list-text\">Vegan\/Vejetaryen protein tozlar\u0131<\/span>\n\t\t\t\t\t\t\t\t\t<\/li>\n\t\t\t\t\t\t<\/ul>\n\t\t\t\t\t\t<\/div>\n\t\t\t\t<\/div>\n\t\t\t\t<div class=\"elementor-element elementor-element-6c47344 elementor-widget elementor-widget-heading\" data-id=\"6c47344\" data-element_type=\"widget\" data-e-type=\"widget\" data-widget_type=\"heading.default\">\n\t\t\t\t<div class=\"elementor-widget-container\">\n\t\t\t\t\t<h2 class=\"elementor-heading-title elementor-size-default\">Mevcut s\u0131n\u0131flar:<\/h2>\t\t\t\t<\/div>\n\t\t\t\t<\/div>\n\t\t\t\t<div class=\"elementor-element elementor-element-68c5944 elementor-align-start elementor-icon-list--layout-traditional elementor-list-item-link-full_width elementor-widget elementor-widget-icon-list\" data-id=\"68c5944\" data-element_type=\"widget\" data-e-type=\"widget\" data-widget_type=\"icon-list.default\">\n\t\t\t\t<div class=\"elementor-widget-container\">\n\t\t\t\t\t\t\t<ul class=\"elementor-icon-list-items\">\n\t\t\t\t\t\t\t<li class=\"elementor-icon-list-item\">\n\t\t\t\t\t\t\t\t\t\t\t<span class=\"elementor-icon-list-icon\">\n\t\t\t\t\t\t\t<i aria-hidden=\"true\" class=\"fas fa-circle\"><\/i>\t\t\t\t\t\t<\/span>\n\t\t\t\t\t\t\t\t\t\t<span class=\"elementor-icon-list-text\">Toz<\/span>\n\t\t\t\t\t\t\t\t\t<\/li>\n\t\t\t\t\t\t<\/ul>\n\t\t\t\t\t\t<\/div>\n\t\t\t\t<\/div>\n\t\t\t\t<div class=\"elementor-element elementor-element-628c1b4 elementor-widget elementor-widget-heading\" data-id=\"628c1b4\" data-element_type=\"widget\" data-e-type=\"widget\" data-widget_type=\"heading.default\">\n\t\t\t\t<div class=\"elementor-widget-container\">\n\t\t\t\t\t<h2 class=\"elementor-heading-title elementor-size-default\">Mevcut konsantrasyonlar:<\/h2>\t\t\t\t<\/div>\n\t\t\t\t<\/div>\n\t\t\t\t<div class=\"elementor-element elementor-element-06c766c elementor-align-start elementor-icon-list--layout-traditional elementor-list-item-link-full_width elementor-widget elementor-widget-icon-list\" data-id=\"06c766c\" data-element_type=\"widget\" data-e-type=\"widget\" data-widget_type=\"icon-list.default\">\n\t\t\t\t<div class=\"elementor-widget-container\">\n\t\t\t\t\t\t\t<ul class=\"elementor-icon-list-items\">\n\t\t\t\t\t\t\t<li class=\"elementor-icon-list-item\">\n\t\t\t\t\t\t\t\t\t\t\t<span class=\"elementor-icon-list-icon\">\n\t\t\t\t\t\t\t<i aria-hidden=\"true\" class=\"fas fa-circle\"><\/i>\t\t\t\t\t\t<\/span>\n\t\t\t\t\t\t\t\t\t\t<span class=\"elementor-icon-list-text\">80%<\/span>\n\t\t\t\t\t\t\t\t\t<\/li>\n\t\t\t\t\t\t<\/ul>\n\t\t\t\t\t\t<\/div>\n\t\t\t\t<\/div>\n\t\t\t\t\t<\/div>\n\t\t<\/div>\n\t\t\t\t\t<\/div>\n\t\t<\/section>\n\t\t\t\t<\/div>\n\t\t","protected":false},"excerpt":{"rendered":"<p>Organik Favabean Proteini, bakladan elde edilen bitki bazl\u0131 bir protein tozudur ve \u00e7e\u015fitli diyet tercihleri i\u00e7in besleyici ve s\u00fcrd\u00fcr\u00fclebilir bir protein kayna\u011f\u0131 sunar. Organik Favabean Proteini kas b\u00fcy\u00fcmesi, onar\u0131m\u0131 ve genel sa\u011fl\u0131k i\u00e7in destek sa\u011flar. Y\u00fcksek sindirilebilirli\u011fi ve alerjen dostu profili ile diyet k\u0131s\u0131tlamalar\u0131 veya hassasiyetleri olan bireyler i\u00e7in uygundur. Organik Favabean Proteini, \u00f6zellikle vejetaryen, vegan veya bitki bazl\u0131 diyetlerde protein al\u0131m\u0131n\u0131 art\u0131rmak i\u00e7in yayg\u0131n olarak bir besin takviyesi olarak kullan\u0131l\u0131r. Smoothie&#8217;lere, shake&#8217;lere, unlu mamullere ve di\u011fer tariflere kolayca dahil edilebilir.<\/p>\n","protected":false},"author":9,"featured_media":4835,"parent":0,"menu_order":0,"template":"","format":"standard","meta":{"_acf_changed":false},"product-categorieen":[88],"class_list":["post-5858","product","type-product","status-publish","format-standard","has-post-thumbnail","hentry","product-categorieen-organik-protein"],"acf":[],"yoast_head":"<!-- This site is optimized with the Yoast SEO plugin v27.3 - https:\/\/yoast.com\/product\/yoast-seo-wordpress\/ -->\n<title>Organik Favabean Proteini - Van Wankum Ingredients<\/title>\n<meta name=\"description\" content=\"Organik Favabean Proteini | Van Wankum Malzemeler\" \/>\n<meta name=\"robots\" content=\"index, follow, max-snippet:-1, max-image-preview:large, max-video-preview:-1\" \/>\n<link rel=\"canonical\" href=\"https:\/\/vw-ingredients.com\/tr\/\u00fcr\u00fcn\/organik-favabean-proteini\" \/>\n<meta property=\"og:locale\" content=\"tr_TR\" \/>\n<meta property=\"og:type\" content=\"article\" \/>\n<meta property=\"og:title\" content=\"Organik Favabean Proteini - Van Wankum Ingredients\" \/>\n<meta property=\"og:description\" content=\"Organik Favabean Proteini | Van Wankum Malzemeler\" \/>\n<meta property=\"og:url\" content=\"https:\/\/vw-ingredients.com\/tr\/\u00fcr\u00fcn\/organik-favabean-proteini\" \/>\n<meta property=\"og:site_name\" content=\"Van Wankum Ingredients\" \/>\n<meta property=\"article:modified_time\" content=\"2024-06-20T08:06:17+00:00\" \/>\n<meta property=\"og:image\" content=\"https:\/\/vw-ingredients.com\/wp-content\/uploads\/2024\/03\/Favabean.jpg\" \/>\n\t<meta property=\"og:image:width\" content=\"1\" \/>\n\t<meta property=\"og:image:height\" content=\"1\" \/>\n\t<meta property=\"og:image:type\" content=\"image\/jpeg\" \/>\n<meta name=\"twitter:card\" content=\"summary_large_image\" \/>\n<meta name=\"twitter:label1\" content=\"Tahmini okuma s\u00fcresi\" \/>\n\t<meta name=\"twitter:data1\" content=\"1 dakika\" \/>\n<script type=\"application\/ld+json\" class=\"yoast-schema-graph\">{\"@context\":\"https:\\\/\\\/schema.org\",\"@graph\":[{\"@type\":\"WebPage\",\"@id\":\"https:\\\/\\\/vw-ingredients.com\\\/tr\\\/\u00fcr\u00fcn\\\/organik-favabean-proteini\",\"url\":\"https:\\\/\\\/vw-ingredients.com\\\/tr\\\/\u00fcr\u00fcn\\\/organik-favabean-proteini\",\"name\":\"Organik Favabean Proteini - Van Wankum Ingredients\",\"isPartOf\":{\"@id\":\"https:\\\/\\\/vw-ingredients.com\\\/tr#website\"},\"primaryImageOfPage\":{\"@id\":\"https:\\\/\\\/vw-ingredients.com\\\/tr\\\/\u00fcr\u00fcn\\\/organik-favabean-proteini#primaryimage\"},\"image\":{\"@id\":\"https:\\\/\\\/vw-ingredients.com\\\/tr\\\/\u00fcr\u00fcn\\\/organik-favabean-proteini#primaryimage\"},\"thumbnailUrl\":\"https:\\\/\\\/vw-ingredients.com\\\/wp-content\\\/uploads\\\/2024\\\/03\\\/Favabean.jpg\",\"datePublished\":\"2024-05-08T08:03:16+00:00\",\"dateModified\":\"2024-06-20T08:06:17+00:00\",\"description\":\"Organik Favabean Proteini | Van Wankum Malzemeler\",\"breadcrumb\":{\"@id\":\"https:\\\/\\\/vw-ingredients.com\\\/tr\\\/\u00fcr\u00fcn\\\/organik-favabean-proteini#breadcrumb\"},\"inLanguage\":\"tr\",\"potentialAction\":[{\"@type\":\"ReadAction\",\"target\":[\"https:\\\/\\\/vw-ingredients.com\\\/tr\\\/\u00fcr\u00fcn\\\/organik-favabean-proteini\"]}]},{\"@type\":\"ImageObject\",\"inLanguage\":\"tr\",\"@id\":\"https:\\\/\\\/vw-ingredients.com\\\/tr\\\/\u00fcr\u00fcn\\\/organik-favabean-proteini#primaryimage\",\"url\":\"https:\\\/\\\/vw-ingredients.com\\\/wp-content\\\/uploads\\\/2024\\\/03\\\/Favabean.jpg\",\"contentUrl\":\"https:\\\/\\\/vw-ingredients.com\\\/wp-content\\\/uploads\\\/2024\\\/03\\\/Favabean.jpg\",\"caption\":\"Raw,Organic,Fresh,Green,Fava,Beans,Ready,To,Cook,With\"},{\"@type\":\"BreadcrumbList\",\"@id\":\"https:\\\/\\\/vw-ingredients.com\\\/tr\\\/\u00fcr\u00fcn\\\/organik-favabean-proteini#breadcrumb\",\"itemListElement\":[{\"@type\":\"ListItem\",\"position\":1,\"name\":\"Home\",\"item\":\"https:\\\/\\\/vw-ingredients.com\\\/tr\"},{\"@type\":\"ListItem\",\"position\":2,\"name\":\"Products\",\"item\":\"https:\\\/\\\/vw-ingredients.com\\\/tr\\\/\u00fcr\u00fcn\"},{\"@type\":\"ListItem\",\"position\":3,\"name\":\"Organik Favabean Proteini\"}]},{\"@type\":\"WebSite\",\"@id\":\"https:\\\/\\\/vw-ingredients.com\\\/tr#website\",\"url\":\"https:\\\/\\\/vw-ingredients.com\\\/tr\",\"name\":\"Van Wankum Ingredients\",\"description\":\"\",\"potentialAction\":[{\"@type\":\"SearchAction\",\"target\":{\"@type\":\"EntryPoint\",\"urlTemplate\":\"https:\\\/\\\/vw-ingredients.com\\\/tr?s={search_term_string}\"},\"query-input\":{\"@type\":\"PropertyValueSpecification\",\"valueRequired\":true,\"valueName\":\"search_term_string\"}}],\"inLanguage\":\"tr\"}]}<\/script>\n<!-- \/ Yoast SEO plugin. -->","yoast_head_json":{"title":"Organik Favabean Proteini - Van Wankum Ingredients","description":"Organik Favabean Proteini | Van Wankum Malzemeler","robots":{"index":"index","follow":"follow","max-snippet":"max-snippet:-1","max-image-preview":"max-image-preview:large","max-video-preview":"max-video-preview:-1"},"canonical":"https:\/\/vw-ingredients.com\/tr\/\u00fcr\u00fcn\/organik-favabean-proteini","og_locale":"tr_TR","og_type":"article","og_title":"Organik Favabean Proteini - Van Wankum Ingredients","og_description":"Organik Favabean Proteini | Van Wankum Malzemeler","og_url":"https:\/\/vw-ingredients.com\/tr\/\u00fcr\u00fcn\/organik-favabean-proteini","og_site_name":"Van Wankum Ingredients","article_modified_time":"2024-06-20T08:06:17+00:00","og_image":[{"url":"https:\/\/vw-ingredients.com\/wp-content\/uploads\/2024\/03\/Favabean.jpg","width":1,"height":1,"type":"image\/jpeg"}],"twitter_card":"summary_large_image","twitter_misc":{"Tahmini okuma s\u00fcresi":"1 dakika"},"schema":{"@context":"https:\/\/schema.org","@graph":[{"@type":"WebPage","@id":"https:\/\/vw-ingredients.com\/tr\/\u00fcr\u00fcn\/organik-favabean-proteini","url":"https:\/\/vw-ingredients.com\/tr\/\u00fcr\u00fcn\/organik-favabean-proteini","name":"Organik Favabean Proteini - Van Wankum Ingredients","isPartOf":{"@id":"https:\/\/vw-ingredients.com\/tr#website"},"primaryImageOfPage":{"@id":"https:\/\/vw-ingredients.com\/tr\/\u00fcr\u00fcn\/organik-favabean-proteini#primaryimage"},"image":{"@id":"https:\/\/vw-ingredients.com\/tr\/\u00fcr\u00fcn\/organik-favabean-proteini#primaryimage"},"thumbnailUrl":"https:\/\/vw-ingredients.com\/wp-content\/uploads\/2024\/03\/Favabean.jpg","datePublished":"2024-05-08T08:03:16+00:00","dateModified":"2024-06-20T08:06:17+00:00","description":"Organik Favabean Proteini | Van Wankum Malzemeler","breadcrumb":{"@id":"https:\/\/vw-ingredients.com\/tr\/\u00fcr\u00fcn\/organik-favabean-proteini#breadcrumb"},"inLanguage":"tr","potentialAction":[{"@type":"ReadAction","target":["https:\/\/vw-ingredients.com\/tr\/\u00fcr\u00fcn\/organik-favabean-proteini"]}]},{"@type":"ImageObject","inLanguage":"tr","@id":"https:\/\/vw-ingredients.com\/tr\/\u00fcr\u00fcn\/organik-favabean-proteini#primaryimage","url":"https:\/\/vw-ingredients.com\/wp-content\/uploads\/2024\/03\/Favabean.jpg","contentUrl":"https:\/\/vw-ingredients.com\/wp-content\/uploads\/2024\/03\/Favabean.jpg","caption":"Raw,Organic,Fresh,Green,Fava,Beans,Ready,To,Cook,With"},{"@type":"BreadcrumbList","@id":"https:\/\/vw-ingredients.com\/tr\/\u00fcr\u00fcn\/organik-favabean-proteini#breadcrumb","itemListElement":[{"@type":"ListItem","position":1,"name":"Home","item":"https:\/\/vw-ingredients.com\/tr"},{"@type":"ListItem","position":2,"name":"Products","item":"https:\/\/vw-ingredients.com\/tr\/\u00fcr\u00fcn"},{"@type":"ListItem","position":3,"name":"Organik Favabean Proteini"}]},{"@type":"WebSite","@id":"https:\/\/vw-ingredients.com\/tr#website","url":"https:\/\/vw-ingredients.com\/tr","name":"Van Wankum Ingredients","description":"","potentialAction":[{"@type":"SearchAction","target":{"@type":"EntryPoint","urlTemplate":"https:\/\/vw-ingredients.com\/tr?s={search_term_string}"},"query-input":{"@type":"PropertyValueSpecification","valueRequired":true,"valueName":"search_term_string"}}],"inLanguage":"tr"}]}},"_links":{"self":[{"href":"https:\/\/vw-ingredients.com\/tr\/wp-json\/wp\/v2\/product\/5858","targetHints":{"allow":["GET"]}}],"collection":[{"href":"https:\/\/vw-ingredients.com\/tr\/wp-json\/wp\/v2\/product"}],"about":[{"href":"https:\/\/vw-ingredients.com\/tr\/wp-json\/wp\/v2\/types\/product"}],"author":[{"embeddable":true,"href":"https:\/\/vw-ingredients.com\/tr\/wp-json\/wp\/v2\/users\/9"}],"version-history":[{"count":3,"href":"https:\/\/vw-ingredients.com\/tr\/wp-json\/wp\/v2\/product\/5858\/revisions"}],"predecessor-version":[{"id":5861,"href":"https:\/\/vw-ingredients.com\/tr\/wp-json\/wp\/v2\/product\/5858\/revisions\/5861"}],"wp:featuredmedia":[{"embeddable":true,"href":"https:\/\/vw-ingredients.com\/tr\/wp-json\/wp\/v2\/media\/4835"}],"wp:attachment":[{"href":"https:\/\/vw-ingredients.com\/tr\/wp-json\/wp\/v2\/media?parent=5858"}],"wp:term":[{"taxonomy":"product-categorieen","embeddable":true,"href":"https:\/\/vw-ingredients.com\/tr\/wp-json\/wp\/v2\/product-categorieen?post=5858"}],"curies":[{"name":"wp","href":"https:\/\/api.w.org\/{rel}","templated":true}]}}