{"id":5840,"date":"2024-03-27T16:12:17","date_gmt":"2024-03-27T16:12:17","guid":{"rendered":"https:\/\/vw-ingredients.com\/product\/mas-fasulyesi-proteini"},"modified":"2024-06-20T08:04:35","modified_gmt":"2024-06-20T08:04:35","slug":"mas-fasulyesi-proteini","status":"publish","type":"product","link":"https:\/\/vw-ingredients.com\/tr\/\u00fcr\u00fcn\/mas-fasulyesi-proteini","title":{"rendered":"Ma\u015f Fasulyesi Proteini"},"content":{"rendered":"\t\t<div data-elementor-type=\"wp-post\" data-elementor-id=\"5840\" class=\"elementor elementor-5840 elementor-3365\" data-elementor-post-type=\"product\">\n\t\t\t\t\t\t<section class=\"elementor-section elementor-top-section elementor-element elementor-element-b9eeabc elementor-section-boxed elementor-section-height-default elementor-section-height-default\" data-id=\"b9eeabc\" data-element_type=\"section\" data-e-type=\"section\" data-settings=\"{&quot;jet_parallax_layout_list&quot;:[]}\">\n\t\t\t\t\t\t<div class=\"elementor-container elementor-column-gap-default\">\n\t\t\t\t\t<div class=\"elementor-column elementor-col-100 elementor-top-column elementor-element elementor-element-2e59d77\" data-id=\"2e59d77\" data-element_type=\"column\" data-e-type=\"column\">\n\t\t\t<div class=\"elementor-widget-wrap elementor-element-populated\">\n\t\t\t\t\t\t<div class=\"elementor-element elementor-element-30281d1 elementor-widget elementor-widget-text-editor\" data-id=\"30281d1\" data-element_type=\"widget\" data-e-type=\"widget\" data-widget_type=\"text-editor.default\">\n\t\t\t\t<div class=\"elementor-widget-container\">\n\t\t\t\t\t\t\t\t\t<p><strong>Kimyasal ad\u0131<\/strong>:<span style=\"font-weight: 400;\">Trifloroasetik anhidrit<\/span><\/p>\n\t\t\t\t\t\t\t\t<\/div>\n\t\t\t\t<\/div>\n\t\t\t\t<div class=\"elementor-element elementor-element-8afaaf2 elementor-widget elementor-widget-text-editor\" data-id=\"8afaaf2\" data-element_type=\"widget\" data-e-type=\"widget\" data-widget_type=\"text-editor.default\">\n\t\t\t\t<div class=\"elementor-widget-container\">\n\t\t\t\t\t\t\t\t\t<p><span style=\"font-weight: 400;\"><strong>E\u015f anlaml\u0131lar:<\/strong> Vigna radiata proteini, Ma\u015f fasulyesi izolat\u0131<\/span><\/p>\n\t\t\t\t\t\t\t\t<\/div>\n\t\t\t\t<\/div>\n\t\t\t\t<div class=\"elementor-element elementor-element-6c16b08 elementor-widget elementor-widget-heading\" data-id=\"6c16b08\" data-element_type=\"widget\" data-e-type=\"widget\" data-widget_type=\"heading.default\">\n\t\t\t\t<div class=\"elementor-widget-container\">\n\t\t\t\t\t<h2 class=\"elementor-heading-title elementor-size-default\">\u00d6zellikleri:<\/h2>\t\t\t\t<\/div>\n\t\t\t\t<\/div>\n\t\t\t\t<div class=\"elementor-element elementor-element-b2b5f6c elementor-align-start elementor-icon-list--layout-traditional elementor-list-item-link-full_width elementor-widget elementor-widget-icon-list\" data-id=\"b2b5f6c\" data-element_type=\"widget\" data-e-type=\"widget\" data-widget_type=\"icon-list.default\">\n\t\t\t\t<div class=\"elementor-widget-container\">\n\t\t\t\t\t\t\t<ul class=\"elementor-icon-list-items\">\n\t\t\t\t\t\t\t<li class=\"elementor-icon-list-item\">\n\t\t\t\t\t\t\t\t\t\t\t<span class=\"elementor-icon-list-icon\">\n\t\t\t\t\t\t\t<i aria-hidden=\"true\" class=\"fas fa-circle\"><\/i>\t\t\t\t\t\t<\/span>\n\t\t\t\t\t\t\t\t\t\t<span class=\"elementor-icon-list-text\">Bitki Bazl\u0131: Ma\u015f fasulyesinden elde edilir, vejetaryenler ve veganlar i\u00e7in uygundur.<\/span>\n\t\t\t\t\t\t\t\t\t<\/li>\n\t\t\t\t\t\t\t\t<li class=\"elementor-icon-list-item\">\n\t\t\t\t\t\t\t\t\t\t\t<span class=\"elementor-icon-list-icon\">\n\t\t\t\t\t\t\t<i aria-hidden=\"true\" class=\"fas fa-circle\"><\/i>\t\t\t\t\t\t<\/span>\n\t\t\t\t\t\t\t\t\t\t<span class=\"elementor-icon-list-text\">Y\u00fcksek Protein \u0130\u00e7eri\u011fi: Kas b\u00fcy\u00fcmesi ve onar\u0131m\u0131 i\u00e7in gerekli olan protein a\u00e7\u0131s\u0131ndan zengindir.<\/span>\n\t\t\t\t\t\t\t\t\t<\/li>\n\t\t\t\t\t\t\t\t<li class=\"elementor-icon-list-item\">\n\t\t\t\t\t\t\t\t\t\t\t<span class=\"elementor-icon-list-icon\">\n\t\t\t\t\t\t\t<i aria-hidden=\"true\" class=\"fas fa-circle\"><\/i>\t\t\t\t\t\t<\/span>\n\t\t\t\t\t\t\t\t\t\t<span class=\"elementor-icon-list-text\">Alerjen Dostu: Gluten, s\u00fct \u00fcr\u00fcnleri ve soya gibi yayg\u0131n alerjenleri do\u011fal olarak i\u00e7ermez.<\/span>\n\t\t\t\t\t\t\t\t\t<\/li>\n\t\t\t\t\t\t\t\t<li class=\"elementor-icon-list-item\">\n\t\t\t\t\t\t\t\t\t\t\t<span class=\"elementor-icon-list-icon\">\n\t\t\t\t\t\t\t<i aria-hidden=\"true\" class=\"fas fa-circle\"><\/i>\t\t\t\t\t\t<\/span>\n\t\t\t\t\t\t\t\t\t\t<span class=\"elementor-icon-list-text\">Kolayca Sindirilebilir: Mideye kar\u015f\u0131 naziktir ve sindirim hassasiyeti olanlar i\u00e7in uygundur.<\/span>\n\t\t\t\t\t\t\t\t\t<\/li>\n\t\t\t\t\t\t\t\t<li class=\"elementor-icon-list-item\">\n\t\t\t\t\t\t\t\t\t\t\t<span class=\"elementor-icon-list-icon\">\n\t\t\t\t\t\t\t<i aria-hidden=\"true\" class=\"fas fa-circle\"><\/i>\t\t\t\t\t\t<\/span>\n\t\t\t\t\t\t\t\t\t\t<span class=\"elementor-icon-list-text\">\u00c7ok y\u00f6nl\u00fc: \u00c7orbalar, k\u00f6riler, salatalar ve tatl\u0131lar dahil olmak \u00fczere \u00e7e\u015fitli tariflerde kullan\u0131labilir.<\/span>\n\t\t\t\t\t\t\t\t\t<\/li>\n\t\t\t\t\t\t\t\t<li class=\"elementor-icon-list-item\">\n\t\t\t\t\t\t\t\t\t\t\t<span class=\"elementor-icon-list-icon\">\n\t\t\t\t\t\t\t<i aria-hidden=\"true\" class=\"fas fa-circle\"><\/i>\t\t\t\t\t\t<\/span>\n\t\t\t\t\t\t\t\t\t\t<span class=\"elementor-icon-list-text\">Besin Zengini: Genel sa\u011fl\u0131k ve zindelik i\u00e7in lif, demir ve vitaminler gibi temel besinleri sa\u011flar.<\/span>\n\t\t\t\t\t\t\t\t\t<\/li>\n\t\t\t\t\t\t<\/ul>\n\t\t\t\t\t\t<\/div>\n\t\t\t\t<\/div>\n\t\t\t\t<div class=\"elementor-element elementor-element-8885d49 elementor-widget elementor-widget-heading\" data-id=\"8885d49\" data-element_type=\"widget\" data-e-type=\"widget\" data-widget_type=\"heading.default\">\n\t\t\t\t<div class=\"elementor-widget-container\">\n\t\t\t\t\t<h2 class=\"elementor-heading-title elementor-size-default\">Uygulamalar:<\/h2>\t\t\t\t<\/div>\n\t\t\t\t<\/div>\n\t\t\t\t<div class=\"elementor-element elementor-element-5e8fa52 elementor-align-start elementor-icon-list--layout-traditional elementor-list-item-link-full_width elementor-widget elementor-widget-icon-list\" data-id=\"5e8fa52\" data-element_type=\"widget\" data-e-type=\"widget\" data-widget_type=\"icon-list.default\">\n\t\t\t\t<div class=\"elementor-widget-container\">\n\t\t\t\t\t\t\t<ul class=\"elementor-icon-list-items\">\n\t\t\t\t\t\t\t<li class=\"elementor-icon-list-item\">\n\t\t\t\t\t\t\t\t\t\t\t<span class=\"elementor-icon-list-icon\">\n\t\t\t\t\t\t\t<i aria-hidden=\"true\" class=\"fas fa-circle\"><\/i>\t\t\t\t\t\t<\/span>\n\t\t\t\t\t\t\t\t\t\t<span class=\"elementor-icon-list-text\">Protein takviyeleri<\/span>\n\t\t\t\t\t\t\t\t\t<\/li>\n\t\t\t\t\t\t\t\t<li class=\"elementor-icon-list-item\">\n\t\t\t\t\t\t\t\t\t\t\t<span class=\"elementor-icon-list-icon\">\n\t\t\t\t\t\t\t<i aria-hidden=\"true\" class=\"fas fa-circle\"><\/i>\t\t\t\t\t\t<\/span>\n\t\t\t\t\t\t\t\t\t\t<span class=\"elementor-icon-list-text\">Vegan\/Vejetaryen protein barlar\u0131<\/span>\n\t\t\t\t\t\t\t\t\t<\/li>\n\t\t\t\t\t\t\t\t<li class=\"elementor-icon-list-item\">\n\t\t\t\t\t\t\t\t\t\t\t<span class=\"elementor-icon-list-icon\">\n\t\t\t\t\t\t\t<i aria-hidden=\"true\" class=\"fas fa-circle\"><\/i>\t\t\t\t\t\t<\/span>\n\t\t\t\t\t\t\t\t\t\t<span class=\"elementor-icon-list-text\">Bitki bazl\u0131 et alternatifleri<\/span>\n\t\t\t\t\t\t\t\t\t<\/li>\n\t\t\t\t\t\t\t\t<li class=\"elementor-icon-list-item\">\n\t\t\t\t\t\t\t\t\t\t\t<span class=\"elementor-icon-list-icon\">\n\t\t\t\t\t\t\t<i aria-hidden=\"true\" class=\"fas fa-circle\"><\/i>\t\t\t\t\t\t<\/span>\n\t\t\t\t\t\t\t\t\t\t<span class=\"elementor-icon-list-text\">S\u00fcts\u00fcz yo\u011furt<\/span>\n\t\t\t\t\t\t\t\t\t<\/li>\n\t\t\t\t\t\t\t\t<li class=\"elementor-icon-list-item\">\n\t\t\t\t\t\t\t\t\t\t\t<span class=\"elementor-icon-list-icon\">\n\t\t\t\t\t\t\t<i aria-hidden=\"true\" class=\"fas fa-circle\"><\/i>\t\t\t\t\t\t<\/span>\n\t\t\t\t\t\t\t\t\t\t<span class=\"elementor-icon-list-text\">Glutensiz pi\u015firme kar\u0131\u015f\u0131mlar\u0131<\/span>\n\t\t\t\t\t\t\t\t\t<\/li>\n\t\t\t\t\t\t\t\t<li class=\"elementor-icon-list-item\">\n\t\t\t\t\t\t\t\t\t\t\t<span class=\"elementor-icon-list-icon\">\n\t\t\t\t\t\t\t<i aria-hidden=\"true\" class=\"fas fa-circle\"><\/i>\t\t\t\t\t\t<\/span>\n\t\t\t\t\t\t\t\t\t\t<span class=\"elementor-icon-list-text\">Bitki bazl\u0131 s\u00fct alternatifleri<\/span>\n\t\t\t\t\t\t\t\t\t<\/li>\n\t\t\t\t\t\t\t\t<li class=\"elementor-icon-list-item\">\n\t\t\t\t\t\t\t\t\t\t\t<span class=\"elementor-icon-list-icon\">\n\t\t\t\t\t\t\t<i aria-hidden=\"true\" class=\"fas fa-circle\"><\/i>\t\t\t\t\t\t<\/span>\n\t\t\t\t\t\t\t\t\t\t<span class=\"elementor-icon-list-text\">Vegan\/Vejetaryen protein tozlar\u0131<\/span>\n\t\t\t\t\t\t\t\t\t<\/li>\n\t\t\t\t\t\t<\/ul>\n\t\t\t\t\t\t<\/div>\n\t\t\t\t<\/div>\n\t\t\t\t<div class=\"elementor-element elementor-element-059126e elementor-widget elementor-widget-heading\" data-id=\"059126e\" data-element_type=\"widget\" data-e-type=\"widget\" data-widget_type=\"heading.default\">\n\t\t\t\t<div class=\"elementor-widget-container\">\n\t\t\t\t\t<h2 class=\"elementor-heading-title elementor-size-default\">Mevcut s\u0131n\u0131flar:<\/h2>\t\t\t\t<\/div>\n\t\t\t\t<\/div>\n\t\t\t\t<div class=\"elementor-element elementor-element-409b1e8 elementor-align-start elementor-icon-list--layout-traditional elementor-list-item-link-full_width elementor-widget elementor-widget-icon-list\" data-id=\"409b1e8\" data-element_type=\"widget\" data-e-type=\"widget\" data-widget_type=\"icon-list.default\">\n\t\t\t\t<div class=\"elementor-widget-container\">\n\t\t\t\t\t\t\t<ul class=\"elementor-icon-list-items\">\n\t\t\t\t\t\t\t<li class=\"elementor-icon-list-item\">\n\t\t\t\t\t\t\t\t\t\t\t<span class=\"elementor-icon-list-icon\">\n\t\t\t\t\t\t\t<i aria-hidden=\"true\" class=\"fas fa-circle\"><\/i>\t\t\t\t\t\t<\/span>\n\t\t\t\t\t\t\t\t\t\t<span class=\"elementor-icon-list-text\">Toz<\/span>\n\t\t\t\t\t\t\t\t\t<\/li>\n\t\t\t\t\t\t<\/ul>\n\t\t\t\t\t\t<\/div>\n\t\t\t\t<\/div>\n\t\t\t\t<div class=\"elementor-element elementor-element-c8531ea elementor-widget elementor-widget-heading\" data-id=\"c8531ea\" data-element_type=\"widget\" data-e-type=\"widget\" data-widget_type=\"heading.default\">\n\t\t\t\t<div class=\"elementor-widget-container\">\n\t\t\t\t\t<h2 class=\"elementor-heading-title elementor-size-default\">Mevcut konsantrasyonlar:<\/h2>\t\t\t\t<\/div>\n\t\t\t\t<\/div>\n\t\t\t\t<div class=\"elementor-element elementor-element-c1729bd elementor-align-start elementor-icon-list--layout-traditional elementor-list-item-link-full_width elementor-widget elementor-widget-icon-list\" data-id=\"c1729bd\" data-element_type=\"widget\" data-e-type=\"widget\" data-widget_type=\"icon-list.default\">\n\t\t\t\t<div class=\"elementor-widget-container\">\n\t\t\t\t\t\t\t<ul class=\"elementor-icon-list-items\">\n\t\t\t\t\t\t\t<li class=\"elementor-icon-list-item\">\n\t\t\t\t\t\t\t\t\t\t\t<span class=\"elementor-icon-list-icon\">\n\t\t\t\t\t\t\t<i aria-hidden=\"true\" class=\"fas fa-circle\"><\/i>\t\t\t\t\t\t<\/span>\n\t\t\t\t\t\t\t\t\t\t<span class=\"elementor-icon-list-text\">80%<\/span>\n\t\t\t\t\t\t\t\t\t<\/li>\n\t\t\t\t\t\t<\/ul>\n\t\t\t\t\t\t<\/div>\n\t\t\t\t<\/div>\n\t\t\t\t\t<\/div>\n\t\t<\/div>\n\t\t\t\t\t<\/div>\n\t\t<\/section>\n\t\t\t\t<\/div>\n\t\t","protected":false},"excerpt":{"rendered":"<p>Mungbean Protein, ma\u015f fasulyesinden elde edilen bitki bazl\u0131 bir protein tozudur ve \u00e7e\u015fitli diyet tercihleri i\u00e7in besleyici ve s\u00fcrd\u00fcr\u00fclebilir bir protein kayna\u011f\u0131 sunar. Mungbean Protein kas b\u00fcy\u00fcmesini, onar\u0131m\u0131n\u0131 ve genel sa\u011fl\u0131\u011f\u0131 destekler. Y\u00fcksek sindirilebilirli\u011fi ve alerjen dostu profili ile diyet k\u0131s\u0131tlamalar\u0131 veya hassasiyetleri olan bireylere uygundur. Genellikle bir besin takviyesi olarak kullan\u0131lan Mungbean Protein, \u00f6zellikle vejetaryen, vegan veya bitki bazl\u0131 diyetlerde protein al\u0131m\u0131n\u0131 art\u0131r\u0131r. Smoothie&#8217;lere, shake&#8217;lere, unlu mamullere ve di\u011fer tariflere sorunsuz bir \u015fekilde entegre olur<\/p>\n","protected":false},"author":6,"featured_media":4843,"parent":0,"menu_order":0,"template":"","format":"standard","meta":{"_acf_changed":false},"product-categorieen":[80],"class_list":["post-5840","product","type-product","status-publish","format-standard","has-post-thumbnail","hentry","product-categorieen-bitki-proteinleri"],"acf":[],"yoast_head":"<!-- This site is optimized with the Yoast SEO plugin v27.3 - https:\/\/yoast.com\/product\/yoast-seo-wordpress\/ -->\n<title>Ma\u015f Fasulyesi Proteini - Van Wankum Ingredients<\/title>\n<meta name=\"description\" content=\"\u0130zomalto-oligosakkaritler\" \/>\n<meta name=\"robots\" content=\"index, follow, max-snippet:-1, max-image-preview:large, max-video-preview:-1\" \/>\n<link rel=\"canonical\" href=\"https:\/\/vw-ingredients.com\/tr\/\u00fcr\u00fcn\/mas-fasulyesi-proteini\" \/>\n<meta property=\"og:locale\" content=\"tr_TR\" \/>\n<meta property=\"og:type\" content=\"article\" \/>\n<meta property=\"og:title\" content=\"Ma\u015f Fasulyesi Proteini - Van Wankum Ingredients\" \/>\n<meta property=\"og:description\" content=\"\u0130zomalto-oligosakkaritler\" \/>\n<meta property=\"og:url\" content=\"https:\/\/vw-ingredients.com\/tr\/\u00fcr\u00fcn\/mas-fasulyesi-proteini\" \/>\n<meta property=\"og:site_name\" content=\"Van Wankum Ingredients\" \/>\n<meta property=\"article:modified_time\" content=\"2024-06-20T08:04:35+00:00\" \/>\n<meta property=\"og:image\" content=\"https:\/\/vw-ingredients.com\/wp-content\/uploads\/2024\/03\/mungbean-scaled.jpg\" \/>\n\t<meta property=\"og:image:width\" content=\"2560\" \/>\n\t<meta property=\"og:image:height\" content=\"1872\" \/>\n\t<meta property=\"og:image:type\" content=\"image\/jpeg\" \/>\n<meta name=\"twitter:card\" content=\"summary_large_image\" \/>\n<meta name=\"twitter:label1\" content=\"Tahmini okuma s\u00fcresi\" \/>\n\t<meta name=\"twitter:data1\" content=\"1 dakika\" \/>\n<script type=\"application\/ld+json\" class=\"yoast-schema-graph\">{\"@context\":\"https:\\\/\\\/schema.org\",\"@graph\":[{\"@type\":\"WebPage\",\"@id\":\"https:\\\/\\\/vw-ingredients.com\\\/tr\\\/\u00fcr\u00fcn\\\/mas-fasulyesi-proteini\",\"url\":\"https:\\\/\\\/vw-ingredients.com\\\/tr\\\/\u00fcr\u00fcn\\\/mas-fasulyesi-proteini\",\"name\":\"Ma\u015f Fasulyesi Proteini - Van Wankum Ingredients\",\"isPartOf\":{\"@id\":\"https:\\\/\\\/vw-ingredients.com\\\/tr#website\"},\"primaryImageOfPage\":{\"@id\":\"https:\\\/\\\/vw-ingredients.com\\\/tr\\\/\u00fcr\u00fcn\\\/mas-fasulyesi-proteini#primaryimage\"},\"image\":{\"@id\":\"https:\\\/\\\/vw-ingredients.com\\\/tr\\\/\u00fcr\u00fcn\\\/mas-fasulyesi-proteini#primaryimage\"},\"thumbnailUrl\":\"https:\\\/\\\/vw-ingredients.com\\\/wp-content\\\/uploads\\\/2024\\\/03\\\/mungbean-scaled.jpg\",\"datePublished\":\"2024-03-27T16:12:17+00:00\",\"dateModified\":\"2024-06-20T08:04:35+00:00\",\"description\":\"\u0130zomalto-oligosakkaritler\",\"breadcrumb\":{\"@id\":\"https:\\\/\\\/vw-ingredients.com\\\/tr\\\/\u00fcr\u00fcn\\\/mas-fasulyesi-proteini#breadcrumb\"},\"inLanguage\":\"tr\",\"potentialAction\":[{\"@type\":\"ReadAction\",\"target\":[\"https:\\\/\\\/vw-ingredients.com\\\/tr\\\/\u00fcr\u00fcn\\\/mas-fasulyesi-proteini\"]}]},{\"@type\":\"ImageObject\",\"inLanguage\":\"tr\",\"@id\":\"https:\\\/\\\/vw-ingredients.com\\\/tr\\\/\u00fcr\u00fcn\\\/mas-fasulyesi-proteini#primaryimage\",\"url\":\"https:\\\/\\\/vw-ingredients.com\\\/wp-content\\\/uploads\\\/2024\\\/03\\\/mungbean-scaled.jpg\",\"contentUrl\":\"https:\\\/\\\/vw-ingredients.com\\\/wp-content\\\/uploads\\\/2024\\\/03\\\/mungbean-scaled.jpg\",\"width\":2560,\"height\":1872},{\"@type\":\"BreadcrumbList\",\"@id\":\"https:\\\/\\\/vw-ingredients.com\\\/tr\\\/\u00fcr\u00fcn\\\/mas-fasulyesi-proteini#breadcrumb\",\"itemListElement\":[{\"@type\":\"ListItem\",\"position\":1,\"name\":\"Home\",\"item\":\"https:\\\/\\\/vw-ingredients.com\\\/tr\"},{\"@type\":\"ListItem\",\"position\":2,\"name\":\"Products\",\"item\":\"https:\\\/\\\/vw-ingredients.com\\\/tr\\\/\u00fcr\u00fcn\"},{\"@type\":\"ListItem\",\"position\":3,\"name\":\"Ma\u015f Fasulyesi Proteini\"}]},{\"@type\":\"WebSite\",\"@id\":\"https:\\\/\\\/vw-ingredients.com\\\/tr#website\",\"url\":\"https:\\\/\\\/vw-ingredients.com\\\/tr\",\"name\":\"Van Wankum Ingredients\",\"description\":\"\",\"potentialAction\":[{\"@type\":\"SearchAction\",\"target\":{\"@type\":\"EntryPoint\",\"urlTemplate\":\"https:\\\/\\\/vw-ingredients.com\\\/tr?s={search_term_string}\"},\"query-input\":{\"@type\":\"PropertyValueSpecification\",\"valueRequired\":true,\"valueName\":\"search_term_string\"}}],\"inLanguage\":\"tr\"}]}<\/script>\n<!-- \/ Yoast SEO plugin. -->","yoast_head_json":{"title":"Ma\u015f Fasulyesi Proteini - Van Wankum Ingredients","description":"\u0130zomalto-oligosakkaritler","robots":{"index":"index","follow":"follow","max-snippet":"max-snippet:-1","max-image-preview":"max-image-preview:large","max-video-preview":"max-video-preview:-1"},"canonical":"https:\/\/vw-ingredients.com\/tr\/\u00fcr\u00fcn\/mas-fasulyesi-proteini","og_locale":"tr_TR","og_type":"article","og_title":"Ma\u015f Fasulyesi Proteini - Van Wankum Ingredients","og_description":"\u0130zomalto-oligosakkaritler","og_url":"https:\/\/vw-ingredients.com\/tr\/\u00fcr\u00fcn\/mas-fasulyesi-proteini","og_site_name":"Van Wankum Ingredients","article_modified_time":"2024-06-20T08:04:35+00:00","og_image":[{"width":2560,"height":1872,"url":"https:\/\/vw-ingredients.com\/wp-content\/uploads\/2024\/03\/mungbean-scaled.jpg","type":"image\/jpeg"}],"twitter_card":"summary_large_image","twitter_misc":{"Tahmini okuma s\u00fcresi":"1 dakika"},"schema":{"@context":"https:\/\/schema.org","@graph":[{"@type":"WebPage","@id":"https:\/\/vw-ingredients.com\/tr\/\u00fcr\u00fcn\/mas-fasulyesi-proteini","url":"https:\/\/vw-ingredients.com\/tr\/\u00fcr\u00fcn\/mas-fasulyesi-proteini","name":"Ma\u015f Fasulyesi Proteini - Van Wankum Ingredients","isPartOf":{"@id":"https:\/\/vw-ingredients.com\/tr#website"},"primaryImageOfPage":{"@id":"https:\/\/vw-ingredients.com\/tr\/\u00fcr\u00fcn\/mas-fasulyesi-proteini#primaryimage"},"image":{"@id":"https:\/\/vw-ingredients.com\/tr\/\u00fcr\u00fcn\/mas-fasulyesi-proteini#primaryimage"},"thumbnailUrl":"https:\/\/vw-ingredients.com\/wp-content\/uploads\/2024\/03\/mungbean-scaled.jpg","datePublished":"2024-03-27T16:12:17+00:00","dateModified":"2024-06-20T08:04:35+00:00","description":"\u0130zomalto-oligosakkaritler","breadcrumb":{"@id":"https:\/\/vw-ingredients.com\/tr\/\u00fcr\u00fcn\/mas-fasulyesi-proteini#breadcrumb"},"inLanguage":"tr","potentialAction":[{"@type":"ReadAction","target":["https:\/\/vw-ingredients.com\/tr\/\u00fcr\u00fcn\/mas-fasulyesi-proteini"]}]},{"@type":"ImageObject","inLanguage":"tr","@id":"https:\/\/vw-ingredients.com\/tr\/\u00fcr\u00fcn\/mas-fasulyesi-proteini#primaryimage","url":"https:\/\/vw-ingredients.com\/wp-content\/uploads\/2024\/03\/mungbean-scaled.jpg","contentUrl":"https:\/\/vw-ingredients.com\/wp-content\/uploads\/2024\/03\/mungbean-scaled.jpg","width":2560,"height":1872},{"@type":"BreadcrumbList","@id":"https:\/\/vw-ingredients.com\/tr\/\u00fcr\u00fcn\/mas-fasulyesi-proteini#breadcrumb","itemListElement":[{"@type":"ListItem","position":1,"name":"Home","item":"https:\/\/vw-ingredients.com\/tr"},{"@type":"ListItem","position":2,"name":"Products","item":"https:\/\/vw-ingredients.com\/tr\/\u00fcr\u00fcn"},{"@type":"ListItem","position":3,"name":"Ma\u015f Fasulyesi Proteini"}]},{"@type":"WebSite","@id":"https:\/\/vw-ingredients.com\/tr#website","url":"https:\/\/vw-ingredients.com\/tr","name":"Van Wankum Ingredients","description":"","potentialAction":[{"@type":"SearchAction","target":{"@type":"EntryPoint","urlTemplate":"https:\/\/vw-ingredients.com\/tr?s={search_term_string}"},"query-input":{"@type":"PropertyValueSpecification","valueRequired":true,"valueName":"search_term_string"}}],"inLanguage":"tr"}]}},"_links":{"self":[{"href":"https:\/\/vw-ingredients.com\/tr\/wp-json\/wp\/v2\/product\/5840","targetHints":{"allow":["GET"]}}],"collection":[{"href":"https:\/\/vw-ingredients.com\/tr\/wp-json\/wp\/v2\/product"}],"about":[{"href":"https:\/\/vw-ingredients.com\/tr\/wp-json\/wp\/v2\/types\/product"}],"author":[{"embeddable":true,"href":"https:\/\/vw-ingredients.com\/tr\/wp-json\/wp\/v2\/users\/6"}],"version-history":[{"count":3,"href":"https:\/\/vw-ingredients.com\/tr\/wp-json\/wp\/v2\/product\/5840\/revisions"}],"predecessor-version":[{"id":5843,"href":"https:\/\/vw-ingredients.com\/tr\/wp-json\/wp\/v2\/product\/5840\/revisions\/5843"}],"wp:featuredmedia":[{"embeddable":true,"href":"https:\/\/vw-ingredients.com\/tr\/wp-json\/wp\/v2\/media\/4843"}],"wp:attachment":[{"href":"https:\/\/vw-ingredients.com\/tr\/wp-json\/wp\/v2\/media?parent=5840"}],"wp:term":[{"taxonomy":"product-categorieen","embeddable":true,"href":"https:\/\/vw-ingredients.com\/tr\/wp-json\/wp\/v2\/product-categorieen?post=5840"}],"curies":[{"name":"wp","href":"https:\/\/api.w.org\/{rel}","templated":true}]}}