{"id":5721,"date":"2024-03-27T16:55:20","date_gmt":"2024-03-27T16:55:20","guid":{"rendered":"https:\/\/vw-ingredients.com\/product\/mannan-oligosakkaritler-mos"},"modified":"2024-06-19T12:45:52","modified_gmt":"2024-06-19T12:45:52","slug":"mannan-oligosakkaritler-mos","status":"publish","type":"product","link":"https:\/\/vw-ingredients.com\/tr\/\u00fcr\u00fcn\/mannan-oligosakkaritler-mos","title":{"rendered":"Mannan-oligosakkaritler (MOS)"},"content":{"rendered":"\t\t<div data-elementor-type=\"wp-post\" data-elementor-id=\"5721\" class=\"elementor elementor-5721 elementor-3498\" data-elementor-post-type=\"product\">\n\t\t\t\t\t\t<section class=\"elementor-section elementor-top-section elementor-element elementor-element-7b34427 elementor-section-boxed elementor-section-height-default elementor-section-height-default\" data-id=\"7b34427\" data-element_type=\"section\" data-e-type=\"section\" data-settings=\"{&quot;jet_parallax_layout_list&quot;:[]}\">\n\t\t\t\t\t\t<div class=\"elementor-container elementor-column-gap-default\">\n\t\t\t\t\t<div class=\"elementor-column elementor-col-100 elementor-top-column elementor-element elementor-element-af091e9\" data-id=\"af091e9\" data-element_type=\"column\" data-e-type=\"column\">\n\t\t\t<div class=\"elementor-widget-wrap elementor-element-populated\">\n\t\t\t\t\t\t<div class=\"elementor-element elementor-element-7d03cdb elementor-widget elementor-widget-text-editor\" data-id=\"7d03cdb\" data-element_type=\"widget\" data-e-type=\"widget\" data-widget_type=\"text-editor.default\">\n\t\t\t\t<div class=\"elementor-widget-container\">\n\t\t\t\t\t\t\t\t\t<p>Mannan oligosakkaritleri ana yap\u0131y\u0131 olu\u015fturan, \u03b1-(1-6) ba\u011flar\u0131 ile ba\u011flanm\u0131\u015f uzun D-mannoz zincirleri ile yan zincirleri olu\u015fturan daha k\u0131sa \u03b1-(1-2) ve \u03b1-(1-3) ba\u011flar\u0131ndan olu\u015fur. Bu fonksiyonel oligosakkaritler Saccharomyces cerevisiae&#8217;nin h\u00fccre duvar\u0131ndan elde edilir. \u00c7ok say\u0131da bifidobakteri ve laktobasilin b\u00fcy\u00fcmesini te\u015fvik etme ve destekleme kapasitesine sahiptirler, b\u00f6ylece mikroekolojik dengeyi d\u00fczenlerler. Ayr\u0131ca, y\u00fcksek kaliteli \u00e7\u00f6z\u00fcn\u00fcr diyet lifi prebiyotikleri olarak hizmet ederler.<\/p>\n\t\t\t\t\t\t\t\t<\/div>\n\t\t\t\t<\/div>\n\t\t\t\t<div class=\"elementor-element elementor-element-87a0b61 elementor-widget elementor-widget-heading\" data-id=\"87a0b61\" data-element_type=\"widget\" data-e-type=\"widget\" data-widget_type=\"heading.default\">\n\t\t\t\t<div class=\"elementor-widget-container\">\n\t\t\t\t\t<h2 class=\"elementor-heading-title elementor-size-default\">\u00d6zellikleri:<\/h2>\t\t\t\t<\/div>\n\t\t\t\t<\/div>\n\t\t\t\t<div class=\"elementor-element elementor-element-24d70f6 elementor-align-start elementor-icon-list--layout-traditional elementor-list-item-link-full_width elementor-widget elementor-widget-icon-list\" data-id=\"24d70f6\" data-element_type=\"widget\" data-e-type=\"widget\" data-widget_type=\"icon-list.default\">\n\t\t\t\t<div class=\"elementor-widget-container\">\n\t\t\t\t\t\t\t<ul class=\"elementor-icon-list-items\">\n\t\t\t\t\t\t\t<li class=\"elementor-icon-list-item\">\n\t\t\t\t\t\t\t\t\t\t\t<span class=\"elementor-icon-list-icon\">\n\t\t\t\t\t\t\t<i aria-hidden=\"true\" class=\"fas fa-circle\"><\/i>\t\t\t\t\t\t<\/span>\n\t\t\t\t\t\t\t\t\t\t<span class=\"elementor-icon-list-text\">Prebiyotik: Yararl\u0131 ba\u011f\u0131rsak bakterilerinin b\u00fcy\u00fcmesini destekler.<\/span>\n\t\t\t\t\t\t\t\t\t<\/li>\n\t\t\t\t\t\t\t\t<li class=\"elementor-icon-list-item\">\n\t\t\t\t\t\t\t\t\t\t\t<span class=\"elementor-icon-list-icon\">\n\t\t\t\t\t\t\t<i aria-hidden=\"true\" class=\"fas fa-circle\"><\/i>\t\t\t\t\t\t<\/span>\n\t\t\t\t\t\t\t\t\t\t<span class=\"elementor-icon-list-text\">Sindirilemez: Emilmeden v\u00fccuttan ge\u00e7er.<\/span>\n\t\t\t\t\t\t\t\t\t<\/li>\n\t\t\t\t\t\t\t\t<li class=\"elementor-icon-list-item\">\n\t\t\t\t\t\t\t\t\t\t\t<span class=\"elementor-icon-list-icon\">\n\t\t\t\t\t\t\t<i aria-hidden=\"true\" class=\"fas fa-circle\"><\/i>\t\t\t\t\t\t<\/span>\n\t\t\t\t\t\t\t\t\t\t<span class=\"elementor-icon-list-text\">Yap\u0131sal Varyasyonlar: Farkl\u0131 yap\u0131lara sahip olun.<\/span>\n\t\t\t\t\t\t\t\t\t<\/li>\n\t\t\t\t\t\t\t\t<li class=\"elementor-icon-list-item\">\n\t\t\t\t\t\t\t\t\t\t\t<span class=\"elementor-icon-list-icon\">\n\t\t\t\t\t\t\t<i aria-hidden=\"true\" class=\"fas fa-circle\"><\/i>\t\t\t\t\t\t<\/span>\n\t\t\t\t\t\t\t\t\t\t<span class=\"elementor-icon-list-text\">Kaynaklar: Maya h\u00fccre duvarlar\u0131ndan veya bitkilerden elde edilir.<\/span>\n\t\t\t\t\t\t\t\t\t<\/li>\n\t\t\t\t\t\t\t\t<li class=\"elementor-icon-list-item\">\n\t\t\t\t\t\t\t\t\t\t\t<span class=\"elementor-icon-list-icon\">\n\t\t\t\t\t\t\t<i aria-hidden=\"true\" class=\"fas fa-circle\"><\/i>\t\t\t\t\t\t<\/span>\n\t\t\t\t\t\t\t\t\t\t<span class=\"elementor-icon-list-text\">\u00c7\u00f6z\u00fcn\u00fcr Lif: Ba\u011f\u0131rsak sa\u011fl\u0131\u011f\u0131na ve ba\u011f\u0131rsak hareketlerine fayda sa\u011flar.<\/span>\n\t\t\t\t\t\t\t\t\t<\/li>\n\t\t\t\t\t\t<\/ul>\n\t\t\t\t\t\t<\/div>\n\t\t\t\t<\/div>\n\t\t\t\t<div class=\"elementor-element elementor-element-93b9e01 elementor-widget elementor-widget-heading\" data-id=\"93b9e01\" data-element_type=\"widget\" data-e-type=\"widget\" data-widget_type=\"heading.default\">\n\t\t\t\t<div class=\"elementor-widget-container\">\n\t\t\t\t\t<h2 class=\"elementor-heading-title elementor-size-default\">Uygulamalar:<\/h2>\t\t\t\t<\/div>\n\t\t\t\t<\/div>\n\t\t\t\t<div class=\"elementor-element elementor-element-3488a42 elementor-align-start elementor-icon-list--layout-traditional elementor-list-item-link-full_width elementor-widget elementor-widget-icon-list\" data-id=\"3488a42\" data-element_type=\"widget\" data-e-type=\"widget\" data-widget_type=\"icon-list.default\">\n\t\t\t\t<div class=\"elementor-widget-container\">\n\t\t\t\t\t\t\t<ul class=\"elementor-icon-list-items\">\n\t\t\t\t\t\t\t<li class=\"elementor-icon-list-item\">\n\t\t\t\t\t\t\t\t\t\t\t<span class=\"elementor-icon-list-icon\">\n\t\t\t\t\t\t\t<i aria-hidden=\"true\" class=\"fas fa-circle\"><\/i>\t\t\t\t\t\t<\/span>\n\t\t\t\t\t\t\t\t\t\t<span class=\"elementor-icon-list-text\">Takviyeler<\/span>\n\t\t\t\t\t\t\t\t\t<\/li>\n\t\t\t\t\t\t\t\t<li class=\"elementor-icon-list-item\">\n\t\t\t\t\t\t\t\t\t\t\t<span class=\"elementor-icon-list-icon\">\n\t\t\t\t\t\t\t<i aria-hidden=\"true\" class=\"fas fa-circle\"><\/i>\t\t\t\t\t\t<\/span>\n\t\t\t\t\t\t\t\t\t\t<span class=\"elementor-icon-list-text\">Hayvan beslenmesi<\/span>\n\t\t\t\t\t\t\t\t\t<\/li>\n\t\t\t\t\t\t<\/ul>\n\t\t\t\t\t\t<\/div>\n\t\t\t\t<\/div>\n\t\t\t\t<div class=\"elementor-element elementor-element-6c47344 elementor-widget elementor-widget-heading\" data-id=\"6c47344\" data-element_type=\"widget\" data-e-type=\"widget\" data-widget_type=\"heading.default\">\n\t\t\t\t<div class=\"elementor-widget-container\">\n\t\t\t\t\t<h2 class=\"elementor-heading-title elementor-size-default\">Mevcut s\u0131n\u0131flar:<\/h2>\t\t\t\t<\/div>\n\t\t\t\t<\/div>\n\t\t\t\t<div class=\"elementor-element elementor-element-68c5944 elementor-align-start elementor-icon-list--layout-traditional elementor-list-item-link-full_width elementor-widget elementor-widget-icon-list\" data-id=\"68c5944\" data-element_type=\"widget\" data-e-type=\"widget\" data-widget_type=\"icon-list.default\">\n\t\t\t\t<div class=\"elementor-widget-container\">\n\t\t\t\t\t\t\t<ul class=\"elementor-icon-list-items\">\n\t\t\t\t\t\t\t<li class=\"elementor-icon-list-item\">\n\t\t\t\t\t\t\t\t\t\t\t<span class=\"elementor-icon-list-icon\">\n\t\t\t\t\t\t\t<i aria-hidden=\"true\" class=\"fas fa-circle\"><\/i>\t\t\t\t\t\t<\/span>\n\t\t\t\t\t\t\t\t\t\t<span class=\"elementor-icon-list-text\">Toz<\/span>\n\t\t\t\t\t\t\t\t\t<\/li>\n\t\t\t\t\t\t<\/ul>\n\t\t\t\t\t\t<\/div>\n\t\t\t\t<\/div>\n\t\t\t\t\t<\/div>\n\t\t<\/div>\n\t\t\t\t\t<\/div>\n\t\t<\/section>\n\t\t\t\t<\/div>\n\t\t","protected":false},"excerpt":{"rendered":"<p>Mannan oligosakkaritler (MOS), mannanlar\u0131n k\u0131smi hidrolizinden t\u00fcretilen ve onlar\u0131 sindirilemez hale getiren oligosakkaritleri ifade eder. Genel olarak, MOS iki tipe ayr\u0131labilir: \u03b1-mannoz oligosakkaritler ve \u03b2-mannoz oligosakkaritler. \u03b1-Mannoz oligosakkaritler maya h\u00fccre duvar\u0131 mannanlar\u0131nda bulunan \u03b1-(1-6) ba\u011flar\u0131n\u0131n par\u00e7alanmas\u0131yla elde edilirken, \u03b2-mannoz oligosakkaritler tipik olarak mannan bak\u0131m\u0131ndan zengin oligosakkaritlerden \u03b2-(1-4)-glikozidik ba\u011flar\u0131n par\u00e7alanmas\u0131yla elde edilir veya bitkilerden t\u00fcretilir. Birinci s\u0131n\u0131f bir prebiyotik olarak kabul edilen MOS, genellikle &#8220;ba\u011f\u0131rsaklar\u0131n yumu\u015fak alt\u0131n\u0131&#8221; olarak adland\u0131r\u0131l\u0131r.<\/p>\n","protected":false},"author":6,"featured_media":5004,"parent":0,"menu_order":0,"template":"","format":"standard","meta":{"_acf_changed":false},"product-categorieen":[82],"class_list":["post-5721","product","type-product","status-publish","format-standard","has-post-thumbnail","hentry","product-categorieen-on-biyotikler"],"acf":[],"yoast_head":"<!-- This site is optimized with the Yoast SEO plugin v27.3 - https:\/\/yoast.com\/product\/yoast-seo-wordpress\/ -->\n<title>Mannan Oligosakkaritler (MOS): Premium Prebiyotik G\u00fc\u00e7<\/title>\n<meta name=\"description\" content=\"Mannan Oligosakkaritler (MOS) hakk\u0131nda bilgi edinin: ba\u011f\u0131rsaklar\u0131n\u0131za yard\u0131mc\u0131 olan ve &quot;ba\u011f\u0131rsak yumu\u015fak alt\u0131n\u0131&quot; olarak bilinen \u00f6zel \u015fekerler.\" \/>\n<meta name=\"robots\" content=\"index, follow, max-snippet:-1, max-image-preview:large, max-video-preview:-1\" \/>\n<link rel=\"canonical\" href=\"https:\/\/vw-ingredients.com\/tr\/\u00fcr\u00fcn\/mannan-oligosakkaritler-mos\" \/>\n<meta property=\"og:locale\" content=\"tr_TR\" \/>\n<meta property=\"og:type\" content=\"article\" \/>\n<meta property=\"og:title\" content=\"Mannan Oligosakkaritler (MOS): Premium Prebiyotik G\u00fc\u00e7\" \/>\n<meta property=\"og:description\" content=\"Mannan Oligosakkaritler (MOS) hakk\u0131nda bilgi edinin: ba\u011f\u0131rsaklar\u0131n\u0131za yard\u0131mc\u0131 olan ve &quot;ba\u011f\u0131rsak yumu\u015fak alt\u0131n\u0131&quot; olarak bilinen \u00f6zel \u015fekerler.\" \/>\n<meta property=\"og:url\" content=\"https:\/\/vw-ingredients.com\/tr\/\u00fcr\u00fcn\/mannan-oligosakkaritler-mos\" \/>\n<meta property=\"og:site_name\" content=\"Van Wankum Ingredients\" \/>\n<meta property=\"article:modified_time\" content=\"2024-06-19T12:45:52+00:00\" \/>\n<meta property=\"og:image\" content=\"https:\/\/vw-ingredients.com\/wp-content\/uploads\/2024\/03\/MOS2-scaled.jpg\" \/>\n\t<meta property=\"og:image:width\" content=\"2560\" \/>\n\t<meta property=\"og:image:height\" content=\"1706\" \/>\n\t<meta property=\"og:image:type\" content=\"image\/jpeg\" \/>\n<meta name=\"twitter:card\" content=\"summary_large_image\" \/>\n<meta name=\"twitter:label1\" content=\"Tahmini okuma s\u00fcresi\" \/>\n\t<meta name=\"twitter:data1\" content=\"1 dakika\" \/>\n<script type=\"application\/ld+json\" class=\"yoast-schema-graph\">{\"@context\":\"https:\\\/\\\/schema.org\",\"@graph\":[{\"@type\":\"WebPage\",\"@id\":\"https:\\\/\\\/vw-ingredients.com\\\/tr\\\/\u00fcr\u00fcn\\\/mannan-oligosakkaritler-mos\",\"url\":\"https:\\\/\\\/vw-ingredients.com\\\/tr\\\/\u00fcr\u00fcn\\\/mannan-oligosakkaritler-mos\",\"name\":\"Mannan Oligosakkaritler (MOS): Premium Prebiyotik G\u00fc\u00e7\",\"isPartOf\":{\"@id\":\"https:\\\/\\\/vw-ingredients.com\\\/tr#website\"},\"primaryImageOfPage\":{\"@id\":\"https:\\\/\\\/vw-ingredients.com\\\/tr\\\/\u00fcr\u00fcn\\\/mannan-oligosakkaritler-mos#primaryimage\"},\"image\":{\"@id\":\"https:\\\/\\\/vw-ingredients.com\\\/tr\\\/\u00fcr\u00fcn\\\/mannan-oligosakkaritler-mos#primaryimage\"},\"thumbnailUrl\":\"https:\\\/\\\/vw-ingredients.com\\\/wp-content\\\/uploads\\\/2024\\\/03\\\/MOS2-scaled.jpg\",\"datePublished\":\"2024-03-27T16:55:20+00:00\",\"dateModified\":\"2024-06-19T12:45:52+00:00\",\"description\":\"Mannan Oligosakkaritler (MOS) hakk\u0131nda bilgi edinin: ba\u011f\u0131rsaklar\u0131n\u0131za yard\u0131mc\u0131 olan ve \\\"ba\u011f\u0131rsak yumu\u015fak alt\u0131n\u0131\\\" olarak bilinen \u00f6zel \u015fekerler.\",\"breadcrumb\":{\"@id\":\"https:\\\/\\\/vw-ingredients.com\\\/tr\\\/\u00fcr\u00fcn\\\/mannan-oligosakkaritler-mos#breadcrumb\"},\"inLanguage\":\"tr\",\"potentialAction\":[{\"@type\":\"ReadAction\",\"target\":[\"https:\\\/\\\/vw-ingredients.com\\\/tr\\\/\u00fcr\u00fcn\\\/mannan-oligosakkaritler-mos\"]}]},{\"@type\":\"ImageObject\",\"inLanguage\":\"tr\",\"@id\":\"https:\\\/\\\/vw-ingredients.com\\\/tr\\\/\u00fcr\u00fcn\\\/mannan-oligosakkaritler-mos#primaryimage\",\"url\":\"https:\\\/\\\/vw-ingredients.com\\\/wp-content\\\/uploads\\\/2024\\\/03\\\/MOS2-scaled.jpg\",\"contentUrl\":\"https:\\\/\\\/vw-ingredients.com\\\/wp-content\\\/uploads\\\/2024\\\/03\\\/MOS2-scaled.jpg\",\"width\":2560,\"height\":1706,\"caption\":\"Vitamins,Supplements,In,Bottle,On,Wooden,Table.\"},{\"@type\":\"BreadcrumbList\",\"@id\":\"https:\\\/\\\/vw-ingredients.com\\\/tr\\\/\u00fcr\u00fcn\\\/mannan-oligosakkaritler-mos#breadcrumb\",\"itemListElement\":[{\"@type\":\"ListItem\",\"position\":1,\"name\":\"Home\",\"item\":\"https:\\\/\\\/vw-ingredients.com\\\/tr\"},{\"@type\":\"ListItem\",\"position\":2,\"name\":\"Products\",\"item\":\"https:\\\/\\\/vw-ingredients.com\\\/tr\\\/\u00fcr\u00fcn\"},{\"@type\":\"ListItem\",\"position\":3,\"name\":\"Mannan-oligosakkaritler (MOS)\"}]},{\"@type\":\"WebSite\",\"@id\":\"https:\\\/\\\/vw-ingredients.com\\\/tr#website\",\"url\":\"https:\\\/\\\/vw-ingredients.com\\\/tr\",\"name\":\"Van Wankum Ingredients\",\"description\":\"\",\"potentialAction\":[{\"@type\":\"SearchAction\",\"target\":{\"@type\":\"EntryPoint\",\"urlTemplate\":\"https:\\\/\\\/vw-ingredients.com\\\/tr?s={search_term_string}\"},\"query-input\":{\"@type\":\"PropertyValueSpecification\",\"valueRequired\":true,\"valueName\":\"search_term_string\"}}],\"inLanguage\":\"tr\"}]}<\/script>\n<!-- \/ Yoast SEO plugin. -->","yoast_head_json":{"title":"Mannan Oligosakkaritler (MOS): Premium Prebiyotik G\u00fc\u00e7","description":"Mannan Oligosakkaritler (MOS) hakk\u0131nda bilgi edinin: ba\u011f\u0131rsaklar\u0131n\u0131za yard\u0131mc\u0131 olan ve \"ba\u011f\u0131rsak yumu\u015fak alt\u0131n\u0131\" olarak bilinen \u00f6zel \u015fekerler.","robots":{"index":"index","follow":"follow","max-snippet":"max-snippet:-1","max-image-preview":"max-image-preview:large","max-video-preview":"max-video-preview:-1"},"canonical":"https:\/\/vw-ingredients.com\/tr\/\u00fcr\u00fcn\/mannan-oligosakkaritler-mos","og_locale":"tr_TR","og_type":"article","og_title":"Mannan Oligosakkaritler (MOS): Premium Prebiyotik G\u00fc\u00e7","og_description":"Mannan Oligosakkaritler (MOS) hakk\u0131nda bilgi edinin: ba\u011f\u0131rsaklar\u0131n\u0131za yard\u0131mc\u0131 olan ve \"ba\u011f\u0131rsak yumu\u015fak alt\u0131n\u0131\" olarak bilinen \u00f6zel \u015fekerler.","og_url":"https:\/\/vw-ingredients.com\/tr\/\u00fcr\u00fcn\/mannan-oligosakkaritler-mos","og_site_name":"Van Wankum Ingredients","article_modified_time":"2024-06-19T12:45:52+00:00","og_image":[{"width":2560,"height":1706,"url":"https:\/\/vw-ingredients.com\/wp-content\/uploads\/2024\/03\/MOS2-scaled.jpg","type":"image\/jpeg"}],"twitter_card":"summary_large_image","twitter_misc":{"Tahmini okuma s\u00fcresi":"1 dakika"},"schema":{"@context":"https:\/\/schema.org","@graph":[{"@type":"WebPage","@id":"https:\/\/vw-ingredients.com\/tr\/\u00fcr\u00fcn\/mannan-oligosakkaritler-mos","url":"https:\/\/vw-ingredients.com\/tr\/\u00fcr\u00fcn\/mannan-oligosakkaritler-mos","name":"Mannan Oligosakkaritler (MOS): Premium Prebiyotik G\u00fc\u00e7","isPartOf":{"@id":"https:\/\/vw-ingredients.com\/tr#website"},"primaryImageOfPage":{"@id":"https:\/\/vw-ingredients.com\/tr\/\u00fcr\u00fcn\/mannan-oligosakkaritler-mos#primaryimage"},"image":{"@id":"https:\/\/vw-ingredients.com\/tr\/\u00fcr\u00fcn\/mannan-oligosakkaritler-mos#primaryimage"},"thumbnailUrl":"https:\/\/vw-ingredients.com\/wp-content\/uploads\/2024\/03\/MOS2-scaled.jpg","datePublished":"2024-03-27T16:55:20+00:00","dateModified":"2024-06-19T12:45:52+00:00","description":"Mannan Oligosakkaritler (MOS) hakk\u0131nda bilgi edinin: ba\u011f\u0131rsaklar\u0131n\u0131za yard\u0131mc\u0131 olan ve \"ba\u011f\u0131rsak yumu\u015fak alt\u0131n\u0131\" olarak bilinen \u00f6zel \u015fekerler.","breadcrumb":{"@id":"https:\/\/vw-ingredients.com\/tr\/\u00fcr\u00fcn\/mannan-oligosakkaritler-mos#breadcrumb"},"inLanguage":"tr","potentialAction":[{"@type":"ReadAction","target":["https:\/\/vw-ingredients.com\/tr\/\u00fcr\u00fcn\/mannan-oligosakkaritler-mos"]}]},{"@type":"ImageObject","inLanguage":"tr","@id":"https:\/\/vw-ingredients.com\/tr\/\u00fcr\u00fcn\/mannan-oligosakkaritler-mos#primaryimage","url":"https:\/\/vw-ingredients.com\/wp-content\/uploads\/2024\/03\/MOS2-scaled.jpg","contentUrl":"https:\/\/vw-ingredients.com\/wp-content\/uploads\/2024\/03\/MOS2-scaled.jpg","width":2560,"height":1706,"caption":"Vitamins,Supplements,In,Bottle,On,Wooden,Table."},{"@type":"BreadcrumbList","@id":"https:\/\/vw-ingredients.com\/tr\/\u00fcr\u00fcn\/mannan-oligosakkaritler-mos#breadcrumb","itemListElement":[{"@type":"ListItem","position":1,"name":"Home","item":"https:\/\/vw-ingredients.com\/tr"},{"@type":"ListItem","position":2,"name":"Products","item":"https:\/\/vw-ingredients.com\/tr\/\u00fcr\u00fcn"},{"@type":"ListItem","position":3,"name":"Mannan-oligosakkaritler (MOS)"}]},{"@type":"WebSite","@id":"https:\/\/vw-ingredients.com\/tr#website","url":"https:\/\/vw-ingredients.com\/tr","name":"Van Wankum Ingredients","description":"","potentialAction":[{"@type":"SearchAction","target":{"@type":"EntryPoint","urlTemplate":"https:\/\/vw-ingredients.com\/tr?s={search_term_string}"},"query-input":{"@type":"PropertyValueSpecification","valueRequired":true,"valueName":"search_term_string"}}],"inLanguage":"tr"}]}},"_links":{"self":[{"href":"https:\/\/vw-ingredients.com\/tr\/wp-json\/wp\/v2\/product\/5721","targetHints":{"allow":["GET"]}}],"collection":[{"href":"https:\/\/vw-ingredients.com\/tr\/wp-json\/wp\/v2\/product"}],"about":[{"href":"https:\/\/vw-ingredients.com\/tr\/wp-json\/wp\/v2\/types\/product"}],"author":[{"embeddable":true,"href":"https:\/\/vw-ingredients.com\/tr\/wp-json\/wp\/v2\/users\/6"}],"version-history":[{"count":1,"href":"https:\/\/vw-ingredients.com\/tr\/wp-json\/wp\/v2\/product\/5721\/revisions"}],"predecessor-version":[{"id":5722,"href":"https:\/\/vw-ingredients.com\/tr\/wp-json\/wp\/v2\/product\/5721\/revisions\/5722"}],"wp:featuredmedia":[{"embeddable":true,"href":"https:\/\/vw-ingredients.com\/tr\/wp-json\/wp\/v2\/media\/5004"}],"wp:attachment":[{"href":"https:\/\/vw-ingredients.com\/tr\/wp-json\/wp\/v2\/media?parent=5721"}],"wp:term":[{"taxonomy":"product-categorieen","embeddable":true,"href":"https:\/\/vw-ingredients.com\/tr\/wp-json\/wp\/v2\/product-categorieen?post=5721"}],"curies":[{"name":"wp","href":"https:\/\/api.w.org\/{rel}","templated":true}]}}