{"id":14146,"date":"2026-05-13T11:32:20","date_gmt":"2026-05-13T11:32:20","guid":{"rendered":"https:\/\/vw-ingredients.com\/products\/tapioka-lifi"},"modified":"2026-05-13T12:12:52","modified_gmt":"2026-05-13T12:12:52","slug":"tapioka-lifi","status":"publish","type":"product","link":"https:\/\/vw-ingredients.com\/tr\/\u00fcr\u00fcn\/tapioka-lifi","title":{"rendered":"Tapioka lifi"},"content":{"rendered":"\t\t<div data-elementor-type=\"wp-post\" data-elementor-id=\"14146\" class=\"elementor elementor-14146 elementor-14124\" data-elementor-post-type=\"product\">\n\t\t\t\t<div class=\"elementor-element elementor-element-734d39c8 e-flex e-con-boxed e-con e-parent\" data-id=\"734d39c8\" data-element_type=\"container\" data-e-type=\"container\" data-settings=\"{&quot;jet_parallax_layout_list&quot;:[]}\">\n\t\t\t\t\t<div class=\"e-con-inner\">\n\t\t\t\t<div class=\"elementor-element elementor-element-63fd7aee elementor-widget elementor-widget-text-editor\" data-id=\"63fd7aee\" data-element_type=\"widget\" data-e-type=\"widget\" data-widget_type=\"text-editor.default\">\n\t\t\t\t<div class=\"elementor-widget-container\">\n\t\t\t\t\t\t\t\t\t<p>Tapioka lifi, manyok k\u00f6k\u00fcnden (tapioka) elde edilen \u00e7\u00f6z\u00fcnebilir bir diyet lifidir. G\u0131da ve i\u00e7ecek \u00fcreticilerinin, t\u00fcketicilerin bekledi\u011fi duyusal nitelikleri korurken lif i\u00e7eri\u011fini art\u0131rmalar\u0131na olanak tan\u0131r. N\u00f6tr profili ve geni\u015f form\u00fclasyon uyumlulu\u011fu sayesinde tapioka lifi, \u00e7ok \u00e7e\u015fitli uygulamalarda temiz etiketli, bitki bazl\u0131 ve lif a\u00e7\u0131s\u0131ndan zengin \u00fcr\u00fcnleri destekler.  <\/p>\t\t\t\t\t\t\t\t<\/div>\n\t\t\t\t<\/div>\n\t\t\t\t<div class=\"elementor-element elementor-element-c64ca31 elementor-widget elementor-widget-heading\" data-id=\"c64ca31\" data-element_type=\"widget\" data-e-type=\"widget\" data-widget_type=\"heading.default\">\n\t\t\t\t<div class=\"elementor-widget-container\">\n\t\t\t\t\t<h2 class=\"elementor-heading-title elementor-size-default\">Manyok k\u00f6k\u00fcnden tapyoka lifine\n<\/h2>\t\t\t\t<\/div>\n\t\t\t\t<\/div>\n\t\t\t\t<div class=\"elementor-element elementor-element-b70c6b0 elementor-widget elementor-widget-text-editor\" data-id=\"b70c6b0\" data-element_type=\"widget\" data-e-type=\"widget\" data-widget_type=\"text-editor.default\">\n\t\t\t\t<div class=\"elementor-widget-container\">\n\t\t\t\t\t\t\t\t\t<p>Manyok lifi, yayg\u0131n olarak kullan\u0131lan bir g\u0131da \u00fcr\u00fcn\u00fc olan manyoktan elde edilir. Bu bile\u015fen \u015fu isimlerle de an\u0131labilir: <\/p>\n<ul>\n<li>Tapioka lifi veya <\/li>\n<li><strong>Manyok k\u00f6k\u00fc lifi <\/strong><\/li>\n<\/ul>\t\t\t\t\t\t\t\t<\/div>\n\t\t\t\t<\/div>\n\t\t\t\t<div class=\"elementor-element elementor-element-c2b7536 elementor-widget elementor-widget-heading\" data-id=\"c2b7536\" data-element_type=\"widget\" data-e-type=\"widget\" data-widget_type=\"heading.default\">\n\t\t\t\t<div class=\"elementor-widget-container\">\n\t\t\t\t\t<h2 class=\"elementor-heading-title elementor-size-default\">Temiz etiket ve mevzuata uygunluk<\/h2>\t\t\t\t<\/div>\n\t\t\t\t<\/div>\n\t\t\t\t<div class=\"elementor-element elementor-element-d8759cb elementor-widget elementor-widget-text-editor\" data-id=\"d8759cb\" data-element_type=\"widget\" data-e-type=\"widget\" data-widget_type=\"text-editor.default\">\n\t\t\t\t<div class=\"elementor-widget-container\">\n\t\t\t\t\t\t\t\t\t<p>AB&#8217;de tapyoka lifi, g\u0131da katk\u0131 maddesi de\u011fil, g\u0131da bile\u015feni olarak d\u00fczenlenmekte ve 1169\/2011 say\u0131l\u0131 (AB) Y\u00f6netmeli\u011fi uyar\u0131nca diyet lifi olarak kabul edilmektedir. A\u015fa\u011f\u0131dakiler gibi lifle ilgili beslenme iddialar\u0131n\u0131 destekleyebilir:  <\/p>\n<ul>\n<li>Lif kayna\u011f\u0131 *<\/li>\n<li>Y\u00fcksek lifli<br>uygulanabilir d\u00fczenleyici ko\u015fullar kar\u015f\u0131land\u0131\u011f\u0131nda.<\/li>\n<\/ul>\t\t\t\t\t\t\t\t<\/div>\n\t\t\t\t<\/div>\n\t\t\t\t<div class=\"elementor-element elementor-element-e7362d7 elementor-widget elementor-widget-heading\" data-id=\"e7362d7\" data-element_type=\"widget\" data-e-type=\"widget\" data-widget_type=\"heading.default\">\n\t\t\t\t<div class=\"elementor-widget-container\">\n\t\t\t\t\t<h2 class=\"elementor-heading-title elementor-size-default\">Uygulamalar genelinde esnek\n<\/h2>\t\t\t\t<\/div>\n\t\t\t\t<\/div>\n\t\t\t\t<div class=\"elementor-element elementor-element-e2957d2 elementor-widget elementor-widget-text-editor\" data-id=\"e2957d2\" data-element_type=\"widget\" data-e-type=\"widget\" data-widget_type=\"text-editor.default\">\n\t\t\t\t<div class=\"elementor-widget-container\">\n\t\t\t\t\t\t\t\t\t<p>Manyok lifi, a\u015fa\u011f\u0131dakiler de dahil olmak \u00fczere \u00e7ok \u00e7e\u015fitli g\u0131da ve i\u00e7ecek uygulamalar\u0131 i\u00e7in uygundur:<\/p>\n<ul>\n<li>\u0130\u00e7ecekler<\/li>\n<li>S\u00fct \u00fcr\u00fcnleri ve s\u00fct alternatifleri<\/li>\n<li>F\u0131r\u0131n ve at\u0131\u015ft\u0131rmal\u0131klar<\/li>\n<li>Besin barlar\u0131 ve tozlar\u0131<\/li>\n<li>Soslar, \u00e7orbalar ve salata soslar\u0131<\/li>\n<li>Bitkisel bazl\u0131 ve \u015feker oran\u0131 azalt\u0131lm\u0131\u015f \u00fcr\u00fcnler<\/li>\n<\/ul>\t\t\t\t\t\t\t\t<\/div>\n\t\t\t\t<\/div>\n\t\t\t\t<div class=\"elementor-element elementor-element-ef8268c elementor-widget elementor-widget-heading\" data-id=\"ef8268c\" data-element_type=\"widget\" data-e-type=\"widget\" data-widget_type=\"heading.default\">\n\t\t\t\t<div class=\"elementor-widget-container\">\n\t\t\t\t\t<h2 class=\"elementor-heading-title elementor-size-default\">Bitkisel bazl\u0131 ve \u015feker oran\u0131 azalt\u0131lm\u0131\u015f \u00fcr\u00fcnler<\/h2>\t\t\t\t<\/div>\n\t\t\t\t<\/div>\n\t\t\t\t<div class=\"elementor-element elementor-element-ef71e6b elementor-widget elementor-widget-text-editor\" data-id=\"ef71e6b\" data-element_type=\"widget\" data-e-type=\"widget\" data-widget_type=\"text-editor.default\">\n\t\t\t\t<div class=\"elementor-widget-container\">\n\t\t\t\t\t\t\t\t\t<ul>\n<li>Toplam diyet lifi i\u00e7eri\u011fini art\u0131rmaya yard\u0131mc\u0131 olur.<\/li>\n<li>\u015eeker ve kalori azaltma stratejilerini destekler.<\/li>\n<li>Hafif hacim kazand\u0131r\u0131c\u0131 i\u015flev sa\u011flar.<\/li>\n<li>Farkl\u0131 form\u00fclasyonlarda ve i\u015fleme ko\u015fullar\u0131nda iyi sonu\u00e7 verir.<\/li>\n<\/ul>\t\t\t\t\t\t\t\t<\/div>\n\t\t\t\t<\/div>\n\t\t\t\t<div class=\"elementor-element elementor-element-f84fd4c elementor-widget elementor-widget-heading\" data-id=\"f84fd4c\" data-element_type=\"widget\" data-e-type=\"widget\" data-widget_type=\"heading.default\">\n\t\t\t\t<div class=\"elementor-widget-container\">\n\t\t\t\t\t<h2 class=\"elementor-heading-title elementor-size-default\">Ak\u0131ll\u0131 fiber se\u00e7imi<\/h2>\t\t\t\t<\/div>\n\t\t\t\t<\/div>\n\t\t\t\t<div class=\"elementor-element elementor-element-8a139ab elementor-widget elementor-widget-text-editor\" data-id=\"8a139ab\" data-element_type=\"widget\" data-e-type=\"widget\" data-widget_type=\"text-editor.default\">\n\t\t\t\t<div class=\"elementor-widget-container\">\n\t\t\t\t\t\t\t\t\t<p>Tapioka lifi, temiz etiketli olma \u00f6zelli\u011fi, form\u00fclasyon esnekli\u011fi ve t\u00fcketici dostu konumland\u0131rmay\u0131 bir araya getiriyor. N\u00f6tr duyusal profili ve bitki bazl\u0131 k\u00f6keni, g\u00fcn\u00fcm\u00fcz\u00fcn lif a\u00e7\u0131s\u0131ndan zenginle\u015ftirilmi\u015f g\u0131da ve i\u00e7ecek yenilikleri i\u00e7in g\u00fcvenilir bir \u00e7\u00f6z\u00fcm olmas\u0131n\u0131 sa\u011fl\u0131yor. <\/p>\t\t\t\t\t\t\t\t<\/div>\n\t\t\t\t<\/div>\n\t\t\t\t\t<\/div>\n\t\t\t\t<\/div>\n\t\t\t\t<\/div>\n\t\t","protected":false},"excerpt":{"rendered":"<p>Manyok lifi, manyok k\u00f6k\u00fcnden elde edilen bitki bazl\u0131 bir diyet lifidir. AB&#8217;de, 1169\/2011 say\u0131l\u0131 (AB) Y\u00f6netmeli\u011fi uyar\u0131nca g\u0131da bile\u015feni ve diyet lifi olarak kabul edilmekte olup, gereklilikler kar\u015f\u0131land\u0131\u011f\u0131nda &#8220;lif kayna\u011f\u0131&#8221; veya &#8220;y\u00fcksek lifli&#8221; gibi iddialar\u0131n kullan\u0131lmas\u0131na olanak sa\u011flamaktad\u0131r. <\/p>\n<p>Son derece \u00e7ok y\u00f6nl\u00fcd\u00fcr ve i\u00e7eceklerde, s\u00fct ve bitki bazl\u0131 \u00fcr\u00fcnlerde, unlu mamullerde, at\u0131\u015ft\u0131rmal\u0131klarda, barlarda, soslarda ve \u015feker oran\u0131 azalt\u0131lm\u0131\u015f form\u00fclasyonlarda kullan\u0131labilir.<\/p>\n<p>\u0130\u015flevsel olarak, lif i\u00e7eri\u011fini art\u0131rmaya, \u015feker ve kalori azalt\u0131m\u0131na yard\u0131mc\u0131 olur ve n\u00f6tr bir tad\u0131 ve temiz etiket g\u00f6r\u00fcn\u00fcm\u00fcn\u00fc korurken hafif bir hacim art\u0131\u015f\u0131 sa\u011flar.<\/p>\n","protected":false},"author":14,"featured_media":14129,"parent":0,"menu_order":0,"template":"","format":"standard","meta":{"_acf_changed":false},"product-categorieen":[84],"class_list":["post-14146","product","type-product","status-publish","format-standard","has-post-thumbnail","hentry","product-categorieen-diyet-lifleri"],"acf":[],"yoast_head":"<!-- This site is optimized with the Yoast SEO plugin v27.5 - https:\/\/yoast.com\/product\/yoast-seo-wordpress\/ -->\n<title>Tapioka lifi - Van Wankum Ingredients<\/title>\n<meta name=\"robots\" content=\"index, follow, max-snippet:-1, max-image-preview:large, max-video-preview:-1\" \/>\n<link rel=\"canonical\" href=\"https:\/\/vw-ingredients.com\/tr\/\u00fcr\u00fcn\/tapioka-lifi\" \/>\n<meta property=\"og:locale\" content=\"tr_TR\" \/>\n<meta property=\"og:type\" content=\"article\" \/>\n<meta property=\"og:title\" content=\"Tapioka lifi - Van Wankum Ingredients\" \/>\n<meta property=\"og:description\" content=\"Manyok lifi, manyok k\u00f6k\u00fcnden elde edilen bitki bazl\u0131 bir diyet lifidir. AB&#039;de, 1169\/2011 say\u0131l\u0131 (AB) Y\u00f6netmeli\u011fi uyar\u0131nca g\u0131da bile\u015feni ve diyet lifi olarak kabul edilmekte olup, gereklilikler kar\u015f\u0131land\u0131\u011f\u0131nda &quot;lif kayna\u011f\u0131&quot; veya &quot;y\u00fcksek lifli&quot; gibi iddialar\u0131n kullan\u0131lmas\u0131na olanak sa\u011flamaktad\u0131r.  Son derece \u00e7ok y\u00f6nl\u00fcd\u00fcr ve i\u00e7eceklerde, s\u00fct ve bitki bazl\u0131 \u00fcr\u00fcnlerde, unlu mamullerde, at\u0131\u015ft\u0131rmal\u0131klarda, barlarda, soslarda ve \u015feker oran\u0131 azalt\u0131lm\u0131\u015f form\u00fclasyonlarda kullan\u0131labilir. \u0130\u015flevsel olarak, lif i\u00e7eri\u011fini art\u0131rmaya, \u015feker ve kalori azalt\u0131m\u0131na yard\u0131mc\u0131 olur ve n\u00f6tr bir tad\u0131 ve temiz etiket g\u00f6r\u00fcn\u00fcm\u00fcn\u00fc korurken hafif bir hacim art\u0131\u015f\u0131 sa\u011flar.\" \/>\n<meta property=\"og:url\" content=\"https:\/\/vw-ingredients.com\/tr\/\u00fcr\u00fcn\/tapioka-lifi\" \/>\n<meta property=\"og:site_name\" content=\"Van Wankum Ingredients\" \/>\n<meta property=\"article:modified_time\" content=\"2026-05-13T12:12:52+00:00\" \/>\n<meta property=\"og:image\" content=\"https:\/\/vw-ingredients.com\/wp-content\/uploads\/2026\/05\/Tapioca-Fiber-vw-ingredients.jpg\" \/>\n\t<meta property=\"og:image:width\" content=\"1500\" \/>\n\t<meta property=\"og:image:height\" content=\"1000\" \/>\n\t<meta property=\"og:image:type\" content=\"image\/jpeg\" \/>\n<meta name=\"twitter:card\" content=\"summary_large_image\" \/>\n<meta name=\"twitter:label1\" content=\"Tahmini okuma s\u00fcresi\" \/>\n\t<meta name=\"twitter:data1\" content=\"2 dakika\" \/>\n<script type=\"application\/ld+json\" class=\"yoast-schema-graph\">{\"@context\":\"https:\\\/\\\/schema.org\",\"@graph\":[{\"@type\":\"WebPage\",\"@id\":\"https:\\\/\\\/vw-ingredients.com\\\/tr\\\/\u00fcr\u00fcn\\\/tapioka-lifi\",\"url\":\"https:\\\/\\\/vw-ingredients.com\\\/tr\\\/\u00fcr\u00fcn\\\/tapioka-lifi\",\"name\":\"Tapioka lifi - Van Wankum Ingredients\",\"isPartOf\":{\"@id\":\"https:\\\/\\\/vw-ingredients.com\\\/tr#website\"},\"primaryImageOfPage\":{\"@id\":\"https:\\\/\\\/vw-ingredients.com\\\/tr\\\/\u00fcr\u00fcn\\\/tapioka-lifi#primaryimage\"},\"image\":{\"@id\":\"https:\\\/\\\/vw-ingredients.com\\\/tr\\\/\u00fcr\u00fcn\\\/tapioka-lifi#primaryimage\"},\"thumbnailUrl\":\"https:\\\/\\\/vw-ingredients.com\\\/wp-content\\\/uploads\\\/2026\\\/05\\\/Tapioca-Fiber-vw-ingredients.jpg\",\"datePublished\":\"2026-05-13T11:32:20+00:00\",\"dateModified\":\"2026-05-13T12:12:52+00:00\",\"breadcrumb\":{\"@id\":\"https:\\\/\\\/vw-ingredients.com\\\/tr\\\/\u00fcr\u00fcn\\\/tapioka-lifi#breadcrumb\"},\"inLanguage\":\"tr\",\"potentialAction\":[{\"@type\":\"ReadAction\",\"target\":[\"https:\\\/\\\/vw-ingredients.com\\\/tr\\\/\u00fcr\u00fcn\\\/tapioka-lifi\"]}]},{\"@type\":\"ImageObject\",\"inLanguage\":\"tr\",\"@id\":\"https:\\\/\\\/vw-ingredients.com\\\/tr\\\/\u00fcr\u00fcn\\\/tapioka-lifi#primaryimage\",\"url\":\"https:\\\/\\\/vw-ingredients.com\\\/wp-content\\\/uploads\\\/2026\\\/05\\\/Tapioca-Fiber-vw-ingredients.jpg\",\"contentUrl\":\"https:\\\/\\\/vw-ingredients.com\\\/wp-content\\\/uploads\\\/2026\\\/05\\\/Tapioca-Fiber-vw-ingredients.jpg\",\"width\":1500,\"height\":1000,\"caption\":\"Tapioca Fiber\"},{\"@type\":\"BreadcrumbList\",\"@id\":\"https:\\\/\\\/vw-ingredients.com\\\/tr\\\/\u00fcr\u00fcn\\\/tapioka-lifi#breadcrumb\",\"itemListElement\":[{\"@type\":\"ListItem\",\"position\":1,\"name\":\"Home\",\"item\":\"https:\\\/\\\/vw-ingredients.com\\\/tr\"},{\"@type\":\"ListItem\",\"position\":2,\"name\":\"Products\",\"item\":\"https:\\\/\\\/vw-ingredients.com\\\/tr\\\/\u00fcr\u00fcn\"},{\"@type\":\"ListItem\",\"position\":3,\"name\":\"Tapioka lifi\"}]},{\"@type\":\"WebSite\",\"@id\":\"https:\\\/\\\/vw-ingredients.com\\\/tr#website\",\"url\":\"https:\\\/\\\/vw-ingredients.com\\\/tr\",\"name\":\"Van Wankum Ingredients\",\"description\":\"\",\"potentialAction\":[{\"@type\":\"SearchAction\",\"target\":{\"@type\":\"EntryPoint\",\"urlTemplate\":\"https:\\\/\\\/vw-ingredients.com\\\/tr?s={search_term_string}\"},\"query-input\":{\"@type\":\"PropertyValueSpecification\",\"valueRequired\":true,\"valueName\":\"search_term_string\"}}],\"inLanguage\":\"tr\"}]}<\/script>\n<!-- \/ Yoast SEO plugin. -->","yoast_head_json":{"title":"Tapioka lifi - Van Wankum Ingredients","robots":{"index":"index","follow":"follow","max-snippet":"max-snippet:-1","max-image-preview":"max-image-preview:large","max-video-preview":"max-video-preview:-1"},"canonical":"https:\/\/vw-ingredients.com\/tr\/\u00fcr\u00fcn\/tapioka-lifi","og_locale":"tr_TR","og_type":"article","og_title":"Tapioka lifi - Van Wankum Ingredients","og_description":"Manyok lifi, manyok k\u00f6k\u00fcnden elde edilen bitki bazl\u0131 bir diyet lifidir. AB'de, 1169\/2011 say\u0131l\u0131 (AB) Y\u00f6netmeli\u011fi uyar\u0131nca g\u0131da bile\u015feni ve diyet lifi olarak kabul edilmekte olup, gereklilikler kar\u015f\u0131land\u0131\u011f\u0131nda \"lif kayna\u011f\u0131\" veya \"y\u00fcksek lifli\" gibi iddialar\u0131n kullan\u0131lmas\u0131na olanak sa\u011flamaktad\u0131r.  Son derece \u00e7ok y\u00f6nl\u00fcd\u00fcr ve i\u00e7eceklerde, s\u00fct ve bitki bazl\u0131 \u00fcr\u00fcnlerde, unlu mamullerde, at\u0131\u015ft\u0131rmal\u0131klarda, barlarda, soslarda ve \u015feker oran\u0131 azalt\u0131lm\u0131\u015f form\u00fclasyonlarda kullan\u0131labilir. \u0130\u015flevsel olarak, lif i\u00e7eri\u011fini art\u0131rmaya, \u015feker ve kalori azalt\u0131m\u0131na yard\u0131mc\u0131 olur ve n\u00f6tr bir tad\u0131 ve temiz etiket g\u00f6r\u00fcn\u00fcm\u00fcn\u00fc korurken hafif bir hacim art\u0131\u015f\u0131 sa\u011flar.","og_url":"https:\/\/vw-ingredients.com\/tr\/\u00fcr\u00fcn\/tapioka-lifi","og_site_name":"Van Wankum Ingredients","article_modified_time":"2026-05-13T12:12:52+00:00","og_image":[{"width":1500,"height":1000,"url":"https:\/\/vw-ingredients.com\/wp-content\/uploads\/2026\/05\/Tapioca-Fiber-vw-ingredients.jpg","type":"image\/jpeg"}],"twitter_card":"summary_large_image","twitter_misc":{"Tahmini okuma s\u00fcresi":"2 dakika"},"schema":{"@context":"https:\/\/schema.org","@graph":[{"@type":"WebPage","@id":"https:\/\/vw-ingredients.com\/tr\/\u00fcr\u00fcn\/tapioka-lifi","url":"https:\/\/vw-ingredients.com\/tr\/\u00fcr\u00fcn\/tapioka-lifi","name":"Tapioka lifi - Van Wankum Ingredients","isPartOf":{"@id":"https:\/\/vw-ingredients.com\/tr#website"},"primaryImageOfPage":{"@id":"https:\/\/vw-ingredients.com\/tr\/\u00fcr\u00fcn\/tapioka-lifi#primaryimage"},"image":{"@id":"https:\/\/vw-ingredients.com\/tr\/\u00fcr\u00fcn\/tapioka-lifi#primaryimage"},"thumbnailUrl":"https:\/\/vw-ingredients.com\/wp-content\/uploads\/2026\/05\/Tapioca-Fiber-vw-ingredients.jpg","datePublished":"2026-05-13T11:32:20+00:00","dateModified":"2026-05-13T12:12:52+00:00","breadcrumb":{"@id":"https:\/\/vw-ingredients.com\/tr\/\u00fcr\u00fcn\/tapioka-lifi#breadcrumb"},"inLanguage":"tr","potentialAction":[{"@type":"ReadAction","target":["https:\/\/vw-ingredients.com\/tr\/\u00fcr\u00fcn\/tapioka-lifi"]}]},{"@type":"ImageObject","inLanguage":"tr","@id":"https:\/\/vw-ingredients.com\/tr\/\u00fcr\u00fcn\/tapioka-lifi#primaryimage","url":"https:\/\/vw-ingredients.com\/wp-content\/uploads\/2026\/05\/Tapioca-Fiber-vw-ingredients.jpg","contentUrl":"https:\/\/vw-ingredients.com\/wp-content\/uploads\/2026\/05\/Tapioca-Fiber-vw-ingredients.jpg","width":1500,"height":1000,"caption":"Tapioca Fiber"},{"@type":"BreadcrumbList","@id":"https:\/\/vw-ingredients.com\/tr\/\u00fcr\u00fcn\/tapioka-lifi#breadcrumb","itemListElement":[{"@type":"ListItem","position":1,"name":"Home","item":"https:\/\/vw-ingredients.com\/tr"},{"@type":"ListItem","position":2,"name":"Products","item":"https:\/\/vw-ingredients.com\/tr\/\u00fcr\u00fcn"},{"@type":"ListItem","position":3,"name":"Tapioka lifi"}]},{"@type":"WebSite","@id":"https:\/\/vw-ingredients.com\/tr#website","url":"https:\/\/vw-ingredients.com\/tr","name":"Van Wankum Ingredients","description":"","potentialAction":[{"@type":"SearchAction","target":{"@type":"EntryPoint","urlTemplate":"https:\/\/vw-ingredients.com\/tr?s={search_term_string}"},"query-input":{"@type":"PropertyValueSpecification","valueRequired":true,"valueName":"search_term_string"}}],"inLanguage":"tr"}]}},"_links":{"self":[{"href":"https:\/\/vw-ingredients.com\/tr\/wp-json\/wp\/v2\/product\/14146","targetHints":{"allow":["GET"]}}],"collection":[{"href":"https:\/\/vw-ingredients.com\/tr\/wp-json\/wp\/v2\/product"}],"about":[{"href":"https:\/\/vw-ingredients.com\/tr\/wp-json\/wp\/v2\/types\/product"}],"author":[{"embeddable":true,"href":"https:\/\/vw-ingredients.com\/tr\/wp-json\/wp\/v2\/users\/14"}],"version-history":[{"count":1,"href":"https:\/\/vw-ingredients.com\/tr\/wp-json\/wp\/v2\/product\/14146\/revisions"}],"predecessor-version":[{"id":14147,"href":"https:\/\/vw-ingredients.com\/tr\/wp-json\/wp\/v2\/product\/14146\/revisions\/14147"}],"wp:featuredmedia":[{"embeddable":true,"href":"https:\/\/vw-ingredients.com\/tr\/wp-json\/wp\/v2\/media\/14129"}],"wp:attachment":[{"href":"https:\/\/vw-ingredients.com\/tr\/wp-json\/wp\/v2\/media?parent=14146"}],"wp:term":[{"taxonomy":"product-categorieen","embeddable":true,"href":"https:\/\/vw-ingredients.com\/tr\/wp-json\/wp\/v2\/product-categorieen?post=14146"}],"curies":[{"name":"wp","href":"https:\/\/api.w.org\/{rel}","templated":true}]}}