{"id":7079,"date":"2024-06-24T13:13:50","date_gmt":"2024-06-24T13:13:50","guid":{"rendered":"https:\/\/vw-ingredients.com\/rezervasyon-onayi-3"},"modified":"2025-01-28T13:20:01","modified_gmt":"2025-01-28T13:20:01","slug":"rezervasyon-onayi-3","status":"publish","type":"page","link":"https:\/\/vw-ingredients.com\/tr\/rezervasyon-onayi-3","title":{"rendered":"Rezervasyon onay\u0131"},"content":{"rendered":"\t\t<div data-elementor-type=\"wp-page\" data-elementor-id=\"7079\" class=\"elementor elementor-7079 elementor-6146\" data-elementor-post-type=\"page\">\n\t\t\t\t<div class=\"elementor-element elementor-element-49f1749 e-flex e-con-boxed e-con e-parent\" data-id=\"49f1749\" data-element_type=\"container\" data-e-type=\"container\" data-settings=\"{&quot;jet_parallax_layout_list&quot;:[]}\">\n\t\t\t\t\t<div class=\"e-con-inner\">\n\t\t<div class=\"elementor-element elementor-element-13505fd e-flex e-con-boxed e-con e-child\" data-id=\"13505fd\" data-element_type=\"container\" data-e-type=\"container\" data-settings=\"{&quot;jet_parallax_layout_list&quot;:[]}\">\n\t\t\t\t\t<div class=\"e-con-inner\">\n\t\t<div class=\"elementor-element elementor-element-dc794d2 e-flex e-con-boxed e-con e-child\" data-id=\"dc794d2\" data-element_type=\"container\" data-e-type=\"container\" data-settings=\"{&quot;jet_parallax_layout_list&quot;:[]}\">\n\t\t\t\t\t<div class=\"e-con-inner\">\n\t\t\t\t<div class=\"elementor-element elementor-element-47686b1 elementor-widget__width-initial elementor-widget-divider--view-line elementor-widget elementor-widget-divider\" data-id=\"47686b1\" data-element_type=\"widget\" data-e-type=\"widget\" data-widget_type=\"divider.default\">\n\t\t\t\t<div class=\"elementor-widget-container\">\n\t\t\t\t\t\t\t<div class=\"elementor-divider\">\n\t\t\t<span class=\"elementor-divider-separator\">\n\t\t\t\t\t\t<\/span>\n\t\t<\/div>\n\t\t\t\t\t\t<\/div>\n\t\t\t\t<\/div>\n\t\t\t\t<div class=\"elementor-element elementor-element-52dd4f9 elementor-widget elementor-widget-heading\" data-id=\"52dd4f9\" data-element_type=\"widget\" data-e-type=\"widget\" data-widget_type=\"heading.default\">\n\t\t\t\t<div class=\"elementor-widget-container\">\n\t\t\t\t\t<h6 class=\"elementor-heading-title elementor-size-default\">Etkinlik<\/h6>\t\t\t\t<\/div>\n\t\t\t\t<\/div>\n\t\t\t\t\t<\/div>\n\t\t\t\t<\/div>\n\t\t\t\t<div class=\"elementor-element elementor-element-53f4ae8 elementor-widget elementor-widget-heading\" data-id=\"53f4ae8\" data-element_type=\"widget\" data-e-type=\"widget\" data-widget_type=\"heading.default\">\n\t\t\t\t<div class=\"elementor-widget-container\">\n\t\t\t\t\t<h2 class=\"elementor-heading-title elementor-size-default\">Rezervasyon onay\u0131<\/h2>\t\t\t\t<\/div>\n\t\t\t\t<\/div>\n\t\t\t\t<div class=\"elementor-element elementor-element-bba4777 elementor-widget elementor-widget-text-editor\" data-id=\"bba4777\" data-element_type=\"widget\" data-e-type=\"widget\" data-widget_type=\"text-editor.default\">\n\t\t\t\t<div class=\"elementor-widget-container\">\n\t\t\t\t\t\t\t\t\t<p style=\"font-weight: 400;\">Toplant\u0131 rezervasyonu i\u00e7in te\u015fekk\u00fcr ederim. Olas\u0131 i\u015fbirli\u011fimizi ayr\u0131nt\u0131l\u0131 olarak g\u00f6r\u00fc\u015fmek i\u00e7in sab\u0131rs\u0131zlan\u0131yorum. <\/p>\n<p style=\"font-weight: 400;\">Bunu d\u00fczenlemek i\u00e7in g\u00f6sterdi\u011finiz inisiyatif ve \u00e7abaya b\u00fcy\u00fck de\u011fer veriyorum. G\u00f6r\u00fc\u015fmemizin her ikimiz i\u00e7in de verimli ve faydal\u0131 olaca\u011f\u0131ndan eminim. <\/p>\n<p style=\"font-weight: 400;\">\u00d6nceden haz\u0131rlamam gereken herhangi bir \u00f6zel materyal veya bilgi varsa l\u00fctfen bana bildirin.<\/p>\n<p style=\"font-weight: 400;\">Sayg\u0131lar\u0131mla,<\/p>\n<p>Stefanie Kop<\/p>\n\t\t\t\t\t\t\t\t<\/div>\n\t\t\t\t<\/div>\n\t\t\t\t\t<\/div>\n\t\t\t\t<\/div>\n\t\t\t\t\t<\/div>\n\t\t\t\t<\/div>\n\t\t<div class=\"elementor-element elementor-element-c5e98bc e-con-full e-flex e-con e-parent\" data-id=\"c5e98bc\" data-element_type=\"container\" data-e-type=\"container\" data-settings=\"{&quot;jet_parallax_layout_list&quot;:[]}\">\n\t\t\t\t<\/div>\n\t\t\t\t<\/div>\n\t\t","protected":false},"excerpt":{"rendered":"<p>Etkinlik Rezervasyon onay\u0131 Toplant\u0131 rezervasyonu i\u00e7in te\u015fekk\u00fcr ederim. Olas\u0131 i\u015fbirli\u011fimizi ayr\u0131nt\u0131l\u0131 olarak g\u00f6r\u00fc\u015fmek i\u00e7in sab\u0131rs\u0131zlan\u0131yorum. Bunu d\u00fczenlemek i\u00e7in g\u00f6sterdi\u011finiz inisiyatif ve \u00e7abaya b\u00fcy\u00fck de\u011fer veriyorum. G\u00f6r\u00fc\u015fmemizin her ikimiz i\u00e7in de verimli ve faydal\u0131 olaca\u011f\u0131ndan eminim. \u00d6nceden haz\u0131rlamam gereken herhangi bir \u00f6zel materyal veya bilgi varsa l\u00fctfen bana bildirin. Sayg\u0131lar\u0131mla, Stefanie Kop<\/p>\n","protected":false},"author":2,"featured_media":0,"parent":0,"menu_order":0,"comment_status":"closed","ping_status":"closed","template":"","meta":{"_acf_changed":false,"footnotes":""},"class_list":["post-7079","page","type-page","status-publish","hentry"],"acf":[],"yoast_head":"<!-- This site is optimized with the Yoast SEO plugin v27.3 - https:\/\/yoast.com\/product\/yoast-seo-wordpress\/ -->\n<title>Rezervasyon onay\u0131 - Van Wankum Ingredients<\/title>\n<meta name=\"robots\" content=\"index, follow, max-snippet:-1, max-image-preview:large, max-video-preview:-1\" \/>\n<link rel=\"canonical\" href=\"https:\/\/vw-ingredients.com\/tr\/rezervasyon-onayi-3\" \/>\n<meta property=\"og:locale\" content=\"tr_TR\" \/>\n<meta property=\"og:type\" content=\"article\" \/>\n<meta property=\"og:title\" content=\"Rezervasyon onay\u0131 - Van Wankum Ingredients\" \/>\n<meta property=\"og:description\" content=\"Etkinlik Rezervasyon onay\u0131 Toplant\u0131 rezervasyonu i\u00e7in te\u015fekk\u00fcr ederim. Olas\u0131 i\u015fbirli\u011fimizi ayr\u0131nt\u0131l\u0131 olarak g\u00f6r\u00fc\u015fmek i\u00e7in sab\u0131rs\u0131zlan\u0131yorum. Bunu d\u00fczenlemek i\u00e7in g\u00f6sterdi\u011finiz inisiyatif ve \u00e7abaya b\u00fcy\u00fck de\u011fer veriyorum. G\u00f6r\u00fc\u015fmemizin her ikimiz i\u00e7in de verimli ve faydal\u0131 olaca\u011f\u0131ndan eminim. \u00d6nceden haz\u0131rlamam gereken herhangi bir \u00f6zel materyal veya bilgi varsa l\u00fctfen bana bildirin. Sayg\u0131lar\u0131mla, Stefanie Kop\" \/>\n<meta property=\"og:url\" content=\"https:\/\/vw-ingredients.com\/tr\/rezervasyon-onayi-3\" \/>\n<meta property=\"og:site_name\" content=\"Van Wankum Ingredients\" \/>\n<meta property=\"article:modified_time\" content=\"2025-01-28T13:20:01+00:00\" \/>\n<meta name=\"twitter:card\" content=\"summary_large_image\" \/>\n<script type=\"application\/ld+json\" class=\"yoast-schema-graph\">{\"@context\":\"https:\\\/\\\/schema.org\",\"@graph\":[{\"@type\":\"WebPage\",\"@id\":\"https:\\\/\\\/vw-ingredients.com\\\/tr\\\/rezervasyon-onayi-3\",\"url\":\"https:\\\/\\\/vw-ingredients.com\\\/tr\\\/rezervasyon-onayi-3\",\"name\":\"Rezervasyon onay\u0131 - Van Wankum Ingredients\",\"isPartOf\":{\"@id\":\"https:\\\/\\\/vw-ingredients.com\\\/tr#website\"},\"datePublished\":\"2024-06-24T13:13:50+00:00\",\"dateModified\":\"2025-01-28T13:20:01+00:00\",\"breadcrumb\":{\"@id\":\"https:\\\/\\\/vw-ingredients.com\\\/tr\\\/rezervasyon-onayi-3#breadcrumb\"},\"inLanguage\":\"tr\",\"potentialAction\":[{\"@type\":\"ReadAction\",\"target\":[\"https:\\\/\\\/vw-ingredients.com\\\/tr\\\/rezervasyon-onayi-3\"]}]},{\"@type\":\"BreadcrumbList\",\"@id\":\"https:\\\/\\\/vw-ingredients.com\\\/tr\\\/rezervasyon-onayi-3#breadcrumb\",\"itemListElement\":[{\"@type\":\"ListItem\",\"position\":1,\"name\":\"Home\",\"item\":\"https:\\\/\\\/vw-ingredients.com\\\/tr\"},{\"@type\":\"ListItem\",\"position\":2,\"name\":\"Rezervasyon onay\u0131\"}]},{\"@type\":\"WebSite\",\"@id\":\"https:\\\/\\\/vw-ingredients.com\\\/tr#website\",\"url\":\"https:\\\/\\\/vw-ingredients.com\\\/tr\",\"name\":\"Van Wankum Ingredients\",\"description\":\"\",\"potentialAction\":[{\"@type\":\"SearchAction\",\"target\":{\"@type\":\"EntryPoint\",\"urlTemplate\":\"https:\\\/\\\/vw-ingredients.com\\\/tr?s={search_term_string}\"},\"query-input\":{\"@type\":\"PropertyValueSpecification\",\"valueRequired\":true,\"valueName\":\"search_term_string\"}}],\"inLanguage\":\"tr\"}]}<\/script>\n<!-- \/ Yoast SEO plugin. -->","yoast_head_json":{"title":"Rezervasyon onay\u0131 - Van Wankum Ingredients","robots":{"index":"index","follow":"follow","max-snippet":"max-snippet:-1","max-image-preview":"max-image-preview:large","max-video-preview":"max-video-preview:-1"},"canonical":"https:\/\/vw-ingredients.com\/tr\/rezervasyon-onayi-3","og_locale":"tr_TR","og_type":"article","og_title":"Rezervasyon onay\u0131 - Van Wankum Ingredients","og_description":"Etkinlik Rezervasyon onay\u0131 Toplant\u0131 rezervasyonu i\u00e7in te\u015fekk\u00fcr ederim. Olas\u0131 i\u015fbirli\u011fimizi ayr\u0131nt\u0131l\u0131 olarak g\u00f6r\u00fc\u015fmek i\u00e7in sab\u0131rs\u0131zlan\u0131yorum. Bunu d\u00fczenlemek i\u00e7in g\u00f6sterdi\u011finiz inisiyatif ve \u00e7abaya b\u00fcy\u00fck de\u011fer veriyorum. G\u00f6r\u00fc\u015fmemizin her ikimiz i\u00e7in de verimli ve faydal\u0131 olaca\u011f\u0131ndan eminim. \u00d6nceden haz\u0131rlamam gereken herhangi bir \u00f6zel materyal veya bilgi varsa l\u00fctfen bana bildirin. Sayg\u0131lar\u0131mla, Stefanie Kop","og_url":"https:\/\/vw-ingredients.com\/tr\/rezervasyon-onayi-3","og_site_name":"Van Wankum Ingredients","article_modified_time":"2025-01-28T13:20:01+00:00","twitter_card":"summary_large_image","schema":{"@context":"https:\/\/schema.org","@graph":[{"@type":"WebPage","@id":"https:\/\/vw-ingredients.com\/tr\/rezervasyon-onayi-3","url":"https:\/\/vw-ingredients.com\/tr\/rezervasyon-onayi-3","name":"Rezervasyon onay\u0131 - Van Wankum Ingredients","isPartOf":{"@id":"https:\/\/vw-ingredients.com\/tr#website"},"datePublished":"2024-06-24T13:13:50+00:00","dateModified":"2025-01-28T13:20:01+00:00","breadcrumb":{"@id":"https:\/\/vw-ingredients.com\/tr\/rezervasyon-onayi-3#breadcrumb"},"inLanguage":"tr","potentialAction":[{"@type":"ReadAction","target":["https:\/\/vw-ingredients.com\/tr\/rezervasyon-onayi-3"]}]},{"@type":"BreadcrumbList","@id":"https:\/\/vw-ingredients.com\/tr\/rezervasyon-onayi-3#breadcrumb","itemListElement":[{"@type":"ListItem","position":1,"name":"Home","item":"https:\/\/vw-ingredients.com\/tr"},{"@type":"ListItem","position":2,"name":"Rezervasyon onay\u0131"}]},{"@type":"WebSite","@id":"https:\/\/vw-ingredients.com\/tr#website","url":"https:\/\/vw-ingredients.com\/tr","name":"Van Wankum Ingredients","description":"","potentialAction":[{"@type":"SearchAction","target":{"@type":"EntryPoint","urlTemplate":"https:\/\/vw-ingredients.com\/tr?s={search_term_string}"},"query-input":{"@type":"PropertyValueSpecification","valueRequired":true,"valueName":"search_term_string"}}],"inLanguage":"tr"}]}},"_links":{"self":[{"href":"https:\/\/vw-ingredients.com\/tr\/wp-json\/wp\/v2\/pages\/7079","targetHints":{"allow":["GET"]}}],"collection":[{"href":"https:\/\/vw-ingredients.com\/tr\/wp-json\/wp\/v2\/pages"}],"about":[{"href":"https:\/\/vw-ingredients.com\/tr\/wp-json\/wp\/v2\/types\/page"}],"author":[{"embeddable":true,"href":"https:\/\/vw-ingredients.com\/tr\/wp-json\/wp\/v2\/users\/2"}],"replies":[{"embeddable":true,"href":"https:\/\/vw-ingredients.com\/tr\/wp-json\/wp\/v2\/comments?post=7079"}],"version-history":[{"count":1,"href":"https:\/\/vw-ingredients.com\/tr\/wp-json\/wp\/v2\/pages\/7079\/revisions"}],"predecessor-version":[{"id":7081,"href":"https:\/\/vw-ingredients.com\/tr\/wp-json\/wp\/v2\/pages\/7079\/revisions\/7081"}],"wp:attachment":[{"href":"https:\/\/vw-ingredients.com\/tr\/wp-json\/wp\/v2\/media?parent=7079"}],"curies":[{"name":"wp","href":"https:\/\/api.w.org\/{rel}","templated":true}]}}