{"id":6084,"date":"2021-11-12T10:39:51","date_gmt":"2021-11-12T10:39:51","guid":{"rendered":"https:\/\/vw-ingredients.com\/kozmetik-uygulamalar-icin-maya-beta-glukani"},"modified":"2024-06-20T09:01:10","modified_gmt":"2024-06-20T09:01:10","slug":"kozmetik-uygulamalar-icin-maya-beta-glukani","status":"publish","type":"page","link":"https:\/\/vw-ingredients.com\/tr\/kozmetik-uygulamalar-icin-maya-beta-glukani","title":{"rendered":"Kozmetik uygulamalar i\u00e7in Maya Beta Glukan\u0131"},"content":{"rendered":"\t\t<div data-elementor-type=\"wp-page\" data-elementor-id=\"6084\" class=\"elementor elementor-6084\" data-elementor-post-type=\"page\">\n\t\t\t\t\t\t<section class=\"elementor-section elementor-top-section elementor-element elementor-element-ddc7206 elementor-section-boxed elementor-section-height-default elementor-section-height-default\" data-id=\"ddc7206\" data-element_type=\"section\" data-e-type=\"section\" data-settings=\"{&quot;jet_parallax_layout_list&quot;:[]}\">\n\t\t\t\t\t\t<div class=\"elementor-container elementor-column-gap-default\">\n\t\t\t\t\t<div class=\"elementor-column elementor-col-50 elementor-top-column elementor-element elementor-element-a128652\" data-id=\"a128652\" data-element_type=\"column\" data-e-type=\"column\">\n\t\t\t<div class=\"elementor-widget-wrap elementor-element-populated\">\n\t\t\t\t\t\t<div class=\"elementor-element elementor-element-716e5c0 elementor-widget elementor-widget-text-editor\" data-id=\"716e5c0\" data-element_type=\"widget\" data-e-type=\"widget\" data-widget_type=\"text-editor.default\">\n\t\t\t\t<div class=\"elementor-widget-container\">\n\t\t\t\t\t\t\t\t\t<p>MAYA Beta Glukan, yayg\u0131n f\u0131r\u0131nc\u0131 mayas\u0131n\u0131n h\u00fccre duvarlar\u0131nda bulunur. \u00c7o\u011fu insan zaten<br \/>bu\u011fday veya yulaf ezmesi gibi do\u011fal kaynaklar yoluyla t\u00fcketin. Bak\u0131m i\u00e7in kullan\u0131l\u0131r veya<br \/>Ba\u011f\u0131\u015f\u0131kl\u0131k sisteminin etkinli\u011fini uyar\u0131r. Ayr\u0131ca, a\u015fa\u011f\u0131dakiler \u00fczerinde olumlu bir etkisi vard\u0131r<br \/>kolesterol seviyeleri \u00fczerindeki olumlu etkilerini ara\u015ft\u0131rmak i\u00e7in ara\u015ft\u0131rmalar yap\u0131lmaktad\u0131r.<br \/>\u015feker seviyeleri.<\/p>\n<\/p>\n<h2><strong>Cilt onar\u0131c\u0131.<\/strong><\/h2>\n<p>Maya beta-glukan\u0131, mayan\u0131n h\u00fccre duvar\u0131nda bulunan ve insanlar\u0131n ba\u011f\u0131\u015f\u0131kl\u0131\u011f\u0131n\u0131 g\u00fc\u00e7lendirebilen bir polisakkarittir. CMG, suda \u00e7\u00f6z\u00fcnebilen k\u0131smen karboksimetillenmi\u015f maya beta-glukan\u0131d\u0131r. CMG, kozmetikte kullan\u0131ld\u0131\u011f\u0131nda maya beta-glukan ile ayn\u0131 i\u015flevlere sahiptir, cildin savunma sistemini b\u00fcy\u00fck \u00f6l\u00e7\u00fcde canland\u0131rabilir, do\u011fal onar\u0131m s\u00fcre\u00e7lerini geli\u015ftirebilir ve cildin hassasiyetini azaltabilir. Cildinizin y\u00fczey tabakas\u0131n\u0131n (epidermis) hemen alt\u0131nda Langerhans h\u00fccreleri bulunur. Bu inan\u0131lmaz ba\u011f\u0131\u015f\u0131kl\u0131k h\u00fccreleri kolajen \u00fcretimini art\u0131rma, yara onar\u0131m etkinli\u011fini art\u0131rma, g\u00fcne\u015f, duman, \u00e7evresel sald\u0131r\u0131lar gibi d\u0131\u015f tehditlere kar\u015f\u0131 savunma ve stresin etkilerini hafifletme g\u00fcc\u00fcne sahiptir ve t\u00fcm bunlar k\u0131r\u0131\u015f\u0131kl\u0131klar\u0131n, lekelerin, ya\u015fl\u0131l\u0131k lekelerinin ve di\u011fer cilt sorunlar\u0131n\u0131n \u00e7irkin g\u00f6r\u00fcn\u00fcm\u00fcnde dikkate de\u011fer bir azalmaya yol a\u00e7ar. CMG&#8217;nin mucizesi e\u015fsiz molek\u00fcler \u015feklidir. Cilde uyguland\u0131\u011f\u0131nda, epidermal tabakaya h\u0131zla n\u00fcfuz eder ve Langerhans h\u00fccreleri ile temas ederek onlar\u0131 an\u0131nda a\u00e7ar.<\/p>\n<\/p>\n<h3>Kozmetik Uygulamalar;<\/h3>\n<ul>\n<li>Ya\u015flanma kar\u015f\u0131t\u0131 \u00fcr\u00fcnler;<\/li>\n<li>Anti-oksidasyon \u00fcr\u00fcnleri;<\/li>\n<li>G\u00fcne\u015f bak\u0131m \u00fcr\u00fcnleri;<\/li>\n<li>Nemlendirici ve onar\u0131c\u0131 \u00fcr\u00fcnler;<\/li>\n<li>Tavsiye edilen dozaj: %\u201010%.<\/li>\n<\/ul>\n<h3><strong>Beta Glukan&#8217;\u0131n Faydalar\u0131?<\/strong><\/h3>\n<ul>\n<li>YEAST Beta Glukan ba\u011f\u0131\u015f\u0131kl\u0131k sisteminin etkinli\u011fini korur ve uyar\u0131r<br \/>&#8211; MAYA Beta Glukan kolesterol seviyeleri \u00fczerinde olumlu etkiye sahiptir<br \/>&#8211; YEAST Beta Glukan&#8217;\u0131n kan \u015fekeri seviyeleri \u00fczerinde olumlu bir etkisi oldu\u011fu ve diyabetik sorunlara yard\u0131mc\u0131 oldu\u011fu d\u00fc\u015f\u00fcn\u00fclmektedir<br \/>&#8211; MAYA Beta Glukan enfeksiyonlarla sava\u015f\u0131r<br \/>&#8211; YEAST Beta Glukan vejetaryenler i\u00e7in t\u00fcketime uygundur<\/li>\n<\/ul>\n<h3><strong>Van Wankum malzemeleri<\/strong><\/h3>\n<p>Van Wankum Ingredients her zaman \u00e7evre dostu ve &#8220;ye\u015fil&#8221; \u00fcr\u00fcnler aramaktad\u0131r.<br \/>\u00fcr\u00fcnleri ve ilkeleri i\u00e7in f\u0131rsatlar. M\u00fc\u015fterilerimizle uzun vadeli ili\u015fkiler i\u00e7in<br \/>m\u00fc\u015fteriler ve y\u00fcksek kaliteli hizmet. L\u00fctfen YEAST Beta Glukan talep etmekten \u00e7ekinmeyin<br \/>\u00f6rnek veya sorular\u0131n\u0131z veya talepleriniz i\u00e7in do\u011frudan bizimle ileti\u015fime ge\u00e7in<\/p>\n\t\t\t\t\t\t\t\t<\/div>\n\t\t\t\t<\/div>\n\t\t\t\t\t<\/div>\n\t\t<\/div>\n\t\t\t\t<div class=\"elementor-column elementor-col-50 elementor-top-column elementor-element elementor-element-5d724d4\" data-id=\"5d724d4\" data-element_type=\"column\" data-e-type=\"column\">\n\t\t\t<div class=\"elementor-widget-wrap elementor-element-populated\">\n\t\t\t\t\t\t<section class=\"elementor-section elementor-inner-section elementor-element elementor-element-f4364dc elementor-section-height-min-height elementor-section-boxed elementor-section-height-default elementor-invisible\" data-id=\"f4364dc\" data-element_type=\"section\" data-e-type=\"section\" data-settings=\"{&quot;sticky&quot;:&quot;top&quot;,&quot;sticky_on&quot;:[&quot;desktop&quot;],&quot;sticky_parent&quot;:&quot;yes&quot;,&quot;sticky_offset&quot;:125,&quot;animation&quot;:&quot;fadeInRight&quot;,&quot;jet_parallax_layout_list&quot;:[],&quot;sticky_effects_offset&quot;:0,&quot;sticky_anchor_link_offset&quot;:0}\">\n\t\t\t\t\t\t<div class=\"elementor-container elementor-column-gap-default\">\n\t\t\t\t\t<div class=\"elementor-column elementor-col-100 elementor-inner-column elementor-element elementor-element-fdc73ad\" data-id=\"fdc73ad\" data-element_type=\"column\" data-e-type=\"column\" data-settings=\"{&quot;background_background&quot;:&quot;classic&quot;}\">\n\t\t\t<div class=\"elementor-widget-wrap elementor-element-populated\">\n\t\t\t\t\t\t<div class=\"elementor-element elementor-element-200cafd elementor-widget elementor-widget-heading\" data-id=\"200cafd\" data-element_type=\"widget\" data-e-type=\"widget\" data-widget_type=\"heading.default\">\n\t\t\t\t<div class=\"elementor-widget-container\">\n\t\t\t\t\t<h2 class=\"elementor-heading-title elementor-size-default\">\u00d6rnek talep edin<\/h2>\t\t\t\t<\/div>\n\t\t\t\t<\/div>\n\t\t\t\t<div class=\"elementor-element elementor-element-7b5f110 elementor-widget elementor-widget-text-editor\" data-id=\"7b5f110\" data-element_type=\"widget\" data-e-type=\"widget\" data-widget_type=\"text-editor.default\">\n\t\t\t\t<div class=\"elementor-widget-container\">\n\t\t\t\t\t\t\t\t\t<p>Hangi \u00f6rnekleri almak istedi\u011finizi bize bildirin. \u00dcr\u00fcn listemizden numunelerinizi se\u00e7in ve g\u00f6nder butonuna t\u0131klay\u0131n.<\/p>\n\t\t\t\t\t\t\t\t<\/div>\n\t\t\t\t<\/div>\n\t\t\t\t<div class=\"elementor-element elementor-element-68c8a2e elementor-widget elementor-widget-button\" data-id=\"68c8a2e\" data-element_type=\"widget\" data-e-type=\"widget\" data-widget_type=\"button.default\">\n\t\t\t\t<div class=\"elementor-widget-container\">\n\t\t\t\t\t\t\t\t\t<div class=\"elementor-button-wrapper\">\n\t\t\t\t\t<a class=\"elementor-button elementor-button-link elementor-size-sm\" href=\"https:\/\/vw-ingredients.com\/tr\/urunler\">\n\t\t\t\t\t\t<span class=\"elementor-button-content-wrapper\">\n\t\t\t\t\t\t\t\t\t<span class=\"elementor-button-text\">\u00d6rnek talep edin<\/span>\n\t\t\t\t\t<\/span>\n\t\t\t\t\t<\/a>\n\t\t\t\t<\/div>\n\t\t\t\t\t\t\t\t<\/div>\n\t\t\t\t<\/div>\n\t\t\t\t\t<\/div>\n\t\t<\/div>\n\t\t\t\t\t<\/div>\n\t\t<\/section>\n\t\t\t\t\t<\/div>\n\t\t<\/div>\n\t\t\t\t\t<\/div>\n\t\t<\/section>\n\t\t\t\t<\/div>\n\t\t","protected":false},"excerpt":{"rendered":"<p>MAYA Beta Glukan, yayg\u0131n f\u0131r\u0131nc\u0131 mayas\u0131n\u0131n h\u00fccre duvarlar\u0131nda bulunur. \u00c7o\u011fu insan zatenbu\u011fday veya yulaf ezmesi gibi do\u011fal kaynaklar yoluyla t\u00fcketin. Bak\u0131m i\u00e7in kullan\u0131l\u0131r veyaBa\u011f\u0131\u015f\u0131kl\u0131k sisteminin etkinli\u011fini uyar\u0131r. Ayr\u0131ca, a\u015fa\u011f\u0131dakiler \u00fczerinde olumlu bir etkisi vard\u0131rkolesterol seviyeleri \u00fczerindeki olumlu etkilerini ara\u015ft\u0131rmak i\u00e7in ara\u015ft\u0131rmalar yap\u0131lmaktad\u0131r.\u015feker seviyeleri. Cilt onar\u0131c\u0131. Maya beta-glukan\u0131, mayan\u0131n h\u00fccre duvar\u0131nda bulunan ve insanlar\u0131n ba\u011f\u0131\u015f\u0131kl\u0131\u011f\u0131n\u0131 g\u00fc\u00e7lendirebilen [&hellip;]<\/p>\n","protected":false},"author":6,"featured_media":0,"parent":0,"menu_order":0,"comment_status":"closed","ping_status":"closed","template":"","meta":{"_acf_changed":false,"footnotes":""},"class_list":["post-6084","page","type-page","status-publish","hentry"],"acf":[],"yoast_head":"<!-- This site is optimized with the Yoast SEO plugin v27.3 - https:\/\/yoast.com\/product\/yoast-seo-wordpress\/ -->\n<title>Kozmetik uygulamalar i\u00e7in Maya Beta Glukan\u0131 - Van Wankum Ingredients<\/title>\n<meta name=\"description\" content=\"MAYA Beta Glukan, yayg\u0131n f\u0131r\u0131nc\u0131 mayas\u0131n\u0131n h\u00fccre duvarlar\u0131nda bulunur. \u00c7o\u011fu insan zatenbu\u011fday veya yulaf ezmesi gibi do\u011fal kaynaklar yoluyla t\u00fcketin.\" \/>\n<meta name=\"robots\" content=\"index, follow, max-snippet:-1, max-image-preview:large, max-video-preview:-1\" \/>\n<link rel=\"canonical\" href=\"https:\/\/vw-ingredients.com\/tr\/kozmetik-uygulamalar-icin-maya-beta-glukani\" \/>\n<meta property=\"og:locale\" content=\"tr_TR\" \/>\n<meta property=\"og:type\" content=\"article\" \/>\n<meta property=\"og:title\" content=\"Kozmetik uygulamalar i\u00e7in Maya Beta Glukan\u0131 - Van Wankum Ingredients\" \/>\n<meta property=\"og:description\" content=\"MAYA Beta Glukan, yayg\u0131n f\u0131r\u0131nc\u0131 mayas\u0131n\u0131n h\u00fccre duvarlar\u0131nda bulunur. \u00c7o\u011fu insan zatenbu\u011fday veya yulaf ezmesi gibi do\u011fal kaynaklar yoluyla t\u00fcketin.\" \/>\n<meta property=\"og:url\" content=\"https:\/\/vw-ingredients.com\/tr\/kozmetik-uygulamalar-icin-maya-beta-glukani\" \/>\n<meta property=\"og:site_name\" content=\"Van Wankum Ingredients\" \/>\n<meta property=\"article:modified_time\" content=\"2024-06-20T09:01:10+00:00\" \/>\n<meta name=\"twitter:card\" content=\"summary_large_image\" \/>\n<meta name=\"twitter:label1\" content=\"Tahmini okuma s\u00fcresi\" \/>\n\t<meta name=\"twitter:data1\" content=\"2 dakika\" \/>\n<script type=\"application\/ld+json\" class=\"yoast-schema-graph\">{\"@context\":\"https:\\\/\\\/schema.org\",\"@graph\":[{\"@type\":\"WebPage\",\"@id\":\"https:\\\/\\\/vw-ingredients.com\\\/tr\\\/kozmetik-uygulamalar-icin-maya-beta-glukani\",\"url\":\"https:\\\/\\\/vw-ingredients.com\\\/tr\\\/kozmetik-uygulamalar-icin-maya-beta-glukani\",\"name\":\"Kozmetik uygulamalar i\u00e7in Maya Beta Glukan\u0131 - Van Wankum Ingredients\",\"isPartOf\":{\"@id\":\"https:\\\/\\\/vw-ingredients.com\\\/tr#website\"},\"datePublished\":\"2021-11-12T10:39:51+00:00\",\"dateModified\":\"2024-06-20T09:01:10+00:00\",\"description\":\"MAYA Beta Glukan, yayg\u0131n f\u0131r\u0131nc\u0131 mayas\u0131n\u0131n h\u00fccre duvarlar\u0131nda bulunur. \u00c7o\u011fu insan zatenbu\u011fday veya yulaf ezmesi gibi do\u011fal kaynaklar yoluyla t\u00fcketin.\",\"breadcrumb\":{\"@id\":\"https:\\\/\\\/vw-ingredients.com\\\/tr\\\/kozmetik-uygulamalar-icin-maya-beta-glukani#breadcrumb\"},\"inLanguage\":\"tr\",\"potentialAction\":[{\"@type\":\"ReadAction\",\"target\":[\"https:\\\/\\\/vw-ingredients.com\\\/tr\\\/kozmetik-uygulamalar-icin-maya-beta-glukani\"]}]},{\"@type\":\"BreadcrumbList\",\"@id\":\"https:\\\/\\\/vw-ingredients.com\\\/tr\\\/kozmetik-uygulamalar-icin-maya-beta-glukani#breadcrumb\",\"itemListElement\":[{\"@type\":\"ListItem\",\"position\":1,\"name\":\"Home\",\"item\":\"https:\\\/\\\/vw-ingredients.com\\\/tr\"},{\"@type\":\"ListItem\",\"position\":2,\"name\":\"Kozmetik uygulamalar i\u00e7in Maya Beta Glukan\u0131\"}]},{\"@type\":\"WebSite\",\"@id\":\"https:\\\/\\\/vw-ingredients.com\\\/tr#website\",\"url\":\"https:\\\/\\\/vw-ingredients.com\\\/tr\",\"name\":\"Van Wankum Ingredients\",\"description\":\"\",\"potentialAction\":[{\"@type\":\"SearchAction\",\"target\":{\"@type\":\"EntryPoint\",\"urlTemplate\":\"https:\\\/\\\/vw-ingredients.com\\\/tr?s={search_term_string}\"},\"query-input\":{\"@type\":\"PropertyValueSpecification\",\"valueRequired\":true,\"valueName\":\"search_term_string\"}}],\"inLanguage\":\"tr\"}]}<\/script>\n<!-- \/ Yoast SEO plugin. -->","yoast_head_json":{"title":"Kozmetik uygulamalar i\u00e7in Maya Beta Glukan\u0131 - Van Wankum Ingredients","description":"MAYA Beta Glukan, yayg\u0131n f\u0131r\u0131nc\u0131 mayas\u0131n\u0131n h\u00fccre duvarlar\u0131nda bulunur. \u00c7o\u011fu insan zatenbu\u011fday veya yulaf ezmesi gibi do\u011fal kaynaklar yoluyla t\u00fcketin.","robots":{"index":"index","follow":"follow","max-snippet":"max-snippet:-1","max-image-preview":"max-image-preview:large","max-video-preview":"max-video-preview:-1"},"canonical":"https:\/\/vw-ingredients.com\/tr\/kozmetik-uygulamalar-icin-maya-beta-glukani","og_locale":"tr_TR","og_type":"article","og_title":"Kozmetik uygulamalar i\u00e7in Maya Beta Glukan\u0131 - Van Wankum Ingredients","og_description":"MAYA Beta Glukan, yayg\u0131n f\u0131r\u0131nc\u0131 mayas\u0131n\u0131n h\u00fccre duvarlar\u0131nda bulunur. \u00c7o\u011fu insan zatenbu\u011fday veya yulaf ezmesi gibi do\u011fal kaynaklar yoluyla t\u00fcketin.","og_url":"https:\/\/vw-ingredients.com\/tr\/kozmetik-uygulamalar-icin-maya-beta-glukani","og_site_name":"Van Wankum Ingredients","article_modified_time":"2024-06-20T09:01:10+00:00","twitter_card":"summary_large_image","twitter_misc":{"Tahmini okuma s\u00fcresi":"2 dakika"},"schema":{"@context":"https:\/\/schema.org","@graph":[{"@type":"WebPage","@id":"https:\/\/vw-ingredients.com\/tr\/kozmetik-uygulamalar-icin-maya-beta-glukani","url":"https:\/\/vw-ingredients.com\/tr\/kozmetik-uygulamalar-icin-maya-beta-glukani","name":"Kozmetik uygulamalar i\u00e7in Maya Beta Glukan\u0131 - Van Wankum Ingredients","isPartOf":{"@id":"https:\/\/vw-ingredients.com\/tr#website"},"datePublished":"2021-11-12T10:39:51+00:00","dateModified":"2024-06-20T09:01:10+00:00","description":"MAYA Beta Glukan, yayg\u0131n f\u0131r\u0131nc\u0131 mayas\u0131n\u0131n h\u00fccre duvarlar\u0131nda bulunur. \u00c7o\u011fu insan zatenbu\u011fday veya yulaf ezmesi gibi do\u011fal kaynaklar yoluyla t\u00fcketin.","breadcrumb":{"@id":"https:\/\/vw-ingredients.com\/tr\/kozmetik-uygulamalar-icin-maya-beta-glukani#breadcrumb"},"inLanguage":"tr","potentialAction":[{"@type":"ReadAction","target":["https:\/\/vw-ingredients.com\/tr\/kozmetik-uygulamalar-icin-maya-beta-glukani"]}]},{"@type":"BreadcrumbList","@id":"https:\/\/vw-ingredients.com\/tr\/kozmetik-uygulamalar-icin-maya-beta-glukani#breadcrumb","itemListElement":[{"@type":"ListItem","position":1,"name":"Home","item":"https:\/\/vw-ingredients.com\/tr"},{"@type":"ListItem","position":2,"name":"Kozmetik uygulamalar i\u00e7in Maya Beta Glukan\u0131"}]},{"@type":"WebSite","@id":"https:\/\/vw-ingredients.com\/tr#website","url":"https:\/\/vw-ingredients.com\/tr","name":"Van Wankum Ingredients","description":"","potentialAction":[{"@type":"SearchAction","target":{"@type":"EntryPoint","urlTemplate":"https:\/\/vw-ingredients.com\/tr?s={search_term_string}"},"query-input":{"@type":"PropertyValueSpecification","valueRequired":true,"valueName":"search_term_string"}}],"inLanguage":"tr"}]}},"_links":{"self":[{"href":"https:\/\/vw-ingredients.com\/tr\/wp-json\/wp\/v2\/pages\/6084","targetHints":{"allow":["GET"]}}],"collection":[{"href":"https:\/\/vw-ingredients.com\/tr\/wp-json\/wp\/v2\/pages"}],"about":[{"href":"https:\/\/vw-ingredients.com\/tr\/wp-json\/wp\/v2\/types\/page"}],"author":[{"embeddable":true,"href":"https:\/\/vw-ingredients.com\/tr\/wp-json\/wp\/v2\/users\/6"}],"replies":[{"embeddable":true,"href":"https:\/\/vw-ingredients.com\/tr\/wp-json\/wp\/v2\/comments?post=6084"}],"version-history":[{"count":1,"href":"https:\/\/vw-ingredients.com\/tr\/wp-json\/wp\/v2\/pages\/6084\/revisions"}],"predecessor-version":[{"id":6085,"href":"https:\/\/vw-ingredients.com\/tr\/wp-json\/wp\/v2\/pages\/6084\/revisions\/6085"}],"wp:attachment":[{"href":"https:\/\/vw-ingredients.com\/tr\/wp-json\/wp\/v2\/media?parent=6084"}],"curies":[{"name":"wp","href":"https:\/\/api.w.org\/{rel}","templated":true}]}}