{"id":6076,"date":"2021-11-11T22:24:26","date_gmt":"2021-11-11T22:24:26","guid":{"rendered":"https:\/\/vw-ingredients.com\/stevia-tedarikcileri"},"modified":"2024-06-20T08:56:35","modified_gmt":"2024-06-20T08:56:35","slug":"stevia-tedarikcileri","status":"publish","type":"page","link":"https:\/\/vw-ingredients.com\/tr\/stevia-tedarikcileri","title":{"rendered":"Stevia tedarik\u00e7ileri"},"content":{"rendered":"\t\t<div data-elementor-type=\"wp-page\" data-elementor-id=\"6076\" class=\"elementor elementor-6076\" data-elementor-post-type=\"page\">\n\t\t\t\t\t\t<section class=\"elementor-section elementor-top-section elementor-element elementor-element-ddc7206 elementor-section-boxed elementor-section-height-default elementor-section-height-default\" data-id=\"ddc7206\" data-element_type=\"section\" data-e-type=\"section\" data-settings=\"{&quot;jet_parallax_layout_list&quot;:[]}\">\n\t\t\t\t\t\t<div class=\"elementor-container elementor-column-gap-default\">\n\t\t\t\t\t<div class=\"elementor-column elementor-col-50 elementor-top-column elementor-element elementor-element-a128652\" data-id=\"a128652\" data-element_type=\"column\" data-e-type=\"column\">\n\t\t\t<div class=\"elementor-widget-wrap elementor-element-populated\">\n\t\t\t\t\t\t<div class=\"elementor-element elementor-element-716e5c0 elementor-widget elementor-widget-text-editor\" data-id=\"716e5c0\" data-element_type=\"widget\" data-e-type=\"widget\" data-widget_type=\"text-editor.default\">\n\t\t\t\t<div class=\"elementor-widget-container\">\n\t\t\t\t\t\t\t\t\t<p>Van Wankum Ingredients, G\u0131da ve \u0130\u00e7ecek, Kozmetik, \u0130la\u00e7 ve Sa\u011fl\u0131k sekt\u00f6rlerindeki bir\u00e7ok farkl\u0131 m\u00fc\u015fteri i\u00e7in tam hizmet veren bir bile\u015fen sa\u011flay\u0131c\u0131s\u0131d\u0131r. Y\u00fcksek kaliteli bile\u015fenler ve katk\u0131 maddeleri sunuyoruz.<\/p>\n<\/p>\n<p>Hizmetlerimiz aras\u0131nda numune alma, uygun maliyetli lojistik, kalite belgeleri ve dan\u0131\u015fmanl\u0131k yer almaktad\u0131r. Ticari, lojistik ve finans uzmanlar\u0131 ile g\u0131da teknolojisi uzmanlar\u0131ndan olu\u015fan ekibimiz, d\u00fcnya \u00e7ap\u0131nda 30 y\u0131l\u0131 a\u015fk\u0131n mesleki deneyimi payla\u015fmakta ve m\u00fc\u015fterilerin ihtiya\u00e7lar\u0131n\u0131 kar\u015f\u0131lamaya kendini adam\u0131\u015ft\u0131r.<\/p>\n<\/p>\n<h2>Stevia nedir?<\/h2>\n<p>Stevia, Japonya&#8217;da ilk kez pop\u00fcler hale geldi\u011fi 1970&#8217;li y\u0131llar\u0131n ba\u015f\u0131ndan beri ticari \u00fcr\u00fcnlerde kullan\u0131lmaktad\u0131r. Japonlar bu tatland\u0131r\u0131c\u0131y\u0131 siklamat ve sakarin gibi di\u011fer tatland\u0131r\u0131c\u0131lar\u0131n yerine kullanmaya ba\u015flad\u0131. Stevia art\u0131k d\u00fcnya \u00e7ap\u0131nda geni\u015f bir \u00fcr\u00fcn yelpazesinde kullan\u0131lmaktad\u0131r. Stevia&#8217;n\u0131n hangi \u00fcr\u00fcnler i\u00e7in uygun oldu\u011funu g\u00f6rmek i\u00e7in a\u015fa\u011f\u0131daki listemize g\u00f6z at\u0131n. Stevia toz veya s\u0131v\u0131 formda mevcuttur.<\/p>\n<\/p>\n<h3>Stevia&#8217;n\u0131n Faydalar\u0131<\/h3>\n<ul>\n<li>Stevia \u015fekerden 30 &#8211; 350 kat daha tatl\u0131 olabilir<\/li>\n<li>Stevia di\u015f \u00e7\u00fcr\u00fcklerini te\u015fvik etmez<\/li>\n<li>Stevia&#8217;n\u0131n kalorisi yoktur<\/li>\n<li>Hem diyabet hastalar\u0131 hem de diyabet hastas\u0131 olmayanlar Stevia&#8217;y\u0131 g\u00fcvenle t\u00fcketebilir<\/li>\n<\/ul>\n<h2>Stevia tedarik\u00e7ileri<\/h2>\n<p>D\u00fcnyan\u0131n her yerinden m\u00fc\u015fterilerimize Stevia tedarik ediyoruz. Garanti edebilece\u011fimiz y\u00fcksek i\u015flevli tedarik zinciri y\u00f6netimi tasarlad\u0131k:<\/p>\n<\/p>\n<ul>\n<li>Depolar\u0131m\u0131zdan Avrupa Birli\u011fi i\u00e7indeki m\u00fc\u015fterilerimize 24 saatte teslimat<\/li>\n<li>\u00c7in ve Hindistan&#8217;dan tedarik konusunda 20+ y\u0131ll\u0131k deneyim<\/li>\n<li>\u015eartland\u0131r\u0131lm\u0131\u015f depo odalar\u0131 ve teslimatlar<\/li>\n<li>Avrupa genelinde stratejik olarak konumland\u0131r\u0131lm\u0131\u015f hisse senetleri<\/li>\n<li>End\u00fcstri y\u00f6netmeliklerine uygun kalite g\u00fcvencesi.<\/li>\n<\/ul>\n<p>Tedarik zinciri orta\u011f\u0131m\u0131zla yak\u0131n i\u015fbirli\u011fi sayesinde temelde her t\u00fcrl\u00fc tedarik zinciri sorunu, f\u0131rsat\u0131 veya zorlu\u011fuyla ba\u015fa \u00e7\u0131kabiliriz.<\/p>\n<\/p>\n<h3>Stevia tozu uygulamalar\u0131<\/h3>\n<ul>\n<li>\u0130\u00e7ecekler ve \u0130\u00e7ecek Kar\u0131\u015f\u0131mlar\u0131<\/li>\n<li>Gazl\u0131 i\u00e7ecekler<\/li>\n<li>Gazs\u0131z i\u00e7ecekler<\/li>\n<li>Sert ve Yumu\u015fak \u015eeker<\/li>\n<li>Re\u00e7eller ve J\u00f6leler<\/li>\n<li>\u00c7i\u011fnenebilir \u015feker ve tablet<\/li>\n<li>Kahve ve \u00c7ay<\/li>\n<li>S\u00fct \u00dcr\u00fcnleri<\/li>\n<li>\u0130\u015flenmi\u015f Meyveler ve Meyve Sular\u0131<\/li>\n<li>\u0130\u015flenmi\u015f Sebzeler ve Sebze Sular\u0131<\/li>\n<li>\u015eekerlemeler ve Buzlanmalar<\/li>\n<li>Beslenme ve Diyet \u00dcr\u00fcnleri<\/li>\n<li>Masa \u00fcst\u00fc tatland\u0131r\u0131c\u0131lar<\/li>\n<li>\u0130\u015flenmi\u015f meyve<\/li>\n<li>Sak\u0131z \u00e7i\u011fnemek<\/li>\n<li>Kuru kar\u0131\u015f\u0131m \u00fcr\u00fcnler<\/li>\n<li>Meyve ezmeleri<\/li>\n<li>Dondurulmu\u015f tatl\u0131lar<\/li>\n<li>Salata soslar\u0131<\/li>\n<\/ul>\n<h2>Van Wankum Malzemeler<\/h2>\n<p>Van Wankum Ingredients, \u00fcr\u00fcnleri ve ilkeleri i\u00e7in her zaman \u00e7evre dostu ve &#8220;ye\u015fil&#8221; f\u0131rsatlar aramaktad\u0131r. M\u00fc\u015fterilerimizle uzun vadeli ili\u015fkiler ve y\u00fcksek kaliteli hizmet i\u00e7in var\u0131z. Stevia tedarik\u00e7ileri olarak hizmetlerimiz hakk\u0131nda daha fazla bilgi almak veya bir Stevia numunesi talep etmek ister misiniz? L\u00fctfen bizimle ileti\u015fime ge\u00e7mekten \u00e7ekinmeyin.<\/p>\n\t\t\t\t\t\t\t\t<\/div>\n\t\t\t\t<\/div>\n\t\t\t\t\t<\/div>\n\t\t<\/div>\n\t\t\t\t<div class=\"elementor-column elementor-col-50 elementor-top-column elementor-element elementor-element-5d724d4\" data-id=\"5d724d4\" data-element_type=\"column\" data-e-type=\"column\">\n\t\t\t<div class=\"elementor-widget-wrap elementor-element-populated\">\n\t\t\t\t\t\t<section class=\"elementor-section elementor-inner-section elementor-element elementor-element-f4364dc elementor-section-height-min-height elementor-section-boxed elementor-section-height-default elementor-invisible\" data-id=\"f4364dc\" data-element_type=\"section\" data-e-type=\"section\" data-settings=\"{&quot;sticky&quot;:&quot;top&quot;,&quot;sticky_on&quot;:[&quot;desktop&quot;],&quot;sticky_parent&quot;:&quot;yes&quot;,&quot;sticky_offset&quot;:125,&quot;animation&quot;:&quot;fadeInRight&quot;,&quot;jet_parallax_layout_list&quot;:[],&quot;sticky_effects_offset&quot;:0,&quot;sticky_anchor_link_offset&quot;:0}\">\n\t\t\t\t\t\t<div class=\"elementor-container elementor-column-gap-default\">\n\t\t\t\t\t<div class=\"elementor-column elementor-col-100 elementor-inner-column elementor-element elementor-element-fdc73ad\" data-id=\"fdc73ad\" data-element_type=\"column\" data-e-type=\"column\" data-settings=\"{&quot;background_background&quot;:&quot;classic&quot;}\">\n\t\t\t<div class=\"elementor-widget-wrap elementor-element-populated\">\n\t\t\t\t\t\t<div class=\"elementor-element elementor-element-200cafd elementor-widget elementor-widget-heading\" data-id=\"200cafd\" data-element_type=\"widget\" data-e-type=\"widget\" data-widget_type=\"heading.default\">\n\t\t\t\t<div class=\"elementor-widget-container\">\n\t\t\t\t\t<h2 class=\"elementor-heading-title elementor-size-default\">\u00d6rnek talep edin<\/h2>\t\t\t\t<\/div>\n\t\t\t\t<\/div>\n\t\t\t\t<div class=\"elementor-element elementor-element-7b5f110 elementor-widget elementor-widget-text-editor\" data-id=\"7b5f110\" data-element_type=\"widget\" data-e-type=\"widget\" data-widget_type=\"text-editor.default\">\n\t\t\t\t<div class=\"elementor-widget-container\">\n\t\t\t\t\t\t\t\t\t<p>Hangi \u00f6rnekleri almak istedi\u011finizi bize bildirin. \u00dcr\u00fcn listemizden numunelerinizi se\u00e7in ve g\u00f6nder butonuna t\u0131klay\u0131n.<\/p>\n\t\t\t\t\t\t\t\t<\/div>\n\t\t\t\t<\/div>\n\t\t\t\t<div class=\"elementor-element elementor-element-68c8a2e elementor-widget elementor-widget-button\" data-id=\"68c8a2e\" data-element_type=\"widget\" data-e-type=\"widget\" data-widget_type=\"button.default\">\n\t\t\t\t<div class=\"elementor-widget-container\">\n\t\t\t\t\t\t\t\t\t<div class=\"elementor-button-wrapper\">\n\t\t\t\t\t<a class=\"elementor-button elementor-button-link elementor-size-sm\" href=\"https:\/\/vw-ingredients.com\/tr\/urunler\">\n\t\t\t\t\t\t<span class=\"elementor-button-content-wrapper\">\n\t\t\t\t\t\t\t\t\t<span class=\"elementor-button-text\">\u00d6rnek talep edin<\/span>\n\t\t\t\t\t<\/span>\n\t\t\t\t\t<\/a>\n\t\t\t\t<\/div>\n\t\t\t\t\t\t\t\t<\/div>\n\t\t\t\t<\/div>\n\t\t\t\t\t<\/div>\n\t\t<\/div>\n\t\t\t\t\t<\/div>\n\t\t<\/section>\n\t\t\t\t\t<\/div>\n\t\t<\/div>\n\t\t\t\t\t<\/div>\n\t\t<\/section>\n\t\t\t\t<\/div>\n\t\t","protected":false},"excerpt":{"rendered":"<p>Van Wankum Ingredients, G\u0131da ve \u0130\u00e7ecek, Kozmetik, \u0130la\u00e7 ve Sa\u011fl\u0131k sekt\u00f6rlerindeki bir\u00e7ok farkl\u0131 m\u00fc\u015fteri i\u00e7in tam hizmet veren bir bile\u015fen sa\u011flay\u0131c\u0131s\u0131d\u0131r. Y\u00fcksek kaliteli bile\u015fenler ve katk\u0131 maddeleri sunuyoruz. Hizmetlerimiz aras\u0131nda numune alma, uygun maliyetli lojistik, kalite belgeleri ve dan\u0131\u015fmanl\u0131k yer almaktad\u0131r. Ticari, lojistik ve finans uzmanlar\u0131 ile g\u0131da teknolojisi uzmanlar\u0131ndan olu\u015fan ekibimiz, d\u00fcnya \u00e7ap\u0131nda 30 [&hellip;]<\/p>\n","protected":false},"author":6,"featured_media":0,"parent":0,"menu_order":0,"comment_status":"closed","ping_status":"closed","template":"elementor_header_footer","meta":{"_acf_changed":false,"footnotes":""},"class_list":["post-6076","page","type-page","status-publish","hentry"],"acf":[],"yoast_head":"<!-- This site is optimized with the Yoast SEO plugin v27.3 - https:\/\/yoast.com\/product\/yoast-seo-wordpress\/ -->\n<title>Stevia tedarik\u00e7ileri - Van Wankum Ingredients<\/title>\n<meta name=\"description\" content=\"Stevia&#039;n\u0131n faydalar\u0131 nelerdir? Van Wankum Malzemeler. Uzman ekip \u2713D\u00fcnya \u00e7ap\u0131nda deneyim \u2713Tam hizmet bile\u015fenleri sa\u011flay\u0131c\u0131s\u0131\" \/>\n<meta name=\"robots\" content=\"index, follow, max-snippet:-1, max-image-preview:large, max-video-preview:-1\" \/>\n<link rel=\"canonical\" href=\"https:\/\/vw-ingredients.com\/tr\/stevia-tedarikcileri\" \/>\n<meta property=\"og:locale\" content=\"tr_TR\" \/>\n<meta property=\"og:type\" content=\"article\" \/>\n<meta property=\"og:title\" content=\"Stevia tedarik\u00e7ileri - Van Wankum Ingredients\" \/>\n<meta property=\"og:description\" content=\"Stevia&#039;n\u0131n faydalar\u0131 nelerdir? Van Wankum Malzemeler. Uzman ekip \u2713D\u00fcnya \u00e7ap\u0131nda deneyim \u2713Tam hizmet bile\u015fenleri sa\u011flay\u0131c\u0131s\u0131\" \/>\n<meta property=\"og:url\" content=\"https:\/\/vw-ingredients.com\/tr\/stevia-tedarikcileri\" \/>\n<meta property=\"og:site_name\" content=\"Van Wankum Ingredients\" \/>\n<meta property=\"article:modified_time\" content=\"2024-06-20T08:56:35+00:00\" \/>\n<meta name=\"twitter:card\" content=\"summary_large_image\" \/>\n<meta name=\"twitter:label1\" content=\"Tahmini okuma s\u00fcresi\" \/>\n\t<meta name=\"twitter:data1\" content=\"2 dakika\" \/>\n<script type=\"application\/ld+json\" class=\"yoast-schema-graph\">{\"@context\":\"https:\\\/\\\/schema.org\",\"@graph\":[{\"@type\":\"WebPage\",\"@id\":\"https:\\\/\\\/vw-ingredients.com\\\/tr\\\/stevia-tedarikcileri\",\"url\":\"https:\\\/\\\/vw-ingredients.com\\\/tr\\\/stevia-tedarikcileri\",\"name\":\"Stevia tedarik\u00e7ileri - Van Wankum Ingredients\",\"isPartOf\":{\"@id\":\"https:\\\/\\\/vw-ingredients.com\\\/tr#website\"},\"datePublished\":\"2021-11-11T22:24:26+00:00\",\"dateModified\":\"2024-06-20T08:56:35+00:00\",\"description\":\"Stevia'n\u0131n faydalar\u0131 nelerdir? Van Wankum Malzemeler. Uzman ekip \u2713D\u00fcnya \u00e7ap\u0131nda deneyim \u2713Tam hizmet bile\u015fenleri sa\u011flay\u0131c\u0131s\u0131\",\"breadcrumb\":{\"@id\":\"https:\\\/\\\/vw-ingredients.com\\\/tr\\\/stevia-tedarikcileri#breadcrumb\"},\"inLanguage\":\"tr\",\"potentialAction\":[{\"@type\":\"ReadAction\",\"target\":[\"https:\\\/\\\/vw-ingredients.com\\\/tr\\\/stevia-tedarikcileri\"]}]},{\"@type\":\"BreadcrumbList\",\"@id\":\"https:\\\/\\\/vw-ingredients.com\\\/tr\\\/stevia-tedarikcileri#breadcrumb\",\"itemListElement\":[{\"@type\":\"ListItem\",\"position\":1,\"name\":\"Home\",\"item\":\"https:\\\/\\\/vw-ingredients.com\\\/tr\"},{\"@type\":\"ListItem\",\"position\":2,\"name\":\"Stevia tedarik\u00e7ileri\"}]},{\"@type\":\"WebSite\",\"@id\":\"https:\\\/\\\/vw-ingredients.com\\\/tr#website\",\"url\":\"https:\\\/\\\/vw-ingredients.com\\\/tr\",\"name\":\"Van Wankum Ingredients\",\"description\":\"\",\"potentialAction\":[{\"@type\":\"SearchAction\",\"target\":{\"@type\":\"EntryPoint\",\"urlTemplate\":\"https:\\\/\\\/vw-ingredients.com\\\/tr?s={search_term_string}\"},\"query-input\":{\"@type\":\"PropertyValueSpecification\",\"valueRequired\":true,\"valueName\":\"search_term_string\"}}],\"inLanguage\":\"tr\"}]}<\/script>\n<!-- \/ Yoast SEO plugin. -->","yoast_head_json":{"title":"Stevia tedarik\u00e7ileri - Van Wankum Ingredients","description":"Stevia'n\u0131n faydalar\u0131 nelerdir? Van Wankum Malzemeler. Uzman ekip \u2713D\u00fcnya \u00e7ap\u0131nda deneyim \u2713Tam hizmet bile\u015fenleri sa\u011flay\u0131c\u0131s\u0131","robots":{"index":"index","follow":"follow","max-snippet":"max-snippet:-1","max-image-preview":"max-image-preview:large","max-video-preview":"max-video-preview:-1"},"canonical":"https:\/\/vw-ingredients.com\/tr\/stevia-tedarikcileri","og_locale":"tr_TR","og_type":"article","og_title":"Stevia tedarik\u00e7ileri - Van Wankum Ingredients","og_description":"Stevia'n\u0131n faydalar\u0131 nelerdir? Van Wankum Malzemeler. Uzman ekip \u2713D\u00fcnya \u00e7ap\u0131nda deneyim \u2713Tam hizmet bile\u015fenleri sa\u011flay\u0131c\u0131s\u0131","og_url":"https:\/\/vw-ingredients.com\/tr\/stevia-tedarikcileri","og_site_name":"Van Wankum Ingredients","article_modified_time":"2024-06-20T08:56:35+00:00","twitter_card":"summary_large_image","twitter_misc":{"Tahmini okuma s\u00fcresi":"2 dakika"},"schema":{"@context":"https:\/\/schema.org","@graph":[{"@type":"WebPage","@id":"https:\/\/vw-ingredients.com\/tr\/stevia-tedarikcileri","url":"https:\/\/vw-ingredients.com\/tr\/stevia-tedarikcileri","name":"Stevia tedarik\u00e7ileri - Van Wankum Ingredients","isPartOf":{"@id":"https:\/\/vw-ingredients.com\/tr#website"},"datePublished":"2021-11-11T22:24:26+00:00","dateModified":"2024-06-20T08:56:35+00:00","description":"Stevia'n\u0131n faydalar\u0131 nelerdir? Van Wankum Malzemeler. Uzman ekip \u2713D\u00fcnya \u00e7ap\u0131nda deneyim \u2713Tam hizmet bile\u015fenleri sa\u011flay\u0131c\u0131s\u0131","breadcrumb":{"@id":"https:\/\/vw-ingredients.com\/tr\/stevia-tedarikcileri#breadcrumb"},"inLanguage":"tr","potentialAction":[{"@type":"ReadAction","target":["https:\/\/vw-ingredients.com\/tr\/stevia-tedarikcileri"]}]},{"@type":"BreadcrumbList","@id":"https:\/\/vw-ingredients.com\/tr\/stevia-tedarikcileri#breadcrumb","itemListElement":[{"@type":"ListItem","position":1,"name":"Home","item":"https:\/\/vw-ingredients.com\/tr"},{"@type":"ListItem","position":2,"name":"Stevia tedarik\u00e7ileri"}]},{"@type":"WebSite","@id":"https:\/\/vw-ingredients.com\/tr#website","url":"https:\/\/vw-ingredients.com\/tr","name":"Van Wankum Ingredients","description":"","potentialAction":[{"@type":"SearchAction","target":{"@type":"EntryPoint","urlTemplate":"https:\/\/vw-ingredients.com\/tr?s={search_term_string}"},"query-input":{"@type":"PropertyValueSpecification","valueRequired":true,"valueName":"search_term_string"}}],"inLanguage":"tr"}]}},"_links":{"self":[{"href":"https:\/\/vw-ingredients.com\/tr\/wp-json\/wp\/v2\/pages\/6076","targetHints":{"allow":["GET"]}}],"collection":[{"href":"https:\/\/vw-ingredients.com\/tr\/wp-json\/wp\/v2\/pages"}],"about":[{"href":"https:\/\/vw-ingredients.com\/tr\/wp-json\/wp\/v2\/types\/page"}],"author":[{"embeddable":true,"href":"https:\/\/vw-ingredients.com\/tr\/wp-json\/wp\/v2\/users\/6"}],"replies":[{"embeddable":true,"href":"https:\/\/vw-ingredients.com\/tr\/wp-json\/wp\/v2\/comments?post=6076"}],"version-history":[{"count":1,"href":"https:\/\/vw-ingredients.com\/tr\/wp-json\/wp\/v2\/pages\/6076\/revisions"}],"predecessor-version":[{"id":6077,"href":"https:\/\/vw-ingredients.com\/tr\/wp-json\/wp\/v2\/pages\/6076\/revisions\/6077"}],"wp:attachment":[{"href":"https:\/\/vw-ingredients.com\/tr\/wp-json\/wp\/v2\/media?parent=6076"}],"curies":[{"name":"wp","href":"https:\/\/api.w.org\/{rel}","templated":true}]}}