{"id":6068,"date":"2021-11-11T21:44:54","date_gmt":"2021-11-11T21:44:54","guid":{"rendered":"https:\/\/vw-ingredients.com\/masa-ustu-uygulama-icin-stevia"},"modified":"2024-06-20T08:54:39","modified_gmt":"2024-06-20T08:54:39","slug":"masa-ustu-uygulama-icin-stevia","status":"publish","type":"page","link":"https:\/\/vw-ingredients.com\/tr\/masa-ustu-uygulama-icin-stevia","title":{"rendered":"Masa \u00dcst\u00fc Uygulama i\u00e7in Stevia"},"content":{"rendered":"\t\t<div data-elementor-type=\"wp-page\" data-elementor-id=\"6068\" class=\"elementor elementor-6068\" data-elementor-post-type=\"page\">\n\t\t\t\t\t\t<section class=\"elementor-section elementor-top-section elementor-element elementor-element-ddc7206 elementor-section-boxed elementor-section-height-default elementor-section-height-default\" data-id=\"ddc7206\" data-element_type=\"section\" data-e-type=\"section\" data-settings=\"{&quot;jet_parallax_layout_list&quot;:[]}\">\n\t\t\t\t\t\t<div class=\"elementor-container elementor-column-gap-default\">\n\t\t\t\t\t<div class=\"elementor-column elementor-col-50 elementor-top-column elementor-element elementor-element-a128652\" data-id=\"a128652\" data-element_type=\"column\" data-e-type=\"column\">\n\t\t\t<div class=\"elementor-widget-wrap elementor-element-populated\">\n\t\t\t\t\t\t<div class=\"elementor-element elementor-element-716e5c0 elementor-widget elementor-widget-text-editor\" data-id=\"716e5c0\" data-element_type=\"widget\" data-e-type=\"widget\" data-widget_type=\"text-editor.default\">\n\t\t\t\t<div class=\"elementor-widget-container\">\n\t\t\t\t\t\t\t\t\t<p>Stevia, \u015feker yerine kullan\u0131lan bir tatland\u0131r\u0131c\u0131d\u0131r. Stevia Rebaudania adl\u0131 bir bitkinin yapraklar\u0131ndan \u00e7\u0131kar\u0131l\u0131r. Stevia toz veya s\u0131v\u0131 formda kullan\u0131labilir. Stevia&#8217;n\u0131n aktif bile\u015fikleri, \u00e7e\u015fitli steviol glikozitler, \u015fekerden 250 &#8211; 300 kat daha tatl\u0131d\u0131r ve Stevia&#8217;y\u0131 \u015feker i\u00e7in ba\u015far\u0131l\u0131 bir ikame haline getirir. Stevia ayr\u0131ca \u0131s\u0131 alt\u0131nda ve \u00e7ok \u00e7e\u015fitli pH ko\u015fullar\u0131nda stabildir. Stevia, RA%60&#8217;dan RA%99&#8217;a kadar de\u011fi\u015fen farkl\u0131 konsantrasyonlarda mevcuttur.<\/p>\n<\/p>\n<p>Stevia 1970&#8217;lerin ba\u015f\u0131ndan beri ticari \u00fcr\u00fcnlerde kullan\u0131lmaktad\u0131r. \u0130lk olarak Japonya&#8217;da pop\u00fcler oldu. Japonlar bunu siklamat ve sakarin gibi tatland\u0131r\u0131c\u0131lar\u0131n yerine kullanm\u0131\u015flard\u0131r. Stevia bug\u00fcn d\u00fcnya \u00e7ap\u0131nda \u00e7ok \u00e7e\u015fitli \u00fcr\u00fcnlerde kullan\u0131lmaktad\u0131r. Stevia&#8217;n\u0131n hangi \u00fcr\u00fcnlerde kullan\u0131labilece\u011fini g\u00f6rmek i\u00e7in a\u015fa\u011f\u0131daki listemize g\u00f6z at\u0131n.<\/p>\n<\/p>\n<p>Stevia, Japonya&#8217;da ilk kez pop\u00fcler hale geldi\u011fi 1970&#8217;li y\u0131llar\u0131n ba\u015f\u0131ndan beri ticari \u00fcr\u00fcnlerde kullan\u0131lmaktad\u0131r. Japonlar bu tatland\u0131r\u0131c\u0131y\u0131 siklamat ve sakarin gibi di\u011fer tatland\u0131r\u0131c\u0131lar\u0131n yerine kullanmaya ba\u015flad\u0131. Stevia art\u0131k d\u00fcnya \u00e7ap\u0131nda geni\u015f bir \u00fcr\u00fcn yelpazesinde kullan\u0131lmaktad\u0131r. Stevia&#8217;n\u0131n hangi \u00fcr\u00fcnler i\u00e7in uygun oldu\u011funu g\u00f6rmek i\u00e7in a\u015fa\u011f\u0131daki listemize g\u00f6z at\u0131n. Stevia toz veya s\u0131v\u0131 formda mevcuttur.<\/p>\n<\/p>\n<h2><strong>Stevia&#8217;n\u0131n Faydalar\u0131<\/strong><\/h2>\n<ul>\n<li>Stevia \u015fekerden 30 &#8211; 350 kat daha tatl\u0131 olabilir<\/li>\n<li>Stevia di\u015f \u00e7\u00fcr\u00fcklerini te\u015fvik etmez<\/li>\n<li>Stevia&#8217;n\u0131n kalorisi yoktur<\/li>\n<li>Hem diyabet hastalar\u0131 hem de diyabet hastas\u0131 olmayanlar Stevia&#8217;y\u0131 g\u00fcvenle t\u00fcketebilir<\/li>\n<\/ul>\n<p>Masa \u00fcst\u00fc end\u00fcstrisi i\u00e7in Stevia&#8217;y\u0131 S\u0131v\u0131 formda, Toz formda ve Gran\u00fcl Formda tedarik edebiliriz.<\/p>\n<\/p>\n<h2><strong>Van Wankum malzemeleri<\/strong><\/h2>\n<p>Van Wankum Ingredients her zaman \u00e7evre dostu ve &#8220;ye\u015fil&#8221; \u00fcr\u00fcnler aramaktad\u0131r.<br \/>\u00fcr\u00fcnleri ve ilkeleri i\u00e7in f\u0131rsatlar. M\u00fc\u015fterilerimizle uzun vadeli ili\u015fkiler i\u00e7in<br \/>m\u00fc\u015fteriler ve y\u00fcksek kaliteli hizmet. L\u00fctfen YEAST Beta Glukan talep etmekten \u00e7ekinmeyin<br \/>\u00f6rnek veya sorular\u0131n\u0131z veya talepleriniz i\u00e7in do\u011frudan bizimle ileti\u015fime ge\u00e7in.<\/p>\n\t\t\t\t\t\t\t\t<\/div>\n\t\t\t\t<\/div>\n\t\t\t\t\t<\/div>\n\t\t<\/div>\n\t\t\t\t<div class=\"elementor-column elementor-col-50 elementor-top-column elementor-element elementor-element-5d724d4\" data-id=\"5d724d4\" data-element_type=\"column\" data-e-type=\"column\">\n\t\t\t<div class=\"elementor-widget-wrap elementor-element-populated\">\n\t\t\t\t\t\t<section class=\"elementor-section elementor-inner-section elementor-element elementor-element-f4364dc elementor-section-height-min-height elementor-section-boxed elementor-section-height-default elementor-invisible\" data-id=\"f4364dc\" data-element_type=\"section\" data-e-type=\"section\" data-settings=\"{&quot;sticky&quot;:&quot;top&quot;,&quot;sticky_on&quot;:[&quot;desktop&quot;],&quot;sticky_parent&quot;:&quot;yes&quot;,&quot;sticky_offset&quot;:125,&quot;animation&quot;:&quot;fadeInRight&quot;,&quot;jet_parallax_layout_list&quot;:[],&quot;sticky_effects_offset&quot;:0,&quot;sticky_anchor_link_offset&quot;:0}\">\n\t\t\t\t\t\t<div class=\"elementor-container elementor-column-gap-default\">\n\t\t\t\t\t<div class=\"elementor-column elementor-col-100 elementor-inner-column elementor-element elementor-element-fdc73ad\" data-id=\"fdc73ad\" data-element_type=\"column\" data-e-type=\"column\" data-settings=\"{&quot;background_background&quot;:&quot;classic&quot;}\">\n\t\t\t<div class=\"elementor-widget-wrap elementor-element-populated\">\n\t\t\t\t\t\t<div class=\"elementor-element elementor-element-200cafd elementor-widget elementor-widget-heading\" data-id=\"200cafd\" data-element_type=\"widget\" data-e-type=\"widget\" data-widget_type=\"heading.default\">\n\t\t\t\t<div class=\"elementor-widget-container\">\n\t\t\t\t\t<h2 class=\"elementor-heading-title elementor-size-default\">\u00d6rnek talep edin<\/h2>\t\t\t\t<\/div>\n\t\t\t\t<\/div>\n\t\t\t\t<div class=\"elementor-element elementor-element-7b5f110 elementor-widget elementor-widget-text-editor\" data-id=\"7b5f110\" data-element_type=\"widget\" data-e-type=\"widget\" data-widget_type=\"text-editor.default\">\n\t\t\t\t<div class=\"elementor-widget-container\">\n\t\t\t\t\t\t\t\t\t<p>Hangi \u00f6rnekleri almak istedi\u011finizi bize bildirin. \u00dcr\u00fcn listemizden numunelerinizi se\u00e7in ve g\u00f6nder butonuna t\u0131klay\u0131n.<\/p>\n\t\t\t\t\t\t\t\t<\/div>\n\t\t\t\t<\/div>\n\t\t\t\t<div class=\"elementor-element elementor-element-68c8a2e elementor-widget elementor-widget-button\" data-id=\"68c8a2e\" data-element_type=\"widget\" data-e-type=\"widget\" data-widget_type=\"button.default\">\n\t\t\t\t<div class=\"elementor-widget-container\">\n\t\t\t\t\t\t\t\t\t<div class=\"elementor-button-wrapper\">\n\t\t\t\t\t<a class=\"elementor-button elementor-button-link elementor-size-sm\" href=\"https:\/\/vw-ingredients.com\/tr\/urunler\">\n\t\t\t\t\t\t<span class=\"elementor-button-content-wrapper\">\n\t\t\t\t\t\t\t\t\t<span class=\"elementor-button-text\">\u00d6rnek talep edin<\/span>\n\t\t\t\t\t<\/span>\n\t\t\t\t\t<\/a>\n\t\t\t\t<\/div>\n\t\t\t\t\t\t\t\t<\/div>\n\t\t\t\t<\/div>\n\t\t\t\t\t<\/div>\n\t\t<\/div>\n\t\t\t\t\t<\/div>\n\t\t<\/section>\n\t\t\t\t\t<\/div>\n\t\t<\/div>\n\t\t\t\t\t<\/div>\n\t\t<\/section>\n\t\t\t\t<\/div>\n\t\t","protected":false},"excerpt":{"rendered":"<p>Stevia, \u015feker yerine kullan\u0131lan bir tatland\u0131r\u0131c\u0131d\u0131r. Stevia Rebaudania adl\u0131 bir bitkinin yapraklar\u0131ndan \u00e7\u0131kar\u0131l\u0131r. Stevia toz veya s\u0131v\u0131 formda kullan\u0131labilir. Stevia&#8217;n\u0131n aktif bile\u015fikleri, \u00e7e\u015fitli steviol glikozitler, \u015fekerden 250 &#8211; 300 kat daha tatl\u0131d\u0131r ve Stevia&#8217;y\u0131 \u015feker i\u00e7in ba\u015far\u0131l\u0131 bir ikame haline getirir. Stevia ayr\u0131ca \u0131s\u0131 alt\u0131nda ve \u00e7ok \u00e7e\u015fitli pH ko\u015fullar\u0131nda stabildir. Stevia, RA%60&#8217;dan RA%99&#8217;a kadar [&hellip;]<\/p>\n","protected":false},"author":6,"featured_media":0,"parent":0,"menu_order":0,"comment_status":"closed","ping_status":"closed","template":"elementor_header_footer","meta":{"_acf_changed":false,"footnotes":""},"class_list":["post-6068","page","type-page","status-publish","hentry"],"acf":[],"yoast_head":"<!-- This site is optimized with the Yoast SEO plugin v27.3 - https:\/\/yoast.com\/product\/yoast-seo-wordpress\/ -->\n<title>Masa \u00dcst\u00fc Uygulama i\u00e7in Stevia - Van Wankum Ingredients<\/title>\n<meta name=\"description\" content=\"Stevia, \u015feker yerine kullan\u0131lan bir tatland\u0131r\u0131c\u0131d\u0131r. Stevia Rebaudania adl\u0131 bir bitkinin yapraklar\u0131ndan \u00e7\u0131kar\u0131l\u0131r. Stevia toz veya s\u0131v\u0131 formda\" \/>\n<meta name=\"robots\" content=\"index, follow, max-snippet:-1, max-image-preview:large, max-video-preview:-1\" \/>\n<link rel=\"canonical\" href=\"https:\/\/vw-ingredients.com\/tr\/masa-ustu-uygulama-icin-stevia\" \/>\n<meta property=\"og:locale\" content=\"tr_TR\" \/>\n<meta property=\"og:type\" content=\"article\" \/>\n<meta property=\"og:title\" content=\"Masa \u00dcst\u00fc Uygulama i\u00e7in Stevia - Van Wankum Ingredients\" \/>\n<meta property=\"og:description\" content=\"Stevia, \u015feker yerine kullan\u0131lan bir tatland\u0131r\u0131c\u0131d\u0131r. Stevia Rebaudania adl\u0131 bir bitkinin yapraklar\u0131ndan \u00e7\u0131kar\u0131l\u0131r. Stevia toz veya s\u0131v\u0131 formda\" \/>\n<meta property=\"og:url\" content=\"https:\/\/vw-ingredients.com\/tr\/masa-ustu-uygulama-icin-stevia\" \/>\n<meta property=\"og:site_name\" content=\"Van Wankum Ingredients\" \/>\n<meta property=\"article:modified_time\" content=\"2024-06-20T08:54:39+00:00\" \/>\n<meta name=\"twitter:card\" content=\"summary_large_image\" \/>\n<meta name=\"twitter:label1\" content=\"Tahmini okuma s\u00fcresi\" \/>\n\t<meta name=\"twitter:data1\" content=\"2 dakika\" \/>\n<script type=\"application\/ld+json\" class=\"yoast-schema-graph\">{\"@context\":\"https:\\\/\\\/schema.org\",\"@graph\":[{\"@type\":\"WebPage\",\"@id\":\"https:\\\/\\\/vw-ingredients.com\\\/tr\\\/masa-ustu-uygulama-icin-stevia\",\"url\":\"https:\\\/\\\/vw-ingredients.com\\\/tr\\\/masa-ustu-uygulama-icin-stevia\",\"name\":\"Masa \u00dcst\u00fc Uygulama i\u00e7in Stevia - Van Wankum Ingredients\",\"isPartOf\":{\"@id\":\"https:\\\/\\\/vw-ingredients.com\\\/tr#website\"},\"datePublished\":\"2021-11-11T21:44:54+00:00\",\"dateModified\":\"2024-06-20T08:54:39+00:00\",\"description\":\"Stevia, \u015feker yerine kullan\u0131lan bir tatland\u0131r\u0131c\u0131d\u0131r. Stevia Rebaudania adl\u0131 bir bitkinin yapraklar\u0131ndan \u00e7\u0131kar\u0131l\u0131r. Stevia toz veya s\u0131v\u0131 formda\",\"breadcrumb\":{\"@id\":\"https:\\\/\\\/vw-ingredients.com\\\/tr\\\/masa-ustu-uygulama-icin-stevia#breadcrumb\"},\"inLanguage\":\"tr\",\"potentialAction\":[{\"@type\":\"ReadAction\",\"target\":[\"https:\\\/\\\/vw-ingredients.com\\\/tr\\\/masa-ustu-uygulama-icin-stevia\"]}]},{\"@type\":\"BreadcrumbList\",\"@id\":\"https:\\\/\\\/vw-ingredients.com\\\/tr\\\/masa-ustu-uygulama-icin-stevia#breadcrumb\",\"itemListElement\":[{\"@type\":\"ListItem\",\"position\":1,\"name\":\"Home\",\"item\":\"https:\\\/\\\/vw-ingredients.com\\\/tr\"},{\"@type\":\"ListItem\",\"position\":2,\"name\":\"Masa \u00dcst\u00fc Uygulama i\u00e7in Stevia\"}]},{\"@type\":\"WebSite\",\"@id\":\"https:\\\/\\\/vw-ingredients.com\\\/tr#website\",\"url\":\"https:\\\/\\\/vw-ingredients.com\\\/tr\",\"name\":\"Van Wankum Ingredients\",\"description\":\"\",\"potentialAction\":[{\"@type\":\"SearchAction\",\"target\":{\"@type\":\"EntryPoint\",\"urlTemplate\":\"https:\\\/\\\/vw-ingredients.com\\\/tr?s={search_term_string}\"},\"query-input\":{\"@type\":\"PropertyValueSpecification\",\"valueRequired\":true,\"valueName\":\"search_term_string\"}}],\"inLanguage\":\"tr\"}]}<\/script>\n<!-- \/ Yoast SEO plugin. -->","yoast_head_json":{"title":"Masa \u00dcst\u00fc Uygulama i\u00e7in Stevia - Van Wankum Ingredients","description":"Stevia, \u015feker yerine kullan\u0131lan bir tatland\u0131r\u0131c\u0131d\u0131r. Stevia Rebaudania adl\u0131 bir bitkinin yapraklar\u0131ndan \u00e7\u0131kar\u0131l\u0131r. Stevia toz veya s\u0131v\u0131 formda","robots":{"index":"index","follow":"follow","max-snippet":"max-snippet:-1","max-image-preview":"max-image-preview:large","max-video-preview":"max-video-preview:-1"},"canonical":"https:\/\/vw-ingredients.com\/tr\/masa-ustu-uygulama-icin-stevia","og_locale":"tr_TR","og_type":"article","og_title":"Masa \u00dcst\u00fc Uygulama i\u00e7in Stevia - Van Wankum Ingredients","og_description":"Stevia, \u015feker yerine kullan\u0131lan bir tatland\u0131r\u0131c\u0131d\u0131r. Stevia Rebaudania adl\u0131 bir bitkinin yapraklar\u0131ndan \u00e7\u0131kar\u0131l\u0131r. Stevia toz veya s\u0131v\u0131 formda","og_url":"https:\/\/vw-ingredients.com\/tr\/masa-ustu-uygulama-icin-stevia","og_site_name":"Van Wankum Ingredients","article_modified_time":"2024-06-20T08:54:39+00:00","twitter_card":"summary_large_image","twitter_misc":{"Tahmini okuma s\u00fcresi":"2 dakika"},"schema":{"@context":"https:\/\/schema.org","@graph":[{"@type":"WebPage","@id":"https:\/\/vw-ingredients.com\/tr\/masa-ustu-uygulama-icin-stevia","url":"https:\/\/vw-ingredients.com\/tr\/masa-ustu-uygulama-icin-stevia","name":"Masa \u00dcst\u00fc Uygulama i\u00e7in Stevia - Van Wankum Ingredients","isPartOf":{"@id":"https:\/\/vw-ingredients.com\/tr#website"},"datePublished":"2021-11-11T21:44:54+00:00","dateModified":"2024-06-20T08:54:39+00:00","description":"Stevia, \u015feker yerine kullan\u0131lan bir tatland\u0131r\u0131c\u0131d\u0131r. Stevia Rebaudania adl\u0131 bir bitkinin yapraklar\u0131ndan \u00e7\u0131kar\u0131l\u0131r. Stevia toz veya s\u0131v\u0131 formda","breadcrumb":{"@id":"https:\/\/vw-ingredients.com\/tr\/masa-ustu-uygulama-icin-stevia#breadcrumb"},"inLanguage":"tr","potentialAction":[{"@type":"ReadAction","target":["https:\/\/vw-ingredients.com\/tr\/masa-ustu-uygulama-icin-stevia"]}]},{"@type":"BreadcrumbList","@id":"https:\/\/vw-ingredients.com\/tr\/masa-ustu-uygulama-icin-stevia#breadcrumb","itemListElement":[{"@type":"ListItem","position":1,"name":"Home","item":"https:\/\/vw-ingredients.com\/tr"},{"@type":"ListItem","position":2,"name":"Masa \u00dcst\u00fc Uygulama i\u00e7in Stevia"}]},{"@type":"WebSite","@id":"https:\/\/vw-ingredients.com\/tr#website","url":"https:\/\/vw-ingredients.com\/tr","name":"Van Wankum Ingredients","description":"","potentialAction":[{"@type":"SearchAction","target":{"@type":"EntryPoint","urlTemplate":"https:\/\/vw-ingredients.com\/tr?s={search_term_string}"},"query-input":{"@type":"PropertyValueSpecification","valueRequired":true,"valueName":"search_term_string"}}],"inLanguage":"tr"}]}},"_links":{"self":[{"href":"https:\/\/vw-ingredients.com\/tr\/wp-json\/wp\/v2\/pages\/6068","targetHints":{"allow":["GET"]}}],"collection":[{"href":"https:\/\/vw-ingredients.com\/tr\/wp-json\/wp\/v2\/pages"}],"about":[{"href":"https:\/\/vw-ingredients.com\/tr\/wp-json\/wp\/v2\/types\/page"}],"author":[{"embeddable":true,"href":"https:\/\/vw-ingredients.com\/tr\/wp-json\/wp\/v2\/users\/6"}],"replies":[{"embeddable":true,"href":"https:\/\/vw-ingredients.com\/tr\/wp-json\/wp\/v2\/comments?post=6068"}],"version-history":[{"count":1,"href":"https:\/\/vw-ingredients.com\/tr\/wp-json\/wp\/v2\/pages\/6068\/revisions"}],"predecessor-version":[{"id":6069,"href":"https:\/\/vw-ingredients.com\/tr\/wp-json\/wp\/v2\/pages\/6068\/revisions\/6069"}],"wp:attachment":[{"href":"https:\/\/vw-ingredients.com\/tr\/wp-json\/wp\/v2\/media?parent=6068"}],"curies":[{"name":"wp","href":"https:\/\/api.w.org\/{rel}","templated":true}]}}