{"id":6062,"date":"2021-11-11T21:28:47","date_gmt":"2021-11-11T21:28:47","guid":{"rendered":"https:\/\/vw-ingredients.com\/sialik-asit-faydalari"},"modified":"2024-06-20T08:53:38","modified_gmt":"2024-06-20T08:53:38","slug":"sialik-asit-faydalari","status":"publish","type":"page","link":"https:\/\/vw-ingredients.com\/tr\/sialik-asit-faydalari","title":{"rendered":"Sialik Asit faydalar\u0131"},"content":{"rendered":"\t\t<div data-elementor-type=\"wp-page\" data-elementor-id=\"6062\" class=\"elementor elementor-6062\" data-elementor-post-type=\"page\">\n\t\t\t\t\t\t<section class=\"elementor-section elementor-top-section elementor-element elementor-element-ddc7206 elementor-section-boxed elementor-section-height-default elementor-section-height-default\" data-id=\"ddc7206\" data-element_type=\"section\" data-e-type=\"section\" data-settings=\"{&quot;jet_parallax_layout_list&quot;:[]}\">\n\t\t\t\t\t\t<div class=\"elementor-container elementor-column-gap-default\">\n\t\t\t\t\t<div class=\"elementor-column elementor-col-50 elementor-top-column elementor-element elementor-element-a128652\" data-id=\"a128652\" data-element_type=\"column\" data-e-type=\"column\">\n\t\t\t<div class=\"elementor-widget-wrap elementor-element-populated\">\n\t\t\t\t\t\t<div class=\"elementor-element elementor-element-716e5c0 elementor-widget elementor-widget-text-editor\" data-id=\"716e5c0\" data-element_type=\"widget\" data-e-type=\"widget\" data-widget_type=\"text-editor.default\">\n\t\t\t\t<div class=\"elementor-widget-container\">\n\t\t\t\t\t\t\t\t\t<p>Van Wankum Ingredients, G\u0131da ve \u0130\u00e7ecek, Kozmetik, \u0130la\u00e7 ve Sa\u011fl\u0131k sekt\u00f6rlerindeki bir\u00e7ok farkl\u0131 m\u00fc\u015fteri i\u00e7in tam hizmet veren bir bile\u015fen sa\u011flay\u0131c\u0131s\u0131d\u0131r. Y\u00fcksek kaliteli bile\u015fenler ve katk\u0131 maddeleri sunuyoruz. Hizmetlerimiz aras\u0131nda numune alma, uygun maliyetli lojistik, kalite belgeleri ve dan\u0131\u015fmanl\u0131k yer almaktad\u0131r. Ticari, lojistik ve finans uzmanlar\u0131 ile g\u0131da teknolojisi uzmanlar\u0131ndan olu\u015fan ekibimiz, d\u00fcnya \u00e7ap\u0131nda 30 y\u0131l\u0131 a\u015fk\u0131n mesleki deneyimi payla\u015fmakta ve m\u00fc\u015fterilerin ihtiya\u00e7lar\u0131n\u0131 kar\u015f\u0131lamaya kendini adam\u0131\u015ft\u0131r. Sialik Asit Faydalar\u0131n\u0131 a\u00e7\u0131klayal\u0131m;<\/p>\n<\/p>\n<h2>SIALIK ASIT NEDIR?<\/h2>\n<p>N-asetiln\u00f6raminik olarak da bilinen Sialik Asit, \u0130nsan S\u00fct\u00fc Oligosakkaritlerinde (HMO) \u00f6nemli bir bile\u015fendir. Anne s\u00fct\u00fcnde bulunur ve karakteristik bir fonksiyonel bile\u015fendir. Sialik Asit, sinir h\u00fccrelerinin, epitel h\u00fccrelerinin ve ba\u011f\u0131\u015f\u0131kl\u0131k h\u00fccrelerinin geli\u015fimini ve fonksiyonel onar\u0131m\u0131n\u0131 etkili bir \u015fekilde te\u015fvik edebilir, bu da ba\u011f\u0131\u015f\u0131kl\u0131\u011f\u0131 iyile\u015ftirme, entelekt\u00fcel geli\u015fimi te\u015fvik etme, cildi besleme ve ya\u015flanmay\u0131 geciktirme etkisi yaratabilir.<\/p>\n<\/p>\n<h2>SIALIK ASIDIN FAYDALARI<\/h2>\n<p>Sialik Asit veya N-asetiln\u00f6raminik bir\u00e7ok faydaya sahiptir, A\u015fa\u011f\u0131da bir dizi Fayday\u0131 listeledik:<\/p>\n<\/p>\n<p>&#8211; Sialik Asit ba\u011f\u0131\u015f\u0131kl\u0131k sisteminin etkinli\u011fini korur ve uyar\u0131r<br \/>&#8211; Sialik asit beyin geli\u015fimini destekler.<br \/>&#8211; Sialik Asit beyin fonksiyon bozuklu\u011funu geciktirir ve hasarl\u0131 sinir h\u00fccrelerini destekler.<br \/>&#8211; Sialik Asit h\u00fccrelerin canl\u0131l\u0131\u011f\u0131n\u0131 g\u00fc\u00e7lendirir ve Ba\u011f\u0131\u015f\u0131kl\u0131\u011f\u0131 art\u0131r\u0131r.<\/p>\n<\/p>\n<h2>Sertifikalar:<\/h2>\n<p>&#8211; BRC<br \/>&#8211; GDO&#8217;suz<br \/>&#8211; Alerjen i\u00e7ermez<br \/>&#8211; Ko\u015fer\/Helal sertifikal\u0131<\/p>\n<h2>Sialik asit uygulamalar\u0131<\/h2>\n<p>&#8211; Beslenme ve Diyet \u00dcr\u00fcnleri<br \/>&#8211; Ba\u011f\u0131\u015f\u0131kl\u0131\u011f\u0131 g\u00fc\u00e7lendiren g\u0131dalar<br \/>&#8211; Kilo verdiren yiyecekler<br \/>&#8211; Ya\u015flanma kar\u015f\u0131t\u0131 g\u0131dalar<br \/>&#8211; Bebek Beslenmesi<\/p>\n<\/p>\n<h2>Van Wankum malzemeleri<\/h2>\n<p>Van Wankum Ingredients her zaman \u00e7evre dostu ve &#8220;ye\u015fil&#8221; \u00fcr\u00fcnler aramaktad\u0131r.<br \/>\u00fcr\u00fcnleri ve ilkeleri i\u00e7in f\u0131rsatlar. M\u00fc\u015fterilerimizle uzun vadeli ili\u015fkiler i\u00e7in<br \/>m\u00fc\u015fteriler ve y\u00fcksek kaliteli hizmet. L\u00fctfen bir Sialik Asit talep etmekten \u00e7ekinmeyin<br \/>\u00f6rnek veya sorular\u0131n\u0131z veya talepleriniz i\u00e7in do\u011frudan bizimle ileti\u015fime ge\u00e7in.<\/p>\n\t\t\t\t\t\t\t\t<\/div>\n\t\t\t\t<\/div>\n\t\t\t\t\t<\/div>\n\t\t<\/div>\n\t\t\t\t<div class=\"elementor-column elementor-col-50 elementor-top-column elementor-element elementor-element-5d724d4\" data-id=\"5d724d4\" data-element_type=\"column\" data-e-type=\"column\">\n\t\t\t<div class=\"elementor-widget-wrap elementor-element-populated\">\n\t\t\t\t\t\t<section class=\"elementor-section elementor-inner-section elementor-element elementor-element-f4364dc elementor-section-height-min-height elementor-section-boxed elementor-section-height-default elementor-invisible\" data-id=\"f4364dc\" data-element_type=\"section\" data-e-type=\"section\" data-settings=\"{&quot;sticky&quot;:&quot;top&quot;,&quot;sticky_on&quot;:[&quot;desktop&quot;],&quot;sticky_parent&quot;:&quot;yes&quot;,&quot;sticky_offset&quot;:125,&quot;animation&quot;:&quot;fadeInRight&quot;,&quot;jet_parallax_layout_list&quot;:[],&quot;sticky_effects_offset&quot;:0,&quot;sticky_anchor_link_offset&quot;:0}\">\n\t\t\t\t\t\t<div class=\"elementor-container elementor-column-gap-default\">\n\t\t\t\t\t<div class=\"elementor-column elementor-col-100 elementor-inner-column elementor-element elementor-element-fdc73ad\" data-id=\"fdc73ad\" data-element_type=\"column\" data-e-type=\"column\" data-settings=\"{&quot;background_background&quot;:&quot;classic&quot;}\">\n\t\t\t<div class=\"elementor-widget-wrap elementor-element-populated\">\n\t\t\t\t\t\t<div class=\"elementor-element elementor-element-200cafd elementor-widget elementor-widget-heading\" data-id=\"200cafd\" data-element_type=\"widget\" data-e-type=\"widget\" data-widget_type=\"heading.default\">\n\t\t\t\t<div class=\"elementor-widget-container\">\n\t\t\t\t\t<h2 class=\"elementor-heading-title elementor-size-default\">\u00d6rnek talep edin<\/h2>\t\t\t\t<\/div>\n\t\t\t\t<\/div>\n\t\t\t\t<div class=\"elementor-element elementor-element-7b5f110 elementor-widget elementor-widget-text-editor\" data-id=\"7b5f110\" data-element_type=\"widget\" data-e-type=\"widget\" data-widget_type=\"text-editor.default\">\n\t\t\t\t<div class=\"elementor-widget-container\">\n\t\t\t\t\t\t\t\t\t<p>Hangi \u00f6rnekleri almak istedi\u011finizi bize bildirin. \u00dcr\u00fcn listemizden numunelerinizi se\u00e7in ve g\u00f6nder butonuna t\u0131klay\u0131n.<\/p>\n\t\t\t\t\t\t\t\t<\/div>\n\t\t\t\t<\/div>\n\t\t\t\t<div class=\"elementor-element elementor-element-68c8a2e elementor-widget elementor-widget-button\" data-id=\"68c8a2e\" data-element_type=\"widget\" data-e-type=\"widget\" data-widget_type=\"button.default\">\n\t\t\t\t<div class=\"elementor-widget-container\">\n\t\t\t\t\t\t\t\t\t<div class=\"elementor-button-wrapper\">\n\t\t\t\t\t<a class=\"elementor-button elementor-button-link elementor-size-sm\" href=\"https:\/\/vw-ingredients.com\/tr\/urunler\">\n\t\t\t\t\t\t<span class=\"elementor-button-content-wrapper\">\n\t\t\t\t\t\t\t\t\t<span class=\"elementor-button-text\">\u00d6rnek talep edin<\/span>\n\t\t\t\t\t<\/span>\n\t\t\t\t\t<\/a>\n\t\t\t\t<\/div>\n\t\t\t\t\t\t\t\t<\/div>\n\t\t\t\t<\/div>\n\t\t\t\t\t<\/div>\n\t\t<\/div>\n\t\t\t\t\t<\/div>\n\t\t<\/section>\n\t\t\t\t\t<\/div>\n\t\t<\/div>\n\t\t\t\t\t<\/div>\n\t\t<\/section>\n\t\t\t\t<\/div>\n\t\t","protected":false},"excerpt":{"rendered":"<p>Van Wankum Ingredients, G\u0131da ve \u0130\u00e7ecek, Kozmetik, \u0130la\u00e7 ve Sa\u011fl\u0131k sekt\u00f6rlerindeki bir\u00e7ok farkl\u0131 m\u00fc\u015fteri i\u00e7in tam hizmet veren bir bile\u015fen sa\u011flay\u0131c\u0131s\u0131d\u0131r. Y\u00fcksek kaliteli bile\u015fenler ve katk\u0131 maddeleri sunuyoruz. Hizmetlerimiz aras\u0131nda numune alma, uygun maliyetli lojistik, kalite belgeleri ve dan\u0131\u015fmanl\u0131k yer almaktad\u0131r. Ticari, lojistik ve finans uzmanlar\u0131 ile g\u0131da teknolojisi uzmanlar\u0131ndan olu\u015fan ekibimiz, d\u00fcnya \u00e7ap\u0131nda 30 [&hellip;]<\/p>\n","protected":false},"author":6,"featured_media":0,"parent":0,"menu_order":0,"comment_status":"closed","ping_status":"closed","template":"elementor_header_footer","meta":{"_acf_changed":false,"footnotes":""},"class_list":["post-6062","page","type-page","status-publish","hentry"],"acf":[],"yoast_head":"<!-- This site is optimized with the Yoast SEO plugin v27.3 - https:\/\/yoast.com\/product\/yoast-seo-wordpress\/ -->\n<title>Sialik Asit faydalar\u0131 | Van Wankum Malzemeler<\/title>\n<meta name=\"description\" content=\"N-asetiln\u00f6raminik olarak da bilinen Sialik Asit faydalar\u0131, \u0130nsan S\u00fct\u00fc Oligosakkaritlerinde (HMO) \u00f6nemli bir bile\u015fendir. VW - \u0130\u00e7indekiler\" \/>\n<meta name=\"robots\" content=\"index, follow, max-snippet:-1, max-image-preview:large, max-video-preview:-1\" \/>\n<link rel=\"canonical\" href=\"https:\/\/vw-ingredients.com\/tr\/sialik-asit-faydalari\" \/>\n<meta property=\"og:locale\" content=\"tr_TR\" \/>\n<meta property=\"og:type\" content=\"article\" \/>\n<meta property=\"og:title\" content=\"Sialik Asit faydalar\u0131 | Van Wankum Malzemeler\" \/>\n<meta property=\"og:description\" content=\"N-asetiln\u00f6raminik olarak da bilinen Sialik Asit faydalar\u0131, \u0130nsan S\u00fct\u00fc Oligosakkaritlerinde (HMO) \u00f6nemli bir bile\u015fendir. VW - \u0130\u00e7indekiler\" \/>\n<meta property=\"og:url\" content=\"https:\/\/vw-ingredients.com\/tr\/sialik-asit-faydalari\" \/>\n<meta property=\"og:site_name\" content=\"Van Wankum Ingredients\" \/>\n<meta property=\"article:modified_time\" content=\"2024-06-20T08:53:38+00:00\" \/>\n<meta name=\"twitter:card\" content=\"summary_large_image\" \/>\n<meta name=\"twitter:label1\" content=\"Tahmini okuma s\u00fcresi\" \/>\n\t<meta name=\"twitter:data1\" content=\"2 dakika\" \/>\n<script type=\"application\/ld+json\" class=\"yoast-schema-graph\">{\"@context\":\"https:\\\/\\\/schema.org\",\"@graph\":[{\"@type\":\"WebPage\",\"@id\":\"https:\\\/\\\/vw-ingredients.com\\\/tr\\\/sialik-asit-faydalari\",\"url\":\"https:\\\/\\\/vw-ingredients.com\\\/tr\\\/sialik-asit-faydalari\",\"name\":\"Sialik Asit faydalar\u0131 | Van Wankum Malzemeler\",\"isPartOf\":{\"@id\":\"https:\\\/\\\/vw-ingredients.com\\\/tr#website\"},\"datePublished\":\"2021-11-11T21:28:47+00:00\",\"dateModified\":\"2024-06-20T08:53:38+00:00\",\"description\":\"N-asetiln\u00f6raminik olarak da bilinen Sialik Asit faydalar\u0131, \u0130nsan S\u00fct\u00fc Oligosakkaritlerinde (HMO) \u00f6nemli bir bile\u015fendir. VW - \u0130\u00e7indekiler\",\"breadcrumb\":{\"@id\":\"https:\\\/\\\/vw-ingredients.com\\\/tr\\\/sialik-asit-faydalari#breadcrumb\"},\"inLanguage\":\"tr\",\"potentialAction\":[{\"@type\":\"ReadAction\",\"target\":[\"https:\\\/\\\/vw-ingredients.com\\\/tr\\\/sialik-asit-faydalari\"]}]},{\"@type\":\"BreadcrumbList\",\"@id\":\"https:\\\/\\\/vw-ingredients.com\\\/tr\\\/sialik-asit-faydalari#breadcrumb\",\"itemListElement\":[{\"@type\":\"ListItem\",\"position\":1,\"name\":\"Home\",\"item\":\"https:\\\/\\\/vw-ingredients.com\\\/tr\"},{\"@type\":\"ListItem\",\"position\":2,\"name\":\"Sialik Asit faydalar\u0131\"}]},{\"@type\":\"WebSite\",\"@id\":\"https:\\\/\\\/vw-ingredients.com\\\/tr#website\",\"url\":\"https:\\\/\\\/vw-ingredients.com\\\/tr\",\"name\":\"Van Wankum Ingredients\",\"description\":\"\",\"potentialAction\":[{\"@type\":\"SearchAction\",\"target\":{\"@type\":\"EntryPoint\",\"urlTemplate\":\"https:\\\/\\\/vw-ingredients.com\\\/tr?s={search_term_string}\"},\"query-input\":{\"@type\":\"PropertyValueSpecification\",\"valueRequired\":true,\"valueName\":\"search_term_string\"}}],\"inLanguage\":\"tr\"}]}<\/script>\n<!-- \/ Yoast SEO plugin. -->","yoast_head_json":{"title":"Sialik Asit faydalar\u0131 | Van Wankum Malzemeler","description":"N-asetiln\u00f6raminik olarak da bilinen Sialik Asit faydalar\u0131, \u0130nsan S\u00fct\u00fc Oligosakkaritlerinde (HMO) \u00f6nemli bir bile\u015fendir. VW - \u0130\u00e7indekiler","robots":{"index":"index","follow":"follow","max-snippet":"max-snippet:-1","max-image-preview":"max-image-preview:large","max-video-preview":"max-video-preview:-1"},"canonical":"https:\/\/vw-ingredients.com\/tr\/sialik-asit-faydalari","og_locale":"tr_TR","og_type":"article","og_title":"Sialik Asit faydalar\u0131 | Van Wankum Malzemeler","og_description":"N-asetiln\u00f6raminik olarak da bilinen Sialik Asit faydalar\u0131, \u0130nsan S\u00fct\u00fc Oligosakkaritlerinde (HMO) \u00f6nemli bir bile\u015fendir. VW - \u0130\u00e7indekiler","og_url":"https:\/\/vw-ingredients.com\/tr\/sialik-asit-faydalari","og_site_name":"Van Wankum Ingredients","article_modified_time":"2024-06-20T08:53:38+00:00","twitter_card":"summary_large_image","twitter_misc":{"Tahmini okuma s\u00fcresi":"2 dakika"},"schema":{"@context":"https:\/\/schema.org","@graph":[{"@type":"WebPage","@id":"https:\/\/vw-ingredients.com\/tr\/sialik-asit-faydalari","url":"https:\/\/vw-ingredients.com\/tr\/sialik-asit-faydalari","name":"Sialik Asit faydalar\u0131 | Van Wankum Malzemeler","isPartOf":{"@id":"https:\/\/vw-ingredients.com\/tr#website"},"datePublished":"2021-11-11T21:28:47+00:00","dateModified":"2024-06-20T08:53:38+00:00","description":"N-asetiln\u00f6raminik olarak da bilinen Sialik Asit faydalar\u0131, \u0130nsan S\u00fct\u00fc Oligosakkaritlerinde (HMO) \u00f6nemli bir bile\u015fendir. VW - \u0130\u00e7indekiler","breadcrumb":{"@id":"https:\/\/vw-ingredients.com\/tr\/sialik-asit-faydalari#breadcrumb"},"inLanguage":"tr","potentialAction":[{"@type":"ReadAction","target":["https:\/\/vw-ingredients.com\/tr\/sialik-asit-faydalari"]}]},{"@type":"BreadcrumbList","@id":"https:\/\/vw-ingredients.com\/tr\/sialik-asit-faydalari#breadcrumb","itemListElement":[{"@type":"ListItem","position":1,"name":"Home","item":"https:\/\/vw-ingredients.com\/tr"},{"@type":"ListItem","position":2,"name":"Sialik Asit faydalar\u0131"}]},{"@type":"WebSite","@id":"https:\/\/vw-ingredients.com\/tr#website","url":"https:\/\/vw-ingredients.com\/tr","name":"Van Wankum Ingredients","description":"","potentialAction":[{"@type":"SearchAction","target":{"@type":"EntryPoint","urlTemplate":"https:\/\/vw-ingredients.com\/tr?s={search_term_string}"},"query-input":{"@type":"PropertyValueSpecification","valueRequired":true,"valueName":"search_term_string"}}],"inLanguage":"tr"}]}},"_links":{"self":[{"href":"https:\/\/vw-ingredients.com\/tr\/wp-json\/wp\/v2\/pages\/6062","targetHints":{"allow":["GET"]}}],"collection":[{"href":"https:\/\/vw-ingredients.com\/tr\/wp-json\/wp\/v2\/pages"}],"about":[{"href":"https:\/\/vw-ingredients.com\/tr\/wp-json\/wp\/v2\/types\/page"}],"author":[{"embeddable":true,"href":"https:\/\/vw-ingredients.com\/tr\/wp-json\/wp\/v2\/users\/6"}],"replies":[{"embeddable":true,"href":"https:\/\/vw-ingredients.com\/tr\/wp-json\/wp\/v2\/comments?post=6062"}],"version-history":[{"count":1,"href":"https:\/\/vw-ingredients.com\/tr\/wp-json\/wp\/v2\/pages\/6062\/revisions"}],"predecessor-version":[{"id":6063,"href":"https:\/\/vw-ingredients.com\/tr\/wp-json\/wp\/v2\/pages\/6062\/revisions\/6063"}],"wp:attachment":[{"href":"https:\/\/vw-ingredients.com\/tr\/wp-json\/wp\/v2\/media?parent=6062"}],"curies":[{"name":"wp","href":"https:\/\/api.w.org\/{rel}","templated":true}]}}