{"id":6044,"date":"2021-11-11T19:29:36","date_gmt":"2021-11-11T19:29:36","guid":{"rendered":"https:\/\/vw-ingredients.com\/polidekstroz-ureticisi"},"modified":"2024-06-20T08:49:29","modified_gmt":"2024-06-20T08:49:29","slug":"polidekstroz-ureticisi","status":"publish","type":"page","link":"https:\/\/vw-ingredients.com\/tr\/polidekstroz-ureticisi","title":{"rendered":"Polidekstroz \u00fcreticisi"},"content":{"rendered":"\t\t<div data-elementor-type=\"wp-page\" data-elementor-id=\"6044\" class=\"elementor elementor-6044\" data-elementor-post-type=\"page\">\n\t\t\t\t\t\t<section class=\"elementor-section elementor-top-section elementor-element elementor-element-ddc7206 elementor-section-boxed elementor-section-height-default elementor-section-height-default\" data-id=\"ddc7206\" data-element_type=\"section\" data-e-type=\"section\" data-settings=\"{&quot;jet_parallax_layout_list&quot;:[]}\">\n\t\t\t\t\t\t<div class=\"elementor-container elementor-column-gap-default\">\n\t\t\t\t\t<div class=\"elementor-column elementor-col-50 elementor-top-column elementor-element elementor-element-a128652\" data-id=\"a128652\" data-element_type=\"column\" data-e-type=\"column\">\n\t\t\t<div class=\"elementor-widget-wrap elementor-element-populated\">\n\t\t\t\t\t\t<div class=\"elementor-element elementor-element-716e5c0 elementor-widget elementor-widget-text-editor\" data-id=\"716e5c0\" data-element_type=\"widget\" data-e-type=\"widget\" data-widget_type=\"text-editor.default\">\n\t\t\t\t<div class=\"elementor-widget-container\">\n\t\t\t\t\t\t\t\t\t<p>Van Wankum Ingredients, G\u0131da ve \u0130\u00e7ecek, Kozmetik, \u0130la\u00e7 ve Sa\u011fl\u0131k sekt\u00f6rlerindeki bir\u00e7ok farkl\u0131 m\u00fc\u015fteri i\u00e7in tam hizmet veren bir bile\u015fen sa\u011flay\u0131c\u0131s\u0131d\u0131r. Y\u00fcksek kaliteli bile\u015fenler ve katk\u0131 maddeleri sunuyoruz. Hizmetlerimiz aras\u0131nda numune alma, uygun maliyetli lojistik, kalite belgeleri ve dan\u0131\u015fmanl\u0131k yer almaktad\u0131r. Ticari, lojistik ve finans uzmanlar\u0131 ile g\u0131da teknolojisi uzmanlar\u0131ndan olu\u015fan ekibimiz, d\u00fcnya \u00e7ap\u0131nda 30 y\u0131l\u0131 a\u015fk\u0131n mesleki deneyimi payla\u015fmakta ve m\u00fc\u015fterilerin ihtiya\u00e7lar\u0131n\u0131 kar\u015f\u0131lamaya kendini adam\u0131\u015ft\u0131r.<\/p>\n<h2>Polidekstroz nedir?<\/h2>\n<p>Polidekstroz d\u00fc\u015f\u00fck kalorili, \u015fekersiz, d\u00fc\u015f\u00fck glisemik, prebiyotik \u00f6zel bir karbonhidratt\u0131r<br \/>ve yayg\u0131n olarak diyet lifi olarak bilinir. Bir dizi fizyolojik ve i\u015flevsel fayda sunar.<br \/>50&#8217;den fazla \u00fclkede kullan\u0131m i\u00e7in onaylanan g\u0131da tedarik\u00e7ileri, Polidekstroz&#8217;a g\u00fcvenebilir.<br \/>D\u00fc\u015f\u00fck kalorili, \u015fekersiz, \u015fekeri azalt\u0131lm\u0131\u015f, az ya\u011fl\u0131 yiyecek ve i\u00e7eceklerin form\u00fclasyonu. Polidekstroz<br \/>her t\u00fcrl\u00fc i\u015flenmi\u015f g\u0131daya lif eklerken glisemik yan\u0131t\u0131 da d\u00fc\u015f\u00fcrebilir.<br \/>Polidekstroz, f\u0131r\u0131nlanm\u0131\u015f \u00fcr\u00fcnler de dahil olmak \u00fczere \u00e7ok \u00e7e\u015fitli uygulamalara sahip \u00e7ok i\u015flevli bir bile\u015fendir<br \/>\u00fcr\u00fcnler, s\u00fct \u00fcr\u00fcnleri, beslenme barlar\u0131, tah\u0131llar, i\u00e7ecekler, \u015fekerlemeler, \u00e7ikolata, yo\u011furt, salata soslar\u0131,<br \/>di\u011ferlerinin aras\u0131nda. Polidekstroz, rastgele \u00e7apraz ba\u011fl\u0131 bir polisakkarittir<br \/>glikoz ve 1 kcal\/g kaloriye sahiptir.<\/p>\n<h2>Polidekstrozun Faydalar\u0131<\/h2>\n<p>&#8211; Polidekstroz \u00e7ok d\u00fc\u015f\u00fck kaloriye sahiptir, 1 kcal\/g, d\u00fc\u015f\u00fck kalorili g\u0131da form\u00fclasyonu i\u00e7in m\u00fckemmel bir i\u00e7eriktir.<br \/>&#8211; Polidekstroz \u015feker, glikoz \u015furuplar\u0131 ve ya\u011f\u0131n yerini al\u0131rken \u00e7e\u015fitli uygulamalarda lezzet, doku ve a\u011f\u0131z hissini geli\u015ftirir.<br \/>&#8211; Polidekstroz bir\u00e7ok b\u00fcy\u00fck \u00fclkede diyet lifi olarak kabul edilmektedir.<br \/>&#8211; Polidekstroz, kolon boyunca fermantasyonu s\u00fcrd\u00fcrerek Sindirim Sa\u011fl\u0131\u011f\u0131 i\u00e7in bir Prebiyotik g\u00f6revi g\u00f6r\u00fcr<br \/>&#8211; Polidekstroz y\u00fcksek oranda \u00e7\u00f6z\u00fcn\u00fcr, \u015furuplar\u0131n haz\u0131rlanmas\u0131na izin verir.<br \/>&#8211; Polidekstrozun tat maskeleme \u00f6zelli\u011fi yo\u011fun tatland\u0131r\u0131c\u0131lar\u0131n, vitaminlerin, minerallerin, soyan\u0131n ve di\u011fer takviyelerin neden oldu\u011fu k\u00f6t\u00fc kokular\u0131 en aza indirmeye yard\u0131mc\u0131 olur.<\/p>\n<h2>Polidekstroz \u00fcreticisi<\/h2>\n<p>D\u00fcnyan\u0131n her yerinden m\u00fc\u015fterilerimiz POLYDEXTROSE tedarik\u00e7isi olarak hizmetlerimizi kullanmaktad\u0131r. Biz \u00e7al\u0131\u015f\u0131yoruz<br \/>y\u00fcksek i\u015fleyen zincir y\u00f6netimi ile ve sadece d\u00fcnya \u00e7ap\u0131nda birinci s\u0131n\u0131f POLYDEXTROSE tedarik\u00e7ileri ile i\u015fbirli\u011fi yapmaktad\u0131r. 30 y\u0131l\u0131 a\u015fk\u0131n deneyimimiz ve k\u00fcresel a\u011f\u0131m\u0131zla \u015funlar\u0131 yapabiliriz<br \/>m\u00fc\u015fterilerimiz i\u00e7in en iyi POLYDEXTROSE tedarik\u00e7ilerini sunuyoruz.<\/p>\n<h2>Garanti ediyoruz:<\/h2>\n<p>&#8211; \u00c7in ve Hindistan&#8217;dan tedarik konusunda 20 y\u0131l\u0131 a\u015fk\u0131n deneyim.<br \/>&#8211; \u015eartland\u0131r\u0131lm\u0131\u015f teslimat ve depolama odalar\u0131.<br \/>&#8211; End\u00fcstri y\u00f6netmeliklerine uygun kalite g\u00fcvencesi.<br \/>&#8211; Avrupa genelinde stratejik olarak yerle\u015ftirilmi\u015f hisse senetleri.<br \/>&#8211; Depolar\u0131m\u0131zdan Avrupa Birli\u011fi i\u00e7indeki m\u00fc\u015fterilerimize 24 saatte teslimat.<\/p>\n<p>Tedarik zinciri orta\u011f\u0131m\u0131zla yak\u0131n i\u015fbirli\u011fi sayesinde temelde her t\u00fcrl\u00fc tedarik zinciri sorunu, f\u0131rsat\u0131 veya zorlu\u011fuyla ba\u015fa \u00e7\u0131kabiliriz.<\/p>\n<h2>Polidekstroz uygulamalar\u0131<\/h2>\n<p>&#8211; \u0130\u00e7ecekler ve \u0130\u00e7ecek Kar\u0131\u015f\u0131mlar\u0131<br \/>&#8211; Gazl\u0131 i\u00e7ecekler<br \/>&#8211; Gazs\u0131z i\u00e7ecekler<br \/>&#8211; Sert ve Yumu\u015fak \u015eeker<br \/>&#8211; Re\u00e7eller ve J\u00f6leler<br \/>&#8211; \u00c7i\u011fnenebilir \u015feker ve tablet<br \/>&#8211; Kahve ve \u00c7ay<br \/>&#8211; S\u00fct \u00dcr\u00fcnleri<br \/>&#8211; \u0130\u015flenmi\u015f Meyveler ve Meyve Sular\u0131<br \/>&#8211; \u0130\u015flenmi\u015f Sebzeler ve Sebze Sular\u0131<br \/>&#8211; \u015eekerlemeler ve Buzlanmalar<br \/>&#8211; Beslenme ve Diyet \u00dcr\u00fcnleri<br \/>&#8211; Masa \u00fcst\u00fc tatland\u0131r\u0131c\u0131lar<br \/>&#8211; \u0130\u015flenmi\u015f meyve<br \/>&#8211; Sak\u0131z \u00e7i\u011fnemek<br \/>&#8211; Kuru kar\u0131\u015f\u0131m \u00fcr\u00fcnler<br \/>&#8211; Meyve ezmeleri<br \/>&#8211; Dondurulmu\u015f tatl\u0131lar<br \/>&#8211; Salata soslar\u0131<\/p>\n<h2>Van Wankum malzemeleri<\/h2>\n<p>Van Wankum Ingredients her zaman \u00e7evre dostu ve &#8220;ye\u015fil&#8221; f\u0131rsatlar aramaktad\u0131r<br \/>\u00fcr\u00fcnleri ve ilkeleri i\u00e7in. M\u00fc\u015fterilerimizle uzun vadeli ili\u015fkiler ve y\u00fcksek<br \/>kaliteli hizmet. POLYDEXTROSE olarak hizmetlerimiz hakk\u0131nda daha fazla bilgi ister misiniz?<br \/>tedarik\u00e7ileri ile g\u00f6r\u00fc\u015fmek veya POLYDEXTROSE numunesi talep etmek ister misiniz? L\u00fctfen yapmay\u0131n<br \/>bizimle ileti\u015fime ge\u00e7mekten \u00e7ekinmeyin.<\/p>\n\t\t\t\t\t\t\t\t<\/div>\n\t\t\t\t<\/div>\n\t\t\t\t\t<\/div>\n\t\t<\/div>\n\t\t\t\t<div class=\"elementor-column elementor-col-50 elementor-top-column elementor-element elementor-element-5d724d4\" data-id=\"5d724d4\" data-element_type=\"column\" data-e-type=\"column\">\n\t\t\t<div class=\"elementor-widget-wrap elementor-element-populated\">\n\t\t\t\t\t\t<section class=\"elementor-section elementor-inner-section elementor-element elementor-element-f4364dc elementor-section-height-min-height elementor-section-boxed elementor-section-height-default elementor-invisible\" data-id=\"f4364dc\" data-element_type=\"section\" data-e-type=\"section\" data-settings=\"{&quot;sticky&quot;:&quot;top&quot;,&quot;sticky_on&quot;:[&quot;desktop&quot;],&quot;sticky_parent&quot;:&quot;yes&quot;,&quot;sticky_offset&quot;:125,&quot;animation&quot;:&quot;fadeInRight&quot;,&quot;jet_parallax_layout_list&quot;:[],&quot;sticky_effects_offset&quot;:0,&quot;sticky_anchor_link_offset&quot;:0}\">\n\t\t\t\t\t\t<div class=\"elementor-container elementor-column-gap-default\">\n\t\t\t\t\t<div class=\"elementor-column elementor-col-100 elementor-inner-column elementor-element elementor-element-fdc73ad\" data-id=\"fdc73ad\" data-element_type=\"column\" data-e-type=\"column\" data-settings=\"{&quot;background_background&quot;:&quot;classic&quot;}\">\n\t\t\t<div class=\"elementor-widget-wrap elementor-element-populated\">\n\t\t\t\t\t\t<div class=\"elementor-element elementor-element-200cafd elementor-widget elementor-widget-heading\" data-id=\"200cafd\" data-element_type=\"widget\" data-e-type=\"widget\" data-widget_type=\"heading.default\">\n\t\t\t\t<div class=\"elementor-widget-container\">\n\t\t\t\t\t<h2 class=\"elementor-heading-title elementor-size-default\">\u00d6rnek talep edin<\/h2>\t\t\t\t<\/div>\n\t\t\t\t<\/div>\n\t\t\t\t<div class=\"elementor-element elementor-element-7b5f110 elementor-widget elementor-widget-text-editor\" data-id=\"7b5f110\" data-element_type=\"widget\" data-e-type=\"widget\" data-widget_type=\"text-editor.default\">\n\t\t\t\t<div class=\"elementor-widget-container\">\n\t\t\t\t\t\t\t\t\t<p>Hangi \u00f6rnekleri almak istedi\u011finizi bize bildirin. \u00dcr\u00fcn listemizden numunelerinizi se\u00e7in ve g\u00f6nder butonuna t\u0131klay\u0131n.<\/p>\n\t\t\t\t\t\t\t\t<\/div>\n\t\t\t\t<\/div>\n\t\t\t\t<div class=\"elementor-element elementor-element-68c8a2e elementor-widget elementor-widget-button\" data-id=\"68c8a2e\" data-element_type=\"widget\" data-e-type=\"widget\" data-widget_type=\"button.default\">\n\t\t\t\t<div class=\"elementor-widget-container\">\n\t\t\t\t\t\t\t\t\t<div class=\"elementor-button-wrapper\">\n\t\t\t\t\t<a class=\"elementor-button elementor-button-link elementor-size-sm\" href=\"\/products\/\">\n\t\t\t\t\t\t<span class=\"elementor-button-content-wrapper\">\n\t\t\t\t\t\t\t\t\t<span class=\"elementor-button-text\">\u00d6rnek talep edin<\/span>\n\t\t\t\t\t<\/span>\n\t\t\t\t\t<\/a>\n\t\t\t\t<\/div>\n\t\t\t\t\t\t\t\t<\/div>\n\t\t\t\t<\/div>\n\t\t\t\t\t<\/div>\n\t\t<\/div>\n\t\t\t\t\t<\/div>\n\t\t<\/section>\n\t\t\t\t\t<\/div>\n\t\t<\/div>\n\t\t\t\t\t<\/div>\n\t\t<\/section>\n\t\t\t\t<\/div>\n\t\t","protected":false},"excerpt":{"rendered":"<p>Van Wankum Ingredients, G\u0131da ve \u0130\u00e7ecek, Kozmetik, \u0130la\u00e7 ve Sa\u011fl\u0131k sekt\u00f6rlerindeki bir\u00e7ok farkl\u0131 m\u00fc\u015fteri i\u00e7in tam hizmet veren bir bile\u015fen sa\u011flay\u0131c\u0131s\u0131d\u0131r. Y\u00fcksek kaliteli bile\u015fenler ve katk\u0131 maddeleri sunuyoruz. Hizmetlerimiz aras\u0131nda numune alma, uygun maliyetli lojistik, kalite belgeleri ve dan\u0131\u015fmanl\u0131k yer almaktad\u0131r. Ticari, lojistik ve finans uzmanlar\u0131 ile g\u0131da teknolojisi uzmanlar\u0131ndan olu\u015fan ekibimiz, d\u00fcnya \u00e7ap\u0131nda 30 [&hellip;]<\/p>\n","protected":false},"author":6,"featured_media":0,"parent":0,"menu_order":0,"comment_status":"closed","ping_status":"closed","template":"elementor_header_footer","meta":{"_acf_changed":false,"footnotes":""},"class_list":["post-6044","page","type-page","status-publish","hentry"],"acf":[],"yoast_head":"<!-- This site is optimized with the Yoast SEO plugin v27.5 - https:\/\/yoast.com\/product\/yoast-seo-wordpress\/ -->\n<title>Polidekstroz \u00fcreticisi | Van Wankum Ingredients<\/title>\n<meta name=\"description\" content=\"VW-Ingredients, d\u00fc\u015f\u00fck kalorili, prebiyotik ve yayg\u0131n olarak Diyet lifi olarak tan\u0131nan \u00f6zel bir karbonhidrat olan Polidekstroz \u00fcretmektedir.\" \/>\n<meta name=\"robots\" content=\"index, follow, max-snippet:-1, max-image-preview:large, max-video-preview:-1\" \/>\n<link rel=\"canonical\" href=\"https:\/\/vw-ingredients.com\/tr\/polidekstroz-ureticisi\" \/>\n<meta property=\"og:locale\" content=\"tr_TR\" \/>\n<meta property=\"og:type\" content=\"article\" \/>\n<meta property=\"og:title\" content=\"Polidekstroz \u00fcreticisi | Van Wankum Ingredients\" \/>\n<meta property=\"og:description\" content=\"VW-Ingredients, d\u00fc\u015f\u00fck kalorili, prebiyotik ve yayg\u0131n olarak Diyet lifi olarak tan\u0131nan \u00f6zel bir karbonhidrat olan Polidekstroz \u00fcretmektedir.\" \/>\n<meta property=\"og:url\" content=\"https:\/\/vw-ingredients.com\/tr\/polidekstroz-ureticisi\" \/>\n<meta property=\"og:site_name\" content=\"Van Wankum Ingredients\" \/>\n<meta property=\"article:modified_time\" content=\"2024-06-20T08:49:29+00:00\" \/>\n<meta name=\"twitter:card\" content=\"summary_large_image\" \/>\n<meta name=\"twitter:label1\" content=\"Tahmini okuma s\u00fcresi\" \/>\n\t<meta name=\"twitter:data1\" content=\"3 dakika\" \/>\n<script type=\"application\/ld+json\" class=\"yoast-schema-graph\">{\"@context\":\"https:\\\/\\\/schema.org\",\"@graph\":[{\"@type\":\"WebPage\",\"@id\":\"https:\\\/\\\/vw-ingredients.com\\\/tr\\\/polidekstroz-ureticisi\",\"url\":\"https:\\\/\\\/vw-ingredients.com\\\/tr\\\/polidekstroz-ureticisi\",\"name\":\"Polidekstroz \u00fcreticisi | Van Wankum Ingredients\",\"isPartOf\":{\"@id\":\"https:\\\/\\\/vw-ingredients.com\\\/tr#website\"},\"datePublished\":\"2021-11-11T19:29:36+00:00\",\"dateModified\":\"2024-06-20T08:49:29+00:00\",\"description\":\"VW-Ingredients, d\u00fc\u015f\u00fck kalorili, prebiyotik ve yayg\u0131n olarak Diyet lifi olarak tan\u0131nan \u00f6zel bir karbonhidrat olan Polidekstroz \u00fcretmektedir.\",\"breadcrumb\":{\"@id\":\"https:\\\/\\\/vw-ingredients.com\\\/tr\\\/polidekstroz-ureticisi#breadcrumb\"},\"inLanguage\":\"tr\",\"potentialAction\":[{\"@type\":\"ReadAction\",\"target\":[\"https:\\\/\\\/vw-ingredients.com\\\/tr\\\/polidekstroz-ureticisi\"]}]},{\"@type\":\"BreadcrumbList\",\"@id\":\"https:\\\/\\\/vw-ingredients.com\\\/tr\\\/polidekstroz-ureticisi#breadcrumb\",\"itemListElement\":[{\"@type\":\"ListItem\",\"position\":1,\"name\":\"Home\",\"item\":\"https:\\\/\\\/vw-ingredients.com\\\/tr\"},{\"@type\":\"ListItem\",\"position\":2,\"name\":\"Polidekstroz \u00fcreticisi\"}]},{\"@type\":\"WebSite\",\"@id\":\"https:\\\/\\\/vw-ingredients.com\\\/tr#website\",\"url\":\"https:\\\/\\\/vw-ingredients.com\\\/tr\",\"name\":\"Van Wankum Ingredients\",\"description\":\"\",\"potentialAction\":[{\"@type\":\"SearchAction\",\"target\":{\"@type\":\"EntryPoint\",\"urlTemplate\":\"https:\\\/\\\/vw-ingredients.com\\\/tr?s={search_term_string}\"},\"query-input\":{\"@type\":\"PropertyValueSpecification\",\"valueRequired\":true,\"valueName\":\"search_term_string\"}}],\"inLanguage\":\"tr\"}]}<\/script>\n<!-- \/ Yoast SEO plugin. -->","yoast_head_json":{"title":"Polidekstroz \u00fcreticisi | Van Wankum Ingredients","description":"VW-Ingredients, d\u00fc\u015f\u00fck kalorili, prebiyotik ve yayg\u0131n olarak Diyet lifi olarak tan\u0131nan \u00f6zel bir karbonhidrat olan Polidekstroz \u00fcretmektedir.","robots":{"index":"index","follow":"follow","max-snippet":"max-snippet:-1","max-image-preview":"max-image-preview:large","max-video-preview":"max-video-preview:-1"},"canonical":"https:\/\/vw-ingredients.com\/tr\/polidekstroz-ureticisi","og_locale":"tr_TR","og_type":"article","og_title":"Polidekstroz \u00fcreticisi | Van Wankum Ingredients","og_description":"VW-Ingredients, d\u00fc\u015f\u00fck kalorili, prebiyotik ve yayg\u0131n olarak Diyet lifi olarak tan\u0131nan \u00f6zel bir karbonhidrat olan Polidekstroz \u00fcretmektedir.","og_url":"https:\/\/vw-ingredients.com\/tr\/polidekstroz-ureticisi","og_site_name":"Van Wankum Ingredients","article_modified_time":"2024-06-20T08:49:29+00:00","twitter_card":"summary_large_image","twitter_misc":{"Tahmini okuma s\u00fcresi":"3 dakika"},"schema":{"@context":"https:\/\/schema.org","@graph":[{"@type":"WebPage","@id":"https:\/\/vw-ingredients.com\/tr\/polidekstroz-ureticisi","url":"https:\/\/vw-ingredients.com\/tr\/polidekstroz-ureticisi","name":"Polidekstroz \u00fcreticisi | Van Wankum Ingredients","isPartOf":{"@id":"https:\/\/vw-ingredients.com\/tr#website"},"datePublished":"2021-11-11T19:29:36+00:00","dateModified":"2024-06-20T08:49:29+00:00","description":"VW-Ingredients, d\u00fc\u015f\u00fck kalorili, prebiyotik ve yayg\u0131n olarak Diyet lifi olarak tan\u0131nan \u00f6zel bir karbonhidrat olan Polidekstroz \u00fcretmektedir.","breadcrumb":{"@id":"https:\/\/vw-ingredients.com\/tr\/polidekstroz-ureticisi#breadcrumb"},"inLanguage":"tr","potentialAction":[{"@type":"ReadAction","target":["https:\/\/vw-ingredients.com\/tr\/polidekstroz-ureticisi"]}]},{"@type":"BreadcrumbList","@id":"https:\/\/vw-ingredients.com\/tr\/polidekstroz-ureticisi#breadcrumb","itemListElement":[{"@type":"ListItem","position":1,"name":"Home","item":"https:\/\/vw-ingredients.com\/tr"},{"@type":"ListItem","position":2,"name":"Polidekstroz \u00fcreticisi"}]},{"@type":"WebSite","@id":"https:\/\/vw-ingredients.com\/tr#website","url":"https:\/\/vw-ingredients.com\/tr","name":"Van Wankum Ingredients","description":"","potentialAction":[{"@type":"SearchAction","target":{"@type":"EntryPoint","urlTemplate":"https:\/\/vw-ingredients.com\/tr?s={search_term_string}"},"query-input":{"@type":"PropertyValueSpecification","valueRequired":true,"valueName":"search_term_string"}}],"inLanguage":"tr"}]}},"_links":{"self":[{"href":"https:\/\/vw-ingredients.com\/tr\/wp-json\/wp\/v2\/pages\/6044","targetHints":{"allow":["GET"]}}],"collection":[{"href":"https:\/\/vw-ingredients.com\/tr\/wp-json\/wp\/v2\/pages"}],"about":[{"href":"https:\/\/vw-ingredients.com\/tr\/wp-json\/wp\/v2\/types\/page"}],"author":[{"embeddable":true,"href":"https:\/\/vw-ingredients.com\/tr\/wp-json\/wp\/v2\/users\/6"}],"replies":[{"embeddable":true,"href":"https:\/\/vw-ingredients.com\/tr\/wp-json\/wp\/v2\/comments?post=6044"}],"version-history":[{"count":1,"href":"https:\/\/vw-ingredients.com\/tr\/wp-json\/wp\/v2\/pages\/6044\/revisions"}],"predecessor-version":[{"id":6045,"href":"https:\/\/vw-ingredients.com\/tr\/wp-json\/wp\/v2\/pages\/6044\/revisions\/6045"}],"wp:attachment":[{"href":"https:\/\/vw-ingredients.com\/tr\/wp-json\/wp\/v2\/media?parent=6044"}],"curies":[{"name":"wp","href":"https:\/\/api.w.org\/{rel}","templated":true}]}}