{"id":6028,"date":"2024-02-29T14:20:47","date_gmt":"2024-02-29T14:20:47","guid":{"rendered":"https:\/\/vw-ingredients.com\/dogal-tatlandiricilar"},"modified":"2024-06-20T08:46:03","modified_gmt":"2024-06-20T08:46:03","slug":"dogal-tatlandiricilar","status":"publish","type":"page","link":"https:\/\/vw-ingredients.com\/tr\/dogal-tatlandiricilar","title":{"rendered":"Do\u011fal tatland\u0131r\u0131c\u0131lar"},"content":{"rendered":"\t\t<div data-elementor-type=\"wp-page\" data-elementor-id=\"6028\" class=\"elementor elementor-6028\" data-elementor-post-type=\"page\">\n\t\t\t\t<div class=\"elementor-element elementor-element-0861004 e-flex e-con-boxed e-con e-parent\" data-id=\"0861004\" data-element_type=\"container\" data-e-type=\"container\" data-settings=\"{&quot;jet_parallax_layout_list&quot;:[]}\">\n\t\t\t\t\t<div class=\"e-con-inner\">\n\t\t<div class=\"elementor-element elementor-element-1948d48 e-flex e-con-boxed e-con e-child\" data-id=\"1948d48\" data-element_type=\"container\" data-e-type=\"container\" data-settings=\"{&quot;jet_parallax_layout_list&quot;:[]}\">\n\t\t\t\t\t<div class=\"e-con-inner\">\n\t\t\t\t<div class=\"elementor-element elementor-element-1f12681 elementor-widget elementor-widget-heading\" data-id=\"1f12681\" data-element_type=\"widget\" data-e-type=\"widget\" data-widget_type=\"heading.default\">\n\t\t\t\t<div class=\"elementor-widget-container\">\n\t\t\t\t\t<h1 class=\"elementor-heading-title elementor-size-default\">Do\u011fal tatland\u0131r\u0131c\u0131lar<\/h1>\t\t\t\t<\/div>\n\t\t\t\t<\/div>\n\t\t\t\t<div class=\"elementor-element elementor-element-f7028fe elementor-widget elementor-widget-text-editor\" data-id=\"f7028fe\" data-element_type=\"widget\" data-e-type=\"widget\" data-widget_type=\"text-editor.default\">\n\t\t\t\t<div class=\"elementor-widget-container\">\n\t\t\t\t\t\t\t\t\t<p>Farkl\u0131 tatland\u0131r\u0131c\u0131 kategorileri vard\u0131r. Tatland\u0131r\u0131c\u0131lar besleyici ve besleyici olmayan tatland\u0131r\u0131c\u0131lar olarak ikiye ayr\u0131labilir, ayn\u0131 zamanda yapay ve do\u011fal olarak da s\u0131n\u0131fland\u0131r\u0131labilir. Her tatland\u0131r\u0131c\u0131n\u0131n kendine \u00f6zg\u00fc tatl\u0131l\u0131k t\u00fcr\u00fc, faydalar\u0131 ve uygulamalar\u0131 vard\u0131r. Baz\u0131 tatland\u0131r\u0131c\u0131lar sentetik olarak \u00fcretilirken, di\u011ferleri do\u011fada bulunabilir. Do\u011fal tatland\u0131r\u0131c\u0131lar Stevia ve Monk Fruit (Luo Han Guo olarak da bilinir) gibi tatland\u0131r\u0131c\u0131lard\u0131r.<\/p>\n\t\t\t\t\t\t\t\t<\/div>\n\t\t\t\t<\/div>\n\t\t\t\t\t<\/div>\n\t\t\t\t<\/div>\n\t\t<div class=\"elementor-element elementor-element-915074f e-flex e-con-boxed e-con e-child\" data-id=\"915074f\" data-element_type=\"container\" data-e-type=\"container\" data-settings=\"{&quot;jet_parallax_layout_list&quot;:[]}\">\n\t\t\t\t\t<div class=\"e-con-inner\">\n\t\t\t\t<div class=\"elementor-element elementor-element-3410d6a elementor-widget-divider--view-line elementor-widget elementor-widget-divider\" data-id=\"3410d6a\" data-element_type=\"widget\" data-e-type=\"widget\" data-widget_type=\"divider.default\">\n\t\t\t\t<div class=\"elementor-widget-container\">\n\t\t\t\t\t\t\t<div class=\"elementor-divider\">\n\t\t\t<span class=\"elementor-divider-separator\">\n\t\t\t\t\t\t<\/span>\n\t\t<\/div>\n\t\t\t\t\t\t<\/div>\n\t\t\t\t<\/div>\n\t\t\t\t\t<\/div>\n\t\t\t\t<\/div>\n\t\t<div class=\"elementor-element elementor-element-1da62d7 e-flex e-con-boxed e-con e-child\" data-id=\"1da62d7\" data-element_type=\"container\" data-e-type=\"container\" data-settings=\"{&quot;jet_parallax_layout_list&quot;:[]}\">\n\t\t\t\t\t<div class=\"e-con-inner\">\n\t\t\t\t<div class=\"elementor-element elementor-element-c9682bc elementor-grid-3 elementor-grid-tablet-2 elementor-grid-mobile-1 elementor-posts--thumbnail-top elementor-widget elementor-widget-posts\" data-id=\"c9682bc\" data-element_type=\"widget\" data-e-type=\"widget\" data-settings=\"{&quot;classic_row_gap&quot;:{&quot;unit&quot;:&quot;px&quot;,&quot;size&quot;:20,&quot;sizes&quot;:[]},&quot;classic_columns&quot;:&quot;3&quot;,&quot;classic_columns_tablet&quot;:&quot;2&quot;,&quot;classic_columns_mobile&quot;:&quot;1&quot;,&quot;classic_row_gap_tablet&quot;:{&quot;unit&quot;:&quot;px&quot;,&quot;size&quot;:&quot;&quot;,&quot;sizes&quot;:[]},&quot;classic_row_gap_mobile&quot;:{&quot;unit&quot;:&quot;px&quot;,&quot;size&quot;:&quot;&quot;,&quot;sizes&quot;:[]}}\" data-widget_type=\"posts.classic\">\n\t\t\t\t<div class=\"elementor-widget-container\">\n\t\t\t\t\t\t\t<div class=\"elementor-posts-container elementor-posts elementor-posts--skin-classic elementor-grid\" role=\"list\">\n\t\t\t\t<article class=\"elementor-post elementor-grid-item post-9487 product type-product status-publish format-standard has-post-thumbnail hentry\" role=\"listitem\">\n\t\t\t\t<a class=\"elementor-post__thumbnail__link\" href=\"https:\/\/vw-ingredients.com\/tr\/\u00fcr\u00fcn\/hibiscus\" tabindex=\"-1\" >\n\t\t\t<div class=\"elementor-post__thumbnail\"><img fetchpriority=\"high\" decoding=\"async\" width=\"300\" height=\"200\" src=\"https:\/\/vw-ingredients.com\/wp-content\/uploads\/2024\/09\/Hibiscus-300x200.jpg\" class=\"attachment-medium size-medium wp-image-6576\" alt=\"\" srcset=\"https:\/\/vw-ingredients.com\/wp-content\/uploads\/2024\/09\/Hibiscus-300x200.jpg 300w, https:\/\/vw-ingredients.com\/wp-content\/uploads\/2024\/09\/Hibiscus.jpg 420w\" sizes=\"(max-width: 300px) 100vw, 300px\" \/><\/div>\n\t\t<\/a>\n\t\t\t\t<div class=\"elementor-post__text\">\n\t\t\t\t<h3 class=\"elementor-post__title\">\n\t\t\t<a href=\"https:\/\/vw-ingredients.com\/tr\/\u00fcr\u00fcn\/hibiscus\" >\n\t\t\t\tHibiscus\t\t\t<\/a>\n\t\t<\/h3>\n\t\t\t\t<div class=\"elementor-post__excerpt\">\n\t\t\t<p>Hibiskus \u00f6z\u00fct\u00fc, hibiskus \u00e7i\u00e7eklerinden elde edilen canl\u0131 bir k\u0131rm\u0131z\u0131 renk sa\u011flar. G\u0131da ve i\u00e7ecek end\u00fcstrisinde yayg\u0131n olarak kullan\u0131lan bu \u00fcr\u00fcn, do\u011fal ve stabil bir renk tonu sa\u011flar. Bitki bazl\u0131 \u00fcr\u00fcnler i\u00e7in ideal olan bu \u00fcr\u00fcn, \u00e7e\u015fitli uygulamalara uygun zengin bir renk sunar.  <\/p>\n\t\t<\/div>\n\t\t\t\t\t<div class=\"elementor-post__read-more-wrapper\">\n\t\t\n\t\t<a class=\"elementor-post__read-more\" href=\"https:\/\/vw-ingredients.com\/tr\/\u00fcr\u00fcn\/hibiscus\" aria-label=\"Read more about Hibiscus\" tabindex=\"-1\" >\n\t\t\t\u00dcr\u00fcne bak\u0131n\t\t<\/a>\n\n\t\t\t\t\t<\/div>\n\t\t\t\t<\/div>\n\t\t\t\t<\/article>\n\t\t\t\t<article class=\"elementor-post elementor-grid-item post-9493 product type-product status-publish format-standard has-post-thumbnail hentry\" role=\"listitem\">\n\t\t\t\t<a class=\"elementor-post__thumbnail__link\" href=\"https:\/\/vw-ingredients.com\/tr\/\u00fcr\u00fcn\/kalsiyum-karbonat\" tabindex=\"-1\" >\n\t\t\t<div class=\"elementor-post__thumbnail\"><img decoding=\"async\" width=\"300\" height=\"200\" src=\"https:\/\/vw-ingredients.com\/wp-content\/uploads\/2024\/09\/Calcium-carbonate-300x200.jpg\" class=\"attachment-medium size-medium wp-image-6568\" alt=\"Calcium carbonate\" srcset=\"https:\/\/vw-ingredients.com\/wp-content\/uploads\/2024\/09\/Calcium-carbonate-300x200.jpg 300w, https:\/\/vw-ingredients.com\/wp-content\/uploads\/2024\/09\/Calcium-carbonate.jpg 420w\" sizes=\"(max-width: 300px) 100vw, 300px\" \/><\/div>\n\t\t<\/a>\n\t\t\t\t<div class=\"elementor-post__text\">\n\t\t\t\t<h3 class=\"elementor-post__title\">\n\t\t\t<a href=\"https:\/\/vw-ingredients.com\/tr\/\u00fcr\u00fcn\/kalsiyum-karbonat\" >\n\t\t\t\tKalsiyum karbonat\t\t\t<\/a>\n\t\t<\/h3>\n\t\t\t\t<div class=\"elementor-post__excerpt\">\n\t\t\t<p>Kalsiyum karbonat, kire\u00e7ta\u015f\u0131ndan elde edilen do\u011fal bir beyaz pigmenttir. Parlakl\u0131k ve opakl\u0131k sa\u011flamak i\u00e7in \u00e7e\u015fitli end\u00fcstrilerde yayg\u0131n olarak kullan\u0131lmaktad\u0131r. Bu \u00e7ok y\u00f6nl\u00fc bile\u015fik g\u0131da, kozmetik ve ila\u00e7 gibi \u00fcr\u00fcnlerde renk stabilitesini ve dokuyu geli\u015ftirir. Kalsiyum karbonat, m\u00fckemmel dayan\u0131kl\u0131l\u0131\u011f\u0131 ve uyarlanabilirli\u011fi nedeniyle boyalar ve kaplamalar gibi end\u00fcstriyel uygulamalarda da kullan\u0131l\u0131r.   <\/p>\n\t\t<\/div>\n\t\t\t\t\t<div class=\"elementor-post__read-more-wrapper\">\n\t\t\n\t\t<a class=\"elementor-post__read-more\" href=\"https:\/\/vw-ingredients.com\/tr\/\u00fcr\u00fcn\/kalsiyum-karbonat\" aria-label=\"Read more about Kalsiyum karbonat\" tabindex=\"-1\" >\n\t\t\t\u00dcr\u00fcne bak\u0131n\t\t<\/a>\n\n\t\t\t\t\t<\/div>\n\t\t\t\t<\/div>\n\t\t\t\t<\/article>\n\t\t\t\t<article class=\"elementor-post elementor-grid-item post-9495 product type-product status-publish format-standard has-post-thumbnail hentry\" role=\"listitem\">\n\t\t\t\t<a class=\"elementor-post__thumbnail__link\" href=\"https:\/\/vw-ingredients.com\/tr\/\u00fcr\u00fcn\/malt-ozu\" tabindex=\"-1\" >\n\t\t\t<div class=\"elementor-post__thumbnail\"><img decoding=\"async\" width=\"300\" height=\"200\" src=\"https:\/\/vw-ingredients.com\/wp-content\/uploads\/2024\/09\/Malt-Extract-300x200.jpg\" class=\"attachment-medium size-medium wp-image-6560\" alt=\"Malt Extract\" srcset=\"https:\/\/vw-ingredients.com\/wp-content\/uploads\/2024\/09\/Malt-Extract-300x200.jpg 300w, https:\/\/vw-ingredients.com\/wp-content\/uploads\/2024\/09\/Malt-Extract.jpg 420w\" sizes=\"(max-width: 300px) 100vw, 300px\" \/><\/div>\n\t\t<\/a>\n\t\t\t\t<div class=\"elementor-post__text\">\n\t\t\t\t<h3 class=\"elementor-post__title\">\n\t\t\t<a href=\"https:\/\/vw-ingredients.com\/tr\/\u00fcr\u00fcn\/malt-ozu\" >\n\t\t\t\tMalt \u00d6z\u00fc\t\t\t<\/a>\n\t\t<\/h3>\n\t\t\t\t<div class=\"elementor-post__excerpt\">\n\t\t\t<p>Kavrulmu\u015f \u00e7avdardan elde edilen malt \u00f6z\u00fct\u00fc, \u00e7e\u015fitli end\u00fcstrilerde kullan\u0131lan do\u011fal koyu kahverengi bir pigmenttir. \u0130\u00e7eceklerde, g\u0131dalarda ve unlu mamullerde zengin, stabil bir renk sa\u011flar. Malt \u00f6z\u00fct\u00fc genellikle alkols\u00fcz i\u00e7ecekler, bira, dondurma ve unlu mamuller gibi \u00fcr\u00fcnlerde kullan\u0131l\u0131r. I\u015f\u0131k, s\u0131cakl\u0131k ve pH alt\u0131ndaki m\u00fckemmel stabilitesi, onu hem renk hem de lezzeti artt\u0131rmak i\u00e7in \u00e7ok y\u00f6nl\u00fc bir se\u00e7im haline getirir.   <\/p>\n\t\t<\/div>\n\t\t\t\t\t<div class=\"elementor-post__read-more-wrapper\">\n\t\t\n\t\t<a class=\"elementor-post__read-more\" href=\"https:\/\/vw-ingredients.com\/tr\/\u00fcr\u00fcn\/malt-ozu\" aria-label=\"Read more about Malt \u00d6z\u00fc\" tabindex=\"-1\" >\n\t\t\t\u00dcr\u00fcne bak\u0131n\t\t<\/a>\n\n\t\t\t\t\t<\/div>\n\t\t\t\t<\/div>\n\t\t\t\t<\/article>\n\t\t\t\t<article class=\"elementor-post elementor-grid-item post-9491 product type-product status-publish format-standard has-post-thumbnail hentry\" role=\"listitem\">\n\t\t\t\t<a class=\"elementor-post__thumbnail__link\" href=\"https:\/\/vw-ingredients.com\/tr\/\u00fcr\u00fcn\/chlorophylla\" tabindex=\"-1\" >\n\t\t\t<div class=\"elementor-post__thumbnail\"><img loading=\"lazy\" decoding=\"async\" width=\"300\" height=\"200\" src=\"https:\/\/vw-ingredients.com\/wp-content\/uploads\/2024\/09\/Chlorophylla-300x200.jpg\" class=\"attachment-medium size-medium wp-image-6574\" alt=\"\" srcset=\"https:\/\/vw-ingredients.com\/wp-content\/uploads\/2024\/09\/Chlorophylla-300x200.jpg 300w, https:\/\/vw-ingredients.com\/wp-content\/uploads\/2024\/09\/Chlorophylla.jpg 420w\" sizes=\"(max-width: 300px) 100vw, 300px\" \/><\/div>\n\t\t<\/a>\n\t\t\t\t<div class=\"elementor-post__text\">\n\t\t\t\t<h3 class=\"elementor-post__title\">\n\t\t\t<a href=\"https:\/\/vw-ingredients.com\/tr\/\u00fcr\u00fcn\/chlorophylla\" >\n\t\t\t\tChlorophylla\t\t\t<\/a>\n\t\t<\/h3>\n\t\t\t\t<div class=\"elementor-post__excerpt\">\n\t\t\t<p>Bitkilerden elde edilen do\u011fal bir ye\u015fil pigment olan klorofil, canl\u0131 ye\u015fil tonu nedeniyle g\u0131da, kozmetik ve tekstil \u00fcr\u00fcnlerinde yayg\u0131n olarak kullan\u0131lmaktad\u0131r. M\u00fckemmel renk kararl\u0131l\u0131\u011f\u0131 sunar ve i\u00e7ecekler, sa\u011fl\u0131k takviyeleri ve ki\u015fisel bak\u0131m \u00fcr\u00fcnleri gibi \u00fcr\u00fcnlerde do\u011fal bir renklendirici olarak yayg\u0131n \u015fekilde kullan\u0131l\u0131r. Bitkisel k\u00f6kenli olan klorofil, vegan ve vejetaryen \u00fcr\u00fcnler i\u00e7in uygundur.  <\/p>\n\t\t<\/div>\n\t\t\t\t\t<div class=\"elementor-post__read-more-wrapper\">\n\t\t\n\t\t<a class=\"elementor-post__read-more\" href=\"https:\/\/vw-ingredients.com\/tr\/\u00fcr\u00fcn\/chlorophylla\" aria-label=\"Read more about Chlorophylla\" tabindex=\"-1\" >\n\t\t\t\u00dcr\u00fcne bak\u0131n\t\t<\/a>\n\n\t\t\t\t\t<\/div>\n\t\t\t\t<\/div>\n\t\t\t\t<\/article>\n\t\t\t\t<article class=\"elementor-post elementor-grid-item post-9489 product type-product status-publish format-standard has-post-thumbnail hentry\" role=\"listitem\">\n\t\t\t\t<a class=\"elementor-post__thumbnail__link\" href=\"https:\/\/vw-ingredients.com\/tr\/\u00fcr\u00fcn\/huito\" tabindex=\"-1\" >\n\t\t\t<div class=\"elementor-post__thumbnail\"><img loading=\"lazy\" decoding=\"async\" width=\"300\" height=\"200\" src=\"https:\/\/vw-ingredients.com\/wp-content\/uploads\/2024\/09\/Huito-300x200.jpg\" class=\"attachment-medium size-medium wp-image-6556\" alt=\"Huito\" srcset=\"https:\/\/vw-ingredients.com\/wp-content\/uploads\/2024\/09\/Huito-300x200.jpg 300w, https:\/\/vw-ingredients.com\/wp-content\/uploads\/2024\/09\/Huito.jpg 420w\" sizes=\"(max-width: 300px) 100vw, 300px\" \/><\/div>\n\t\t<\/a>\n\t\t\t\t<div class=\"elementor-post__text\">\n\t\t\t\t<h3 class=\"elementor-post__title\">\n\t\t\t<a href=\"https:\/\/vw-ingredients.com\/tr\/\u00fcr\u00fcn\/huito\" >\n\t\t\t\tHuito\t\t\t<\/a>\n\t\t<\/h3>\n\t\t\t\t<div class=\"elementor-post__excerpt\">\n\t\t\t<p>Genipa americana a\u011fac\u0131n\u0131n meyvesinden elde edilen Huito \u00f6z\u00fc, g\u0131da ve kozmetik dahil olmak \u00fczere \u00e7e\u015fitli end\u00fcstrilerde yayg\u0131n olarak kullan\u0131lan do\u011fal bir mavi pigmenttir. Derin, canl\u0131 mavi tonuyla bilinen Huito, i\u00e7ecekler, \u015fekerler ve cilt bak\u0131m \u00fcr\u00fcnleri gibi \u00fcr\u00fcnlerde genellikle do\u011fal bir boya olarak kullan\u0131l\u0131r. Hayvansal kaynakl\u0131 pigmentlerin aksine, Huito tamamen bitki bazl\u0131d\u0131r, bu da onu vegan ve vejetaryen \u00fcr\u00fcnler i\u00e7in ideal bir se\u00e7im haline getirir. Zengin rengi ve do\u011fal k\u00f6keni, onu canl\u0131, \u00e7evre dostu renklendirme \u00e7\u00f6z\u00fcmleri arayanlar i\u00e7in pop\u00fcler bir alternatif haline getirmektedir.   <\/p>\n\t\t<\/div>\n\t\t\t\t\t<div class=\"elementor-post__read-more-wrapper\">\n\t\t\n\t\t<a class=\"elementor-post__read-more\" href=\"https:\/\/vw-ingredients.com\/tr\/\u00fcr\u00fcn\/huito\" aria-label=\"Read more about Huito\" tabindex=\"-1\" >\n\t\t\t\u00dcr\u00fcne bak\u0131n\t\t<\/a>\n\n\t\t\t\t\t<\/div>\n\t\t\t\t<\/div>\n\t\t\t\t<\/article>\n\t\t\t\t<article class=\"elementor-post elementor-grid-item post-9481 product type-product status-publish format-standard has-post-thumbnail hentry\" role=\"listitem\">\n\t\t\t\t<a class=\"elementor-post__thumbnail__link\" href=\"https:\/\/vw-ingredients.com\/tr\/\u00fcr\u00fcn\/mavi-spirulina\" tabindex=\"-1\" >\n\t\t\t<div class=\"elementor-post__thumbnail\"><img loading=\"lazy\" decoding=\"async\" width=\"300\" height=\"200\" src=\"https:\/\/vw-ingredients.com\/wp-content\/uploads\/2024\/09\/Blue-Spirulina-300x200.jpg\" class=\"attachment-medium size-medium wp-image-6566\" alt=\"Blue Spirulina\" srcset=\"https:\/\/vw-ingredients.com\/wp-content\/uploads\/2024\/09\/Blue-Spirulina-300x200.jpg 300w, https:\/\/vw-ingredients.com\/wp-content\/uploads\/2024\/09\/Blue-Spirulina.jpg 420w\" sizes=\"(max-width: 300px) 100vw, 300px\" \/><\/div>\n\t\t<\/a>\n\t\t\t\t<div class=\"elementor-post__text\">\n\t\t\t\t<h3 class=\"elementor-post__title\">\n\t\t\t<a href=\"https:\/\/vw-ingredients.com\/tr\/\u00fcr\u00fcn\/mavi-spirulina\" >\n\t\t\t\tMavi Spirulina\t\t\t<\/a>\n\t\t<\/h3>\n\t\t\t\t<div class=\"elementor-post__excerpt\">\n\t\t\t<p>Fikosiyanin olarak da bilinen mavi spirulina, spirulina alglerinden elde edilen do\u011fal bir mavi pigmenttir. G\u0131da, i\u00e7ecek ve kozmetik dahil olmak \u00fczere \u00e7e\u015fitli sekt\u00f6rlerde yayg\u0131n olarak kullan\u0131lan mavi spirulina, canl\u0131 bir mavi renk tonu sa\u011flar. Do\u011fal k\u00f6keni, onu bitki bazl\u0131 renklendirici arayanlar i\u00e7in pop\u00fcler bir se\u00e7im haline getirmektedir. Smoothie&#8217;ler, dondurmalar ve cilt bak\u0131m \u00fcr\u00fcnleri gibi \u00fcr\u00fcnlerde do\u011fal boya olarak yayg\u0131n \u015fekilde kullan\u0131l\u0131r. Bitki bazl\u0131 olmas\u0131 nedeniyle vegan ve vejetaryen \u00fcr\u00fcnler i\u00e7in uygundur, stabil ve parlak bir renk alternatifi sunar.    <\/p>\n\t\t<\/div>\n\t\t\t\t\t<div class=\"elementor-post__read-more-wrapper\">\n\t\t\n\t\t<a class=\"elementor-post__read-more\" href=\"https:\/\/vw-ingredients.com\/tr\/\u00fcr\u00fcn\/mavi-spirulina\" aria-label=\"Read more about Mavi Spirulina\" tabindex=\"-1\" >\n\t\t\t\u00dcr\u00fcne bak\u0131n\t\t<\/a>\n\n\t\t\t\t\t<\/div>\n\t\t\t\t<\/div>\n\t\t\t\t<\/article>\n\t\t\t\t<\/div>\n\t\t\n\t\t\t\t\t\t<\/div>\n\t\t\t\t<\/div>\n\t\t\t\t\t<\/div>\n\t\t\t\t<\/div>\n\t\t\t\t\t<\/div>\n\t\t\t\t<\/div>\n\t\t\t\t<\/div>\n\t\t","protected":false},"excerpt":{"rendered":"<p>Do\u011fal tatland\u0131r\u0131c\u0131lar Farkl\u0131 tatland\u0131r\u0131c\u0131 kategorileri vard\u0131r. Tatland\u0131r\u0131c\u0131lar besleyici ve besleyici olmayan tatland\u0131r\u0131c\u0131lar olarak ikiye ayr\u0131labilir, ayn\u0131 zamanda yapay ve do\u011fal olarak da s\u0131n\u0131fland\u0131r\u0131labilir. Her tatland\u0131r\u0131c\u0131n\u0131n kendine \u00f6zg\u00fc tatl\u0131l\u0131k t\u00fcr\u00fc, faydalar\u0131 ve uygulamalar\u0131 vard\u0131r. Baz\u0131 tatland\u0131r\u0131c\u0131lar sentetik olarak \u00fcretilirken, di\u011ferleri do\u011fada bulunabilir. Do\u011fal tatland\u0131r\u0131c\u0131lar Stevia ve Monk Fruit (Luo Han Guo olarak da bilinir) gibi tatland\u0131r\u0131c\u0131lard\u0131r.<\/p>\n","protected":false},"author":6,"featured_media":0,"parent":0,"menu_order":0,"comment_status":"closed","ping_status":"closed","template":"elementor_header_footer","meta":{"_acf_changed":false,"footnotes":""},"class_list":["post-6028","page","type-page","status-publish","hentry"],"acf":[],"yoast_head":"<!-- This site is optimized with the Yoast SEO plugin v27.3 - https:\/\/yoast.com\/product\/yoast-seo-wordpress\/ -->\n<title>Do\u011fal tatland\u0131r\u0131c\u0131lar - Van Wankum Ingredients<\/title>\n<meta name=\"description\" content=\"Yapay ve do\u011fal tatland\u0131r\u0131c\u0131lar aras\u0131ndaki fark nedir? Van Wankum Malzemeler. D\u00fcnya \u00e7ap\u0131nda deneyim \u2713M\u00fckemmel kalite\" \/>\n<meta name=\"robots\" content=\"index, follow, max-snippet:-1, max-image-preview:large, max-video-preview:-1\" \/>\n<link rel=\"canonical\" href=\"https:\/\/vw-ingredients.com\/tr\/dogal-tatlandiricilar\" \/>\n<meta property=\"og:locale\" content=\"tr_TR\" \/>\n<meta property=\"og:type\" content=\"article\" \/>\n<meta property=\"og:title\" content=\"Do\u011fal tatland\u0131r\u0131c\u0131lar - Van Wankum Ingredients\" \/>\n<meta property=\"og:description\" content=\"Yapay ve do\u011fal tatland\u0131r\u0131c\u0131lar aras\u0131ndaki fark nedir? Van Wankum Malzemeler. D\u00fcnya \u00e7ap\u0131nda deneyim \u2713M\u00fckemmel kalite\" \/>\n<meta property=\"og:url\" content=\"https:\/\/vw-ingredients.com\/tr\/dogal-tatlandiricilar\" \/>\n<meta property=\"og:site_name\" content=\"Van Wankum Ingredients\" \/>\n<meta property=\"article:modified_time\" content=\"2024-06-20T08:46:03+00:00\" \/>\n<meta name=\"twitter:card\" content=\"summary_large_image\" \/>\n<script type=\"application\/ld+json\" class=\"yoast-schema-graph\">{\"@context\":\"https:\\\/\\\/schema.org\",\"@graph\":[{\"@type\":\"WebPage\",\"@id\":\"https:\\\/\\\/vw-ingredients.com\\\/tr\\\/dogal-tatlandiricilar\",\"url\":\"https:\\\/\\\/vw-ingredients.com\\\/tr\\\/dogal-tatlandiricilar\",\"name\":\"Do\u011fal tatland\u0131r\u0131c\u0131lar - Van Wankum Ingredients\",\"isPartOf\":{\"@id\":\"https:\\\/\\\/vw-ingredients.com\\\/tr#website\"},\"datePublished\":\"2024-02-29T14:20:47+00:00\",\"dateModified\":\"2024-06-20T08:46:03+00:00\",\"description\":\"Yapay ve do\u011fal tatland\u0131r\u0131c\u0131lar aras\u0131ndaki fark nedir? Van Wankum Malzemeler. D\u00fcnya \u00e7ap\u0131nda deneyim \u2713M\u00fckemmel kalite\",\"breadcrumb\":{\"@id\":\"https:\\\/\\\/vw-ingredients.com\\\/tr\\\/dogal-tatlandiricilar#breadcrumb\"},\"inLanguage\":\"tr\",\"potentialAction\":[{\"@type\":\"ReadAction\",\"target\":[\"https:\\\/\\\/vw-ingredients.com\\\/tr\\\/dogal-tatlandiricilar\"]}]},{\"@type\":\"BreadcrumbList\",\"@id\":\"https:\\\/\\\/vw-ingredients.com\\\/tr\\\/dogal-tatlandiricilar#breadcrumb\",\"itemListElement\":[{\"@type\":\"ListItem\",\"position\":1,\"name\":\"Home\",\"item\":\"https:\\\/\\\/vw-ingredients.com\\\/tr\"},{\"@type\":\"ListItem\",\"position\":2,\"name\":\"Do\u011fal tatland\u0131r\u0131c\u0131lar\"}]},{\"@type\":\"WebSite\",\"@id\":\"https:\\\/\\\/vw-ingredients.com\\\/tr#website\",\"url\":\"https:\\\/\\\/vw-ingredients.com\\\/tr\",\"name\":\"Van Wankum Ingredients\",\"description\":\"\",\"potentialAction\":[{\"@type\":\"SearchAction\",\"target\":{\"@type\":\"EntryPoint\",\"urlTemplate\":\"https:\\\/\\\/vw-ingredients.com\\\/tr?s={search_term_string}\"},\"query-input\":{\"@type\":\"PropertyValueSpecification\",\"valueRequired\":true,\"valueName\":\"search_term_string\"}}],\"inLanguage\":\"tr\"}]}<\/script>\n<!-- \/ Yoast SEO plugin. -->","yoast_head_json":{"title":"Do\u011fal tatland\u0131r\u0131c\u0131lar - Van Wankum Ingredients","description":"Yapay ve do\u011fal tatland\u0131r\u0131c\u0131lar aras\u0131ndaki fark nedir? Van Wankum Malzemeler. D\u00fcnya \u00e7ap\u0131nda deneyim \u2713M\u00fckemmel kalite","robots":{"index":"index","follow":"follow","max-snippet":"max-snippet:-1","max-image-preview":"max-image-preview:large","max-video-preview":"max-video-preview:-1"},"canonical":"https:\/\/vw-ingredients.com\/tr\/dogal-tatlandiricilar","og_locale":"tr_TR","og_type":"article","og_title":"Do\u011fal tatland\u0131r\u0131c\u0131lar - Van Wankum Ingredients","og_description":"Yapay ve do\u011fal tatland\u0131r\u0131c\u0131lar aras\u0131ndaki fark nedir? Van Wankum Malzemeler. D\u00fcnya \u00e7ap\u0131nda deneyim \u2713M\u00fckemmel kalite","og_url":"https:\/\/vw-ingredients.com\/tr\/dogal-tatlandiricilar","og_site_name":"Van Wankum Ingredients","article_modified_time":"2024-06-20T08:46:03+00:00","twitter_card":"summary_large_image","schema":{"@context":"https:\/\/schema.org","@graph":[{"@type":"WebPage","@id":"https:\/\/vw-ingredients.com\/tr\/dogal-tatlandiricilar","url":"https:\/\/vw-ingredients.com\/tr\/dogal-tatlandiricilar","name":"Do\u011fal tatland\u0131r\u0131c\u0131lar - Van Wankum Ingredients","isPartOf":{"@id":"https:\/\/vw-ingredients.com\/tr#website"},"datePublished":"2024-02-29T14:20:47+00:00","dateModified":"2024-06-20T08:46:03+00:00","description":"Yapay ve do\u011fal tatland\u0131r\u0131c\u0131lar aras\u0131ndaki fark nedir? Van Wankum Malzemeler. D\u00fcnya \u00e7ap\u0131nda deneyim \u2713M\u00fckemmel kalite","breadcrumb":{"@id":"https:\/\/vw-ingredients.com\/tr\/dogal-tatlandiricilar#breadcrumb"},"inLanguage":"tr","potentialAction":[{"@type":"ReadAction","target":["https:\/\/vw-ingredients.com\/tr\/dogal-tatlandiricilar"]}]},{"@type":"BreadcrumbList","@id":"https:\/\/vw-ingredients.com\/tr\/dogal-tatlandiricilar#breadcrumb","itemListElement":[{"@type":"ListItem","position":1,"name":"Home","item":"https:\/\/vw-ingredients.com\/tr"},{"@type":"ListItem","position":2,"name":"Do\u011fal tatland\u0131r\u0131c\u0131lar"}]},{"@type":"WebSite","@id":"https:\/\/vw-ingredients.com\/tr#website","url":"https:\/\/vw-ingredients.com\/tr","name":"Van Wankum Ingredients","description":"","potentialAction":[{"@type":"SearchAction","target":{"@type":"EntryPoint","urlTemplate":"https:\/\/vw-ingredients.com\/tr?s={search_term_string}"},"query-input":{"@type":"PropertyValueSpecification","valueRequired":true,"valueName":"search_term_string"}}],"inLanguage":"tr"}]}},"_links":{"self":[{"href":"https:\/\/vw-ingredients.com\/tr\/wp-json\/wp\/v2\/pages\/6028","targetHints":{"allow":["GET"]}}],"collection":[{"href":"https:\/\/vw-ingredients.com\/tr\/wp-json\/wp\/v2\/pages"}],"about":[{"href":"https:\/\/vw-ingredients.com\/tr\/wp-json\/wp\/v2\/types\/page"}],"author":[{"embeddable":true,"href":"https:\/\/vw-ingredients.com\/tr\/wp-json\/wp\/v2\/users\/6"}],"replies":[{"embeddable":true,"href":"https:\/\/vw-ingredients.com\/tr\/wp-json\/wp\/v2\/comments?post=6028"}],"version-history":[{"count":1,"href":"https:\/\/vw-ingredients.com\/tr\/wp-json\/wp\/v2\/pages\/6028\/revisions"}],"predecessor-version":[{"id":6029,"href":"https:\/\/vw-ingredients.com\/tr\/wp-json\/wp\/v2\/pages\/6028\/revisions\/6029"}],"wp:attachment":[{"href":"https:\/\/vw-ingredients.com\/tr\/wp-json\/wp\/v2\/media?parent=6028"}],"curies":[{"name":"wp","href":"https:\/\/api.w.org\/{rel}","templated":true}]}}