{"id":3734,"date":"2021-11-11T19:16:40","date_gmt":"2021-11-11T19:16:40","guid":{"rendered":"https:\/\/vw-ingredients.com\/nutritional-yeast-flakes-faydalari"},"modified":"2025-01-28T13:27:36","modified_gmt":"2025-01-28T13:27:36","slug":"nutritional-yeast-flakes-faydalari","status":"publish","type":"page","link":"https:\/\/vw-ingredients.com\/tr\/nutritional-yeast-flakes-faydalari","title":{"rendered":"Nutritional Yeast Flakes Faydalar\u0131"},"content":{"rendered":"\t\t<div data-elementor-type=\"wp-page\" data-elementor-id=\"3734\" class=\"elementor elementor-3734\" data-elementor-post-type=\"page\">\n\t\t\t\t\t\t<section class=\"elementor-section elementor-top-section elementor-element elementor-element-ddc7206 elementor-section-boxed elementor-section-height-default elementor-section-height-default\" data-id=\"ddc7206\" data-element_type=\"section\" data-e-type=\"section\" data-settings=\"{&quot;jet_parallax_layout_list&quot;:[]}\">\n\t\t\t\t\t\t<div class=\"elementor-container elementor-column-gap-default\">\n\t\t\t\t\t<div class=\"elementor-column elementor-col-50 elementor-top-column elementor-element elementor-element-a128652\" data-id=\"a128652\" data-element_type=\"column\" data-e-type=\"column\">\n\t\t\t<div class=\"elementor-widget-wrap elementor-element-populated\">\n\t\t\t\t\t\t<div class=\"elementor-element elementor-element-716e5c0 elementor-widget elementor-widget-text-editor\" data-id=\"716e5c0\" data-element_type=\"widget\" data-e-type=\"widget\" data-widget_type=\"text-editor.default\">\n\t\t\t\t<div class=\"elementor-widget-container\">\n\t\t\t\t\t\t\t\t\t<p>Van Wankum Ingredients, G\u0131da ve \u0130\u00e7ecek, Kozmetik, \u0130la\u00e7 ve Sa\u011fl\u0131k sekt\u00f6rlerindeki bir\u00e7ok farkl\u0131 m\u00fc\u015fteri i\u00e7in tam hizmet veren bir bile\u015fen sa\u011flay\u0131c\u0131s\u0131d\u0131r.<br \/>\nY\u00fcksek kaliteli bile\u015fenler ve katk\u0131 maddeleri sunuyoruz. <\/p>\n<\/p>\n<p>Hizmetlerimiz aras\u0131nda numune alma, uygun maliyetli lojistik, kalite belgeleri ve dan\u0131\u015fmanl\u0131k yer almaktad\u0131r.<br \/>\nTicari, lojistik ve finans uzmanlar\u0131 ile g\u0131da teknolojisi uzmanlar\u0131ndan olu\u015fan ekibimiz, d\u00fcnya \u00e7ap\u0131nda 30 y\u0131l\u0131 a\u015fk\u0131n mesleki deneyimi payla\u015fmakta ve m\u00fc\u015fterilerin ihtiya\u00e7lar\u0131n\u0131 kar\u015f\u0131lamaya kendini adam\u0131\u015ft\u0131r. <\/p>\n<\/p>\n<h2>BESLENME MAYASI GEVRE\u011eI\u0307 NEDI\u0307R?<\/h2>\n<p>Besin mayas\u0131, Saccharomyces cerevisiae&#8217;nin \u00f6zel olarak se\u00e7ilmi\u015f saf su\u015flar\u0131ndan elde edilir ve patentli i\u015flemle elde edilir. Besleyici karakterleri ile tam protein, B vitaminleri, diyet lifi, mineraller ve eser mineraller i\u00e7in harika bir kaynakt\u0131r. Katk\u0131 maddesi veya koruyucu i\u00e7ermeyen birincil inaktif mayadan \u00fcretilen Nutrisyonel maya tamamen do\u011fal bir besindir. Dikkatle kontrol edilen ko\u015fullar alt\u0131nda zenginle\u015ftirilmi\u015f safla\u015ft\u0131r\u0131lm\u0131\u015f melas \u00fczerinde yeti\u015ftirilen birincil Saccharomyces Cerevasiae su\u015fu, candida albicans mayas\u0131ndan ar\u0131nmay\u0131 sa\u011flar. Ayr\u0131ca arpa ile temas etmedi\u011fi i\u00e7in (bira mayas\u0131 gibi bira fabrikas\u0131 yan \u00fcr\u00fcn\u00fc), gl\u00fctensizdir ve \u00c7\u00f6lyak hastal\u0131\u011f\u0131 olan ki\u015filer i\u00e7in g\u00fcvenlidir.<br \/>Do\u011fal olarak, cevizli peynirli bir tada sahip olan Angel besin mayas\u0131, benzersiz tad\u0131 ve yiyeceklere eklendi\u011finde peynire benzerli\u011fi nedeniyle veganlar aras\u0131nda favoridir. S\u0131cak patlam\u0131\u015f m\u0131s\u0131r veya sar\u0131msakl\u0131 ekmek \u00fczerine biraz serpin, meyve sular\u0131na veya smoothie&#8217;lere kar\u0131\u015ft\u0131r\u0131n veya salatalar, salata soslar\u0131, \u00e7orbalar, soslar, dip soslar, g\u00fcve\u00e7ler, kahvalt\u0131l\u0131k gevrekler ve \u00e7ok daha fazlas\u0131 i\u00e7in baharat olarak kullan\u0131n!<\/p>\n<\/p>\n<h2>BESI\u0307N MAYASI GEVRE\u011eI\u0307NI\u0307N FAYDALARI<\/h2>\n<ul>\n<li>BESLEY\u0130C\u0130 MAYA FLAKES ba\u011f\u0131\u015f\u0131kl\u0131k sisteminin etkinli\u011fini korur ve uyar\u0131r<\/li>\n<li>BESLEY\u0130C\u0130 MAYA FLAKES kolesterol seviyeleri \u00fczerinde olumlu bir etkiye sahiptir<\/li>\n<li>BESLEY\u0130C\u0130 MAYA FLAKES&#8217;in kan \u015fekeri seviyeleri \u00fczerinde olumlu bir etkisi oldu\u011fu ve diyabetik sorunlara yard\u0131mc\u0131 oldu\u011fu d\u00fc\u015f\u00fcn\u00fclmektedir<\/li>\n<li>BESLEY\u0130C\u0130 MAYA FLAKES G\u00fc\u00e7l\u00fc Antioksidanlar \u0130\u00e7erir<\/li>\n<li>BESLEY\u0130C\u0130 MAYA FLAKES bir\u00e7ok B vitamini i\u00e7erir<\/li>\n<li>BESLEY\u0130C\u0130 MAYA FLAKES enfeksiyonlarla sava\u015f\u0131r<\/li>\n<li>NUTRITIONAL YEAST FLAKES vejetaryenler i\u00e7in t\u00fcketime uygundur<\/li>\n<\/ul>\n<h2>Nutritional Yeast Flakes&#8217;te MEVCUT \u00c7E\u015e\u0130TLER:<\/h2>\n<ul>\n<li>Pullar<\/li>\n<\/ul>\n<h2>SERTIFIKALAR:<\/h2>\n<ul>\n<li>ORGAN\u0130K<\/li>\n<li>BRC<\/li>\n<li>GDO&#8217;suz<\/li>\n<li>Alerjen i\u00e7ermez<\/li>\n<li>Ko\u015fer\/Helal sertifikal\u0131<\/li>\n<\/ul>\n<h2>NUTRITIONAL YEAST FLAKES UYGULAMALARI<\/h2>\n<ul>\n<li>Beslenme ve Diyet \u00dcr\u00fcnleri<\/li>\n<li>Kuru kar\u0131\u015f\u0131m \u00fcr\u00fcnler<\/li>\n<li>Ekmek<\/li>\n<li>Ba\u011f\u0131\u015f\u0131kl\u0131\u011f\u0131 g\u00fc\u00e7lendiren g\u0131dalar<\/li>\n<li>Kilo verdiren yiyecekler<\/li>\n<\/ul>\n<h2>VAN WANKUM MALZEMELERI\u0307<\/h2>\n<p>Van Wankum Ingredients, \u00fcr\u00fcnleri ve ilkeleri i\u00e7in her zaman \u00e7evre dostu ve &#8220;ye\u015fil&#8221; f\u0131rsatlar aramaktad\u0131r. M\u00fc\u015fterilerimizle uzun vadeli ili\u015fkiler ve y\u00fcksek kaliteli hizmet i\u00e7in var\u0131z. NUTRITIONAL YEAST FLAKES faydalar\u0131 hakk\u0131nda daha fazla bilgi almak veya bir Nutritional Yeast Flakes \u00f6rne\u011fi talep etmek ister misiniz? L\u00fctfen bizimle ileti\u015fime ge\u00e7mekten \u00e7ekinmeyin.<\/p>\n\t\t\t\t\t\t\t\t<\/div>\n\t\t\t\t<\/div>\n\t\t\t\t\t<\/div>\n\t\t<\/div>\n\t\t\t\t<div class=\"elementor-column elementor-col-50 elementor-top-column elementor-element elementor-element-5d724d4\" data-id=\"5d724d4\" data-element_type=\"column\" data-e-type=\"column\">\n\t\t\t<div class=\"elementor-widget-wrap elementor-element-populated\">\n\t\t\t\t\t\t<section class=\"elementor-section elementor-inner-section elementor-element elementor-element-f4364dc elementor-section-height-min-height elementor-section-boxed elementor-section-height-default elementor-invisible\" data-id=\"f4364dc\" data-element_type=\"section\" data-e-type=\"section\" data-settings=\"{&quot;sticky&quot;:&quot;top&quot;,&quot;sticky_on&quot;:[&quot;desktop&quot;],&quot;sticky_parent&quot;:&quot;yes&quot;,&quot;sticky_offset&quot;:125,&quot;animation&quot;:&quot;fadeInRight&quot;,&quot;jet_parallax_layout_list&quot;:[],&quot;sticky_effects_offset&quot;:0,&quot;sticky_anchor_link_offset&quot;:0}\">\n\t\t\t\t\t\t<div class=\"elementor-container elementor-column-gap-default\">\n\t\t\t\t\t<div class=\"elementor-column elementor-col-100 elementor-inner-column elementor-element elementor-element-fdc73ad\" data-id=\"fdc73ad\" data-element_type=\"column\" data-e-type=\"column\" data-settings=\"{&quot;background_background&quot;:&quot;classic&quot;}\">\n\t\t\t<div class=\"elementor-widget-wrap elementor-element-populated\">\n\t\t\t\t\t\t<div class=\"elementor-element elementor-element-200cafd elementor-widget elementor-widget-heading\" data-id=\"200cafd\" data-element_type=\"widget\" data-e-type=\"widget\" data-widget_type=\"heading.default\">\n\t\t\t\t<div class=\"elementor-widget-container\">\n\t\t\t\t\t<h2 class=\"elementor-heading-title elementor-size-default\">\u00d6rnek talep edin<\/h2>\t\t\t\t<\/div>\n\t\t\t\t<\/div>\n\t\t\t\t<div class=\"elementor-element elementor-element-7b5f110 elementor-widget elementor-widget-text-editor\" data-id=\"7b5f110\" data-element_type=\"widget\" data-e-type=\"widget\" data-widget_type=\"text-editor.default\">\n\t\t\t\t<div class=\"elementor-widget-container\">\n\t\t\t\t\t\t\t\t\t<p>Hangi \u00f6rnekleri almak istedi\u011finizi bize bildirin.<br \/>\n\u00dcr\u00fcn listemizden numunelerinizi se\u00e7in ve g\u00f6nder butonuna t\u0131klay\u0131n. <\/p>\n\t\t\t\t\t\t\t\t<\/div>\n\t\t\t\t<\/div>\n\t\t\t\t<div class=\"elementor-element elementor-element-68c8a2e elementor-widget elementor-widget-button\" data-id=\"68c8a2e\" data-element_type=\"widget\" data-e-type=\"widget\" data-widget_type=\"button.default\">\n\t\t\t\t<div class=\"elementor-widget-container\">\n\t\t\t\t\t\t\t\t\t<div class=\"elementor-button-wrapper\">\n\t\t\t\t\t<a class=\"elementor-button elementor-button-link elementor-size-sm\" href=\"\/products\/\">\n\t\t\t\t\t\t<span class=\"elementor-button-content-wrapper\">\n\t\t\t\t\t\t\t\t\t<span class=\"elementor-button-text\">\u00d6rnek talep edin<\/span>\n\t\t\t\t\t<\/span>\n\t\t\t\t\t<\/a>\n\t\t\t\t<\/div>\n\t\t\t\t\t\t\t\t<\/div>\n\t\t\t\t<\/div>\n\t\t\t\t\t<\/div>\n\t\t<\/div>\n\t\t\t\t\t<\/div>\n\t\t<\/section>\n\t\t\t\t\t<\/div>\n\t\t<\/div>\n\t\t\t\t\t<\/div>\n\t\t<\/section>\n\t\t\t\t<\/div>\n\t\t","protected":false},"excerpt":{"rendered":"<p>Van Wankum Ingredients, G\u0131da ve \u0130\u00e7ecek, Kozmetik, \u0130la\u00e7 ve Sa\u011fl\u0131k sekt\u00f6rlerindeki bir\u00e7ok farkl\u0131 m\u00fc\u015fteri i\u00e7in tam hizmet veren bir bile\u015fen sa\u011flay\u0131c\u0131s\u0131d\u0131r. Y\u00fcksek kaliteli bile\u015fenler ve katk\u0131 maddeleri sunuyoruz. Hizmetlerimiz aras\u0131nda numune alma, uygun maliyetli lojistik, kalite belgeleri ve dan\u0131\u015fmanl\u0131k yer almaktad\u0131r. Ticari, lojistik ve finans uzmanlar\u0131 ile g\u0131da teknolojisi uzmanlar\u0131ndan olu\u015fan ekibimiz, d\u00fcnya \u00e7ap\u0131nda 30 [&hellip;]<\/p>\n","protected":false},"author":6,"featured_media":0,"parent":0,"menu_order":0,"comment_status":"closed","ping_status":"closed","template":"elementor_header_footer","meta":{"_acf_changed":false,"footnotes":""},"class_list":["post-3734","page","type-page","status-publish","hentry"],"acf":[],"yoast_head":"<!-- This site is optimized with the Yoast SEO plugin v27.3 - https:\/\/yoast.com\/product\/yoast-seo-wordpress\/ -->\n<title>Besin Mayas\u0131 Gevre\u011fi: Faydalar\u0131 ve Uygulamalar\u0131<\/title>\n<meta name=\"description\" content=\"Nutritional Yeast Flakes&#039;in Faydalar\u0131n\u0131 Ke\u015ffedin. Y\u00fcksek Kaliteli Bile\u015fenler ve Katk\u0131 Maddeleri. D\u00fcnya \u00e7ap\u0131nda hizmet.\" \/>\n<meta name=\"robots\" content=\"index, follow, max-snippet:-1, max-image-preview:large, max-video-preview:-1\" \/>\n<link rel=\"canonical\" href=\"https:\/\/vw-ingredients.com\/tr\/nutritional-yeast-flakes-faydalari\" \/>\n<meta property=\"og:locale\" content=\"tr_TR\" \/>\n<meta property=\"og:type\" content=\"article\" \/>\n<meta property=\"og:title\" content=\"Besin Mayas\u0131 Gevre\u011fi: Faydalar\u0131 ve Uygulamalar\u0131\" \/>\n<meta property=\"og:description\" content=\"Nutritional Yeast Flakes&#039;in Faydalar\u0131n\u0131 Ke\u015ffedin. Y\u00fcksek Kaliteli Bile\u015fenler ve Katk\u0131 Maddeleri. D\u00fcnya \u00e7ap\u0131nda hizmet.\" \/>\n<meta property=\"og:url\" content=\"https:\/\/vw-ingredients.com\/tr\/nutritional-yeast-flakes-faydalari\" \/>\n<meta property=\"og:site_name\" content=\"Van Wankum Ingredients\" \/>\n<meta property=\"article:modified_time\" content=\"2025-01-28T13:27:36+00:00\" \/>\n<meta name=\"twitter:card\" content=\"summary_large_image\" \/>\n<meta name=\"twitter:label1\" content=\"Tahmini okuma s\u00fcresi\" \/>\n\t<meta name=\"twitter:data1\" content=\"3 dakika\" \/>\n<script type=\"application\/ld+json\" class=\"yoast-schema-graph\">{\"@context\":\"https:\\\/\\\/schema.org\",\"@graph\":[{\"@type\":\"WebPage\",\"@id\":\"https:\\\/\\\/vw-ingredients.com\\\/tr\\\/nutritional-yeast-flakes-faydalari\",\"url\":\"https:\\\/\\\/vw-ingredients.com\\\/tr\\\/nutritional-yeast-flakes-faydalari\",\"name\":\"Besin Mayas\u0131 Gevre\u011fi: Faydalar\u0131 ve Uygulamalar\u0131\",\"isPartOf\":{\"@id\":\"https:\\\/\\\/vw-ingredients.com\\\/tr#website\"},\"datePublished\":\"2021-11-11T19:16:40+00:00\",\"dateModified\":\"2025-01-28T13:27:36+00:00\",\"description\":\"Nutritional Yeast Flakes'in Faydalar\u0131n\u0131 Ke\u015ffedin. Y\u00fcksek Kaliteli Bile\u015fenler ve Katk\u0131 Maddeleri. D\u00fcnya \u00e7ap\u0131nda hizmet.\",\"breadcrumb\":{\"@id\":\"https:\\\/\\\/vw-ingredients.com\\\/tr\\\/nutritional-yeast-flakes-faydalari#breadcrumb\"},\"inLanguage\":\"tr\",\"potentialAction\":[{\"@type\":\"ReadAction\",\"target\":[\"https:\\\/\\\/vw-ingredients.com\\\/tr\\\/nutritional-yeast-flakes-faydalari\"]}]},{\"@type\":\"BreadcrumbList\",\"@id\":\"https:\\\/\\\/vw-ingredients.com\\\/tr\\\/nutritional-yeast-flakes-faydalari#breadcrumb\",\"itemListElement\":[{\"@type\":\"ListItem\",\"position\":1,\"name\":\"Home\",\"item\":\"https:\\\/\\\/vw-ingredients.com\\\/tr\"},{\"@type\":\"ListItem\",\"position\":2,\"name\":\"Nutritional Yeast Flakes Faydalar\u0131\"}]},{\"@type\":\"WebSite\",\"@id\":\"https:\\\/\\\/vw-ingredients.com\\\/tr#website\",\"url\":\"https:\\\/\\\/vw-ingredients.com\\\/tr\",\"name\":\"Van Wankum Ingredients\",\"description\":\"\",\"potentialAction\":[{\"@type\":\"SearchAction\",\"target\":{\"@type\":\"EntryPoint\",\"urlTemplate\":\"https:\\\/\\\/vw-ingredients.com\\\/tr?s={search_term_string}\"},\"query-input\":{\"@type\":\"PropertyValueSpecification\",\"valueRequired\":true,\"valueName\":\"search_term_string\"}}],\"inLanguage\":\"tr\"}]}<\/script>\n<!-- \/ Yoast SEO plugin. -->","yoast_head_json":{"title":"Besin Mayas\u0131 Gevre\u011fi: Faydalar\u0131 ve Uygulamalar\u0131","description":"Nutritional Yeast Flakes'in Faydalar\u0131n\u0131 Ke\u015ffedin. Y\u00fcksek Kaliteli Bile\u015fenler ve Katk\u0131 Maddeleri. D\u00fcnya \u00e7ap\u0131nda hizmet.","robots":{"index":"index","follow":"follow","max-snippet":"max-snippet:-1","max-image-preview":"max-image-preview:large","max-video-preview":"max-video-preview:-1"},"canonical":"https:\/\/vw-ingredients.com\/tr\/nutritional-yeast-flakes-faydalari","og_locale":"tr_TR","og_type":"article","og_title":"Besin Mayas\u0131 Gevre\u011fi: Faydalar\u0131 ve Uygulamalar\u0131","og_description":"Nutritional Yeast Flakes'in Faydalar\u0131n\u0131 Ke\u015ffedin. Y\u00fcksek Kaliteli Bile\u015fenler ve Katk\u0131 Maddeleri. D\u00fcnya \u00e7ap\u0131nda hizmet.","og_url":"https:\/\/vw-ingredients.com\/tr\/nutritional-yeast-flakes-faydalari","og_site_name":"Van Wankum Ingredients","article_modified_time":"2025-01-28T13:27:36+00:00","twitter_card":"summary_large_image","twitter_misc":{"Tahmini okuma s\u00fcresi":"3 dakika"},"schema":{"@context":"https:\/\/schema.org","@graph":[{"@type":"WebPage","@id":"https:\/\/vw-ingredients.com\/tr\/nutritional-yeast-flakes-faydalari","url":"https:\/\/vw-ingredients.com\/tr\/nutritional-yeast-flakes-faydalari","name":"Besin Mayas\u0131 Gevre\u011fi: Faydalar\u0131 ve Uygulamalar\u0131","isPartOf":{"@id":"https:\/\/vw-ingredients.com\/tr#website"},"datePublished":"2021-11-11T19:16:40+00:00","dateModified":"2025-01-28T13:27:36+00:00","description":"Nutritional Yeast Flakes'in Faydalar\u0131n\u0131 Ke\u015ffedin. Y\u00fcksek Kaliteli Bile\u015fenler ve Katk\u0131 Maddeleri. D\u00fcnya \u00e7ap\u0131nda hizmet.","breadcrumb":{"@id":"https:\/\/vw-ingredients.com\/tr\/nutritional-yeast-flakes-faydalari#breadcrumb"},"inLanguage":"tr","potentialAction":[{"@type":"ReadAction","target":["https:\/\/vw-ingredients.com\/tr\/nutritional-yeast-flakes-faydalari"]}]},{"@type":"BreadcrumbList","@id":"https:\/\/vw-ingredients.com\/tr\/nutritional-yeast-flakes-faydalari#breadcrumb","itemListElement":[{"@type":"ListItem","position":1,"name":"Home","item":"https:\/\/vw-ingredients.com\/tr"},{"@type":"ListItem","position":2,"name":"Nutritional Yeast Flakes Faydalar\u0131"}]},{"@type":"WebSite","@id":"https:\/\/vw-ingredients.com\/tr#website","url":"https:\/\/vw-ingredients.com\/tr","name":"Van Wankum Ingredients","description":"","potentialAction":[{"@type":"SearchAction","target":{"@type":"EntryPoint","urlTemplate":"https:\/\/vw-ingredients.com\/tr?s={search_term_string}"},"query-input":{"@type":"PropertyValueSpecification","valueRequired":true,"valueName":"search_term_string"}}],"inLanguage":"tr"}]}},"_links":{"self":[{"href":"https:\/\/vw-ingredients.com\/tr\/wp-json\/wp\/v2\/pages\/3734","targetHints":{"allow":["GET"]}}],"collection":[{"href":"https:\/\/vw-ingredients.com\/tr\/wp-json\/wp\/v2\/pages"}],"about":[{"href":"https:\/\/vw-ingredients.com\/tr\/wp-json\/wp\/v2\/types\/page"}],"author":[{"embeddable":true,"href":"https:\/\/vw-ingredients.com\/tr\/wp-json\/wp\/v2\/users\/6"}],"replies":[{"embeddable":true,"href":"https:\/\/vw-ingredients.com\/tr\/wp-json\/wp\/v2\/comments?post=3734"}],"version-history":[{"count":2,"href":"https:\/\/vw-ingredients.com\/tr\/wp-json\/wp\/v2\/pages\/3734\/revisions"}],"predecessor-version":[{"id":7161,"href":"https:\/\/vw-ingredients.com\/tr\/wp-json\/wp\/v2\/pages\/3734\/revisions\/7161"}],"wp:attachment":[{"href":"https:\/\/vw-ingredients.com\/tr\/wp-json\/wp\/v2\/media?parent=3734"}],"curies":[{"name":"wp","href":"https:\/\/api.w.org\/{rel}","templated":true}]}}