{"id":3732,"date":"2021-11-11T18:21:55","date_gmt":"2021-11-11T18:21:55","guid":{"rendered":"https:\/\/vw-ingredients.com\/kesis-meyvesi-ozu"},"modified":"2024-04-09T07:57:19","modified_gmt":"2024-04-09T07:57:19","slug":"kesis-meyvesi-ozu","status":"publish","type":"page","link":"https:\/\/vw-ingredients.com\/tr\/kesis-meyvesi-ozu","title":{"rendered":"Ke\u015fi\u015f meyvesi \u00f6z\u00fc"},"content":{"rendered":"\t\t<div data-elementor-type=\"wp-page\" data-elementor-id=\"3732\" class=\"elementor elementor-3732\" data-elementor-post-type=\"page\">\n\t\t\t\t\t\t<section class=\"elementor-section elementor-top-section elementor-element elementor-element-ddc7206 elementor-section-boxed elementor-section-height-default elementor-section-height-default\" data-id=\"ddc7206\" data-element_type=\"section\" data-e-type=\"section\" data-settings=\"{&quot;jet_parallax_layout_list&quot;:[]}\">\n\t\t\t\t\t\t<div class=\"elementor-container elementor-column-gap-default\">\n\t\t\t\t\t<div class=\"elementor-column elementor-col-50 elementor-top-column elementor-element elementor-element-a128652\" data-id=\"a128652\" data-element_type=\"column\" data-e-type=\"column\">\n\t\t\t<div class=\"elementor-widget-wrap elementor-element-populated\">\n\t\t\t\t\t\t<div class=\"elementor-element elementor-element-716e5c0 elementor-widget elementor-widget-text-editor\" data-id=\"716e5c0\" data-element_type=\"widget\" data-e-type=\"widget\" data-widget_type=\"text-editor.default\">\n\t\t\t\t<div class=\"elementor-widget-container\">\n\t\t\t\t\t\t\t\t\t<p><img fetchpriority=\"high\" decoding=\"async\" class=\"size-full wp-image-1621 alignright\" src=\"https:\/\/vw-ingredients.com\/wp-content\/uploads\/2016\/07\/monkfruit2.jpg\" alt=\"\" width=\"350\" height=\"204\" data-id=\"1621\"><br \/>Van Wankum Ingredients, G\u0131da ve \u0130\u00e7ecek, Kozmetik, \u0130la\u00e7 ve Sa\u011fl\u0131k sekt\u00f6rlerindeki bir\u00e7ok farkl\u0131 m\u00fc\u015fteri i\u00e7in tam hizmet veren bir bile\u015fen sa\u011flay\u0131c\u0131s\u0131d\u0131r. Y\u00fcksek kaliteli bile\u015fenler ve katk\u0131 maddeleri sunuyoruz. Hizmetlerimiz aras\u0131nda numune alma, uygun maliyetli lojistik, kalite belgeleri ve dan\u0131\u015fmanl\u0131k yer almaktad\u0131r. Ticari, lojistik ve finans uzmanlar\u0131 ile g\u0131da teknolojisi uzmanlar\u0131ndan olu\u015fan ekibimiz, d\u00fcnya \u00e7ap\u0131nda 30 y\u0131l\u0131 a\u015fk\u0131n mesleki deneyimi payla\u015fmakta ve m\u00fc\u015fterilerin ihtiya\u00e7lar\u0131n\u0131 kar\u015f\u0131lamaya kendini adam\u0131\u015ft\u0131r.<\/p>\n<\/p>\n<h2>Monk Meyvesi nedir?<\/h2>\n<p>Monk Fruit, G\u00fcney \u00c7in&#8217;in uzak da\u011flar\u0131nda yeti\u015fen k\u00fc\u00e7\u00fck bir sub-tropikal kavundur. Luo Han Guo olarak da bilinir. Meyvenin lezzetli tatl\u0131 bir tad\u0131 vard\u0131r. Meyvenin kendisini lezzetli bir at\u0131\u015ft\u0131rmal\u0131k olarak yiyebilseniz de, meyve genellikle \u00f6z\u00fc i\u00e7in kullan\u0131l\u0131r. Ke\u015fi\u015f Meyvesi \u00f6z\u00fc, Geleneksel \u00c7in T\u0131bb\u0131 i\u00e7in bir bile\u015fen olarak ve \u00e7e\u015fitli yiyecek ve i\u00e7ecekler i\u00e7in do\u011fal bir tatland\u0131r\u0131c\u0131 olarak kullan\u0131l\u0131r. Ke\u015fi\u015f Meyvesi \u00f6z\u00fct\u00fc meyve suyu konsantresi veya toz olarak kullan\u0131labilir. Ke\u015fi\u015f Meyvesi \u00f6z\u00fc \u015fekerden yakla\u015f\u0131k 300 kat daha tatl\u0131d\u0131r.<\/p>\n<h2><img decoding=\"async\" class=\"alignnone size-full wp-image-2015\" src=\"https:\/\/vw-ingredients.com\/wp-content\/uploads\/2018\/01\/Sensory-Flavor-Map.jpg\" alt=\"\" width=\"788\" height=\"500\" data-id=\"2015\"><\/h2>\n<h2>Monk Meyvesinin Faydalar\u0131<\/h2>\n<p>Ke\u015fi\u015f Meyvesi \u00f6z\u00fc, Geleneksel \u00c7in T\u0131bb\u0131 i\u00e7in \u00f6nemli bir bile\u015fendir. Sub-tropikal kavunun \u00f6z\u00fc, y\u00fcksek tansiyon, akci\u011fer t\u00fcberk\u00fclozu, ast\u0131m, gastrit, bo\u011fmaca, akut ve kronik trakeit ve akut ve kronik tonsillit gibi hastal\u0131klar\u0131 tedavi etmek i\u00e7in kullan\u0131l\u0131r. Luo Han Guo olarak da bilinen Ke\u015fi\u015f Meyvesi, hem tedavi edici hem de sa\u011fl\u0131k \u00fcr\u00fcnleri i\u00e7in kullan\u0131labilir.<\/p>\n<\/p>\n<p>\u015eeker yerine do\u011fal bir tatland\u0131r\u0131c\u0131 olarak Monk Meyvesi \u00f6z\u00fct\u00fcn\u00fc tercih etmenin faydalar\u0131ndan baz\u0131lar\u0131n\u0131 listeledik.<\/p>\n<\/p>\n<ul>\n<li>Monk Meyvesi \u00f6z\u00fc \u015fekerden 300 kata kadar daha tatl\u0131d\u0131r<\/li>\n<li>Monk Meyvesi \u00f6z\u00fc \u00f6nemli antioksidanlar i\u00e7erir<\/li>\n<li>Ke\u015fi\u015f meyvesi \u00f6z\u00fc s\u0131f\u0131r glisemik indekse sahiptir<\/li>\n<li>Monk Meyvesi \u00f6z\u00fc kalori i\u00e7ermez<\/li>\n<li>Ke\u015fi\u015f Meyvesi \u00f6z\u00fc %100 do\u011fald\u0131r<\/li>\n<li>Monk Meyvesi \u00f6z\u00fc \u00e7\u00fcr\u00fck gibi di\u015f sorunlar\u0131na neden olmaz<\/li>\n<li>Monk Meyvesi \u00f6z\u00fc \u015feker hastalar\u0131 taraf\u0131ndan g\u00fcvenle t\u00fcketilebilir<\/li>\n<li>Monk Meyvesi \u00f6z\u00fc, y\u00fcksek tansiyon, ast\u0131m, bo\u011fmaca ve di\u011fer hastal\u0131klar\u0131n tedavisinde kullan\u0131labilir.<\/li>\n<\/ul>\n<h3>Mevcut Monk Meyvesi \u00e7e\u015fitleri:<\/h3>\n<p><img decoding=\"async\" class=\"size-full wp-image-1619 alignright\" src=\"https:\/\/vw-ingredients.com\/wp-content\/uploads\/2016\/07\/monkfruit.jpg\" alt=\"\" width=\"350\" height=\"204\" data-id=\"1619\"><\/p>\n<ul>\n<li>80 Mogrosid\/ %25 Mogrosid V<\/li>\n<li>90 Mogrosid \/ %30 Mogrosid V (Sar\u0131 Toz)<\/li>\n<li>90 Mogrosid \/ %30 Mogrosid V (Beyaz Toz)<\/li>\n<li>40 Mogroside V (Sar\u0131 Toz)<\/li>\n<li>40 Mogroside V HPLC (Beyaz Toz)<\/li>\n<li>50 Mogroside V HPLC<\/li>\n<\/ul>\n<h3>Sertifikalar:<\/h3>\n<ul>\n<li>GRAS<\/li>\n<li>GDO&#8217;suz<\/li>\n<li>Alerjen i\u00e7ermez<\/li>\n<li>Ko\u015fer\/Helal sertifikal\u0131<\/li>\n<\/ul>\n<h3>Monk Meyvesi uygulamalar\u0131<\/h3>\n<ul>\n<li>\u0130\u00e7ecekler ve \u0130\u00e7ecek Kar\u0131\u015f\u0131mlar\u0131<\/li>\n<li>Gazl\u0131 i\u00e7ecekler<\/li>\n<li>Gazs\u0131z i\u00e7ecekler<\/li>\n<li>Sert ve Yumu\u015fak \u015eeker<\/li>\n<li>Re\u00e7eller ve J\u00f6leler<\/li>\n<li>\u00c7i\u011fnenebilir \u015feker ve tablet<\/li>\n<li>S\u00fct \u00dcr\u00fcnleri<\/li>\n<li>\u0130\u015flenmi\u015f Meyveler ve Meyve Sular\u0131<\/li>\n<li>\u0130\u015flenmi\u015f Sebzeler ve Sebze Sular\u0131<\/li>\n<li>\u015eekerlemeler ve Buzlanmalar<\/li>\n<li>Beslenme ve Diyet \u00dcr\u00fcnleri<\/li>\n<li>Masa \u00fcst\u00fc tatland\u0131r\u0131c\u0131lar<\/li>\n<li>\u0130\u015flenmi\u015f meyve<\/li>\n<li>Sak\u0131z \u00e7i\u011fnemek<\/li>\n<li>Kuru kar\u0131\u015f\u0131m \u00fcr\u00fcnler<\/li>\n<li>Meyve ezmeleri<\/li>\n<li>Dondurulmu\u015f tatl\u0131lar<\/li>\n<li>Salata soslar\u0131<\/li>\n<li>Lezzet Artt\u0131r\u0131c\u0131lar<\/li>\n<\/ul>\n<h2>Van Wankum Malzemeler<\/h2>\n<p>Van Wankum Ingredients, \u00fcr\u00fcnleri ve ilkeleri i\u00e7in her zaman \u00e7evre dostu ve &#8220;ye\u015fil&#8221; f\u0131rsatlar aramaktad\u0131r. M\u00fc\u015fterilerimizle uzun vadeli ili\u015fkiler ve y\u00fcksek kaliteli hizmet i\u00e7in var\u0131z. Monk Meyvesi \u00f6z\u00fc hakk\u0131nda daha fazla bilgi almak veya Monk Meyvesi \u00f6rne\u011fi talep etmek ister misiniz? L\u00fctfen bizimle ileti\u015fime ge\u00e7mekten \u00e7ekinmeyin.<\/p>\n<p><iframe src=\"https:\/\/www.youtube.com\/embed\/5KOmp8Y2gmE\" width=\"560\" height=\"315\" frameborder=\"0\" allowfullscreen=\"allowfullscreen\"><\/iframe><\/p>\n\t\t\t\t\t\t\t\t<\/div>\n\t\t\t\t<\/div>\n\t\t\t\t\t<\/div>\n\t\t<\/div>\n\t\t\t\t<div class=\"elementor-column elementor-col-50 elementor-top-column elementor-element elementor-element-5d724d4\" data-id=\"5d724d4\" data-element_type=\"column\" data-e-type=\"column\">\n\t\t\t<div class=\"elementor-widget-wrap elementor-element-populated\">\n\t\t\t\t\t\t<section class=\"elementor-section elementor-inner-section elementor-element elementor-element-f4364dc elementor-section-height-min-height elementor-section-boxed elementor-section-height-default elementor-invisible\" data-id=\"f4364dc\" data-element_type=\"section\" data-e-type=\"section\" data-settings=\"{&quot;sticky&quot;:&quot;top&quot;,&quot;sticky_on&quot;:[&quot;desktop&quot;],&quot;sticky_parent&quot;:&quot;yes&quot;,&quot;sticky_offset&quot;:125,&quot;animation&quot;:&quot;fadeInRight&quot;,&quot;jet_parallax_layout_list&quot;:[],&quot;sticky_effects_offset&quot;:0,&quot;sticky_anchor_link_offset&quot;:0}\">\n\t\t\t\t\t\t<div class=\"elementor-container elementor-column-gap-default\">\n\t\t\t\t\t<div class=\"elementor-column elementor-col-100 elementor-inner-column elementor-element elementor-element-fdc73ad\" data-id=\"fdc73ad\" data-element_type=\"column\" data-e-type=\"column\" data-settings=\"{&quot;background_background&quot;:&quot;classic&quot;}\">\n\t\t\t<div class=\"elementor-widget-wrap elementor-element-populated\">\n\t\t\t\t\t\t<div class=\"elementor-element elementor-element-200cafd elementor-widget elementor-widget-heading\" data-id=\"200cafd\" data-element_type=\"widget\" data-e-type=\"widget\" data-widget_type=\"heading.default\">\n\t\t\t\t<div class=\"elementor-widget-container\">\n\t\t\t\t\t<h2 class=\"elementor-heading-title elementor-size-default\">\u00d6rnek talep edin<\/h2>\t\t\t\t<\/div>\n\t\t\t\t<\/div>\n\t\t\t\t<div class=\"elementor-element elementor-element-7b5f110 elementor-widget elementor-widget-text-editor\" data-id=\"7b5f110\" data-element_type=\"widget\" data-e-type=\"widget\" data-widget_type=\"text-editor.default\">\n\t\t\t\t<div class=\"elementor-widget-container\">\n\t\t\t\t\t\t\t\t\t<p>Hangi \u00f6rnekleri almak istedi\u011finizi bize bildirin. \u00dcr\u00fcn listemizden numunelerinizi se\u00e7in ve g\u00f6nder butonuna t\u0131klay\u0131n.<\/p>\n\t\t\t\t\t\t\t\t<\/div>\n\t\t\t\t<\/div>\n\t\t\t\t<div class=\"elementor-element elementor-element-68c8a2e elementor-widget elementor-widget-button\" data-id=\"68c8a2e\" data-element_type=\"widget\" data-e-type=\"widget\" data-widget_type=\"button.default\">\n\t\t\t\t<div class=\"elementor-widget-container\">\n\t\t\t\t\t\t\t\t\t<div class=\"elementor-button-wrapper\">\n\t\t\t\t\t<a class=\"elementor-button elementor-button-link elementor-size-sm\" href=\"https:\/\/vw-ingredients.com\/tr\/urunler\">\n\t\t\t\t\t\t<span class=\"elementor-button-content-wrapper\">\n\t\t\t\t\t\t\t\t\t<span class=\"elementor-button-text\">\u00d6rnek talep edin<\/span>\n\t\t\t\t\t<\/span>\n\t\t\t\t\t<\/a>\n\t\t\t\t<\/div>\n\t\t\t\t\t\t\t\t<\/div>\n\t\t\t\t<\/div>\n\t\t\t\t\t<\/div>\n\t\t<\/div>\n\t\t\t\t\t<\/div>\n\t\t<\/section>\n\t\t\t\t\t<\/div>\n\t\t<\/div>\n\t\t\t\t\t<\/div>\n\t\t<\/section>\n\t\t\t\t<\/div>\n\t\t","protected":false},"excerpt":{"rendered":"<p>Van Wankum Ingredients, G\u0131da ve \u0130\u00e7ecek, Kozmetik, \u0130la\u00e7 ve Sa\u011fl\u0131k sekt\u00f6rlerindeki bir\u00e7ok farkl\u0131 m\u00fc\u015fteri i\u00e7in tam hizmet veren bir bile\u015fen sa\u011flay\u0131c\u0131s\u0131d\u0131r. Y\u00fcksek kaliteli bile\u015fenler ve katk\u0131 maddeleri sunuyoruz. Hizmetlerimiz aras\u0131nda numune alma, uygun maliyetli lojistik, kalite belgeleri ve dan\u0131\u015fmanl\u0131k yer almaktad\u0131r. Ticari, lojistik ve finans uzmanlar\u0131 ile g\u0131da teknolojisi uzmanlar\u0131ndan olu\u015fan ekibimiz, d\u00fcnya \u00e7ap\u0131nda 30 [&hellip;]<\/p>\n","protected":false},"author":6,"featured_media":0,"parent":0,"menu_order":0,"comment_status":"closed","ping_status":"closed","template":"elementor_header_footer","meta":{"_acf_changed":false,"footnotes":""},"class_list":["post-3732","page","type-page","status-publish","hentry"],"acf":[],"yoast_head":"<!-- This site is optimized with the Yoast SEO plugin v27.3 - https:\/\/yoast.com\/product\/yoast-seo-wordpress\/ -->\n<title>Ke\u015fi\u015f meyvesi \u00f6z\u00fc - Van Wankum Ingredients<\/title>\n<meta name=\"description\" content=\"Monk Meyvesi \u00f6z\u00fcn\u00fcn faydalar\u0131 nelerdir? Van Wankum Malzemeler. \u2713Profesyonel deneyim \u2713Tam hizmet malzemeleri sa\u011flay\u0131c\u0131s\u0131\" \/>\n<meta name=\"robots\" content=\"index, follow, max-snippet:-1, max-image-preview:large, max-video-preview:-1\" \/>\n<link rel=\"canonical\" href=\"https:\/\/vw-ingredients.com\/tr\/kesis-meyvesi-ozu\" \/>\n<meta property=\"og:locale\" content=\"tr_TR\" \/>\n<meta property=\"og:type\" content=\"article\" \/>\n<meta property=\"og:title\" content=\"Ke\u015fi\u015f meyvesi \u00f6z\u00fc - Van Wankum Ingredients\" \/>\n<meta property=\"og:description\" content=\"Monk Meyvesi \u00f6z\u00fcn\u00fcn faydalar\u0131 nelerdir? Van Wankum Malzemeler. \u2713Profesyonel deneyim \u2713Tam hizmet malzemeleri sa\u011flay\u0131c\u0131s\u0131\" \/>\n<meta property=\"og:url\" content=\"https:\/\/vw-ingredients.com\/tr\/kesis-meyvesi-ozu\" \/>\n<meta property=\"og:site_name\" content=\"Van Wankum Ingredients\" \/>\n<meta property=\"article:modified_time\" content=\"2024-04-09T07:57:19+00:00\" \/>\n<meta property=\"og:image\" content=\"https:\/\/vw-ingredients.com\/wp-content\/uploads\/2016\/07\/monkfruit2.jpg\" \/>\n<meta name=\"twitter:card\" content=\"summary_large_image\" \/>\n<meta name=\"twitter:label1\" content=\"Tahmini okuma s\u00fcresi\" \/>\n\t<meta name=\"twitter:data1\" content=\"3 dakika\" \/>\n<script type=\"application\/ld+json\" class=\"yoast-schema-graph\">{\"@context\":\"https:\\\/\\\/schema.org\",\"@graph\":[{\"@type\":\"WebPage\",\"@id\":\"https:\\\/\\\/vw-ingredients.com\\\/tr\\\/kesis-meyvesi-ozu\",\"url\":\"https:\\\/\\\/vw-ingredients.com\\\/tr\\\/kesis-meyvesi-ozu\",\"name\":\"Ke\u015fi\u015f meyvesi \u00f6z\u00fc - Van Wankum Ingredients\",\"isPartOf\":{\"@id\":\"https:\\\/\\\/vw-ingredients.com\\\/tr#website\"},\"primaryImageOfPage\":{\"@id\":\"https:\\\/\\\/vw-ingredients.com\\\/tr\\\/kesis-meyvesi-ozu#primaryimage\"},\"image\":{\"@id\":\"https:\\\/\\\/vw-ingredients.com\\\/tr\\\/kesis-meyvesi-ozu#primaryimage\"},\"thumbnailUrl\":\"https:\\\/\\\/vw-ingredients.com\\\/wp-content\\\/uploads\\\/2016\\\/07\\\/monkfruit2.jpg\",\"datePublished\":\"2021-11-11T18:21:55+00:00\",\"dateModified\":\"2024-04-09T07:57:19+00:00\",\"description\":\"Monk Meyvesi \u00f6z\u00fcn\u00fcn faydalar\u0131 nelerdir? Van Wankum Malzemeler. \u2713Profesyonel deneyim \u2713Tam hizmet malzemeleri sa\u011flay\u0131c\u0131s\u0131\",\"breadcrumb\":{\"@id\":\"https:\\\/\\\/vw-ingredients.com\\\/tr\\\/kesis-meyvesi-ozu#breadcrumb\"},\"inLanguage\":\"tr\",\"potentialAction\":[{\"@type\":\"ReadAction\",\"target\":[\"https:\\\/\\\/vw-ingredients.com\\\/tr\\\/kesis-meyvesi-ozu\"]}]},{\"@type\":\"ImageObject\",\"inLanguage\":\"tr\",\"@id\":\"https:\\\/\\\/vw-ingredients.com\\\/tr\\\/kesis-meyvesi-ozu#primaryimage\",\"url\":\"https:\\\/\\\/vw-ingredients.com\\\/wp-content\\\/uploads\\\/2016\\\/07\\\/monkfruit2.jpg\",\"contentUrl\":\"https:\\\/\\\/vw-ingredients.com\\\/wp-content\\\/uploads\\\/2016\\\/07\\\/monkfruit2.jpg\"},{\"@type\":\"BreadcrumbList\",\"@id\":\"https:\\\/\\\/vw-ingredients.com\\\/tr\\\/kesis-meyvesi-ozu#breadcrumb\",\"itemListElement\":[{\"@type\":\"ListItem\",\"position\":1,\"name\":\"Home\",\"item\":\"https:\\\/\\\/vw-ingredients.com\\\/tr\"},{\"@type\":\"ListItem\",\"position\":2,\"name\":\"Ke\u015fi\u015f meyvesi \u00f6z\u00fc\"}]},{\"@type\":\"WebSite\",\"@id\":\"https:\\\/\\\/vw-ingredients.com\\\/tr#website\",\"url\":\"https:\\\/\\\/vw-ingredients.com\\\/tr\",\"name\":\"Van Wankum Ingredients\",\"description\":\"\",\"potentialAction\":[{\"@type\":\"SearchAction\",\"target\":{\"@type\":\"EntryPoint\",\"urlTemplate\":\"https:\\\/\\\/vw-ingredients.com\\\/tr?s={search_term_string}\"},\"query-input\":{\"@type\":\"PropertyValueSpecification\",\"valueRequired\":true,\"valueName\":\"search_term_string\"}}],\"inLanguage\":\"tr\"}]}<\/script>\n<!-- \/ Yoast SEO plugin. -->","yoast_head_json":{"title":"Ke\u015fi\u015f meyvesi \u00f6z\u00fc - Van Wankum Ingredients","description":"Monk Meyvesi \u00f6z\u00fcn\u00fcn faydalar\u0131 nelerdir? Van Wankum Malzemeler. \u2713Profesyonel deneyim \u2713Tam hizmet malzemeleri sa\u011flay\u0131c\u0131s\u0131","robots":{"index":"index","follow":"follow","max-snippet":"max-snippet:-1","max-image-preview":"max-image-preview:large","max-video-preview":"max-video-preview:-1"},"canonical":"https:\/\/vw-ingredients.com\/tr\/kesis-meyvesi-ozu","og_locale":"tr_TR","og_type":"article","og_title":"Ke\u015fi\u015f meyvesi \u00f6z\u00fc - Van Wankum Ingredients","og_description":"Monk Meyvesi \u00f6z\u00fcn\u00fcn faydalar\u0131 nelerdir? Van Wankum Malzemeler. \u2713Profesyonel deneyim \u2713Tam hizmet malzemeleri sa\u011flay\u0131c\u0131s\u0131","og_url":"https:\/\/vw-ingredients.com\/tr\/kesis-meyvesi-ozu","og_site_name":"Van Wankum Ingredients","article_modified_time":"2024-04-09T07:57:19+00:00","og_image":[{"url":"https:\/\/vw-ingredients.com\/wp-content\/uploads\/2016\/07\/monkfruit2.jpg","type":"","width":"","height":""}],"twitter_card":"summary_large_image","twitter_misc":{"Tahmini okuma s\u00fcresi":"3 dakika"},"schema":{"@context":"https:\/\/schema.org","@graph":[{"@type":"WebPage","@id":"https:\/\/vw-ingredients.com\/tr\/kesis-meyvesi-ozu","url":"https:\/\/vw-ingredients.com\/tr\/kesis-meyvesi-ozu","name":"Ke\u015fi\u015f meyvesi \u00f6z\u00fc - Van Wankum Ingredients","isPartOf":{"@id":"https:\/\/vw-ingredients.com\/tr#website"},"primaryImageOfPage":{"@id":"https:\/\/vw-ingredients.com\/tr\/kesis-meyvesi-ozu#primaryimage"},"image":{"@id":"https:\/\/vw-ingredients.com\/tr\/kesis-meyvesi-ozu#primaryimage"},"thumbnailUrl":"https:\/\/vw-ingredients.com\/wp-content\/uploads\/2016\/07\/monkfruit2.jpg","datePublished":"2021-11-11T18:21:55+00:00","dateModified":"2024-04-09T07:57:19+00:00","description":"Monk Meyvesi \u00f6z\u00fcn\u00fcn faydalar\u0131 nelerdir? Van Wankum Malzemeler. \u2713Profesyonel deneyim \u2713Tam hizmet malzemeleri sa\u011flay\u0131c\u0131s\u0131","breadcrumb":{"@id":"https:\/\/vw-ingredients.com\/tr\/kesis-meyvesi-ozu#breadcrumb"},"inLanguage":"tr","potentialAction":[{"@type":"ReadAction","target":["https:\/\/vw-ingredients.com\/tr\/kesis-meyvesi-ozu"]}]},{"@type":"ImageObject","inLanguage":"tr","@id":"https:\/\/vw-ingredients.com\/tr\/kesis-meyvesi-ozu#primaryimage","url":"https:\/\/vw-ingredients.com\/wp-content\/uploads\/2016\/07\/monkfruit2.jpg","contentUrl":"https:\/\/vw-ingredients.com\/wp-content\/uploads\/2016\/07\/monkfruit2.jpg"},{"@type":"BreadcrumbList","@id":"https:\/\/vw-ingredients.com\/tr\/kesis-meyvesi-ozu#breadcrumb","itemListElement":[{"@type":"ListItem","position":1,"name":"Home","item":"https:\/\/vw-ingredients.com\/tr"},{"@type":"ListItem","position":2,"name":"Ke\u015fi\u015f meyvesi \u00f6z\u00fc"}]},{"@type":"WebSite","@id":"https:\/\/vw-ingredients.com\/tr#website","url":"https:\/\/vw-ingredients.com\/tr","name":"Van Wankum Ingredients","description":"","potentialAction":[{"@type":"SearchAction","target":{"@type":"EntryPoint","urlTemplate":"https:\/\/vw-ingredients.com\/tr?s={search_term_string}"},"query-input":{"@type":"PropertyValueSpecification","valueRequired":true,"valueName":"search_term_string"}}],"inLanguage":"tr"}]}},"_links":{"self":[{"href":"https:\/\/vw-ingredients.com\/tr\/wp-json\/wp\/v2\/pages\/3732","targetHints":{"allow":["GET"]}}],"collection":[{"href":"https:\/\/vw-ingredients.com\/tr\/wp-json\/wp\/v2\/pages"}],"about":[{"href":"https:\/\/vw-ingredients.com\/tr\/wp-json\/wp\/v2\/types\/page"}],"author":[{"embeddable":true,"href":"https:\/\/vw-ingredients.com\/tr\/wp-json\/wp\/v2\/users\/6"}],"replies":[{"embeddable":true,"href":"https:\/\/vw-ingredients.com\/tr\/wp-json\/wp\/v2\/comments?post=3732"}],"version-history":[{"count":1,"href":"https:\/\/vw-ingredients.com\/tr\/wp-json\/wp\/v2\/pages\/3732\/revisions"}],"predecessor-version":[{"id":3737,"href":"https:\/\/vw-ingredients.com\/tr\/wp-json\/wp\/v2\/pages\/3732\/revisions\/3737"}],"wp:attachment":[{"href":"https:\/\/vw-ingredients.com\/tr\/wp-json\/wp\/v2\/media?parent=3732"}],"curies":[{"name":"wp","href":"https:\/\/api.w.org\/{rel}","templated":true}]}}