{"id":3711,"date":"2021-11-11T17:53:08","date_gmt":"2021-11-11T17:53:08","guid":{"rendered":"https:\/\/vw-ingredients.com\/maya-beta-glukan-ureticisi"},"modified":"2024-04-09T07:57:19","modified_gmt":"2024-04-09T07:57:19","slug":"maya-beta-glukan-ureticisi","status":"publish","type":"page","link":"https:\/\/vw-ingredients.com\/tr\/maya-beta-glukan-ureticisi","title":{"rendered":"Maya Beta Glukan \u00fcreticisi"},"content":{"rendered":"\t\t<div data-elementor-type=\"wp-page\" data-elementor-id=\"3711\" class=\"elementor elementor-3711\" data-elementor-post-type=\"page\">\n\t\t\t\t\t\t<section class=\"elementor-section elementor-top-section elementor-element elementor-element-ddc7206 elementor-section-boxed elementor-section-height-default elementor-section-height-default\" data-id=\"ddc7206\" data-element_type=\"section\" data-e-type=\"section\" data-settings=\"{&quot;jet_parallax_layout_list&quot;:[]}\">\n\t\t\t\t\t\t<div class=\"elementor-container elementor-column-gap-default\">\n\t\t\t\t\t<div class=\"elementor-column elementor-col-50 elementor-top-column elementor-element elementor-element-a128652\" data-id=\"a128652\" data-element_type=\"column\" data-e-type=\"column\">\n\t\t\t<div class=\"elementor-widget-wrap elementor-element-populated\">\n\t\t\t\t\t\t<div class=\"elementor-element elementor-element-716e5c0 elementor-widget elementor-widget-text-editor\" data-id=\"716e5c0\" data-element_type=\"widget\" data-e-type=\"widget\" data-widget_type=\"text-editor.default\">\n\t\t\t\t<div class=\"elementor-widget-container\">\n\t\t\t\t\t\t\t\t\t<p>Van Wankum Ingredients, bir\u00e7ok farkl\u0131 m\u00fc\u015fteri i\u00e7in tam hizmet veren bir bile\u015fen sa\u011flay\u0131c\u0131s\u0131d\u0131r.<br \/>Yiyecek ve \u0130\u00e7ecek, Kozmetik, <a href=\"https:\/\/vw-ingredients.com\/tr\/farmasotik-bilesenler\">\u0130la\u00e7<\/a> ve Sa\u011fl\u0131k end\u00fcstrileri. Biz y\u00fcksek teklif<br \/>kaliteli bile\u015fenler ve katk\u0131 maddeleri. Hizmetlerimiz aras\u0131nda \u00f6rnekleme, uygun maliyetli lojistik yer almaktad\u0131r,<br \/>kalite belgeleri ve dan\u0131\u015fmanl\u0131k. Ticari, lojistik ve finans uzmanlar\u0131ndan olu\u015fan ekibimiz,<br \/>ve g\u0131da teknolojisi uzmanlar\u0131 d\u00fcnya \u00e7ap\u0131nda 30 y\u0131l\u0131 a\u015fk\u0131n mesleki deneyimlerini payla\u015f\u0131yor<br \/>ve m\u00fc\u015fterilerin ihtiya\u00e7lar\u0131n\u0131 kar\u015f\u0131lamaya kararl\u0131d\u0131r.<\/p>\n<\/p>\n<h2>Maya Beta Glukan\u0131 Nedir?<\/h2>\n<p>MAYA Beta Glukan, yayg\u0131n f\u0131r\u0131nc\u0131 mayas\u0131n\u0131n h\u00fccre duvarlar\u0131nda bulunur. \u00c7o\u011fu insan zaten<br \/>bu\u011fday veya yulaf ezmesi gibi do\u011fal kaynaklar yoluyla t\u00fcketin. Bak\u0131m i\u00e7in kullan\u0131l\u0131r veya<br \/>Ba\u011f\u0131\u015f\u0131kl\u0131k sisteminin etkinli\u011fini uyar\u0131r. Ayr\u0131ca, a\u015fa\u011f\u0131dakiler \u00fczerinde olumlu bir etkisi vard\u0131r<br \/>kolesterol seviyeleri \u00fczerindeki olumlu etkilerini ara\u015ft\u0131rmak i\u00e7in ara\u015ft\u0131rmalar yap\u0131lmaktad\u0131r.<br \/>\u015feker seviyeleri.<\/p>\n<\/p>\n<h2>Maya Beta Glukan\u0131n\u0131n Faydalar\u0131?<\/h2>\n<p>&#8211; YEAST Beta Glukan ba\u011f\u0131\u015f\u0131kl\u0131k sisteminin etkinli\u011fini korur ve uyar\u0131r<br \/>&#8211; MAYA Beta Glukan kolesterol seviyeleri \u00fczerinde olumlu etkiye sahiptir<br \/>&#8211; YEAST Beta Glukan&#8217;\u0131n kan \u015fekeri seviyeleri \u00fczerinde olumlu bir etkisi oldu\u011fu ve diyabetik sorunlara yard\u0131mc\u0131 oldu\u011fu d\u00fc\u015f\u00fcn\u00fclmektedir<br \/>&#8211; MAYA Beta Glukan enfeksiyonlarla sava\u015f\u0131r<br \/>&#8211; YEAST Beta Glukan vejetaryenler i\u00e7in t\u00fcketime uygundur<\/p>\n<\/p>\n<h2>Maya Beta Glukan uygulamalar\u0131<\/h2>\n<p>&#8211; Beslenme ve Diyet <a href=\"https:\/\/vw-ingredients.com\/tr\/urunler\">\u00dcr\u00fcnleri<\/a><br \/>&#8211; Kuru kar\u0131\u015f\u0131m \u00fcr\u00fcnler<br \/>&#8211; Ekmek<br \/>&#8211; Granola barlar<br \/>&#8211; \u00c7erezler<br \/>&#8211; Bisk\u00fcvi<br \/>&#8211; S\u00fct \u00fcr\u00fcnleri<br \/>&#8211; \u0130\u00e7ecek<br \/>&#8211; Tatl\u0131lar<br \/>&#8211; Ba\u011f\u0131\u015f\u0131kl\u0131\u011f\u0131 g\u00fc\u00e7lendiren g\u0131dalar<br \/>&#8211; Kilo verdiren yiyecekler<br \/>&#8211; Ya\u015flanma kar\u015f\u0131t\u0131 g\u0131dalar<br \/>&#8211; Hayvan beslenmesi<\/p>\n<\/p>\n<h2>Van Wankum malzemeleri<\/h2>\n<p>Van Wankum Ingredients her zaman \u00e7evre dostu ve &#8220;ye\u015fil&#8221; \u00fcr\u00fcnler aramaktad\u0131r.<br \/>\u00fcr\u00fcnleri ve ilkeleri i\u00e7in f\u0131rsatlar. M\u00fc\u015fterilerimizle uzun vadeli ili\u015fkiler i\u00e7in<br \/>m\u00fc\u015fteriler ve y\u00fcksek kaliteli hizmet. L\u00fctfen YEAST Beta Glukan talep etmekten \u00e7ekinmeyin<br \/>\u00f6rnek veya sorular\u0131n\u0131z veya talepleriniz i\u00e7in do\u011frudan bizimle <a href=\"https:\/\/vw-ingredients.com\/tr\/iletisim\">ileti\u015fime<\/a> ge\u00e7in.<\/p>\n\t\t\t\t\t\t\t\t<\/div>\n\t\t\t\t<\/div>\n\t\t\t\t\t<\/div>\n\t\t<\/div>\n\t\t\t\t<div class=\"elementor-column elementor-col-50 elementor-top-column elementor-element elementor-element-5d724d4\" data-id=\"5d724d4\" data-element_type=\"column\" data-e-type=\"column\">\n\t\t\t<div class=\"elementor-widget-wrap elementor-element-populated\">\n\t\t\t\t\t\t<section class=\"elementor-section elementor-inner-section elementor-element elementor-element-f4364dc elementor-section-height-min-height elementor-section-boxed elementor-section-height-default elementor-invisible\" data-id=\"f4364dc\" data-element_type=\"section\" data-e-type=\"section\" data-settings=\"{&quot;sticky&quot;:&quot;top&quot;,&quot;sticky_on&quot;:[&quot;desktop&quot;],&quot;sticky_parent&quot;:&quot;yes&quot;,&quot;sticky_offset&quot;:125,&quot;animation&quot;:&quot;fadeInRight&quot;,&quot;jet_parallax_layout_list&quot;:[],&quot;sticky_effects_offset&quot;:0,&quot;sticky_anchor_link_offset&quot;:0}\">\n\t\t\t\t\t\t<div class=\"elementor-container elementor-column-gap-default\">\n\t\t\t\t\t<div class=\"elementor-column elementor-col-100 elementor-inner-column elementor-element elementor-element-fdc73ad\" data-id=\"fdc73ad\" data-element_type=\"column\" data-e-type=\"column\" data-settings=\"{&quot;background_background&quot;:&quot;classic&quot;}\">\n\t\t\t<div class=\"elementor-widget-wrap elementor-element-populated\">\n\t\t\t\t\t\t<div class=\"elementor-element elementor-element-200cafd elementor-widget elementor-widget-heading\" data-id=\"200cafd\" data-element_type=\"widget\" data-e-type=\"widget\" data-widget_type=\"heading.default\">\n\t\t\t\t<div class=\"elementor-widget-container\">\n\t\t\t\t\t<h2 class=\"elementor-heading-title elementor-size-default\">\u00d6rnek talep edin<\/h2>\t\t\t\t<\/div>\n\t\t\t\t<\/div>\n\t\t\t\t<div class=\"elementor-element elementor-element-7b5f110 elementor-widget elementor-widget-text-editor\" data-id=\"7b5f110\" data-element_type=\"widget\" data-e-type=\"widget\" data-widget_type=\"text-editor.default\">\n\t\t\t\t<div class=\"elementor-widget-container\">\n\t\t\t\t\t\t\t\t\t<p>Hangi \u00f6rnekleri almak istedi\u011finizi bize bildirin. \u00dcr\u00fcn listemizden numunelerinizi se\u00e7in ve g\u00f6nder butonuna t\u0131klay\u0131n.<\/p>\n\t\t\t\t\t\t\t\t<\/div>\n\t\t\t\t<\/div>\n\t\t\t\t<div class=\"elementor-element elementor-element-68c8a2e elementor-widget elementor-widget-button\" data-id=\"68c8a2e\" data-element_type=\"widget\" data-e-type=\"widget\" data-widget_type=\"button.default\">\n\t\t\t\t<div class=\"elementor-widget-container\">\n\t\t\t\t\t\t\t\t\t<div class=\"elementor-button-wrapper\">\n\t\t\t\t\t<a class=\"elementor-button elementor-button-link elementor-size-sm\" href=\"https:\/\/vw-ingredients.com\/tr\/urunler\">\n\t\t\t\t\t\t<span class=\"elementor-button-content-wrapper\">\n\t\t\t\t\t\t\t\t\t<span class=\"elementor-button-text\">\u00d6rnek talep edin<\/span>\n\t\t\t\t\t<\/span>\n\t\t\t\t\t<\/a>\n\t\t\t\t<\/div>\n\t\t\t\t\t\t\t\t<\/div>\n\t\t\t\t<\/div>\n\t\t\t\t\t<\/div>\n\t\t<\/div>\n\t\t\t\t\t<\/div>\n\t\t<\/section>\n\t\t\t\t\t<\/div>\n\t\t<\/div>\n\t\t\t\t\t<\/div>\n\t\t<\/section>\n\t\t\t\t<\/div>\n\t\t","protected":false},"excerpt":{"rendered":"<p>Van Wankum Ingredients, bir\u00e7ok farkl\u0131 m\u00fc\u015fteri i\u00e7in tam hizmet veren bir bile\u015fen sa\u011flay\u0131c\u0131s\u0131d\u0131r.Yiyecek ve \u0130\u00e7ecek, Kozmetik, \u0130la\u00e7 ve Sa\u011fl\u0131k end\u00fcstrileri. Biz y\u00fcksek teklifkaliteli bile\u015fenler ve katk\u0131 maddeleri. Hizmetlerimiz aras\u0131nda \u00f6rnekleme, uygun maliyetli lojistik yer almaktad\u0131r,kalite belgeleri ve dan\u0131\u015fmanl\u0131k. Ticari, lojistik ve finans uzmanlar\u0131ndan olu\u015fan ekibimiz,ve g\u0131da teknolojisi uzmanlar\u0131 d\u00fcnya \u00e7ap\u0131nda 30 y\u0131l\u0131 a\u015fk\u0131n mesleki deneyimlerini [&hellip;]<\/p>\n","protected":false},"author":6,"featured_media":0,"parent":0,"menu_order":0,"comment_status":"closed","ping_status":"closed","template":"elementor_header_footer","meta":{"_acf_changed":false,"footnotes":""},"class_list":["post-3711","page","type-page","status-publish","hentry"],"acf":[],"yoast_head":"<!-- This site is optimized with the Yoast SEO plugin v27.3 - https:\/\/yoast.com\/product\/yoast-seo-wordpress\/ -->\n<title>Maya Beta Glukan\u0131 \u00dcreticisi - Van Wankum Ingredients<\/title>\n<meta name=\"description\" content=\"Maya Beta Glukan \u00fcreticisi Van Wankum Ingredients \u2713Profesyonellerden olu\u015fan ekip \u2713D\u00fcnya \u00e7ap\u0131nda deneyim\" \/>\n<meta name=\"robots\" content=\"index, follow, max-snippet:-1, max-image-preview:large, max-video-preview:-1\" \/>\n<link rel=\"canonical\" href=\"https:\/\/vw-ingredients.com\/tr\/maya-beta-glukan-ureticisi\" \/>\n<meta property=\"og:locale\" content=\"tr_TR\" \/>\n<meta property=\"og:type\" content=\"article\" \/>\n<meta property=\"og:title\" content=\"Maya Beta Glukan\u0131 \u00dcreticisi - Van Wankum Ingredients\" \/>\n<meta property=\"og:description\" content=\"Maya Beta Glukan \u00fcreticisi Van Wankum Ingredients \u2713Profesyonellerden olu\u015fan ekip \u2713D\u00fcnya \u00e7ap\u0131nda deneyim\" \/>\n<meta property=\"og:url\" content=\"https:\/\/vw-ingredients.com\/tr\/maya-beta-glukan-ureticisi\" \/>\n<meta property=\"og:site_name\" content=\"Van Wankum Ingredients\" \/>\n<meta property=\"article:modified_time\" content=\"2024-04-09T07:57:19+00:00\" \/>\n<meta name=\"twitter:card\" content=\"summary_large_image\" \/>\n<meta name=\"twitter:label1\" content=\"Tahmini okuma s\u00fcresi\" \/>\n\t<meta name=\"twitter:data1\" content=\"2 dakika\" \/>\n<script type=\"application\/ld+json\" class=\"yoast-schema-graph\">{\"@context\":\"https:\\\/\\\/schema.org\",\"@graph\":[{\"@type\":\"WebPage\",\"@id\":\"https:\\\/\\\/vw-ingredients.com\\\/tr\\\/maya-beta-glukan-ureticisi\",\"url\":\"https:\\\/\\\/vw-ingredients.com\\\/tr\\\/maya-beta-glukan-ureticisi\",\"name\":\"Maya Beta Glukan\u0131 \u00dcreticisi - Van Wankum Ingredients\",\"isPartOf\":{\"@id\":\"https:\\\/\\\/vw-ingredients.com\\\/tr#website\"},\"datePublished\":\"2021-11-11T17:53:08+00:00\",\"dateModified\":\"2024-04-09T07:57:19+00:00\",\"description\":\"Maya Beta Glukan \u00fcreticisi Van Wankum Ingredients \u2713Profesyonellerden olu\u015fan ekip \u2713D\u00fcnya \u00e7ap\u0131nda deneyim\",\"breadcrumb\":{\"@id\":\"https:\\\/\\\/vw-ingredients.com\\\/tr\\\/maya-beta-glukan-ureticisi#breadcrumb\"},\"inLanguage\":\"tr\",\"potentialAction\":[{\"@type\":\"ReadAction\",\"target\":[\"https:\\\/\\\/vw-ingredients.com\\\/tr\\\/maya-beta-glukan-ureticisi\"]}]},{\"@type\":\"BreadcrumbList\",\"@id\":\"https:\\\/\\\/vw-ingredients.com\\\/tr\\\/maya-beta-glukan-ureticisi#breadcrumb\",\"itemListElement\":[{\"@type\":\"ListItem\",\"position\":1,\"name\":\"Home\",\"item\":\"https:\\\/\\\/vw-ingredients.com\\\/tr\"},{\"@type\":\"ListItem\",\"position\":2,\"name\":\"Maya Beta Glukan \u00fcreticisi\"}]},{\"@type\":\"WebSite\",\"@id\":\"https:\\\/\\\/vw-ingredients.com\\\/tr#website\",\"url\":\"https:\\\/\\\/vw-ingredients.com\\\/tr\",\"name\":\"Van Wankum Ingredients\",\"description\":\"\",\"potentialAction\":[{\"@type\":\"SearchAction\",\"target\":{\"@type\":\"EntryPoint\",\"urlTemplate\":\"https:\\\/\\\/vw-ingredients.com\\\/tr?s={search_term_string}\"},\"query-input\":{\"@type\":\"PropertyValueSpecification\",\"valueRequired\":true,\"valueName\":\"search_term_string\"}}],\"inLanguage\":\"tr\"}]}<\/script>\n<!-- \/ Yoast SEO plugin. -->","yoast_head_json":{"title":"Maya Beta Glukan\u0131 \u00dcreticisi - Van Wankum Ingredients","description":"Maya Beta Glukan \u00fcreticisi Van Wankum Ingredients \u2713Profesyonellerden olu\u015fan ekip \u2713D\u00fcnya \u00e7ap\u0131nda deneyim","robots":{"index":"index","follow":"follow","max-snippet":"max-snippet:-1","max-image-preview":"max-image-preview:large","max-video-preview":"max-video-preview:-1"},"canonical":"https:\/\/vw-ingredients.com\/tr\/maya-beta-glukan-ureticisi","og_locale":"tr_TR","og_type":"article","og_title":"Maya Beta Glukan\u0131 \u00dcreticisi - Van Wankum Ingredients","og_description":"Maya Beta Glukan \u00fcreticisi Van Wankum Ingredients \u2713Profesyonellerden olu\u015fan ekip \u2713D\u00fcnya \u00e7ap\u0131nda deneyim","og_url":"https:\/\/vw-ingredients.com\/tr\/maya-beta-glukan-ureticisi","og_site_name":"Van Wankum Ingredients","article_modified_time":"2024-04-09T07:57:19+00:00","twitter_card":"summary_large_image","twitter_misc":{"Tahmini okuma s\u00fcresi":"2 dakika"},"schema":{"@context":"https:\/\/schema.org","@graph":[{"@type":"WebPage","@id":"https:\/\/vw-ingredients.com\/tr\/maya-beta-glukan-ureticisi","url":"https:\/\/vw-ingredients.com\/tr\/maya-beta-glukan-ureticisi","name":"Maya Beta Glukan\u0131 \u00dcreticisi - Van Wankum Ingredients","isPartOf":{"@id":"https:\/\/vw-ingredients.com\/tr#website"},"datePublished":"2021-11-11T17:53:08+00:00","dateModified":"2024-04-09T07:57:19+00:00","description":"Maya Beta Glukan \u00fcreticisi Van Wankum Ingredients \u2713Profesyonellerden olu\u015fan ekip \u2713D\u00fcnya \u00e7ap\u0131nda deneyim","breadcrumb":{"@id":"https:\/\/vw-ingredients.com\/tr\/maya-beta-glukan-ureticisi#breadcrumb"},"inLanguage":"tr","potentialAction":[{"@type":"ReadAction","target":["https:\/\/vw-ingredients.com\/tr\/maya-beta-glukan-ureticisi"]}]},{"@type":"BreadcrumbList","@id":"https:\/\/vw-ingredients.com\/tr\/maya-beta-glukan-ureticisi#breadcrumb","itemListElement":[{"@type":"ListItem","position":1,"name":"Home","item":"https:\/\/vw-ingredients.com\/tr"},{"@type":"ListItem","position":2,"name":"Maya Beta Glukan \u00fcreticisi"}]},{"@type":"WebSite","@id":"https:\/\/vw-ingredients.com\/tr#website","url":"https:\/\/vw-ingredients.com\/tr","name":"Van Wankum Ingredients","description":"","potentialAction":[{"@type":"SearchAction","target":{"@type":"EntryPoint","urlTemplate":"https:\/\/vw-ingredients.com\/tr?s={search_term_string}"},"query-input":{"@type":"PropertyValueSpecification","valueRequired":true,"valueName":"search_term_string"}}],"inLanguage":"tr"}]}},"_links":{"self":[{"href":"https:\/\/vw-ingredients.com\/tr\/wp-json\/wp\/v2\/pages\/3711","targetHints":{"allow":["GET"]}}],"collection":[{"href":"https:\/\/vw-ingredients.com\/tr\/wp-json\/wp\/v2\/pages"}],"about":[{"href":"https:\/\/vw-ingredients.com\/tr\/wp-json\/wp\/v2\/types\/page"}],"author":[{"embeddable":true,"href":"https:\/\/vw-ingredients.com\/tr\/wp-json\/wp\/v2\/users\/6"}],"replies":[{"embeddable":true,"href":"https:\/\/vw-ingredients.com\/tr\/wp-json\/wp\/v2\/comments?post=3711"}],"version-history":[{"count":1,"href":"https:\/\/vw-ingredients.com\/tr\/wp-json\/wp\/v2\/pages\/3711\/revisions"}],"predecessor-version":[{"id":3716,"href":"https:\/\/vw-ingredients.com\/tr\/wp-json\/wp\/v2\/pages\/3711\/revisions\/3716"}],"wp:attachment":[{"href":"https:\/\/vw-ingredients.com\/tr\/wp-json\/wp\/v2\/media?parent=3711"}],"curies":[{"name":"wp","href":"https:\/\/api.w.org\/{rel}","templated":true}]}}