{"id":3704,"date":"2021-11-11T20:42:11","date_gmt":"2021-11-11T20:42:11","guid":{"rendered":"https:\/\/vw-ingredients.com\/selenyum-mayasi-faydalari"},"modified":"2024-04-09T07:57:17","modified_gmt":"2024-04-09T07:57:17","slug":"selenyum-mayasi-faydalari","status":"publish","type":"page","link":"https:\/\/vw-ingredients.com\/tr\/selenyum-mayasi-faydalari","title":{"rendered":"Selenyum Mayas\u0131 Faydalar\u0131"},"content":{"rendered":"\t\t<div data-elementor-type=\"wp-page\" data-elementor-id=\"3704\" class=\"elementor elementor-3704 elementor-1795\" data-elementor-post-type=\"page\">\n\t\t\t\t\t\t<section class=\"elementor-section elementor-top-section elementor-element elementor-element-ddc7206 elementor-section-boxed elementor-section-height-default elementor-section-height-default\" data-id=\"ddc7206\" data-element_type=\"section\" data-e-type=\"section\" data-settings=\"{&quot;jet_parallax_layout_list&quot;:[]}\">\n\t\t\t\t\t\t<div class=\"elementor-container elementor-column-gap-default\">\n\t\t\t\t\t<div class=\"elementor-column elementor-col-50 elementor-top-column elementor-element elementor-element-a128652\" data-id=\"a128652\" data-element_type=\"column\" data-e-type=\"column\">\n\t\t\t<div class=\"elementor-widget-wrap elementor-element-populated\">\n\t\t\t\t\t\t<div class=\"elementor-element elementor-element-716e5c0 elementor-widget elementor-widget-text-editor\" data-id=\"716e5c0\" data-element_type=\"widget\" data-e-type=\"widget\" data-widget_type=\"text-editor.default\">\n\t\t\t\t<div class=\"elementor-widget-container\">\n\t\t\t\t\t\t\t\t\t<p>Van Wankum Ingredients, G\u0131da ve \u0130\u00e7ecek, Kozmetik, \u0130la\u00e7 ve Sa\u011fl\u0131k sekt\u00f6rlerindeki bir\u00e7ok farkl\u0131 m\u00fc\u015fteri i\u00e7in tam hizmet veren bir bile\u015fen sa\u011flay\u0131c\u0131s\u0131d\u0131r. Y\u00fcksek kaliteli bile\u015fenler ve katk\u0131 maddeleri sunuyoruz.<\/p>\n<\/p>\n<p>Hizmetlerimiz aras\u0131nda numune alma, uygun maliyetli lojistik, kalite belgeleri ve dan\u0131\u015fmanl\u0131k yer almaktad\u0131r. Ticari, lojistik ve finans uzmanlar\u0131 ile g\u0131da teknolojisi uzmanlar\u0131ndan olu\u015fan ekibimiz, d\u00fcnya \u00e7ap\u0131nda 30 y\u0131l\u0131 a\u015fk\u0131n mesleki deneyimi payla\u015fmakta ve m\u00fc\u015fterilerin ihtiya\u00e7lar\u0131n\u0131 kar\u015f\u0131lamaya kendini adam\u0131\u015ft\u0131r.<\/p>\n<\/p>\n<h2>Selenyum Mayas\u0131 Nedir?<\/h2>\n<p>Selenyum mayas\u0131, organik selenyum olarak da adland\u0131r\u0131lan bir selenyum formudur.<\/p>\n<\/p>\n<p>Saccharomyces cerevisiae&#8217;nin selenyum a\u00e7\u0131s\u0131ndan zengin bir ortamda fermente edilmesiyle \u00fcretilen selenyum mayas\u0131, organik g\u0131da formundaki selenyumun tan\u0131nm\u0131\u015f bir kayna\u011f\u0131d\u0131r. Bu s\u00fcre\u00e7te, selenyumun neredeyse tamam\u0131 yap\u0131sal olarak metiyonin amino asidindeki s\u00fclf\u00fcr\u00fcn yerine ge\u00e7er ve b\u00f6ylece s\u00fclf\u00fcr i\u00e7eren metiyonin olu\u015fturmak i\u00e7in kullan\u0131lan ayn\u0131 yollar ve enzimler yoluyla selenometiyonin olu\u015fturur. S i\u00e7eren metiyonine benzerli\u011fi nedeniyle, selenometiyonin spesifik olmayan bir \u015fekilde al\u0131n\u0131r ve maya proteininin bir par\u00e7as\u0131 haline gelir. Selenyum mayas\u0131n\u0131 hayvan ve insan beslenmesinde de\u011ferli k\u0131lan da bu metabolik yoldur.<\/p>\n<\/p>\n<h2>Selenyum MAYASININ Faydalar\u0131<\/h2>\n<ul>\n<li>Selenyum Enflamasyonla Sava\u015f\u0131r<\/li>\n<li>Selenyum Sirkadiyen Ritmin D\u00fczenlenmesine Yard\u0131mc\u0131 Olur<\/li>\n<li>Selenyum Ya\u015flanma Kar\u015f\u0131t\u0131 \u00d6zelliklere Sahiptir<\/li>\n<li>Selenyum Tiroid Fonksiyonu \u0130\u00e7in \u00d6nemlidir<\/li>\n<li>Selenyum Kanseri \u00d6nlemeye Yard\u0131mc\u0131 Olabilir<\/li>\n<li>Selenyum Ba\u011f\u0131\u015f\u0131kl\u0131k Savunmas\u0131na Yard\u0131mc\u0131 Olur (\u00f6zellikle vir\u00fcslere kar\u015f\u0131)<\/li>\n<li>Selenyum Th2 Bask\u0131n Ki\u015filere \u0130yi Gelir<\/li>\n<li>Selenyum Do\u011furganl\u0131k ve \u00dcreme Sa\u011fl\u0131\u011f\u0131na Yard\u0131mc\u0131d\u0131r<\/li>\n<li>Selenyum Ruh Halini \u0130yile\u015ftirir<\/li>\n<li>Selenyum IGF-1&#8217;i Art\u0131r\u0131r<\/li>\n<\/ul>\n<h2>Selenyum Mayas\u0131nda mevcut \u00e7e\u015fitler:<\/h2>\n<ul>\n<li>Toz<\/li>\n<\/ul>\n<h2>Sertifikalar:<\/h2>\n<ul>\n<li>+GMP<\/li>\n<li>BRC<\/li>\n<li>GDO&#8217;suz<\/li>\n<li>Alerjen i\u00e7ermez<\/li>\n<li>Ko\u015fer\/Helal sertifikal\u0131<\/li>\n<\/ul>\n<h2>Selenium YEAST uygulamalar\u0131<\/h2>\n<ul>\n<li>Beslenme ve Diyet \u00dcr\u00fcnleri<\/li>\n<li>Kuru kar\u0131\u015f\u0131m \u00fcr\u00fcnler<\/li>\n<li>Ba\u011f\u0131\u015f\u0131kl\u0131\u011f\u0131 g\u00fc\u00e7lendiren g\u0131dalar<\/li>\n<li>Kilo verdiren yiyecekler<\/li>\n<li>Ya\u015flanma kar\u015f\u0131t\u0131 g\u0131dalar<\/li>\n<li>Hayvan beslenmesi<\/li>\n<\/ul>\n<h2>Van Wankum Malzemeler<\/h2>\n<p>Van Wankum Ingredients, \u00fcr\u00fcnleri ve ilkeleri i\u00e7in her zaman \u00e7evre dostu ve &#8220;ye\u015fil&#8221; f\u0131rsatlar aramaktad\u0131r. M\u00fc\u015fterilerimizle uzun vadeli ili\u015fkiler ve y\u00fcksek kaliteli hizmet i\u00e7in var\u0131z. Selenyum Mayas\u0131n\u0131n faydalar\u0131 hakk\u0131nda daha fazla bilgi almak veya bir Selenyum Mayas\u0131 numunesi talep etmek ister misiniz? L\u00fctfen bizimle ileti\u015fime ge\u00e7mekten \u00e7ekinmeyin.<\/p>\n\t\t\t\t\t\t\t\t<\/div>\n\t\t\t\t<\/div>\n\t\t\t\t\t<\/div>\n\t\t<\/div>\n\t\t\t\t<div class=\"elementor-column elementor-col-50 elementor-top-column elementor-element elementor-element-5d724d4\" data-id=\"5d724d4\" data-element_type=\"column\" data-e-type=\"column\">\n\t\t\t<div class=\"elementor-widget-wrap elementor-element-populated\">\n\t\t\t\t\t\t<section class=\"elementor-section elementor-inner-section elementor-element elementor-element-f4364dc elementor-section-height-min-height elementor-section-boxed elementor-section-height-default elementor-invisible\" data-id=\"f4364dc\" data-element_type=\"section\" data-e-type=\"section\" data-settings=\"{&quot;sticky&quot;:&quot;top&quot;,&quot;sticky_on&quot;:[&quot;desktop&quot;],&quot;sticky_parent&quot;:&quot;yes&quot;,&quot;sticky_offset&quot;:125,&quot;animation&quot;:&quot;fadeInRight&quot;,&quot;jet_parallax_layout_list&quot;:[],&quot;sticky_effects_offset&quot;:0,&quot;sticky_anchor_link_offset&quot;:0}\">\n\t\t\t\t\t\t<div class=\"elementor-container elementor-column-gap-default\">\n\t\t\t\t\t<div class=\"elementor-column elementor-col-100 elementor-inner-column elementor-element elementor-element-fdc73ad\" data-id=\"fdc73ad\" data-element_type=\"column\" data-e-type=\"column\" data-settings=\"{&quot;background_background&quot;:&quot;classic&quot;}\">\n\t\t\t<div class=\"elementor-widget-wrap elementor-element-populated\">\n\t\t\t\t\t\t<div class=\"elementor-element elementor-element-200cafd elementor-widget elementor-widget-heading\" data-id=\"200cafd\" data-element_type=\"widget\" data-e-type=\"widget\" data-widget_type=\"heading.default\">\n\t\t\t\t<div class=\"elementor-widget-container\">\n\t\t\t\t\t<h2 class=\"elementor-heading-title elementor-size-default\">\u00d6rnek talep edin<\/h2>\t\t\t\t<\/div>\n\t\t\t\t<\/div>\n\t\t\t\t<div class=\"elementor-element elementor-element-7b5f110 elementor-widget elementor-widget-text-editor\" data-id=\"7b5f110\" data-element_type=\"widget\" data-e-type=\"widget\" data-widget_type=\"text-editor.default\">\n\t\t\t\t<div class=\"elementor-widget-container\">\n\t\t\t\t\t\t\t\t\t<p>Hangi \u00f6rnekleri almak istedi\u011finizi bize bildirin. \u00dcr\u00fcn listemizden numunelerinizi se\u00e7in ve g\u00f6nder butonuna t\u0131klay\u0131n.<\/p>\n\t\t\t\t\t\t\t\t<\/div>\n\t\t\t\t<\/div>\n\t\t\t\t<div class=\"elementor-element elementor-element-68c8a2e elementor-widget elementor-widget-button\" data-id=\"68c8a2e\" data-element_type=\"widget\" data-e-type=\"widget\" data-widget_type=\"button.default\">\n\t\t\t\t<div class=\"elementor-widget-container\">\n\t\t\t\t\t\t\t\t\t<div class=\"elementor-button-wrapper\">\n\t\t\t\t\t<a class=\"elementor-button elementor-button-link elementor-size-sm\" href=\"https:\/\/vw-ingredients.com\/tr\/urunler\">\n\t\t\t\t\t\t<span class=\"elementor-button-content-wrapper\">\n\t\t\t\t\t\t\t\t\t<span class=\"elementor-button-text\">\u00d6rnek talep edin<\/span>\n\t\t\t\t\t<\/span>\n\t\t\t\t\t<\/a>\n\t\t\t\t<\/div>\n\t\t\t\t\t\t\t\t<\/div>\n\t\t\t\t<\/div>\n\t\t\t\t\t<\/div>\n\t\t<\/div>\n\t\t\t\t\t<\/div>\n\t\t<\/section>\n\t\t\t\t\t<\/div>\n\t\t<\/div>\n\t\t\t\t\t<\/div>\n\t\t<\/section>\n\t\t\t\t<\/div>\n\t\t","protected":false},"excerpt":{"rendered":"<p>Van Wankum Ingredients, G\u0131da ve \u0130\u00e7ecek, Kozmetik, \u0130la\u00e7 ve Sa\u011fl\u0131k sekt\u00f6rlerindeki bir\u00e7ok farkl\u0131 m\u00fc\u015fteri i\u00e7in tam hizmet veren bir bile\u015fen sa\u011flay\u0131c\u0131s\u0131d\u0131r. Y\u00fcksek kaliteli bile\u015fenler ve katk\u0131 maddeleri sunuyoruz. Hizmetlerimiz aras\u0131nda numune alma, uygun maliyetli lojistik, kalite belgeleri ve dan\u0131\u015fmanl\u0131k yer almaktad\u0131r. Ticari, lojistik ve finans uzmanlar\u0131 ile g\u0131da teknolojisi uzmanlar\u0131ndan olu\u015fan ekibimiz, d\u00fcnya \u00e7ap\u0131nda 30 [&hellip;]<\/p>\n","protected":false},"author":6,"featured_media":0,"parent":0,"menu_order":0,"comment_status":"closed","ping_status":"closed","template":"elementor_header_footer","meta":{"_acf_changed":false,"footnotes":""},"class_list":["post-3704","page","type-page","status-publish","hentry"],"acf":[],"yoast_head":"<!-- This site is optimized with the Yoast SEO plugin v27.3 - https:\/\/yoast.com\/product\/yoast-seo-wordpress\/ -->\n<title>Selenyum Mayas\u0131 Faydalar\u0131 - Van Wankum Ingredients<\/title>\n<meta name=\"description\" content=\"Van Wankum Ingredients, G\u0131da ve \u0130\u00e7ecek, Kozmetik, \u0130la\u00e7 ve Sa\u011fl\u0131k sekt\u00f6rlerindeki bir\u00e7ok farkl\u0131 m\u00fc\u015fteri i\u00e7in tam hizmet veren bir bile\u015fen sa\u011flay\u0131c\u0131s\u0131d\u0131r.\" \/>\n<meta name=\"robots\" content=\"index, follow, max-snippet:-1, max-image-preview:large, max-video-preview:-1\" \/>\n<link rel=\"canonical\" href=\"https:\/\/vw-ingredients.com\/tr\/selenyum-mayasi-faydalari\" \/>\n<meta property=\"og:locale\" content=\"tr_TR\" \/>\n<meta property=\"og:type\" content=\"article\" \/>\n<meta property=\"og:title\" content=\"Selenyum Mayas\u0131 Faydalar\u0131 - Van Wankum Ingredients\" \/>\n<meta property=\"og:description\" content=\"Van Wankum Ingredients, G\u0131da ve \u0130\u00e7ecek, Kozmetik, \u0130la\u00e7 ve Sa\u011fl\u0131k sekt\u00f6rlerindeki bir\u00e7ok farkl\u0131 m\u00fc\u015fteri i\u00e7in tam hizmet veren bir bile\u015fen sa\u011flay\u0131c\u0131s\u0131d\u0131r.\" \/>\n<meta property=\"og:url\" content=\"https:\/\/vw-ingredients.com\/tr\/selenyum-mayasi-faydalari\" \/>\n<meta property=\"og:site_name\" content=\"Van Wankum Ingredients\" \/>\n<meta property=\"article:modified_time\" content=\"2024-04-09T07:57:17+00:00\" \/>\n<meta name=\"twitter:card\" content=\"summary_large_image\" \/>\n<meta name=\"twitter:label1\" content=\"Tahmini okuma s\u00fcresi\" \/>\n\t<meta name=\"twitter:data1\" content=\"2 dakika\" \/>\n<script type=\"application\/ld+json\" class=\"yoast-schema-graph\">{\"@context\":\"https:\\\/\\\/schema.org\",\"@graph\":[{\"@type\":\"WebPage\",\"@id\":\"https:\\\/\\\/vw-ingredients.com\\\/tr\\\/selenyum-mayasi-faydalari\",\"url\":\"https:\\\/\\\/vw-ingredients.com\\\/tr\\\/selenyum-mayasi-faydalari\",\"name\":\"Selenyum Mayas\u0131 Faydalar\u0131 - Van Wankum Ingredients\",\"isPartOf\":{\"@id\":\"https:\\\/\\\/vw-ingredients.com\\\/tr#website\"},\"datePublished\":\"2021-11-11T20:42:11+00:00\",\"dateModified\":\"2024-04-09T07:57:17+00:00\",\"description\":\"Van Wankum Ingredients, G\u0131da ve \u0130\u00e7ecek, Kozmetik, \u0130la\u00e7 ve Sa\u011fl\u0131k sekt\u00f6rlerindeki bir\u00e7ok farkl\u0131 m\u00fc\u015fteri i\u00e7in tam hizmet veren bir bile\u015fen sa\u011flay\u0131c\u0131s\u0131d\u0131r.\",\"breadcrumb\":{\"@id\":\"https:\\\/\\\/vw-ingredients.com\\\/tr\\\/selenyum-mayasi-faydalari#breadcrumb\"},\"inLanguage\":\"tr\",\"potentialAction\":[{\"@type\":\"ReadAction\",\"target\":[\"https:\\\/\\\/vw-ingredients.com\\\/tr\\\/selenyum-mayasi-faydalari\"]}]},{\"@type\":\"BreadcrumbList\",\"@id\":\"https:\\\/\\\/vw-ingredients.com\\\/tr\\\/selenyum-mayasi-faydalari#breadcrumb\",\"itemListElement\":[{\"@type\":\"ListItem\",\"position\":1,\"name\":\"Home\",\"item\":\"https:\\\/\\\/vw-ingredients.com\\\/tr\"},{\"@type\":\"ListItem\",\"position\":2,\"name\":\"Selenyum Mayas\u0131 Faydalar\u0131\"}]},{\"@type\":\"WebSite\",\"@id\":\"https:\\\/\\\/vw-ingredients.com\\\/tr#website\",\"url\":\"https:\\\/\\\/vw-ingredients.com\\\/tr\",\"name\":\"Van Wankum Ingredients\",\"description\":\"\",\"potentialAction\":[{\"@type\":\"SearchAction\",\"target\":{\"@type\":\"EntryPoint\",\"urlTemplate\":\"https:\\\/\\\/vw-ingredients.com\\\/tr?s={search_term_string}\"},\"query-input\":{\"@type\":\"PropertyValueSpecification\",\"valueRequired\":true,\"valueName\":\"search_term_string\"}}],\"inLanguage\":\"tr\"}]}<\/script>\n<!-- \/ Yoast SEO plugin. -->","yoast_head_json":{"title":"Selenyum Mayas\u0131 Faydalar\u0131 - Van Wankum Ingredients","description":"Van Wankum Ingredients, G\u0131da ve \u0130\u00e7ecek, Kozmetik, \u0130la\u00e7 ve Sa\u011fl\u0131k sekt\u00f6rlerindeki bir\u00e7ok farkl\u0131 m\u00fc\u015fteri i\u00e7in tam hizmet veren bir bile\u015fen sa\u011flay\u0131c\u0131s\u0131d\u0131r.","robots":{"index":"index","follow":"follow","max-snippet":"max-snippet:-1","max-image-preview":"max-image-preview:large","max-video-preview":"max-video-preview:-1"},"canonical":"https:\/\/vw-ingredients.com\/tr\/selenyum-mayasi-faydalari","og_locale":"tr_TR","og_type":"article","og_title":"Selenyum Mayas\u0131 Faydalar\u0131 - Van Wankum Ingredients","og_description":"Van Wankum Ingredients, G\u0131da ve \u0130\u00e7ecek, Kozmetik, \u0130la\u00e7 ve Sa\u011fl\u0131k sekt\u00f6rlerindeki bir\u00e7ok farkl\u0131 m\u00fc\u015fteri i\u00e7in tam hizmet veren bir bile\u015fen sa\u011flay\u0131c\u0131s\u0131d\u0131r.","og_url":"https:\/\/vw-ingredients.com\/tr\/selenyum-mayasi-faydalari","og_site_name":"Van Wankum Ingredients","article_modified_time":"2024-04-09T07:57:17+00:00","twitter_card":"summary_large_image","twitter_misc":{"Tahmini okuma s\u00fcresi":"2 dakika"},"schema":{"@context":"https:\/\/schema.org","@graph":[{"@type":"WebPage","@id":"https:\/\/vw-ingredients.com\/tr\/selenyum-mayasi-faydalari","url":"https:\/\/vw-ingredients.com\/tr\/selenyum-mayasi-faydalari","name":"Selenyum Mayas\u0131 Faydalar\u0131 - Van Wankum Ingredients","isPartOf":{"@id":"https:\/\/vw-ingredients.com\/tr#website"},"datePublished":"2021-11-11T20:42:11+00:00","dateModified":"2024-04-09T07:57:17+00:00","description":"Van Wankum Ingredients, G\u0131da ve \u0130\u00e7ecek, Kozmetik, \u0130la\u00e7 ve Sa\u011fl\u0131k sekt\u00f6rlerindeki bir\u00e7ok farkl\u0131 m\u00fc\u015fteri i\u00e7in tam hizmet veren bir bile\u015fen sa\u011flay\u0131c\u0131s\u0131d\u0131r.","breadcrumb":{"@id":"https:\/\/vw-ingredients.com\/tr\/selenyum-mayasi-faydalari#breadcrumb"},"inLanguage":"tr","potentialAction":[{"@type":"ReadAction","target":["https:\/\/vw-ingredients.com\/tr\/selenyum-mayasi-faydalari"]}]},{"@type":"BreadcrumbList","@id":"https:\/\/vw-ingredients.com\/tr\/selenyum-mayasi-faydalari#breadcrumb","itemListElement":[{"@type":"ListItem","position":1,"name":"Home","item":"https:\/\/vw-ingredients.com\/tr"},{"@type":"ListItem","position":2,"name":"Selenyum Mayas\u0131 Faydalar\u0131"}]},{"@type":"WebSite","@id":"https:\/\/vw-ingredients.com\/tr#website","url":"https:\/\/vw-ingredients.com\/tr","name":"Van Wankum Ingredients","description":"","potentialAction":[{"@type":"SearchAction","target":{"@type":"EntryPoint","urlTemplate":"https:\/\/vw-ingredients.com\/tr?s={search_term_string}"},"query-input":{"@type":"PropertyValueSpecification","valueRequired":true,"valueName":"search_term_string"}}],"inLanguage":"tr"}]}},"_links":{"self":[{"href":"https:\/\/vw-ingredients.com\/tr\/wp-json\/wp\/v2\/pages\/3704","targetHints":{"allow":["GET"]}}],"collection":[{"href":"https:\/\/vw-ingredients.com\/tr\/wp-json\/wp\/v2\/pages"}],"about":[{"href":"https:\/\/vw-ingredients.com\/tr\/wp-json\/wp\/v2\/types\/page"}],"author":[{"embeddable":true,"href":"https:\/\/vw-ingredients.com\/tr\/wp-json\/wp\/v2\/users\/6"}],"replies":[{"embeddable":true,"href":"https:\/\/vw-ingredients.com\/tr\/wp-json\/wp\/v2\/comments?post=3704"}],"version-history":[{"count":2,"href":"https:\/\/vw-ingredients.com\/tr\/wp-json\/wp\/v2\/pages\/3704\/revisions"}],"predecessor-version":[{"id":3714,"href":"https:\/\/vw-ingredients.com\/tr\/wp-json\/wp\/v2\/pages\/3704\/revisions\/3714"}],"wp:attachment":[{"href":"https:\/\/vw-ingredients.com\/tr\/wp-json\/wp\/v2\/media?parent=3704"}],"curies":[{"name":"wp","href":"https:\/\/api.w.org\/{rel}","templated":true}]}}