{"id":3693,"date":"2021-11-11T16:37:28","date_gmt":"2021-11-11T16:37:28","guid":{"rendered":"https:\/\/vw-ingredients.com\/kesis-meyvesi-faydalari"},"modified":"2024-04-09T07:56:28","modified_gmt":"2024-04-09T07:56:28","slug":"kesis-meyvesi-faydalari","status":"publish","type":"page","link":"https:\/\/vw-ingredients.com\/tr\/kesis-meyvesi-faydalari","title":{"rendered":"Ke\u015fi\u015f Meyvesi faydalar\u0131"},"content":{"rendered":"\t\t<div data-elementor-type=\"wp-page\" data-elementor-id=\"3693\" class=\"elementor elementor-3693\" data-elementor-post-type=\"page\">\n\t\t\t\t\t\t<section class=\"elementor-section elementor-top-section elementor-element elementor-element-ddc7206 elementor-section-boxed elementor-section-height-default elementor-section-height-default\" data-id=\"ddc7206\" data-element_type=\"section\" data-e-type=\"section\" data-settings=\"{&quot;jet_parallax_layout_list&quot;:[]}\">\n\t\t\t\t\t\t<div class=\"elementor-container elementor-column-gap-default\">\n\t\t\t\t\t<div class=\"elementor-column elementor-col-50 elementor-top-column elementor-element elementor-element-a128652\" data-id=\"a128652\" data-element_type=\"column\" data-e-type=\"column\">\n\t\t\t<div class=\"elementor-widget-wrap elementor-element-populated\">\n\t\t\t\t\t\t<div class=\"elementor-element elementor-element-716e5c0 elementor-widget elementor-widget-text-editor\" data-id=\"716e5c0\" data-element_type=\"widget\" data-e-type=\"widget\" data-widget_type=\"text-editor.default\">\n\t\t\t\t<div class=\"elementor-widget-container\">\n\t\t\t\t\t\t\t\t\t<p>Van Wankum Ingredients, G\u0131da ve \u0130\u00e7ecek, Kozmetik, \u0130la\u00e7 ve Sa\u011fl\u0131k sekt\u00f6rlerindeki bir\u00e7ok farkl\u0131 m\u00fc\u015fteri i\u00e7in tam hizmet veren bir bile\u015fen sa\u011flay\u0131c\u0131s\u0131d\u0131r. Y\u00fcksek kaliteli bile\u015fenler ve katk\u0131 maddeleri sunuyoruz.<\/p>\n<\/p>\n<p>Hizmetlerimiz aras\u0131nda numune alma, uygun maliyetli lojistik, kalite belgeleri ve dan\u0131\u015fmanl\u0131k yer almaktad\u0131r. Ticari, lojistik ve finans uzmanlar\u0131 ile g\u0131da teknolojisi uzmanlar\u0131ndan olu\u015fan ekibimiz, d\u00fcnya \u00e7ap\u0131nda 30 y\u0131l\u0131 a\u015fk\u0131n mesleki deneyimi payla\u015fmakta ve m\u00fc\u015fterilerin ihtiya\u00e7lar\u0131n\u0131 kar\u015f\u0131lamaya kendini adam\u0131\u015ft\u0131r.<\/p>\n<\/p>\n<h2>Monk Meyvesi nedir?<\/h2>\n<p>Ke\u015fi\u015f Meyvesi G\u00fcney \u00c7in&#8217;in uzak da\u011flar\u0131nda yeti\u015ftirilir. K\u00fc\u00e7\u00fck sub-tropikal kavun Luo Han Guo olarak da bilinir. Efsaneye g\u00f6re Ke\u015fi\u015f Meyvesi ad\u0131, yakla\u015f\u0131k 800 y\u0131l \u00f6nce bu meyveyi ilk kez yeti\u015ftiren Budist rahiplerden gelmektedir. Bu \u00c7in meyvesinin \u00f6z\u00fc \u015fekerden yakla\u015f\u0131k 300 kat daha tatl\u0131d\u0131r ve d\u00fc\u015f\u00fck kalorili bir tatland\u0131r\u0131c\u0131 olarak kullan\u0131labilir.<\/p>\n<\/p>\n<h2>Monk Meyvesinin Faydalar\u0131<\/h2>\n<p>Ke\u015fi\u015f Meyvesi Geleneksel \u00c7in T\u0131bb\u0131 i\u00e7in \u00f6nemli bir bile\u015fendir ve y\u00fcksek tansiyon, akci\u011fer t\u00fcberk\u00fclozu, ast\u0131m, gastrit, bo\u011fmaca, akut ve kronik trakeit ve akut ve kronik tonsillit gibi hastal\u0131klar\u0131n tedavisinde kullan\u0131l\u0131r. Monk Meyvesi hem tedavi edici hem de sa\u011fl\u0131k \u00fcr\u00fcnleri i\u00e7in kullan\u0131labilir.<\/p>\n<\/p>\n<p>\u015eeker yerine do\u011fal bir tatland\u0131r\u0131c\u0131 olarak Monk Meyvesini tercih etmek i\u00e7in bir\u00e7ok neden vard\u0131r. Faydalar\u0131ndan baz\u0131lar\u0131n\u0131 listeliyoruz:<\/p>\n<\/p>\n<ul>\n<li>Monk Meyvesi \u015fekerden 300 kata kadar daha tatl\u0131d\u0131r<\/li>\n<li>Monk Meyvesi \u00f6nemli antioksidanlar i\u00e7erir<\/li>\n<li>Monk meyvesi s\u0131f\u0131r glisemik indekse sahiptir<\/li>\n<li>Monk Meyvesi s\u0131f\u0131r kalori i\u00e7erir<\/li>\n<li>Monk Meyvesi do\u011fal bir \u00fcr\u00fcnd\u00fcr<\/li>\n<li>Monk Meyvesi di\u015f \u00e7\u00fcr\u00fcklerine neden olmaz<\/li>\n<li>Monk Meyvesi \u015feker hastalar\u0131 taraf\u0131ndan g\u00fcvenle t\u00fcketilebilir<\/li>\n<li>Ke\u015fi\u015f Meyvesi, y\u00fcksek tansiyon, ast\u0131m, bo\u011fmaca ve di\u011fer hastal\u0131klar\u0131n tedavisinde kullan\u0131labilir.<\/li>\n<\/ul>\n<h3>Monk Fruit&#8217;de mevcut \u00e7e\u015fitler:<\/h3>\n<ul>\n<li>80 Mogrosid\/ %25 Mogrosid V<\/li>\n<li>90 Mogrosid \/ %30 Mogrosid V (Sar\u0131 Toz)<\/li>\n<li>90 Mogrosid \/ %30 Mogrosid V (Beyaz Toz)<\/li>\n<li>40 Mogroside V (Sar\u0131 Toz)<\/li>\n<li>40 Mogroside V HPLC (Beyaz Toz)<\/li>\n<li>50 Mogroside V HPLC<\/li>\n<\/ul>\n<h3>Sertifikalar:<\/h3>\n<ul>\n<li>GRAS<\/li>\n<li>GDO&#8217;suz<\/li>\n<li>Alerjen i\u00e7ermez<\/li>\n<li>Ko\u015fer\/Helal sertifikal\u0131<\/li>\n<\/ul>\n<h3>Monk Meyvesi uygulamalar\u0131<\/h3>\n<ul>\n<li>\u0130\u00e7ecekler ve \u0130\u00e7ecek Kar\u0131\u015f\u0131mlar\u0131<\/li>\n<li>Gazl\u0131 i\u00e7ecekler<\/li>\n<li>Gazs\u0131z i\u00e7ecekler<\/li>\n<li>Sert ve Yumu\u015fak \u015eeker<\/li>\n<li>Re\u00e7eller ve J\u00f6leler<\/li>\n<li>\u00c7i\u011fnenebilir \u015feker ve tablet<\/li>\n<li>S\u00fct \u00dcr\u00fcnleri<\/li>\n<li>\u0130\u015flenmi\u015f Meyveler ve Meyve Sular\u0131<\/li>\n<li>\u0130\u015flenmi\u015f Sebzeler ve Sebze Sular\u0131<\/li>\n<li>\u015eekerlemeler ve Buzlanmalar<\/li>\n<li>Beslenme ve Diyet \u00dcr\u00fcnleri<\/li>\n<li>Masa \u00fcst\u00fc tatland\u0131r\u0131c\u0131lar<\/li>\n<li>\u0130\u015flenmi\u015f meyve<\/li>\n<li>Sak\u0131z \u00e7i\u011fnemek<\/li>\n<li>Kuru kar\u0131\u015f\u0131m \u00fcr\u00fcnler<\/li>\n<li>Meyve ezmeleri<\/li>\n<li>Dondurulmu\u015f tatl\u0131lar<\/li>\n<li>Salata soslar\u0131<\/li>\n<li>Lezzet Artt\u0131r\u0131c\u0131lar<\/li>\n<\/ul>\n<h2>Van Wankum Malzemeler<\/h2>\n<p>Van Wankum Ingredients, \u00fcr\u00fcnleri ve ilkeleri i\u00e7in her zaman \u00e7evre dostu ve &#8220;ye\u015fil&#8221; f\u0131rsatlar aramaktad\u0131r. M\u00fc\u015fterilerimizle uzun vadeli ili\u015fkiler ve y\u00fcksek kaliteli hizmet i\u00e7in var\u0131z. Monk Fruit&#8217;in faydalar\u0131 hakk\u0131nda daha fazla bilgi almak veya bir Monk Fruit numunesi talep etmek ister misiniz? L\u00fctfen bizimle ileti\u015fime ge\u00e7mekten \u00e7ekinmeyin.<\/p>\n\t\t\t\t\t\t\t\t<\/div>\n\t\t\t\t<\/div>\n\t\t\t\t\t<\/div>\n\t\t<\/div>\n\t\t\t\t<div class=\"elementor-column elementor-col-50 elementor-top-column elementor-element elementor-element-5d724d4\" data-id=\"5d724d4\" data-element_type=\"column\" data-e-type=\"column\">\n\t\t\t<div class=\"elementor-widget-wrap elementor-element-populated\">\n\t\t\t\t\t\t<section class=\"elementor-section elementor-inner-section elementor-element elementor-element-f4364dc elementor-section-height-min-height elementor-section-boxed elementor-section-height-default elementor-invisible\" data-id=\"f4364dc\" data-element_type=\"section\" data-e-type=\"section\" data-settings=\"{&quot;sticky&quot;:&quot;top&quot;,&quot;sticky_on&quot;:[&quot;desktop&quot;],&quot;sticky_parent&quot;:&quot;yes&quot;,&quot;sticky_offset&quot;:125,&quot;animation&quot;:&quot;fadeInRight&quot;,&quot;jet_parallax_layout_list&quot;:[],&quot;sticky_effects_offset&quot;:0,&quot;sticky_anchor_link_offset&quot;:0}\">\n\t\t\t\t\t\t<div class=\"elementor-container elementor-column-gap-default\">\n\t\t\t\t\t<div class=\"elementor-column elementor-col-100 elementor-inner-column elementor-element elementor-element-fdc73ad\" data-id=\"fdc73ad\" data-element_type=\"column\" data-e-type=\"column\" data-settings=\"{&quot;background_background&quot;:&quot;classic&quot;}\">\n\t\t\t<div class=\"elementor-widget-wrap elementor-element-populated\">\n\t\t\t\t\t\t<div class=\"elementor-element elementor-element-200cafd elementor-widget elementor-widget-heading\" data-id=\"200cafd\" data-element_type=\"widget\" data-e-type=\"widget\" data-widget_type=\"heading.default\">\n\t\t\t\t<div class=\"elementor-widget-container\">\n\t\t\t\t\t<h2 class=\"elementor-heading-title elementor-size-default\">\u00d6rnek talep edin<\/h2>\t\t\t\t<\/div>\n\t\t\t\t<\/div>\n\t\t\t\t<div class=\"elementor-element elementor-element-7b5f110 elementor-widget elementor-widget-text-editor\" data-id=\"7b5f110\" data-element_type=\"widget\" data-e-type=\"widget\" data-widget_type=\"text-editor.default\">\n\t\t\t\t<div class=\"elementor-widget-container\">\n\t\t\t\t\t\t\t\t\t<p>Hangi \u00f6rnekleri almak istedi\u011finizi bize bildirin. \u00dcr\u00fcn listemizden numunelerinizi se\u00e7in ve g\u00f6nder butonuna t\u0131klay\u0131n.<\/p>\n\t\t\t\t\t\t\t\t<\/div>\n\t\t\t\t<\/div>\n\t\t\t\t<div class=\"elementor-element elementor-element-68c8a2e elementor-widget elementor-widget-button\" data-id=\"68c8a2e\" data-element_type=\"widget\" data-e-type=\"widget\" data-widget_type=\"button.default\">\n\t\t\t\t<div class=\"elementor-widget-container\">\n\t\t\t\t\t\t\t\t\t<div class=\"elementor-button-wrapper\">\n\t\t\t\t\t<a class=\"elementor-button elementor-button-link elementor-size-sm\" href=\"https:\/\/vw-ingredients.com\/products\">\n\t\t\t\t\t\t<span class=\"elementor-button-content-wrapper\">\n\t\t\t\t\t\t\t\t\t<span class=\"elementor-button-text\">\u00d6rnek talep edin<\/span>\n\t\t\t\t\t<\/span>\n\t\t\t\t\t<\/a>\n\t\t\t\t<\/div>\n\t\t\t\t\t\t\t\t<\/div>\n\t\t\t\t<\/div>\n\t\t\t\t\t<\/div>\n\t\t<\/div>\n\t\t\t\t\t<\/div>\n\t\t<\/section>\n\t\t\t\t\t<\/div>\n\t\t<\/div>\n\t\t\t\t\t<\/div>\n\t\t<\/section>\n\t\t\t\t<\/div>\n\t\t","protected":false},"excerpt":{"rendered":"<p>Van Wankum Ingredients, G\u0131da ve \u0130\u00e7ecek, Kozmetik, \u0130la\u00e7 ve Sa\u011fl\u0131k sekt\u00f6rlerindeki bir\u00e7ok farkl\u0131 m\u00fc\u015fteri i\u00e7in tam hizmet veren bir bile\u015fen sa\u011flay\u0131c\u0131s\u0131d\u0131r. Y\u00fcksek kaliteli bile\u015fenler ve katk\u0131 maddeleri sunuyoruz. Hizmetlerimiz aras\u0131nda numune alma, uygun maliyetli lojistik, kalite belgeleri ve dan\u0131\u015fmanl\u0131k yer almaktad\u0131r. Ticari, lojistik ve finans uzmanlar\u0131 ile g\u0131da teknolojisi uzmanlar\u0131ndan olu\u015fan ekibimiz, d\u00fcnya \u00e7ap\u0131nda 30 [&hellip;]<\/p>\n","protected":false},"author":6,"featured_media":0,"parent":0,"menu_order":0,"comment_status":"closed","ping_status":"closed","template":"elementor_header_footer","meta":{"_acf_changed":false,"footnotes":""},"class_list":["post-3693","page","type-page","status-publish","hentry"],"acf":[],"yoast_head":"<!-- This site is optimized with the Yoast SEO plugin v27.3 - https:\/\/yoast.com\/product\/yoast-seo-wordpress\/ -->\n<title>Monk Meyvesinin faydalar\u0131 - Van Wankum Ingredients<\/title>\n<meta name=\"description\" content=\"Monk Meyvesinin faydalar\u0131 nelerdir? Van Wankum Malzemeler kalite ve hizmetten \u00f6d\u00fcn vermez. Profesyonel ekip \u2713M\u00fckemmel kalite\" \/>\n<meta name=\"robots\" content=\"index, follow, max-snippet:-1, max-image-preview:large, max-video-preview:-1\" \/>\n<link rel=\"canonical\" href=\"https:\/\/vw-ingredients.com\/tr\/kesis-meyvesi-faydalari\" \/>\n<meta property=\"og:locale\" content=\"tr_TR\" \/>\n<meta property=\"og:type\" content=\"article\" \/>\n<meta property=\"og:title\" content=\"Monk Meyvesinin faydalar\u0131 - Van Wankum Ingredients\" \/>\n<meta property=\"og:description\" content=\"Monk Meyvesinin faydalar\u0131 nelerdir? Van Wankum Malzemeler kalite ve hizmetten \u00f6d\u00fcn vermez. Profesyonel ekip \u2713M\u00fckemmel kalite\" \/>\n<meta property=\"og:url\" content=\"https:\/\/vw-ingredients.com\/tr\/kesis-meyvesi-faydalari\" \/>\n<meta property=\"og:site_name\" content=\"Van Wankum Ingredients\" \/>\n<meta property=\"article:modified_time\" content=\"2024-04-09T07:56:28+00:00\" \/>\n<meta name=\"twitter:card\" content=\"summary_large_image\" \/>\n<meta name=\"twitter:label1\" content=\"Tahmini okuma s\u00fcresi\" \/>\n\t<meta name=\"twitter:data1\" content=\"3 dakika\" \/>\n<script type=\"application\/ld+json\" class=\"yoast-schema-graph\">{\"@context\":\"https:\\\/\\\/schema.org\",\"@graph\":[{\"@type\":\"WebPage\",\"@id\":\"https:\\\/\\\/vw-ingredients.com\\\/tr\\\/kesis-meyvesi-faydalari\",\"url\":\"https:\\\/\\\/vw-ingredients.com\\\/tr\\\/kesis-meyvesi-faydalari\",\"name\":\"Monk Meyvesinin faydalar\u0131 - Van Wankum Ingredients\",\"isPartOf\":{\"@id\":\"https:\\\/\\\/vw-ingredients.com\\\/tr#website\"},\"datePublished\":\"2021-11-11T16:37:28+00:00\",\"dateModified\":\"2024-04-09T07:56:28+00:00\",\"description\":\"Monk Meyvesinin faydalar\u0131 nelerdir? Van Wankum Malzemeler kalite ve hizmetten \u00f6d\u00fcn vermez. Profesyonel ekip \u2713M\u00fckemmel kalite\",\"breadcrumb\":{\"@id\":\"https:\\\/\\\/vw-ingredients.com\\\/tr\\\/kesis-meyvesi-faydalari#breadcrumb\"},\"inLanguage\":\"tr\",\"potentialAction\":[{\"@type\":\"ReadAction\",\"target\":[\"https:\\\/\\\/vw-ingredients.com\\\/tr\\\/kesis-meyvesi-faydalari\"]}]},{\"@type\":\"BreadcrumbList\",\"@id\":\"https:\\\/\\\/vw-ingredients.com\\\/tr\\\/kesis-meyvesi-faydalari#breadcrumb\",\"itemListElement\":[{\"@type\":\"ListItem\",\"position\":1,\"name\":\"Home\",\"item\":\"https:\\\/\\\/vw-ingredients.com\\\/tr\"},{\"@type\":\"ListItem\",\"position\":2,\"name\":\"Ke\u015fi\u015f Meyvesi faydalar\u0131\"}]},{\"@type\":\"WebSite\",\"@id\":\"https:\\\/\\\/vw-ingredients.com\\\/tr#website\",\"url\":\"https:\\\/\\\/vw-ingredients.com\\\/tr\",\"name\":\"Van Wankum Ingredients\",\"description\":\"\",\"potentialAction\":[{\"@type\":\"SearchAction\",\"target\":{\"@type\":\"EntryPoint\",\"urlTemplate\":\"https:\\\/\\\/vw-ingredients.com\\\/tr?s={search_term_string}\"},\"query-input\":{\"@type\":\"PropertyValueSpecification\",\"valueRequired\":true,\"valueName\":\"search_term_string\"}}],\"inLanguage\":\"tr\"}]}<\/script>\n<!-- \/ Yoast SEO plugin. -->","yoast_head_json":{"title":"Monk Meyvesinin faydalar\u0131 - Van Wankum Ingredients","description":"Monk Meyvesinin faydalar\u0131 nelerdir? Van Wankum Malzemeler kalite ve hizmetten \u00f6d\u00fcn vermez. Profesyonel ekip \u2713M\u00fckemmel kalite","robots":{"index":"index","follow":"follow","max-snippet":"max-snippet:-1","max-image-preview":"max-image-preview:large","max-video-preview":"max-video-preview:-1"},"canonical":"https:\/\/vw-ingredients.com\/tr\/kesis-meyvesi-faydalari","og_locale":"tr_TR","og_type":"article","og_title":"Monk Meyvesinin faydalar\u0131 - Van Wankum Ingredients","og_description":"Monk Meyvesinin faydalar\u0131 nelerdir? Van Wankum Malzemeler kalite ve hizmetten \u00f6d\u00fcn vermez. Profesyonel ekip \u2713M\u00fckemmel kalite","og_url":"https:\/\/vw-ingredients.com\/tr\/kesis-meyvesi-faydalari","og_site_name":"Van Wankum Ingredients","article_modified_time":"2024-04-09T07:56:28+00:00","twitter_card":"summary_large_image","twitter_misc":{"Tahmini okuma s\u00fcresi":"3 dakika"},"schema":{"@context":"https:\/\/schema.org","@graph":[{"@type":"WebPage","@id":"https:\/\/vw-ingredients.com\/tr\/kesis-meyvesi-faydalari","url":"https:\/\/vw-ingredients.com\/tr\/kesis-meyvesi-faydalari","name":"Monk Meyvesinin faydalar\u0131 - Van Wankum Ingredients","isPartOf":{"@id":"https:\/\/vw-ingredients.com\/tr#website"},"datePublished":"2021-11-11T16:37:28+00:00","dateModified":"2024-04-09T07:56:28+00:00","description":"Monk Meyvesinin faydalar\u0131 nelerdir? Van Wankum Malzemeler kalite ve hizmetten \u00f6d\u00fcn vermez. Profesyonel ekip \u2713M\u00fckemmel kalite","breadcrumb":{"@id":"https:\/\/vw-ingredients.com\/tr\/kesis-meyvesi-faydalari#breadcrumb"},"inLanguage":"tr","potentialAction":[{"@type":"ReadAction","target":["https:\/\/vw-ingredients.com\/tr\/kesis-meyvesi-faydalari"]}]},{"@type":"BreadcrumbList","@id":"https:\/\/vw-ingredients.com\/tr\/kesis-meyvesi-faydalari#breadcrumb","itemListElement":[{"@type":"ListItem","position":1,"name":"Home","item":"https:\/\/vw-ingredients.com\/tr"},{"@type":"ListItem","position":2,"name":"Ke\u015fi\u015f Meyvesi faydalar\u0131"}]},{"@type":"WebSite","@id":"https:\/\/vw-ingredients.com\/tr#website","url":"https:\/\/vw-ingredients.com\/tr","name":"Van Wankum Ingredients","description":"","potentialAction":[{"@type":"SearchAction","target":{"@type":"EntryPoint","urlTemplate":"https:\/\/vw-ingredients.com\/tr?s={search_term_string}"},"query-input":{"@type":"PropertyValueSpecification","valueRequired":true,"valueName":"search_term_string"}}],"inLanguage":"tr"}]}},"_links":{"self":[{"href":"https:\/\/vw-ingredients.com\/tr\/wp-json\/wp\/v2\/pages\/3693","targetHints":{"allow":["GET"]}}],"collection":[{"href":"https:\/\/vw-ingredients.com\/tr\/wp-json\/wp\/v2\/pages"}],"about":[{"href":"https:\/\/vw-ingredients.com\/tr\/wp-json\/wp\/v2\/types\/page"}],"author":[{"embeddable":true,"href":"https:\/\/vw-ingredients.com\/tr\/wp-json\/wp\/v2\/users\/6"}],"replies":[{"embeddable":true,"href":"https:\/\/vw-ingredients.com\/tr\/wp-json\/wp\/v2\/comments?post=3693"}],"version-history":[{"count":1,"href":"https:\/\/vw-ingredients.com\/tr\/wp-json\/wp\/v2\/pages\/3693\/revisions"}],"predecessor-version":[{"id":3701,"href":"https:\/\/vw-ingredients.com\/tr\/wp-json\/wp\/v2\/pages\/3693\/revisions\/3701"}],"wp:attachment":[{"href":"https:\/\/vw-ingredients.com\/tr\/wp-json\/wp\/v2\/media?parent=3693"}],"curies":[{"name":"wp","href":"https:\/\/api.w.org\/{rel}","templated":true}]}}