{"id":3689,"date":"2021-11-11T16:34:50","date_gmt":"2021-11-11T16:34:50","guid":{"rendered":"https:\/\/vw-ingredients.com\/mesalazin-tedarikciler"},"modified":"2025-01-28T13:49:20","modified_gmt":"2025-01-28T13:49:20","slug":"mesalazin-tedarikciler","status":"publish","type":"page","link":"https:\/\/vw-ingredients.com\/tr\/mesalazin-tedarikciler","title":{"rendered":"Mesalazin Tedarik\u00e7iler"},"content":{"rendered":"\t\t<div data-elementor-type=\"wp-page\" data-elementor-id=\"3689\" class=\"elementor elementor-3689\" data-elementor-post-type=\"page\">\n\t\t\t\t\t\t<section class=\"elementor-section elementor-top-section elementor-element elementor-element-ddc7206 elementor-section-boxed elementor-section-height-default elementor-section-height-default\" data-id=\"ddc7206\" data-element_type=\"section\" data-e-type=\"section\" data-settings=\"{&quot;jet_parallax_layout_list&quot;:[]}\">\n\t\t\t\t\t\t<div class=\"elementor-container elementor-column-gap-default\">\n\t\t\t\t\t<div class=\"elementor-column elementor-col-50 elementor-top-column elementor-element elementor-element-a128652\" data-id=\"a128652\" data-element_type=\"column\" data-e-type=\"column\">\n\t\t\t<div class=\"elementor-widget-wrap elementor-element-populated\">\n\t\t\t\t\t\t<div class=\"elementor-element elementor-element-716e5c0 elementor-widget elementor-widget-text-editor\" data-id=\"716e5c0\" data-element_type=\"widget\" data-e-type=\"widget\" data-widget_type=\"text-editor.default\">\n\t\t\t\t<div class=\"elementor-widget-container\">\n\t\t\t\t\t\t\t\t\t<p>Van Wankum Ingredients, G\u0131da ve \u0130\u00e7ecek, Kozmetik, \u0130la\u00e7 ve Sa\u011fl\u0131k sekt\u00f6rlerindeki bir\u00e7ok farkl\u0131 m\u00fc\u015fteri i\u00e7in tam hizmet veren bir bile\u015fen sa\u011flay\u0131c\u0131s\u0131d\u0131r.<br \/>\nY\u00fcksek kaliteli bile\u015fenler ve katk\u0131 maddeleri sunuyoruz Hizmetlerimiz aras\u0131nda numune alma, uygun maliyetli lojistik, kalite belgeleri ve dan\u0131\u015fmanl\u0131k bulunmaktad\u0131r.<br \/>\nTicari, lojistik ve finans uzmanlar\u0131 ile g\u0131da teknolojisi uzmanlar\u0131ndan olu\u015fan ekibimiz, d\u00fcnya \u00e7ap\u0131nda 30 y\u0131l\u0131 a\u015fk\u0131n mesleki deneyimi payla\u015fmakta ve m\u00fc\u015fterilerin ihtiya\u00e7lar\u0131n\u0131 kar\u015f\u0131lamaya kendini adam\u0131\u015ft\u0131r.  <\/p>\n<\/p>\n<h4><strong>Nedir bu? <\/strong><strong>Mesalazin<\/strong><strong>?<\/strong><\/h4>\n<p>Mesalamin veya 5-aminosalisilik asit (5-ASA) olarak da bilinen mesalazin, \u00fclseratif kolit veya iltihapl\u0131 an\u00fcs veya rektum dahil olmak \u00fczere iltihapl\u0131 ba\u011f\u0131rsak hastal\u0131\u011f\u0131n\u0131 tedavi etmek ve Crohn hastal\u0131\u011f\u0131nda remisyonu s\u00fcrd\u00fcrmek i\u00e7in kullan\u0131lan bir aminosalisilat anti-enflamatuar ila\u00e7t\u0131r. Crohn hastal\u0131\u011f\u0131nda remisyonu korumak i\u00e7in oral formda ve alt ba\u011f\u0131rsak rahats\u0131zl\u0131klar\u0131 i\u00e7in rektal fitil ve lavman olarak sat\u0131lmaktad\u0131r. Jeneriktir ve d\u00fcnya \u00e7ap\u0131nda bir\u00e7ok marka ad\u0131 alt\u0131nda sat\u0131lmaktad\u0131r ve bir\u00e7ok form\u00fclasyonu vard\u0131r.<\/p>\n<\/p>\n<p>Mesalazin, s\u00fclfapiridin ve mesalazine metabolize olan s\u00fclfasalazinin aktif par\u00e7as\u0131d\u0131r. Ayn\u0131 zamanda inert ta\u015f\u0131y\u0131c\u0131 molek\u00fcl 4-aminobenzoil-beta-alanin ile birlikte \u00f6n ila\u00e7 balsalazidin aktif bile\u015fenidir.<\/p>\n<h4> <\/h4>\n<h4><strong>Faydalar\u0131 <\/strong><strong>Mesalazin<\/strong><\/h4>\n<ul>\n<li>\u0130nflamatuar ba\u011f\u0131rsak hastal\u0131\u011f\u0131n\u0131n tedavisinde kullan\u0131l\u0131r<\/li>\n<li>Mesalazin ba\u011f\u0131rsaklarda \u00e7al\u0131\u015f\u0131r. Ba\u011f\u0131rsak duvar\u0131ndaki iltihaplanmay\u0131 engeller.<\/li>\n<li>Kronik intestinal \u00fclseratif kolit tedavisinde kullan\u0131l\u0131r.<\/li>\n<li>Crohn hastal\u0131\u011f\u0131n\u0131n tedavisinde kullan\u0131l\u0131r.<\/li>\n<\/ul>\n<h4><strong>Mesalazin<\/strong><strong> Tedarik\u00e7iler<\/strong><\/h4>\n<p>D\u00fcnyan\u0131n her yerinden m\u00fc\u015fterilerimiz Mesalazin Tedarik\u00e7ileri olarak hizmetlerimizi kullanmaktad\u0131r. Y\u00fcksek i\u015fleyen zincir y\u00f6netimi ile \u00e7al\u0131\u015f\u0131yoruz ve sadece d\u00fcnya \u00e7ap\u0131nda birinci s\u0131n\u0131f Mesalazin Tedarik\u00e7ileri ile i\u015fbirli\u011fi yap\u0131yoruz. 30 y\u0131l\u0131 a\u015fk\u0131n deneyimimiz ve k\u00fcresel a\u011f\u0131m\u0131z sayesinde m\u00fc\u015fterilerimize en iyi Mesalazin tedarik\u00e7ilerini sunabiliyoruz.<\/p>\n<\/p>\n<h3><strong>Garanti ediyoruz:<\/strong><\/h3>\n<ul>\n<li>\u00c7in ve Hindistan&#8217;dan tedarik konusunda 20+ y\u0131ll\u0131k deneyim<\/li>\n<li>\u015eartland\u0131r\u0131lm\u0131\u015f teslimat ve depolama odalar\u0131<\/li>\n<li>End\u00fcstri y\u00f6netmeliklerine uygun kalite g\u00fcvencesi<\/li>\n<li>Avrupa genelinde stratejik olarak yerle\u015ftirilmi\u015f hisse senetleri<\/li>\n<li>Depolar\u0131m\u0131zdan Avrupa Birli\u011fi i\u00e7indeki m\u00fc\u015fterilerimize 24 saatte teslimat<\/li>\n<\/ul>\n<p>Tedarik zinciri orta\u011f\u0131m\u0131zla yak\u0131n i\u015fbirli\u011fi sayesinde, temelde her t\u00fcrl\u00fc tedarik zinciri sorunu, f\u0131rsat\u0131 veya zorlu\u011fuyla ba\u015fa \u00e7\u0131kabiliriz.<\/p>\n<\/p>\n<h4><strong>Mesalazin farkl\u0131 s\u0131n\u0131flarda mevcuttur<\/strong><strong>:<\/strong><\/h4>\n<ul>\n<li>  Mikronize<\/li>\n<li>  Toz<\/li>\n<\/ul>\n<h4><strong>Mesalazin uygulamalar\u0131:<\/strong><\/h4>\n<ul>\n<li>\u0130la\u00e7lar<\/li>\n<\/ul>\n<h4><strong>Sertifikalar ve Standartlar:<\/strong><\/h4>\n<ul>\n<li>YS\u00d6P<\/li>\n<li>cGmp<\/li>\n<li>Avrupa Farmakopesi<\/li>\n<li>USP<\/li>\n<\/ul>\n<p>Van Wankum Ingredients, \u00fcr\u00fcnleri ve ilkeleri i\u00e7in her zaman \u00e7evre dostu ve &#8220;ye\u015fil&#8221; f\u0131rsatlar aramaktad\u0131r. M\u00fc\u015fterilerimizle uzun vadeli ili\u015fkiler ve y\u00fcksek kaliteli hizmet i\u00e7in var\u0131z. Mesalazin tedarik\u00e7ileri olarak hizmetlerimiz hakk\u0131nda daha fazla bilgi almak veya bir Mesalazin numunesi talep etmek ister misiniz? L\u00fctfen bizimle ileti\u015fime ge\u00e7mekten \u00e7ekinmeyin.<\/p>\n\t\t\t\t\t\t\t\t<\/div>\n\t\t\t\t<\/div>\n\t\t\t\t\t<\/div>\n\t\t<\/div>\n\t\t\t\t<div class=\"elementor-column elementor-col-50 elementor-top-column elementor-element elementor-element-5d724d4\" data-id=\"5d724d4\" data-element_type=\"column\" data-e-type=\"column\">\n\t\t\t<div class=\"elementor-widget-wrap elementor-element-populated\">\n\t\t\t\t\t\t<section class=\"elementor-section elementor-inner-section elementor-element elementor-element-f4364dc elementor-section-height-min-height elementor-section-boxed elementor-section-height-default elementor-invisible\" data-id=\"f4364dc\" data-element_type=\"section\" data-e-type=\"section\" data-settings=\"{&quot;sticky&quot;:&quot;top&quot;,&quot;sticky_on&quot;:[&quot;desktop&quot;],&quot;sticky_parent&quot;:&quot;yes&quot;,&quot;sticky_offset&quot;:125,&quot;animation&quot;:&quot;fadeInRight&quot;,&quot;jet_parallax_layout_list&quot;:[],&quot;sticky_effects_offset&quot;:0,&quot;sticky_anchor_link_offset&quot;:0}\">\n\t\t\t\t\t\t<div class=\"elementor-container elementor-column-gap-default\">\n\t\t\t\t\t<div class=\"elementor-column elementor-col-100 elementor-inner-column elementor-element elementor-element-fdc73ad\" data-id=\"fdc73ad\" data-element_type=\"column\" data-e-type=\"column\" data-settings=\"{&quot;background_background&quot;:&quot;classic&quot;}\">\n\t\t\t<div class=\"elementor-widget-wrap elementor-element-populated\">\n\t\t\t\t\t\t<div class=\"elementor-element elementor-element-200cafd elementor-widget elementor-widget-heading\" data-id=\"200cafd\" data-element_type=\"widget\" data-e-type=\"widget\" data-widget_type=\"heading.default\">\n\t\t\t\t<div class=\"elementor-widget-container\">\n\t\t\t\t\t<h2 class=\"elementor-heading-title elementor-size-default\">\u00d6rnek talep edin<\/h2>\t\t\t\t<\/div>\n\t\t\t\t<\/div>\n\t\t\t\t<div class=\"elementor-element elementor-element-7b5f110 elementor-widget elementor-widget-text-editor\" data-id=\"7b5f110\" data-element_type=\"widget\" data-e-type=\"widget\" data-widget_type=\"text-editor.default\">\n\t\t\t\t<div class=\"elementor-widget-container\">\n\t\t\t\t\t\t\t\t\t<p>Hangi \u00f6rnekleri almak istedi\u011finizi bize bildirin.<br \/>\n\u00dcr\u00fcn listemizden numunelerinizi se\u00e7in ve g\u00f6nder butonuna t\u0131klay\u0131n. <\/p>\n\t\t\t\t\t\t\t\t<\/div>\n\t\t\t\t<\/div>\n\t\t\t\t<div class=\"elementor-element elementor-element-68c8a2e elementor-widget elementor-widget-button\" data-id=\"68c8a2e\" data-element_type=\"widget\" data-e-type=\"widget\" data-widget_type=\"button.default\">\n\t\t\t\t<div class=\"elementor-widget-container\">\n\t\t\t\t\t\t\t\t\t<div class=\"elementor-button-wrapper\">\n\t\t\t\t\t<a class=\"elementor-button elementor-button-link elementor-size-sm\" href=\"\/products\/\">\n\t\t\t\t\t\t<span class=\"elementor-button-content-wrapper\">\n\t\t\t\t\t\t\t\t\t<span class=\"elementor-button-text\">\u00d6rnek talep edin<\/span>\n\t\t\t\t\t<\/span>\n\t\t\t\t\t<\/a>\n\t\t\t\t<\/div>\n\t\t\t\t\t\t\t\t<\/div>\n\t\t\t\t<\/div>\n\t\t\t\t\t<\/div>\n\t\t<\/div>\n\t\t\t\t\t<\/div>\n\t\t<\/section>\n\t\t\t\t\t<\/div>\n\t\t<\/div>\n\t\t\t\t\t<\/div>\n\t\t<\/section>\n\t\t\t\t<\/div>\n\t\t","protected":false},"excerpt":{"rendered":"<p>Van Wankum Ingredients, G\u0131da ve \u0130\u00e7ecek, Kozmetik, \u0130la\u00e7 ve Sa\u011fl\u0131k sekt\u00f6rlerindeki bir\u00e7ok farkl\u0131 m\u00fc\u015fteri i\u00e7in tam hizmet veren bir bile\u015fen sa\u011flay\u0131c\u0131s\u0131d\u0131r. Y\u00fcksek kaliteli bile\u015fenler ve katk\u0131 maddeleri sunuyoruz Hizmetlerimiz aras\u0131nda numune alma, uygun maliyetli lojistik, kalite belgeleri ve dan\u0131\u015fmanl\u0131k bulunmaktad\u0131r. Ticari, lojistik ve finans uzmanlar\u0131 ile g\u0131da teknolojisi uzmanlar\u0131ndan olu\u015fan ekibimiz, d\u00fcnya \u00e7ap\u0131nda 30 y\u0131l\u0131 [&hellip;]<\/p>\n","protected":false},"author":6,"featured_media":0,"parent":0,"menu_order":0,"comment_status":"closed","ping_status":"closed","template":"elementor_header_footer","meta":{"_acf_changed":false,"footnotes":""},"class_list":["post-3689","page","type-page","status-publish","hentry"],"acf":[],"yoast_head":"<!-- This site is optimized with the Yoast SEO plugin v27.3 - https:\/\/yoast.com\/product\/yoast-seo-wordpress\/ -->\n<title>Van Wankum: G\u00fcvenilir Mesalazin Tedarik\u00e7ileri, Kaliteli Malzemeler<\/title>\n<meta name=\"description\" content=\"En iyi Mesalazin tedarik\u00e7isi: Van Wankum Ingredients. G\u0131da, Kozmetik, \u0130la\u00e7 ve Sa\u011fl\u0131k i\u00e7in tam hizmet. Numune alma, verimli lojistik.\" \/>\n<meta name=\"robots\" content=\"index, follow, max-snippet:-1, max-image-preview:large, max-video-preview:-1\" \/>\n<link rel=\"canonical\" href=\"https:\/\/vw-ingredients.com\/tr\/mesalazin-tedarikciler\" \/>\n<meta property=\"og:locale\" content=\"tr_TR\" \/>\n<meta property=\"og:type\" content=\"article\" \/>\n<meta property=\"og:title\" content=\"Van Wankum: G\u00fcvenilir Mesalazin Tedarik\u00e7ileri, Kaliteli Malzemeler\" \/>\n<meta property=\"og:description\" content=\"En iyi Mesalazin tedarik\u00e7isi: Van Wankum Ingredients. G\u0131da, Kozmetik, \u0130la\u00e7 ve Sa\u011fl\u0131k i\u00e7in tam hizmet. Numune alma, verimli lojistik.\" \/>\n<meta property=\"og:url\" content=\"https:\/\/vw-ingredients.com\/tr\/mesalazin-tedarikciler\" \/>\n<meta property=\"og:site_name\" content=\"Van Wankum Ingredients\" \/>\n<meta property=\"article:modified_time\" content=\"2025-01-28T13:49:20+00:00\" \/>\n<meta name=\"twitter:card\" content=\"summary_large_image\" \/>\n<meta name=\"twitter:label1\" content=\"Tahmini okuma s\u00fcresi\" \/>\n\t<meta name=\"twitter:data1\" content=\"3 dakika\" \/>\n<script type=\"application\/ld+json\" class=\"yoast-schema-graph\">{\"@context\":\"https:\\\/\\\/schema.org\",\"@graph\":[{\"@type\":\"WebPage\",\"@id\":\"https:\\\/\\\/vw-ingredients.com\\\/tr\\\/mesalazin-tedarikciler\",\"url\":\"https:\\\/\\\/vw-ingredients.com\\\/tr\\\/mesalazin-tedarikciler\",\"name\":\"Van Wankum: G\u00fcvenilir Mesalazin Tedarik\u00e7ileri, Kaliteli Malzemeler\",\"isPartOf\":{\"@id\":\"https:\\\/\\\/vw-ingredients.com\\\/tr#website\"},\"datePublished\":\"2021-11-11T16:34:50+00:00\",\"dateModified\":\"2025-01-28T13:49:20+00:00\",\"description\":\"En iyi Mesalazin tedarik\u00e7isi: Van Wankum Ingredients. G\u0131da, Kozmetik, \u0130la\u00e7 ve Sa\u011fl\u0131k i\u00e7in tam hizmet. Numune alma, verimli lojistik.\",\"breadcrumb\":{\"@id\":\"https:\\\/\\\/vw-ingredients.com\\\/tr\\\/mesalazin-tedarikciler#breadcrumb\"},\"inLanguage\":\"tr\",\"potentialAction\":[{\"@type\":\"ReadAction\",\"target\":[\"https:\\\/\\\/vw-ingredients.com\\\/tr\\\/mesalazin-tedarikciler\"]}]},{\"@type\":\"BreadcrumbList\",\"@id\":\"https:\\\/\\\/vw-ingredients.com\\\/tr\\\/mesalazin-tedarikciler#breadcrumb\",\"itemListElement\":[{\"@type\":\"ListItem\",\"position\":1,\"name\":\"Home\",\"item\":\"https:\\\/\\\/vw-ingredients.com\\\/tr\"},{\"@type\":\"ListItem\",\"position\":2,\"name\":\"Mesalazin Tedarik\u00e7iler\"}]},{\"@type\":\"WebSite\",\"@id\":\"https:\\\/\\\/vw-ingredients.com\\\/tr#website\",\"url\":\"https:\\\/\\\/vw-ingredients.com\\\/tr\",\"name\":\"Van Wankum Ingredients\",\"description\":\"\",\"potentialAction\":[{\"@type\":\"SearchAction\",\"target\":{\"@type\":\"EntryPoint\",\"urlTemplate\":\"https:\\\/\\\/vw-ingredients.com\\\/tr?s={search_term_string}\"},\"query-input\":{\"@type\":\"PropertyValueSpecification\",\"valueRequired\":true,\"valueName\":\"search_term_string\"}}],\"inLanguage\":\"tr\"}]}<\/script>\n<!-- \/ Yoast SEO plugin. -->","yoast_head_json":{"title":"Van Wankum: G\u00fcvenilir Mesalazin Tedarik\u00e7ileri, Kaliteli Malzemeler","description":"En iyi Mesalazin tedarik\u00e7isi: Van Wankum Ingredients. G\u0131da, Kozmetik, \u0130la\u00e7 ve Sa\u011fl\u0131k i\u00e7in tam hizmet. Numune alma, verimli lojistik.","robots":{"index":"index","follow":"follow","max-snippet":"max-snippet:-1","max-image-preview":"max-image-preview:large","max-video-preview":"max-video-preview:-1"},"canonical":"https:\/\/vw-ingredients.com\/tr\/mesalazin-tedarikciler","og_locale":"tr_TR","og_type":"article","og_title":"Van Wankum: G\u00fcvenilir Mesalazin Tedarik\u00e7ileri, Kaliteli Malzemeler","og_description":"En iyi Mesalazin tedarik\u00e7isi: Van Wankum Ingredients. G\u0131da, Kozmetik, \u0130la\u00e7 ve Sa\u011fl\u0131k i\u00e7in tam hizmet. Numune alma, verimli lojistik.","og_url":"https:\/\/vw-ingredients.com\/tr\/mesalazin-tedarikciler","og_site_name":"Van Wankum Ingredients","article_modified_time":"2025-01-28T13:49:20+00:00","twitter_card":"summary_large_image","twitter_misc":{"Tahmini okuma s\u00fcresi":"3 dakika"},"schema":{"@context":"https:\/\/schema.org","@graph":[{"@type":"WebPage","@id":"https:\/\/vw-ingredients.com\/tr\/mesalazin-tedarikciler","url":"https:\/\/vw-ingredients.com\/tr\/mesalazin-tedarikciler","name":"Van Wankum: G\u00fcvenilir Mesalazin Tedarik\u00e7ileri, Kaliteli Malzemeler","isPartOf":{"@id":"https:\/\/vw-ingredients.com\/tr#website"},"datePublished":"2021-11-11T16:34:50+00:00","dateModified":"2025-01-28T13:49:20+00:00","description":"En iyi Mesalazin tedarik\u00e7isi: Van Wankum Ingredients. G\u0131da, Kozmetik, \u0130la\u00e7 ve Sa\u011fl\u0131k i\u00e7in tam hizmet. Numune alma, verimli lojistik.","breadcrumb":{"@id":"https:\/\/vw-ingredients.com\/tr\/mesalazin-tedarikciler#breadcrumb"},"inLanguage":"tr","potentialAction":[{"@type":"ReadAction","target":["https:\/\/vw-ingredients.com\/tr\/mesalazin-tedarikciler"]}]},{"@type":"BreadcrumbList","@id":"https:\/\/vw-ingredients.com\/tr\/mesalazin-tedarikciler#breadcrumb","itemListElement":[{"@type":"ListItem","position":1,"name":"Home","item":"https:\/\/vw-ingredients.com\/tr"},{"@type":"ListItem","position":2,"name":"Mesalazin Tedarik\u00e7iler"}]},{"@type":"WebSite","@id":"https:\/\/vw-ingredients.com\/tr#website","url":"https:\/\/vw-ingredients.com\/tr","name":"Van Wankum Ingredients","description":"","potentialAction":[{"@type":"SearchAction","target":{"@type":"EntryPoint","urlTemplate":"https:\/\/vw-ingredients.com\/tr?s={search_term_string}"},"query-input":{"@type":"PropertyValueSpecification","valueRequired":true,"valueName":"search_term_string"}}],"inLanguage":"tr"}]}},"_links":{"self":[{"href":"https:\/\/vw-ingredients.com\/tr\/wp-json\/wp\/v2\/pages\/3689","targetHints":{"allow":["GET"]}}],"collection":[{"href":"https:\/\/vw-ingredients.com\/tr\/wp-json\/wp\/v2\/pages"}],"about":[{"href":"https:\/\/vw-ingredients.com\/tr\/wp-json\/wp\/v2\/types\/page"}],"author":[{"embeddable":true,"href":"https:\/\/vw-ingredients.com\/tr\/wp-json\/wp\/v2\/users\/6"}],"replies":[{"embeddable":true,"href":"https:\/\/vw-ingredients.com\/tr\/wp-json\/wp\/v2\/comments?post=3689"}],"version-history":[{"count":2,"href":"https:\/\/vw-ingredients.com\/tr\/wp-json\/wp\/v2\/pages\/3689\/revisions"}],"predecessor-version":[{"id":7432,"href":"https:\/\/vw-ingredients.com\/tr\/wp-json\/wp\/v2\/pages\/3689\/revisions\/7432"}],"wp:attachment":[{"href":"https:\/\/vw-ingredients.com\/tr\/wp-json\/wp\/v2\/media?parent=3689"}],"curies":[{"name":"wp","href":"https:\/\/api.w.org\/{rel}","templated":true}]}}