{"id":3685,"date":"2021-11-11T16:07:59","date_gmt":"2021-11-11T16:07:59","guid":{"rendered":"https:\/\/vw-ingredients.com\/saglik-ve-sporcu-beslenmesi-tatlandiricisi"},"modified":"2024-04-09T07:56:19","modified_gmt":"2024-04-09T07:56:19","slug":"saglik-ve-sporcu-beslenmesi-tatlandiricisi","status":"publish","type":"page","link":"https:\/\/vw-ingredients.com\/tr\/saglik-ve-sporcu-beslenmesi-tatlandiricisi","title":{"rendered":"Sa\u011fl\u0131k ve sporcu beslenmesi tatland\u0131r\u0131c\u0131s\u0131"},"content":{"rendered":"\t\t<div data-elementor-type=\"wp-page\" data-elementor-id=\"3685\" class=\"elementor elementor-3685\" data-elementor-post-type=\"page\">\n\t\t\t\t\t\t<section class=\"elementor-section elementor-top-section elementor-element elementor-element-ddc7206 elementor-section-boxed elementor-section-height-default elementor-section-height-default\" data-id=\"ddc7206\" data-element_type=\"section\" data-e-type=\"section\" data-settings=\"{&quot;jet_parallax_layout_list&quot;:[]}\">\n\t\t\t\t\t\t<div class=\"elementor-container elementor-column-gap-default\">\n\t\t\t\t\t<div class=\"elementor-column elementor-col-50 elementor-top-column elementor-element elementor-element-a128652\" data-id=\"a128652\" data-element_type=\"column\" data-e-type=\"column\">\n\t\t\t<div class=\"elementor-widget-wrap elementor-element-populated\">\n\t\t\t\t\t\t<div class=\"elementor-element elementor-element-716e5c0 elementor-widget elementor-widget-text-editor\" data-id=\"716e5c0\" data-element_type=\"widget\" data-e-type=\"widget\" data-widget_type=\"text-editor.default\">\n\t\t\t\t<div class=\"elementor-widget-container\">\n\t\t\t\t\t\t\t\t\t<p>Van Wankum Ingredients, G\u0131da ve \u0130\u00e7ecek, Kozmetik, \u0130la\u00e7 ve Sa\u011fl\u0131k sekt\u00f6rlerindeki bir\u00e7ok farkl\u0131 m\u00fc\u015fteri i\u00e7in tam hizmet veren bir bile\u015fen sa\u011flay\u0131c\u0131s\u0131d\u0131r. Y\u00fcksek kaliteli bile\u015fenler ve katk\u0131 maddeleri sunuyoruz.<\/p>\n<p>Hizmetlerimiz aras\u0131nda numune alma, uygun maliyetli lojistik, kalite belgeleri ve dan\u0131\u015fmanl\u0131k yer almaktad\u0131r. Ticari, lojistik ve finans uzmanlar\u0131 ile g\u0131da teknolojisi uzmanlar\u0131ndan olu\u015fan ekibimiz, d\u00fcnya \u00e7ap\u0131nda 30 y\u0131l\u0131 a\u015fk\u0131n mesleki deneyimi payla\u015fmakta ve m\u00fc\u015fterilerin ihtiya\u00e7lar\u0131n\u0131 kar\u015f\u0131lamaya kendini adam\u0131\u015ft\u0131r.<\/p>\n<\/p>\n<h2>Tatland\u0131r\u0131c\u0131lar nedir?<\/h2>\n<p>Tatland\u0131r\u0131c\u0131lar, \u015feker yerine kullan\u0131lan g\u0131da katk\u0131 maddeleridir. \u015eeker veya tatland\u0131r\u0131c\u0131lar, bir tad\u0131 daha tatl\u0131 hale getirmek i\u00e7in yiyeceklere eklenir. Stevia gibi baz\u0131 tatland\u0131r\u0131c\u0131lar do\u011fadan gelirken, di\u011ferleri sentetik olarak \u00fcretilir. Sa\u011fl\u0131k ve spor beslenmesinde, yiyecek ve i\u00e7eceklerde ve farmas\u00f6tik tatland\u0131r\u0131c\u0131 olarak kullan\u0131labilirler.<\/p>\n<\/p>\n<h2>Besleyici ve besleyici olmayan tatland\u0131r\u0131c\u0131lar<\/h2>\n<p>\u0130ki t\u00fcr tatland\u0131r\u0131c\u0131 vard\u0131r: besleyici ve besleyici olmayan. \u0130nsan v\u00fccudu besleyici tatland\u0131r\u0131c\u0131lar\u0131 bir dereceye kadar sindirebilmektedir. Bu, tatland\u0131r\u0131c\u0131ya g\u0131da enerji de\u011feri verir. Bir de v\u00fccut taraf\u0131ndan sindirilmeyen tatland\u0131r\u0131c\u0131lar, yani besleyici olmayan tatland\u0131r\u0131c\u0131lar vard\u0131r. Besleyici olmayan tatland\u0131r\u0131c\u0131lar\u0131n g\u0131da enerji de\u011feri yoktur. Bir\u00e7ok tatland\u0131r\u0131c\u0131 \u00e7ok az kalori i\u00e7erir veya hi\u00e7 i\u00e7ermez ve metabolize olmaz, bu da onlar\u0131 hem \u015feker hastalar\u0131 hem de \u015feker hastas\u0131 olmayanlar i\u00e7in ve sa\u011fl\u0131k ve spor beslenmesi i\u00e7in t\u00fcketime uygun hale getirir.<\/p>\n<\/p>\n<h2>Sa\u011fl\u0131k ve sporcu beslenmesi tatland\u0131r\u0131c\u0131lar\u0131<\/h2>\n<p>Van Wankum Ingredients, spor ve sa\u011fl\u0131kl\u0131 beslenme, kilo kayb\u0131 ve diyet takviyeleri i\u00e7in \u00e7ok \u00e7e\u015fitli tatland\u0131r\u0131c\u0131lar ve en yeni nutras\u00f6tik bile\u015fenler sunmaktad\u0131r.<\/p>\n<\/p>\n<p>Farkl\u0131 tatland\u0131r\u0131c\u0131lar\u0131n belirli g\u0131dalara nas\u0131l uyguland\u0131\u011f\u0131n\u0131 g\u00f6rmek i\u00e7in l\u00fctfen sundu\u011fumuz tatland\u0131r\u0131c\u0131lar\u0131n ilgili sayfalar\u0131n\u0131 ziyaret edin.<\/p>\n<ul>\n<li><a href=\"https:\/\/vw-ingredients.com\/product\/stevia\">Stevia<\/a><\/li>\n<li><a href=\"https:\/\/vw-ingredients.com\/product\/stevia\">Stevia s\u0131v\u0131<\/a><\/li>\n<li><a href=\"https:\/\/vw-ingredients.com\/product\/sucralose\">Sukraloz<\/a><\/li>\n<li><a href=\"https:\/\/vw-ingredients.com\/product\/monk-fruit-extract\">Ke\u015fi\u015f Meyvesi<\/a><\/li>\n<li><a href=\"https:\/\/vw-ingredients.com\/product\/luo-han-guo\">Luo Han Guo<\/a><\/li>\n<li><a href=\"https:\/\/vw-ingredients.com\/product\/polydextrose\">Polidekstroz<\/a><\/li>\n<li><a href=\"https:\/\/vw-ingredients.com\/product\/erythritol\">Eritritol<\/a><\/li>\n<li><a href=\"https:\/\/vw-ingredients.com\/product\/trehalose\">Trehaloz<\/a><\/li>\n<\/ul>\n<h2>Van Wankum Malzemeler<\/h2>\n<p>Van Wankum Ingredients, \u00fcr\u00fcnleri ve ilkeleri i\u00e7in her zaman \u00e7evre dostu ve &#8220;ye\u015fil&#8221; f\u0131rsatlar aramaktad\u0131r. M\u00fc\u015fterilerimizle uzun vadeli ili\u015fkiler ve y\u00fcksek kaliteli hizmet i\u00e7in var\u0131z. Sa\u011fl\u0131k ve sporcu beslenmesine y\u00f6nelik tatland\u0131r\u0131c\u0131lar\u0131m\u0131zla ilgili sorular\u0131n\u0131z veya talepleriniz i\u00e7in l\u00fctfen numune talep etmekten veya do\u011frudan bizimle ileti\u015fime ge\u00e7mekten \u00e7ekinmeyin.<\/p>\n\t\t\t\t\t\t\t\t<\/div>\n\t\t\t\t<\/div>\n\t\t\t\t\t<\/div>\n\t\t<\/div>\n\t\t\t\t<div class=\"elementor-column elementor-col-50 elementor-top-column elementor-element elementor-element-5d724d4\" data-id=\"5d724d4\" data-element_type=\"column\" data-e-type=\"column\">\n\t\t\t<div class=\"elementor-widget-wrap elementor-element-populated\">\n\t\t\t\t\t\t<section class=\"elementor-section elementor-inner-section elementor-element elementor-element-f4364dc elementor-section-height-min-height elementor-section-boxed elementor-section-height-default elementor-invisible\" data-id=\"f4364dc\" data-element_type=\"section\" data-e-type=\"section\" data-settings=\"{&quot;sticky&quot;:&quot;top&quot;,&quot;sticky_on&quot;:[&quot;desktop&quot;],&quot;sticky_parent&quot;:&quot;yes&quot;,&quot;sticky_offset&quot;:125,&quot;animation&quot;:&quot;fadeInRight&quot;,&quot;jet_parallax_layout_list&quot;:[],&quot;sticky_effects_offset&quot;:0,&quot;sticky_anchor_link_offset&quot;:0}\">\n\t\t\t\t\t\t<div class=\"elementor-container elementor-column-gap-default\">\n\t\t\t\t\t<div class=\"elementor-column elementor-col-100 elementor-inner-column elementor-element elementor-element-fdc73ad\" data-id=\"fdc73ad\" data-element_type=\"column\" data-e-type=\"column\" data-settings=\"{&quot;background_background&quot;:&quot;classic&quot;}\">\n\t\t\t<div class=\"elementor-widget-wrap elementor-element-populated\">\n\t\t\t\t\t\t<div class=\"elementor-element elementor-element-200cafd elementor-widget elementor-widget-heading\" data-id=\"200cafd\" data-element_type=\"widget\" data-e-type=\"widget\" data-widget_type=\"heading.default\">\n\t\t\t\t<div class=\"elementor-widget-container\">\n\t\t\t\t\t<h2 class=\"elementor-heading-title elementor-size-default\">\u00d6rnek talep edin<\/h2>\t\t\t\t<\/div>\n\t\t\t\t<\/div>\n\t\t\t\t<div class=\"elementor-element elementor-element-7b5f110 elementor-widget elementor-widget-text-editor\" data-id=\"7b5f110\" data-element_type=\"widget\" data-e-type=\"widget\" data-widget_type=\"text-editor.default\">\n\t\t\t\t<div class=\"elementor-widget-container\">\n\t\t\t\t\t\t\t\t\t<p>Hangi \u00f6rnekleri almak istedi\u011finizi bize bildirin. \u00dcr\u00fcn listemizden numunelerinizi se\u00e7in ve g\u00f6nder butonuna t\u0131klay\u0131n.<\/p>\n\t\t\t\t\t\t\t\t<\/div>\n\t\t\t\t<\/div>\n\t\t\t\t<div class=\"elementor-element elementor-element-68c8a2e elementor-widget elementor-widget-button\" data-id=\"68c8a2e\" data-element_type=\"widget\" data-e-type=\"widget\" data-widget_type=\"button.default\">\n\t\t\t\t<div class=\"elementor-widget-container\">\n\t\t\t\t\t\t\t\t\t<div class=\"elementor-button-wrapper\">\n\t\t\t\t\t<a class=\"elementor-button elementor-button-link elementor-size-sm\" href=\"https:\/\/vw-ingredients.com\/products\">\n\t\t\t\t\t\t<span class=\"elementor-button-content-wrapper\">\n\t\t\t\t\t\t\t\t\t<span class=\"elementor-button-text\">\u00d6rnek talep edin<\/span>\n\t\t\t\t\t<\/span>\n\t\t\t\t\t<\/a>\n\t\t\t\t<\/div>\n\t\t\t\t\t\t\t\t<\/div>\n\t\t\t\t<\/div>\n\t\t\t\t\t<\/div>\n\t\t<\/div>\n\t\t\t\t\t<\/div>\n\t\t<\/section>\n\t\t\t\t\t<\/div>\n\t\t<\/div>\n\t\t\t\t\t<\/div>\n\t\t<\/section>\n\t\t\t\t<\/div>\n\t\t","protected":false},"excerpt":{"rendered":"<p>Van Wankum Ingredients, G\u0131da ve \u0130\u00e7ecek, Kozmetik, \u0130la\u00e7 ve Sa\u011fl\u0131k sekt\u00f6rlerindeki bir\u00e7ok farkl\u0131 m\u00fc\u015fteri i\u00e7in tam hizmet veren bir bile\u015fen sa\u011flay\u0131c\u0131s\u0131d\u0131r. Y\u00fcksek kaliteli bile\u015fenler ve katk\u0131 maddeleri sunuyoruz. Hizmetlerimiz aras\u0131nda numune alma, uygun maliyetli lojistik, kalite belgeleri ve dan\u0131\u015fmanl\u0131k yer almaktad\u0131r. Ticari, lojistik ve finans uzmanlar\u0131 ile g\u0131da teknolojisi uzmanlar\u0131ndan olu\u015fan ekibimiz, d\u00fcnya \u00e7ap\u0131nda 30 [&hellip;]<\/p>\n","protected":false},"author":6,"featured_media":0,"parent":0,"menu_order":0,"comment_status":"closed","ping_status":"closed","template":"elementor_header_footer","meta":{"_acf_changed":false,"footnotes":""},"class_list":["post-3685","page","type-page","status-publish","hentry"],"acf":[],"yoast_head":"<!-- This site is optimized with the Yoast SEO plugin v27.5 - https:\/\/yoast.com\/product\/yoast-seo-wordpress\/ -->\n<title>Sa\u011fl\u0131k ve sporcu beslenmesi tatland\u0131r\u0131c\u0131s\u0131 - Van Wankum Ingredients<\/title>\n<meta name=\"description\" content=\"En iyi sa\u011fl\u0131k ve sporcu beslenmesi tatland\u0131r\u0131c\u0131lar\u0131 hangileridir? Van Wankum Ingredients \u271330 y\u0131l\u0131 a\u015fk\u0131n deneyim \u2713M\u00fckemmel kalite\" \/>\n<meta name=\"robots\" content=\"index, follow, max-snippet:-1, max-image-preview:large, max-video-preview:-1\" \/>\n<link rel=\"canonical\" href=\"https:\/\/vw-ingredients.com\/tr\/saglik-ve-sporcu-beslenmesi-tatlandiricisi\" \/>\n<meta property=\"og:locale\" content=\"tr_TR\" \/>\n<meta property=\"og:type\" content=\"article\" \/>\n<meta property=\"og:title\" content=\"Sa\u011fl\u0131k ve sporcu beslenmesi tatland\u0131r\u0131c\u0131s\u0131 - Van Wankum Ingredients\" \/>\n<meta property=\"og:description\" content=\"En iyi sa\u011fl\u0131k ve sporcu beslenmesi tatland\u0131r\u0131c\u0131lar\u0131 hangileridir? Van Wankum Ingredients \u271330 y\u0131l\u0131 a\u015fk\u0131n deneyim \u2713M\u00fckemmel kalite\" \/>\n<meta property=\"og:url\" content=\"https:\/\/vw-ingredients.com\/tr\/saglik-ve-sporcu-beslenmesi-tatlandiricisi\" \/>\n<meta property=\"og:site_name\" content=\"Van Wankum Ingredients\" \/>\n<meta property=\"article:modified_time\" content=\"2024-04-09T07:56:19+00:00\" \/>\n<meta name=\"twitter:card\" content=\"summary_large_image\" \/>\n<meta name=\"twitter:label1\" content=\"Tahmini okuma s\u00fcresi\" \/>\n\t<meta name=\"twitter:data1\" content=\"2 dakika\" \/>\n<script type=\"application\/ld+json\" class=\"yoast-schema-graph\">{\"@context\":\"https:\\\/\\\/schema.org\",\"@graph\":[{\"@type\":\"WebPage\",\"@id\":\"https:\\\/\\\/vw-ingredients.com\\\/tr\\\/saglik-ve-sporcu-beslenmesi-tatlandiricisi\",\"url\":\"https:\\\/\\\/vw-ingredients.com\\\/tr\\\/saglik-ve-sporcu-beslenmesi-tatlandiricisi\",\"name\":\"Sa\u011fl\u0131k ve sporcu beslenmesi tatland\u0131r\u0131c\u0131s\u0131 - Van Wankum Ingredients\",\"isPartOf\":{\"@id\":\"https:\\\/\\\/vw-ingredients.com\\\/tr#website\"},\"datePublished\":\"2021-11-11T16:07:59+00:00\",\"dateModified\":\"2024-04-09T07:56:19+00:00\",\"description\":\"En iyi sa\u011fl\u0131k ve sporcu beslenmesi tatland\u0131r\u0131c\u0131lar\u0131 hangileridir? Van Wankum Ingredients \u271330 y\u0131l\u0131 a\u015fk\u0131n deneyim \u2713M\u00fckemmel kalite\",\"breadcrumb\":{\"@id\":\"https:\\\/\\\/vw-ingredients.com\\\/tr\\\/saglik-ve-sporcu-beslenmesi-tatlandiricisi#breadcrumb\"},\"inLanguage\":\"tr\",\"potentialAction\":[{\"@type\":\"ReadAction\",\"target\":[\"https:\\\/\\\/vw-ingredients.com\\\/tr\\\/saglik-ve-sporcu-beslenmesi-tatlandiricisi\"]}]},{\"@type\":\"BreadcrumbList\",\"@id\":\"https:\\\/\\\/vw-ingredients.com\\\/tr\\\/saglik-ve-sporcu-beslenmesi-tatlandiricisi#breadcrumb\",\"itemListElement\":[{\"@type\":\"ListItem\",\"position\":1,\"name\":\"Home\",\"item\":\"https:\\\/\\\/vw-ingredients.com\\\/tr\"},{\"@type\":\"ListItem\",\"position\":2,\"name\":\"Sa\u011fl\u0131k ve sporcu beslenmesi tatland\u0131r\u0131c\u0131s\u0131\"}]},{\"@type\":\"WebSite\",\"@id\":\"https:\\\/\\\/vw-ingredients.com\\\/tr#website\",\"url\":\"https:\\\/\\\/vw-ingredients.com\\\/tr\",\"name\":\"Van Wankum Ingredients\",\"description\":\"\",\"potentialAction\":[{\"@type\":\"SearchAction\",\"target\":{\"@type\":\"EntryPoint\",\"urlTemplate\":\"https:\\\/\\\/vw-ingredients.com\\\/tr?s={search_term_string}\"},\"query-input\":{\"@type\":\"PropertyValueSpecification\",\"valueRequired\":true,\"valueName\":\"search_term_string\"}}],\"inLanguage\":\"tr\"}]}<\/script>\n<!-- \/ Yoast SEO plugin. -->","yoast_head_json":{"title":"Sa\u011fl\u0131k ve sporcu beslenmesi tatland\u0131r\u0131c\u0131s\u0131 - Van Wankum Ingredients","description":"En iyi sa\u011fl\u0131k ve sporcu beslenmesi tatland\u0131r\u0131c\u0131lar\u0131 hangileridir? Van Wankum Ingredients \u271330 y\u0131l\u0131 a\u015fk\u0131n deneyim \u2713M\u00fckemmel kalite","robots":{"index":"index","follow":"follow","max-snippet":"max-snippet:-1","max-image-preview":"max-image-preview:large","max-video-preview":"max-video-preview:-1"},"canonical":"https:\/\/vw-ingredients.com\/tr\/saglik-ve-sporcu-beslenmesi-tatlandiricisi","og_locale":"tr_TR","og_type":"article","og_title":"Sa\u011fl\u0131k ve sporcu beslenmesi tatland\u0131r\u0131c\u0131s\u0131 - Van Wankum Ingredients","og_description":"En iyi sa\u011fl\u0131k ve sporcu beslenmesi tatland\u0131r\u0131c\u0131lar\u0131 hangileridir? Van Wankum Ingredients \u271330 y\u0131l\u0131 a\u015fk\u0131n deneyim \u2713M\u00fckemmel kalite","og_url":"https:\/\/vw-ingredients.com\/tr\/saglik-ve-sporcu-beslenmesi-tatlandiricisi","og_site_name":"Van Wankum Ingredients","article_modified_time":"2024-04-09T07:56:19+00:00","twitter_card":"summary_large_image","twitter_misc":{"Tahmini okuma s\u00fcresi":"2 dakika"},"schema":{"@context":"https:\/\/schema.org","@graph":[{"@type":"WebPage","@id":"https:\/\/vw-ingredients.com\/tr\/saglik-ve-sporcu-beslenmesi-tatlandiricisi","url":"https:\/\/vw-ingredients.com\/tr\/saglik-ve-sporcu-beslenmesi-tatlandiricisi","name":"Sa\u011fl\u0131k ve sporcu beslenmesi tatland\u0131r\u0131c\u0131s\u0131 - Van Wankum Ingredients","isPartOf":{"@id":"https:\/\/vw-ingredients.com\/tr#website"},"datePublished":"2021-11-11T16:07:59+00:00","dateModified":"2024-04-09T07:56:19+00:00","description":"En iyi sa\u011fl\u0131k ve sporcu beslenmesi tatland\u0131r\u0131c\u0131lar\u0131 hangileridir? Van Wankum Ingredients \u271330 y\u0131l\u0131 a\u015fk\u0131n deneyim \u2713M\u00fckemmel kalite","breadcrumb":{"@id":"https:\/\/vw-ingredients.com\/tr\/saglik-ve-sporcu-beslenmesi-tatlandiricisi#breadcrumb"},"inLanguage":"tr","potentialAction":[{"@type":"ReadAction","target":["https:\/\/vw-ingredients.com\/tr\/saglik-ve-sporcu-beslenmesi-tatlandiricisi"]}]},{"@type":"BreadcrumbList","@id":"https:\/\/vw-ingredients.com\/tr\/saglik-ve-sporcu-beslenmesi-tatlandiricisi#breadcrumb","itemListElement":[{"@type":"ListItem","position":1,"name":"Home","item":"https:\/\/vw-ingredients.com\/tr"},{"@type":"ListItem","position":2,"name":"Sa\u011fl\u0131k ve sporcu beslenmesi tatland\u0131r\u0131c\u0131s\u0131"}]},{"@type":"WebSite","@id":"https:\/\/vw-ingredients.com\/tr#website","url":"https:\/\/vw-ingredients.com\/tr","name":"Van Wankum Ingredients","description":"","potentialAction":[{"@type":"SearchAction","target":{"@type":"EntryPoint","urlTemplate":"https:\/\/vw-ingredients.com\/tr?s={search_term_string}"},"query-input":{"@type":"PropertyValueSpecification","valueRequired":true,"valueName":"search_term_string"}}],"inLanguage":"tr"}]}},"_links":{"self":[{"href":"https:\/\/vw-ingredients.com\/tr\/wp-json\/wp\/v2\/pages\/3685","targetHints":{"allow":["GET"]}}],"collection":[{"href":"https:\/\/vw-ingredients.com\/tr\/wp-json\/wp\/v2\/pages"}],"about":[{"href":"https:\/\/vw-ingredients.com\/tr\/wp-json\/wp\/v2\/types\/page"}],"author":[{"embeddable":true,"href":"https:\/\/vw-ingredients.com\/tr\/wp-json\/wp\/v2\/users\/6"}],"replies":[{"embeddable":true,"href":"https:\/\/vw-ingredients.com\/tr\/wp-json\/wp\/v2\/comments?post=3685"}],"version-history":[{"count":1,"href":"https:\/\/vw-ingredients.com\/tr\/wp-json\/wp\/v2\/pages\/3685\/revisions"}],"predecessor-version":[{"id":3694,"href":"https:\/\/vw-ingredients.com\/tr\/wp-json\/wp\/v2\/pages\/3685\/revisions\/3694"}],"wp:attachment":[{"href":"https:\/\/vw-ingredients.com\/tr\/wp-json\/wp\/v2\/media?parent=3685"}],"curies":[{"name":"wp","href":"https:\/\/api.w.org\/{rel}","templated":true}]}}