{"id":3683,"date":"2021-11-11T16:02:49","date_gmt":"2021-11-11T16:02:49","guid":{"rendered":"https:\/\/vw-ingredients.com\/yiyecek-ve-icecek-tatlandiricisi"},"modified":"2025-01-28T13:28:18","modified_gmt":"2025-01-28T13:28:18","slug":"yiyecek-ve-icecek-tatlandiricisi","status":"publish","type":"page","link":"https:\/\/vw-ingredients.com\/tr\/yiyecek-ve-icecek-tatlandiricisi","title":{"rendered":"Yiyecek ve i\u00e7ecek tatland\u0131r\u0131c\u0131s\u0131"},"content":{"rendered":"\t\t<div data-elementor-type=\"wp-page\" data-elementor-id=\"3683\" class=\"elementor elementor-3683\" data-elementor-post-type=\"page\">\n\t\t\t\t\t\t<section class=\"elementor-section elementor-top-section elementor-element elementor-element-ddc7206 elementor-section-boxed elementor-section-height-default elementor-section-height-default\" data-id=\"ddc7206\" data-element_type=\"section\" data-e-type=\"section\" data-settings=\"{&quot;jet_parallax_layout_list&quot;:[]}\">\n\t\t\t\t\t\t<div class=\"elementor-container elementor-column-gap-default\">\n\t\t\t\t\t<div class=\"elementor-column elementor-col-50 elementor-top-column elementor-element elementor-element-a128652\" data-id=\"a128652\" data-element_type=\"column\" data-e-type=\"column\">\n\t\t\t<div class=\"elementor-widget-wrap elementor-element-populated\">\n\t\t\t\t\t\t<div class=\"elementor-element elementor-element-716e5c0 elementor-widget elementor-widget-text-editor\" data-id=\"716e5c0\" data-element_type=\"widget\" data-e-type=\"widget\" data-widget_type=\"text-editor.default\">\n\t\t\t\t<div class=\"elementor-widget-container\">\n\t\t\t\t\t\t\t\t\t<p>Van Wankum Ingredients, G\u0131da ve \u0130\u00e7ecek, Kozmetik, \u0130la\u00e7 ve Sa\u011fl\u0131k sekt\u00f6rlerindeki bir\u00e7ok farkl\u0131 m\u00fc\u015fteri i\u00e7in tam hizmet veren bir bile\u015fen sa\u011flay\u0131c\u0131s\u0131d\u0131r.<br \/>\nY\u00fcksek kaliteli bile\u015fenler ve katk\u0131 maddeleri sunuyoruz. <\/p>\n<p>Hizmetlerimiz aras\u0131nda numune alma, uygun maliyetli lojistik, kalite belgeleri ve dan\u0131\u015fmanl\u0131k yer almaktad\u0131r.<br \/>\nTicari, lojistik ve finans uzmanlar\u0131 ile g\u0131da teknolojisi uzmanlar\u0131ndan olu\u015fan ekibimiz, d\u00fcnya \u00e7ap\u0131nda 30 y\u0131l\u0131 a\u015fk\u0131n mesleki deneyimi payla\u015fmakta ve m\u00fc\u015fterilerin ihtiya\u00e7lar\u0131n\u0131 kar\u015f\u0131lamaya kendini adam\u0131\u015ft\u0131r. <\/p>\n<h2>Tatland\u0131r\u0131c\u0131lar nedir?<\/h2>\n<p>\u015eeker, bir tad\u0131 daha tatl\u0131 hale getirmek i\u00e7in g\u0131daya eklenir. Tatland\u0131r\u0131c\u0131, \u015fekerin yerine kullan\u0131lan bir maddedir. T\u00fcketim s\u0131ras\u0131nda tatl\u0131l\u0131k hissi uyand\u0131rmak i\u00e7in eklenirler. Do\u011fadan gelen (\u00f6rne\u011fin bir bitkinin yapraklar\u0131ndan elde edilen Stevia) veya sentetik olarak \u00fcretilen tatland\u0131r\u0131c\u0131lar vard\u0131r. Yiyecek ve i\u00e7eceklerde, sa\u011fl\u0131k ve spor beslenmesinde ve farmas\u00f6tik tatland\u0131r\u0131c\u0131 olarak kullan\u0131labilirler.<\/p>\n<h2>G\u0131da ve i\u00e7ecek tatland\u0131r\u0131c\u0131lar\u0131<\/h2>\n<p>Tatland\u0131r\u0131c\u0131lar\u0131n \u00e7o\u011fu yiyecek ve i\u00e7eceklerde kullan\u0131m i\u00e7in uygundur. Kendilerine has \u00f6zellikleri vard\u0131r ve bu nedenle baz\u0131 yiyecek ve i\u00e7ecekler i\u00e7in di\u011ferlerine g\u00f6re daha uygundurlar. Farkl\u0131 tatland\u0131r\u0131c\u0131lar\u0131n belirli g\u0131dalara nas\u0131l uyguland\u0131\u011f\u0131n\u0131 g\u00f6rmek i\u00e7in l\u00fctfen sundu\u011fumuz tatland\u0131r\u0131c\u0131lar\u0131n ilgili sayfalar\u0131n\u0131 ziyaret edin.<\/p>\n<p>Daha fazla bilgi i\u00e7in l\u00fctfen <a href=\"https:\/\/vw-ingredients.com\/health-and-sport-nutrition\/stevia\">Stevia<\/a>, <a href=\"https:\/\/vw-ingredients.com\/health-and-sport-nutrition\/sucralose\">Sukraloz<\/a>, <a href=\"https:\/\/vw-ingredients.com\/health-and-sport-nutrition\/melatonin\">Melatonin<\/a>, <a href=\"https:\/\/vw-ingredients.com\/health-and-sport-nutrition\/yeast-beta-glucan\">Maya beta &#8211; Glukan<\/a>, <a href=\"https:\/\/vw-ingredients.com\/luo-han-guo\">Luo Han Guo<\/a>, <a href=\"https:\/\/vw-ingredients.com\/tr\/kesis-meyvesi-ozu\">Ke\u015fi\u015f Meyvesi \u00d6z\u00fc<\/a>, <a href=\"https:\/\/vw-ingredients.com\/trehalose\">Trehaloz<\/a>, Ases\u00fclfam potasyum, Aspartam, <a href=\"https:\/\/vw-ingredients.com\/tr\/product\/eritritol\">Eritritol<\/a>, <a href=\"https:\/\/vw-ingredients.com\/pharmaceutical\/quinine-derivatives\">Kinin<\/a>, <a href=\"https:\/\/vw-ingredients.com\/polydextrose\">Polidekstroz<\/a> ve Vitamin B1 gibi sundu\u011fumuz yapay ve do\u011fal tatland\u0131r\u0131c\u0131lar\u0131n ilgili sayfalar\u0131n\u0131 ziyaret edin.<\/p>\n<h2>Besleyici ve besleyici olmayan tatland\u0131r\u0131c\u0131lar<\/h2>\n<p>Besleyici tatland\u0131r\u0131c\u0131lar ve besleyici olmayan tatland\u0131r\u0131c\u0131lar vard\u0131r. Besleyici tatland\u0131r\u0131c\u0131lar bir dereceye kadar v\u00fccut taraf\u0131ndan sindirilebilir ve bu nedenle \u015feker gibi g\u0131da enerji de\u011ferine sahiptir. Besleyici olmayan tatland\u0131r\u0131c\u0131lar olarak adland\u0131r\u0131lan ve v\u00fccut taraf\u0131ndan sindirilmeyen tatland\u0131r\u0131c\u0131lar da vard\u0131r. Bu tip tatland\u0131r\u0131c\u0131lar\u0131n g\u0131da enerji de\u011feri yoktur. Bir\u00e7ok tatland\u0131r\u0131c\u0131 \u00e7ok az kalori i\u00e7erir veya hi\u00e7 i\u00e7ermez ve metabolize olmaz, bu da onlar\u0131 hem \u015feker hastalar\u0131 hem de \u015feker hastas\u0131 olmayanlar i\u00e7in t\u00fcketime uygun hale getirir.<\/p>\n<h2>Van Wankum Malzemeler<\/h2>\n<p>Van Wankum Ingredients, \u00fcr\u00fcnleri ve ilkeleri i\u00e7in her zaman \u00e7evre dostu ve &#8220;ye\u015fil&#8221; f\u0131rsatlar aramaktad\u0131r.<br \/>\nM\u00fc\u015fterilerimizle uzun vadeli ili\u015fkiler ve y\u00fcksek kaliteli hizmet i\u00e7in var\u0131z.  G\u0131da ve i\u00e7eceklere y\u00f6nelik tatland\u0131r\u0131c\u0131lar\u0131m\u0131zla ilgili sorular\u0131n\u0131z veya talepleriniz i\u00e7in l\u00fctfen numune talep etmekten veya do\u011frudan bizimle ileti\u015fime ge\u00e7mekten \u00e7ekinmeyin.<\/p>\n\t\t\t\t\t\t\t\t<\/div>\n\t\t\t\t<\/div>\n\t\t\t\t\t<\/div>\n\t\t<\/div>\n\t\t\t\t<div class=\"elementor-column elementor-col-50 elementor-top-column elementor-element elementor-element-5d724d4\" data-id=\"5d724d4\" data-element_type=\"column\" data-e-type=\"column\">\n\t\t\t<div class=\"elementor-widget-wrap elementor-element-populated\">\n\t\t\t\t\t\t<section class=\"elementor-section elementor-inner-section elementor-element elementor-element-f4364dc elementor-section-height-min-height elementor-section-boxed elementor-section-height-default elementor-invisible\" data-id=\"f4364dc\" data-element_type=\"section\" data-e-type=\"section\" data-settings=\"{&quot;sticky&quot;:&quot;top&quot;,&quot;sticky_on&quot;:[&quot;desktop&quot;],&quot;sticky_parent&quot;:&quot;yes&quot;,&quot;sticky_offset&quot;:125,&quot;animation&quot;:&quot;fadeInRight&quot;,&quot;jet_parallax_layout_list&quot;:[],&quot;sticky_effects_offset&quot;:0,&quot;sticky_anchor_link_offset&quot;:0}\">\n\t\t\t\t\t\t<div class=\"elementor-container elementor-column-gap-default\">\n\t\t\t\t\t<div class=\"elementor-column elementor-col-100 elementor-inner-column elementor-element elementor-element-fdc73ad\" data-id=\"fdc73ad\" data-element_type=\"column\" data-e-type=\"column\" data-settings=\"{&quot;background_background&quot;:&quot;classic&quot;}\">\n\t\t\t<div class=\"elementor-widget-wrap elementor-element-populated\">\n\t\t\t\t\t\t<div class=\"elementor-element elementor-element-200cafd elementor-widget elementor-widget-heading\" data-id=\"200cafd\" data-element_type=\"widget\" data-e-type=\"widget\" data-widget_type=\"heading.default\">\n\t\t\t\t<div class=\"elementor-widget-container\">\n\t\t\t\t\t<h2 class=\"elementor-heading-title elementor-size-default\">\u00d6rnek talep edin<\/h2>\t\t\t\t<\/div>\n\t\t\t\t<\/div>\n\t\t\t\t<div class=\"elementor-element elementor-element-7b5f110 elementor-widget elementor-widget-text-editor\" data-id=\"7b5f110\" data-element_type=\"widget\" data-e-type=\"widget\" data-widget_type=\"text-editor.default\">\n\t\t\t\t<div class=\"elementor-widget-container\">\n\t\t\t\t\t\t\t\t\t<p>Hangi \u00f6rnekleri almak istedi\u011finizi bize bildirin.<br \/>\n\u00dcr\u00fcn listemizden numunelerinizi se\u00e7in ve g\u00f6nder butonuna t\u0131klay\u0131n. <\/p>\n\t\t\t\t\t\t\t\t<\/div>\n\t\t\t\t<\/div>\n\t\t\t\t<div class=\"elementor-element elementor-element-68c8a2e elementor-widget elementor-widget-button\" data-id=\"68c8a2e\" data-element_type=\"widget\" data-e-type=\"widget\" data-widget_type=\"button.default\">\n\t\t\t\t<div class=\"elementor-widget-container\">\n\t\t\t\t\t\t\t\t\t<div class=\"elementor-button-wrapper\">\n\t\t\t\t\t<a class=\"elementor-button elementor-button-link elementor-size-sm\" href=\"\/products\/\">\n\t\t\t\t\t\t<span class=\"elementor-button-content-wrapper\">\n\t\t\t\t\t\t\t\t\t<span class=\"elementor-button-text\">\u00d6rnek talep edin<\/span>\n\t\t\t\t\t<\/span>\n\t\t\t\t\t<\/a>\n\t\t\t\t<\/div>\n\t\t\t\t\t\t\t\t<\/div>\n\t\t\t\t<\/div>\n\t\t\t\t\t<\/div>\n\t\t<\/div>\n\t\t\t\t\t<\/div>\n\t\t<\/section>\n\t\t\t\t\t<\/div>\n\t\t<\/div>\n\t\t\t\t\t<\/div>\n\t\t<\/section>\n\t\t\t\t<\/div>\n\t\t","protected":false},"excerpt":{"rendered":"<p>Van Wankum Ingredients, G\u0131da ve \u0130\u00e7ecek, Kozmetik, \u0130la\u00e7 ve Sa\u011fl\u0131k sekt\u00f6rlerindeki bir\u00e7ok farkl\u0131 m\u00fc\u015fteri i\u00e7in tam hizmet veren bir bile\u015fen sa\u011flay\u0131c\u0131s\u0131d\u0131r. Y\u00fcksek kaliteli bile\u015fenler ve katk\u0131 maddeleri sunuyoruz. Hizmetlerimiz aras\u0131nda numune alma, uygun maliyetli lojistik, kalite belgeleri ve dan\u0131\u015fmanl\u0131k yer almaktad\u0131r. Ticari, lojistik ve finans uzmanlar\u0131 ile g\u0131da teknolojisi uzmanlar\u0131ndan olu\u015fan ekibimiz, d\u00fcnya \u00e7ap\u0131nda 30 [&hellip;]<\/p>\n","protected":false},"author":6,"featured_media":0,"parent":0,"menu_order":0,"comment_status":"closed","ping_status":"closed","template":"","meta":{"_acf_changed":false,"footnotes":""},"class_list":["post-3683","page","type-page","status-publish","hentry"],"acf":[],"yoast_head":"<!-- This site is optimized with the Yoast SEO plugin v27.3 - https:\/\/yoast.com\/product\/yoast-seo-wordpress\/ -->\n<title>Yiyecek ve i\u00e7ecek tatland\u0131r\u0131c\u0131s\u0131 - Van Wankum Ingredients<\/title>\n<meta name=\"description\" content=\"Yiyecek ve i\u00e7ecek tatland\u0131r\u0131c\u0131lar\u0131 nelerdir? Van Wankum Malzemeler kalite ve hizmetten \u00f6d\u00fcn vermez. \u2713Profesyonel deneyim \u2713M\u00fckemmel kalite\" \/>\n<meta name=\"robots\" content=\"index, follow, max-snippet:-1, max-image-preview:large, max-video-preview:-1\" \/>\n<link rel=\"canonical\" href=\"https:\/\/vw-ingredients.com\/tr\/yiyecek-ve-icecek-tatlandiricisi\" \/>\n<meta property=\"og:locale\" content=\"tr_TR\" \/>\n<meta property=\"og:type\" content=\"article\" \/>\n<meta property=\"og:title\" content=\"Yiyecek ve i\u00e7ecek tatland\u0131r\u0131c\u0131s\u0131 - Van Wankum Ingredients\" \/>\n<meta property=\"og:description\" content=\"Yiyecek ve i\u00e7ecek tatland\u0131r\u0131c\u0131lar\u0131 nelerdir? Van Wankum Malzemeler kalite ve hizmetten \u00f6d\u00fcn vermez. \u2713Profesyonel deneyim \u2713M\u00fckemmel kalite\" \/>\n<meta property=\"og:url\" content=\"https:\/\/vw-ingredients.com\/tr\/yiyecek-ve-icecek-tatlandiricisi\" \/>\n<meta property=\"og:site_name\" content=\"Van Wankum Ingredients\" \/>\n<meta property=\"article:modified_time\" content=\"2025-01-28T13:28:18+00:00\" \/>\n<meta name=\"twitter:card\" content=\"summary_large_image\" \/>\n<meta name=\"twitter:label1\" content=\"Tahmini okuma s\u00fcresi\" \/>\n\t<meta name=\"twitter:data1\" content=\"3 dakika\" \/>\n<script type=\"application\/ld+json\" class=\"yoast-schema-graph\">{\"@context\":\"https:\\\/\\\/schema.org\",\"@graph\":[{\"@type\":\"WebPage\",\"@id\":\"https:\\\/\\\/vw-ingredients.com\\\/tr\\\/yiyecek-ve-icecek-tatlandiricisi\",\"url\":\"https:\\\/\\\/vw-ingredients.com\\\/tr\\\/yiyecek-ve-icecek-tatlandiricisi\",\"name\":\"Yiyecek ve i\u00e7ecek tatland\u0131r\u0131c\u0131s\u0131 - Van Wankum Ingredients\",\"isPartOf\":{\"@id\":\"https:\\\/\\\/vw-ingredients.com\\\/tr#website\"},\"datePublished\":\"2021-11-11T16:02:49+00:00\",\"dateModified\":\"2025-01-28T13:28:18+00:00\",\"description\":\"Yiyecek ve i\u00e7ecek tatland\u0131r\u0131c\u0131lar\u0131 nelerdir? Van Wankum Malzemeler kalite ve hizmetten \u00f6d\u00fcn vermez. \u2713Profesyonel deneyim \u2713M\u00fckemmel kalite\",\"breadcrumb\":{\"@id\":\"https:\\\/\\\/vw-ingredients.com\\\/tr\\\/yiyecek-ve-icecek-tatlandiricisi#breadcrumb\"},\"inLanguage\":\"tr\",\"potentialAction\":[{\"@type\":\"ReadAction\",\"target\":[\"https:\\\/\\\/vw-ingredients.com\\\/tr\\\/yiyecek-ve-icecek-tatlandiricisi\"]}]},{\"@type\":\"BreadcrumbList\",\"@id\":\"https:\\\/\\\/vw-ingredients.com\\\/tr\\\/yiyecek-ve-icecek-tatlandiricisi#breadcrumb\",\"itemListElement\":[{\"@type\":\"ListItem\",\"position\":1,\"name\":\"Home\",\"item\":\"https:\\\/\\\/vw-ingredients.com\\\/tr\"},{\"@type\":\"ListItem\",\"position\":2,\"name\":\"Yiyecek ve i\u00e7ecek tatland\u0131r\u0131c\u0131s\u0131\"}]},{\"@type\":\"WebSite\",\"@id\":\"https:\\\/\\\/vw-ingredients.com\\\/tr#website\",\"url\":\"https:\\\/\\\/vw-ingredients.com\\\/tr\",\"name\":\"Van Wankum Ingredients\",\"description\":\"\",\"potentialAction\":[{\"@type\":\"SearchAction\",\"target\":{\"@type\":\"EntryPoint\",\"urlTemplate\":\"https:\\\/\\\/vw-ingredients.com\\\/tr?s={search_term_string}\"},\"query-input\":{\"@type\":\"PropertyValueSpecification\",\"valueRequired\":true,\"valueName\":\"search_term_string\"}}],\"inLanguage\":\"tr\"}]}<\/script>\n<!-- \/ Yoast SEO plugin. -->","yoast_head_json":{"title":"Yiyecek ve i\u00e7ecek tatland\u0131r\u0131c\u0131s\u0131 - Van Wankum Ingredients","description":"Yiyecek ve i\u00e7ecek tatland\u0131r\u0131c\u0131lar\u0131 nelerdir? Van Wankum Malzemeler kalite ve hizmetten \u00f6d\u00fcn vermez. \u2713Profesyonel deneyim \u2713M\u00fckemmel kalite","robots":{"index":"index","follow":"follow","max-snippet":"max-snippet:-1","max-image-preview":"max-image-preview:large","max-video-preview":"max-video-preview:-1"},"canonical":"https:\/\/vw-ingredients.com\/tr\/yiyecek-ve-icecek-tatlandiricisi","og_locale":"tr_TR","og_type":"article","og_title":"Yiyecek ve i\u00e7ecek tatland\u0131r\u0131c\u0131s\u0131 - Van Wankum Ingredients","og_description":"Yiyecek ve i\u00e7ecek tatland\u0131r\u0131c\u0131lar\u0131 nelerdir? Van Wankum Malzemeler kalite ve hizmetten \u00f6d\u00fcn vermez. \u2713Profesyonel deneyim \u2713M\u00fckemmel kalite","og_url":"https:\/\/vw-ingredients.com\/tr\/yiyecek-ve-icecek-tatlandiricisi","og_site_name":"Van Wankum Ingredients","article_modified_time":"2025-01-28T13:28:18+00:00","twitter_card":"summary_large_image","twitter_misc":{"Tahmini okuma s\u00fcresi":"3 dakika"},"schema":{"@context":"https:\/\/schema.org","@graph":[{"@type":"WebPage","@id":"https:\/\/vw-ingredients.com\/tr\/yiyecek-ve-icecek-tatlandiricisi","url":"https:\/\/vw-ingredients.com\/tr\/yiyecek-ve-icecek-tatlandiricisi","name":"Yiyecek ve i\u00e7ecek tatland\u0131r\u0131c\u0131s\u0131 - Van Wankum Ingredients","isPartOf":{"@id":"https:\/\/vw-ingredients.com\/tr#website"},"datePublished":"2021-11-11T16:02:49+00:00","dateModified":"2025-01-28T13:28:18+00:00","description":"Yiyecek ve i\u00e7ecek tatland\u0131r\u0131c\u0131lar\u0131 nelerdir? Van Wankum Malzemeler kalite ve hizmetten \u00f6d\u00fcn vermez. \u2713Profesyonel deneyim \u2713M\u00fckemmel kalite","breadcrumb":{"@id":"https:\/\/vw-ingredients.com\/tr\/yiyecek-ve-icecek-tatlandiricisi#breadcrumb"},"inLanguage":"tr","potentialAction":[{"@type":"ReadAction","target":["https:\/\/vw-ingredients.com\/tr\/yiyecek-ve-icecek-tatlandiricisi"]}]},{"@type":"BreadcrumbList","@id":"https:\/\/vw-ingredients.com\/tr\/yiyecek-ve-icecek-tatlandiricisi#breadcrumb","itemListElement":[{"@type":"ListItem","position":1,"name":"Home","item":"https:\/\/vw-ingredients.com\/tr"},{"@type":"ListItem","position":2,"name":"Yiyecek ve i\u00e7ecek tatland\u0131r\u0131c\u0131s\u0131"}]},{"@type":"WebSite","@id":"https:\/\/vw-ingredients.com\/tr#website","url":"https:\/\/vw-ingredients.com\/tr","name":"Van Wankum Ingredients","description":"","potentialAction":[{"@type":"SearchAction","target":{"@type":"EntryPoint","urlTemplate":"https:\/\/vw-ingredients.com\/tr?s={search_term_string}"},"query-input":{"@type":"PropertyValueSpecification","valueRequired":true,"valueName":"search_term_string"}}],"inLanguage":"tr"}]}},"_links":{"self":[{"href":"https:\/\/vw-ingredients.com\/tr\/wp-json\/wp\/v2\/pages\/3683","targetHints":{"allow":["GET"]}}],"collection":[{"href":"https:\/\/vw-ingredients.com\/tr\/wp-json\/wp\/v2\/pages"}],"about":[{"href":"https:\/\/vw-ingredients.com\/tr\/wp-json\/wp\/v2\/types\/page"}],"author":[{"embeddable":true,"href":"https:\/\/vw-ingredients.com\/tr\/wp-json\/wp\/v2\/users\/6"}],"replies":[{"embeddable":true,"href":"https:\/\/vw-ingredients.com\/tr\/wp-json\/wp\/v2\/comments?post=3683"}],"version-history":[{"count":2,"href":"https:\/\/vw-ingredients.com\/tr\/wp-json\/wp\/v2\/pages\/3683\/revisions"}],"predecessor-version":[{"id":7195,"href":"https:\/\/vw-ingredients.com\/tr\/wp-json\/wp\/v2\/pages\/3683\/revisions\/7195"}],"wp:attachment":[{"href":"https:\/\/vw-ingredients.com\/tr\/wp-json\/wp\/v2\/media?parent=3683"}],"curies":[{"name":"wp","href":"https:\/\/api.w.org\/{rel}","templated":true}]}}