{"id":3679,"date":"2021-11-11T16:05:52","date_gmt":"2021-11-11T16:05:52","guid":{"rendered":"https:\/\/vw-ingredients.com\/gida-uretim-danismani"},"modified":"2024-04-09T07:56:10","modified_gmt":"2024-04-09T07:56:10","slug":"gida-uretim-danismani","status":"publish","type":"page","link":"https:\/\/vw-ingredients.com\/tr\/gida-uretim-danismani","title":{"rendered":"G\u0131da \u00fcretim dan\u0131\u015fman\u0131"},"content":{"rendered":"\t\t<div data-elementor-type=\"wp-page\" data-elementor-id=\"3679\" class=\"elementor elementor-3679\" data-elementor-post-type=\"page\">\n\t\t\t\t\t\t<section class=\"elementor-section elementor-top-section elementor-element elementor-element-ddc7206 elementor-section-boxed elementor-section-height-default elementor-section-height-default\" data-id=\"ddc7206\" data-element_type=\"section\" data-e-type=\"section\" data-settings=\"{&quot;jet_parallax_layout_list&quot;:[]}\">\n\t\t\t\t\t\t<div class=\"elementor-container elementor-column-gap-default\">\n\t\t\t\t\t<div class=\"elementor-column elementor-col-50 elementor-top-column elementor-element elementor-element-a128652\" data-id=\"a128652\" data-element_type=\"column\" data-e-type=\"column\">\n\t\t\t<div class=\"elementor-widget-wrap elementor-element-populated\">\n\t\t\t\t\t\t<div class=\"elementor-element elementor-element-716e5c0 elementor-widget elementor-widget-text-editor\" data-id=\"716e5c0\" data-element_type=\"widget\" data-e-type=\"widget\" data-widget_type=\"text-editor.default\">\n\t\t\t\t<div class=\"elementor-widget-container\">\n\t\t\t\t\t\t\t\t\t<p>Van Wankum Ingredients, G\u0131da ve \u0130\u00e7ecek, Kozmetik, \u0130la\u00e7 ve Sa\u011fl\u0131k sekt\u00f6rlerindeki bir\u00e7ok farkl\u0131 m\u00fc\u015fteri i\u00e7in tam hizmet veren bir bile\u015fen sa\u011flay\u0131c\u0131s\u0131d\u0131r. Y\u00fcksek kaliteli bile\u015fenler ve katk\u0131 maddeleri sunuyoruz.<\/p>\n<p>Hizmetlerimiz aras\u0131nda numune alma, uygun maliyetli lojistik, kalite belgeleri ve dan\u0131\u015fmanl\u0131k yer almaktad\u0131r. Ticari, lojistik ve finans uzmanlar\u0131 ile g\u0131da teknolojisi uzmanlar\u0131ndan olu\u015fan ekibimiz, d\u00fcnya \u00e7ap\u0131nda 30 y\u0131l\u0131 a\u015fk\u0131n mesleki deneyimi payla\u015fmakta ve m\u00fc\u015fterilerin ihtiya\u00e7lar\u0131n\u0131 kar\u015f\u0131lamaya kendini adam\u0131\u015ft\u0131r.<\/p>\n<h2>Tatland\u0131r\u0131c\u0131lar ve di\u011fer g\u0131da katk\u0131 maddeleri<\/h2>\n<p>Van Wankum Ingredients, farkl\u0131 t\u00fcrde tatland\u0131r\u0131c\u0131lar\u0131 ve g\u0131da katk\u0131 maddelerini test edebilir ve teslim edebilir. Buna ek olarak, \u00fcr\u00fcn\u00fcn\u00fczde tatland\u0131r\u0131c\u0131 ve di\u011fer g\u0131da katk\u0131 maddelerinin kullan\u0131m\u0131na ili\u015fkin tavsiye ve rehberlik sunabiliriz. Bu gibi durumlarda, VW Ingredients g\u0131da \u00fcretim dan\u0131\u015fman\u0131n\u0131z olarak i\u015flev g\u00f6rebilir.<\/p>\n<p>Baz\u0131 g\u0131da katk\u0131 maddeleri \u00e7ok \u00e7e\u015fitli yiyecek ve i\u00e7eceklerde kullan\u0131labilir, ancak kullan\u0131m\u0131 sadece bununla s\u0131n\u0131rl\u0131 de\u011fildir. G\u0131da katk\u0131 maddelerimiz ve tatland\u0131r\u0131c\u0131lar\u0131m\u0131zdan baz\u0131lar\u0131 sa\u011fl\u0131k ve spor beslenmesinde veya farmas\u00f6tik ama\u00e7larla da kullan\u0131labilir.<\/p>\n<h2>Deneyimli ortak<\/h2>\n<p>G\u0131da, kozmetik ve ila\u00e7 sekt\u00f6rlerinde 30 y\u0131l\u0131 a\u015fk\u0131n deneyime sahibiz. 1980&#8217;lerden bu yana \u00c7in&#8217;deki g\u00fcvenilir \u00fcreticilerle ili\u015fkiler kurduk ve Avrupa ve Amerika g\u0131da pazar\u0131ndaki bir\u00e7ok m\u00fc\u015fteriye ba\u015far\u0131l\u0131 bir \u015fekilde tedarik ve dan\u0131\u015fmanl\u0131k yapt\u0131k. G\u0131da \u00fcretim dan\u0131\u015fman\u0131n\u0131z olarak g\u00f6rev yapabiliriz. \u00dcr\u00fcn\u00fcn\u00fcz\u00fc y\u00fcksek kaliteli g\u0131da katk\u0131 maddelerimizle ba\u015far\u0131l\u0131 bir \u015fekilde geli\u015ftirdikten sonra, \u00fcr\u00fcn\u00fcn\u00fcz i\u00e7in ihtiya\u00e7 duydu\u011funuz g\u0131da katk\u0131 maddeleri i\u00e7in tedarik\u00e7i rol\u00fcn\u00fc \u00fcstlenebiliriz.<\/p>\n<p>Daha fazla bilgi i\u00e7in l\u00fctfen <a href=\"https:\/\/vw-ingredients.com\/health-and-sport-nutrition\/stevia\">Stevia<\/a>, <a href=\"https:\/\/vw-ingredients.com\/health-and-sport-nutrition\/sucralose\">Sukraloz<\/a>, <a href=\"https:\/\/vw-ingredients.com\/health-and-sport-nutrition\/melatonin\">Melatonin<\/a>, <a href=\"https:\/\/vw-ingredients.com\/health-and-sport-nutrition\/yeast-beta-glucan\">Maya beta &#8211; Glukan<\/a>, <a href=\"https:\/\/vw-ingredients.com\/luo-han-guo\">Luo Han Guo<\/a>, <a href=\"https:\/\/vw-ingredients.com\/monk-fruit-extract\">Ke\u015fi\u015f Meyvesi \u00d6z\u00fc<\/a>, <a href=\"https:\/\/vw-ingredients.com\/trehalose\">Trehaloz<\/a>, Ases\u00fclfam potasyum, Aspartam, Eritritol, <a href=\"https:\/\/vw-ingredients.com\/pharmaceutical\/quinine-derivatives\">Kinin<\/a>, <a href=\"https:\/\/vw-ingredients.com\/polydextrose\">Polidekstroz<\/a> ve B1 Vitamini gibi sundu\u011fumuz yapay ve do\u011fal tatland\u0131r\u0131c\u0131lar\u0131n ilgili sayfalar\u0131n\u0131 ziyaret edin.<\/p>\n<h2>Van Wankum Malzemeler<\/h2>\n<p>Van Wankum Ingredients, \u00fcr\u00fcnleri ve ilkeleri i\u00e7in her zaman \u00e7evre dostu ve &#8220;ye\u015fil&#8221; f\u0131rsatlar aramaktad\u0131r. M\u00fc\u015fterilerimizle uzun vadeli ili\u015fkiler ve y\u00fcksek kaliteli hizmet i\u00e7in var\u0131z. G\u0131da \u00fcretim dan\u0131\u015fman\u0131 olarak hizmetlerimiz hakk\u0131nda daha fazla bilgi almak veya bir numune talep etmek ister misiniz? L\u00fctfen bizimle ileti\u015fime ge\u00e7mekten \u00e7ekinmeyin.<\/p>\n\t\t\t\t\t\t\t\t<\/div>\n\t\t\t\t<\/div>\n\t\t\t\t\t<\/div>\n\t\t<\/div>\n\t\t\t\t<div class=\"elementor-column elementor-col-50 elementor-top-column elementor-element elementor-element-5d724d4\" data-id=\"5d724d4\" data-element_type=\"column\" data-e-type=\"column\">\n\t\t\t<div class=\"elementor-widget-wrap elementor-element-populated\">\n\t\t\t\t\t\t<section class=\"elementor-section elementor-inner-section elementor-element elementor-element-f4364dc elementor-section-height-min-height elementor-section-boxed elementor-section-height-default elementor-invisible\" data-id=\"f4364dc\" data-element_type=\"section\" data-e-type=\"section\" data-settings=\"{&quot;sticky&quot;:&quot;top&quot;,&quot;sticky_on&quot;:[&quot;desktop&quot;],&quot;sticky_parent&quot;:&quot;yes&quot;,&quot;sticky_offset&quot;:125,&quot;animation&quot;:&quot;fadeInRight&quot;,&quot;jet_parallax_layout_list&quot;:[],&quot;sticky_effects_offset&quot;:0,&quot;sticky_anchor_link_offset&quot;:0}\">\n\t\t\t\t\t\t<div class=\"elementor-container elementor-column-gap-default\">\n\t\t\t\t\t<div class=\"elementor-column elementor-col-100 elementor-inner-column elementor-element elementor-element-fdc73ad\" data-id=\"fdc73ad\" data-element_type=\"column\" data-e-type=\"column\" data-settings=\"{&quot;background_background&quot;:&quot;classic&quot;}\">\n\t\t\t<div class=\"elementor-widget-wrap elementor-element-populated\">\n\t\t\t\t\t\t<div class=\"elementor-element elementor-element-200cafd elementor-widget elementor-widget-heading\" data-id=\"200cafd\" data-element_type=\"widget\" data-e-type=\"widget\" data-widget_type=\"heading.default\">\n\t\t\t\t<div class=\"elementor-widget-container\">\n\t\t\t\t\t<h2 class=\"elementor-heading-title elementor-size-default\">\u00d6rnek talep edin<\/h2>\t\t\t\t<\/div>\n\t\t\t\t<\/div>\n\t\t\t\t<div class=\"elementor-element elementor-element-7b5f110 elementor-widget elementor-widget-text-editor\" data-id=\"7b5f110\" data-element_type=\"widget\" data-e-type=\"widget\" data-widget_type=\"text-editor.default\">\n\t\t\t\t<div class=\"elementor-widget-container\">\n\t\t\t\t\t\t\t\t\t<p>Hangi \u00f6rnekleri almak istedi\u011finizi bize bildirin. \u00dcr\u00fcn listemizden numunelerinizi se\u00e7in ve g\u00f6nder butonuna t\u0131klay\u0131n.<\/p>\n\t\t\t\t\t\t\t\t<\/div>\n\t\t\t\t<\/div>\n\t\t\t\t<div class=\"elementor-element elementor-element-68c8a2e elementor-widget elementor-widget-button\" data-id=\"68c8a2e\" data-element_type=\"widget\" data-e-type=\"widget\" data-widget_type=\"button.default\">\n\t\t\t\t<div class=\"elementor-widget-container\">\n\t\t\t\t\t\t\t\t\t<div class=\"elementor-button-wrapper\">\n\t\t\t\t\t<a class=\"elementor-button elementor-button-link elementor-size-sm\" href=\"https:\/\/vw-ingredients.com\/products\">\n\t\t\t\t\t\t<span class=\"elementor-button-content-wrapper\">\n\t\t\t\t\t\t\t\t\t<span class=\"elementor-button-text\">\u00d6rnek talep edin<\/span>\n\t\t\t\t\t<\/span>\n\t\t\t\t\t<\/a>\n\t\t\t\t<\/div>\n\t\t\t\t\t\t\t\t<\/div>\n\t\t\t\t<\/div>\n\t\t\t\t\t<\/div>\n\t\t<\/div>\n\t\t\t\t\t<\/div>\n\t\t<\/section>\n\t\t\t\t\t<\/div>\n\t\t<\/div>\n\t\t\t\t\t<\/div>\n\t\t<\/section>\n\t\t\t\t<\/div>\n\t\t","protected":false},"excerpt":{"rendered":"<p>Van Wankum Ingredients, G\u0131da ve \u0130\u00e7ecek, Kozmetik, \u0130la\u00e7 ve Sa\u011fl\u0131k sekt\u00f6rlerindeki bir\u00e7ok farkl\u0131 m\u00fc\u015fteri i\u00e7in tam hizmet veren bir bile\u015fen sa\u011flay\u0131c\u0131s\u0131d\u0131r. Y\u00fcksek kaliteli bile\u015fenler ve katk\u0131 maddeleri sunuyoruz. Hizmetlerimiz aras\u0131nda numune alma, uygun maliyetli lojistik, kalite belgeleri ve dan\u0131\u015fmanl\u0131k yer almaktad\u0131r. Ticari, lojistik ve finans uzmanlar\u0131 ile g\u0131da teknolojisi uzmanlar\u0131ndan olu\u015fan ekibimiz, d\u00fcnya \u00e7ap\u0131nda 30 [&hellip;]<\/p>\n","protected":false},"author":6,"featured_media":0,"parent":0,"menu_order":0,"comment_status":"closed","ping_status":"closed","template":"elementor_header_footer","meta":{"_acf_changed":false,"footnotes":""},"class_list":["post-3679","page","type-page","status-publish","hentry"],"acf":[],"yoast_head":"<!-- This site is optimized with the Yoast SEO plugin v27.3 - https:\/\/yoast.com\/product\/yoast-seo-wordpress\/ -->\n<title>G\u0131da \u00fcretim dan\u0131\u015fman\u0131 - Van Wankum Ingredients<\/title>\n<meta name=\"description\" content=\"Neden Van Wankum Ingredients&#039;i se\u00e7mek zorundas\u0131n\u0131z? Van Wankum Malzemeler. \u2713Tam hizmet bile\u015fenleri sa\u011flay\u0131c\u0131s\u0131 \u2713Profesyonellerden olu\u015fan ekip\" \/>\n<meta name=\"robots\" content=\"index, follow, max-snippet:-1, max-image-preview:large, max-video-preview:-1\" \/>\n<link rel=\"canonical\" href=\"https:\/\/vw-ingredients.com\/tr\/gida-uretim-danismani\" \/>\n<meta property=\"og:locale\" content=\"tr_TR\" \/>\n<meta property=\"og:type\" content=\"article\" \/>\n<meta property=\"og:title\" content=\"G\u0131da \u00fcretim dan\u0131\u015fman\u0131 - Van Wankum Ingredients\" \/>\n<meta property=\"og:description\" content=\"Neden Van Wankum Ingredients&#039;i se\u00e7mek zorundas\u0131n\u0131z? Van Wankum Malzemeler. \u2713Tam hizmet bile\u015fenleri sa\u011flay\u0131c\u0131s\u0131 \u2713Profesyonellerden olu\u015fan ekip\" \/>\n<meta property=\"og:url\" content=\"https:\/\/vw-ingredients.com\/tr\/gida-uretim-danismani\" \/>\n<meta property=\"og:site_name\" content=\"Van Wankum Ingredients\" \/>\n<meta property=\"article:modified_time\" content=\"2024-04-09T07:56:10+00:00\" \/>\n<meta name=\"twitter:card\" content=\"summary_large_image\" \/>\n<meta name=\"twitter:label1\" content=\"Tahmini okuma s\u00fcresi\" \/>\n\t<meta name=\"twitter:data1\" content=\"2 dakika\" \/>\n<script type=\"application\/ld+json\" class=\"yoast-schema-graph\">{\"@context\":\"https:\\\/\\\/schema.org\",\"@graph\":[{\"@type\":\"WebPage\",\"@id\":\"https:\\\/\\\/vw-ingredients.com\\\/tr\\\/gida-uretim-danismani\",\"url\":\"https:\\\/\\\/vw-ingredients.com\\\/tr\\\/gida-uretim-danismani\",\"name\":\"G\u0131da \u00fcretim dan\u0131\u015fman\u0131 - Van Wankum Ingredients\",\"isPartOf\":{\"@id\":\"https:\\\/\\\/vw-ingredients.com\\\/tr#website\"},\"datePublished\":\"2021-11-11T16:05:52+00:00\",\"dateModified\":\"2024-04-09T07:56:10+00:00\",\"description\":\"Neden Van Wankum Ingredients'i se\u00e7mek zorundas\u0131n\u0131z? Van Wankum Malzemeler. \u2713Tam hizmet bile\u015fenleri sa\u011flay\u0131c\u0131s\u0131 \u2713Profesyonellerden olu\u015fan ekip\",\"breadcrumb\":{\"@id\":\"https:\\\/\\\/vw-ingredients.com\\\/tr\\\/gida-uretim-danismani#breadcrumb\"},\"inLanguage\":\"tr\",\"potentialAction\":[{\"@type\":\"ReadAction\",\"target\":[\"https:\\\/\\\/vw-ingredients.com\\\/tr\\\/gida-uretim-danismani\"]}]},{\"@type\":\"BreadcrumbList\",\"@id\":\"https:\\\/\\\/vw-ingredients.com\\\/tr\\\/gida-uretim-danismani#breadcrumb\",\"itemListElement\":[{\"@type\":\"ListItem\",\"position\":1,\"name\":\"Home\",\"item\":\"https:\\\/\\\/vw-ingredients.com\\\/tr\"},{\"@type\":\"ListItem\",\"position\":2,\"name\":\"G\u0131da \u00fcretim dan\u0131\u015fman\u0131\"}]},{\"@type\":\"WebSite\",\"@id\":\"https:\\\/\\\/vw-ingredients.com\\\/tr#website\",\"url\":\"https:\\\/\\\/vw-ingredients.com\\\/tr\",\"name\":\"Van Wankum Ingredients\",\"description\":\"\",\"potentialAction\":[{\"@type\":\"SearchAction\",\"target\":{\"@type\":\"EntryPoint\",\"urlTemplate\":\"https:\\\/\\\/vw-ingredients.com\\\/tr?s={search_term_string}\"},\"query-input\":{\"@type\":\"PropertyValueSpecification\",\"valueRequired\":true,\"valueName\":\"search_term_string\"}}],\"inLanguage\":\"tr\"}]}<\/script>\n<!-- \/ Yoast SEO plugin. -->","yoast_head_json":{"title":"G\u0131da \u00fcretim dan\u0131\u015fman\u0131 - Van Wankum Ingredients","description":"Neden Van Wankum Ingredients'i se\u00e7mek zorundas\u0131n\u0131z? Van Wankum Malzemeler. \u2713Tam hizmet bile\u015fenleri sa\u011flay\u0131c\u0131s\u0131 \u2713Profesyonellerden olu\u015fan ekip","robots":{"index":"index","follow":"follow","max-snippet":"max-snippet:-1","max-image-preview":"max-image-preview:large","max-video-preview":"max-video-preview:-1"},"canonical":"https:\/\/vw-ingredients.com\/tr\/gida-uretim-danismani","og_locale":"tr_TR","og_type":"article","og_title":"G\u0131da \u00fcretim dan\u0131\u015fman\u0131 - Van Wankum Ingredients","og_description":"Neden Van Wankum Ingredients'i se\u00e7mek zorundas\u0131n\u0131z? Van Wankum Malzemeler. \u2713Tam hizmet bile\u015fenleri sa\u011flay\u0131c\u0131s\u0131 \u2713Profesyonellerden olu\u015fan ekip","og_url":"https:\/\/vw-ingredients.com\/tr\/gida-uretim-danismani","og_site_name":"Van Wankum Ingredients","article_modified_time":"2024-04-09T07:56:10+00:00","twitter_card":"summary_large_image","twitter_misc":{"Tahmini okuma s\u00fcresi":"2 dakika"},"schema":{"@context":"https:\/\/schema.org","@graph":[{"@type":"WebPage","@id":"https:\/\/vw-ingredients.com\/tr\/gida-uretim-danismani","url":"https:\/\/vw-ingredients.com\/tr\/gida-uretim-danismani","name":"G\u0131da \u00fcretim dan\u0131\u015fman\u0131 - Van Wankum Ingredients","isPartOf":{"@id":"https:\/\/vw-ingredients.com\/tr#website"},"datePublished":"2021-11-11T16:05:52+00:00","dateModified":"2024-04-09T07:56:10+00:00","description":"Neden Van Wankum Ingredients'i se\u00e7mek zorundas\u0131n\u0131z? Van Wankum Malzemeler. \u2713Tam hizmet bile\u015fenleri sa\u011flay\u0131c\u0131s\u0131 \u2713Profesyonellerden olu\u015fan ekip","breadcrumb":{"@id":"https:\/\/vw-ingredients.com\/tr\/gida-uretim-danismani#breadcrumb"},"inLanguage":"tr","potentialAction":[{"@type":"ReadAction","target":["https:\/\/vw-ingredients.com\/tr\/gida-uretim-danismani"]}]},{"@type":"BreadcrumbList","@id":"https:\/\/vw-ingredients.com\/tr\/gida-uretim-danismani#breadcrumb","itemListElement":[{"@type":"ListItem","position":1,"name":"Home","item":"https:\/\/vw-ingredients.com\/tr"},{"@type":"ListItem","position":2,"name":"G\u0131da \u00fcretim dan\u0131\u015fman\u0131"}]},{"@type":"WebSite","@id":"https:\/\/vw-ingredients.com\/tr#website","url":"https:\/\/vw-ingredients.com\/tr","name":"Van Wankum Ingredients","description":"","potentialAction":[{"@type":"SearchAction","target":{"@type":"EntryPoint","urlTemplate":"https:\/\/vw-ingredients.com\/tr?s={search_term_string}"},"query-input":{"@type":"PropertyValueSpecification","valueRequired":true,"valueName":"search_term_string"}}],"inLanguage":"tr"}]}},"_links":{"self":[{"href":"https:\/\/vw-ingredients.com\/tr\/wp-json\/wp\/v2\/pages\/3679","targetHints":{"allow":["GET"]}}],"collection":[{"href":"https:\/\/vw-ingredients.com\/tr\/wp-json\/wp\/v2\/pages"}],"about":[{"href":"https:\/\/vw-ingredients.com\/tr\/wp-json\/wp\/v2\/types\/page"}],"author":[{"embeddable":true,"href":"https:\/\/vw-ingredients.com\/tr\/wp-json\/wp\/v2\/users\/6"}],"replies":[{"embeddable":true,"href":"https:\/\/vw-ingredients.com\/tr\/wp-json\/wp\/v2\/comments?post=3679"}],"version-history":[{"count":1,"href":"https:\/\/vw-ingredients.com\/tr\/wp-json\/wp\/v2\/pages\/3679\/revisions"}],"predecessor-version":[{"id":3682,"href":"https:\/\/vw-ingredients.com\/tr\/wp-json\/wp\/v2\/pages\/3679\/revisions\/3682"}],"wp:attachment":[{"href":"https:\/\/vw-ingredients.com\/tr\/wp-json\/wp\/v2\/media?parent=3679"}],"curies":[{"name":"wp","href":"https:\/\/api.w.org\/{rel}","templated":true}]}}