{"id":3672,"date":"2021-11-11T15:50:21","date_gmt":"2021-11-11T15:50:21","guid":{"rendered":"https:\/\/vw-ingredients.com\/beta-glukan-tedarikcisi"},"modified":"2024-04-09T07:56:08","modified_gmt":"2024-04-09T07:56:08","slug":"beta-glukan-tedarikcisi","status":"publish","type":"page","link":"https:\/\/vw-ingredients.com\/tr\/beta-glukan-tedarikcisi","title":{"rendered":"Beta Glukan Tedarik\u00e7isi"},"content":{"rendered":"\t\t<div data-elementor-type=\"wp-page\" data-elementor-id=\"3672\" class=\"elementor elementor-3672\" data-elementor-post-type=\"page\">\n\t\t\t\t\t\t<section class=\"elementor-section elementor-top-section elementor-element elementor-element-ddc7206 elementor-section-boxed elementor-section-height-default elementor-section-height-default\" data-id=\"ddc7206\" data-element_type=\"section\" data-e-type=\"section\" data-settings=\"{&quot;jet_parallax_layout_list&quot;:[]}\">\n\t\t\t\t\t\t<div class=\"elementor-container elementor-column-gap-default\">\n\t\t\t\t\t<div class=\"elementor-column elementor-col-50 elementor-top-column elementor-element elementor-element-a128652\" data-id=\"a128652\" data-element_type=\"column\" data-e-type=\"column\">\n\t\t\t<div class=\"elementor-widget-wrap elementor-element-populated\">\n\t\t\t\t\t\t<div class=\"elementor-element elementor-element-716e5c0 elementor-widget elementor-widget-text-editor\" data-id=\"716e5c0\" data-element_type=\"widget\" data-e-type=\"widget\" data-widget_type=\"text-editor.default\">\n\t\t\t\t<div class=\"elementor-widget-container\">\n\t\t\t\t\t\t\t\t\t<p>Van Wankum Ingredients, G\u0131da ve \u0130\u00e7ecek, Kozmetik, <a href=\"https:\/\/vw-ingredients.com\/tr\/farmasotik-bilesenler\">\u0130la\u00e7<\/a> ve Sa\u011fl\u0131k sekt\u00f6rlerindeki bir\u00e7ok farkl\u0131 m\u00fc\u015fteri i\u00e7in tam hizmet veren bir bile\u015fen sa\u011flay\u0131c\u0131s\u0131d\u0131r. Y\u00fcksek kaliteli bile\u015fenler ve katk\u0131 maddeleri sunuyoruz. Hizmetlerimiz aras\u0131nda numune alma, uygun maliyetli lojistik, kalite belgeleri ve dan\u0131\u015fmanl\u0131k yer almaktad\u0131r. Ticari, lojistik ve finans uzmanlar\u0131 ile g\u0131da teknolojisi uzmanlar\u0131ndan olu\u015fan ekibimiz, d\u00fcnya \u00e7ap\u0131nda 30 y\u0131l\u0131 a\u015fk\u0131n mesleki deneyimi payla\u015fmakta ve m\u00fc\u015fterilerin ihtiya\u00e7lar\u0131n\u0131 kar\u015f\u0131lamaya kendini adam\u0131\u015ft\u0131r.<\/p>\n<h2>Beta Glukan Nedir?<\/h2>\n<p>Beta glukan, yayg\u0131n f\u0131r\u0131nc\u0131 mayas\u0131n\u0131n h\u00fccre duvarlar\u0131nda bulunur. \u00c7o\u011fu insan zaten bu\u011fday veya yulaf ezmesi gibi do\u011fal kaynaklardan t\u00fcketmektedir. Ba\u011f\u0131\u015f\u0131kl\u0131k sisteminin etkinli\u011fini korumak veya uyarmak i\u00e7in kullan\u0131l\u0131r. Ayr\u0131ca, kolesterol seviyeleri \u00fczerinde olumlu bir etkiye sahiptir ve kan \u015fekeri seviyeleri \u00fczerindeki olumlu etkilerini ara\u015ft\u0131rmak i\u00e7in ara\u015ft\u0131rmalar yap\u0131lmaktad\u0131r.<\/p>\n<h2>Beta Glukan\u0131n Faydalar\u0131<\/h2>\n<p>F\u0131r\u0131nc\u0131 Mayas\u0131 kayna\u011f\u0131ndan elde edilen Beta Glukan, t\u00fcm Beta Glukanlar aras\u0131nda en fazla faydaya sahiptir, A\u015fa\u011f\u0131da bir dizi Fayday\u0131 listeledik:<\/p>\n<ul>\n<li>Beta Glukan ba\u011f\u0131\u015f\u0131kl\u0131k sisteminin etkinli\u011fini korur ve uyar\u0131r<\/li>\n<li>Beta Glukan kolesterol seviyeleri \u00fczerinde olumlu bir etkiye sahiptir<\/li>\n<li>Beta Glukan&#8217;\u0131n kan \u015fekeri seviyeleri \u00fczerinde olumlu bir etkisi oldu\u011fu ve diyabetik sorunlara yard\u0131mc\u0131 oldu\u011fu d\u00fc\u015f\u00fcn\u00fclmektedir<\/li>\n<li>Beta Glukan enfeksiyonlarla sava\u015f\u0131r<\/li>\n<li>Beta Glukan vejetaryenler i\u00e7in t\u00fcketime uygundur<\/li>\n<\/ul>\n<h2>Farkl\u0131 Beta Glukan Kaynaklar\u0131n\u0131n Beta Glukan Kar\u015f\u0131la\u015ft\u0131rmas\u0131<\/h2>\n<p>Mevcut ara\u015ft\u0131rmalara g\u00f6re beta-1,3\/1,6-glukanlar ba\u011f\u0131\u015f\u0131kl\u0131k sistemini uyar\u0131c\u0131 faydalar\u0131 olan tek BETA GLUKANLARDIR. Yulaf ve arpada bulunan BETA GUCAN molek\u00fclleri makrofajlara ba\u011flanmazlar ve bu nedenle ba\u011f\u0131\u015f\u0131kl\u0131k sistemini d\u00fczenleyici bir etkileri veya faydalar\u0131 yoktur.<\/p>\n<p>F\u0131r\u0131nc\u0131 mayas\u0131ndan elde edilen Beta Glukan\u0131m\u0131z (Beta-1,3\/1,6-glukan), t\u00fcm BETA GLUKANLAR aras\u0131nda ba\u011f\u0131\u015f\u0131kl\u0131k sistemini uyar\u0131c\u0131 faydalar\u0131, etki \u015fekli ve g\u00fcvenli\u011fi a\u00e7\u0131s\u0131ndan en \u00e7ok \u00e7al\u0131\u015f\u0131lan ve en \u00e7ok belgelenen Beta GLUKAN olup, di\u011fer Beta GLUKAN kaynaklar\u0131ndan elde edilen beta-glukanlardan daha \u00fcst\u00fcn oldu\u011fu d\u00fc\u015f\u00fcn\u00fclmektedir. L\u00fctfen a\u015fa\u011f\u0131daki \u015fekle bak\u0131n\u0131z:<\/p>\n<h2> <\/h2>\n<h2>Beta Glukan Do\u011fal ve organik<\/h2>\n<p>F\u0131r\u0131nc\u0131 mayas\u0131ndan elde edilen Beta Glukan\u0131m\u0131z (Beta-1,3\/1,6-glukan) vejetaryen diyetler i\u00e7in uygundur ve ORGAN\u0130K EKO SERT\u0130F\u0130KA ile sa\u011flanabilir.<\/p>\n<h2>Beta Glukan uygulamalar\u0131<\/h2>\n<p>F\u0131r\u0131nc\u0131 Mayas\u0131 kayna\u011f\u0131ndan elde edilen Beta glukan\u0131m\u0131z birden fazla uygulama i\u00e7in uygun olabilir, A\u015fa\u011f\u0131da bir dizi Uygulama listeledik:<\/p>\n<ul>\n<li>Beslenme ve Diyet \u00dcr\u00fcnleri<\/li>\n<li>Kuru kar\u0131\u015f\u0131m \u00fcr\u00fcnler<\/li>\n<li>Ekmek<\/li>\n<li>Granola barlar<\/li>\n<li>\u00c7erezler<\/li>\n<li>Bisk\u00fcvi<\/li>\n<li>S\u00fct \u00fcr\u00fcnleri<\/li>\n<li>\u0130\u00e7ecek<\/li>\n<li>Tatl\u0131lar<\/li>\n<li>Ba\u011f\u0131\u015f\u0131kl\u0131\u011f\u0131 g\u00fc\u00e7lendiren g\u0131dalar<\/li>\n<li>Kilo verdiren yiyecekler<\/li>\n<li>Ya\u015flanma kar\u015f\u0131t\u0131 g\u0131dalar<\/li>\n<li>Hayvan beslenmesi<\/li>\n<\/ul>\n<h2>Van Wankum Malzemeler<\/h2>\n<p>Van Wankum Ingredients, \u00fcr\u00fcnleri ve ilkeleri i\u00e7in her zaman \u00e7evre dostu ve &#8220;ye\u015fil&#8221; f\u0131rsatlar aramaktad\u0131r. M\u00fc\u015fterilerimizle uzun vadeli ili\u015fkiler ve y\u00fcksek kaliteli hizmet i\u00e7in var\u0131z. L\u00fctfen bir Beta Glukan numunesi talep etmekten veya sorular\u0131n\u0131z veya talepleriniz i\u00e7in do\u011frudan bizimle <a href=\"https:\/\/vw-ingredients.com\/tr\/iletisim\">ileti\u015fime<\/a> ge\u00e7mekten \u00e7ekinmeyin.<\/p>\n\t\t\t\t\t\t\t\t<\/div>\n\t\t\t\t<\/div>\n\t\t\t\t\t<\/div>\n\t\t<\/div>\n\t\t\t\t<div class=\"elementor-column elementor-col-50 elementor-top-column elementor-element elementor-element-5d724d4\" data-id=\"5d724d4\" data-element_type=\"column\" data-e-type=\"column\">\n\t\t\t<div class=\"elementor-widget-wrap elementor-element-populated\">\n\t\t\t\t\t\t<section class=\"elementor-section elementor-inner-section elementor-element elementor-element-f4364dc elementor-section-height-min-height elementor-section-boxed elementor-section-height-default elementor-invisible\" data-id=\"f4364dc\" data-element_type=\"section\" data-e-type=\"section\" data-settings=\"{&quot;sticky&quot;:&quot;top&quot;,&quot;sticky_on&quot;:[&quot;desktop&quot;],&quot;sticky_parent&quot;:&quot;yes&quot;,&quot;sticky_offset&quot;:125,&quot;animation&quot;:&quot;fadeInRight&quot;,&quot;jet_parallax_layout_list&quot;:[],&quot;sticky_effects_offset&quot;:0,&quot;sticky_anchor_link_offset&quot;:0}\">\n\t\t\t\t\t\t<div class=\"elementor-container elementor-column-gap-default\">\n\t\t\t\t\t<div class=\"elementor-column elementor-col-100 elementor-inner-column elementor-element elementor-element-fdc73ad\" data-id=\"fdc73ad\" data-element_type=\"column\" data-e-type=\"column\" data-settings=\"{&quot;background_background&quot;:&quot;classic&quot;}\">\n\t\t\t<div class=\"elementor-widget-wrap elementor-element-populated\">\n\t\t\t\t\t\t<div class=\"elementor-element elementor-element-200cafd elementor-widget elementor-widget-heading\" data-id=\"200cafd\" data-element_type=\"widget\" data-e-type=\"widget\" data-widget_type=\"heading.default\">\n\t\t\t\t<div class=\"elementor-widget-container\">\n\t\t\t\t\t<h2 class=\"elementor-heading-title elementor-size-default\">\u00d6rnek talep edin<\/h2>\t\t\t\t<\/div>\n\t\t\t\t<\/div>\n\t\t\t\t<div class=\"elementor-element elementor-element-7b5f110 elementor-widget elementor-widget-text-editor\" data-id=\"7b5f110\" data-element_type=\"widget\" data-e-type=\"widget\" data-widget_type=\"text-editor.default\">\n\t\t\t\t<div class=\"elementor-widget-container\">\n\t\t\t\t\t\t\t\t\t<p>Hangi \u00f6rnekleri almak istedi\u011finizi bize bildirin. \u00dcr\u00fcn listemizden numunelerinizi se\u00e7in ve g\u00f6nder butonuna t\u0131klay\u0131n.<\/p>\n\t\t\t\t\t\t\t\t<\/div>\n\t\t\t\t<\/div>\n\t\t\t\t<div class=\"elementor-element elementor-element-68c8a2e elementor-widget elementor-widget-button\" data-id=\"68c8a2e\" data-element_type=\"widget\" data-e-type=\"widget\" data-widget_type=\"button.default\">\n\t\t\t\t<div class=\"elementor-widget-container\">\n\t\t\t\t\t\t\t\t\t<div class=\"elementor-button-wrapper\">\n\t\t\t\t\t<a class=\"elementor-button elementor-button-link elementor-size-sm\" href=\"https:\/\/vw-ingredients.com\/products\">\n\t\t\t\t\t\t<span class=\"elementor-button-content-wrapper\">\n\t\t\t\t\t\t\t\t\t<span class=\"elementor-button-text\">\u00d6rnek talep edin<\/span>\n\t\t\t\t\t<\/span>\n\t\t\t\t\t<\/a>\n\t\t\t\t<\/div>\n\t\t\t\t\t\t\t\t<\/div>\n\t\t\t\t<\/div>\n\t\t\t\t\t<\/div>\n\t\t<\/div>\n\t\t\t\t\t<\/div>\n\t\t<\/section>\n\t\t\t\t\t<\/div>\n\t\t<\/div>\n\t\t\t\t\t<\/div>\n\t\t<\/section>\n\t\t\t\t<\/div>\n\t\t","protected":false},"excerpt":{"rendered":"<p>Van Wankum Ingredients, G\u0131da ve \u0130\u00e7ecek, Kozmetik, \u0130la\u00e7 ve Sa\u011fl\u0131k sekt\u00f6rlerindeki bir\u00e7ok farkl\u0131 m\u00fc\u015fteri i\u00e7in tam hizmet veren bir bile\u015fen sa\u011flay\u0131c\u0131s\u0131d\u0131r. Y\u00fcksek kaliteli bile\u015fenler ve katk\u0131 maddeleri sunuyoruz. Hizmetlerimiz aras\u0131nda numune alma, uygun maliyetli lojistik, kalite belgeleri ve dan\u0131\u015fmanl\u0131k yer almaktad\u0131r. Ticari, lojistik ve finans uzmanlar\u0131 ile g\u0131da teknolojisi uzmanlar\u0131ndan olu\u015fan ekibimiz, d\u00fcnya \u00e7ap\u0131nda 30 [&hellip;]<\/p>\n","protected":false},"author":6,"featured_media":0,"parent":0,"menu_order":0,"comment_status":"closed","ping_status":"closed","template":"elementor_header_footer","meta":{"_acf_changed":false,"footnotes":""},"class_list":["post-3672","page","type-page","status-publish","hentry"],"acf":[],"yoast_head":"<!-- This site is optimized with the Yoast SEO plugin v27.3 - https:\/\/yoast.com\/product\/yoast-seo-wordpress\/ -->\n<title>Beta Glukan Tedarik\u00e7isi - Van Wankum Ingredients<\/title>\n<meta name=\"description\" content=\"Beta Glukan Nedir? Van Wankum Ingredients mevcut en iyi tedarik\u00e7idir. Uzman ekip \u2713Profesyonel deneyim\" \/>\n<meta name=\"robots\" content=\"index, follow, max-snippet:-1, max-image-preview:large, max-video-preview:-1\" \/>\n<link rel=\"canonical\" href=\"https:\/\/vw-ingredients.com\/tr\/beta-glukan-tedarikcisi\" \/>\n<meta property=\"og:locale\" content=\"tr_TR\" \/>\n<meta property=\"og:type\" content=\"article\" \/>\n<meta property=\"og:title\" content=\"Beta Glukan Tedarik\u00e7isi - Van Wankum Ingredients\" \/>\n<meta property=\"og:description\" content=\"Beta Glukan Nedir? Van Wankum Ingredients mevcut en iyi tedarik\u00e7idir. Uzman ekip \u2713Profesyonel deneyim\" \/>\n<meta property=\"og:url\" content=\"https:\/\/vw-ingredients.com\/tr\/beta-glukan-tedarikcisi\" \/>\n<meta property=\"og:site_name\" content=\"Van Wankum Ingredients\" \/>\n<meta property=\"article:modified_time\" content=\"2024-04-09T07:56:08+00:00\" \/>\n<meta name=\"twitter:card\" content=\"summary_large_image\" \/>\n<meta name=\"twitter:label1\" content=\"Tahmini okuma s\u00fcresi\" \/>\n\t<meta name=\"twitter:data1\" content=\"3 dakika\" \/>\n<script type=\"application\/ld+json\" class=\"yoast-schema-graph\">{\"@context\":\"https:\\\/\\\/schema.org\",\"@graph\":[{\"@type\":\"WebPage\",\"@id\":\"https:\\\/\\\/vw-ingredients.com\\\/tr\\\/beta-glukan-tedarikcisi\",\"url\":\"https:\\\/\\\/vw-ingredients.com\\\/tr\\\/beta-glukan-tedarikcisi\",\"name\":\"Beta Glukan Tedarik\u00e7isi - Van Wankum Ingredients\",\"isPartOf\":{\"@id\":\"https:\\\/\\\/vw-ingredients.com\\\/tr#website\"},\"datePublished\":\"2021-11-11T15:50:21+00:00\",\"dateModified\":\"2024-04-09T07:56:08+00:00\",\"description\":\"Beta Glukan Nedir? Van Wankum Ingredients mevcut en iyi tedarik\u00e7idir. Uzman ekip \u2713Profesyonel deneyim\",\"breadcrumb\":{\"@id\":\"https:\\\/\\\/vw-ingredients.com\\\/tr\\\/beta-glukan-tedarikcisi#breadcrumb\"},\"inLanguage\":\"tr\",\"potentialAction\":[{\"@type\":\"ReadAction\",\"target\":[\"https:\\\/\\\/vw-ingredients.com\\\/tr\\\/beta-glukan-tedarikcisi\"]}]},{\"@type\":\"BreadcrumbList\",\"@id\":\"https:\\\/\\\/vw-ingredients.com\\\/tr\\\/beta-glukan-tedarikcisi#breadcrumb\",\"itemListElement\":[{\"@type\":\"ListItem\",\"position\":1,\"name\":\"Home\",\"item\":\"https:\\\/\\\/vw-ingredients.com\\\/tr\"},{\"@type\":\"ListItem\",\"position\":2,\"name\":\"Beta Glukan Tedarik\u00e7isi\"}]},{\"@type\":\"WebSite\",\"@id\":\"https:\\\/\\\/vw-ingredients.com\\\/tr#website\",\"url\":\"https:\\\/\\\/vw-ingredients.com\\\/tr\",\"name\":\"Van Wankum Ingredients\",\"description\":\"\",\"potentialAction\":[{\"@type\":\"SearchAction\",\"target\":{\"@type\":\"EntryPoint\",\"urlTemplate\":\"https:\\\/\\\/vw-ingredients.com\\\/tr?s={search_term_string}\"},\"query-input\":{\"@type\":\"PropertyValueSpecification\",\"valueRequired\":true,\"valueName\":\"search_term_string\"}}],\"inLanguage\":\"tr\"}]}<\/script>\n<!-- \/ Yoast SEO plugin. -->","yoast_head_json":{"title":"Beta Glukan Tedarik\u00e7isi - Van Wankum Ingredients","description":"Beta Glukan Nedir? Van Wankum Ingredients mevcut en iyi tedarik\u00e7idir. Uzman ekip \u2713Profesyonel deneyim","robots":{"index":"index","follow":"follow","max-snippet":"max-snippet:-1","max-image-preview":"max-image-preview:large","max-video-preview":"max-video-preview:-1"},"canonical":"https:\/\/vw-ingredients.com\/tr\/beta-glukan-tedarikcisi","og_locale":"tr_TR","og_type":"article","og_title":"Beta Glukan Tedarik\u00e7isi - Van Wankum Ingredients","og_description":"Beta Glukan Nedir? Van Wankum Ingredients mevcut en iyi tedarik\u00e7idir. Uzman ekip \u2713Profesyonel deneyim","og_url":"https:\/\/vw-ingredients.com\/tr\/beta-glukan-tedarikcisi","og_site_name":"Van Wankum Ingredients","article_modified_time":"2024-04-09T07:56:08+00:00","twitter_card":"summary_large_image","twitter_misc":{"Tahmini okuma s\u00fcresi":"3 dakika"},"schema":{"@context":"https:\/\/schema.org","@graph":[{"@type":"WebPage","@id":"https:\/\/vw-ingredients.com\/tr\/beta-glukan-tedarikcisi","url":"https:\/\/vw-ingredients.com\/tr\/beta-glukan-tedarikcisi","name":"Beta Glukan Tedarik\u00e7isi - Van Wankum Ingredients","isPartOf":{"@id":"https:\/\/vw-ingredients.com\/tr#website"},"datePublished":"2021-11-11T15:50:21+00:00","dateModified":"2024-04-09T07:56:08+00:00","description":"Beta Glukan Nedir? Van Wankum Ingredients mevcut en iyi tedarik\u00e7idir. Uzman ekip \u2713Profesyonel deneyim","breadcrumb":{"@id":"https:\/\/vw-ingredients.com\/tr\/beta-glukan-tedarikcisi#breadcrumb"},"inLanguage":"tr","potentialAction":[{"@type":"ReadAction","target":["https:\/\/vw-ingredients.com\/tr\/beta-glukan-tedarikcisi"]}]},{"@type":"BreadcrumbList","@id":"https:\/\/vw-ingredients.com\/tr\/beta-glukan-tedarikcisi#breadcrumb","itemListElement":[{"@type":"ListItem","position":1,"name":"Home","item":"https:\/\/vw-ingredients.com\/tr"},{"@type":"ListItem","position":2,"name":"Beta Glukan Tedarik\u00e7isi"}]},{"@type":"WebSite","@id":"https:\/\/vw-ingredients.com\/tr#website","url":"https:\/\/vw-ingredients.com\/tr","name":"Van Wankum Ingredients","description":"","potentialAction":[{"@type":"SearchAction","target":{"@type":"EntryPoint","urlTemplate":"https:\/\/vw-ingredients.com\/tr?s={search_term_string}"},"query-input":{"@type":"PropertyValueSpecification","valueRequired":true,"valueName":"search_term_string"}}],"inLanguage":"tr"}]}},"_links":{"self":[{"href":"https:\/\/vw-ingredients.com\/tr\/wp-json\/wp\/v2\/pages\/3672","targetHints":{"allow":["GET"]}}],"collection":[{"href":"https:\/\/vw-ingredients.com\/tr\/wp-json\/wp\/v2\/pages"}],"about":[{"href":"https:\/\/vw-ingredients.com\/tr\/wp-json\/wp\/v2\/types\/page"}],"author":[{"embeddable":true,"href":"https:\/\/vw-ingredients.com\/tr\/wp-json\/wp\/v2\/users\/6"}],"replies":[{"embeddable":true,"href":"https:\/\/vw-ingredients.com\/tr\/wp-json\/wp\/v2\/comments?post=3672"}],"version-history":[{"count":1,"href":"https:\/\/vw-ingredients.com\/tr\/wp-json\/wp\/v2\/pages\/3672\/revisions"}],"predecessor-version":[{"id":3674,"href":"https:\/\/vw-ingredients.com\/tr\/wp-json\/wp\/v2\/pages\/3672\/revisions\/3674"}],"wp:attachment":[{"href":"https:\/\/vw-ingredients.com\/tr\/wp-json\/wp\/v2\/media?parent=3672"}],"curies":[{"name":"wp","href":"https:\/\/api.w.org\/{rel}","templated":true}]}}