{"id":3661,"date":"2021-10-29T14:54:17","date_gmt":"2021-10-29T14:54:17","guid":{"rendered":"https:\/\/vw-ingredients.com\/cerez-politikasi"},"modified":"2025-01-28T13:54:26","modified_gmt":"2025-01-28T13:54:26","slug":"cerez-politikasi","status":"publish","type":"page","link":"https:\/\/vw-ingredients.com\/tr\/cerez-politikasi","title":{"rendered":"\u00c7erez Politikas\u0131"},"content":{"rendered":"\t\t<div data-elementor-type=\"wp-page\" data-elementor-id=\"3661\" class=\"elementor elementor-3661 elementor-1166\" data-elementor-post-type=\"page\">\n\t\t\t\t\t\t<section class=\"elementor-section elementor-top-section elementor-element elementor-element-5d71571 elementor-section-boxed elementor-section-height-default elementor-section-height-default\" data-id=\"5d71571\" data-element_type=\"section\" data-e-type=\"section\" data-settings=\"{&quot;jet_parallax_layout_list&quot;:[]}\">\n\t\t\t\t\t\t<div class=\"elementor-container elementor-column-gap-default\">\n\t\t\t\t\t<div class=\"elementor-column elementor-col-100 elementor-top-column elementor-element elementor-element-80ed4ba\" data-id=\"80ed4ba\" data-element_type=\"column\" data-e-type=\"column\">\n\t\t\t<div class=\"elementor-widget-wrap elementor-element-populated\">\n\t\t\t\t\t\t<div class=\"elementor-element elementor-element-92c1c58 elementor-widget elementor-widget-heading\" data-id=\"92c1c58\" data-element_type=\"widget\" data-e-type=\"widget\" data-widget_type=\"heading.default\">\n\t\t\t\t<div class=\"elementor-widget-container\">\n\t\t\t\t\t<h1 class=\"elementor-heading-title elementor-size-default\">\u00c7erez Politikas\u0131<\/h1>\t\t\t\t<\/div>\n\t\t\t\t<\/div>\n\t\t\t\t<div class=\"elementor-element elementor-element-0a1cf41 elementor-widget elementor-widget-heading\" data-id=\"0a1cf41\" data-element_type=\"widget\" data-e-type=\"widget\" data-widget_type=\"heading.default\">\n\t\t\t\t<div class=\"elementor-widget-container\">\n\t\t\t\t\t<h2 class=\"elementor-heading-title elementor-size-default\">Van Wankum Ingredients B.V.<\/h2>\t\t\t\t<\/div>\n\t\t\t\t<\/div>\n\t\t\t\t<div class=\"elementor-element elementor-element-852b5c7 elementor-widget elementor-widget-spacer\" data-id=\"852b5c7\" data-element_type=\"widget\" data-e-type=\"widget\" data-widget_type=\"spacer.default\">\n\t\t\t\t<div class=\"elementor-widget-container\">\n\t\t\t\t\t\t\t<div class=\"elementor-spacer\">\n\t\t\t<div class=\"elementor-spacer-inner\"><\/div>\n\t\t<\/div>\n\t\t\t\t\t\t<\/div>\n\t\t\t\t<\/div>\n\t\t\t\t<div class=\"elementor-element elementor-element-933f793 elementor-widget elementor-widget-heading\" data-id=\"933f793\" data-element_type=\"widget\" data-e-type=\"widget\" data-widget_type=\"heading.default\">\n\t\t\t\t<div class=\"elementor-widget-container\">\n\t\t\t\t\t<h3 class=\"elementor-heading-title elementor-size-default\">Kesinlikle gerekli \u00e7erezler<\/h3>\t\t\t\t<\/div>\n\t\t\t\t<\/div>\n\t\t\t\t<div class=\"elementor-element elementor-element-709492b elementor-widget elementor-widget-text-editor\" data-id=\"709492b\" data-element_type=\"widget\" data-e-type=\"widget\" data-widget_type=\"text-editor.default\">\n\t\t\t\t<div class=\"elementor-widget-container\">\n\t\t\t\t\t\t\t\t\t<p>Bu \u00e7erezler, web sitelerimizde dola\u015fman\u0131z\u0131 ve Van Wankum Ingredients BV web sitelerindeki \u00f6zellikleri kullanman\u0131z\u0131 sa\u011flamak i\u00e7in gereklidir. Bu \u00e7erezleri kabul etmezseniz, web sitesinin veya bir k\u0131sm\u0131n\u0131n performans\u0131 etkilenebilir.<\/p>\n\t\t\t\t\t\t\t\t<\/div>\n\t\t\t\t<\/div>\n\t\t\t\t<div class=\"elementor-element elementor-element-ba24b30 elementor-widget elementor-widget-heading\" data-id=\"ba24b30\" data-element_type=\"widget\" data-e-type=\"widget\" data-widget_type=\"heading.default\">\n\t\t\t\t<div class=\"elementor-widget-container\">\n\t\t\t\t\t<h3 class=\"elementor-heading-title elementor-size-default\">Performans \u00e7erezleri<\/h3>\t\t\t\t<\/div>\n\t\t\t\t<\/div>\n\t\t\t\t<div class=\"elementor-element elementor-element-370a581 elementor-widget elementor-widget-text-editor\" data-id=\"370a581\" data-element_type=\"widget\" data-e-type=\"widget\" data-widget_type=\"text-editor.default\">\n\t\t\t\t<div class=\"elementor-widget-container\">\n\t\t\t\t\t\t\t\t\t<p>Bu \u00e7erezler, web sitelerinin ziyaret\u00e7ileri ve g\u00f6r\u00fcnt\u00fcledikleri sayfalar hakk\u0131nda istatistiksel bilgi toplamak i\u00e7in kullan\u0131l\u0131r. Bu \u00e7erezler bir ziyaret\u00e7iyi tan\u0131mlayan bilgiler toplamaz. Bu \u00e7erezlerin toplad\u0131\u011f\u0131 t\u00fcm bilgiler birle\u015ftirilir ve anonim olarak kullan\u0131l\u0131r. Van Wankum Ingredients BV bu \u00e7erezleri hangi i\u00e7eri\u011fin pop\u00fcler oldu\u011funu anlamak i\u00e7in kullan\u0131r, bu da web sitelerimizi geli\u015ftirmemize yard\u0131mc\u0131 olur.<\/p>\n\t\t\t\t\t\t\t\t<\/div>\n\t\t\t\t<\/div>\n\t\t\t\t<div class=\"elementor-element elementor-element-82515af elementor-widget elementor-widget-heading\" data-id=\"82515af\" data-element_type=\"widget\" data-e-type=\"widget\" data-widget_type=\"heading.default\">\n\t\t\t\t<div class=\"elementor-widget-container\">\n\t\t\t\t\t<h3 class=\"elementor-heading-title elementor-size-default\">\u00c7erezleri nas\u0131l kontrol edebilir veya silebilirsiniz?<\/h3>\t\t\t\t<\/div>\n\t\t\t\t<\/div>\n\t\t\t\t<div class=\"elementor-element elementor-element-99702df elementor-widget elementor-widget-text-editor\" data-id=\"99702df\" data-element_type=\"widget\" data-e-type=\"widget\" data-widget_type=\"text-editor.default\">\n\t\t\t\t<div class=\"elementor-widget-container\">\n\t\t\t\t\t\t\t\t\t<p>\u00c7o\u011fu internet taray\u0131c\u0131s\u0131 ba\u015flang\u0131\u00e7ta \u00e7erezleri otomatik olarak kabul edecek \u015fekilde ayarlanm\u0131\u015ft\u0131r. \u00c7erezleri engellemek veya cihaz\u0131n\u0131za \u00e7erez g\u00f6nderildi\u011finde sizi uyarmak i\u00e7in ayarlar\u0131 de\u011fi\u015ftirebilirsiniz. \u00c7erezleri y\u00f6netmenin birka\u00e7 yolu vard\u0131r.<\/p>\n\t\t\t\t\t\t\t\t<\/div>\n\t\t\t\t<\/div>\n\t\t\t\t<div class=\"elementor-element elementor-element-0e20861 elementor-widget elementor-widget-heading\" data-id=\"0e20861\" data-element_type=\"widget\" data-e-type=\"widget\" data-widget_type=\"heading.default\">\n\t\t\t\t<div class=\"elementor-widget-container\">\n\t\t\t\t\t<h3 class=\"elementor-heading-title elementor-size-default\">\u00c7erezlerin kullan\u0131m\u0131 nas\u0131l reddedilir?<\/h3>\t\t\t\t<\/div>\n\t\t\t\t<\/div>\n\t\t\t\t<div class=\"elementor-element elementor-element-5c94cc9 elementor-widget elementor-widget-text-editor\" data-id=\"5c94cc9\" data-element_type=\"widget\" data-e-type=\"widget\" data-widget_type=\"text-editor.default\">\n\t\t\t\t<div class=\"elementor-widget-container\">\n\t\t\t\t\t\t\t\t\t<p>Taray\u0131c\u0131n\u0131zda uygun ayarlar\u0131 se\u00e7erek \u00e7erez kullan\u0131m\u0131n\u0131 reddedebilirsiniz. Ancak, bunu yaparsan\u0131z ki\u015fiselle\u015ftirme ve &#8220;oturumumu a\u00e7\u0131k tut&#8221; ve &#8220;beni hat\u0131rla&#8221; \u00f6zellikleri gibi baz\u0131 yararl\u0131 i\u015flevleri kaybedebilirsiniz.<\/p>\n\t\t\t\t\t\t\t\t<\/div>\n\t\t\t\t<\/div>\n\t\t\t\t<div class=\"elementor-element elementor-element-77f61da elementor-widget elementor-widget-heading\" data-id=\"77f61da\" data-element_type=\"widget\" data-e-type=\"widget\" data-widget_type=\"heading.default\">\n\t\t\t\t<div class=\"elementor-widget-container\">\n\t\t\t\t\t<h3 class=\"elementor-heading-title elementor-size-default\">Taray\u0131c\u0131n\u0131zda \u00e7erezleri nas\u0131l devre d\u0131\u015f\u0131 b\u0131rakabilirsiniz?<\/h3>\t\t\t\t<\/div>\n\t\t\t\t<\/div>\n\t\t\t\t<div class=\"elementor-element elementor-element-3de5e6c elementor-widget elementor-widget-text-editor\" data-id=\"3de5e6c\" data-element_type=\"widget\" data-e-type=\"widget\" data-widget_type=\"text-editor.default\">\n\t\t\t\t<div class=\"elementor-widget-container\">\n\t\t\t\t\t\t\t\t\t<p>Yeni \u00e7erezlerin y\u00fcklenmesini nas\u0131l \u00f6nleyece\u011finiz ve mevcut \u00e7erezleri nas\u0131l silece\u011finiz a\u015fa\u011f\u0131da a\u00e7\u0131klanm\u0131\u015ft\u0131r. Tam prosed\u00fcr hangi taray\u0131c\u0131y\u0131 kulland\u0131\u011f\u0131n\u0131za ba\u011fl\u0131d\u0131r.<\/p>\n<ul>\n<li>Internet Explorer 9.0+<\/li>\n<li>Internet Explorer 8.0+<\/li>\n<li>Internet Explorer 7.0+<\/li>\n<li>Firefox 2.0+, 3.0+, 4.0+<\/li>\n<li>Google Chrome<\/li>\n<li>Safari<\/li>\n<li>Internet Explorer 9.0+<\/li>\n<\/ul>\n<h5><strong><br \/>Yeni \u00e7erezlerin y\u00fcklenmesini \u00f6nlemek i\u00e7in<\/strong><\/h5>\n<ul>\n<li>Men\u00fc \u00e7ubu\u011funda Ara\u00e7lar&#8217;a gidin<\/li>\n<li>\u0130nternet Se\u00e7enekleri&#8217;ne t\u0131klay\u0131n<\/li>\n<li>\u00dcstteki Gizlilik sekmesine t\u0131klay\u0131n<\/li>\n<li>Kayd\u0131r\u0131c\u0131y\u0131 &#8220;T\u00fcm \u00c7erezleri Engelle&#8221; d\u00fc\u011fmesine getirin<\/li>\n<\/ul>\n<h5><strong><br \/>Mevcut \u00e7erezleri silmek i\u00e7in<\/strong><\/h5>\n<ul>\n<li>Men\u00fc \u00e7ubu\u011funda Ara\u00e7lar&#8217;a gidin<\/li>\n<li>\u0130nternet Se\u00e7enekleri&#8217;ne t\u0131klay\u0131n<\/li>\n<li>&#8220;Tarama Ge\u00e7mi\u015fi&#8221; alt\u0131nda olmas\u0131 gereken Genel sekmesine t\u0131klay\u0131n ve &#8220;Sil &#8220;e t\u0131klay\u0131n<\/li>\n<li>Internet Explorer 8.0+<\/li>\n<\/ul>\n<h5><strong><br \/>Yeni \u00e7erezlerin y\u00fcklenmesini \u00f6nlemek i\u00e7in<\/strong><\/h5>\n<ul>\n<li>Men\u00fc \u00e7ubu\u011funda Ara\u00e7lar&#8217;a gidin<\/li>\n<li>\u0130nternet Se\u00e7enekleri&#8217;ne t\u0131klay\u0131n<\/li>\n<li>\u00dcstteki Gizlilik sekmesine t\u0131klay\u0131n<\/li>\n<li>&#8220;Siteler&#8221; \u00fczerine t\u0131klay\u0131n<\/li>\n<li>&#8220;Site Ba\u015f\u0131na Gizlilik Eylemleri&#8221; ad\u0131nda yeni bir pencere a\u00e7\u0131lmal\u0131d\u0131r<\/li>\n<li>&#8220;Web sitesinin adresi&#8221; kutusuna sitenin URL&#8217;sini yaz\u0131n ve Engelle&#8217;ye t\u0131klay\u0131n<\/li>\n<li>Mevcut \u00e7erezleri silmek i\u00e7in<\/li>\n<li>Men\u00fc \u00e7ubu\u011funda Ara\u00e7lar&#8217;a gidin<\/li>\n<li>&#8216;\u0130nternet Se\u00e7enekleri&#8217;ne t\u0131klay\u0131n<\/li>\n<li>\u00dcstteki Gizlilik sekmesine t\u0131klay\u0131n<\/li>\n<li>&#8220;Siteler&#8221; \u00fczerine t\u0131klay\u0131n<\/li>\n<li>&#8220;Site Ba\u015f\u0131na Gizlilik Eylemleri&#8221; ad\u0131nda yeni bir pencere a\u00e7\u0131lmal\u0131d\u0131r<\/li>\n<li>&#8220;Y\u00f6netilen web siteleri&#8221; kutusunun alt\u0131nda ziyaret etti\u011finiz t\u00fcm web sitelerinin bir listesi bulunmal\u0131d\u0131r<\/li>\n<li>T\u00fcm \u00e7erezleri kald\u0131rmak i\u00e7in &#8220;T\u00fcm\u00fcn\u00fc kald\u0131r&#8221; d\u00fc\u011fmesine t\u0131klay\u0131n<\/li>\n<li>Internet Explorer 7.0+<\/li>\n<\/ul>\n<h5><strong><br \/>Yeni \u00e7erezlerin y\u00fcklenmesini \u00f6nlemek i\u00e7in<\/strong><\/h5>\n<ul>\n<li>Men\u00fc \u00e7ubu\u011funda Ara\u00e7lar&#8217;a gidin<\/li>\n<li>Se\u00e7enekler \u00fczerine t\u0131klay\u0131n<\/li>\n<li>\u00dcstteki Gizlilik sekmesine t\u0131klay\u0131n<\/li>\n<li>Geli\u015fmi\u015f d\u00fc\u011fmesine t\u0131klay\u0131n<\/li>\n<li>Hem &#8220;Birinci taraf \u00e7erezleri&#8221; hem de &#8220;\u00dc\u00e7\u00fcnc\u00fc Taraf \u00c7erezleri&#8221; i\u00e7in &#8220;\u0130ste&#8221; se\u00e7ene\u011fini se\u00e7in<\/li>\n<li>Mevcut \u00e7erezleri silmek i\u00e7in<\/li>\n<li>Men\u00fc \u00e7ubu\u011funda Ara\u00e7lar&#8217;a gidin<\/li>\n<li>Se\u00e7enekler \u00fczerine t\u0131klay\u0131n<\/li>\n<li>\u00dcstteki Genel sekmesine t\u0131klay\u0131n<\/li>\n<li>&#8220;Tarama Ge\u00e7mi\u015fi&#8221; b\u00f6l\u00fcm\u00fcnde, &#8220;Sil&#8221; \u00fczerine t\u0131klay\u0131n<\/li>\n<li>&#8220;\u00c7erezleri Sil&#8221; \u00fczerine t\u0131klay\u0131n<\/li>\n<li>Firefox 2.0+, 3.0+, 4.0+<\/li>\n<li>Yeni \u00e7erezlerin y\u00fcklenmesini \u00f6nlemek i\u00e7in<\/li>\n<li>Men\u00fc \u00e7ubu\u011funda Ara\u00e7lar&#8217;a gidin<\/li>\n<li>Se\u00e7enekler \u00fczerine t\u0131klay\u0131n<\/li>\n<li>Gizlilik sekmesine t\u0131klay\u0131n<\/li>\n<li>&#8220;Sitelerden gelen \u00e7erezleri kabul et&#8221; yazan kutuyu devre d\u0131\u015f\u0131 b\u0131rak\u0131n<\/li>\n<li>Mevcut \u00e7erezleri silmek i\u00e7in<\/li>\n<li>Men\u00fc \u00e7ubu\u011funda Ara\u00e7lar&#8217;a gidin<\/li>\n<li>Se\u00e7enekler \u00fczerine t\u0131klay\u0131n<\/li>\n<li>Gizlilik sekmesine t\u0131klay\u0131n<\/li>\n<li>&#8220;\u015eimdi Temizle&#8221; \u00fczerine t\u0131klay\u0131n<\/li>\n<li>&#8220;\u00c7erezler &#8220;i se\u00e7in<\/li>\n<li>&#8220;\u00d6zel Verileri \u015eimdi Temizle&#8221; \u00fczerine t\u0131klay\u0131n<\/li>\n<li>Google Chrome<\/li>\n<\/ul>\n<h5><strong><br \/>Yeni \u00e7erezlerin y\u00fcklenmesini \u00f6nlemek i\u00e7in<\/strong><\/h5>\n<ul>\n<li>Taray\u0131c\u0131n\u0131n sa\u011f \u00fcst k\u00f6\u015fesindeki anahtar simgesine t\u0131klay\u0131n<\/li>\n<li>&#8220;Se\u00e7enekler&#8221; \u00fczerine t\u0131klay\u0131n<\/li>\n<li>&#8220;Under the Bonnet&#8221; (Birle\u015fik Krall\u0131k) \/ &#8220;Under the Hood&#8221; (ABD) \u00fczerine t\u0131klay\u0131n<\/li>\n<li>Gizlilik b\u00f6l\u00fcm\u00fcndeki &#8220;\u0130\u00e7erik ayarlar\u0131&#8221; d\u00fc\u011fmesine t\u0131klay\u0131n<\/li>\n<li>&#8220;Yerel verilerin ayarlanmas\u0131na izin ver&#8221; se\u00e7ene\u011finin se\u00e7ili oldu\u011fundan emin olun<\/li>\n<li>&#8220;Sitelerin herhangi bir veri ayarlamas\u0131n\u0131 engelle &#8220;yi se\u00e7in<\/li>\n<li>Mevcut \u00e7erezleri silmek i\u00e7in<\/li>\n<li>Taray\u0131c\u0131n\u0131n sa\u011f \u00fcst k\u00f6\u015fesindeki anahtar simgesine t\u0131klay\u0131n<\/li>\n<li>&#8220;Se\u00e7enekler&#8221; \u00fczerine t\u0131klay\u0131n<\/li>\n<li>&#8220;Under the Bonnet&#8221; (Birle\u015fik Krall\u0131k) \/ &#8220;Under the Hood&#8221; (ABD) \u00fczerine t\u0131klay\u0131n<\/li>\n<li>Gizlilik b\u00f6l\u00fcm\u00fcndeki &#8220;\u0130\u00e7erik ayarlar\u0131&#8221; d\u00fc\u011fmesine t\u0131klay\u0131n<\/li>\n<li>&#8220;Tarama verilerini temizle&#8221; d\u00fc\u011fmesine t\u0131klay\u0131n<\/li>\n<li>Safari<\/li>\n<\/ul>\n<h5><strong>Yeni \u00e7erezlerin y\u00fcklenmesini \u00f6nlemek ve mevcut \u00e7erezleri silmek i\u00e7in<\/strong><\/h5>\n<ul>\n<li>Safari men\u00fcs\u00fcne gidin (taray\u0131c\u0131n\u0131n sa\u011f \u00fcst k\u00f6\u015fesindeki simge) ve Tercihler&#8217;i se\u00e7in<\/li>\n<li>A\u00e7\u0131lan pencerede G\u00fcvenlik simgesini (bir asma kilit) se\u00e7in<\/li>\n<li>&#8220;\u00c7erezleri Kabul Et&#8221; alt\u0131nda &#8220;Asla&#8221; d\u00fc\u011fmesini se\u00e7in<\/li>\n<\/ul>\n\t\t\t\t\t\t\t\t<\/div>\n\t\t\t\t<\/div>\n\t\t\t\t<div class=\"elementor-element elementor-element-31af4cd elementor-widget elementor-widget-heading\" data-id=\"31af4cd\" data-element_type=\"widget\" data-e-type=\"widget\" data-widget_type=\"heading.default\">\n\t\t\t\t<div class=\"elementor-widget-container\">\n\t\t\t\t\t<h3 class=\"elementor-heading-title elementor-size-default\">\u00c7erezler hakk\u0131nda daha fazla bilgi edinmek i\u00e7in<\/h3>\t\t\t\t<\/div>\n\t\t\t\t<\/div>\n\t\t\t\t<div class=\"elementor-element elementor-element-cdd48e1 elementor-widget elementor-widget-text-editor\" data-id=\"cdd48e1\" data-element_type=\"widget\" data-e-type=\"widget\" data-widget_type=\"text-editor.default\">\n\t\t\t\t<div class=\"elementor-widget-container\">\n\t\t\t\t\t\t\t\t\t<p>Hangi \u00e7erezlerin ayarland\u0131\u011f\u0131n\u0131 nas\u0131l g\u00f6rece\u011finiz ve bunlar\u0131 nas\u0131l y\u00f6netece\u011finiz ve silece\u011finiz dahil olmak \u00fczere daha fazla bilgi edinmek i\u00e7in <a href=\"https:\/\/www.aboutcookies.org\/\" target=\"_blank\" rel=\"noopener\">https:\/\/www.aboutcookies.org\/<\/a> adresini ziyaret edin. Kulland\u0131\u011f\u0131m\u0131z \u00e7erezleri devre d\u0131\u015f\u0131 b\u0131rak\u0131rsan\u0131z, bu, Van Wankum Ingredients BV web sitelerini kullan\u0131rken deneyiminizi etkileyebilir, \u00f6rne\u011fin bir Van Wankum Ingredients BV web sitesinin belirli alanlar\u0131n\u0131 ziyaret edemeyebilirsiniz veya bir Van Wankum Ingredients BV web sitesini ziyaret etti\u011finizde ki\u015fiselle\u015ftirilmi\u015f bilgiler alamayabilirsiniz.<\/p>\n\t\t\t\t\t\t\t\t<\/div>\n\t\t\t\t<\/div>\n\t\t\t\t<div class=\"elementor-element elementor-element-eec19fd elementor-widget elementor-widget-heading\" data-id=\"eec19fd\" data-element_type=\"widget\" data-e-type=\"widget\" data-widget_type=\"heading.default\">\n\t\t\t\t<div class=\"elementor-widget-container\">\n\t\t\t\t\t<h3 class=\"elementor-heading-title elementor-size-default\">Google Analytics<\/h3>\t\t\t\t<\/div>\n\t\t\t\t<\/div>\n\t\t\t\t<div class=\"elementor-element elementor-element-71221f8 elementor-widget elementor-widget-text-editor\" data-id=\"71221f8\" data-element_type=\"widget\" data-e-type=\"widget\" data-widget_type=\"text-editor.default\">\n\t\t\t\t<div class=\"elementor-widget-container\">\n\t\t\t\t\t\t\t\t\t<p>Bu web sitesi, ziyaret etti\u011finiz web sayfalar\u0131, t\u0131klad\u0131\u011f\u0131n\u0131z ba\u011flant\u0131lar ve web sitesinde yapt\u0131\u011f\u0131n\u0131z aramalar gibi web sitesindeki \u00e7evrimi\u00e7i etkinli\u011finiz hakk\u0131nda bilgi toplamak i\u00e7in Google Analytics&#8217;i kullan\u0131r. VW-ingredients, Google Analytics i\u00e7in Google&#8217;\u0131n Veri \u0130\u015fleme De\u011fi\u015fikli\u011fini kabul etmi\u015ftir. Toplanan Google analitik verileri anonim olarak saklan\u0131r ve di\u011fer Google Hizmetleri ile payla\u015f\u0131lmaz.<\/p>\n<p>Bu bilgileri, web sitesini ve genel kullan\u0131c\u0131 deneyimini geli\u015ftirmemize yard\u0131mc\u0131 olmas\u0131 i\u00e7in kullan\u0131yoruz. Google Analytics kullan\u0131larak toplanan bilgiler hakk\u0131nda daha fazla bilgi i\u00e7in l\u00fctfen <a href=\"https:\/\/support.google.com\/analytics\/answer\/6004245\">https:\/\/support.google.com\/analytics\/answer\/6004245<\/a> adresini ziyaret edin.<\/p>\n\t\t\t\t\t\t\t\t<\/div>\n\t\t\t\t<\/div>\n\t\t\t\t\t<\/div>\n\t\t<\/div>\n\t\t\t\t\t<\/div>\n\t\t<\/section>\n\t\t\t\t<\/div>\n\t\t","protected":false},"excerpt":{"rendered":"<p>Van Wankum Ingredients B.V. Kesinlikle gerekli \u00e7erezler Bu \u00e7erezler, web sitelerimizde dola\u015fman\u0131z\u0131 ve Van Wankum Ingredients BV web sitelerindeki \u00f6zellikleri kullanman\u0131z\u0131 sa\u011flamak i\u00e7in gereklidir. Bu \u00e7erezleri kabul etmezseniz, web sitesinin veya bir k\u0131sm\u0131n\u0131n performans\u0131 etkilenebilir. Performans \u00e7erezleri Bu \u00e7erezler, web sitelerinin ziyaret\u00e7ileri ve g\u00f6r\u00fcnt\u00fcledikleri sayfalar hakk\u0131nda istatistiksel bilgi toplamak i\u00e7in kullan\u0131l\u0131r. Bu \u00e7erezler bir ziyaret\u00e7iyi [&hellip;]<\/p>\n","protected":false},"author":6,"featured_media":0,"parent":0,"menu_order":0,"comment_status":"closed","ping_status":"closed","template":"elementor_header_footer","meta":{"_acf_changed":false,"footnotes":""},"class_list":["post-3661","page","type-page","status-publish","hentry"],"acf":[],"yoast_head":"<!-- This site is optimized with the Yoast SEO plugin v27.3 - https:\/\/yoast.com\/product\/yoast-seo-wordpress\/ -->\n<title>\u00c7erez Politikas\u0131: Temel ve Performans \u00c7erezleri - Van Wankum<\/title>\n<meta name=\"description\" content=\"\u0130leti\u015fim bilgileriniz ve gizlili\u011finiz konusunda \u00e7ok dikkatliyiz. L\u00fctfen \u00e7erez politikam\u0131z\u0131 bu sayfada bulabilirsiniz. Sorular\u0131n\u0131z i\u00e7in l\u00fctfen bizimle ileti\u015fime ge\u00e7in.\" \/>\n<meta name=\"robots\" content=\"index, follow, max-snippet:-1, max-image-preview:large, max-video-preview:-1\" \/>\n<link rel=\"canonical\" href=\"https:\/\/vw-ingredients.com\/tr\/cerez-politikasi\" \/>\n<meta property=\"og:locale\" content=\"tr_TR\" \/>\n<meta property=\"og:type\" content=\"article\" \/>\n<meta property=\"og:title\" content=\"\u00c7erez Politikas\u0131: Temel ve Performans \u00c7erezleri - Van Wankum\" \/>\n<meta property=\"og:description\" content=\"\u0130leti\u015fim bilgileriniz ve gizlili\u011finiz konusunda \u00e7ok dikkatliyiz. L\u00fctfen \u00e7erez politikam\u0131z\u0131 bu sayfada bulabilirsiniz. Sorular\u0131n\u0131z i\u00e7in l\u00fctfen bizimle ileti\u015fime ge\u00e7in.\" \/>\n<meta property=\"og:url\" content=\"https:\/\/vw-ingredients.com\/tr\/cerez-politikasi\" \/>\n<meta property=\"og:site_name\" content=\"Van Wankum Ingredients\" \/>\n<meta property=\"article:modified_time\" content=\"2025-01-28T13:54:26+00:00\" \/>\n<meta name=\"twitter:card\" content=\"summary_large_image\" \/>\n<meta name=\"twitter:label1\" content=\"Tahmini okuma s\u00fcresi\" \/>\n\t<meta name=\"twitter:data1\" content=\"5 dakika\" \/>\n<script type=\"application\/ld+json\" class=\"yoast-schema-graph\">{\"@context\":\"https:\\\/\\\/schema.org\",\"@graph\":[{\"@type\":\"WebPage\",\"@id\":\"https:\\\/\\\/vw-ingredients.com\\\/tr\\\/cerez-politikasi\",\"url\":\"https:\\\/\\\/vw-ingredients.com\\\/tr\\\/cerez-politikasi\",\"name\":\"\u00c7erez Politikas\u0131: Temel ve Performans \u00c7erezleri - Van Wankum\",\"isPartOf\":{\"@id\":\"https:\\\/\\\/vw-ingredients.com\\\/tr#website\"},\"datePublished\":\"2021-10-29T14:54:17+00:00\",\"dateModified\":\"2025-01-28T13:54:26+00:00\",\"description\":\"\u0130leti\u015fim bilgileriniz ve gizlili\u011finiz konusunda \u00e7ok dikkatliyiz. L\u00fctfen \u00e7erez politikam\u0131z\u0131 bu sayfada bulabilirsiniz. Sorular\u0131n\u0131z i\u00e7in l\u00fctfen bizimle ileti\u015fime ge\u00e7in.\",\"breadcrumb\":{\"@id\":\"https:\\\/\\\/vw-ingredients.com\\\/tr\\\/cerez-politikasi#breadcrumb\"},\"inLanguage\":\"tr\",\"potentialAction\":[{\"@type\":\"ReadAction\",\"target\":[\"https:\\\/\\\/vw-ingredients.com\\\/tr\\\/cerez-politikasi\"]}]},{\"@type\":\"BreadcrumbList\",\"@id\":\"https:\\\/\\\/vw-ingredients.com\\\/tr\\\/cerez-politikasi#breadcrumb\",\"itemListElement\":[{\"@type\":\"ListItem\",\"position\":1,\"name\":\"Home\",\"item\":\"https:\\\/\\\/vw-ingredients.com\\\/tr\"},{\"@type\":\"ListItem\",\"position\":2,\"name\":\"\u00c7erez Politikas\u0131\"}]},{\"@type\":\"WebSite\",\"@id\":\"https:\\\/\\\/vw-ingredients.com\\\/tr#website\",\"url\":\"https:\\\/\\\/vw-ingredients.com\\\/tr\",\"name\":\"Van Wankum Ingredients\",\"description\":\"\",\"potentialAction\":[{\"@type\":\"SearchAction\",\"target\":{\"@type\":\"EntryPoint\",\"urlTemplate\":\"https:\\\/\\\/vw-ingredients.com\\\/tr?s={search_term_string}\"},\"query-input\":{\"@type\":\"PropertyValueSpecification\",\"valueRequired\":true,\"valueName\":\"search_term_string\"}}],\"inLanguage\":\"tr\"}]}<\/script>\n<!-- \/ Yoast SEO plugin. -->","yoast_head_json":{"title":"\u00c7erez Politikas\u0131: Temel ve Performans \u00c7erezleri - Van Wankum","description":"\u0130leti\u015fim bilgileriniz ve gizlili\u011finiz konusunda \u00e7ok dikkatliyiz. L\u00fctfen \u00e7erez politikam\u0131z\u0131 bu sayfada bulabilirsiniz. Sorular\u0131n\u0131z i\u00e7in l\u00fctfen bizimle ileti\u015fime ge\u00e7in.","robots":{"index":"index","follow":"follow","max-snippet":"max-snippet:-1","max-image-preview":"max-image-preview:large","max-video-preview":"max-video-preview:-1"},"canonical":"https:\/\/vw-ingredients.com\/tr\/cerez-politikasi","og_locale":"tr_TR","og_type":"article","og_title":"\u00c7erez Politikas\u0131: Temel ve Performans \u00c7erezleri - Van Wankum","og_description":"\u0130leti\u015fim bilgileriniz ve gizlili\u011finiz konusunda \u00e7ok dikkatliyiz. L\u00fctfen \u00e7erez politikam\u0131z\u0131 bu sayfada bulabilirsiniz. Sorular\u0131n\u0131z i\u00e7in l\u00fctfen bizimle ileti\u015fime ge\u00e7in.","og_url":"https:\/\/vw-ingredients.com\/tr\/cerez-politikasi","og_site_name":"Van Wankum Ingredients","article_modified_time":"2025-01-28T13:54:26+00:00","twitter_card":"summary_large_image","twitter_misc":{"Tahmini okuma s\u00fcresi":"5 dakika"},"schema":{"@context":"https:\/\/schema.org","@graph":[{"@type":"WebPage","@id":"https:\/\/vw-ingredients.com\/tr\/cerez-politikasi","url":"https:\/\/vw-ingredients.com\/tr\/cerez-politikasi","name":"\u00c7erez Politikas\u0131: Temel ve Performans \u00c7erezleri - Van Wankum","isPartOf":{"@id":"https:\/\/vw-ingredients.com\/tr#website"},"datePublished":"2021-10-29T14:54:17+00:00","dateModified":"2025-01-28T13:54:26+00:00","description":"\u0130leti\u015fim bilgileriniz ve gizlili\u011finiz konusunda \u00e7ok dikkatliyiz. L\u00fctfen \u00e7erez politikam\u0131z\u0131 bu sayfada bulabilirsiniz. Sorular\u0131n\u0131z i\u00e7in l\u00fctfen bizimle ileti\u015fime ge\u00e7in.","breadcrumb":{"@id":"https:\/\/vw-ingredients.com\/tr\/cerez-politikasi#breadcrumb"},"inLanguage":"tr","potentialAction":[{"@type":"ReadAction","target":["https:\/\/vw-ingredients.com\/tr\/cerez-politikasi"]}]},{"@type":"BreadcrumbList","@id":"https:\/\/vw-ingredients.com\/tr\/cerez-politikasi#breadcrumb","itemListElement":[{"@type":"ListItem","position":1,"name":"Home","item":"https:\/\/vw-ingredients.com\/tr"},{"@type":"ListItem","position":2,"name":"\u00c7erez Politikas\u0131"}]},{"@type":"WebSite","@id":"https:\/\/vw-ingredients.com\/tr#website","url":"https:\/\/vw-ingredients.com\/tr","name":"Van Wankum Ingredients","description":"","potentialAction":[{"@type":"SearchAction","target":{"@type":"EntryPoint","urlTemplate":"https:\/\/vw-ingredients.com\/tr?s={search_term_string}"},"query-input":{"@type":"PropertyValueSpecification","valueRequired":true,"valueName":"search_term_string"}}],"inLanguage":"tr"}]}},"_links":{"self":[{"href":"https:\/\/vw-ingredients.com\/tr\/wp-json\/wp\/v2\/pages\/3661","targetHints":{"allow":["GET"]}}],"collection":[{"href":"https:\/\/vw-ingredients.com\/tr\/wp-json\/wp\/v2\/pages"}],"about":[{"href":"https:\/\/vw-ingredients.com\/tr\/wp-json\/wp\/v2\/types\/page"}],"author":[{"embeddable":true,"href":"https:\/\/vw-ingredients.com\/tr\/wp-json\/wp\/v2\/users\/6"}],"replies":[{"embeddable":true,"href":"https:\/\/vw-ingredients.com\/tr\/wp-json\/wp\/v2\/comments?post=3661"}],"version-history":[{"count":2,"href":"https:\/\/vw-ingredients.com\/tr\/wp-json\/wp\/v2\/pages\/3661\/revisions"}],"predecessor-version":[{"id":7484,"href":"https:\/\/vw-ingredients.com\/tr\/wp-json\/wp\/v2\/pages\/3661\/revisions\/7484"}],"wp:attachment":[{"href":"https:\/\/vw-ingredients.com\/tr\/wp-json\/wp\/v2\/media?parent=3661"}],"curies":[{"name":"wp","href":"https:\/\/api.w.org\/{rel}","templated":true}]}}