{"id":3642,"date":"2021-10-22T08:10:02","date_gmt":"2021-10-22T08:10:02","guid":{"rendered":"https:\/\/vw-ingredients.com\/urun-listesini-indirin"},"modified":"2026-03-20T11:36:42","modified_gmt":"2026-03-20T11:36:42","slug":"urun-listesini-indirin","status":"publish","type":"page","link":"https:\/\/vw-ingredients.com\/tr\/urun-listesini-indirin","title":{"rendered":"\u00dcr\u00fcn listesini indirin"},"content":{"rendered":"\t\t<div data-elementor-type=\"wp-page\" data-elementor-id=\"3642\" class=\"elementor elementor-3642 elementor-863\" data-elementor-post-type=\"page\">\n\t\t\t\t<div class=\"elementor-element elementor-element-ceed2f0 e-flex e-con-boxed e-con e-parent\" data-id=\"ceed2f0\" data-element_type=\"container\" data-e-type=\"container\" data-settings=\"{&quot;background_background&quot;:&quot;classic&quot;,&quot;jet_parallax_layout_list&quot;:[]}\">\n\t\t\t\t\t<div class=\"e-con-inner\">\n\t\t\t\t<div class=\"elementor-element elementor-element-d0c2042 elementor-widget elementor-widget-heading\" data-id=\"d0c2042\" data-element_type=\"widget\" data-e-type=\"widget\" data-widget_type=\"heading.default\">\n\t\t\t\t<div class=\"elementor-widget-container\">\n\t\t\t\t\t<h1 class=\"elementor-heading-title elementor-size-default\">\u00dcr\u00fcn listemizi indirin<\/h1>\t\t\t\t<\/div>\n\t\t\t\t<\/div>\n\t\t\t\t\t<\/div>\n\t\t\t\t<\/div>\n\t\t<div class=\"elementor-element elementor-element-3f0ae11 e-flex e-con-boxed e-con e-parent\" data-id=\"3f0ae11\" data-element_type=\"container\" data-e-type=\"container\" data-settings=\"{&quot;jet_parallax_layout_list&quot;:[]}\">\n\t\t\t\t\t<div class=\"e-con-inner\">\n\t\t<div class=\"elementor-element elementor-element-7631631 e-flex e-con-boxed e-con e-child\" data-id=\"7631631\" data-element_type=\"container\" data-e-type=\"container\" data-settings=\"{&quot;background_background&quot;:&quot;classic&quot;,&quot;jet_parallax_layout_list&quot;:[]}\">\n\t\t\t\t\t<div class=\"e-con-inner\">\n\t\t<div class=\"elementor-element elementor-element-c379f91 e-con-full e-flex e-con e-child\" data-id=\"c379f91\" data-element_type=\"container\" data-e-type=\"container\" data-settings=\"{&quot;background_background&quot;:&quot;classic&quot;,&quot;jet_parallax_layout_list&quot;:[]}\">\n\t\t\t\t<div class=\"elementor-element elementor-element-5906eb5 elementor-widget elementor-widget-heading\" data-id=\"5906eb5\" data-element_type=\"widget\" data-e-type=\"widget\" data-widget_type=\"heading.default\">\n\t\t\t\t<div class=\"elementor-widget-container\">\n\t\t\t\t\t<h4 class=\"elementor-heading-title elementor-size-default\">T\u00fcm \u00fcr\u00fcn listesine eri\u015fim sa\u011flay\u0131n<\/h4>\t\t\t\t<\/div>\n\t\t\t\t<\/div>\n\t\t\t\t<div class=\"elementor-element elementor-element-df153cf elementor-widget elementor-widget-text-editor\" data-id=\"df153cf\" data-element_type=\"widget\" data-e-type=\"widget\" data-widget_type=\"text-editor.default\">\n\t\t\t\t<div class=\"elementor-widget-container\">\n\t\t\t\t\t\t\t\t\t<p>A\u015fa\u011f\u0131ya bilgilerinizi girin ve \u00fccretsiz \u00f6rnek listeyi indirin.<\/p>\t\t\t\t\t\t\t\t<\/div>\n\t\t\t\t<\/div>\n\t\t\t\t<div class=\"elementor-element elementor-element-3626816 elementor-button-align-stretch elementor-widget elementor-widget-form\" data-id=\"3626816\" data-element_type=\"widget\" data-e-type=\"widget\" data-settings=\"{&quot;button_width&quot;:&quot;33&quot;,&quot;step_next_label&quot;:&quot;Sonraki&quot;,&quot;step_previous_label&quot;:&quot;\\u00d6nceki&quot;,&quot;step_type&quot;:&quot;number_text&quot;,&quot;step_icon_shape&quot;:&quot;circle&quot;}\" data-widget_type=\"form.default\">\n\t\t\t\t<div class=\"elementor-widget-container\">\n\t\t\t\t\t\t\t<form class=\"elementor-form\" method=\"post\" name=\"\u00dcr\u00fcn Listesi\" aria-label=\"\u00dcr\u00fcn Listesi\">\n\t\t\t<input type=\"hidden\" name=\"post_id\" value=\"3642\"\/>\n\t\t\t<input type=\"hidden\" name=\"form_id\" value=\"3626816\"\/>\n\t\t\t<input type=\"hidden\" name=\"referer_title\" value=\"\u00dccretsiz \u00d6rnek \u00dcr\u00fcn Listesi \u0130ndirin: Bilgilerinizi \u015eimdi Girin\" \/>\n\n\t\t\t\t\t\t\t<input type=\"hidden\" name=\"queried_id\" value=\"3642\"\/>\n\t\t\t\n\t\t\t<div class=\"elementor-form-fields-wrapper elementor-labels-above\">\n\t\t\t\t\t\t\t\t<div class=\"elementor-field-type-text elementor-field-group elementor-column elementor-field-group-name elementor-col-50 elementor-field-required elementor-mark-required\">\n\t\t\t\t\t\t\t\t\t\t\t\t<label for=\"form-field-name\" class=\"elementor-field-label\">\n\t\t\t\t\t\t\t\t\u0130sim\t\t\t\t\t\t\t<\/label>\n\t\t\t\t\t\t\t\t\t\t\t\t\t\t<input size=\"1\" type=\"text\" name=\"form_fields[name]\" id=\"form-field-name\" class=\"elementor-field elementor-size-sm  elementor-field-textual\" placeholder=\"\u0130sim\" required=\"required\">\n\t\t\t\t\t\t\t\t\t\t\t<\/div>\n\t\t\t\t\t\t\t\t<div class=\"elementor-field-type-text elementor-field-group elementor-column elementor-field-group-field_e6920b6 elementor-col-50 elementor-field-required elementor-mark-required\">\n\t\t\t\t\t\t\t\t\t\t\t\t<label for=\"form-field-field_e6920b6\" class=\"elementor-field-label\">\n\t\t\t\t\t\t\t\t\u015eirket ad\u0131\t\t\t\t\t\t\t<\/label>\n\t\t\t\t\t\t\t\t\t\t\t\t\t\t<input size=\"1\" type=\"text\" name=\"form_fields[field_e6920b6]\" id=\"form-field-field_e6920b6\" class=\"elementor-field elementor-size-sm  elementor-field-textual\" placeholder=\"\u015eirketin tam ad\u0131\" required=\"required\">\n\t\t\t\t\t\t\t\t\t\t\t<\/div>\n\t\t\t\t\t\t\t\t<div class=\"elementor-field-type-text elementor-field-group elementor-column elementor-field-group-field_497ab08 elementor-col-50 elementor-field-required elementor-mark-required\">\n\t\t\t\t\t\t\t\t\t\t\t\t<label for=\"form-field-field_497ab08\" class=\"elementor-field-label\">\n\t\t\t\t\t\t\t\t\u015eirket web sitesi\t\t\t\t\t\t\t<\/label>\n\t\t\t\t\t\t\t\t\t\t\t\t\t\t<input size=\"1\" type=\"text\" name=\"form_fields[field_497ab08]\" id=\"form-field-field_497ab08\" class=\"elementor-field elementor-size-sm  elementor-field-textual\" placeholder=\"mycompany.com\" required=\"required\">\n\t\t\t\t\t\t\t\t\t\t\t<\/div>\n\t\t\t\t\t\t\t\t<div class=\"elementor-field-type-email elementor-field-group elementor-column elementor-field-group-email elementor-col-50 elementor-field-required elementor-mark-required\">\n\t\t\t\t\t\t\t\t\t\t\t\t<label for=\"form-field-email\" class=\"elementor-field-label\">\n\t\t\t\t\t\t\t\tE-posta adresi\t\t\t\t\t\t\t<\/label>\n\t\t\t\t\t\t\t\t\t\t\t\t\t\t<input size=\"1\" type=\"email\" name=\"form_fields[email]\" id=\"form-field-email\" class=\"elementor-field elementor-size-sm  elementor-field-textual\" placeholder=\"E-posta adresi\" required=\"required\">\n\t\t\t\t\t\t\t\t\t\t\t<\/div>\n\t\t\t\t\t\t\t\t<div class=\"elementor-field-type-tel elementor-field-group elementor-column elementor-field-group-field_2f9a0c2 elementor-col-50 elementor-field-required elementor-mark-required\">\n\t\t\t\t\t\t\t\t\t\t\t\t<label for=\"form-field-field_2f9a0c2\" class=\"elementor-field-label\">\n\t\t\t\t\t\t\t\tTelefon Numaras\u0131\t\t\t\t\t\t\t<\/label>\n\t\t\t\t\t\t\t\t<input size=\"1\" type=\"tel\" name=\"form_fields[field_2f9a0c2]\" id=\"form-field-field_2f9a0c2\" class=\"elementor-field elementor-size-sm  elementor-field-textual\" placeholder=\"Do\u011frudan Telefon Numaras\u0131\" required=\"required\" pattern=\"[0-9()#&amp;+*-=.]+\" title=\"Only numbers and phone characters (#, -, *, etc) are accepted.\">\n\n\t\t\t\t\t\t<\/div>\n\t\t\t\t\t\t\t\t<div class=\"elementor-field-type-recaptcha elementor-field-group elementor-column elementor-field-group-field_6a7ae92 elementor-col-100\">\n\t\t\t\t\t<div class=\"elementor-field\" id=\"form-field-field_6a7ae92\"><div class=\"elementor-g-recaptcha\" data-sitekey=\"6Ldc3OYpAAAAAH0L4-gSbVYA5DpJmu2CrHEVkLbh\" data-type=\"v2_checkbox\" data-theme=\"light\" data-size=\"normal\"><\/div><\/div>\t\t\t\t<\/div>\n\t\t\t\t\t\t\t\t<div class=\"elementor-field-type-text\">\n\t\t\t\t\t<input size=\"1\" type=\"text\" name=\"form_fields[field_4354d9c]\" id=\"form-field-field_4354d9c\" class=\"elementor-field elementor-size-sm \" style=\"display:none !important;\">\t\t\t\t<\/div>\n\t\t\t\t\t\t\t\t<div class=\"elementor-field-group elementor-column elementor-field-type-submit elementor-col-33 e-form__buttons\">\n\t\t\t\t\t<button class=\"elementor-button elementor-size-sm\" type=\"submit\">\n\t\t\t\t\t\t<span class=\"elementor-button-content-wrapper\">\n\t\t\t\t\t\t\t\t\t\t\t\t\t\t\t\t\t\t\t\t\t\t<span class=\"elementor-button-text\">G\u00f6nder<\/span>\n\t\t\t\t\t\t\t\t\t\t\t\t\t<\/span>\n\t\t\t\t\t<\/button>\n\t\t\t\t<\/div>\n\t\t\t<\/div>\n\t\t<\/form>\n\t\t\t\t\t\t<\/div>\n\t\t\t\t<\/div>\n\t\t\t\t<\/div>\n\t\t<div class=\"elementor-element elementor-element-a285309 e-con-full e-flex e-con e-child\" data-id=\"a285309\" data-element_type=\"container\" data-e-type=\"container\" data-settings=\"{&quot;background_background&quot;:&quot;classic&quot;,&quot;jet_parallax_layout_list&quot;:[]}\">\n\t\t\t\t<\/div>\n\t\t\t\t\t<\/div>\n\t\t\t\t<\/div>\n\t\t\t\t\t<\/div>\n\t\t\t\t<\/div>\n\t\t\t\t<\/div>\n\t\t","protected":false},"excerpt":{"rendered":"<p>\u00dcr\u00fcn listemizi indirin T\u00fcm \u00fcr\u00fcn listesine eri\u015fim sa\u011flay\u0131n A\u015fa\u011f\u0131ya bilgilerinizi girin ve \u00fccretsiz \u00f6rnek listeyi indirin.<\/p>\n","protected":false},"author":6,"featured_media":0,"parent":0,"menu_order":0,"comment_status":"closed","ping_status":"closed","template":"elementor_header_footer","meta":{"_acf_changed":false,"footnotes":""},"class_list":["post-3642","page","type-page","status-publish","hentry"],"acf":[],"yoast_head":"<!-- This site is optimized with the Yoast SEO plugin v27.3 - https:\/\/yoast.com\/product\/yoast-seo-wordpress\/ -->\n<title>\u00dccretsiz \u00d6rnek \u00dcr\u00fcn Listesi \u0130ndirin: Bilgilerinizi \u015eimdi Girin<\/title>\n<meta name=\"description\" content=\"Daha fazla inceleme i\u00e7in \u00fcr\u00fcn listemize ihtiyac\u0131n\u0131z varsa, \u00fcr\u00fcn listemizi buradan indirebilirsiniz. Sorular\u0131n\u0131z veya g\u00f6r\u00fc\u015fleriniz i\u00e7in l\u00fctfen bizimle ileti\u015fime ge\u00e7in.\" \/>\n<meta name=\"robots\" content=\"index, follow, max-snippet:-1, max-image-preview:large, max-video-preview:-1\" \/>\n<link rel=\"canonical\" href=\"https:\/\/vw-ingredients.com\/tr\/urun-listesini-indirin\" \/>\n<meta property=\"og:locale\" content=\"tr_TR\" \/>\n<meta property=\"og:type\" content=\"article\" \/>\n<meta property=\"og:title\" content=\"\u00dccretsiz \u00d6rnek \u00dcr\u00fcn Listesi \u0130ndirin: Bilgilerinizi \u015eimdi Girin\" \/>\n<meta property=\"og:description\" content=\"Daha fazla inceleme i\u00e7in \u00fcr\u00fcn listemize ihtiyac\u0131n\u0131z varsa, \u00fcr\u00fcn listemizi buradan indirebilirsiniz. Sorular\u0131n\u0131z veya g\u00f6r\u00fc\u015fleriniz i\u00e7in l\u00fctfen bizimle ileti\u015fime ge\u00e7in.\" \/>\n<meta property=\"og:url\" content=\"https:\/\/vw-ingredients.com\/tr\/urun-listesini-indirin\" \/>\n<meta property=\"og:site_name\" content=\"Van Wankum Ingredients\" \/>\n<meta property=\"article:modified_time\" content=\"2026-03-20T11:36:42+00:00\" \/>\n<meta name=\"twitter:card\" content=\"summary_large_image\" \/>\n<meta name=\"twitter:label1\" content=\"Tahmini okuma s\u00fcresi\" \/>\n\t<meta name=\"twitter:data1\" content=\"1 dakika\" \/>\n<script type=\"application\/ld+json\" class=\"yoast-schema-graph\">{\"@context\":\"https:\\\/\\\/schema.org\",\"@graph\":[{\"@type\":\"WebPage\",\"@id\":\"https:\\\/\\\/vw-ingredients.com\\\/tr\\\/urun-listesini-indirin\",\"url\":\"https:\\\/\\\/vw-ingredients.com\\\/tr\\\/urun-listesini-indirin\",\"name\":\"\u00dccretsiz \u00d6rnek \u00dcr\u00fcn Listesi \u0130ndirin: Bilgilerinizi \u015eimdi Girin\",\"isPartOf\":{\"@id\":\"https:\\\/\\\/vw-ingredients.com\\\/tr#website\"},\"datePublished\":\"2021-10-22T08:10:02+00:00\",\"dateModified\":\"2026-03-20T11:36:42+00:00\",\"description\":\"Daha fazla inceleme i\u00e7in \u00fcr\u00fcn listemize ihtiyac\u0131n\u0131z varsa, \u00fcr\u00fcn listemizi buradan indirebilirsiniz. Sorular\u0131n\u0131z veya g\u00f6r\u00fc\u015fleriniz i\u00e7in l\u00fctfen bizimle ileti\u015fime ge\u00e7in.\",\"breadcrumb\":{\"@id\":\"https:\\\/\\\/vw-ingredients.com\\\/tr\\\/urun-listesini-indirin#breadcrumb\"},\"inLanguage\":\"tr\",\"potentialAction\":[{\"@type\":\"ReadAction\",\"target\":[\"https:\\\/\\\/vw-ingredients.com\\\/tr\\\/urun-listesini-indirin\"]}]},{\"@type\":\"BreadcrumbList\",\"@id\":\"https:\\\/\\\/vw-ingredients.com\\\/tr\\\/urun-listesini-indirin#breadcrumb\",\"itemListElement\":[{\"@type\":\"ListItem\",\"position\":1,\"name\":\"Home\",\"item\":\"https:\\\/\\\/vw-ingredients.com\\\/tr\"},{\"@type\":\"ListItem\",\"position\":2,\"name\":\"\u00dcr\u00fcn listesini indirin\"}]},{\"@type\":\"WebSite\",\"@id\":\"https:\\\/\\\/vw-ingredients.com\\\/tr#website\",\"url\":\"https:\\\/\\\/vw-ingredients.com\\\/tr\",\"name\":\"Van Wankum Ingredients\",\"description\":\"\",\"potentialAction\":[{\"@type\":\"SearchAction\",\"target\":{\"@type\":\"EntryPoint\",\"urlTemplate\":\"https:\\\/\\\/vw-ingredients.com\\\/tr?s={search_term_string}\"},\"query-input\":{\"@type\":\"PropertyValueSpecification\",\"valueRequired\":true,\"valueName\":\"search_term_string\"}}],\"inLanguage\":\"tr\"}]}<\/script>\n<!-- \/ Yoast SEO plugin. -->","yoast_head_json":{"title":"\u00dccretsiz \u00d6rnek \u00dcr\u00fcn Listesi \u0130ndirin: Bilgilerinizi \u015eimdi Girin","description":"Daha fazla inceleme i\u00e7in \u00fcr\u00fcn listemize ihtiyac\u0131n\u0131z varsa, \u00fcr\u00fcn listemizi buradan indirebilirsiniz. Sorular\u0131n\u0131z veya g\u00f6r\u00fc\u015fleriniz i\u00e7in l\u00fctfen bizimle ileti\u015fime ge\u00e7in.","robots":{"index":"index","follow":"follow","max-snippet":"max-snippet:-1","max-image-preview":"max-image-preview:large","max-video-preview":"max-video-preview:-1"},"canonical":"https:\/\/vw-ingredients.com\/tr\/urun-listesini-indirin","og_locale":"tr_TR","og_type":"article","og_title":"\u00dccretsiz \u00d6rnek \u00dcr\u00fcn Listesi \u0130ndirin: Bilgilerinizi \u015eimdi Girin","og_description":"Daha fazla inceleme i\u00e7in \u00fcr\u00fcn listemize ihtiyac\u0131n\u0131z varsa, \u00fcr\u00fcn listemizi buradan indirebilirsiniz. Sorular\u0131n\u0131z veya g\u00f6r\u00fc\u015fleriniz i\u00e7in l\u00fctfen bizimle ileti\u015fime ge\u00e7in.","og_url":"https:\/\/vw-ingredients.com\/tr\/urun-listesini-indirin","og_site_name":"Van Wankum Ingredients","article_modified_time":"2026-03-20T11:36:42+00:00","twitter_card":"summary_large_image","twitter_misc":{"Tahmini okuma s\u00fcresi":"1 dakika"},"schema":{"@context":"https:\/\/schema.org","@graph":[{"@type":"WebPage","@id":"https:\/\/vw-ingredients.com\/tr\/urun-listesini-indirin","url":"https:\/\/vw-ingredients.com\/tr\/urun-listesini-indirin","name":"\u00dccretsiz \u00d6rnek \u00dcr\u00fcn Listesi \u0130ndirin: Bilgilerinizi \u015eimdi Girin","isPartOf":{"@id":"https:\/\/vw-ingredients.com\/tr#website"},"datePublished":"2021-10-22T08:10:02+00:00","dateModified":"2026-03-20T11:36:42+00:00","description":"Daha fazla inceleme i\u00e7in \u00fcr\u00fcn listemize ihtiyac\u0131n\u0131z varsa, \u00fcr\u00fcn listemizi buradan indirebilirsiniz. Sorular\u0131n\u0131z veya g\u00f6r\u00fc\u015fleriniz i\u00e7in l\u00fctfen bizimle ileti\u015fime ge\u00e7in.","breadcrumb":{"@id":"https:\/\/vw-ingredients.com\/tr\/urun-listesini-indirin#breadcrumb"},"inLanguage":"tr","potentialAction":[{"@type":"ReadAction","target":["https:\/\/vw-ingredients.com\/tr\/urun-listesini-indirin"]}]},{"@type":"BreadcrumbList","@id":"https:\/\/vw-ingredients.com\/tr\/urun-listesini-indirin#breadcrumb","itemListElement":[{"@type":"ListItem","position":1,"name":"Home","item":"https:\/\/vw-ingredients.com\/tr"},{"@type":"ListItem","position":2,"name":"\u00dcr\u00fcn listesini indirin"}]},{"@type":"WebSite","@id":"https:\/\/vw-ingredients.com\/tr#website","url":"https:\/\/vw-ingredients.com\/tr","name":"Van Wankum Ingredients","description":"","potentialAction":[{"@type":"SearchAction","target":{"@type":"EntryPoint","urlTemplate":"https:\/\/vw-ingredients.com\/tr?s={search_term_string}"},"query-input":{"@type":"PropertyValueSpecification","valueRequired":true,"valueName":"search_term_string"}}],"inLanguage":"tr"}]}},"_links":{"self":[{"href":"https:\/\/vw-ingredients.com\/tr\/wp-json\/wp\/v2\/pages\/3642","targetHints":{"allow":["GET"]}}],"collection":[{"href":"https:\/\/vw-ingredients.com\/tr\/wp-json\/wp\/v2\/pages"}],"about":[{"href":"https:\/\/vw-ingredients.com\/tr\/wp-json\/wp\/v2\/types\/page"}],"author":[{"embeddable":true,"href":"https:\/\/vw-ingredients.com\/tr\/wp-json\/wp\/v2\/users\/6"}],"replies":[{"embeddable":true,"href":"https:\/\/vw-ingredients.com\/tr\/wp-json\/wp\/v2\/comments?post=3642"}],"version-history":[{"count":7,"href":"https:\/\/vw-ingredients.com\/tr\/wp-json\/wp\/v2\/pages\/3642\/revisions"}],"predecessor-version":[{"id":13562,"href":"https:\/\/vw-ingredients.com\/tr\/wp-json\/wp\/v2\/pages\/3642\/revisions\/13562"}],"wp:attachment":[{"href":"https:\/\/vw-ingredients.com\/tr\/wp-json\/wp\/v2\/media?parent=3642"}],"curies":[{"name":"wp","href":"https:\/\/api.w.org\/{rel}","templated":true}]}}