{"id":3641,"date":"2021-10-14T12:35:42","date_gmt":"2021-10-14T12:35:42","guid":{"rendered":"https:\/\/vw-ingredients.com\/hizmetler"},"modified":"2025-01-28T13:54:09","modified_gmt":"2025-01-28T13:54:09","slug":"hizmetler","status":"publish","type":"page","link":"https:\/\/vw-ingredients.com\/tr\/hizmetler","title":{"rendered":"Hizmetler"},"content":{"rendered":"\t\t<div data-elementor-type=\"wp-page\" data-elementor-id=\"3641\" class=\"elementor elementor-3641 elementor-160\" data-elementor-post-type=\"page\">\n\t\t\t\t<div class=\"elementor-element elementor-element-a5d7deb e-flex e-con-boxed e-con e-parent\" data-id=\"a5d7deb\" data-element_type=\"container\" data-e-type=\"container\" data-settings=\"{&quot;background_background&quot;:&quot;classic&quot;,&quot;jet_parallax_layout_list&quot;:[]}\">\n\t\t\t\t\t<div class=\"e-con-inner\">\n\t\t<div class=\"elementor-element elementor-element-9e4ae65 e-flex e-con-boxed elementor-invisible e-con e-child\" data-id=\"9e4ae65\" data-element_type=\"container\" data-e-type=\"container\" data-settings=\"{&quot;animation&quot;:&quot;fadeIn&quot;,&quot;animation_delay&quot;:400,&quot;jet_parallax_layout_list&quot;:[]}\">\n\t\t\t\t\t<div class=\"e-con-inner\">\n\t\t\t\t<div class=\"elementor-element elementor-element-dcfd67c elementor-widget elementor-widget-heading\" data-id=\"dcfd67c\" data-element_type=\"widget\" data-e-type=\"widget\" data-widget_type=\"heading.default\">\n\t\t\t\t<div class=\"elementor-widget-container\">\n\t\t\t\t\t<h1 class=\"elementor-heading-title elementor-size-default\">Hizmetlerimiz<\/h1>\t\t\t\t<\/div>\n\t\t\t\t<\/div>\n\t\t\t\t<div class=\"elementor-element elementor-element-2831fad elementor-widget elementor-widget-text-editor\" data-id=\"2831fad\" data-element_type=\"widget\" data-e-type=\"widget\" data-widget_type=\"text-editor.default\">\n\t\t\t\t<div class=\"elementor-widget-container\">\n\t\t\t\t\t\t\t\t\t<p>80&#8217;lerden beri \u00c7in&#8217;deki \u00fcreticilerle <br \/>g\u00fcvenilir ili\u015fkiler kurduk.  <\/p>\n\t\t\t\t\t\t\t\t<\/div>\n\t\t\t\t<\/div>\n\t\t\t\t\t<\/div>\n\t\t\t\t<\/div>\n\t\t\t\t\t<\/div>\n\t\t\t\t<\/div>\n\t\t\t\t<section class=\"elementor-section elementor-top-section elementor-element elementor-element-fc6eae6 elementor-section-boxed elementor-section-height-default elementor-section-height-default\" data-id=\"fc6eae6\" data-element_type=\"section\" data-e-type=\"section\" data-settings=\"{&quot;jet_parallax_layout_list&quot;:[]}\">\n\t\t\t\t\t\t<div class=\"elementor-container elementor-column-gap-default\">\n\t\t\t\t\t<div class=\"elementor-column elementor-col-100 elementor-top-column elementor-element elementor-element-8e7f66c\" data-id=\"8e7f66c\" data-element_type=\"column\" data-e-type=\"column\">\n\t\t\t<div class=\"elementor-widget-wrap elementor-element-populated\">\n\t\t\t\t\t\t\t<\/div>\n\t\t<\/div>\n\t\t\t\t\t<\/div>\n\t\t<\/section>\n\t\t\t\t<\/div>\n\t\t","protected":false},"excerpt":{"rendered":"<p>Hizmetlerimiz 80&#8217;lerden beri \u00c7in&#8217;deki \u00fcreticilerle g\u00fcvenilir ili\u015fkiler kurduk.<\/p>\n","protected":false},"author":6,"featured_media":3593,"parent":0,"menu_order":0,"comment_status":"closed","ping_status":"closed","template":"elementor_header_footer","meta":{"_acf_changed":false,"footnotes":""},"class_list":["post-3641","page","type-page","status-publish","has-post-thumbnail","hentry"],"acf":[],"yoast_head":"<!-- This site is optimized with the Yoast SEO plugin v27.3 - https:\/\/yoast.com\/product\/yoast-seo-wordpress\/ -->\n<title>Van Wankum Malzemeler - Hizmetler<\/title>\n<meta name=\"description\" content=\"Van Wankum Ingredients, g\u0131da end\u00fcstrisi, kozmetik end\u00fcstrisi ve ila\u00e7 end\u00fcstrisinde Sat\u0131\u015f ve Pazarlama alan\u0131nda 35 y\u0131l\u0131 a\u015fk\u0131n deneyime sahiptir.\" \/>\n<meta name=\"robots\" content=\"index, follow, max-snippet:-1, max-image-preview:large, max-video-preview:-1\" \/>\n<link rel=\"canonical\" href=\"https:\/\/vw-ingredients.com\/tr\/hizmetler\" \/>\n<meta property=\"og:locale\" content=\"tr_TR\" \/>\n<meta property=\"og:type\" content=\"article\" \/>\n<meta property=\"og:title\" content=\"Van Wankum Malzemeler - Hizmetler\" \/>\n<meta property=\"og:description\" content=\"Van Wankum Ingredients, g\u0131da end\u00fcstrisi, kozmetik end\u00fcstrisi ve ila\u00e7 end\u00fcstrisinde Sat\u0131\u015f ve Pazarlama alan\u0131nda 35 y\u0131l\u0131 a\u015fk\u0131n deneyime sahiptir.\" \/>\n<meta property=\"og:url\" content=\"https:\/\/vw-ingredients.com\/tr\/hizmetler\" \/>\n<meta property=\"og:site_name\" content=\"Van Wankum Ingredients\" \/>\n<meta property=\"article:modified_time\" content=\"2025-01-28T13:54:09+00:00\" \/>\n<meta property=\"og:image\" content=\"https:\/\/vw-ingredients.com\/wp-content\/uploads\/2021\/10\/Services.jpg\" \/>\n\t<meta property=\"og:image:width\" content=\"1500\" \/>\n\t<meta property=\"og:image:height\" content=\"844\" \/>\n\t<meta property=\"og:image:type\" content=\"image\/jpeg\" \/>\n<meta name=\"twitter:card\" content=\"summary_large_image\" \/>\n<script type=\"application\/ld+json\" class=\"yoast-schema-graph\">{\"@context\":\"https:\\\/\\\/schema.org\",\"@graph\":[{\"@type\":\"WebPage\",\"@id\":\"https:\\\/\\\/vw-ingredients.com\\\/tr\\\/hizmetler\",\"url\":\"https:\\\/\\\/vw-ingredients.com\\\/tr\\\/hizmetler\",\"name\":\"Van Wankum Malzemeler - Hizmetler\",\"isPartOf\":{\"@id\":\"https:\\\/\\\/vw-ingredients.com\\\/tr#website\"},\"primaryImageOfPage\":{\"@id\":\"https:\\\/\\\/vw-ingredients.com\\\/tr\\\/hizmetler#primaryimage\"},\"image\":{\"@id\":\"https:\\\/\\\/vw-ingredients.com\\\/tr\\\/hizmetler#primaryimage\"},\"thumbnailUrl\":\"https:\\\/\\\/vw-ingredients.com\\\/wp-content\\\/uploads\\\/2021\\\/10\\\/Services.jpg\",\"datePublished\":\"2021-10-14T12:35:42+00:00\",\"dateModified\":\"2025-01-28T13:54:09+00:00\",\"description\":\"Van Wankum Ingredients, g\u0131da end\u00fcstrisi, kozmetik end\u00fcstrisi ve ila\u00e7 end\u00fcstrisinde Sat\u0131\u015f ve Pazarlama alan\u0131nda 35 y\u0131l\u0131 a\u015fk\u0131n deneyime sahiptir.\",\"breadcrumb\":{\"@id\":\"https:\\\/\\\/vw-ingredients.com\\\/tr\\\/hizmetler#breadcrumb\"},\"inLanguage\":\"tr\",\"potentialAction\":[{\"@type\":\"ReadAction\",\"target\":[\"https:\\\/\\\/vw-ingredients.com\\\/tr\\\/hizmetler\"]}]},{\"@type\":\"ImageObject\",\"inLanguage\":\"tr\",\"@id\":\"https:\\\/\\\/vw-ingredients.com\\\/tr\\\/hizmetler#primaryimage\",\"url\":\"https:\\\/\\\/vw-ingredients.com\\\/wp-content\\\/uploads\\\/2021\\\/10\\\/Services.jpg\",\"contentUrl\":\"https:\\\/\\\/vw-ingredients.com\\\/wp-content\\\/uploads\\\/2021\\\/10\\\/Services.jpg\",\"width\":1500,\"height\":844,\"caption\":\"Factory workers deliver boxes package on a pushing trolley in the warehouse . Industry supply chain management concept .\"},{\"@type\":\"BreadcrumbList\",\"@id\":\"https:\\\/\\\/vw-ingredients.com\\\/tr\\\/hizmetler#breadcrumb\",\"itemListElement\":[{\"@type\":\"ListItem\",\"position\":1,\"name\":\"Home\",\"item\":\"https:\\\/\\\/vw-ingredients.com\\\/tr\"},{\"@type\":\"ListItem\",\"position\":2,\"name\":\"Hizmetler\"}]},{\"@type\":\"WebSite\",\"@id\":\"https:\\\/\\\/vw-ingredients.com\\\/tr#website\",\"url\":\"https:\\\/\\\/vw-ingredients.com\\\/tr\",\"name\":\"Van Wankum Ingredients\",\"description\":\"\",\"potentialAction\":[{\"@type\":\"SearchAction\",\"target\":{\"@type\":\"EntryPoint\",\"urlTemplate\":\"https:\\\/\\\/vw-ingredients.com\\\/tr?s={search_term_string}\"},\"query-input\":{\"@type\":\"PropertyValueSpecification\",\"valueRequired\":true,\"valueName\":\"search_term_string\"}}],\"inLanguage\":\"tr\"}]}<\/script>\n<!-- \/ Yoast SEO plugin. -->","yoast_head_json":{"title":"Van Wankum Malzemeler - Hizmetler","description":"Van Wankum Ingredients, g\u0131da end\u00fcstrisi, kozmetik end\u00fcstrisi ve ila\u00e7 end\u00fcstrisinde Sat\u0131\u015f ve Pazarlama alan\u0131nda 35 y\u0131l\u0131 a\u015fk\u0131n deneyime sahiptir.","robots":{"index":"index","follow":"follow","max-snippet":"max-snippet:-1","max-image-preview":"max-image-preview:large","max-video-preview":"max-video-preview:-1"},"canonical":"https:\/\/vw-ingredients.com\/tr\/hizmetler","og_locale":"tr_TR","og_type":"article","og_title":"Van Wankum Malzemeler - Hizmetler","og_description":"Van Wankum Ingredients, g\u0131da end\u00fcstrisi, kozmetik end\u00fcstrisi ve ila\u00e7 end\u00fcstrisinde Sat\u0131\u015f ve Pazarlama alan\u0131nda 35 y\u0131l\u0131 a\u015fk\u0131n deneyime sahiptir.","og_url":"https:\/\/vw-ingredients.com\/tr\/hizmetler","og_site_name":"Van Wankum Ingredients","article_modified_time":"2025-01-28T13:54:09+00:00","og_image":[{"width":1500,"height":844,"url":"https:\/\/vw-ingredients.com\/wp-content\/uploads\/2021\/10\/Services.jpg","type":"image\/jpeg"}],"twitter_card":"summary_large_image","schema":{"@context":"https:\/\/schema.org","@graph":[{"@type":"WebPage","@id":"https:\/\/vw-ingredients.com\/tr\/hizmetler","url":"https:\/\/vw-ingredients.com\/tr\/hizmetler","name":"Van Wankum Malzemeler - Hizmetler","isPartOf":{"@id":"https:\/\/vw-ingredients.com\/tr#website"},"primaryImageOfPage":{"@id":"https:\/\/vw-ingredients.com\/tr\/hizmetler#primaryimage"},"image":{"@id":"https:\/\/vw-ingredients.com\/tr\/hizmetler#primaryimage"},"thumbnailUrl":"https:\/\/vw-ingredients.com\/wp-content\/uploads\/2021\/10\/Services.jpg","datePublished":"2021-10-14T12:35:42+00:00","dateModified":"2025-01-28T13:54:09+00:00","description":"Van Wankum Ingredients, g\u0131da end\u00fcstrisi, kozmetik end\u00fcstrisi ve ila\u00e7 end\u00fcstrisinde Sat\u0131\u015f ve Pazarlama alan\u0131nda 35 y\u0131l\u0131 a\u015fk\u0131n deneyime sahiptir.","breadcrumb":{"@id":"https:\/\/vw-ingredients.com\/tr\/hizmetler#breadcrumb"},"inLanguage":"tr","potentialAction":[{"@type":"ReadAction","target":["https:\/\/vw-ingredients.com\/tr\/hizmetler"]}]},{"@type":"ImageObject","inLanguage":"tr","@id":"https:\/\/vw-ingredients.com\/tr\/hizmetler#primaryimage","url":"https:\/\/vw-ingredients.com\/wp-content\/uploads\/2021\/10\/Services.jpg","contentUrl":"https:\/\/vw-ingredients.com\/wp-content\/uploads\/2021\/10\/Services.jpg","width":1500,"height":844,"caption":"Factory workers deliver boxes package on a pushing trolley in the warehouse . Industry supply chain management concept ."},{"@type":"BreadcrumbList","@id":"https:\/\/vw-ingredients.com\/tr\/hizmetler#breadcrumb","itemListElement":[{"@type":"ListItem","position":1,"name":"Home","item":"https:\/\/vw-ingredients.com\/tr"},{"@type":"ListItem","position":2,"name":"Hizmetler"}]},{"@type":"WebSite","@id":"https:\/\/vw-ingredients.com\/tr#website","url":"https:\/\/vw-ingredients.com\/tr","name":"Van Wankum Ingredients","description":"","potentialAction":[{"@type":"SearchAction","target":{"@type":"EntryPoint","urlTemplate":"https:\/\/vw-ingredients.com\/tr?s={search_term_string}"},"query-input":{"@type":"PropertyValueSpecification","valueRequired":true,"valueName":"search_term_string"}}],"inLanguage":"tr"}]}},"_links":{"self":[{"href":"https:\/\/vw-ingredients.com\/tr\/wp-json\/wp\/v2\/pages\/3641","targetHints":{"allow":["GET"]}}],"collection":[{"href":"https:\/\/vw-ingredients.com\/tr\/wp-json\/wp\/v2\/pages"}],"about":[{"href":"https:\/\/vw-ingredients.com\/tr\/wp-json\/wp\/v2\/types\/page"}],"author":[{"embeddable":true,"href":"https:\/\/vw-ingredients.com\/tr\/wp-json\/wp\/v2\/users\/6"}],"replies":[{"embeddable":true,"href":"https:\/\/vw-ingredients.com\/tr\/wp-json\/wp\/v2\/comments?post=3641"}],"version-history":[{"count":2,"href":"https:\/\/vw-ingredients.com\/tr\/wp-json\/wp\/v2\/pages\/3641\/revisions"}],"predecessor-version":[{"id":7459,"href":"https:\/\/vw-ingredients.com\/tr\/wp-json\/wp\/v2\/pages\/3641\/revisions\/7459"}],"wp:featuredmedia":[{"embeddable":true,"href":"https:\/\/vw-ingredients.com\/tr\/wp-json\/wp\/v2\/media\/3593"}],"wp:attachment":[{"href":"https:\/\/vw-ingredients.com\/tr\/wp-json\/wp\/v2\/media?parent=3641"}],"curies":[{"name":"wp","href":"https:\/\/api.w.org\/{rel}","templated":true}]}}