{"id":3639,"date":"2021-10-05T08:08:58","date_gmt":"2021-10-05T08:08:58","guid":{"rendered":"https:\/\/vw-ingredients.com\/urunler"},"modified":"2025-09-23T12:14:02","modified_gmt":"2025-09-23T12:14:02","slug":"urunler","status":"publish","type":"page","link":"https:\/\/vw-ingredients.com\/tr\/urunler","title":{"rendered":"\u00d6rnek talep edin"},"content":{"rendered":"\t\t<div data-elementor-type=\"wp-page\" data-elementor-id=\"3639\" class=\"elementor elementor-3639 elementor-8\" data-elementor-post-type=\"page\">\n\t\t\t\t<div class=\"elementor-element elementor-element-c7acf1c e-flex e-con-boxed e-con e-parent\" data-id=\"c7acf1c\" data-element_type=\"container\" data-e-type=\"container\" data-settings=\"{&quot;background_background&quot;:&quot;gradient&quot;,&quot;jet_parallax_layout_list&quot;:[]}\">\n\t\t\t\t\t<div class=\"e-con-inner\">\n\t\t<div class=\"elementor-element elementor-element-875620e e-flex e-con-boxed e-con e-child\" data-id=\"875620e\" data-element_type=\"container\" data-e-type=\"container\" data-settings=\"{&quot;jet_parallax_layout_list&quot;:[]}\">\n\t\t\t\t\t<div class=\"e-con-inner\">\n\t\t\t\t<div class=\"elementor-element elementor-element-c438456 elementor-widget elementor-widget-heading\" data-id=\"c438456\" data-element_type=\"widget\" data-e-type=\"widget\" data-widget_type=\"heading.default\">\n\t\t\t\t<div class=\"elementor-widget-container\">\n\t\t\t\t\t<h1 class=\"elementor-heading-title elementor-size-default\">\u00d6rnek talep edin<\/h1>\t\t\t\t<\/div>\n\t\t\t\t<\/div>\n\t\t\t\t<div class=\"elementor-element elementor-element-c7a6082 elementor-widget elementor-widget-text-editor\" data-id=\"c7a6082\" data-element_type=\"widget\" data-e-type=\"widget\" data-widget_type=\"text-editor.default\">\n\t\t\t\t<div class=\"elementor-widget-container\">\n\t\t\t\t\t\t\t\t\t<p>Bizden bir numune alarak s\u00fcrd\u00fcr\u00fclebilirli\u011fi ilk elden deneyimleyin! Sadece formu doldurun, biz de size g\u00f6nderelim. Bug\u00fcn daha sa\u011fl\u0131kl\u0131, daha \u00e7evreci bir se\u00e7imi kucaklay\u0131n.  <\/p>\t\t\t\t\t\t\t\t<\/div>\n\t\t\t\t<\/div>\n\t\t\t\t\t<\/div>\n\t\t\t\t<\/div>\n\t\t\t\t<div class=\"elementor-element elementor-element-bc4c2e0 elementor-widget elementor-widget-vw-ingredients-products\" data-id=\"bc4c2e0\" data-element_type=\"widget\" data-e-type=\"widget\" data-widget_type=\"vw-ingredients-products.default\">\n\t\t\t\t<div class=\"elementor-widget-container\">\n\t\t\t\t\t<script>window['vw_ingredients_props'] = JSON.parse(\"{\\\"api\\\":\\\"https:\\\\\/\\\\\/vw-ingredients.com\\\\\/tr\\\\\/wp-json\\\\\/vw-ingredients\\\",\\\"categories\\\":{\\\"0\\\":{\\\"id\\\":102,\\\"title\\\":\\\"Bitki Proteinleri\\\"},\\\"1\\\":{\\\"id\\\":94,\\\"title\\\":\\\"Diyet Lifleri\\\"},\\\"3\\\":{\\\"id\\\":96,\\\"title\\\":\\\"Do\\\\u011fal Tatland\\\\u0131r\\\\u0131c\\\\u0131lar\\\"},\\\"4\\\":{\\\"id\\\":98,\\\"title\\\":\\\"Hacim Artt\\\\u0131r\\\\u0131c\\\\u0131lar\\\"},\\\"5\\\":{\\\"id\\\":106,\\\"title\\\":\\\"Maya T\\\\u00fcrevleri\\\"},\\\"6\\\":{\\\"id\\\":105,\\\"title\\\":\\\"Nutras\\\\u00f6tikler\\\"},\\\"7\\\":{\\\"id\\\":103,\\\"title\\\":\\\"\\\\u00d6n-biyotikler\\\"},\\\"8\\\":{\\\"id\\\":107,\\\"title\\\":\\\"Organik Ekstraktlar\\\"},\\\"9\\\":{\\\"id\\\":104,\\\"title\\\":\\\"Organik Protein\\\"},\\\"10\\\":{\\\"id\\\":101,\\\"title\\\":\\\"Organik Tatland\\\\u0131r\\\\u0131c\\\\u0131lar\\\"},\\\"11\\\":{\\\"id\\\":95,\\\"title\\\":\\\"Polioller\\\"},\\\"12\\\":{\\\"id\\\":93,\\\"title\\\":\\\"Yapay Tatland\\\\u0131r\\\\u0131c\\\\u0131lar\\\"},\\\"13\\\":{\\\"id\\\":97,\\\"title\\\":\\\"Yiyecek ve \\\\u0130\\\\u00e7ecekler\\\"}}}\");<\/script><div id=\"vw-ingredients-products\"><\/div>\t\t\t\t<\/div>\n\t\t\t\t<\/div>\n\t\t\t\t\t<\/div>\n\t\t\t\t<\/div>\n\t\t\t\t<\/div>\n\t\t","protected":false},"excerpt":{"rendered":"<p>\u00d6rnek talep edin Bizden bir numune alarak s\u00fcrd\u00fcr\u00fclebilirli\u011fi ilk elden deneyimleyin! Sadece formu doldurun, biz de size g\u00f6nderelim. Bug\u00fcn daha sa\u011fl\u0131kl\u0131, daha \u00e7evreci bir se\u00e7imi kucaklay\u0131n.<\/p>\n","protected":false},"author":6,"featured_media":0,"parent":0,"menu_order":0,"comment_status":"closed","ping_status":"closed","template":"elementor_header_footer","meta":{"_acf_changed":false,"footnotes":""},"class_list":["post-3639","page","type-page","status-publish","hentry"],"acf":[],"yoast_head":"<!-- This site is optimized with the Yoast SEO plugin v27.3 - https:\/\/yoast.com\/product\/yoast-seo-wordpress\/ -->\n<title>Van Wankum Malzemeler - \u00d6rnek \u0130steyin<\/title>\n<meta name=\"description\" content=\"Van Wankum Ingredients&#039;in hangi \u00fcr\u00fcnlere sahip oldu\u011funu g\u00f6r\u00fcn.\" \/>\n<meta name=\"robots\" content=\"index, follow, max-snippet:-1, max-image-preview:large, max-video-preview:-1\" \/>\n<link rel=\"canonical\" href=\"https:\/\/vw-ingredients.com\/tr\/urunler\" \/>\n<meta property=\"og:locale\" content=\"tr_TR\" \/>\n<meta property=\"og:type\" content=\"article\" \/>\n<meta property=\"og:title\" content=\"Van Wankum Malzemeler - \u00d6rnek \u0130steyin\" \/>\n<meta property=\"og:description\" content=\"Van Wankum Ingredients&#039;in hangi \u00fcr\u00fcnlere sahip oldu\u011funu g\u00f6r\u00fcn.\" \/>\n<meta property=\"og:url\" content=\"https:\/\/vw-ingredients.com\/tr\/urunler\" \/>\n<meta property=\"og:site_name\" content=\"Van Wankum Ingredients\" \/>\n<meta property=\"article:modified_time\" content=\"2025-09-23T12:14:02+00:00\" \/>\n<meta name=\"twitter:card\" content=\"summary_large_image\" \/>\n<meta name=\"twitter:label1\" content=\"Tahmini okuma s\u00fcresi\" \/>\n\t<meta name=\"twitter:data1\" content=\"1 dakika\" \/>\n<script type=\"application\/ld+json\" class=\"yoast-schema-graph\">{\"@context\":\"https:\\\/\\\/schema.org\",\"@graph\":[{\"@type\":\"WebPage\",\"@id\":\"https:\\\/\\\/vw-ingredients.com\\\/tr\\\/urunler\",\"url\":\"https:\\\/\\\/vw-ingredients.com\\\/tr\\\/urunler\",\"name\":\"Van Wankum Malzemeler - \u00d6rnek \u0130steyin\",\"isPartOf\":{\"@id\":\"https:\\\/\\\/vw-ingredients.com\\\/tr#website\"},\"datePublished\":\"2021-10-05T08:08:58+00:00\",\"dateModified\":\"2025-09-23T12:14:02+00:00\",\"description\":\"Van Wankum Ingredients'in hangi \u00fcr\u00fcnlere sahip oldu\u011funu g\u00f6r\u00fcn.\",\"breadcrumb\":{\"@id\":\"https:\\\/\\\/vw-ingredients.com\\\/tr\\\/urunler#breadcrumb\"},\"inLanguage\":\"tr\",\"potentialAction\":[{\"@type\":\"ReadAction\",\"target\":[\"https:\\\/\\\/vw-ingredients.com\\\/tr\\\/urunler\"]}]},{\"@type\":\"BreadcrumbList\",\"@id\":\"https:\\\/\\\/vw-ingredients.com\\\/tr\\\/urunler#breadcrumb\",\"itemListElement\":[{\"@type\":\"ListItem\",\"position\":1,\"name\":\"Home\",\"item\":\"https:\\\/\\\/vw-ingredients.com\\\/tr\"},{\"@type\":\"ListItem\",\"position\":2,\"name\":\"\u00d6rnek talep edin\"}]},{\"@type\":\"WebSite\",\"@id\":\"https:\\\/\\\/vw-ingredients.com\\\/tr#website\",\"url\":\"https:\\\/\\\/vw-ingredients.com\\\/tr\",\"name\":\"Van Wankum Ingredients\",\"description\":\"\",\"potentialAction\":[{\"@type\":\"SearchAction\",\"target\":{\"@type\":\"EntryPoint\",\"urlTemplate\":\"https:\\\/\\\/vw-ingredients.com\\\/tr?s={search_term_string}\"},\"query-input\":{\"@type\":\"PropertyValueSpecification\",\"valueRequired\":true,\"valueName\":\"search_term_string\"}}],\"inLanguage\":\"tr\"}]}<\/script>\n<!-- \/ Yoast SEO plugin. -->","yoast_head_json":{"title":"Van Wankum Malzemeler - \u00d6rnek \u0130steyin","description":"Van Wankum Ingredients'in hangi \u00fcr\u00fcnlere sahip oldu\u011funu g\u00f6r\u00fcn.","robots":{"index":"index","follow":"follow","max-snippet":"max-snippet:-1","max-image-preview":"max-image-preview:large","max-video-preview":"max-video-preview:-1"},"canonical":"https:\/\/vw-ingredients.com\/tr\/urunler","og_locale":"tr_TR","og_type":"article","og_title":"Van Wankum Malzemeler - \u00d6rnek \u0130steyin","og_description":"Van Wankum Ingredients'in hangi \u00fcr\u00fcnlere sahip oldu\u011funu g\u00f6r\u00fcn.","og_url":"https:\/\/vw-ingredients.com\/tr\/urunler","og_site_name":"Van Wankum Ingredients","article_modified_time":"2025-09-23T12:14:02+00:00","twitter_card":"summary_large_image","twitter_misc":{"Tahmini okuma s\u00fcresi":"1 dakika"},"schema":{"@context":"https:\/\/schema.org","@graph":[{"@type":"WebPage","@id":"https:\/\/vw-ingredients.com\/tr\/urunler","url":"https:\/\/vw-ingredients.com\/tr\/urunler","name":"Van Wankum Malzemeler - \u00d6rnek \u0130steyin","isPartOf":{"@id":"https:\/\/vw-ingredients.com\/tr#website"},"datePublished":"2021-10-05T08:08:58+00:00","dateModified":"2025-09-23T12:14:02+00:00","description":"Van Wankum Ingredients'in hangi \u00fcr\u00fcnlere sahip oldu\u011funu g\u00f6r\u00fcn.","breadcrumb":{"@id":"https:\/\/vw-ingredients.com\/tr\/urunler#breadcrumb"},"inLanguage":"tr","potentialAction":[{"@type":"ReadAction","target":["https:\/\/vw-ingredients.com\/tr\/urunler"]}]},{"@type":"BreadcrumbList","@id":"https:\/\/vw-ingredients.com\/tr\/urunler#breadcrumb","itemListElement":[{"@type":"ListItem","position":1,"name":"Home","item":"https:\/\/vw-ingredients.com\/tr"},{"@type":"ListItem","position":2,"name":"\u00d6rnek talep edin"}]},{"@type":"WebSite","@id":"https:\/\/vw-ingredients.com\/tr#website","url":"https:\/\/vw-ingredients.com\/tr","name":"Van Wankum Ingredients","description":"","potentialAction":[{"@type":"SearchAction","target":{"@type":"EntryPoint","urlTemplate":"https:\/\/vw-ingredients.com\/tr?s={search_term_string}"},"query-input":{"@type":"PropertyValueSpecification","valueRequired":true,"valueName":"search_term_string"}}],"inLanguage":"tr"}]}},"_links":{"self":[{"href":"https:\/\/vw-ingredients.com\/tr\/wp-json\/wp\/v2\/pages\/3639","targetHints":{"allow":["GET"]}}],"collection":[{"href":"https:\/\/vw-ingredients.com\/tr\/wp-json\/wp\/v2\/pages"}],"about":[{"href":"https:\/\/vw-ingredients.com\/tr\/wp-json\/wp\/v2\/types\/page"}],"author":[{"embeddable":true,"href":"https:\/\/vw-ingredients.com\/tr\/wp-json\/wp\/v2\/users\/6"}],"replies":[{"embeddable":true,"href":"https:\/\/vw-ingredients.com\/tr\/wp-json\/wp\/v2\/comments?post=3639"}],"version-history":[{"count":13,"href":"https:\/\/vw-ingredients.com\/tr\/wp-json\/wp\/v2\/pages\/3639\/revisions"}],"predecessor-version":[{"id":11573,"href":"https:\/\/vw-ingredients.com\/tr\/wp-json\/wp\/v2\/pages\/3639\/revisions\/11573"}],"wp:attachment":[{"href":"https:\/\/vw-ingredients.com\/tr\/wp-json\/wp\/v2\/media?parent=3639"}],"curies":[{"name":"wp","href":"https:\/\/api.w.org\/{rel}","templated":true}]}}