{"id":9167,"date":"2021-10-14T15:42:34","date_gmt":"2021-10-14T15:42:34","guid":{"rendered":"https:\/\/vw-ingredients.com\/product\/erythritol"},"modified":"2025-02-11T10:35:51","modified_gmt":"2025-02-11T10:35:51","slug":"erythritol","status":"publish","type":"product","link":"https:\/\/vw-ingredients.com\/fr\/produit\/erythritol","title":{"rendered":"Erythritol"},"content":{"rendered":"\t\t<div data-elementor-type=\"wp-post\" data-elementor-id=\"9167\" class=\"elementor elementor-9167 elementor-241\" data-elementor-post-type=\"product\">\n\t\t\t\t\t\t<section class=\"elementor-section elementor-top-section elementor-element elementor-element-fee20b3 elementor-section-boxed elementor-section-height-default elementor-section-height-default\" data-id=\"fee20b3\" data-element_type=\"section\" data-e-type=\"section\" data-settings=\"{&quot;jet_parallax_layout_list&quot;:[]}\">\n\t\t\t\t\t\t<div class=\"elementor-container elementor-column-gap-default\">\n\t\t\t\t\t<div class=\"elementor-column elementor-col-100 elementor-top-column elementor-element elementor-element-37c7db8\" data-id=\"37c7db8\" data-element_type=\"column\" data-e-type=\"column\">\n\t\t\t<div class=\"elementor-widget-wrap elementor-element-populated\">\n\t\t\t\t\t\t<div class=\"elementor-element elementor-element-a35b42d elementor-widget elementor-widget-text-editor\" data-id=\"a35b42d\" data-element_type=\"widget\" data-e-type=\"widget\" data-widget_type=\"text-editor.default\">\n\t\t\t\t<div class=\"elementor-widget-container\">\n\t\t\t\t\t\t\t\t\t<p> <strong>Nom chimique :<\/strong> (2R,3S)-Butane-1,2,3,4-tetrol<\/p>\n\t\t\t\t\t\t\t\t<\/div>\n\t\t\t\t<\/div>\n\t\t\t\t<div class=\"elementor-element elementor-element-d28f0e1 elementor-widget elementor-widget-heading\" data-id=\"d28f0e1\" data-element_type=\"widget\" data-e-type=\"widget\" data-widget_type=\"heading.default\">\n\t\t\t\t<div class=\"elementor-widget-container\">\n\t\t\t\t\t<h2 class=\"elementor-heading-title elementor-size-default\">Erythritol Caract\u00e8res :<\/h2>\t\t\t\t<\/div>\n\t\t\t\t<\/div>\n\t\t\t\t<div class=\"elementor-element elementor-element-db4dae0 elementor-align-start elementor-icon-list--layout-traditional elementor-list-item-link-full_width elementor-widget elementor-widget-icon-list\" data-id=\"db4dae0\" data-element_type=\"widget\" data-e-type=\"widget\" data-widget_type=\"icon-list.default\">\n\t\t\t\t<div class=\"elementor-widget-container\">\n\t\t\t\t\t\t\t<ul class=\"elementor-icon-list-items\">\n\t\t\t\t\t\t\t<li class=\"elementor-icon-list-item\">\n\t\t\t\t\t\t\t\t\t\t\t<span class=\"elementor-icon-list-icon\">\n\t\t\t\t\t\t\t<i aria-hidden=\"true\" class=\"fas fa-circle\"><\/i>\t\t\t\t\t\t<\/span>\n\t\t\t\t\t\t\t\t\t\t<span class=\"elementor-icon-list-text\">L'\u00e9rythritol est tr\u00e8s peu calorique (0,2 kcal\/g), ce qui en fait un ingr\u00e9dient id\u00e9al pour la formulation d'aliments \u00e0 teneur r\u00e9duite en calories.<\/span>\n\t\t\t\t\t\t\t\t\t<\/li>\n\t\t\t\t\t\t\t\t<li class=\"elementor-icon-list-item\">\n\t\t\t\t\t\t\t\t\t\t\t<span class=\"elementor-icon-list-icon\">\n\t\t\t\t\t\t\t<i aria-hidden=\"true\" class=\"fas fa-circle\"><\/i>\t\t\t\t\t\t<\/span>\n\t\t\t\t\t\t\t\t\t\t<span class=\"elementor-icon-list-text\">L'\u00e9rythritol est respectueux des dents.<\/span>\n\t\t\t\t\t\t\t\t\t<\/li>\n\t\t\t\t\t\t\t\t<li class=\"elementor-icon-list-item\">\n\t\t\t\t\t\t\t\t\t\t\t<span class=\"elementor-icon-list-icon\">\n\t\t\t\t\t\t\t<i aria-hidden=\"true\" class=\"fas fa-circle\"><\/i>\t\t\t\t\t\t<\/span>\n\t\t\t\t\t\t\t\t\t\t<span class=\"elementor-icon-list-text\">L'\u00e9rythritol remplace le sucre, les sirops de glucose et les mati\u00e8res grasses tout en am\u00e9liorant la saveur, la texture et la sensation en bouche dans une vari\u00e9t\u00e9 d'applications.<\/span>\n\t\t\t\t\t\t\t\t\t<\/li>\n\t\t\t\t\t\t\t\t<li class=\"elementor-icon-list-item\">\n\t\t\t\t\t\t\t\t\t\t\t<span class=\"elementor-icon-list-icon\">\n\t\t\t\t\t\t\t<i aria-hidden=\"true\" class=\"fas fa-circle\"><\/i>\t\t\t\t\t\t<\/span>\n\t\t\t\t\t\t\t\t\t\t<span class=\"elementor-icon-list-text\">L'\u00e9rythritol a une haute tol\u00e9rance digestive.<\/span>\n\t\t\t\t\t\t\t\t\t<\/li>\n\t\t\t\t\t\t\t\t<li class=\"elementor-icon-list-item\">\n\t\t\t\t\t\t\t\t\t\t\t<span class=\"elementor-icon-list-icon\">\n\t\t\t\t\t\t\t<i aria-hidden=\"true\" class=\"fas fa-circle\"><\/i>\t\t\t\t\t\t<\/span>\n\t\t\t\t\t\t\t\t\t\t<span class=\"elementor-icon-list-text\">L'\u00e9rythritol a des propri\u00e9t\u00e9s de masquage du go\u00fbt qui permettent de minimiser les notes parasites caus\u00e9es par des \u00e9dulcorants intenses, des vitamines, des min\u00e9raux, du soja et d'autres suppl\u00e9ments.<\/span>\n\t\t\t\t\t\t\t\t\t<\/li>\n\t\t\t\t\t\t<\/ul>\n\t\t\t\t\t\t<\/div>\n\t\t\t\t<\/div>\n\t\t\t\t<div class=\"elementor-element elementor-element-b5a60e4 elementor-widget elementor-widget-heading\" data-id=\"b5a60e4\" data-element_type=\"widget\" data-e-type=\"widget\" data-widget_type=\"heading.default\">\n\t\t\t\t<div class=\"elementor-widget-container\">\n\t\t\t\t\t<h3 class=\"elementor-heading-title elementor-size-default\">L'\u00e9rythritol est disponible en diff\u00e9rentes qualit\u00e9s ;<\/h3>\t\t\t\t<\/div>\n\t\t\t\t<\/div>\n\t\t\t\t<div class=\"elementor-element elementor-element-de735d6 elementor-align-start elementor-icon-list--layout-traditional elementor-list-item-link-full_width elementor-widget elementor-widget-icon-list\" data-id=\"de735d6\" data-element_type=\"widget\" data-e-type=\"widget\" data-widget_type=\"icon-list.default\">\n\t\t\t\t<div class=\"elementor-widget-container\">\n\t\t\t\t\t\t\t<ul class=\"elementor-icon-list-items\">\n\t\t\t\t\t\t\t<li class=\"elementor-icon-list-item\">\n\t\t\t\t\t\t\t\t\t\t\t<span class=\"elementor-icon-list-icon\">\n\t\t\t\t\t\t\t<i aria-hidden=\"true\" class=\"fas fa-circle\"><\/i>\t\t\t\t\t\t<\/span>\n\t\t\t\t\t\t\t\t\t\t<span class=\"elementor-icon-list-text\">Poudre<\/span>\n\t\t\t\t\t\t\t\t\t<\/li>\n\t\t\t\t\t\t\t\t<li class=\"elementor-icon-list-item\">\n\t\t\t\t\t\t\t\t\t\t\t<span class=\"elementor-icon-list-icon\">\n\t\t\t\t\t\t\t<i aria-hidden=\"true\" class=\"fas fa-circle\"><\/i>\t\t\t\t\t\t<\/span>\n\t\t\t\t\t\t\t\t\t\t<span class=\"elementor-icon-list-text\">Cristal\/grossier<\/span>\n\t\t\t\t\t\t\t\t\t<\/li>\n\t\t\t\t\t\t<\/ul>\n\t\t\t\t\t\t<\/div>\n\t\t\t\t<\/div>\n\t\t\t\t<div class=\"elementor-element elementor-element-a369d18 elementor-widget elementor-widget-heading\" data-id=\"a369d18\" data-element_type=\"widget\" data-e-type=\"widget\" data-widget_type=\"heading.default\">\n\t\t\t\t<div class=\"elementor-widget-container\">\n\t\t\t\t\t<h3 class=\"elementor-heading-title elementor-size-default\">Applications de l'\u00e9rythritol :<\/h3>\t\t\t\t<\/div>\n\t\t\t\t<\/div>\n\t\t\t\t<div class=\"elementor-element elementor-element-a08a8b0 elementor-align-start elementor-icon-list--layout-traditional elementor-list-item-link-full_width elementor-widget elementor-widget-icon-list\" data-id=\"a08a8b0\" data-element_type=\"widget\" data-e-type=\"widget\" data-widget_type=\"icon-list.default\">\n\t\t\t\t<div class=\"elementor-widget-container\">\n\t\t\t\t\t\t\t<ul class=\"elementor-icon-list-items\">\n\t\t\t\t\t\t\t<li class=\"elementor-icon-list-item\">\n\t\t\t\t\t\t\t\t\t\t\t<span class=\"elementor-icon-list-icon\">\n\t\t\t\t\t\t\t<i aria-hidden=\"true\" class=\"fas fa-circle\"><\/i>\t\t\t\t\t\t<\/span>\n\t\t\t\t\t\t\t\t\t\t<span class=\"elementor-icon-list-text\">Boissons et m\u00e9langes de boissons<\/span>\n\t\t\t\t\t\t\t\t\t<\/li>\n\t\t\t\t\t\t\t\t<li class=\"elementor-icon-list-item\">\n\t\t\t\t\t\t\t\t\t\t\t<span class=\"elementor-icon-list-icon\">\n\t\t\t\t\t\t\t<i aria-hidden=\"true\" class=\"fas fa-circle\"><\/i>\t\t\t\t\t\t<\/span>\n\t\t\t\t\t\t\t\t\t\t<span class=\"elementor-icon-list-text\">Boissons gazeuses<\/span>\n\t\t\t\t\t\t\t\t\t<\/li>\n\t\t\t\t\t\t\t\t<li class=\"elementor-icon-list-item\">\n\t\t\t\t\t\t\t\t\t\t\t<span class=\"elementor-icon-list-icon\">\n\t\t\t\t\t\t\t<i aria-hidden=\"true\" class=\"fas fa-circle\"><\/i>\t\t\t\t\t\t<\/span>\n\t\t\t\t\t\t\t\t\t\t<span class=\"elementor-icon-list-text\">Boissons non gazeuses<\/span>\n\t\t\t\t\t\t\t\t\t<\/li>\n\t\t\t\t\t\t\t\t<li class=\"elementor-icon-list-item\">\n\t\t\t\t\t\t\t\t\t\t\t<span class=\"elementor-icon-list-icon\">\n\t\t\t\t\t\t\t<i aria-hidden=\"true\" class=\"fas fa-circle\"><\/i>\t\t\t\t\t\t<\/span>\n\t\t\t\t\t\t\t\t\t\t<span class=\"elementor-icon-list-text\">Bonbons durs et mous<\/span>\n\t\t\t\t\t\t\t\t\t<\/li>\n\t\t\t\t\t\t\t\t<li class=\"elementor-icon-list-item\">\n\t\t\t\t\t\t\t\t\t\t\t<span class=\"elementor-icon-list-icon\">\n\t\t\t\t\t\t\t<i aria-hidden=\"true\" class=\"fas fa-circle\"><\/i>\t\t\t\t\t\t<\/span>\n\t\t\t\t\t\t\t\t\t\t<span class=\"elementor-icon-list-text\">Confitures et gel\u00e9es<\/span>\n\t\t\t\t\t\t\t\t\t<\/li>\n\t\t\t\t\t\t\t\t<li class=\"elementor-icon-list-item\">\n\t\t\t\t\t\t\t\t\t\t\t<span class=\"elementor-icon-list-icon\">\n\t\t\t\t\t\t\t<i aria-hidden=\"true\" class=\"fas fa-circle\"><\/i>\t\t\t\t\t\t<\/span>\n\t\t\t\t\t\t\t\t\t\t<span class=\"elementor-icon-list-text\">Bonbons et comprim\u00e9s \u00e0 croquer<\/span>\n\t\t\t\t\t\t\t\t\t<\/li>\n\t\t\t\t\t\t\t\t<li class=\"elementor-icon-list-item\">\n\t\t\t\t\t\t\t\t\t\t\t<span class=\"elementor-icon-list-icon\">\n\t\t\t\t\t\t\t<i aria-hidden=\"true\" class=\"fas fa-circle\"><\/i>\t\t\t\t\t\t<\/span>\n\t\t\t\t\t\t\t\t\t\t<span class=\"elementor-icon-list-text\">Produits laitiers<\/span>\n\t\t\t\t\t\t\t\t\t<\/li>\n\t\t\t\t\t\t\t\t<li class=\"elementor-icon-list-item\">\n\t\t\t\t\t\t\t\t\t\t\t<span class=\"elementor-icon-list-icon\">\n\t\t\t\t\t\t\t<i aria-hidden=\"true\" class=\"fas fa-circle\"><\/i>\t\t\t\t\t\t<\/span>\n\t\t\t\t\t\t\t\t\t\t<span class=\"elementor-icon-list-text\">Confiseries et gla\u00e7ages<\/span>\n\t\t\t\t\t\t\t\t\t<\/li>\n\t\t\t\t\t\t\t\t<li class=\"elementor-icon-list-item\">\n\t\t\t\t\t\t\t\t\t\t\t<span class=\"elementor-icon-list-icon\">\n\t\t\t\t\t\t\t<i aria-hidden=\"true\" class=\"fas fa-circle\"><\/i>\t\t\t\t\t\t<\/span>\n\t\t\t\t\t\t\t\t\t\t<span class=\"elementor-icon-list-text\">Produits nutritionnels et di\u00e9t\u00e9tiques<\/span>\n\t\t\t\t\t\t\t\t\t<\/li>\n\t\t\t\t\t\t\t\t<li class=\"elementor-icon-list-item\">\n\t\t\t\t\t\t\t\t\t\t\t<span class=\"elementor-icon-list-icon\">\n\t\t\t\t\t\t\t<i aria-hidden=\"true\" class=\"fas fa-circle\"><\/i>\t\t\t\t\t\t<\/span>\n\t\t\t\t\t\t\t\t\t\t<span class=\"elementor-icon-list-text\">\u00c9dulcorants de table<\/span>\n\t\t\t\t\t\t\t\t\t<\/li>\n\t\t\t\t\t\t\t\t<li class=\"elementor-icon-list-item\">\n\t\t\t\t\t\t\t\t\t\t\t<span class=\"elementor-icon-list-icon\">\n\t\t\t\t\t\t\t<i aria-hidden=\"true\" class=\"fas fa-circle\"><\/i>\t\t\t\t\t\t<\/span>\n\t\t\t\t\t\t\t\t\t\t<span class=\"elementor-icon-list-text\">Chewing-gum<\/span>\n\t\t\t\t\t\t\t\t\t<\/li>\n\t\t\t\t\t\t\t\t<li class=\"elementor-icon-list-item\">\n\t\t\t\t\t\t\t\t\t\t\t<span class=\"elementor-icon-list-icon\">\n\t\t\t\t\t\t\t<i aria-hidden=\"true\" class=\"fas fa-circle\"><\/i>\t\t\t\t\t\t<\/span>\n\t\t\t\t\t\t\t\t\t\t<span class=\"elementor-icon-list-text\">Produits m\u00e9lang\u00e9s \u00e0 sec<\/span>\n\t\t\t\t\t\t\t\t\t<\/li>\n\t\t\t\t\t\t\t\t<li class=\"elementor-icon-list-item\">\n\t\t\t\t\t\t\t\t\t\t\t<span class=\"elementor-icon-list-icon\">\n\t\t\t\t\t\t\t<i aria-hidden=\"true\" class=\"fas fa-circle\"><\/i>\t\t\t\t\t\t<\/span>\n\t\t\t\t\t\t\t\t\t\t<span class=\"elementor-icon-list-text\">Desserts surgel\u00e9s<\/span>\n\t\t\t\t\t\t\t\t\t<\/li>\n\t\t\t\t\t\t<\/ul>\n\t\t\t\t\t\t<\/div>\n\t\t\t\t<\/div>\n\t\t\t\t\t<\/div>\n\t\t<\/div>\n\t\t\t\t\t<\/div>\n\t\t<\/section>\n\t\t\t\t<\/div>\n\t\t","protected":false},"excerpt":{"rendered":"<p>L&rsquo;\u00e9rythritol est un alcool de sucre\/polyol naturel dont l&rsquo;utilisation en tant qu&rsquo;additif alimentaire est approuv\u00e9e dans le monde entier. L&rsquo;\u00e9rythritol est presque 70 % aussi sucr\u00e9 que le sucre et est utilis\u00e9 comme \u00e9dulcorant en vrac. L&rsquo;\u00e9rythritol a \u00e9t\u00e9 d\u00e9couvert en 1848 et se trouve naturellement dans certains fruits et aliments ferment\u00e9s. Le profil aromatique de l&rsquo;\u00e9rythritol est tr\u00e8s similaire \u00e0 celui du sucre. Il n&rsquo;est pas cariog\u00e8ne et pr\u00e9sente la tol\u00e9rance digestive la plus \u00e9lev\u00e9e des polyols. Comme il est naturel, il ne provoque pas d&rsquo;effets secondaires et son go\u00fbt est presque identique \u00e0 celui du sucre, sans les calories.     <\/p>\n","protected":false},"author":6,"featured_media":9052,"parent":0,"menu_order":0,"template":"","format":"standard","meta":{"_acf_changed":false},"product-categorieen":[277],"class_list":["post-9167","product","type-product","status-publish","format-standard","has-post-thumbnail","hentry","product-categorieen-polyols-fr"],"acf":[],"yoast_head":"<!-- This site is optimized with the Yoast SEO plugin v27.3 - https:\/\/yoast.com\/product\/yoast-seo-wordpress\/ -->\n<title>Erythritol : Substitut naturel de l&#039;\u00e9dulcorant<\/title>\n<meta name=\"description\" content=\"D\u00e9couvrez l&#039;\u00e9rythritol : Additif naturel d&#039;alcool de sucre, presque aussi sucr\u00e9 que le sucre. Non cariog\u00e8ne, haute tol\u00e9rance digestive et sans calories, il imite le go\u00fbt du sucre sans effets secondaires.\" \/>\n<meta name=\"robots\" content=\"index, follow, max-snippet:-1, max-image-preview:large, max-video-preview:-1\" \/>\n<link rel=\"canonical\" href=\"https:\/\/vw-ingredients.com\/fr\/produit\/erythritol\" \/>\n<meta property=\"og:locale\" content=\"fr_FR\" \/>\n<meta property=\"og:type\" content=\"article\" \/>\n<meta property=\"og:title\" content=\"Erythritol : Substitut naturel de l&#039;\u00e9dulcorant\" \/>\n<meta property=\"og:description\" content=\"D\u00e9couvrez l&#039;\u00e9rythritol : Additif naturel d&#039;alcool de sucre, presque aussi sucr\u00e9 que le sucre. Non cariog\u00e8ne, haute tol\u00e9rance digestive et sans calories, il imite le go\u00fbt du sucre sans effets secondaires.\" \/>\n<meta property=\"og:url\" content=\"https:\/\/vw-ingredients.com\/fr\/produit\/erythritol\" \/>\n<meta property=\"og:site_name\" content=\"Van Wankum Ingredients\" \/>\n<meta property=\"article:modified_time\" content=\"2025-02-11T10:35:51+00:00\" \/>\n<meta property=\"og:image\" content=\"https:\/\/vw-ingredients.com\/wp-content\/uploads\/2021\/10\/Erythritol.jpg\" \/>\n\t<meta property=\"og:image:width\" content=\"1500\" \/>\n\t<meta property=\"og:image:height\" content=\"1001\" \/>\n\t<meta property=\"og:image:type\" content=\"image\/jpeg\" \/>\n<meta name=\"twitter:card\" content=\"summary_large_image\" \/>\n<meta name=\"twitter:label1\" content=\"Dur\u00e9e de lecture estim\u00e9e\" \/>\n\t<meta name=\"twitter:data1\" content=\"1 minute\" \/>\n<script type=\"application\/ld+json\" class=\"yoast-schema-graph\">{\"@context\":\"https:\\\/\\\/schema.org\",\"@graph\":[{\"@type\":\"WebPage\",\"@id\":\"https:\\\/\\\/vw-ingredients.com\\\/fr\\\/produit\\\/erythritol\",\"url\":\"https:\\\/\\\/vw-ingredients.com\\\/fr\\\/produit\\\/erythritol\",\"name\":\"Erythritol : Substitut naturel de l'\u00e9dulcorant\",\"isPartOf\":{\"@id\":\"https:\\\/\\\/vw-ingredients.com\\\/fr#website\"},\"primaryImageOfPage\":{\"@id\":\"https:\\\/\\\/vw-ingredients.com\\\/fr\\\/produit\\\/erythritol#primaryimage\"},\"image\":{\"@id\":\"https:\\\/\\\/vw-ingredients.com\\\/fr\\\/produit\\\/erythritol#primaryimage\"},\"thumbnailUrl\":\"https:\\\/\\\/vw-ingredients.com\\\/wp-content\\\/uploads\\\/2021\\\/10\\\/Erythritol.jpg\",\"datePublished\":\"2021-10-14T15:42:34+00:00\",\"dateModified\":\"2025-02-11T10:35:51+00:00\",\"description\":\"D\u00e9couvrez l'\u00e9rythritol : Additif naturel d'alcool de sucre, presque aussi sucr\u00e9 que le sucre. Non cariog\u00e8ne, haute tol\u00e9rance digestive et sans calories, il imite le go\u00fbt du sucre sans effets secondaires.\",\"breadcrumb\":{\"@id\":\"https:\\\/\\\/vw-ingredients.com\\\/fr\\\/produit\\\/erythritol#breadcrumb\"},\"inLanguage\":\"fr-FR\",\"potentialAction\":[{\"@type\":\"ReadAction\",\"target\":[\"https:\\\/\\\/vw-ingredients.com\\\/fr\\\/produit\\\/erythritol\"]}]},{\"@type\":\"ImageObject\",\"inLanguage\":\"fr-FR\",\"@id\":\"https:\\\/\\\/vw-ingredients.com\\\/fr\\\/produit\\\/erythritol#primaryimage\",\"url\":\"https:\\\/\\\/vw-ingredients.com\\\/wp-content\\\/uploads\\\/2021\\\/10\\\/Erythritol.jpg\",\"contentUrl\":\"https:\\\/\\\/vw-ingredients.com\\\/wp-content\\\/uploads\\\/2021\\\/10\\\/Erythritol.jpg\",\"width\":1500,\"height\":1001,\"caption\":\"Jars with colored sugar in shape of heart\"},{\"@type\":\"BreadcrumbList\",\"@id\":\"https:\\\/\\\/vw-ingredients.com\\\/fr\\\/produit\\\/erythritol#breadcrumb\",\"itemListElement\":[{\"@type\":\"ListItem\",\"position\":1,\"name\":\"Home\",\"item\":\"https:\\\/\\\/vw-ingredients.com\\\/fr\"},{\"@type\":\"ListItem\",\"position\":2,\"name\":\"Products\",\"item\":\"https:\\\/\\\/vw-ingredients.com\\\/fr\\\/produit\"},{\"@type\":\"ListItem\",\"position\":3,\"name\":\"Erythritol\"}]},{\"@type\":\"WebSite\",\"@id\":\"https:\\\/\\\/vw-ingredients.com\\\/fr#website\",\"url\":\"https:\\\/\\\/vw-ingredients.com\\\/fr\",\"name\":\"Van Wankum Ingredients\",\"description\":\"\",\"potentialAction\":[{\"@type\":\"SearchAction\",\"target\":{\"@type\":\"EntryPoint\",\"urlTemplate\":\"https:\\\/\\\/vw-ingredients.com\\\/fr?s={search_term_string}\"},\"query-input\":{\"@type\":\"PropertyValueSpecification\",\"valueRequired\":true,\"valueName\":\"search_term_string\"}}],\"inLanguage\":\"fr-FR\"}]}<\/script>\n<!-- \/ Yoast SEO plugin. -->","yoast_head_json":{"title":"Erythritol : Substitut naturel de l'\u00e9dulcorant","description":"D\u00e9couvrez l'\u00e9rythritol : Additif naturel d'alcool de sucre, presque aussi sucr\u00e9 que le sucre. Non cariog\u00e8ne, haute tol\u00e9rance digestive et sans calories, il imite le go\u00fbt du sucre sans effets secondaires.","robots":{"index":"index","follow":"follow","max-snippet":"max-snippet:-1","max-image-preview":"max-image-preview:large","max-video-preview":"max-video-preview:-1"},"canonical":"https:\/\/vw-ingredients.com\/fr\/produit\/erythritol","og_locale":"fr_FR","og_type":"article","og_title":"Erythritol : Substitut naturel de l'\u00e9dulcorant","og_description":"D\u00e9couvrez l'\u00e9rythritol : Additif naturel d'alcool de sucre, presque aussi sucr\u00e9 que le sucre. Non cariog\u00e8ne, haute tol\u00e9rance digestive et sans calories, il imite le go\u00fbt du sucre sans effets secondaires.","og_url":"https:\/\/vw-ingredients.com\/fr\/produit\/erythritol","og_site_name":"Van Wankum Ingredients","article_modified_time":"2025-02-11T10:35:51+00:00","og_image":[{"width":1500,"height":1001,"url":"https:\/\/vw-ingredients.com\/wp-content\/uploads\/2021\/10\/Erythritol.jpg","type":"image\/jpeg"}],"twitter_card":"summary_large_image","twitter_misc":{"Dur\u00e9e de lecture estim\u00e9e":"1 minute"},"schema":{"@context":"https:\/\/schema.org","@graph":[{"@type":"WebPage","@id":"https:\/\/vw-ingredients.com\/fr\/produit\/erythritol","url":"https:\/\/vw-ingredients.com\/fr\/produit\/erythritol","name":"Erythritol : Substitut naturel de l'\u00e9dulcorant","isPartOf":{"@id":"https:\/\/vw-ingredients.com\/fr#website"},"primaryImageOfPage":{"@id":"https:\/\/vw-ingredients.com\/fr\/produit\/erythritol#primaryimage"},"image":{"@id":"https:\/\/vw-ingredients.com\/fr\/produit\/erythritol#primaryimage"},"thumbnailUrl":"https:\/\/vw-ingredients.com\/wp-content\/uploads\/2021\/10\/Erythritol.jpg","datePublished":"2021-10-14T15:42:34+00:00","dateModified":"2025-02-11T10:35:51+00:00","description":"D\u00e9couvrez l'\u00e9rythritol : Additif naturel d'alcool de sucre, presque aussi sucr\u00e9 que le sucre. Non cariog\u00e8ne, haute tol\u00e9rance digestive et sans calories, il imite le go\u00fbt du sucre sans effets secondaires.","breadcrumb":{"@id":"https:\/\/vw-ingredients.com\/fr\/produit\/erythritol#breadcrumb"},"inLanguage":"fr-FR","potentialAction":[{"@type":"ReadAction","target":["https:\/\/vw-ingredients.com\/fr\/produit\/erythritol"]}]},{"@type":"ImageObject","inLanguage":"fr-FR","@id":"https:\/\/vw-ingredients.com\/fr\/produit\/erythritol#primaryimage","url":"https:\/\/vw-ingredients.com\/wp-content\/uploads\/2021\/10\/Erythritol.jpg","contentUrl":"https:\/\/vw-ingredients.com\/wp-content\/uploads\/2021\/10\/Erythritol.jpg","width":1500,"height":1001,"caption":"Jars with colored sugar in shape of heart"},{"@type":"BreadcrumbList","@id":"https:\/\/vw-ingredients.com\/fr\/produit\/erythritol#breadcrumb","itemListElement":[{"@type":"ListItem","position":1,"name":"Home","item":"https:\/\/vw-ingredients.com\/fr"},{"@type":"ListItem","position":2,"name":"Products","item":"https:\/\/vw-ingredients.com\/fr\/produit"},{"@type":"ListItem","position":3,"name":"Erythritol"}]},{"@type":"WebSite","@id":"https:\/\/vw-ingredients.com\/fr#website","url":"https:\/\/vw-ingredients.com\/fr","name":"Van Wankum Ingredients","description":"","potentialAction":[{"@type":"SearchAction","target":{"@type":"EntryPoint","urlTemplate":"https:\/\/vw-ingredients.com\/fr?s={search_term_string}"},"query-input":{"@type":"PropertyValueSpecification","valueRequired":true,"valueName":"search_term_string"}}],"inLanguage":"fr-FR"}]}},"_links":{"self":[{"href":"https:\/\/vw-ingredients.com\/fr\/wp-json\/wp\/v2\/product\/9167","targetHints":{"allow":["GET"]}}],"collection":[{"href":"https:\/\/vw-ingredients.com\/fr\/wp-json\/wp\/v2\/product"}],"about":[{"href":"https:\/\/vw-ingredients.com\/fr\/wp-json\/wp\/v2\/types\/product"}],"author":[{"embeddable":true,"href":"https:\/\/vw-ingredients.com\/fr\/wp-json\/wp\/v2\/users\/6"}],"version-history":[{"count":1,"href":"https:\/\/vw-ingredients.com\/fr\/wp-json\/wp\/v2\/product\/9167\/revisions"}],"predecessor-version":[{"id":9168,"href":"https:\/\/vw-ingredients.com\/fr\/wp-json\/wp\/v2\/product\/9167\/revisions\/9168"}],"wp:featuredmedia":[{"embeddable":true,"href":"https:\/\/vw-ingredients.com\/fr\/wp-json\/wp\/v2\/media\/9052"}],"wp:attachment":[{"href":"https:\/\/vw-ingredients.com\/fr\/wp-json\/wp\/v2\/media?parent=9167"}],"wp:term":[{"taxonomy":"product-categorieen","embeddable":true,"href":"https:\/\/vw-ingredients.com\/fr\/wp-json\/wp\/v2\/product-categorieen?post=9167"}],"curies":[{"name":"wp","href":"https:\/\/api.w.org\/{rel}","templated":true}]}}