{"id":9085,"date":"2024-03-27T16:39:56","date_gmt":"2024-03-27T16:39:56","guid":{"rendered":"https:\/\/vw-ingredients.com\/product\/proteines-de-soja"},"modified":"2025-02-11T10:32:51","modified_gmt":"2025-02-11T10:32:51","slug":"proteines-de-soja","status":"publish","type":"product","link":"https:\/\/vw-ingredients.com\/fr\/produit\/proteines-de-soja","title":{"rendered":"Prot\u00e9ines de soja"},"content":{"rendered":"\t\t<div data-elementor-type=\"wp-post\" data-elementor-id=\"9085\" class=\"elementor elementor-9085 elementor-3444\" data-elementor-post-type=\"product\">\n\t\t\t\t\t\t<section class=\"elementor-section elementor-top-section elementor-element elementor-element-7b34427 elementor-section-boxed elementor-section-height-default elementor-section-height-default\" data-id=\"7b34427\" data-element_type=\"section\" data-e-type=\"section\" data-settings=\"{&quot;jet_parallax_layout_list&quot;:[]}\">\n\t\t\t\t\t\t<div class=\"elementor-container elementor-column-gap-default\">\n\t\t\t\t\t<div class=\"elementor-column elementor-col-100 elementor-top-column elementor-element elementor-element-af091e9\" data-id=\"af091e9\" data-element_type=\"column\" data-e-type=\"column\">\n\t\t\t<div class=\"elementor-widget-wrap elementor-element-populated\">\n\t\t\t\t\t\t<div class=\"elementor-element elementor-element-7d03cdb elementor-widget elementor-widget-text-editor\" data-id=\"7d03cdb\" data-element_type=\"widget\" data-e-type=\"widget\" data-widget_type=\"text-editor.default\">\n\t\t\t\t<div class=\"elementor-widget-container\">\n\t\t\t\t\t\t\t\t\t<p><span style=\"font-weight: 400;\"><strong>Nom chimique<\/strong>:<\/span><\/p>\n<p><span style=\"font-weight: 400;\"><strong>Synonymes<\/strong>: E1400, polym\u00e8re de glucose<\/span><\/p>\n\t\t\t\t\t\t\t\t<\/div>\n\t\t\t\t<\/div>\n\t\t\t\t<div class=\"elementor-element elementor-element-87a0b61 elementor-widget elementor-widget-heading\" data-id=\"87a0b61\" data-element_type=\"widget\" data-e-type=\"widget\" data-widget_type=\"heading.default\">\n\t\t\t\t<div class=\"elementor-widget-container\">\n\t\t\t\t\t<h2 class=\"elementor-heading-title elementor-size-default\">Les avantages de la prot\u00e9ine de soja :<\/h2>\t\t\t\t<\/div>\n\t\t\t\t<\/div>\n\t\t\t\t<div class=\"elementor-element elementor-element-24d70f6 elementor-align-start elementor-icon-list--layout-traditional elementor-list-item-link-full_width elementor-widget elementor-widget-icon-list\" data-id=\"24d70f6\" data-element_type=\"widget\" data-e-type=\"widget\" data-widget_type=\"icon-list.default\">\n\t\t\t\t<div class=\"elementor-widget-container\">\n\t\t\t\t\t\t\t<ul class=\"elementor-icon-list-items\">\n\t\t\t\t\t\t\t<li class=\"elementor-icon-list-item\">\n\t\t\t\t\t\t\t\t\t\t\t<span class=\"elementor-icon-list-icon\">\n\t\t\t\t\t\t\t<i aria-hidden=\"true\" class=\"fas fa-circle\"><\/i>\t\t\t\t\t\t<\/span>\n\t\t\t\t\t\t\t\t\t\t<span class=\"elementor-icon-list-text\">Prot\u00e9ine compl\u00e8te : La prot\u00e9ine de soja contient tous les acides amin\u00e9s essentiels, ce qui est id\u00e9al pour ceux qui recherchent une prot\u00e9ine v\u00e9g\u00e9tale de haute qualit\u00e9.<\/span>\n\t\t\t\t\t\t\t\t\t<\/li>\n\t\t\t\t\t\t\t\t<li class=\"elementor-icon-list-item\">\n\t\t\t\t\t\t\t\t\t\t\t<span class=\"elementor-icon-list-icon\">\n\t\t\t\t\t\t\t<i aria-hidden=\"true\" class=\"fas fa-circle\"><\/i>\t\t\t\t\t\t<\/span>\n\t\t\t\t\t\t\t\t\t\t<span class=\"elementor-icon-list-text\">Polyvalence di\u00e9t\u00e9tique : Convient \u00e0 divers r\u00e9gimes, notamment v\u00e9g\u00e9tarien, v\u00e9g\u00e9talien, sans gluten et sans lactose, ce qui permet d'attirer les clients ayant des besoins ou des pr\u00e9f\u00e9rences alimentaires sp\u00e9cifiques.<\/span>\n\t\t\t\t\t\t\t\t\t<\/li>\n\t\t\t\t\t\t\t\t<li class=\"elementor-icon-list-item\">\n\t\t\t\t\t\t\t\t\t\t\t<span class=\"elementor-icon-list-icon\">\n\t\t\t\t\t\t\t<i aria-hidden=\"true\" class=\"fas fa-circle\"><\/i>\t\t\t\t\t\t<\/span>\n\t\t\t\t\t\t\t\t\t\t<span class=\"elementor-icon-list-text\">Construction musculaire et r\u00e9cup\u00e9ration : Id\u00e9ale pour les clients qui font du sport et du fitness, la prot\u00e9ine de soja contribue \u00e0 la construction musculaire, \u00e0 la r\u00e9cup\u00e9ration apr\u00e8s l'entra\u00eenement et au maintien de la masse musculaire maigre.<\/span>\n\t\t\t\t\t\t\t\t\t<\/li>\n\t\t\t\t\t\t\t\t<li class=\"elementor-icon-list-item\">\n\t\t\t\t\t\t\t\t\t\t\t<span class=\"elementor-icon-list-icon\">\n\t\t\t\t\t\t\t<i aria-hidden=\"true\" class=\"fas fa-circle\"><\/i>\t\t\t\t\t\t<\/span>\n\t\t\t\t\t\t\t\t\t\t<span class=\"elementor-icon-list-text\">Durabilit\u00e9 : Consid\u00e9r\u00e9e comme une source de prot\u00e9ines durables ayant un impact environnemental plus faible que les prot\u00e9ines d'origine animale, elle s\u00e9duit les clients soucieux de l'environnement.<\/span>\n\t\t\t\t\t\t\t\t\t<\/li>\n\t\t\t\t\t\t<\/ul>\n\t\t\t\t\t\t<\/div>\n\t\t\t\t<\/div>\n\t\t\t\t<div class=\"elementor-element elementor-element-93b9e01 elementor-widget elementor-widget-heading\" data-id=\"93b9e01\" data-element_type=\"widget\" data-e-type=\"widget\" data-widget_type=\"heading.default\">\n\t\t\t\t<div class=\"elementor-widget-container\">\n\t\t\t\t\t<h2 class=\"elementor-heading-title elementor-size-default\">Applications :<\/h2>\t\t\t\t<\/div>\n\t\t\t\t<\/div>\n\t\t\t\t<div class=\"elementor-element elementor-element-3488a42 elementor-align-start elementor-icon-list--layout-traditional elementor-list-item-link-full_width elementor-widget elementor-widget-icon-list\" data-id=\"3488a42\" data-element_type=\"widget\" data-e-type=\"widget\" data-widget_type=\"icon-list.default\">\n\t\t\t\t<div class=\"elementor-widget-container\">\n\t\t\t\t\t\t\t<ul class=\"elementor-icon-list-items\">\n\t\t\t\t\t\t\t<li class=\"elementor-icon-list-item\">\n\t\t\t\t\t\t\t\t\t\t\t<span class=\"elementor-icon-list-icon\">\n\t\t\t\t\t\t\t<i aria-hidden=\"true\" class=\"fas fa-circle\"><\/i>\t\t\t\t\t\t<\/span>\n\t\t\t\t\t\t\t\t\t\t<span class=\"elementor-icon-list-text\">Produits nutritionnels et di\u00e9t\u00e9tiques<\/span>\n\t\t\t\t\t\t\t\t\t<\/li>\n\t\t\t\t\t\t\t\t<li class=\"elementor-icon-list-item\">\n\t\t\t\t\t\t\t\t\t\t\t<span class=\"elementor-icon-list-icon\">\n\t\t\t\t\t\t\t<i aria-hidden=\"true\" class=\"fas fa-circle\"><\/i>\t\t\t\t\t\t<\/span>\n\t\t\t\t\t\t\t\t\t\t<span class=\"elementor-icon-list-text\">Poudre de prot\u00e9ines v\u00e9g\u00e9talienne\/v\u00e9g\u00e9tarienne<\/span>\n\t\t\t\t\t\t\t\t\t<\/li>\n\t\t\t\t\t\t\t\t<li class=\"elementor-icon-list-item\">\n\t\t\t\t\t\t\t\t\t\t\t<span class=\"elementor-icon-list-icon\">\n\t\t\t\t\t\t\t<i aria-hidden=\"true\" class=\"fas fa-circle\"><\/i>\t\t\t\t\t\t<\/span>\n\t\t\t\t\t\t\t\t\t\t<span class=\"elementor-icon-list-text\">Barres prot\u00e9in\u00e9es v\u00e9g\u00e9taliennes\/v\u00e9g\u00e9tariennes<\/span>\n\t\t\t\t\t\t\t\t\t<\/li>\n\t\t\t\t\t\t\t\t<li class=\"elementor-icon-list-item\">\n\t\t\t\t\t\t\t\t\t\t\t<span class=\"elementor-icon-list-icon\">\n\t\t\t\t\t\t\t<i aria-hidden=\"true\" class=\"fas fa-circle\"><\/i>\t\t\t\t\t\t<\/span>\n\t\t\t\t\t\t\t\t\t\t<span class=\"elementor-icon-list-text\">Nutrition sportive<\/span>\n\t\t\t\t\t\t\t\t\t<\/li>\n\t\t\t\t\t\t\t\t<li class=\"elementor-icon-list-item\">\n\t\t\t\t\t\t\t\t\t\t\t<span class=\"elementor-icon-list-icon\">\n\t\t\t\t\t\t\t<i aria-hidden=\"true\" class=\"fas fa-circle\"><\/i>\t\t\t\t\t\t<\/span>\n\t\t\t\t\t\t\t\t\t\t<span class=\"elementor-icon-list-text\">Aliments amaigrissants<\/span>\n\t\t\t\t\t\t\t\t\t<\/li>\n\t\t\t\t\t\t\t\t<li class=\"elementor-icon-list-item\">\n\t\t\t\t\t\t\t\t\t\t\t<span class=\"elementor-icon-list-icon\">\n\t\t\t\t\t\t\t<i aria-hidden=\"true\" class=\"fas fa-circle\"><\/i>\t\t\t\t\t\t<\/span>\n\t\t\t\t\t\t\t\t\t\t<span class=\"elementor-icon-list-text\">Pr\u00e9paration pour nourrissons<\/span>\n\t\t\t\t\t\t\t\t\t<\/li>\n\t\t\t\t\t\t<\/ul>\n\t\t\t\t\t\t<\/div>\n\t\t\t\t<\/div>\n\t\t\t\t<div class=\"elementor-element elementor-element-6c47344 elementor-widget elementor-widget-heading\" data-id=\"6c47344\" data-element_type=\"widget\" data-e-type=\"widget\" data-widget_type=\"heading.default\">\n\t\t\t\t<div class=\"elementor-widget-container\">\n\t\t\t\t\t<h2 class=\"elementor-heading-title elementor-size-default\">Niveaux disponibles :<\/h2>\t\t\t\t<\/div>\n\t\t\t\t<\/div>\n\t\t\t\t<div class=\"elementor-element elementor-element-68c5944 elementor-align-start elementor-icon-list--layout-traditional elementor-list-item-link-full_width elementor-widget elementor-widget-icon-list\" data-id=\"68c5944\" data-element_type=\"widget\" data-e-type=\"widget\" data-widget_type=\"icon-list.default\">\n\t\t\t\t<div class=\"elementor-widget-container\">\n\t\t\t\t\t\t\t<ul class=\"elementor-icon-list-items\">\n\t\t\t\t\t\t\t<li class=\"elementor-icon-list-item\">\n\t\t\t\t\t\t\t\t\t\t\t<span class=\"elementor-icon-list-icon\">\n\t\t\t\t\t\t\t<i aria-hidden=\"true\" class=\"fas fa-circle\"><\/i>\t\t\t\t\t\t<\/span>\n\t\t\t\t\t\t\t\t\t\t<span class=\"elementor-icon-list-text\">Poudre<\/span>\n\t\t\t\t\t\t\t\t\t<\/li>\n\t\t\t\t\t\t<\/ul>\n\t\t\t\t\t\t<\/div>\n\t\t\t\t<\/div>\n\t\t\t\t<div class=\"elementor-element elementor-element-628c1b4 elementor-widget elementor-widget-heading\" data-id=\"628c1b4\" data-element_type=\"widget\" data-e-type=\"widget\" data-widget_type=\"heading.default\">\n\t\t\t\t<div class=\"elementor-widget-container\">\n\t\t\t\t\t<h2 class=\"elementor-heading-title elementor-size-default\">Concentrations disponibles :<\/h2>\t\t\t\t<\/div>\n\t\t\t\t<\/div>\n\t\t\t\t<div class=\"elementor-element elementor-element-06c766c elementor-align-start elementor-icon-list--layout-traditional elementor-list-item-link-full_width elementor-widget elementor-widget-icon-list\" data-id=\"06c766c\" data-element_type=\"widget\" data-e-type=\"widget\" data-widget_type=\"icon-list.default\">\n\t\t\t\t<div class=\"elementor-widget-container\">\n\t\t\t\t\t\t\t<ul class=\"elementor-icon-list-items\">\n\t\t\t\t\t\t\t<li class=\"elementor-icon-list-item\">\n\t\t\t\t\t\t\t\t\t\t\t<span class=\"elementor-icon-list-icon\">\n\t\t\t\t\t\t\t<i aria-hidden=\"true\" class=\"fas fa-circle\"><\/i>\t\t\t\t\t\t<\/span>\n\t\t\t\t\t\t\t\t\t\t<span class=\"elementor-icon-list-text\">70%<\/span>\n\t\t\t\t\t\t\t\t\t<\/li>\n\t\t\t\t\t\t\t\t<li class=\"elementor-icon-list-item\">\n\t\t\t\t\t\t\t\t\t\t\t<span class=\"elementor-icon-list-icon\">\n\t\t\t\t\t\t\t<i aria-hidden=\"true\" class=\"fas fa-circle\"><\/i>\t\t\t\t\t\t<\/span>\n\t\t\t\t\t\t\t\t\t\t<span class=\"elementor-icon-list-text\">90%<\/span>\n\t\t\t\t\t\t\t\t\t<\/li>\n\t\t\t\t\t\t\t\t<li class=\"elementor-icon-list-item\">\n\t\t\t\t\t\t\t\t\t\t\t<span class=\"elementor-icon-list-icon\">\n\t\t\t\t\t\t\t<i aria-hidden=\"true\" class=\"fas fa-circle\"><\/i>\t\t\t\t\t\t<\/span>\n\t\t\t\t\t\t\t\t\t\t<span class=\"elementor-icon-list-text\">95%<\/span>\n\t\t\t\t\t\t\t\t\t<\/li>\n\t\t\t\t\t\t<\/ul>\n\t\t\t\t\t\t<\/div>\n\t\t\t\t<\/div>\n\t\t\t\t\t<\/div>\n\t\t<\/div>\n\t\t\t\t\t<\/div>\n\t\t<\/section>\n\t\t\t\t<\/div>\n\t\t","protected":false},"excerpt":{"rendered":"<p>La prot\u00e9ine de soja est une source de prot\u00e9ines de haute qualit\u00e9 d\u00e9riv\u00e9e des graines de soja. En tant que source compl\u00e8te de prot\u00e9ines d&rsquo;origine v\u00e9g\u00e9tale, la prot\u00e9ine de soja est id\u00e9ale pour les v\u00e9g\u00e9tariens et les v\u00e9g\u00e9taliens, mais elle constitue \u00e9galement un excellent choix pour toute personne souhaitant augmenter son apport en prot\u00e9ines. Gr\u00e2ce \u00e0 sa polyvalence et \u00e0 ses avantages nutritionnels, la prot\u00e9ine de soja est un excellent compl\u00e9ment \u00e0 tout r\u00e9gime alimentaire et un alli\u00e9 puissant pour atteindre les objectifs de remise en forme.  <\/p>\n","protected":false},"author":6,"featured_media":9086,"parent":0,"menu_order":0,"template":"","format":"standard","meta":{"_acf_changed":false},"product-categorieen":[280],"class_list":["post-9085","product","type-product","status-publish","format-standard","has-post-thumbnail","hentry","product-categorieen-proteines-vegetales"],"acf":[],"yoast_head":"<!-- This site is optimized with the Yoast SEO plugin v27.3 - https:\/\/yoast.com\/product\/yoast-seo-wordpress\/ -->\n<title>Prot\u00e9ines de soja - Van Wankum Ingredients<\/title>\n<meta name=\"description\" content=\"Galacto-oligosaccharides\" \/>\n<meta name=\"robots\" content=\"index, follow, max-snippet:-1, max-image-preview:large, max-video-preview:-1\" \/>\n<link rel=\"canonical\" href=\"https:\/\/vw-ingredients.com\/fr\/produit\/proteines-de-soja\" \/>\n<meta property=\"og:locale\" content=\"fr_FR\" \/>\n<meta property=\"og:type\" content=\"article\" \/>\n<meta property=\"og:title\" content=\"Prot\u00e9ines de soja - Van Wankum Ingredients\" \/>\n<meta property=\"og:description\" content=\"Galacto-oligosaccharides\" \/>\n<meta property=\"og:url\" content=\"https:\/\/vw-ingredients.com\/fr\/produit\/proteines-de-soja\" \/>\n<meta property=\"og:site_name\" content=\"Van Wankum Ingredients\" \/>\n<meta property=\"article:modified_time\" content=\"2025-02-11T10:32:51+00:00\" \/>\n<meta property=\"og:image\" content=\"https:\/\/vw-ingredients.com\/wp-content\/uploads\/2024\/03\/Soya-scaled.jpg\" \/>\n\t<meta property=\"og:image:width\" content=\"2560\" \/>\n\t<meta property=\"og:image:height\" content=\"1706\" \/>\n\t<meta property=\"og:image:type\" content=\"image\/jpeg\" \/>\n<meta name=\"twitter:card\" content=\"summary_large_image\" \/>\n<meta name=\"twitter:label1\" content=\"Dur\u00e9e de lecture estim\u00e9e\" \/>\n\t<meta name=\"twitter:data1\" content=\"1 minute\" \/>\n<script type=\"application\/ld+json\" class=\"yoast-schema-graph\">{\"@context\":\"https:\\\/\\\/schema.org\",\"@graph\":[{\"@type\":\"WebPage\",\"@id\":\"https:\\\/\\\/vw-ingredients.com\\\/fr\\\/produit\\\/proteines-de-soja\",\"url\":\"https:\\\/\\\/vw-ingredients.com\\\/fr\\\/produit\\\/proteines-de-soja\",\"name\":\"Prot\u00e9ines de soja - Van Wankum Ingredients\",\"isPartOf\":{\"@id\":\"https:\\\/\\\/vw-ingredients.com\\\/fr#website\"},\"primaryImageOfPage\":{\"@id\":\"https:\\\/\\\/vw-ingredients.com\\\/fr\\\/produit\\\/proteines-de-soja#primaryimage\"},\"image\":{\"@id\":\"https:\\\/\\\/vw-ingredients.com\\\/fr\\\/produit\\\/proteines-de-soja#primaryimage\"},\"thumbnailUrl\":\"https:\\\/\\\/vw-ingredients.com\\\/wp-content\\\/uploads\\\/2024\\\/03\\\/Soya-scaled.jpg\",\"datePublished\":\"2024-03-27T16:39:56+00:00\",\"dateModified\":\"2025-02-11T10:32:51+00:00\",\"description\":\"Galacto-oligosaccharides\",\"breadcrumb\":{\"@id\":\"https:\\\/\\\/vw-ingredients.com\\\/fr\\\/produit\\\/proteines-de-soja#breadcrumb\"},\"inLanguage\":\"fr-FR\",\"potentialAction\":[{\"@type\":\"ReadAction\",\"target\":[\"https:\\\/\\\/vw-ingredients.com\\\/fr\\\/produit\\\/proteines-de-soja\"]}]},{\"@type\":\"ImageObject\",\"inLanguage\":\"fr-FR\",\"@id\":\"https:\\\/\\\/vw-ingredients.com\\\/fr\\\/produit\\\/proteines-de-soja#primaryimage\",\"url\":\"https:\\\/\\\/vw-ingredients.com\\\/wp-content\\\/uploads\\\/2024\\\/03\\\/Soya-scaled.jpg\",\"contentUrl\":\"https:\\\/\\\/vw-ingredients.com\\\/wp-content\\\/uploads\\\/2024\\\/03\\\/Soya-scaled.jpg\",\"width\":2560,\"height\":1706},{\"@type\":\"BreadcrumbList\",\"@id\":\"https:\\\/\\\/vw-ingredients.com\\\/fr\\\/produit\\\/proteines-de-soja#breadcrumb\",\"itemListElement\":[{\"@type\":\"ListItem\",\"position\":1,\"name\":\"Home\",\"item\":\"https:\\\/\\\/vw-ingredients.com\\\/fr\"},{\"@type\":\"ListItem\",\"position\":2,\"name\":\"Products\",\"item\":\"https:\\\/\\\/vw-ingredients.com\\\/fr\\\/produit\"},{\"@type\":\"ListItem\",\"position\":3,\"name\":\"Prot\u00e9ines de soja\"}]},{\"@type\":\"WebSite\",\"@id\":\"https:\\\/\\\/vw-ingredients.com\\\/fr#website\",\"url\":\"https:\\\/\\\/vw-ingredients.com\\\/fr\",\"name\":\"Van Wankum Ingredients\",\"description\":\"\",\"potentialAction\":[{\"@type\":\"SearchAction\",\"target\":{\"@type\":\"EntryPoint\",\"urlTemplate\":\"https:\\\/\\\/vw-ingredients.com\\\/fr?s={search_term_string}\"},\"query-input\":{\"@type\":\"PropertyValueSpecification\",\"valueRequired\":true,\"valueName\":\"search_term_string\"}}],\"inLanguage\":\"fr-FR\"}]}<\/script>\n<!-- \/ Yoast SEO plugin. -->","yoast_head_json":{"title":"Prot\u00e9ines de soja - Van Wankum Ingredients","description":"Galacto-oligosaccharides","robots":{"index":"index","follow":"follow","max-snippet":"max-snippet:-1","max-image-preview":"max-image-preview:large","max-video-preview":"max-video-preview:-1"},"canonical":"https:\/\/vw-ingredients.com\/fr\/produit\/proteines-de-soja","og_locale":"fr_FR","og_type":"article","og_title":"Prot\u00e9ines de soja - Van Wankum Ingredients","og_description":"Galacto-oligosaccharides","og_url":"https:\/\/vw-ingredients.com\/fr\/produit\/proteines-de-soja","og_site_name":"Van Wankum Ingredients","article_modified_time":"2025-02-11T10:32:51+00:00","og_image":[{"width":2560,"height":1706,"url":"https:\/\/vw-ingredients.com\/wp-content\/uploads\/2024\/03\/Soya-scaled.jpg","type":"image\/jpeg"}],"twitter_card":"summary_large_image","twitter_misc":{"Dur\u00e9e de lecture estim\u00e9e":"1 minute"},"schema":{"@context":"https:\/\/schema.org","@graph":[{"@type":"WebPage","@id":"https:\/\/vw-ingredients.com\/fr\/produit\/proteines-de-soja","url":"https:\/\/vw-ingredients.com\/fr\/produit\/proteines-de-soja","name":"Prot\u00e9ines de soja - Van Wankum Ingredients","isPartOf":{"@id":"https:\/\/vw-ingredients.com\/fr#website"},"primaryImageOfPage":{"@id":"https:\/\/vw-ingredients.com\/fr\/produit\/proteines-de-soja#primaryimage"},"image":{"@id":"https:\/\/vw-ingredients.com\/fr\/produit\/proteines-de-soja#primaryimage"},"thumbnailUrl":"https:\/\/vw-ingredients.com\/wp-content\/uploads\/2024\/03\/Soya-scaled.jpg","datePublished":"2024-03-27T16:39:56+00:00","dateModified":"2025-02-11T10:32:51+00:00","description":"Galacto-oligosaccharides","breadcrumb":{"@id":"https:\/\/vw-ingredients.com\/fr\/produit\/proteines-de-soja#breadcrumb"},"inLanguage":"fr-FR","potentialAction":[{"@type":"ReadAction","target":["https:\/\/vw-ingredients.com\/fr\/produit\/proteines-de-soja"]}]},{"@type":"ImageObject","inLanguage":"fr-FR","@id":"https:\/\/vw-ingredients.com\/fr\/produit\/proteines-de-soja#primaryimage","url":"https:\/\/vw-ingredients.com\/wp-content\/uploads\/2024\/03\/Soya-scaled.jpg","contentUrl":"https:\/\/vw-ingredients.com\/wp-content\/uploads\/2024\/03\/Soya-scaled.jpg","width":2560,"height":1706},{"@type":"BreadcrumbList","@id":"https:\/\/vw-ingredients.com\/fr\/produit\/proteines-de-soja#breadcrumb","itemListElement":[{"@type":"ListItem","position":1,"name":"Home","item":"https:\/\/vw-ingredients.com\/fr"},{"@type":"ListItem","position":2,"name":"Products","item":"https:\/\/vw-ingredients.com\/fr\/produit"},{"@type":"ListItem","position":3,"name":"Prot\u00e9ines de soja"}]},{"@type":"WebSite","@id":"https:\/\/vw-ingredients.com\/fr#website","url":"https:\/\/vw-ingredients.com\/fr","name":"Van Wankum Ingredients","description":"","potentialAction":[{"@type":"SearchAction","target":{"@type":"EntryPoint","urlTemplate":"https:\/\/vw-ingredients.com\/fr?s={search_term_string}"},"query-input":{"@type":"PropertyValueSpecification","valueRequired":true,"valueName":"search_term_string"}}],"inLanguage":"fr-FR"}]}},"_links":{"self":[{"href":"https:\/\/vw-ingredients.com\/fr\/wp-json\/wp\/v2\/product\/9085","targetHints":{"allow":["GET"]}}],"collection":[{"href":"https:\/\/vw-ingredients.com\/fr\/wp-json\/wp\/v2\/product"}],"about":[{"href":"https:\/\/vw-ingredients.com\/fr\/wp-json\/wp\/v2\/types\/product"}],"author":[{"embeddable":true,"href":"https:\/\/vw-ingredients.com\/fr\/wp-json\/wp\/v2\/users\/6"}],"version-history":[{"count":1,"href":"https:\/\/vw-ingredients.com\/fr\/wp-json\/wp\/v2\/product\/9085\/revisions"}],"predecessor-version":[{"id":9088,"href":"https:\/\/vw-ingredients.com\/fr\/wp-json\/wp\/v2\/product\/9085\/revisions\/9088"}],"wp:featuredmedia":[{"embeddable":true,"href":"https:\/\/vw-ingredients.com\/fr\/wp-json\/wp\/v2\/media\/9086"}],"wp:attachment":[{"href":"https:\/\/vw-ingredients.com\/fr\/wp-json\/wp\/v2\/media?parent=9085"}],"wp:term":[{"taxonomy":"product-categorieen","embeddable":true,"href":"https:\/\/vw-ingredients.com\/fr\/wp-json\/wp\/v2\/product-categorieen?post=9085"}],"curies":[{"name":"wp","href":"https:\/\/api.w.org\/{rel}","templated":true}]}}