{"id":9060,"date":"2024-05-08T06:56:26","date_gmt":"2024-05-08T06:56:26","guid":{"rendered":"https:\/\/vw-ingredients.com\/product\/maltodextrine-biologique"},"modified":"2025-02-11T10:30:55","modified_gmt":"2025-02-11T10:30:55","slug":"maltodextrine-biologique","status":"publish","type":"product","link":"https:\/\/vw-ingredients.com\/fr\/produit\/maltodextrine-biologique","title":{"rendered":"Maltodextrine biologique"},"content":{"rendered":"\t\t<div data-elementor-type=\"wp-post\" data-elementor-id=\"9060\" class=\"elementor elementor-9060 elementor-4880\" data-elementor-post-type=\"product\">\n\t\t\t\t\t\t<section class=\"elementor-section elementor-top-section elementor-element elementor-element-7b34427 elementor-section-boxed elementor-section-height-default elementor-section-height-default\" data-id=\"7b34427\" data-element_type=\"section\" data-e-type=\"section\" data-settings=\"{&quot;jet_parallax_layout_list&quot;:[]}\">\n\t\t\t\t\t\t<div class=\"elementor-container elementor-column-gap-default\">\n\t\t\t\t\t<div class=\"elementor-column elementor-col-100 elementor-top-column elementor-element elementor-element-af091e9\" data-id=\"af091e9\" data-element_type=\"column\" data-e-type=\"column\">\n\t\t\t<div class=\"elementor-widget-wrap elementor-element-populated\">\n\t\t\t\t\t\t<div class=\"elementor-element elementor-element-7d03cdb elementor-widget elementor-widget-text-editor\" data-id=\"7d03cdb\" data-element_type=\"widget\" data-e-type=\"widget\" data-widget_type=\"text-editor.default\">\n\t\t\t\t<div class=\"elementor-widget-container\">\n\t\t\t\t\t\t\t\t\t<p><span style=\"font-weight: 400;\"><strong>Nom chimique<\/strong>:<\/span><\/p>\n<p><span style=\"font-weight: 400;\"><strong>Synonymes<\/strong>: E1400, polym\u00e8re de glucose<\/span><\/p>\n\t\t\t\t\t\t\t\t<\/div>\n\t\t\t\t<\/div>\n\t\t\t\t<div class=\"elementor-element elementor-element-87a0b61 elementor-widget elementor-widget-heading\" data-id=\"87a0b61\" data-element_type=\"widget\" data-e-type=\"widget\" data-widget_type=\"heading.default\">\n\t\t\t\t<div class=\"elementor-widget-container\">\n\t\t\t\t\t<h2 class=\"elementor-heading-title elementor-size-default\">Caract\u00e9ristiques :<\/h2>\t\t\t\t<\/div>\n\t\t\t\t<\/div>\n\t\t\t\t<div class=\"elementor-element elementor-element-24d70f6 elementor-align-start elementor-icon-list--layout-traditional elementor-list-item-link-full_width elementor-widget elementor-widget-icon-list\" data-id=\"24d70f6\" data-element_type=\"widget\" data-e-type=\"widget\" data-widget_type=\"icon-list.default\">\n\t\t\t\t<div class=\"elementor-widget-container\">\n\t\t\t\t\t\t\t<ul class=\"elementor-icon-list-items\">\n\t\t\t\t\t\t\t<li class=\"elementor-icon-list-item\">\n\t\t\t\t\t\t\t\t\t\t\t<span class=\"elementor-icon-list-icon\">\n\t\t\t\t\t\t\t<i aria-hidden=\"true\" class=\"fas fa-circle\"><\/i>\t\t\t\t\t\t<\/span>\n\t\t\t\t\t\t\t\t\t\t<span class=\"elementor-icon-list-text\">Source d'hydrates de carbone : La maltodextrine est un hydrate de carbone couramment utilis\u00e9 comme additif alimentaire.<\/span>\n\t\t\t\t\t\t\t\t\t<\/li>\n\t\t\t\t\t\t\t\t<li class=\"elementor-icon-list-item\">\n\t\t\t\t\t\t\t\t\t\t\t<span class=\"elementor-icon-list-icon\">\n\t\t\t\t\t\t\t<i aria-hidden=\"true\" class=\"fas fa-circle\"><\/i>\t\t\t\t\t\t<\/span>\n\t\t\t\t\t\t\t\t\t\t<span class=\"elementor-icon-list-text\">Facilement digestible : Il est rapidement absorb\u00e9 par l'organisme et constitue une source d'\u00e9nergie rapide.<\/span>\n\t\t\t\t\t\t\t\t\t<\/li>\n\t\t\t\t\t\t\t\t<li class=\"elementor-icon-list-item\">\n\t\t\t\t\t\t\t\t\t\t\t<span class=\"elementor-icon-list-icon\">\n\t\t\t\t\t\t\t<i aria-hidden=\"true\" class=\"fas fa-circle\"><\/i>\t\t\t\t\t\t<\/span>\n\t\t\t\t\t\t\t\t\t\t<span class=\"elementor-icon-list-text\">Sans saveur : La maltodextrine a un go\u00fbt neutre, ce qui permet de l'utiliser dans une large gamme de produits alimentaires sans en alt\u00e9rer la saveur.<\/span>\n\t\t\t\t\t\t\t\t\t<\/li>\n\t\t\t\t\t\t\t\t<li class=\"elementor-icon-list-item\">\n\t\t\t\t\t\t\t\t\t\t\t<span class=\"elementor-icon-list-icon\">\n\t\t\t\t\t\t\t<i aria-hidden=\"true\" class=\"fas fa-circle\"><\/i>\t\t\t\t\t\t<\/span>\n\t\t\t\t\t\t\t\t\t\t<span class=\"elementor-icon-list-text\">Modificateur de texture : Il peut am\u00e9liorer la texture et la sensation en bouche des produits alimentaires, en leur donnant une consistance lisse et cr\u00e9meuse.<\/span>\n\t\t\t\t\t\t\t\t\t<\/li>\n\t\t\t\t\t\t\t\t<li class=\"elementor-icon-list-item\">\n\t\t\t\t\t\t\t\t\t\t\t<span class=\"elementor-icon-list-icon\">\n\t\t\t\t\t\t\t<i aria-hidden=\"true\" class=\"fas fa-circle\"><\/i>\t\t\t\t\t\t<\/span>\n\t\t\t\t\t\t\t\t\t\t<span class=\"elementor-icon-list-text\">Agent de charge : La maltodextrine est utilis\u00e9e comme agent de charge dans les produits en poudre tels que les m\u00e9langes secs, les soupes et les desserts.<\/span>\n\t\t\t\t\t\t\t\t\t<\/li>\n\t\t\t\t\t\t<\/ul>\n\t\t\t\t\t\t<\/div>\n\t\t\t\t<\/div>\n\t\t\t\t<div class=\"elementor-element elementor-element-93b9e01 elementor-widget elementor-widget-heading\" data-id=\"93b9e01\" data-element_type=\"widget\" data-e-type=\"widget\" data-widget_type=\"heading.default\">\n\t\t\t\t<div class=\"elementor-widget-container\">\n\t\t\t\t\t<h2 class=\"elementor-heading-title elementor-size-default\">Applications :<\/h2>\t\t\t\t<\/div>\n\t\t\t\t<\/div>\n\t\t\t\t<div class=\"elementor-element elementor-element-3488a42 elementor-align-start elementor-icon-list--layout-traditional elementor-list-item-link-full_width elementor-widget elementor-widget-icon-list\" data-id=\"3488a42\" data-element_type=\"widget\" data-e-type=\"widget\" data-widget_type=\"icon-list.default\">\n\t\t\t\t<div class=\"elementor-widget-container\">\n\t\t\t\t\t\t\t<ul class=\"elementor-icon-list-items\">\n\t\t\t\t\t\t\t<li class=\"elementor-icon-list-item\">\n\t\t\t\t\t\t\t\t\t\t\t<span class=\"elementor-icon-list-icon\">\n\t\t\t\t\t\t\t<i aria-hidden=\"true\" class=\"fas fa-circle\"><\/i>\t\t\t\t\t\t<\/span>\n\t\t\t\t\t\t\t\t\t\t<span class=\"elementor-icon-list-text\">Boissons et m\u00e9langes de boissons<\/span>\n\t\t\t\t\t\t\t\t\t<\/li>\n\t\t\t\t\t\t\t\t<li class=\"elementor-icon-list-item\">\n\t\t\t\t\t\t\t\t\t\t\t<span class=\"elementor-icon-list-icon\">\n\t\t\t\t\t\t\t<i aria-hidden=\"true\" class=\"fas fa-circle\"><\/i>\t\t\t\t\t\t<\/span>\n\t\t\t\t\t\t\t\t\t\t<span class=\"elementor-icon-list-text\">Boissons gazeuses<\/span>\n\t\t\t\t\t\t\t\t\t<\/li>\n\t\t\t\t\t\t\t\t<li class=\"elementor-icon-list-item\">\n\t\t\t\t\t\t\t\t\t\t\t<span class=\"elementor-icon-list-icon\">\n\t\t\t\t\t\t\t<i aria-hidden=\"true\" class=\"fas fa-circle\"><\/i>\t\t\t\t\t\t<\/span>\n\t\t\t\t\t\t\t\t\t\t<span class=\"elementor-icon-list-text\">Boissons non gazeuses<\/span>\n\t\t\t\t\t\t\t\t\t<\/li>\n\t\t\t\t\t\t\t\t<li class=\"elementor-icon-list-item\">\n\t\t\t\t\t\t\t\t\t\t\t<span class=\"elementor-icon-list-icon\">\n\t\t\t\t\t\t\t<i aria-hidden=\"true\" class=\"fas fa-circle\"><\/i>\t\t\t\t\t\t<\/span>\n\t\t\t\t\t\t\t\t\t\t<span class=\"elementor-icon-list-text\">Bonbons durs et mous<\/span>\n\t\t\t\t\t\t\t\t\t<\/li>\n\t\t\t\t\t\t\t\t<li class=\"elementor-icon-list-item\">\n\t\t\t\t\t\t\t\t\t\t\t<span class=\"elementor-icon-list-icon\">\n\t\t\t\t\t\t\t<i aria-hidden=\"true\" class=\"fas fa-circle\"><\/i>\t\t\t\t\t\t<\/span>\n\t\t\t\t\t\t\t\t\t\t<span class=\"elementor-icon-list-text\">Confitures et gel\u00e9es<\/span>\n\t\t\t\t\t\t\t\t\t<\/li>\n\t\t\t\t\t\t\t\t<li class=\"elementor-icon-list-item\">\n\t\t\t\t\t\t\t\t\t\t\t<span class=\"elementor-icon-list-icon\">\n\t\t\t\t\t\t\t<i aria-hidden=\"true\" class=\"fas fa-circle\"><\/i>\t\t\t\t\t\t<\/span>\n\t\t\t\t\t\t\t\t\t\t<span class=\"elementor-icon-list-text\">Bonbons et comprim\u00e9s \u00e0 croquer<\/span>\n\t\t\t\t\t\t\t\t\t<\/li>\n\t\t\t\t\t\t\t\t<li class=\"elementor-icon-list-item\">\n\t\t\t\t\t\t\t\t\t\t\t<span class=\"elementor-icon-list-icon\">\n\t\t\t\t\t\t\t<i aria-hidden=\"true\" class=\"fas fa-circle\"><\/i>\t\t\t\t\t\t<\/span>\n\t\t\t\t\t\t\t\t\t\t<span class=\"elementor-icon-list-text\">Produits laitiers<\/span>\n\t\t\t\t\t\t\t\t\t<\/li>\n\t\t\t\t\t\t\t\t<li class=\"elementor-icon-list-item\">\n\t\t\t\t\t\t\t\t\t\t\t<span class=\"elementor-icon-list-icon\">\n\t\t\t\t\t\t\t<i aria-hidden=\"true\" class=\"fas fa-circle\"><\/i>\t\t\t\t\t\t<\/span>\n\t\t\t\t\t\t\t\t\t\t<span class=\"elementor-icon-list-text\">Confiseries et gla\u00e7ages<\/span>\n\t\t\t\t\t\t\t\t\t<\/li>\n\t\t\t\t\t\t\t\t<li class=\"elementor-icon-list-item\">\n\t\t\t\t\t\t\t\t\t\t\t<span class=\"elementor-icon-list-icon\">\n\t\t\t\t\t\t\t<i aria-hidden=\"true\" class=\"fas fa-circle\"><\/i>\t\t\t\t\t\t<\/span>\n\t\t\t\t\t\t\t\t\t\t<span class=\"elementor-icon-list-text\">Produits nutritionnels et di\u00e9t\u00e9tiques<\/span>\n\t\t\t\t\t\t\t\t\t<\/li>\n\t\t\t\t\t\t\t\t<li class=\"elementor-icon-list-item\">\n\t\t\t\t\t\t\t\t\t\t\t<span class=\"elementor-icon-list-icon\">\n\t\t\t\t\t\t\t<i aria-hidden=\"true\" class=\"fas fa-circle\"><\/i>\t\t\t\t\t\t<\/span>\n\t\t\t\t\t\t\t\t\t\t<span class=\"elementor-icon-list-text\">Produits m\u00e9lang\u00e9s \u00e0 sec<\/span>\n\t\t\t\t\t\t\t\t\t<\/li>\n\t\t\t\t\t\t\t\t<li class=\"elementor-icon-list-item\">\n\t\t\t\t\t\t\t\t\t\t\t<span class=\"elementor-icon-list-icon\">\n\t\t\t\t\t\t\t<i aria-hidden=\"true\" class=\"fas fa-circle\"><\/i>\t\t\t\t\t\t<\/span>\n\t\t\t\t\t\t\t\t\t\t<span class=\"elementor-icon-list-text\">D\u00e9odorant<\/span>\n\t\t\t\t\t\t\t\t\t<\/li>\n\t\t\t\t\t\t\t\t<li class=\"elementor-icon-list-item\">\n\t\t\t\t\t\t\t\t\t\t\t<span class=\"elementor-icon-list-icon\">\n\t\t\t\t\t\t\t<i aria-hidden=\"true\" class=\"fas fa-circle\"><\/i>\t\t\t\t\t\t<\/span>\n\t\t\t\t\t\t\t\t\t\t<span class=\"elementor-icon-list-text\">Cosm\u00e9tiques<\/span>\n\t\t\t\t\t\t\t\t\t<\/li>\n\t\t\t\t\t\t<\/ul>\n\t\t\t\t\t\t<\/div>\n\t\t\t\t<\/div>\n\t\t\t\t<div class=\"elementor-element elementor-element-6c47344 elementor-widget elementor-widget-heading\" data-id=\"6c47344\" data-element_type=\"widget\" data-e-type=\"widget\" data-widget_type=\"heading.default\">\n\t\t\t\t<div class=\"elementor-widget-container\">\n\t\t\t\t\t<h2 class=\"elementor-heading-title elementor-size-default\">Niveaux disponibles :<\/h2>\t\t\t\t<\/div>\n\t\t\t\t<\/div>\n\t\t\t\t<div class=\"elementor-element elementor-element-68c5944 elementor-align-start elementor-icon-list--layout-traditional elementor-list-item-link-full_width elementor-widget elementor-widget-icon-list\" data-id=\"68c5944\" data-element_type=\"widget\" data-e-type=\"widget\" data-widget_type=\"icon-list.default\">\n\t\t\t\t<div class=\"elementor-widget-container\">\n\t\t\t\t\t\t\t<ul class=\"elementor-icon-list-items\">\n\t\t\t\t\t\t\t<li class=\"elementor-icon-list-item\">\n\t\t\t\t\t\t\t\t\t\t\t<span class=\"elementor-icon-list-icon\">\n\t\t\t\t\t\t\t<i aria-hidden=\"true\" class=\"fas fa-circle\"><\/i>\t\t\t\t\t\t<\/span>\n\t\t\t\t\t\t\t\t\t\t<span class=\"elementor-icon-list-text\">Poudre<\/span>\n\t\t\t\t\t\t\t\t\t<\/li>\n\t\t\t\t\t\t<\/ul>\n\t\t\t\t\t\t<\/div>\n\t\t\t\t<\/div>\n\t\t\t\t<div class=\"elementor-element elementor-element-628c1b4 elementor-widget elementor-widget-heading\" data-id=\"628c1b4\" data-element_type=\"widget\" data-e-type=\"widget\" data-widget_type=\"heading.default\">\n\t\t\t\t<div class=\"elementor-widget-container\">\n\t\t\t\t\t<h2 class=\"elementor-heading-title elementor-size-default\">Concentrations disponibles :<\/h2>\t\t\t\t<\/div>\n\t\t\t\t<\/div>\n\t\t\t\t<div class=\"elementor-element elementor-element-06c766c elementor-align-start elementor-icon-list--layout-traditional elementor-list-item-link-full_width elementor-widget elementor-widget-icon-list\" data-id=\"06c766c\" data-element_type=\"widget\" data-e-type=\"widget\" data-widget_type=\"icon-list.default\">\n\t\t\t\t<div class=\"elementor-widget-container\">\n\t\t\t\t\t\t\t<ul class=\"elementor-icon-list-items\">\n\t\t\t\t\t\t\t<li class=\"elementor-icon-list-item\">\n\t\t\t\t\t\t\t\t\t\t\t<span class=\"elementor-icon-list-icon\">\n\t\t\t\t\t\t\t<i aria-hidden=\"true\" class=\"fas fa-circle\"><\/i>\t\t\t\t\t\t<\/span>\n\t\t\t\t\t\t\t\t\t\t<span class=\"elementor-icon-list-text\">DE 10 - 15<\/span>\n\t\t\t\t\t\t\t\t\t<\/li>\n\t\t\t\t\t\t\t\t<li class=\"elementor-icon-list-item\">\n\t\t\t\t\t\t\t\t\t\t\t<span class=\"elementor-icon-list-icon\">\n\t\t\t\t\t\t\t<i aria-hidden=\"true\" class=\"fas fa-circle\"><\/i>\t\t\t\t\t\t<\/span>\n\t\t\t\t\t\t\t\t\t\t<span class=\"elementor-icon-list-text\">DE 15 - 20<\/span>\n\t\t\t\t\t\t\t\t\t<\/li>\n\t\t\t\t\t\t\t\t<li class=\"elementor-icon-list-item\">\n\t\t\t\t\t\t\t\t\t\t\t<span class=\"elementor-icon-list-icon\">\n\t\t\t\t\t\t\t<i aria-hidden=\"true\" class=\"fas fa-circle\"><\/i>\t\t\t\t\t\t<\/span>\n\t\t\t\t\t\t\t\t\t\t<span class=\"elementor-icon-list-text\">DE 20 - 25<\/span>\n\t\t\t\t\t\t\t\t\t<\/li>\n\t\t\t\t\t\t<\/ul>\n\t\t\t\t\t\t<\/div>\n\t\t\t\t<\/div>\n\t\t\t\t\t<\/div>\n\t\t<\/div>\n\t\t\t\t\t<\/div>\n\t\t<\/section>\n\t\t\t\t<\/div>\n\t\t","protected":false},"excerpt":{"rendered":"<p>La maltodextrine biologique est un hydrate de carbone polyvalent couramment utilis\u00e9 comme additif dans les aliments et les boissons sportives. Elle est rapidement absorb\u00e9e par l&rsquo;organisme et fournit une \u00e9nergie rapide, ce qui la rend id\u00e9ale pour les athl\u00e8tes et les personnes ayant un mode de vie actif. La maltodextrine biologique peut \u00e9galement servir d&rsquo;\u00e9paississant et d&rsquo;\u00e9dulcorant dans divers plats et produits. Gr\u00e2ce \u00e0 sa lib\u00e9ration rapide d&rsquo;\u00e9nergie et \u00e0 ses diverses applications, la maltodextrine biologique est un must pour tous ceux qui recherchent une source d&rsquo;\u00e9nergie fiable et efficace.   <\/p>\n","protected":false},"author":9,"featured_media":9061,"parent":0,"menu_order":0,"template":"","format":"standard","meta":{"_acf_changed":false},"product-categorieen":[275],"class_list":["post-9060","product","type-product","status-publish","format-standard","has-post-thumbnail","hentry","product-categorieen-edulcorants-biologiques"],"acf":[],"yoast_head":"<!-- This site is optimized with the Yoast SEO plugin v27.3 - https:\/\/yoast.com\/product\/yoast-seo-wordpress\/ -->\n<title>Maltodextrine biologique - Van Wankum Ingredients<\/title>\n<meta name=\"description\" content=\"Maltodextrine biologique | Van Wankum Ingr\u00e9dients\" \/>\n<meta name=\"robots\" content=\"index, follow, max-snippet:-1, max-image-preview:large, max-video-preview:-1\" \/>\n<link rel=\"canonical\" href=\"https:\/\/vw-ingredients.com\/fr\/produit\/maltodextrine-biologique\" \/>\n<meta property=\"og:locale\" content=\"fr_FR\" \/>\n<meta property=\"og:type\" content=\"article\" \/>\n<meta property=\"og:title\" content=\"Maltodextrine biologique - Van Wankum Ingredients\" \/>\n<meta property=\"og:description\" content=\"Maltodextrine biologique | Van Wankum Ingr\u00e9dients\" \/>\n<meta property=\"og:url\" content=\"https:\/\/vw-ingredients.com\/fr\/produit\/maltodextrine-biologique\" \/>\n<meta property=\"og:site_name\" content=\"Van Wankum Ingredients\" \/>\n<meta property=\"article:modified_time\" content=\"2025-02-11T10:30:55+00:00\" \/>\n<meta property=\"og:image\" content=\"https:\/\/vw-ingredients.com\/wp-content\/uploads\/2024\/03\/Maltodextrine-scaled.jpg\" \/>\n\t<meta property=\"og:image:width\" content=\"2560\" \/>\n\t<meta property=\"og:image:height\" content=\"1706\" \/>\n\t<meta property=\"og:image:type\" content=\"image\/jpeg\" \/>\n<meta name=\"twitter:card\" content=\"summary_large_image\" \/>\n<meta name=\"twitter:label1\" content=\"Dur\u00e9e de lecture estim\u00e9e\" \/>\n\t<meta name=\"twitter:data1\" content=\"1 minute\" \/>\n<script type=\"application\/ld+json\" class=\"yoast-schema-graph\">{\"@context\":\"https:\\\/\\\/schema.org\",\"@graph\":[{\"@type\":\"WebPage\",\"@id\":\"https:\\\/\\\/vw-ingredients.com\\\/fr\\\/produit\\\/maltodextrine-biologique\",\"url\":\"https:\\\/\\\/vw-ingredients.com\\\/fr\\\/produit\\\/maltodextrine-biologique\",\"name\":\"Maltodextrine biologique - Van Wankum Ingredients\",\"isPartOf\":{\"@id\":\"https:\\\/\\\/vw-ingredients.com\\\/fr#website\"},\"primaryImageOfPage\":{\"@id\":\"https:\\\/\\\/vw-ingredients.com\\\/fr\\\/produit\\\/maltodextrine-biologique#primaryimage\"},\"image\":{\"@id\":\"https:\\\/\\\/vw-ingredients.com\\\/fr\\\/produit\\\/maltodextrine-biologique#primaryimage\"},\"thumbnailUrl\":\"https:\\\/\\\/vw-ingredients.com\\\/wp-content\\\/uploads\\\/2024\\\/03\\\/Maltodextrine-scaled.jpg\",\"datePublished\":\"2024-05-08T06:56:26+00:00\",\"dateModified\":\"2025-02-11T10:30:55+00:00\",\"description\":\"Maltodextrine biologique | Van Wankum Ingr\u00e9dients\",\"breadcrumb\":{\"@id\":\"https:\\\/\\\/vw-ingredients.com\\\/fr\\\/produit\\\/maltodextrine-biologique#breadcrumb\"},\"inLanguage\":\"fr-FR\",\"potentialAction\":[{\"@type\":\"ReadAction\",\"target\":[\"https:\\\/\\\/vw-ingredients.com\\\/fr\\\/produit\\\/maltodextrine-biologique\"]}]},{\"@type\":\"ImageObject\",\"inLanguage\":\"fr-FR\",\"@id\":\"https:\\\/\\\/vw-ingredients.com\\\/fr\\\/produit\\\/maltodextrine-biologique#primaryimage\",\"url\":\"https:\\\/\\\/vw-ingredients.com\\\/wp-content\\\/uploads\\\/2024\\\/03\\\/Maltodextrine-scaled.jpg\",\"contentUrl\":\"https:\\\/\\\/vw-ingredients.com\\\/wp-content\\\/uploads\\\/2024\\\/03\\\/Maltodextrine-scaled.jpg\",\"width\":2560,\"height\":1706,\"caption\":\"Continental,Breakfast,With,Croissant,,Hazelnut,Chocolate,Spread,And,Coffee.\"},{\"@type\":\"BreadcrumbList\",\"@id\":\"https:\\\/\\\/vw-ingredients.com\\\/fr\\\/produit\\\/maltodextrine-biologique#breadcrumb\",\"itemListElement\":[{\"@type\":\"ListItem\",\"position\":1,\"name\":\"Home\",\"item\":\"https:\\\/\\\/vw-ingredients.com\\\/fr\"},{\"@type\":\"ListItem\",\"position\":2,\"name\":\"Products\",\"item\":\"https:\\\/\\\/vw-ingredients.com\\\/fr\\\/produit\"},{\"@type\":\"ListItem\",\"position\":3,\"name\":\"Maltodextrine biologique\"}]},{\"@type\":\"WebSite\",\"@id\":\"https:\\\/\\\/vw-ingredients.com\\\/fr#website\",\"url\":\"https:\\\/\\\/vw-ingredients.com\\\/fr\",\"name\":\"Van Wankum Ingredients\",\"description\":\"\",\"potentialAction\":[{\"@type\":\"SearchAction\",\"target\":{\"@type\":\"EntryPoint\",\"urlTemplate\":\"https:\\\/\\\/vw-ingredients.com\\\/fr?s={search_term_string}\"},\"query-input\":{\"@type\":\"PropertyValueSpecification\",\"valueRequired\":true,\"valueName\":\"search_term_string\"}}],\"inLanguage\":\"fr-FR\"}]}<\/script>\n<!-- \/ Yoast SEO plugin. -->","yoast_head_json":{"title":"Maltodextrine biologique - Van Wankum Ingredients","description":"Maltodextrine biologique | Van Wankum Ingr\u00e9dients","robots":{"index":"index","follow":"follow","max-snippet":"max-snippet:-1","max-image-preview":"max-image-preview:large","max-video-preview":"max-video-preview:-1"},"canonical":"https:\/\/vw-ingredients.com\/fr\/produit\/maltodextrine-biologique","og_locale":"fr_FR","og_type":"article","og_title":"Maltodextrine biologique - Van Wankum Ingredients","og_description":"Maltodextrine biologique | Van Wankum Ingr\u00e9dients","og_url":"https:\/\/vw-ingredients.com\/fr\/produit\/maltodextrine-biologique","og_site_name":"Van Wankum Ingredients","article_modified_time":"2025-02-11T10:30:55+00:00","og_image":[{"width":2560,"height":1706,"url":"https:\/\/vw-ingredients.com\/wp-content\/uploads\/2024\/03\/Maltodextrine-scaled.jpg","type":"image\/jpeg"}],"twitter_card":"summary_large_image","twitter_misc":{"Dur\u00e9e de lecture estim\u00e9e":"1 minute"},"schema":{"@context":"https:\/\/schema.org","@graph":[{"@type":"WebPage","@id":"https:\/\/vw-ingredients.com\/fr\/produit\/maltodextrine-biologique","url":"https:\/\/vw-ingredients.com\/fr\/produit\/maltodextrine-biologique","name":"Maltodextrine biologique - Van Wankum Ingredients","isPartOf":{"@id":"https:\/\/vw-ingredients.com\/fr#website"},"primaryImageOfPage":{"@id":"https:\/\/vw-ingredients.com\/fr\/produit\/maltodextrine-biologique#primaryimage"},"image":{"@id":"https:\/\/vw-ingredients.com\/fr\/produit\/maltodextrine-biologique#primaryimage"},"thumbnailUrl":"https:\/\/vw-ingredients.com\/wp-content\/uploads\/2024\/03\/Maltodextrine-scaled.jpg","datePublished":"2024-05-08T06:56:26+00:00","dateModified":"2025-02-11T10:30:55+00:00","description":"Maltodextrine biologique | Van Wankum Ingr\u00e9dients","breadcrumb":{"@id":"https:\/\/vw-ingredients.com\/fr\/produit\/maltodextrine-biologique#breadcrumb"},"inLanguage":"fr-FR","potentialAction":[{"@type":"ReadAction","target":["https:\/\/vw-ingredients.com\/fr\/produit\/maltodextrine-biologique"]}]},{"@type":"ImageObject","inLanguage":"fr-FR","@id":"https:\/\/vw-ingredients.com\/fr\/produit\/maltodextrine-biologique#primaryimage","url":"https:\/\/vw-ingredients.com\/wp-content\/uploads\/2024\/03\/Maltodextrine-scaled.jpg","contentUrl":"https:\/\/vw-ingredients.com\/wp-content\/uploads\/2024\/03\/Maltodextrine-scaled.jpg","width":2560,"height":1706,"caption":"Continental,Breakfast,With,Croissant,,Hazelnut,Chocolate,Spread,And,Coffee."},{"@type":"BreadcrumbList","@id":"https:\/\/vw-ingredients.com\/fr\/produit\/maltodextrine-biologique#breadcrumb","itemListElement":[{"@type":"ListItem","position":1,"name":"Home","item":"https:\/\/vw-ingredients.com\/fr"},{"@type":"ListItem","position":2,"name":"Products","item":"https:\/\/vw-ingredients.com\/fr\/produit"},{"@type":"ListItem","position":3,"name":"Maltodextrine biologique"}]},{"@type":"WebSite","@id":"https:\/\/vw-ingredients.com\/fr#website","url":"https:\/\/vw-ingredients.com\/fr","name":"Van Wankum Ingredients","description":"","potentialAction":[{"@type":"SearchAction","target":{"@type":"EntryPoint","urlTemplate":"https:\/\/vw-ingredients.com\/fr?s={search_term_string}"},"query-input":{"@type":"PropertyValueSpecification","valueRequired":true,"valueName":"search_term_string"}}],"inLanguage":"fr-FR"}]}},"_links":{"self":[{"href":"https:\/\/vw-ingredients.com\/fr\/wp-json\/wp\/v2\/product\/9060","targetHints":{"allow":["GET"]}}],"collection":[{"href":"https:\/\/vw-ingredients.com\/fr\/wp-json\/wp\/v2\/product"}],"about":[{"href":"https:\/\/vw-ingredients.com\/fr\/wp-json\/wp\/v2\/types\/product"}],"author":[{"embeddable":true,"href":"https:\/\/vw-ingredients.com\/fr\/wp-json\/wp\/v2\/users\/9"}],"version-history":[{"count":1,"href":"https:\/\/vw-ingredients.com\/fr\/wp-json\/wp\/v2\/product\/9060\/revisions"}],"predecessor-version":[{"id":9062,"href":"https:\/\/vw-ingredients.com\/fr\/wp-json\/wp\/v2\/product\/9060\/revisions\/9062"}],"wp:featuredmedia":[{"embeddable":true,"href":"https:\/\/vw-ingredients.com\/fr\/wp-json\/wp\/v2\/media\/9061"}],"wp:attachment":[{"href":"https:\/\/vw-ingredients.com\/fr\/wp-json\/wp\/v2\/media?parent=9060"}],"wp:term":[{"taxonomy":"product-categorieen","embeddable":true,"href":"https:\/\/vw-ingredients.com\/fr\/wp-json\/wp\/v2\/product-categorieen?post=9060"}],"curies":[{"name":"wp","href":"https:\/\/api.w.org\/{rel}","templated":true}]}}