{"id":8928,"date":"2024-09-09T13:17:20","date_gmt":"2024-09-09T13:17:20","guid":{"rendered":"https:\/\/vw-ingredients.com\/product\/beta-carotene"},"modified":"2025-02-11T09:19:10","modified_gmt":"2025-02-11T09:19:10","slug":"beta-carotene","status":"publish","type":"product","link":"https:\/\/vw-ingredients.com\/fr\/produit\/beta-carotene","title":{"rendered":"B\u00eata-carot\u00e8ne"},"content":{"rendered":"\t\t<div data-elementor-type=\"wp-post\" data-elementor-id=\"8928\" class=\"elementor elementor-8928 elementor-6404\" data-elementor-post-type=\"product\">\n\t\t\t\t\t\t<section class=\"elementor-section elementor-top-section elementor-element elementor-element-7b34427 elementor-section-boxed elementor-section-height-default elementor-section-height-default\" data-id=\"7b34427\" data-element_type=\"section\" data-e-type=\"section\" data-settings=\"{&quot;jet_parallax_layout_list&quot;:[]}\">\n\t\t\t\t\t\t<div class=\"elementor-container elementor-column-gap-default\">\n\t\t\t\t\t<div class=\"elementor-column elementor-col-100 elementor-top-column elementor-element elementor-element-af091e9\" data-id=\"af091e9\" data-element_type=\"column\" data-e-type=\"column\">\n\t\t\t<div class=\"elementor-widget-wrap elementor-element-populated\">\n\t\t\t\t\t\t<div class=\"elementor-element elementor-element-87a0b61 elementor-widget elementor-widget-heading\" data-id=\"87a0b61\" data-element_type=\"widget\" data-e-type=\"widget\" data-widget_type=\"heading.default\">\n\t\t\t\t<div class=\"elementor-widget-container\">\n\t\t\t\t\t<h2 class=\"elementor-heading-title elementor-size-default\">Caract\u00e9ristiques :<\/h2>\t\t\t\t<\/div>\n\t\t\t\t<\/div>\n\t\t\t\t<div class=\"elementor-element elementor-element-24d70f6 elementor-align-start elementor-icon-list--layout-traditional elementor-list-item-link-full_width elementor-widget elementor-widget-icon-list\" data-id=\"24d70f6\" data-element_type=\"widget\" data-e-type=\"widget\" data-widget_type=\"icon-list.default\">\n\t\t\t\t<div class=\"elementor-widget-container\">\n\t\t\t\t\t\t\t<ul class=\"elementor-icon-list-items\">\n\t\t\t\t\t\t\t<li class=\"elementor-icon-list-item\">\n\t\t\t\t\t\t\t\t\t\t\t<span class=\"elementor-icon-list-icon\">\n\t\t\t\t\t\t\t<i aria-hidden=\"true\" class=\"fas fa-circle\"><\/i>\t\t\t\t\t\t<\/span>\n\t\t\t\t\t\t\t\t\t\t<span class=\"elementor-icon-list-text\">Pigment naturel : Le b\u00eata-carot\u00e8ne est un pigment orange naturel provenant des carottes et d'autres l\u00e9gumes.<\/span>\n\t\t\t\t\t\t\t\t\t<\/li>\n\t\t\t\t\t\t\t\t<li class=\"elementor-icon-list-item\">\n\t\t\t\t\t\t\t\t\t\t\t<span class=\"elementor-icon-list-icon\">\n\t\t\t\t\t\t\t<i aria-hidden=\"true\" class=\"fas fa-circle\"><\/i>\t\t\t\t\t\t<\/span>\n\t\t\t\t\t\t\t\t\t\t<span class=\"elementor-icon-list-text\">Couleur intense : le b\u00eata-carot\u00e8ne donne une teinte orange vive et est couramment utilis\u00e9 dans l'alimentation, les cosm\u00e9tiques et les compl\u00e9ments alimentaires.<\/span>\n\t\t\t\t\t\t\t\t\t<\/li>\n\t\t\t\t\t\t\t\t<li class=\"elementor-icon-list-item\">\n\t\t\t\t\t\t\t\t\t\t\t<span class=\"elementor-icon-list-icon\">\n\t\t\t\t\t\t\t<i aria-hidden=\"true\" class=\"fas fa-circle\"><\/i>\t\t\t\t\t\t<\/span>\n\t\t\t\t\t\t\t\t\t\t<span class=\"elementor-icon-list-text\">Polyvalence : Le b\u00eata-carot\u00e8ne est un colorant naturel et un nutriment utilis\u00e9 dans l'alimentation, les cosm\u00e9tiques et les compl\u00e9ments alimentaires.<\/span>\n\t\t\t\t\t\t\t\t\t<\/li>\n\t\t\t\t\t\t\t\t<li class=\"elementor-icon-list-item\">\n\t\t\t\t\t\t\t\t\t\t\t<span class=\"elementor-icon-list-icon\">\n\t\t\t\t\t\t\t<i aria-hidden=\"true\" class=\"fas fa-circle\"><\/i>\t\t\t\t\t\t<\/span>\n\t\t\t\t\t\t\t\t\t\t<span class=\"elementor-icon-list-text\">Stabilit\u00e9 : Il offre une excellente stabilit\u00e9 des couleurs et permet de cr\u00e9er des teintes vives.<\/span>\n\t\t\t\t\t\t\t\t\t<\/li>\n\t\t\t\t\t\t\t\t<li class=\"elementor-icon-list-item\">\n\t\t\t\t\t\t\t\t\t\t\t<span class=\"elementor-icon-list-icon\">\n\t\t\t\t\t\t\t<i aria-hidden=\"true\" class=\"fas fa-circle\"><\/i>\t\t\t\t\t\t<\/span>\n\t\t\t\t\t\t\t\t\t\t<span class=\"elementor-icon-list-text\">Origine : D\u00e9riv\u00e9 de sources naturelles, il peut \u00eatre utilis\u00e9 dans les produits biologiques.<\/span>\n\t\t\t\t\t\t\t\t\t<\/li>\n\t\t\t\t\t\t<\/ul>\n\t\t\t\t\t\t<\/div>\n\t\t\t\t<\/div>\n\t\t\t\t<div class=\"elementor-element elementor-element-93b9e01 elementor-widget elementor-widget-heading\" data-id=\"93b9e01\" data-element_type=\"widget\" data-e-type=\"widget\" data-widget_type=\"heading.default\">\n\t\t\t\t<div class=\"elementor-widget-container\">\n\t\t\t\t\t<h2 class=\"elementor-heading-title elementor-size-default\">Applications :<\/h2>\t\t\t\t<\/div>\n\t\t\t\t<\/div>\n\t\t\t\t<div class=\"elementor-element elementor-element-3488a42 elementor-align-start elementor-icon-list--layout-traditional elementor-list-item-link-full_width elementor-widget elementor-widget-icon-list\" data-id=\"3488a42\" data-element_type=\"widget\" data-e-type=\"widget\" data-widget_type=\"icon-list.default\">\n\t\t\t\t<div class=\"elementor-widget-container\">\n\t\t\t\t\t\t\t<ul class=\"elementor-icon-list-items\">\n\t\t\t\t\t\t\t<li class=\"elementor-icon-list-item\">\n\t\t\t\t\t\t\t\t\t\t\t<span class=\"elementor-icon-list-icon\">\n\t\t\t\t\t\t\t<i aria-hidden=\"true\" class=\"fas fa-circle\"><\/i>\t\t\t\t\t\t<\/span>\n\t\t\t\t\t\t\t\t\t\t<span class=\"elementor-icon-list-text\">Colorant alimentaire<\/span>\n\t\t\t\t\t\t\t\t\t<\/li>\n\t\t\t\t\t\t\t\t<li class=\"elementor-icon-list-item\">\n\t\t\t\t\t\t\t\t\t\t\t<span class=\"elementor-icon-list-icon\">\n\t\t\t\t\t\t\t<i aria-hidden=\"true\" class=\"fas fa-circle\"><\/i>\t\t\t\t\t\t<\/span>\n\t\t\t\t\t\t\t\t\t\t<span class=\"elementor-icon-list-text\">Cosm\u00e9tiques<\/span>\n\t\t\t\t\t\t\t\t\t<\/li>\n\t\t\t\t\t\t<\/ul>\n\t\t\t\t\t\t<\/div>\n\t\t\t\t<\/div>\n\t\t\t\t<div class=\"elementor-element elementor-element-6c47344 elementor-widget elementor-widget-heading\" data-id=\"6c47344\" data-element_type=\"widget\" data-e-type=\"widget\" data-widget_type=\"heading.default\">\n\t\t\t\t<div class=\"elementor-widget-container\">\n\t\t\t\t\t<h2 class=\"elementor-heading-title elementor-size-default\">Niveaux disponibles :<\/h2>\t\t\t\t<\/div>\n\t\t\t\t<\/div>\n\t\t\t\t<div class=\"elementor-element elementor-element-68c5944 elementor-align-start elementor-icon-list--layout-traditional elementor-list-item-link-full_width elementor-widget elementor-widget-icon-list\" data-id=\"68c5944\" data-element_type=\"widget\" data-e-type=\"widget\" data-widget_type=\"icon-list.default\">\n\t\t\t\t<div class=\"elementor-widget-container\">\n\t\t\t\t\t\t\t<ul class=\"elementor-icon-list-items\">\n\t\t\t\t\t\t\t<li class=\"elementor-icon-list-item\">\n\t\t\t\t\t\t\t\t\t\t\t<span class=\"elementor-icon-list-icon\">\n\t\t\t\t\t\t\t<i aria-hidden=\"true\" class=\"fas fa-circle\"><\/i>\t\t\t\t\t\t<\/span>\n\t\t\t\t\t\t\t\t\t\t<span class=\"elementor-icon-list-text\">Poudre<\/span>\n\t\t\t\t\t\t\t\t\t<\/li>\n\t\t\t\t\t\t\t\t<li class=\"elementor-icon-list-item\">\n\t\t\t\t\t\t\t\t\t\t\t<span class=\"elementor-icon-list-icon\">\n\t\t\t\t\t\t\t<i aria-hidden=\"true\" class=\"fas fa-circle\"><\/i>\t\t\t\t\t\t<\/span>\n\t\t\t\t\t\t\t\t\t\t<span class=\"elementor-icon-list-text\">Liquide<\/span>\n\t\t\t\t\t\t\t\t\t<\/li>\n\t\t\t\t\t\t<\/ul>\n\t\t\t\t\t\t<\/div>\n\t\t\t\t<\/div>\n\t\t\t\t<div class=\"elementor-element elementor-element-628c1b4 elementor-widget elementor-widget-heading\" data-id=\"628c1b4\" data-element_type=\"widget\" data-e-type=\"widget\" data-widget_type=\"heading.default\">\n\t\t\t\t<div class=\"elementor-widget-container\">\n\t\t\t\t\t<h2 class=\"elementor-heading-title elementor-size-default\">Concentrations disponibles :<\/h2>\t\t\t\t<\/div>\n\t\t\t\t<\/div>\n\t\t\t\t<div class=\"elementor-element elementor-element-06c766c elementor-align-start elementor-icon-list--layout-traditional elementor-list-item-link-full_width elementor-widget elementor-widget-icon-list\" data-id=\"06c766c\" data-element_type=\"widget\" data-e-type=\"widget\" data-widget_type=\"icon-list.default\">\n\t\t\t\t<div class=\"elementor-widget-container\">\n\t\t\t\t\t\t\t<ul class=\"elementor-icon-list-items\">\n\t\t\t\t\t\t\t<li class=\"elementor-icon-list-item\">\n\t\t\t\t\t\t\t\t\t\t\t<span class=\"elementor-icon-list-icon\">\n\t\t\t\t\t\t\t<i aria-hidden=\"true\" class=\"fas fa-circle\"><\/i>\t\t\t\t\t\t<\/span>\n\t\t\t\t\t\t\t\t\t\t<span class=\"elementor-icon-list-text\">%<\/span>\n\t\t\t\t\t\t\t\t\t<\/li>\n\t\t\t\t\t\t<\/ul>\n\t\t\t\t\t\t<\/div>\n\t\t\t\t<\/div>\n\t\t\t\t\t<\/div>\n\t\t<\/div>\n\t\t\t\t\t<\/div>\n\t\t<\/section>\n\t\t\t\t<\/div>\n\t\t","protected":false},"excerpt":{"rendered":"<p>Le b\u00eata-carot\u00e8ne est un pigment orange naturel d\u00e9riv\u00e9 des carottes et d&rsquo;autres l\u00e9gumes. Il est largement utilis\u00e9 dans l&rsquo;industrie alimentaire et cosm\u00e9tique pour donner une teinte orange vibrante. Connu pour ses fortes propri\u00e9t\u00e9s colorantes, le b\u00eata-carot\u00e8ne est couramment utilis\u00e9 comme colorant naturel dans les boissons, les confiseries et les produits de soin de la peau. Son origine v\u00e9g\u00e9tale lui permet d&rsquo;\u00eatre utilis\u00e9 dans les produits v\u00e9g\u00e9taliens et v\u00e9g\u00e9tariens.   <\/p>\n","protected":false},"author":9,"featured_media":8929,"parent":0,"menu_order":0,"template":"","format":"standard","meta":{"_acf_changed":false},"product-categorieen":[],"class_list":["post-8928","product","type-product","status-publish","format-standard","has-post-thumbnail","hentry"],"acf":[],"yoast_head":"<!-- This site is optimized with the Yoast SEO plugin v27.3 - https:\/\/yoast.com\/product\/yoast-seo-wordpress\/ -->\n<title>Couleur riche en orange : poudre de b\u00eata-carot\u00e8ne<\/title>\n<meta name=\"description\" content=\"Pigment orange naturel d\u00e9riv\u00e9 de la carotte et d&#039;autres l\u00e9gumes, utilis\u00e9 dans l&#039;alimentation et les cosm\u00e9tiques pour donner une couleur vive. Id\u00e9al pour les applications \u00e0 base de plantes.\" \/>\n<meta name=\"robots\" content=\"index, follow, max-snippet:-1, max-image-preview:large, max-video-preview:-1\" \/>\n<link rel=\"canonical\" href=\"https:\/\/vw-ingredients.com\/fr\/produit\/beta-carotene\" \/>\n<meta property=\"og:locale\" content=\"fr_FR\" \/>\n<meta property=\"og:type\" content=\"article\" \/>\n<meta property=\"og:title\" content=\"Couleur riche en orange : poudre de b\u00eata-carot\u00e8ne\" \/>\n<meta property=\"og:description\" content=\"Pigment orange naturel d\u00e9riv\u00e9 de la carotte et d&#039;autres l\u00e9gumes, utilis\u00e9 dans l&#039;alimentation et les cosm\u00e9tiques pour donner une couleur vive. Id\u00e9al pour les applications \u00e0 base de plantes.\" \/>\n<meta property=\"og:url\" content=\"https:\/\/vw-ingredients.com\/fr\/produit\/beta-carotene\" \/>\n<meta property=\"og:site_name\" content=\"Van Wankum Ingredients\" \/>\n<meta property=\"article:modified_time\" content=\"2025-02-11T09:19:10+00:00\" \/>\n<meta property=\"og:image\" content=\"https:\/\/vw-ingredients.com\/wp-content\/uploads\/2024\/09\/Beta-Carotene.jpg\" \/>\n\t<meta property=\"og:image:width\" content=\"420\" \/>\n\t<meta property=\"og:image:height\" content=\"280\" \/>\n\t<meta property=\"og:image:type\" content=\"image\/jpeg\" \/>\n<meta name=\"twitter:card\" content=\"summary_large_image\" \/>\n<meta name=\"twitter:label1\" content=\"Dur\u00e9e de lecture estim\u00e9e\" \/>\n\t<meta name=\"twitter:data1\" content=\"1 minute\" \/>\n<script type=\"application\/ld+json\" class=\"yoast-schema-graph\">{\"@context\":\"https:\\\/\\\/schema.org\",\"@graph\":[{\"@type\":\"WebPage\",\"@id\":\"https:\\\/\\\/vw-ingredients.com\\\/fr\\\/produit\\\/beta-carotene\",\"url\":\"https:\\\/\\\/vw-ingredients.com\\\/fr\\\/produit\\\/beta-carotene\",\"name\":\"Couleur riche en orange : poudre de b\u00eata-carot\u00e8ne\",\"isPartOf\":{\"@id\":\"https:\\\/\\\/vw-ingredients.com\\\/fr#website\"},\"primaryImageOfPage\":{\"@id\":\"https:\\\/\\\/vw-ingredients.com\\\/fr\\\/produit\\\/beta-carotene#primaryimage\"},\"image\":{\"@id\":\"https:\\\/\\\/vw-ingredients.com\\\/fr\\\/produit\\\/beta-carotene#primaryimage\"},\"thumbnailUrl\":\"https:\\\/\\\/vw-ingredients.com\\\/wp-content\\\/uploads\\\/2024\\\/09\\\/Beta-Carotene.jpg\",\"datePublished\":\"2024-09-09T13:17:20+00:00\",\"dateModified\":\"2025-02-11T09:19:10+00:00\",\"description\":\"Pigment orange naturel d\u00e9riv\u00e9 de la carotte et d'autres l\u00e9gumes, utilis\u00e9 dans l'alimentation et les cosm\u00e9tiques pour donner une couleur vive. Id\u00e9al pour les applications \u00e0 base de plantes.\",\"breadcrumb\":{\"@id\":\"https:\\\/\\\/vw-ingredients.com\\\/fr\\\/produit\\\/beta-carotene#breadcrumb\"},\"inLanguage\":\"fr-FR\",\"potentialAction\":[{\"@type\":\"ReadAction\",\"target\":[\"https:\\\/\\\/vw-ingredients.com\\\/fr\\\/produit\\\/beta-carotene\"]}]},{\"@type\":\"ImageObject\",\"inLanguage\":\"fr-FR\",\"@id\":\"https:\\\/\\\/vw-ingredients.com\\\/fr\\\/produit\\\/beta-carotene#primaryimage\",\"url\":\"https:\\\/\\\/vw-ingredients.com\\\/wp-content\\\/uploads\\\/2024\\\/09\\\/Beta-Carotene.jpg\",\"contentUrl\":\"https:\\\/\\\/vw-ingredients.com\\\/wp-content\\\/uploads\\\/2024\\\/09\\\/Beta-Carotene.jpg\",\"width\":420,\"height\":280},{\"@type\":\"BreadcrumbList\",\"@id\":\"https:\\\/\\\/vw-ingredients.com\\\/fr\\\/produit\\\/beta-carotene#breadcrumb\",\"itemListElement\":[{\"@type\":\"ListItem\",\"position\":1,\"name\":\"Home\",\"item\":\"https:\\\/\\\/vw-ingredients.com\\\/fr\"},{\"@type\":\"ListItem\",\"position\":2,\"name\":\"Products\",\"item\":\"https:\\\/\\\/vw-ingredients.com\\\/fr\\\/produit\"},{\"@type\":\"ListItem\",\"position\":3,\"name\":\"B\u00eata-carot\u00e8ne\"}]},{\"@type\":\"WebSite\",\"@id\":\"https:\\\/\\\/vw-ingredients.com\\\/fr#website\",\"url\":\"https:\\\/\\\/vw-ingredients.com\\\/fr\",\"name\":\"Van Wankum Ingredients\",\"description\":\"\",\"potentialAction\":[{\"@type\":\"SearchAction\",\"target\":{\"@type\":\"EntryPoint\",\"urlTemplate\":\"https:\\\/\\\/vw-ingredients.com\\\/fr?s={search_term_string}\"},\"query-input\":{\"@type\":\"PropertyValueSpecification\",\"valueRequired\":true,\"valueName\":\"search_term_string\"}}],\"inLanguage\":\"fr-FR\"}]}<\/script>\n<!-- \/ Yoast SEO plugin. -->","yoast_head_json":{"title":"Couleur riche en orange : poudre de b\u00eata-carot\u00e8ne","description":"Pigment orange naturel d\u00e9riv\u00e9 de la carotte et d'autres l\u00e9gumes, utilis\u00e9 dans l'alimentation et les cosm\u00e9tiques pour donner une couleur vive. Id\u00e9al pour les applications \u00e0 base de plantes.","robots":{"index":"index","follow":"follow","max-snippet":"max-snippet:-1","max-image-preview":"max-image-preview:large","max-video-preview":"max-video-preview:-1"},"canonical":"https:\/\/vw-ingredients.com\/fr\/produit\/beta-carotene","og_locale":"fr_FR","og_type":"article","og_title":"Couleur riche en orange : poudre de b\u00eata-carot\u00e8ne","og_description":"Pigment orange naturel d\u00e9riv\u00e9 de la carotte et d'autres l\u00e9gumes, utilis\u00e9 dans l'alimentation et les cosm\u00e9tiques pour donner une couleur vive. Id\u00e9al pour les applications \u00e0 base de plantes.","og_url":"https:\/\/vw-ingredients.com\/fr\/produit\/beta-carotene","og_site_name":"Van Wankum Ingredients","article_modified_time":"2025-02-11T09:19:10+00:00","og_image":[{"width":420,"height":280,"url":"https:\/\/vw-ingredients.com\/wp-content\/uploads\/2024\/09\/Beta-Carotene.jpg","type":"image\/jpeg"}],"twitter_card":"summary_large_image","twitter_misc":{"Dur\u00e9e de lecture estim\u00e9e":"1 minute"},"schema":{"@context":"https:\/\/schema.org","@graph":[{"@type":"WebPage","@id":"https:\/\/vw-ingredients.com\/fr\/produit\/beta-carotene","url":"https:\/\/vw-ingredients.com\/fr\/produit\/beta-carotene","name":"Couleur riche en orange : poudre de b\u00eata-carot\u00e8ne","isPartOf":{"@id":"https:\/\/vw-ingredients.com\/fr#website"},"primaryImageOfPage":{"@id":"https:\/\/vw-ingredients.com\/fr\/produit\/beta-carotene#primaryimage"},"image":{"@id":"https:\/\/vw-ingredients.com\/fr\/produit\/beta-carotene#primaryimage"},"thumbnailUrl":"https:\/\/vw-ingredients.com\/wp-content\/uploads\/2024\/09\/Beta-Carotene.jpg","datePublished":"2024-09-09T13:17:20+00:00","dateModified":"2025-02-11T09:19:10+00:00","description":"Pigment orange naturel d\u00e9riv\u00e9 de la carotte et d'autres l\u00e9gumes, utilis\u00e9 dans l'alimentation et les cosm\u00e9tiques pour donner une couleur vive. Id\u00e9al pour les applications \u00e0 base de plantes.","breadcrumb":{"@id":"https:\/\/vw-ingredients.com\/fr\/produit\/beta-carotene#breadcrumb"},"inLanguage":"fr-FR","potentialAction":[{"@type":"ReadAction","target":["https:\/\/vw-ingredients.com\/fr\/produit\/beta-carotene"]}]},{"@type":"ImageObject","inLanguage":"fr-FR","@id":"https:\/\/vw-ingredients.com\/fr\/produit\/beta-carotene#primaryimage","url":"https:\/\/vw-ingredients.com\/wp-content\/uploads\/2024\/09\/Beta-Carotene.jpg","contentUrl":"https:\/\/vw-ingredients.com\/wp-content\/uploads\/2024\/09\/Beta-Carotene.jpg","width":420,"height":280},{"@type":"BreadcrumbList","@id":"https:\/\/vw-ingredients.com\/fr\/produit\/beta-carotene#breadcrumb","itemListElement":[{"@type":"ListItem","position":1,"name":"Home","item":"https:\/\/vw-ingredients.com\/fr"},{"@type":"ListItem","position":2,"name":"Products","item":"https:\/\/vw-ingredients.com\/fr\/produit"},{"@type":"ListItem","position":3,"name":"B\u00eata-carot\u00e8ne"}]},{"@type":"WebSite","@id":"https:\/\/vw-ingredients.com\/fr#website","url":"https:\/\/vw-ingredients.com\/fr","name":"Van Wankum Ingredients","description":"","potentialAction":[{"@type":"SearchAction","target":{"@type":"EntryPoint","urlTemplate":"https:\/\/vw-ingredients.com\/fr?s={search_term_string}"},"query-input":{"@type":"PropertyValueSpecification","valueRequired":true,"valueName":"search_term_string"}}],"inLanguage":"fr-FR"}]}},"_links":{"self":[{"href":"https:\/\/vw-ingredients.com\/fr\/wp-json\/wp\/v2\/product\/8928","targetHints":{"allow":["GET"]}}],"collection":[{"href":"https:\/\/vw-ingredients.com\/fr\/wp-json\/wp\/v2\/product"}],"about":[{"href":"https:\/\/vw-ingredients.com\/fr\/wp-json\/wp\/v2\/types\/product"}],"author":[{"embeddable":true,"href":"https:\/\/vw-ingredients.com\/fr\/wp-json\/wp\/v2\/users\/9"}],"version-history":[{"count":1,"href":"https:\/\/vw-ingredients.com\/fr\/wp-json\/wp\/v2\/product\/8928\/revisions"}],"predecessor-version":[{"id":8931,"href":"https:\/\/vw-ingredients.com\/fr\/wp-json\/wp\/v2\/product\/8928\/revisions\/8931"}],"wp:featuredmedia":[{"embeddable":true,"href":"https:\/\/vw-ingredients.com\/fr\/wp-json\/wp\/v2\/media\/8929"}],"wp:attachment":[{"href":"https:\/\/vw-ingredients.com\/fr\/wp-json\/wp\/v2\/media?parent=8928"}],"wp:term":[{"taxonomy":"product-categorieen","embeddable":true,"href":"https:\/\/vw-ingredients.com\/fr\/wp-json\/wp\/v2\/product-categorieen?post=8928"}],"curies":[{"name":"wp","href":"https:\/\/api.w.org\/{rel}","templated":true}]}}