{"id":9379,"date":"2021-10-05T08:08:58","date_gmt":"2021-10-05T08:08:58","guid":{"rendered":"https:\/\/vw-ingredients.com\/demandez-un-echantillon"},"modified":"2025-09-23T12:14:02","modified_gmt":"2025-09-23T12:14:02","slug":"demandez-un-echantillon","status":"publish","type":"page","link":"https:\/\/vw-ingredients.com\/fr\/demandez-un-echantillon","title":{"rendered":"Demandez un \u00e9chantillon"},"content":{"rendered":"\t\t<div data-elementor-type=\"wp-page\" data-elementor-id=\"9379\" class=\"elementor elementor-9379 elementor-8\" data-elementor-post-type=\"page\">\n\t\t\t\t<div class=\"elementor-element elementor-element-c7acf1c e-flex e-con-boxed e-con e-parent\" data-id=\"c7acf1c\" data-element_type=\"container\" data-e-type=\"container\" data-settings=\"{&quot;background_background&quot;:&quot;gradient&quot;,&quot;jet_parallax_layout_list&quot;:[]}\">\n\t\t\t\t\t<div class=\"e-con-inner\">\n\t\t<div class=\"elementor-element elementor-element-875620e e-flex e-con-boxed e-con e-child\" data-id=\"875620e\" data-element_type=\"container\" data-e-type=\"container\" data-settings=\"{&quot;jet_parallax_layout_list&quot;:[]}\">\n\t\t\t\t\t<div class=\"e-con-inner\">\n\t\t\t\t<div class=\"elementor-element elementor-element-c438456 elementor-widget elementor-widget-heading\" data-id=\"c438456\" data-element_type=\"widget\" data-e-type=\"widget\" data-widget_type=\"heading.default\">\n\t\t\t\t<div class=\"elementor-widget-container\">\n\t\t\t\t\t<h1 class=\"elementor-heading-title elementor-size-default\">Demandez un \u00e9chantillon<\/h1>\t\t\t\t<\/div>\n\t\t\t\t<\/div>\n\t\t\t\t<div class=\"elementor-element elementor-element-c7a6082 elementor-widget elementor-widget-text-editor\" data-id=\"c7a6082\" data-element_type=\"widget\" data-e-type=\"widget\" data-widget_type=\"text-editor.default\">\n\t\t\t\t<div class=\"elementor-widget-container\">\n\t\t\t\t\t\t\t\t\t<p>Faites l&rsquo;exp\u00e9rience directe de la durabilit\u00e9 en recevant un \u00e9chantillon de notre part ! Il vous suffit de remplir le formulaire et nous vous l&rsquo;enverrons. Adoptez d\u00e8s aujourd&rsquo;hui un choix plus sain et plus \u00e9cologique. <\/p>\t\t\t\t\t\t\t\t<\/div>\n\t\t\t\t<\/div>\n\t\t\t\t\t<\/div>\n\t\t\t\t<\/div>\n\t\t\t\t<div class=\"elementor-element elementor-element-bc4c2e0 elementor-widget elementor-widget-vw-ingredients-products\" data-id=\"bc4c2e0\" data-element_type=\"widget\" data-e-type=\"widget\" data-widget_type=\"vw-ingredients-products.default\">\n\t\t\t\t<div class=\"elementor-widget-container\">\n\t\t\t\t\t<script>window['vw_ingredients_props'] = JSON.parse(\"{\\\"api\\\":\\\"https:\\\\\/\\\\\/vw-ingredients.com\\\\\/fr\\\\\/wp-json\\\\\/vw-ingredients\\\",\\\"categories\\\":[{\\\"id\\\":296,\\\"title\\\":\\\"Agents de charge\\\"},{\\\"id\\\":294,\\\"title\\\":\\\"Alimentation et boissons\\\"},{\\\"id\\\":301,\\\"title\\\":\\\"D\\\\u00e9riv\\\\u00e9s de levure\\\"},{\\\"id\\\":300,\\\"title\\\":\\\"\\\\u00c9dulcorants artificiels\\\"},{\\\"id\\\":289,\\\"title\\\":\\\"\\\\u00c9dulcorants biologiques\\\"},{\\\"id\\\":293,\\\"title\\\":\\\"\\\\u00c9dulcorants naturels\\\"},{\\\"id\\\":290,\\\"title\\\":\\\"Extraits organiques\\\"},{\\\"id\\\":292,\\\"title\\\":\\\"Fibres alimentaires\\\"},{\\\"id\\\":299,\\\"title\\\":\\\"Polyols\\\"},{\\\"id\\\":297,\\\"title\\\":\\\"Pr\\\\u00e9-biotiques\\\"},{\\\"id\\\":298,\\\"title\\\":\\\"Produits nutraceutiques\\\"},{\\\"id\\\":291,\\\"title\\\":\\\"Prot\\\\u00e9ines biologiques\\\"},{\\\"id\\\":295,\\\"title\\\":\\\"Prot\\\\u00e9ines v\\\\u00e9g\\\\u00e9tales\\\"}]}\");<\/script><div id=\"vw-ingredients-products\"><\/div>\t\t\t\t<\/div>\n\t\t\t\t<\/div>\n\t\t\t\t\t<\/div>\n\t\t\t\t<\/div>\n\t\t\t\t<\/div>\n\t\t","protected":false},"excerpt":{"rendered":"<p>Demandez un \u00e9chantillon Faites l&rsquo;exp\u00e9rience directe de la durabilit\u00e9 en recevant un \u00e9chantillon de notre part ! Il vous suffit de remplir le formulaire et nous vous l&rsquo;enverrons. Adoptez d\u00e8s aujourd&rsquo;hui un choix plus sain et plus \u00e9cologique.<\/p>\n","protected":false},"author":6,"featured_media":0,"parent":0,"menu_order":0,"comment_status":"closed","ping_status":"closed","template":"elementor_header_footer","meta":{"_acf_changed":false,"footnotes":""},"class_list":["post-9379","page","type-page","status-publish","hentry"],"acf":[],"yoast_head":"<!-- This site is optimized with the Yoast SEO plugin v27.3 - https:\/\/yoast.com\/product\/yoast-seo-wordpress\/ -->\n<title>Van Wankum Ingredients - Demandez un \u00e9chantillon<\/title>\n<meta name=\"description\" content=\"Voyez quels sont les produits de Van Wankum Ingredients.\" \/>\n<meta name=\"robots\" content=\"index, follow, max-snippet:-1, max-image-preview:large, max-video-preview:-1\" \/>\n<link rel=\"canonical\" href=\"https:\/\/vw-ingredients.com\/fr\/demandez-un-echantillon\" \/>\n<meta property=\"og:locale\" content=\"fr_FR\" \/>\n<meta property=\"og:type\" content=\"article\" \/>\n<meta property=\"og:title\" content=\"Van Wankum Ingredients - Demandez un \u00e9chantillon\" \/>\n<meta property=\"og:description\" content=\"Voyez quels sont les produits de Van Wankum Ingredients.\" \/>\n<meta property=\"og:url\" content=\"https:\/\/vw-ingredients.com\/fr\/demandez-un-echantillon\" \/>\n<meta property=\"og:site_name\" content=\"Van Wankum Ingredients\" \/>\n<meta property=\"article:modified_time\" content=\"2025-09-23T12:14:02+00:00\" \/>\n<meta name=\"twitter:card\" content=\"summary_large_image\" \/>\n<script type=\"application\/ld+json\" class=\"yoast-schema-graph\">{\"@context\":\"https:\\\/\\\/schema.org\",\"@graph\":[{\"@type\":\"WebPage\",\"@id\":\"https:\\\/\\\/vw-ingredients.com\\\/fr\\\/demandez-un-echantillon\",\"url\":\"https:\\\/\\\/vw-ingredients.com\\\/fr\\\/demandez-un-echantillon\",\"name\":\"Van Wankum Ingredients - Demandez un \u00e9chantillon\",\"isPartOf\":{\"@id\":\"https:\\\/\\\/vw-ingredients.com\\\/fr#website\"},\"datePublished\":\"2021-10-05T08:08:58+00:00\",\"dateModified\":\"2025-09-23T12:14:02+00:00\",\"description\":\"Voyez quels sont les produits de Van Wankum Ingredients.\",\"breadcrumb\":{\"@id\":\"https:\\\/\\\/vw-ingredients.com\\\/fr\\\/demandez-un-echantillon#breadcrumb\"},\"inLanguage\":\"fr-FR\",\"potentialAction\":[{\"@type\":\"ReadAction\",\"target\":[\"https:\\\/\\\/vw-ingredients.com\\\/fr\\\/demandez-un-echantillon\"]}]},{\"@type\":\"BreadcrumbList\",\"@id\":\"https:\\\/\\\/vw-ingredients.com\\\/fr\\\/demandez-un-echantillon#breadcrumb\",\"itemListElement\":[{\"@type\":\"ListItem\",\"position\":1,\"name\":\"Home\",\"item\":\"https:\\\/\\\/vw-ingredients.com\\\/fr\"},{\"@type\":\"ListItem\",\"position\":2,\"name\":\"Demandez un \u00e9chantillon\"}]},{\"@type\":\"WebSite\",\"@id\":\"https:\\\/\\\/vw-ingredients.com\\\/fr#website\",\"url\":\"https:\\\/\\\/vw-ingredients.com\\\/fr\",\"name\":\"Van Wankum Ingredients\",\"description\":\"\",\"potentialAction\":[{\"@type\":\"SearchAction\",\"target\":{\"@type\":\"EntryPoint\",\"urlTemplate\":\"https:\\\/\\\/vw-ingredients.com\\\/fr?s={search_term_string}\"},\"query-input\":{\"@type\":\"PropertyValueSpecification\",\"valueRequired\":true,\"valueName\":\"search_term_string\"}}],\"inLanguage\":\"fr-FR\"}]}<\/script>\n<!-- \/ Yoast SEO plugin. -->","yoast_head_json":{"title":"Van Wankum Ingredients - Demandez un \u00e9chantillon","description":"Voyez quels sont les produits de Van Wankum Ingredients.","robots":{"index":"index","follow":"follow","max-snippet":"max-snippet:-1","max-image-preview":"max-image-preview:large","max-video-preview":"max-video-preview:-1"},"canonical":"https:\/\/vw-ingredients.com\/fr\/demandez-un-echantillon","og_locale":"fr_FR","og_type":"article","og_title":"Van Wankum Ingredients - Demandez un \u00e9chantillon","og_description":"Voyez quels sont les produits de Van Wankum Ingredients.","og_url":"https:\/\/vw-ingredients.com\/fr\/demandez-un-echantillon","og_site_name":"Van Wankum Ingredients","article_modified_time":"2025-09-23T12:14:02+00:00","twitter_card":"summary_large_image","schema":{"@context":"https:\/\/schema.org","@graph":[{"@type":"WebPage","@id":"https:\/\/vw-ingredients.com\/fr\/demandez-un-echantillon","url":"https:\/\/vw-ingredients.com\/fr\/demandez-un-echantillon","name":"Van Wankum Ingredients - Demandez un \u00e9chantillon","isPartOf":{"@id":"https:\/\/vw-ingredients.com\/fr#website"},"datePublished":"2021-10-05T08:08:58+00:00","dateModified":"2025-09-23T12:14:02+00:00","description":"Voyez quels sont les produits de Van Wankum Ingredients.","breadcrumb":{"@id":"https:\/\/vw-ingredients.com\/fr\/demandez-un-echantillon#breadcrumb"},"inLanguage":"fr-FR","potentialAction":[{"@type":"ReadAction","target":["https:\/\/vw-ingredients.com\/fr\/demandez-un-echantillon"]}]},{"@type":"BreadcrumbList","@id":"https:\/\/vw-ingredients.com\/fr\/demandez-un-echantillon#breadcrumb","itemListElement":[{"@type":"ListItem","position":1,"name":"Home","item":"https:\/\/vw-ingredients.com\/fr"},{"@type":"ListItem","position":2,"name":"Demandez un \u00e9chantillon"}]},{"@type":"WebSite","@id":"https:\/\/vw-ingredients.com\/fr#website","url":"https:\/\/vw-ingredients.com\/fr","name":"Van Wankum Ingredients","description":"","potentialAction":[{"@type":"SearchAction","target":{"@type":"EntryPoint","urlTemplate":"https:\/\/vw-ingredients.com\/fr?s={search_term_string}"},"query-input":{"@type":"PropertyValueSpecification","valueRequired":true,"valueName":"search_term_string"}}],"inLanguage":"fr-FR"}]}},"_links":{"self":[{"href":"https:\/\/vw-ingredients.com\/fr\/wp-json\/wp\/v2\/pages\/9379","targetHints":{"allow":["GET"]}}],"collection":[{"href":"https:\/\/vw-ingredients.com\/fr\/wp-json\/wp\/v2\/pages"}],"about":[{"href":"https:\/\/vw-ingredients.com\/fr\/wp-json\/wp\/v2\/types\/page"}],"author":[{"embeddable":true,"href":"https:\/\/vw-ingredients.com\/fr\/wp-json\/wp\/v2\/users\/6"}],"replies":[{"embeddable":true,"href":"https:\/\/vw-ingredients.com\/fr\/wp-json\/wp\/v2\/comments?post=9379"}],"version-history":[{"count":2,"href":"https:\/\/vw-ingredients.com\/fr\/wp-json\/wp\/v2\/pages\/9379\/revisions"}],"predecessor-version":[{"id":11576,"href":"https:\/\/vw-ingredients.com\/fr\/wp-json\/wp\/v2\/pages\/9379\/revisions\/11576"}],"wp:attachment":[{"href":"https:\/\/vw-ingredients.com\/fr\/wp-json\/wp\/v2\/media?parent=9379"}],"curies":[{"name":"wp","href":"https:\/\/api.w.org\/{rel}","templated":true}]}}