{"id":8808,"date":"2021-10-12T13:10:22","date_gmt":"2021-10-12T13:10:22","guid":{"rendered":"https:\/\/vw-ingredients.com\/nos-partenaires"},"modified":"2025-02-11T08:54:44","modified_gmt":"2025-02-11T08:54:44","slug":"nos-partenaires","status":"publish","type":"page","link":"https:\/\/vw-ingredients.com\/fr\/nos-partenaires","title":{"rendered":"Nos partenaires"},"content":{"rendered":"\t\t<div data-elementor-type=\"wp-page\" data-elementor-id=\"8808\" class=\"elementor elementor-8808 elementor-56\" data-elementor-post-type=\"page\">\n\t\t\t\t<div class=\"elementor-element elementor-element-a2653af e-flex e-con-boxed e-con e-parent\" data-id=\"a2653af\" data-element_type=\"container\" data-e-type=\"container\" data-settings=\"{&quot;background_background&quot;:&quot;classic&quot;,&quot;jet_parallax_layout_list&quot;:[]}\">\n\t\t\t\t\t<div class=\"e-con-inner\">\n\t\t<div class=\"elementor-element elementor-element-e8b570f e-flex e-con-boxed elementor-invisible e-con e-child\" data-id=\"e8b570f\" data-element_type=\"container\" data-e-type=\"container\" data-settings=\"{&quot;animation&quot;:&quot;fadeIn&quot;,&quot;animation_delay&quot;:400,&quot;jet_parallax_layout_list&quot;:[]}\">\n\t\t\t\t\t<div class=\"e-con-inner\">\n\t\t\t\t<div class=\"elementor-element elementor-element-d7d3c53 elementor-widget elementor-widget-heading\" data-id=\"d7d3c53\" data-element_type=\"widget\" data-e-type=\"widget\" data-widget_type=\"heading.default\">\n\t\t\t\t<div class=\"elementor-widget-container\">\n\t\t\t\t\t<h1 class=\"elementor-heading-title elementor-size-default\">Nos partenaires<\/h1>\t\t\t\t<\/div>\n\t\t\t\t<\/div>\n\t\t\t\t<div class=\"elementor-element elementor-element-b587591 elementor-widget elementor-widget-text-editor\" data-id=\"b587591\" data-element_type=\"widget\" data-e-type=\"widget\" data-widget_type=\"text-editor.default\">\n\t\t\t\t<div class=\"elementor-widget-container\">\n\t\t\t\t\t\t\t\t\t<p>Depuis les ann\u00e9es 80, nous avons \u00e9tabli des relations de confiance <br \/>avec des producteurs en Chine.  <\/p>\n\t\t\t\t\t\t\t\t<\/div>\n\t\t\t\t<\/div>\n\t\t\t\t\t<\/div>\n\t\t\t\t<\/div>\n\t\t\t\t\t<\/div>\n\t\t\t\t<\/div>\n\t\t<div class=\"elementor-element elementor-element-4d570b0 e-flex e-con-boxed e-con e-parent\" data-id=\"4d570b0\" data-element_type=\"container\" data-e-type=\"container\" data-settings=\"{&quot;background_background&quot;:&quot;classic&quot;,&quot;jet_parallax_layout_list&quot;:[]}\">\n\t\t\t\t\t<div class=\"e-con-inner\">\n\t\t<div class=\"elementor-element elementor-element-a92e93a e-flex e-con-boxed elementor-invisible e-con e-child\" data-id=\"a92e93a\" data-element_type=\"container\" data-e-type=\"container\" data-settings=\"{&quot;animation&quot;:&quot;fadeIn&quot;,&quot;animation_delay&quot;:400,&quot;jet_parallax_layout_list&quot;:[]}\">\n\t\t\t\t\t<div class=\"e-con-inner\">\n\t\t<div class=\"elementor-element elementor-element-eda41ee e-flex e-con-boxed e-con e-child\" data-id=\"eda41ee\" data-element_type=\"container\" data-e-type=\"container\" data-settings=\"{&quot;jet_parallax_layout_list&quot;:[]}\">\n\t\t\t\t\t<div class=\"e-con-inner\">\n\t\t\t\t<div class=\"elementor-element elementor-element-2d82d67 elementor-widget elementor-widget-heading\" data-id=\"2d82d67\" data-element_type=\"widget\" data-e-type=\"widget\" data-widget_type=\"heading.default\">\n\t\t\t\t<div class=\"elementor-widget-container\">\n\t\t\t\t\t<h2 class=\"elementor-heading-title elementor-size-default\">Aojing Biotechnology Co. Ltd. <\/h2>\t\t\t\t<\/div>\n\t\t\t\t<\/div>\n\t\t\t\t<div class=\"elementor-element elementor-element-e47d2aa elementor-widget elementor-widget-text-editor\" data-id=\"e47d2aa\" data-element_type=\"widget\" data-e-type=\"widget\" data-widget_type=\"text-editor.default\">\n\t\t\t\t<div class=\"elementor-widget-container\">\n\t\t\t\t\t\t\t\t\t<p>Aojing Biotechnology Co. Ltd. a d\u00e9marr\u00e9 en 2017 mais a d\u00e9j\u00e0 \u00e9t\u00e9 fond\u00e9e en 1985. Elle fabrique et vend principalement des s\u00e9ries d&rsquo;extraits de st\u00e9via. La capacit\u00e9 de production d&rsquo;Aojing Biotechnology est la premi\u00e8re au niveau international. Elle est l&rsquo;un des principaux fabricants de sucre de st\u00e9via dans le monde.    <\/p>\n<p>Aojing Biotechnology utilise des technologies de production avanc\u00e9es, telles que l&rsquo;extraction \u00e0 contre-courant, la s\u00e9paration par membrane, etc. Elle dispose de syst\u00e8mes de contr\u00f4le de la qualit\u00e9 stricts conformes \u00e0 la norme ISO9001. Elle dispose de syst\u00e8mes de contr\u00f4le de qualit\u00e9 stricts conformes \u00e0 la norme ISO 9001. Par cons\u00e9quent, ses normes de qualit\u00e9 sont plus strictes que les normes de qualit\u00e9 nationales. Aojing Biotechnology est situ\u00e9 dans la ville de Jining, dans la province de Shandong, et b\u00e9n\u00e9ficie d&rsquo;une position g\u00e9ographique favorable et de communications pratiques.   <\/p>\n<p>\u00ab\u00a0Le respect strict de l&rsquo;honn\u00eatet\u00e9 et le d\u00e9veloppement d&rsquo;une bonne \u00e9thique commerciale sont les principes de fonctionnement de l&rsquo;entreprise. Ils utilisent leur sinc\u00e9rit\u00e9 et leur haute qualit\u00e9 comme un pont entre leurs produits et le march\u00e9. Avec sa gamme de produits, elle fournit des \u00e9dulcorants naturels et sains pour la consommation humaine. Aojing Biotechnology vise \u00e0 cr\u00e9er une coop\u00e9ration \u00ab\u00a0douce\u00a0\u00bb avec des clients du monde entier.   <\/p>\n\t\t\t\t\t\t\t\t<\/div>\n\t\t\t\t<\/div>\n\t\t\t\t\t<\/div>\n\t\t\t\t<\/div>\n\t\t<div class=\"elementor-element elementor-element-c2a9c01 e-flex e-con-boxed e-con e-child\" data-id=\"c2a9c01\" data-element_type=\"container\" data-e-type=\"container\" data-settings=\"{&quot;background_background&quot;:&quot;classic&quot;,&quot;jet_parallax_layout_list&quot;:[]}\">\n\t\t\t\t\t<div class=\"e-con-inner\">\n\t\t\t\t\t<\/div>\n\t\t\t\t<\/div>\n\t\t\t\t\t<\/div>\n\t\t\t\t<\/div>\n\t\t\t\t\t<\/div>\n\t\t\t\t<\/div>\n\t\t<div class=\"elementor-element elementor-element-e289e26 e-flex e-con-boxed e-con e-parent\" data-id=\"e289e26\" data-element_type=\"container\" data-e-type=\"container\" data-settings=\"{&quot;background_background&quot;:&quot;classic&quot;,&quot;jet_parallax_layout_list&quot;:[]}\">\n\t\t\t\t\t<div class=\"e-con-inner\">\n\t\t<div class=\"elementor-element elementor-element-1f30b20 e-flex e-con-boxed elementor-invisible e-con e-child\" data-id=\"1f30b20\" data-element_type=\"container\" data-e-type=\"container\" data-settings=\"{&quot;animation&quot;:&quot;fadeIn&quot;,&quot;animation_delay&quot;:400,&quot;jet_parallax_layout_list&quot;:[]}\">\n\t\t\t\t\t<div class=\"e-con-inner\">\n\t\t<div class=\"elementor-element elementor-element-bf47988 e-flex e-con-boxed e-con e-child\" data-id=\"bf47988\" data-element_type=\"container\" data-e-type=\"container\" data-settings=\"{&quot;jet_parallax_layout_list&quot;:[]}\">\n\t\t\t\t\t<div class=\"e-con-inner\">\n\t\t\t\t<div class=\"elementor-element elementor-element-385aac8 elementor-widget elementor-widget-heading\" data-id=\"385aac8\" data-element_type=\"widget\" data-e-type=\"widget\" data-widget_type=\"heading.default\">\n\t\t\t\t<div class=\"elementor-widget-container\">\n\t\t\t\t\t<h2 class=\"elementor-heading-title elementor-size-default\">Angel Yeast Co<\/h2>\t\t\t\t<\/div>\n\t\t\t\t<\/div>\n\t\t\t\t<div class=\"elementor-element elementor-element-a9237b3 elementor-widget elementor-widget-text-editor\" data-id=\"a9237b3\" data-element_type=\"widget\" data-e-type=\"widget\" data-widget_type=\"text-editor.default\">\n\t\t\t\t<div class=\"elementor-widget-container\">\n\t\t\t\t\t\t\t\t\t<p>Angel Yeast Co. Ltd, fond\u00e9e en 1986, est une entreprise de levure de haute technologie cot\u00e9e en bourse en Chine. Elle est sp\u00e9cialis\u00e9e dans la production de levure et de b\u00eata-glucane de levure. Angel Yeast poss\u00e8de 10 bases de production internationales de pointe en Chine, en \u00c9gypte et en Russie. Cette entreprise partenaire a mis en place 12 centres techniques, avec plus de 100 ing\u00e9nieurs techniques fournissant une assistance technique sp\u00e9cialis\u00e9e pour le march\u00e9 mondial. Angel Yeast est le plus grand producteur de b\u00eata-glucane de levure en Chine.     <\/p>\n<p>Angel Yeast Beta Glucan, magique et vital pour la sant\u00e9 humaine, est le partenaire de la sant\u00e9 humaine. Angel Yeast a pour objectif de devenir une grande entreprise internationale sp\u00e9cialis\u00e9e dans la levure, avec le plus grand nombre de vari\u00e9t\u00e9s et les sp\u00e9cifications les plus compl\u00e8tes. Pour atteindre cet objectif, Angel Yeast a toujours adh\u00e9r\u00e9 au concept de produit \u00ab\u00a0naturel, nutritif et sain\u00a0\u00bb en se concentrant sur les besoins des clients.  <\/p>\n<p>Ils ont d\u00e9velopp\u00e9 des applications de la levure avec la biotechnologie moderne. Angel Yeast, en respectant le concept de march\u00e9 de \u00ab\u00a0cr\u00e9ation de valeur pour les clients\u00a0\u00bb, fournit \u00e0 ses clients du monde entier des produits s\u00fbrs, fiables et de qualit\u00e9, ainsi qu&rsquo;un service et une assistance techniques de niveau international. Cela a fait d&rsquo;Angel Yeast l&rsquo;un des partenaires les plus fiables des clients dans le monde.  <\/p>\n\t\t\t\t\t\t\t\t<\/div>\n\t\t\t\t<\/div>\n\t\t\t\t\t<\/div>\n\t\t\t\t<\/div>\n\t\t<div class=\"elementor-element elementor-element-e02552e e-flex e-con-boxed e-con e-child\" data-id=\"e02552e\" data-element_type=\"container\" data-e-type=\"container\" data-settings=\"{&quot;background_background&quot;:&quot;classic&quot;,&quot;jet_parallax_layout_list&quot;:[]}\">\n\t\t\t\t\t<div class=\"e-con-inner\">\n\t\t\t\t<div class=\"elementor-element elementor-element-7ae86f2 elementor-widget elementor-widget-image\" data-id=\"7ae86f2\" data-element_type=\"widget\" data-e-type=\"widget\" data-widget_type=\"image.default\">\n\t\t\t\t<div class=\"elementor-widget-container\">\n\t\t\t\t\t\t\t\t\t\t\t\t\t\t\t<img fetchpriority=\"high\" decoding=\"async\" width=\"500\" height=\"197\" src=\"https:\/\/vw-ingredients.com\/wp-content\/uploads\/2024\/02\/angelyeast.jpg\" class=\"attachment-large size-large wp-image-2933\" alt=\"\" srcset=\"https:\/\/vw-ingredients.com\/wp-content\/uploads\/2024\/02\/angelyeast.jpg 500w, https:\/\/vw-ingredients.com\/wp-content\/uploads\/2024\/02\/angelyeast-300x118.jpg 300w\" sizes=\"(max-width: 500px) 100vw, 500px\" \/>\t\t\t\t\t\t\t\t\t\t\t\t\t\t\t<\/div>\n\t\t\t\t<\/div>\n\t\t\t\t\t<\/div>\n\t\t\t\t<\/div>\n\t\t\t\t\t<\/div>\n\t\t\t\t<\/div>\n\t\t\t\t\t<\/div>\n\t\t\t\t<\/div>\n\t\t<div class=\"elementor-element elementor-element-44bf018 e-flex e-con-boxed e-con e-parent\" data-id=\"44bf018\" data-element_type=\"container\" data-e-type=\"container\" data-settings=\"{&quot;background_background&quot;:&quot;classic&quot;,&quot;jet_parallax_layout_list&quot;:[]}\">\n\t\t\t\t\t<div class=\"e-con-inner\">\n\t\t<div class=\"elementor-element elementor-element-74c72e7 e-flex e-con-boxed elementor-invisible e-con e-child\" data-id=\"74c72e7\" data-element_type=\"container\" data-e-type=\"container\" data-settings=\"{&quot;animation&quot;:&quot;fadeIn&quot;,&quot;animation_delay&quot;:400,&quot;jet_parallax_layout_list&quot;:[]}\">\n\t\t\t\t\t<div class=\"e-con-inner\">\n\t\t<div class=\"elementor-element elementor-element-eff92bb e-flex e-con-boxed e-con e-child\" data-id=\"eff92bb\" data-element_type=\"container\" data-e-type=\"container\" data-settings=\"{&quot;jet_parallax_layout_list&quot;:[]}\">\n\t\t\t\t\t<div class=\"e-con-inner\">\n\t\t\t\t<div class=\"elementor-element elementor-element-dc016e8 elementor-widget elementor-widget-heading\" data-id=\"dc016e8\" data-element_type=\"widget\" data-e-type=\"widget\" data-widget_type=\"heading.default\">\n\t\t\t\t<div class=\"elementor-widget-container\">\n\t\t\t\t\t<h2 class=\"elementor-heading-title elementor-size-default\">Heagreen<\/h2>\t\t\t\t<\/div>\n\t\t\t\t<\/div>\n\t\t\t\t<div class=\"elementor-element elementor-element-abb4753 elementor-widget elementor-widget-text-editor\" data-id=\"abb4753\" data-element_type=\"widget\" data-e-type=\"widget\" data-widget_type=\"text-editor.default\">\n\t\t\t\t<div class=\"elementor-widget-container\">\n\t\t\t\t\t\t\t\t\tHenan Heagreen Bio-technology Co. est un fabricant de sucres fonctionnels dont l&rsquo;activit\u00e9 principale est la production et\nla vente de XOS et de services connexes. Heagreen est une entreprise professionnelle\nsp\u00e9cialis\u00e9e dans la production, la recherche et le d\u00e9veloppement de XOS, et s&rsquo;engage \u00e0 fournir \u00e0 ses clients\ndes produits et des services de qualit\u00e9 stable, et \u00e0 fournir aux gens des facteurs micro-\u00e9cologiques pr\u00e9biotiques de haute qualit\u00e9\npour cr\u00e9er une micro-\u00e9cologie saine. Le nom Heagreen est un mot compos\u00e9\nde sant\u00e9 et de vert. Henan Heagreen Bio-technology Co. a \u00e9t\u00e9 cr\u00e9\u00e9e en ao\u00fbt 2014.   \t\t\t\t\t\t\t\t<\/div>\n\t\t\t\t<\/div>\n\t\t\t\t\t<\/div>\n\t\t\t\t<\/div>\n\t\t<div class=\"elementor-element elementor-element-46b6b26 e-flex e-con-boxed e-con e-child\" data-id=\"46b6b26\" data-element_type=\"container\" data-e-type=\"container\" data-settings=\"{&quot;background_background&quot;:&quot;classic&quot;,&quot;jet_parallax_layout_list&quot;:[]}\">\n\t\t\t\t\t<div class=\"e-con-inner\">\n\t\t\t\t<div class=\"elementor-element elementor-element-947bacf elementor-widget elementor-widget-image\" data-id=\"947bacf\" data-element_type=\"widget\" data-e-type=\"widget\" data-widget_type=\"image.default\">\n\t\t\t\t<div class=\"elementor-widget-container\">\n\t\t\t\t\t\t\t\t\t\t\t\t\t\t\t<img decoding=\"async\" width=\"376\" height=\"146\" src=\"https:\/\/vw-ingredients.com\/wp-content\/uploads\/2024\/04\/heagreen.png\" class=\"attachment-large size-large wp-image-8816\" alt=\"\" srcset=\"https:\/\/vw-ingredients.com\/wp-content\/uploads\/2024\/04\/heagreen.png 376w, https:\/\/vw-ingredients.com\/wp-content\/uploads\/2024\/04\/heagreen-300x116.png 300w\" sizes=\"(max-width: 376px) 100vw, 376px\" \/>\t\t\t\t\t\t\t\t\t\t\t\t\t\t\t<\/div>\n\t\t\t\t<\/div>\n\t\t\t\t\t<\/div>\n\t\t\t\t<\/div>\n\t\t\t\t\t<\/div>\n\t\t\t\t<\/div>\n\t\t\t\t\t<\/div>\n\t\t\t\t<\/div>\n\t\t<div class=\"elementor-element elementor-element-63a21b5 e-flex e-con-boxed e-con e-parent\" data-id=\"63a21b5\" data-element_type=\"container\" data-e-type=\"container\" data-settings=\"{&quot;background_background&quot;:&quot;classic&quot;,&quot;jet_parallax_layout_list&quot;:[]}\">\n\t\t\t\t\t<div class=\"e-con-inner\">\n\t\t<div class=\"elementor-element elementor-element-da36197 e-flex e-con-boxed elementor-invisible e-con e-child\" data-id=\"da36197\" data-element_type=\"container\" data-e-type=\"container\" data-settings=\"{&quot;animation&quot;:&quot;fadeIn&quot;,&quot;animation_delay&quot;:400,&quot;jet_parallax_layout_list&quot;:[]}\">\n\t\t\t\t\t<div class=\"e-con-inner\">\n\t\t<div class=\"elementor-element elementor-element-48f0dbe e-flex e-con-boxed e-con e-child\" data-id=\"48f0dbe\" data-element_type=\"container\" data-e-type=\"container\" data-settings=\"{&quot;jet_parallax_layout_list&quot;:[]}\">\n\t\t\t\t\t<div class=\"e-con-inner\">\n\t\t\t\t<div class=\"elementor-element elementor-element-6f6fcff elementor-widget elementor-widget-heading\" data-id=\"6f6fcff\" data-element_type=\"widget\" data-e-type=\"widget\" data-widget_type=\"heading.default\">\n\t\t\t\t<div class=\"elementor-widget-container\">\n\t\t\t\t\t<h2 class=\"elementor-heading-title elementor-size-default\">Runloy<\/h2>\t\t\t\t<\/div>\n\t\t\t\t<\/div>\n\t\t\t\t<div class=\"elementor-element elementor-element-11424c6 elementor-widget elementor-widget-text-editor\" data-id=\"11424c6\" data-element_type=\"widget\" data-e-type=\"widget\" data-widget_type=\"text-editor.default\">\n\t\t\t\t<div class=\"elementor-widget-container\">\n\t\t\t\t\t\t\t\t\tLe groupe Runloy a \u00e9t\u00e9 fond\u00e9 en 2014, le contexte industriel et l&rsquo;histoire remontent \u00e0 2002, lorsque\nl&rsquo;\u00e9quipe cl\u00e9 de Runloy a commenc\u00e9 l&rsquo;exploration et la production de Polydextrose en Chine. Aujourd&rsquo;hui,\nRunloy est engag\u00e9 dans la R&amp;D, la production et les ventes mondiales de Fibersse\u00ae Polydextrose, avec un si\u00e8ge social\n\u00e0 Huaibei, Anhui, une capacit\u00e9 totale de 30.000 MT. \n\t\t\t\t\t\t\t\t<\/div>\n\t\t\t\t<\/div>\n\t\t\t\t<div class=\"elementor-element elementor-element-724bd85 elementor-widget elementor-widget-text-editor\" data-id=\"724bd85\" data-element_type=\"widget\" data-e-type=\"widget\" data-widget_type=\"text-editor.default\">\n\t\t\t\t<div class=\"elementor-widget-container\">\n\t\t\t\t\t\t\t\t\t\nSoutenus par une production et une connaissance du march\u00e9 solides, une \u00e9quipe d&rsquo;entrepreneurs de premier ordre int\u00e9grant\nla gestion, la recherche et le d\u00e9veloppement technologiques, le service et le marketing, nous avons\npassionn\u00e9ment insist\u00e9 sur les fibres alimentaires depuis plus de 17 ans. Depuis la naissance de Runloy, nous pensons que la qualit\u00e9,\nla technologie et le service sont les forces motrices qui nous permettent de d\u00e9velopper nos activit\u00e9s avec nos partenaires internationaux\net de gagner ensemble sur le march\u00e9. \t\t\t\t\t\t\t\t<\/div>\n\t\t\t\t<\/div>\n\t\t\t\t\t<\/div>\n\t\t\t\t<\/div>\n\t\t<div class=\"elementor-element elementor-element-ab2d9ba e-flex e-con-boxed e-con e-child\" data-id=\"ab2d9ba\" data-element_type=\"container\" data-e-type=\"container\" data-settings=\"{&quot;background_background&quot;:&quot;classic&quot;,&quot;jet_parallax_layout_list&quot;:[]}\">\n\t\t\t\t\t<div class=\"e-con-inner\">\n\t\t\t\t<div class=\"elementor-element elementor-element-7c00638 elementor-widget elementor-widget-image\" data-id=\"7c00638\" data-element_type=\"widget\" data-e-type=\"widget\" data-widget_type=\"image.default\">\n\t\t\t\t<div class=\"elementor-widget-container\">\n\t\t\t\t\t\t\t\t\t\t\t\t\t\t\t<img decoding=\"async\" width=\"565\" height=\"233\" src=\"https:\/\/vw-ingredients.com\/wp-content\/uploads\/2024\/04\/Fibersse-logo-1.png\" class=\"attachment-large size-large wp-image-8817\" alt=\"\" srcset=\"https:\/\/vw-ingredients.com\/wp-content\/uploads\/2024\/04\/Fibersse-logo-1.png 565w, https:\/\/vw-ingredients.com\/wp-content\/uploads\/2024\/04\/Fibersse-logo-1-300x124.png 300w\" sizes=\"(max-width: 565px) 100vw, 565px\" \/>\t\t\t\t\t\t\t\t\t\t\t\t\t\t\t<\/div>\n\t\t\t\t<\/div>\n\t\t\t\t\t<\/div>\n\t\t\t\t<\/div>\n\t\t\t\t\t<\/div>\n\t\t\t\t<\/div>\n\t\t\t\t\t<\/div>\n\t\t\t\t<\/div>\n\t\t\t\t<\/div>\n\t\t","protected":false},"excerpt":{"rendered":"<p>Nos partenaires Depuis les ann\u00e9es 80, nous avons \u00e9tabli des relations de confiance avec des producteurs en Chine. Aojing Biotechnology Co. Ltd. Aojing Biotechnology Co. Ltd. a d\u00e9marr\u00e9 en 2017 mais a d\u00e9j\u00e0 \u00e9t\u00e9 fond\u00e9e en 1985. Elle fabrique et vend principalement des s\u00e9ries d&rsquo;extraits de st\u00e9via. La capacit\u00e9 de production d&rsquo;Aojing Biotechnology est la [&hellip;]<\/p>\n","protected":false},"author":6,"featured_media":8814,"parent":0,"menu_order":0,"comment_status":"closed","ping_status":"closed","template":"elementor_header_footer","meta":{"_acf_changed":false,"footnotes":""},"class_list":["post-8808","page","type-page","status-publish","has-post-thumbnail","hentry"],"acf":[],"yoast_head":"<!-- This site is optimized with the Yoast SEO plugin v27.3 - https:\/\/yoast.com\/product\/yoast-seo-wordpress\/ -->\n<title>Nos partenaires | Van Wankum Ingredients<\/title>\n<meta name=\"description\" content=\"Jubang Pharmaceutical, Angel Yeast Co et Aoxing Stevia sont nos partenaires. Pour en savoir plus sur nos partenaires, consultez cette page.\" \/>\n<meta name=\"robots\" content=\"index, follow, max-snippet:-1, max-image-preview:large, max-video-preview:-1\" \/>\n<link rel=\"canonical\" href=\"https:\/\/vw-ingredients.com\/fr\/nos-partenaires\" \/>\n<meta property=\"og:locale\" content=\"fr_FR\" \/>\n<meta property=\"og:type\" content=\"article\" \/>\n<meta property=\"og:title\" content=\"Nos partenaires | Van Wankum Ingredients\" \/>\n<meta property=\"og:description\" content=\"Jubang Pharmaceutical, Angel Yeast Co et Aoxing Stevia sont nos partenaires. Pour en savoir plus sur nos partenaires, consultez cette page.\" \/>\n<meta property=\"og:url\" content=\"https:\/\/vw-ingredients.com\/fr\/nos-partenaires\" \/>\n<meta property=\"og:site_name\" content=\"Van Wankum Ingredients\" \/>\n<meta property=\"article:modified_time\" content=\"2025-02-11T08:54:44+00:00\" \/>\n<meta property=\"og:image\" content=\"https:\/\/vw-ingredients.com\/wp-content\/uploads\/2024\/04\/banner-vwi-partners.jpg\" \/>\n\t<meta property=\"og:image:width\" content=\"1920\" \/>\n\t<meta property=\"og:image:height\" content=\"569\" \/>\n\t<meta property=\"og:image:type\" content=\"image\/jpeg\" \/>\n<meta name=\"twitter:card\" content=\"summary_large_image\" \/>\n<meta name=\"twitter:label1\" content=\"Dur\u00e9e de lecture estim\u00e9e\" \/>\n\t<meta name=\"twitter:data1\" content=\"4 minutes\" \/>\n<script type=\"application\/ld+json\" class=\"yoast-schema-graph\">{\"@context\":\"https:\\\/\\\/schema.org\",\"@graph\":[{\"@type\":\"WebPage\",\"@id\":\"https:\\\/\\\/vw-ingredients.com\\\/fr\\\/nos-partenaires\",\"url\":\"https:\\\/\\\/vw-ingredients.com\\\/fr\\\/nos-partenaires\",\"name\":\"Nos partenaires | Van Wankum Ingredients\",\"isPartOf\":{\"@id\":\"https:\\\/\\\/vw-ingredients.com\\\/fr#website\"},\"primaryImageOfPage\":{\"@id\":\"https:\\\/\\\/vw-ingredients.com\\\/fr\\\/nos-partenaires#primaryimage\"},\"image\":{\"@id\":\"https:\\\/\\\/vw-ingredients.com\\\/fr\\\/nos-partenaires#primaryimage\"},\"thumbnailUrl\":\"https:\\\/\\\/vw-ingredients.com\\\/wp-content\\\/uploads\\\/2024\\\/04\\\/banner-vwi-partners.jpg\",\"datePublished\":\"2021-10-12T13:10:22+00:00\",\"dateModified\":\"2025-02-11T08:54:44+00:00\",\"description\":\"Jubang Pharmaceutical, Angel Yeast Co et Aoxing Stevia sont nos partenaires. Pour en savoir plus sur nos partenaires, consultez cette page.\",\"breadcrumb\":{\"@id\":\"https:\\\/\\\/vw-ingredients.com\\\/fr\\\/nos-partenaires#breadcrumb\"},\"inLanguage\":\"fr-FR\",\"potentialAction\":[{\"@type\":\"ReadAction\",\"target\":[\"https:\\\/\\\/vw-ingredients.com\\\/fr\\\/nos-partenaires\"]}]},{\"@type\":\"ImageObject\",\"inLanguage\":\"fr-FR\",\"@id\":\"https:\\\/\\\/vw-ingredients.com\\\/fr\\\/nos-partenaires#primaryimage\",\"url\":\"https:\\\/\\\/vw-ingredients.com\\\/wp-content\\\/uploads\\\/2024\\\/04\\\/banner-vwi-partners.jpg\",\"contentUrl\":\"https:\\\/\\\/vw-ingredients.com\\\/wp-content\\\/uploads\\\/2024\\\/04\\\/banner-vwi-partners.jpg\",\"width\":1920,\"height\":569},{\"@type\":\"BreadcrumbList\",\"@id\":\"https:\\\/\\\/vw-ingredients.com\\\/fr\\\/nos-partenaires#breadcrumb\",\"itemListElement\":[{\"@type\":\"ListItem\",\"position\":1,\"name\":\"Home\",\"item\":\"https:\\\/\\\/vw-ingredients.com\\\/fr\"},{\"@type\":\"ListItem\",\"position\":2,\"name\":\"Nos partenaires\"}]},{\"@type\":\"WebSite\",\"@id\":\"https:\\\/\\\/vw-ingredients.com\\\/fr#website\",\"url\":\"https:\\\/\\\/vw-ingredients.com\\\/fr\",\"name\":\"Van Wankum Ingredients\",\"description\":\"\",\"potentialAction\":[{\"@type\":\"SearchAction\",\"target\":{\"@type\":\"EntryPoint\",\"urlTemplate\":\"https:\\\/\\\/vw-ingredients.com\\\/fr?s={search_term_string}\"},\"query-input\":{\"@type\":\"PropertyValueSpecification\",\"valueRequired\":true,\"valueName\":\"search_term_string\"}}],\"inLanguage\":\"fr-FR\"}]}<\/script>\n<!-- \/ Yoast SEO plugin. -->","yoast_head_json":{"title":"Nos partenaires | Van Wankum Ingredients","description":"Jubang Pharmaceutical, Angel Yeast Co et Aoxing Stevia sont nos partenaires. Pour en savoir plus sur nos partenaires, consultez cette page.","robots":{"index":"index","follow":"follow","max-snippet":"max-snippet:-1","max-image-preview":"max-image-preview:large","max-video-preview":"max-video-preview:-1"},"canonical":"https:\/\/vw-ingredients.com\/fr\/nos-partenaires","og_locale":"fr_FR","og_type":"article","og_title":"Nos partenaires | Van Wankum Ingredients","og_description":"Jubang Pharmaceutical, Angel Yeast Co et Aoxing Stevia sont nos partenaires. Pour en savoir plus sur nos partenaires, consultez cette page.","og_url":"https:\/\/vw-ingredients.com\/fr\/nos-partenaires","og_site_name":"Van Wankum Ingredients","article_modified_time":"2025-02-11T08:54:44+00:00","og_image":[{"width":1920,"height":569,"url":"https:\/\/vw-ingredients.com\/wp-content\/uploads\/2024\/04\/banner-vwi-partners.jpg","type":"image\/jpeg"}],"twitter_card":"summary_large_image","twitter_misc":{"Dur\u00e9e de lecture estim\u00e9e":"4 minutes"},"schema":{"@context":"https:\/\/schema.org","@graph":[{"@type":"WebPage","@id":"https:\/\/vw-ingredients.com\/fr\/nos-partenaires","url":"https:\/\/vw-ingredients.com\/fr\/nos-partenaires","name":"Nos partenaires | Van Wankum Ingredients","isPartOf":{"@id":"https:\/\/vw-ingredients.com\/fr#website"},"primaryImageOfPage":{"@id":"https:\/\/vw-ingredients.com\/fr\/nos-partenaires#primaryimage"},"image":{"@id":"https:\/\/vw-ingredients.com\/fr\/nos-partenaires#primaryimage"},"thumbnailUrl":"https:\/\/vw-ingredients.com\/wp-content\/uploads\/2024\/04\/banner-vwi-partners.jpg","datePublished":"2021-10-12T13:10:22+00:00","dateModified":"2025-02-11T08:54:44+00:00","description":"Jubang Pharmaceutical, Angel Yeast Co et Aoxing Stevia sont nos partenaires. Pour en savoir plus sur nos partenaires, consultez cette page.","breadcrumb":{"@id":"https:\/\/vw-ingredients.com\/fr\/nos-partenaires#breadcrumb"},"inLanguage":"fr-FR","potentialAction":[{"@type":"ReadAction","target":["https:\/\/vw-ingredients.com\/fr\/nos-partenaires"]}]},{"@type":"ImageObject","inLanguage":"fr-FR","@id":"https:\/\/vw-ingredients.com\/fr\/nos-partenaires#primaryimage","url":"https:\/\/vw-ingredients.com\/wp-content\/uploads\/2024\/04\/banner-vwi-partners.jpg","contentUrl":"https:\/\/vw-ingredients.com\/wp-content\/uploads\/2024\/04\/banner-vwi-partners.jpg","width":1920,"height":569},{"@type":"BreadcrumbList","@id":"https:\/\/vw-ingredients.com\/fr\/nos-partenaires#breadcrumb","itemListElement":[{"@type":"ListItem","position":1,"name":"Home","item":"https:\/\/vw-ingredients.com\/fr"},{"@type":"ListItem","position":2,"name":"Nos partenaires"}]},{"@type":"WebSite","@id":"https:\/\/vw-ingredients.com\/fr#website","url":"https:\/\/vw-ingredients.com\/fr","name":"Van Wankum Ingredients","description":"","potentialAction":[{"@type":"SearchAction","target":{"@type":"EntryPoint","urlTemplate":"https:\/\/vw-ingredients.com\/fr?s={search_term_string}"},"query-input":{"@type":"PropertyValueSpecification","valueRequired":true,"valueName":"search_term_string"}}],"inLanguage":"fr-FR"}]}},"_links":{"self":[{"href":"https:\/\/vw-ingredients.com\/fr\/wp-json\/wp\/v2\/pages\/8808","targetHints":{"allow":["GET"]}}],"collection":[{"href":"https:\/\/vw-ingredients.com\/fr\/wp-json\/wp\/v2\/pages"}],"about":[{"href":"https:\/\/vw-ingredients.com\/fr\/wp-json\/wp\/v2\/types\/page"}],"author":[{"embeddable":true,"href":"https:\/\/vw-ingredients.com\/fr\/wp-json\/wp\/v2\/users\/6"}],"replies":[{"embeddable":true,"href":"https:\/\/vw-ingredients.com\/fr\/wp-json\/wp\/v2\/comments?post=8808"}],"version-history":[{"count":1,"href":"https:\/\/vw-ingredients.com\/fr\/wp-json\/wp\/v2\/pages\/8808\/revisions"}],"predecessor-version":[{"id":8818,"href":"https:\/\/vw-ingredients.com\/fr\/wp-json\/wp\/v2\/pages\/8808\/revisions\/8818"}],"wp:featuredmedia":[{"embeddable":true,"href":"https:\/\/vw-ingredients.com\/fr\/wp-json\/wp\/v2\/media\/8814"}],"wp:attachment":[{"href":"https:\/\/vw-ingredients.com\/fr\/wp-json\/wp\/v2\/media?parent=8808"}],"curies":[{"name":"wp","href":"https:\/\/api.w.org\/{rel}","templated":true}]}}