{"id":7883,"date":"2021-10-14T15:41:19","date_gmt":"2021-10-14T15:41:19","guid":{"rendered":"https:\/\/vw-ingredients.com\/product\/betaglucano-de-levadura"},"modified":"2025-02-04T08:46:31","modified_gmt":"2025-02-04T08:46:31","slug":"betaglucano-de-levadura","status":"publish","type":"product","link":"https:\/\/vw-ingredients.com\/es\/producto\/betaglucano-de-levadura","title":{"rendered":"Betaglucano de levadura"},"content":{"rendered":"\t\t<div data-elementor-type=\"wp-post\" data-elementor-id=\"7883\" class=\"elementor elementor-7883 elementor-235\" data-elementor-post-type=\"product\">\n\t\t\t\t\t\t<section class=\"elementor-section elementor-top-section elementor-element elementor-element-b733769 elementor-section-boxed elementor-section-height-default elementor-section-height-default\" data-id=\"b733769\" data-element_type=\"section\" data-e-type=\"section\" data-settings=\"{&quot;jet_parallax_layout_list&quot;:[]}\">\n\t\t\t\t\t\t<div class=\"elementor-container elementor-column-gap-default\">\n\t\t\t\t\t<div class=\"elementor-column elementor-col-100 elementor-top-column elementor-element elementor-element-2fedf73\" data-id=\"2fedf73\" data-element_type=\"column\" data-e-type=\"column\">\n\t\t\t<div class=\"elementor-widget-wrap elementor-element-populated\">\n\t\t\t\t\t\t<div class=\"elementor-element elementor-element-1f3b7b7 elementor-widget elementor-widget-text-editor\" data-id=\"1f3b7b7\" data-element_type=\"widget\" data-e-type=\"widget\" data-widget_type=\"text-editor.default\">\n\t\t\t\t<div class=\"elementor-widget-container\">\n\t\t\t\t\t\t\t\t\t<p><strong>Sin\u00f3nimos<\/strong>: \u03b2-1,3\/1,6-D-glucano.<\/p>\n\t\t\t\t\t\t\t\t<\/div>\n\t\t\t\t<\/div>\n\t\t\t\t<div class=\"elementor-element elementor-element-4a44de6 elementor-widget elementor-widget-heading\" data-id=\"4a44de6\" data-element_type=\"widget\" data-e-type=\"widget\" data-widget_type=\"heading.default\">\n\t\t\t\t<div class=\"elementor-widget-container\">\n\t\t\t\t\t<h2 class=\"elementor-heading-title elementor-size-default\">Betaglucano de levadura Caracteres:<\/h2>\t\t\t\t<\/div>\n\t\t\t\t<\/div>\n\t\t\t\t<div class=\"elementor-element elementor-element-01d7715 elementor-align-start elementor-icon-list--layout-traditional elementor-list-item-link-full_width elementor-widget elementor-widget-icon-list\" data-id=\"01d7715\" data-element_type=\"widget\" data-e-type=\"widget\" data-widget_type=\"icon-list.default\">\n\t\t\t\t<div class=\"elementor-widget-container\">\n\t\t\t\t\t\t\t<ul class=\"elementor-icon-list-items\">\n\t\t\t\t\t\t\t<li class=\"elementor-icon-list-item\">\n\t\t\t\t\t\t\t\t\t\t\t<span class=\"elementor-icon-list-icon\">\n\t\t\t\t\t\t\t<i aria-hidden=\"true\" class=\"fas fa-circle\"><\/i>\t\t\t\t\t\t<\/span>\n\t\t\t\t\t\t\t\t\t\t<span class=\"elementor-icon-list-text\">El Betaglucano de levadura es apto para la dieta vegetariana.<\/span>\n\t\t\t\t\t\t\t\t\t<\/li>\n\t\t\t\t\t\t\t\t<li class=\"elementor-icon-list-item\">\n\t\t\t\t\t\t\t\t\t\t\t<span class=\"elementor-icon-list-icon\">\n\t\t\t\t\t\t\t<i aria-hidden=\"true\" class=\"fas fa-circle\"><\/i>\t\t\t\t\t\t<\/span>\n\t\t\t\t\t\t\t\t\t\t<span class=\"elementor-icon-list-text\">No al\u00e9rgico<\/span>\n\t\t\t\t\t\t\t\t\t<\/li>\n\t\t\t\t\t\t\t\t<li class=\"elementor-icon-list-item\">\n\t\t\t\t\t\t\t\t\t\t\t<span class=\"elementor-icon-list-icon\">\n\t\t\t\t\t\t\t<i aria-hidden=\"true\" class=\"fas fa-circle\"><\/i>\t\t\t\t\t\t<\/span>\n\t\t\t\t\t\t\t\t\t\t<span class=\"elementor-icon-list-text\">Sin gluten<\/span>\n\t\t\t\t\t\t\t\t\t<\/li>\n\t\t\t\t\t\t<\/ul>\n\t\t\t\t\t\t<\/div>\n\t\t\t\t<\/div>\n\t\t\t\t<div class=\"elementor-element elementor-element-6b19e3c elementor-widget elementor-widget-heading\" data-id=\"6b19e3c\" data-element_type=\"widget\" data-e-type=\"widget\" data-widget_type=\"heading.default\">\n\t\t\t\t<div class=\"elementor-widget-container\">\n\t\t\t\t\t<h2 class=\"elementor-heading-title elementor-size-default\">El betaglucano de levadura est\u00e1 disponible en distintos grados:<\/h2>\t\t\t\t<\/div>\n\t\t\t\t<\/div>\n\t\t\t\t<div class=\"elementor-element elementor-element-d1a0e24 elementor-align-start elementor-icon-list--layout-traditional elementor-list-item-link-full_width elementor-widget elementor-widget-icon-list\" data-id=\"d1a0e24\" data-element_type=\"widget\" data-e-type=\"widget\" data-widget_type=\"icon-list.default\">\n\t\t\t\t<div class=\"elementor-widget-container\">\n\t\t\t\t\t\t\t<ul class=\"elementor-icon-list-items\">\n\t\t\t\t\t\t\t<li class=\"elementor-icon-list-item\">\n\t\t\t\t\t\t\t\t\t\t\t<span class=\"elementor-icon-list-icon\">\n\t\t\t\t\t\t\t<i aria-hidden=\"true\" class=\"fas fa-circle\"><\/i>\t\t\t\t\t\t<\/span>\n\t\t\t\t\t\t\t\t\t\t<span class=\"elementor-icon-list-text\">Polvo G70<\/span>\n\t\t\t\t\t\t\t\t\t<\/li>\n\t\t\t\t\t\t\t\t<li class=\"elementor-icon-list-item\">\n\t\t\t\t\t\t\t\t\t\t\t<span class=\"elementor-icon-list-icon\">\n\t\t\t\t\t\t\t<i aria-hidden=\"true\" class=\"fas fa-circle\"><\/i>\t\t\t\t\t\t<\/span>\n\t\t\t\t\t\t\t\t\t\t<span class=\"elementor-icon-list-text\">Polvo G90<\/span>\n\t\t\t\t\t\t\t\t\t<\/li>\n\t\t\t\t\t\t\t\t<li class=\"elementor-icon-list-item\">\n\t\t\t\t\t\t\t\t\t\t\t<span class=\"elementor-icon-list-icon\">\n\t\t\t\t\t\t\t<i aria-hidden=\"true\" class=\"fas fa-circle\"><\/i>\t\t\t\t\t\t<\/span>\n\t\t\t\t\t\t\t\t\t\t<span class=\"elementor-icon-list-text\">Polvo soluble en agua<\/span>\n\t\t\t\t\t\t\t\t\t<\/li>\n\t\t\t\t\t\t<\/ul>\n\t\t\t\t\t\t<\/div>\n\t\t\t\t<\/div>\n\t\t\t\t<div class=\"elementor-element elementor-element-cbc6c02 elementor-widget elementor-widget-heading\" data-id=\"cbc6c02\" data-element_type=\"widget\" data-e-type=\"widget\" data-widget_type=\"heading.default\">\n\t\t\t\t<div class=\"elementor-widget-container\">\n\t\t\t\t\t<h2 class=\"elementor-heading-title elementor-size-default\">Aplicaciones del betaglucano de levadura:<\/h2>\t\t\t\t<\/div>\n\t\t\t\t<\/div>\n\t\t\t\t<div class=\"elementor-element elementor-element-cc02b19 elementor-align-start elementor-icon-list--layout-traditional elementor-list-item-link-full_width elementor-widget elementor-widget-icon-list\" data-id=\"cc02b19\" data-element_type=\"widget\" data-e-type=\"widget\" data-widget_type=\"icon-list.default\">\n\t\t\t\t<div class=\"elementor-widget-container\">\n\t\t\t\t\t\t\t<ul class=\"elementor-icon-list-items\">\n\t\t\t\t\t\t\t<li class=\"elementor-icon-list-item\">\n\t\t\t\t\t\t\t\t\t\t\t<span class=\"elementor-icon-list-icon\">\n\t\t\t\t\t\t\t<i aria-hidden=\"true\" class=\"fas fa-circle\"><\/i>\t\t\t\t\t\t<\/span>\n\t\t\t\t\t\t\t\t\t\t<span class=\"elementor-icon-list-text\">Nutrac\u00e9uticos<\/span>\n\t\t\t\t\t\t\t\t\t<\/li>\n\t\t\t\t\t\t\t\t<li class=\"elementor-icon-list-item\">\n\t\t\t\t\t\t\t\t\t\t\t<span class=\"elementor-icon-list-icon\">\n\t\t\t\t\t\t\t<i aria-hidden=\"true\" class=\"fas fa-circle\"><\/i>\t\t\t\t\t\t<\/span>\n\t\t\t\t\t\t\t\t\t\t<span class=\"elementor-icon-list-text\">Cosm\u00e9ticos<\/span>\n\t\t\t\t\t\t\t\t\t<\/li>\n\t\t\t\t\t\t\t\t<li class=\"elementor-icon-list-item\">\n\t\t\t\t\t\t\t\t\t\t\t<span class=\"elementor-icon-list-icon\">\n\t\t\t\t\t\t\t<i aria-hidden=\"true\" class=\"fas fa-circle\"><\/i>\t\t\t\t\t\t<\/span>\n\t\t\t\t\t\t\t\t\t\t<span class=\"elementor-icon-list-text\">Comida para mascotas<\/span>\n\t\t\t\t\t\t\t\t\t<\/li>\n\t\t\t\t\t\t\t\t<li class=\"elementor-icon-list-item\">\n\t\t\t\t\t\t\t\t\t\t\t<span class=\"elementor-icon-list-icon\">\n\t\t\t\t\t\t\t<i aria-hidden=\"true\" class=\"fas fa-circle\"><\/i>\t\t\t\t\t\t<\/span>\n\t\t\t\t\t\t\t\t\t\t<span class=\"elementor-icon-list-text\">Nutrici\u00f3n an\u00ednima<\/span>\n\t\t\t\t\t\t\t\t\t<\/li>\n\t\t\t\t\t\t<\/ul>\n\t\t\t\t\t\t<\/div>\n\t\t\t\t<\/div>\n\t\t\t\t\t<\/div>\n\t\t<\/div>\n\t\t\t\t\t<\/div>\n\t\t<\/section>\n\t\t\t\t<section class=\"elementor-section elementor-top-section elementor-element elementor-element-864f935 elementor-section-boxed elementor-section-height-default elementor-section-height-default\" data-id=\"864f935\" data-element_type=\"section\" data-e-type=\"section\" data-settings=\"{&quot;jet_parallax_layout_list&quot;:[]}\">\n\t\t\t\t\t\t<div class=\"elementor-container elementor-column-gap-default\">\n\t\t\t\t\t<div class=\"elementor-column elementor-col-100 elementor-top-column elementor-element elementor-element-ba8efe9\" data-id=\"ba8efe9\" data-element_type=\"column\" data-e-type=\"column\">\n\t\t\t<div class=\"elementor-widget-wrap elementor-element-populated\">\n\t\t\t\t\t\t<div class=\"elementor-element elementor-element-0f5771a elementor-widget elementor-widget-video\" data-id=\"0f5771a\" data-element_type=\"widget\" data-e-type=\"widget\" data-settings=\"{&quot;youtube_url&quot;:&quot;https:\\\/\\\/www.youtube.com\\\/watch?v=dECqclzslzg&quot;,&quot;video_type&quot;:&quot;youtube&quot;,&quot;controls&quot;:&quot;yes&quot;}\" data-widget_type=\"video.default\">\n\t\t\t\t<div class=\"elementor-widget-container\">\n\t\t\t\t\t\t\t<div class=\"elementor-wrapper elementor-open-inline\">\n\t\t\t<div class=\"elementor-video\"><\/div>\t\t<\/div>\n\t\t\t\t\t\t<\/div>\n\t\t\t\t<\/div>\n\t\t\t\t\t<\/div>\n\t\t<\/div>\n\t\t\t\t\t<\/div>\n\t\t<\/section>\n\t\t\t\t<\/div>\n\t\t","protected":false},"excerpt":{"rendered":"<p>El \u03b2-glucano de levadura es un modificador biol\u00f3gico de la defensa (MBD) cient\u00edficamente probado que potencia y modula nutricionalmente la respuesta inmunitaria. Como suplemento, tras la ingesti\u00f3n oral, el betaglucano se ingiere principalmente a trav\u00e9s de las c\u00e9lulas inmunitarias macr\u00f3fagas y dendr\u00edticas, para producir de forma nutritiva y segura, mediante la potenciaci\u00f3n y modulaci\u00f3n de la respuesta inmunitaria, en muchos casos diversos efectos terap\u00e9uticos curativos generados por las c\u00e9lulas inmunitarias. Se han investigado los betaglucanos de levadura por estas propiedades de potenciaci\u00f3n inmunitaria, en particular por su capacidad de activar las c\u00e9lulas inmunitarias macr\u00f3fagas y las c\u00e9lulas NK, adem\u00e1s de, a su vez, las c\u00e9lulas T y las c\u00e9lulas B, incluidas las citocinas seleccionadas y las c\u00e9lulas del complemento.  <\/p>\n","protected":false},"author":6,"featured_media":7884,"parent":0,"menu_order":0,"template":"","format":"standard","meta":{"_acf_changed":false},"product-categorieen":[172],"class_list":["post-7883","product","type-product","status-publish","format-standard","has-post-thumbnail","hentry","product-categorieen-derivados-de-la-levadura"],"acf":[],"yoast_head":"<!-- This site is optimized with the Yoast SEO plugin v27.3 - https:\/\/yoast.com\/product\/yoast-seo-wordpress\/ -->\n<title>Salud y deporte - Betaglucano de levadura | Van Wankum Ingredients<\/title>\n<meta name=\"description\" content=\"El \u03b2-glucano de levadura es un modificador biol\u00f3gico de la defensa (MBD) cient\u00edficamente probado que potencia y modula nutricionalmente la respuesta inmunitaria.\" \/>\n<meta name=\"robots\" content=\"index, follow, max-snippet:-1, max-image-preview:large, max-video-preview:-1\" \/>\n<link rel=\"canonical\" href=\"https:\/\/vw-ingredients.com\/es\/producto\/betaglucano-de-levadura\" \/>\n<meta property=\"og:locale\" content=\"es_ES\" \/>\n<meta property=\"og:type\" content=\"article\" \/>\n<meta property=\"og:title\" content=\"Salud y deporte - Betaglucano de levadura | Van Wankum Ingredients\" \/>\n<meta property=\"og:description\" content=\"El \u03b2-glucano de levadura es un modificador biol\u00f3gico de la defensa (MBD) cient\u00edficamente probado que potencia y modula nutricionalmente la respuesta inmunitaria.\" \/>\n<meta property=\"og:url\" content=\"https:\/\/vw-ingredients.com\/es\/producto\/betaglucano-de-levadura\" \/>\n<meta property=\"og:site_name\" content=\"Van Wankum Ingredients\" \/>\n<meta property=\"article:modified_time\" content=\"2025-02-04T08:46:31+00:00\" \/>\n<meta property=\"og:image\" content=\"https:\/\/vw-ingredients.com\/wp-content\/uploads\/2021\/10\/Yeast-beta-glucan-e1634722281723.jpg\" \/>\n\t<meta property=\"og:image:width\" content=\"1000\" \/>\n\t<meta property=\"og:image:height\" content=\"825\" \/>\n\t<meta property=\"og:image:type\" content=\"image\/jpeg\" \/>\n<meta name=\"twitter:card\" content=\"summary_large_image\" \/>\n<script type=\"application\/ld+json\" class=\"yoast-schema-graph\">{\"@context\":\"https:\\\/\\\/schema.org\",\"@graph\":[{\"@type\":\"WebPage\",\"@id\":\"https:\\\/\\\/vw-ingredients.com\\\/es\\\/producto\\\/betaglucano-de-levadura\",\"url\":\"https:\\\/\\\/vw-ingredients.com\\\/es\\\/producto\\\/betaglucano-de-levadura\",\"name\":\"Salud y deporte - Betaglucano de levadura | Van Wankum Ingredients\",\"isPartOf\":{\"@id\":\"https:\\\/\\\/vw-ingredients.com\\\/es#website\"},\"primaryImageOfPage\":{\"@id\":\"https:\\\/\\\/vw-ingredients.com\\\/es\\\/producto\\\/betaglucano-de-levadura#primaryimage\"},\"image\":{\"@id\":\"https:\\\/\\\/vw-ingredients.com\\\/es\\\/producto\\\/betaglucano-de-levadura#primaryimage\"},\"thumbnailUrl\":\"https:\\\/\\\/vw-ingredients.com\\\/wp-content\\\/uploads\\\/2021\\\/10\\\/Yeast-beta-glucan-e1634722281723.jpg\",\"datePublished\":\"2021-10-14T15:41:19+00:00\",\"dateModified\":\"2025-02-04T08:46:31+00:00\",\"description\":\"El \u03b2-glucano de levadura es un modificador biol\u00f3gico de la defensa (MBD) cient\u00edficamente probado que potencia y modula nutricionalmente la respuesta inmunitaria.\",\"breadcrumb\":{\"@id\":\"https:\\\/\\\/vw-ingredients.com\\\/es\\\/producto\\\/betaglucano-de-levadura#breadcrumb\"},\"inLanguage\":\"es\",\"potentialAction\":[{\"@type\":\"ReadAction\",\"target\":[\"https:\\\/\\\/vw-ingredients.com\\\/es\\\/producto\\\/betaglucano-de-levadura\"]}]},{\"@type\":\"ImageObject\",\"inLanguage\":\"es\",\"@id\":\"https:\\\/\\\/vw-ingredients.com\\\/es\\\/producto\\\/betaglucano-de-levadura#primaryimage\",\"url\":\"https:\\\/\\\/vw-ingredients.com\\\/wp-content\\\/uploads\\\/2021\\\/10\\\/Yeast-beta-glucan-e1634722281723.jpg\",\"contentUrl\":\"https:\\\/\\\/vw-ingredients.com\\\/wp-content\\\/uploads\\\/2021\\\/10\\\/Yeast-beta-glucan-e1634722281723.jpg\",\"width\":1000,\"height\":825},{\"@type\":\"BreadcrumbList\",\"@id\":\"https:\\\/\\\/vw-ingredients.com\\\/es\\\/producto\\\/betaglucano-de-levadura#breadcrumb\",\"itemListElement\":[{\"@type\":\"ListItem\",\"position\":1,\"name\":\"Home\",\"item\":\"https:\\\/\\\/vw-ingredients.com\\\/es\"},{\"@type\":\"ListItem\",\"position\":2,\"name\":\"Products\",\"item\":\"https:\\\/\\\/vw-ingredients.com\\\/es\\\/producto\"},{\"@type\":\"ListItem\",\"position\":3,\"name\":\"Betaglucano de levadura\"}]},{\"@type\":\"WebSite\",\"@id\":\"https:\\\/\\\/vw-ingredients.com\\\/es#website\",\"url\":\"https:\\\/\\\/vw-ingredients.com\\\/es\",\"name\":\"Van Wankum Ingredients\",\"description\":\"\",\"potentialAction\":[{\"@type\":\"SearchAction\",\"target\":{\"@type\":\"EntryPoint\",\"urlTemplate\":\"https:\\\/\\\/vw-ingredients.com\\\/es?s={search_term_string}\"},\"query-input\":{\"@type\":\"PropertyValueSpecification\",\"valueRequired\":true,\"valueName\":\"search_term_string\"}}],\"inLanguage\":\"es\"}]}<\/script>\n<!-- \/ Yoast SEO plugin. -->","yoast_head_json":{"title":"Salud y deporte - Betaglucano de levadura | Van Wankum Ingredients","description":"El \u03b2-glucano de levadura es un modificador biol\u00f3gico de la defensa (MBD) cient\u00edficamente probado que potencia y modula nutricionalmente la respuesta inmunitaria.","robots":{"index":"index","follow":"follow","max-snippet":"max-snippet:-1","max-image-preview":"max-image-preview:large","max-video-preview":"max-video-preview:-1"},"canonical":"https:\/\/vw-ingredients.com\/es\/producto\/betaglucano-de-levadura","og_locale":"es_ES","og_type":"article","og_title":"Salud y deporte - Betaglucano de levadura | Van Wankum Ingredients","og_description":"El \u03b2-glucano de levadura es un modificador biol\u00f3gico de la defensa (MBD) cient\u00edficamente probado que potencia y modula nutricionalmente la respuesta inmunitaria.","og_url":"https:\/\/vw-ingredients.com\/es\/producto\/betaglucano-de-levadura","og_site_name":"Van Wankum Ingredients","article_modified_time":"2025-02-04T08:46:31+00:00","og_image":[{"width":1000,"height":825,"url":"https:\/\/vw-ingredients.com\/wp-content\/uploads\/2021\/10\/Yeast-beta-glucan-e1634722281723.jpg","type":"image\/jpeg"}],"twitter_card":"summary_large_image","schema":{"@context":"https:\/\/schema.org","@graph":[{"@type":"WebPage","@id":"https:\/\/vw-ingredients.com\/es\/producto\/betaglucano-de-levadura","url":"https:\/\/vw-ingredients.com\/es\/producto\/betaglucano-de-levadura","name":"Salud y deporte - Betaglucano de levadura | Van Wankum Ingredients","isPartOf":{"@id":"https:\/\/vw-ingredients.com\/es#website"},"primaryImageOfPage":{"@id":"https:\/\/vw-ingredients.com\/es\/producto\/betaglucano-de-levadura#primaryimage"},"image":{"@id":"https:\/\/vw-ingredients.com\/es\/producto\/betaglucano-de-levadura#primaryimage"},"thumbnailUrl":"https:\/\/vw-ingredients.com\/wp-content\/uploads\/2021\/10\/Yeast-beta-glucan-e1634722281723.jpg","datePublished":"2021-10-14T15:41:19+00:00","dateModified":"2025-02-04T08:46:31+00:00","description":"El \u03b2-glucano de levadura es un modificador biol\u00f3gico de la defensa (MBD) cient\u00edficamente probado que potencia y modula nutricionalmente la respuesta inmunitaria.","breadcrumb":{"@id":"https:\/\/vw-ingredients.com\/es\/producto\/betaglucano-de-levadura#breadcrumb"},"inLanguage":"es","potentialAction":[{"@type":"ReadAction","target":["https:\/\/vw-ingredients.com\/es\/producto\/betaglucano-de-levadura"]}]},{"@type":"ImageObject","inLanguage":"es","@id":"https:\/\/vw-ingredients.com\/es\/producto\/betaglucano-de-levadura#primaryimage","url":"https:\/\/vw-ingredients.com\/wp-content\/uploads\/2021\/10\/Yeast-beta-glucan-e1634722281723.jpg","contentUrl":"https:\/\/vw-ingredients.com\/wp-content\/uploads\/2021\/10\/Yeast-beta-glucan-e1634722281723.jpg","width":1000,"height":825},{"@type":"BreadcrumbList","@id":"https:\/\/vw-ingredients.com\/es\/producto\/betaglucano-de-levadura#breadcrumb","itemListElement":[{"@type":"ListItem","position":1,"name":"Home","item":"https:\/\/vw-ingredients.com\/es"},{"@type":"ListItem","position":2,"name":"Products","item":"https:\/\/vw-ingredients.com\/es\/producto"},{"@type":"ListItem","position":3,"name":"Betaglucano de levadura"}]},{"@type":"WebSite","@id":"https:\/\/vw-ingredients.com\/es#website","url":"https:\/\/vw-ingredients.com\/es","name":"Van Wankum Ingredients","description":"","potentialAction":[{"@type":"SearchAction","target":{"@type":"EntryPoint","urlTemplate":"https:\/\/vw-ingredients.com\/es?s={search_term_string}"},"query-input":{"@type":"PropertyValueSpecification","valueRequired":true,"valueName":"search_term_string"}}],"inLanguage":"es"}]}},"_links":{"self":[{"href":"https:\/\/vw-ingredients.com\/es\/wp-json\/wp\/v2\/product\/7883","targetHints":{"allow":["GET"]}}],"collection":[{"href":"https:\/\/vw-ingredients.com\/es\/wp-json\/wp\/v2\/product"}],"about":[{"href":"https:\/\/vw-ingredients.com\/es\/wp-json\/wp\/v2\/types\/product"}],"author":[{"embeddable":true,"href":"https:\/\/vw-ingredients.com\/es\/wp-json\/wp\/v2\/users\/6"}],"version-history":[{"count":1,"href":"https:\/\/vw-ingredients.com\/es\/wp-json\/wp\/v2\/product\/7883\/revisions"}],"predecessor-version":[{"id":7885,"href":"https:\/\/vw-ingredients.com\/es\/wp-json\/wp\/v2\/product\/7883\/revisions\/7885"}],"wp:featuredmedia":[{"embeddable":true,"href":"https:\/\/vw-ingredients.com\/es\/wp-json\/wp\/v2\/media\/7884"}],"wp:attachment":[{"href":"https:\/\/vw-ingredients.com\/es\/wp-json\/wp\/v2\/media?parent=7883"}],"wp:term":[{"taxonomy":"product-categorieen","embeddable":true,"href":"https:\/\/vw-ingredients.com\/es\/wp-json\/wp\/v2\/product-categorieen?post=7883"}],"curies":[{"name":"wp","href":"https:\/\/api.w.org\/{rel}","templated":true}]}}