{"id":7846,"date":"2024-03-27T16:16:13","date_gmt":"2024-03-27T16:16:13","guid":{"rendered":"https:\/\/vw-ingredients.com\/product\/sacarina-sodica"},"modified":"2025-02-04T08:45:41","modified_gmt":"2025-02-04T08:45:41","slug":"sacarina-sodica","status":"publish","type":"product","link":"https:\/\/vw-ingredients.com\/es\/producto\/sacarina-sodica","title":{"rendered":"Sacarina s\u00f3dica"},"content":{"rendered":"\t\t<div data-elementor-type=\"wp-post\" data-elementor-id=\"7846\" class=\"elementor elementor-7846 elementor-3368\" data-elementor-post-type=\"product\">\n\t\t\t\t\t\t<section class=\"elementor-section elementor-top-section elementor-element elementor-element-b9eeabc elementor-section-boxed elementor-section-height-default elementor-section-height-default\" data-id=\"b9eeabc\" data-element_type=\"section\" data-e-type=\"section\" data-settings=\"{&quot;jet_parallax_layout_list&quot;:[]}\">\n\t\t\t\t\t\t<div class=\"elementor-container elementor-column-gap-default\">\n\t\t\t\t\t<div class=\"elementor-column elementor-col-100 elementor-top-column elementor-element elementor-element-2e59d77\" data-id=\"2e59d77\" data-element_type=\"column\" data-e-type=\"column\">\n\t\t\t<div class=\"elementor-widget-wrap elementor-element-populated\">\n\t\t\t\t\t\t<div class=\"elementor-element elementor-element-30281d1 elementor-widget elementor-widget-text-editor\" data-id=\"30281d1\" data-element_type=\"widget\" data-e-type=\"widget\" data-widget_type=\"text-editor.default\">\n\t\t\t\t<div class=\"elementor-widget-container\">\n\t\t\t\t\t\t\t\t\t<p><strong>Nombre qu\u00edmico<\/strong>: <span style=\"font-weight: 400;\">1,1,3-trioxo-2,3-dihidro-1H-1\u03bb\u2076,2-benzotiazol-2-\u00f3xido s\u00f3dico<br \/><\/span><\/p>\n<p><span style=\"font-weight: 400;\"><strong>Sin\u00f3nimos<\/strong>: E954, <\/span><span style=\"font-weight: 400;\">sacarinato s\u00f3dico, edulcorante s\u00f3dico<\/span><\/p>\n<p><span style=\"font-weight: 400;\"> <\/span><\/p>\n\t\t\t\t\t\t\t\t<\/div>\n\t\t\t\t<\/div>\n\t\t\t\t<div class=\"elementor-element elementor-element-6c16b08 elementor-widget elementor-widget-heading\" data-id=\"6c16b08\" data-element_type=\"widget\" data-e-type=\"widget\" data-widget_type=\"heading.default\">\n\t\t\t\t<div class=\"elementor-widget-container\">\n\t\t\t\t\t<h2 class=\"elementor-heading-title elementor-size-default\">Caracter\u00edsticas:<\/h2>\t\t\t\t<\/div>\n\t\t\t\t<\/div>\n\t\t\t\t<div class=\"elementor-element elementor-element-b2b5f6c elementor-align-start elementor-icon-list--layout-traditional elementor-list-item-link-full_width elementor-widget elementor-widget-icon-list\" data-id=\"b2b5f6c\" data-element_type=\"widget\" data-e-type=\"widget\" data-widget_type=\"icon-list.default\">\n\t\t\t\t<div class=\"elementor-widget-container\">\n\t\t\t\t\t\t\t<ul class=\"elementor-icon-list-items\">\n\t\t\t\t\t\t\t<li class=\"elementor-icon-list-item\">\n\t\t\t\t\t\t\t\t\t\t\t<span class=\"elementor-icon-list-icon\">\n\t\t\t\t\t\t\t<i aria-hidden=\"true\" class=\"fas fa-circle\"><\/i>\t\t\t\t\t\t<\/span>\n\t\t\t\t\t\t\t\t\t\t<span class=\"elementor-icon-list-text\">500 veces m\u00e1s dulce que el az\u00facar<\/span>\n\t\t\t\t\t\t\t\t\t<\/li>\n\t\t\t\t\t\t\t\t<li class=\"elementor-icon-list-item\">\n\t\t\t\t\t\t\t\t\t\t\t<span class=\"elementor-icon-list-icon\">\n\t\t\t\t\t\t\t<i aria-hidden=\"true\" class=\"fas fa-circle\"><\/i>\t\t\t\t\t\t<\/span>\n\t\t\t\t\t\t\t\t\t\t<span class=\"elementor-icon-list-text\">Sabor similar al az\u00facar<\/span>\n\t\t\t\t\t\t\t\t\t<\/li>\n\t\t\t\t\t\t\t\t<li class=\"elementor-icon-list-item\">\n\t\t\t\t\t\t\t\t\t\t\t<span class=\"elementor-icon-list-icon\">\n\t\t\t\t\t\t\t<i aria-hidden=\"true\" class=\"fas fa-circle\"><\/i>\t\t\t\t\t\t<\/span>\n\t\t\t\t\t\t\t\t\t\t<span class=\"elementor-icon-list-text\">No contiene calor\u00edas<\/span>\n\t\t\t\t\t\t\t\t\t<\/li>\n\t\t\t\t\t\t\t\t<li class=\"elementor-icon-list-item\">\n\t\t\t\t\t\t\t\t\t\t\t<span class=\"elementor-icon-list-icon\">\n\t\t\t\t\t\t\t<i aria-hidden=\"true\" class=\"fas fa-circle\"><\/i>\t\t\t\t\t\t<\/span>\n\t\t\t\t\t\t\t\t\t\t<span class=\"elementor-icon-list-text\">Estable al calor y en una amplia gama de condiciones de pH.<\/span>\n\t\t\t\t\t\t\t\t\t<\/li>\n\t\t\t\t\t\t\t\t<li class=\"elementor-icon-list-item\">\n\t\t\t\t\t\t\t\t\t\t\t<span class=\"elementor-icon-list-icon\">\n\t\t\t\t\t\t\t<i aria-hidden=\"true\" class=\"fas fa-circle\"><\/i>\t\t\t\t\t\t<\/span>\n\t\t\t\t\t\t\t\t\t\t<span class=\"elementor-icon-list-text\">No se metaboliza.<\/span>\n\t\t\t\t\t\t\t\t\t<\/li>\n\t\t\t\t\t\t\t\t<li class=\"elementor-icon-list-item\">\n\t\t\t\t\t\t\t\t\t\t\t<span class=\"elementor-icon-list-icon\">\n\t\t\t\t\t\t\t<i aria-hidden=\"true\" class=\"fas fa-circle\"><\/i>\t\t\t\t\t\t<\/span>\n\t\t\t\t\t\t\t\t\t\t<span class=\"elementor-icon-list-text\">no favorece la caries dental.<\/span>\n\t\t\t\t\t\t\t\t\t<\/li>\n\t\t\t\t\t\t\t\t<li class=\"elementor-icon-list-item\">\n\t\t\t\t\t\t\t\t\t\t\t<span class=\"elementor-icon-list-icon\">\n\t\t\t\t\t\t\t<i aria-hidden=\"true\" class=\"fas fa-circle\"><\/i>\t\t\t\t\t\t<\/span>\n\t\t\t\t\t\t\t\t\t\t<span class=\"elementor-icon-list-text\">seguro para el consumo de diab\u00e9ticos como de no diab\u00e9ticos.<\/span>\n\t\t\t\t\t\t\t\t\t<\/li>\n\t\t\t\t\t\t<\/ul>\n\t\t\t\t\t\t<\/div>\n\t\t\t\t<\/div>\n\t\t\t\t<div class=\"elementor-element elementor-element-8885d49 elementor-widget elementor-widget-heading\" data-id=\"8885d49\" data-element_type=\"widget\" data-e-type=\"widget\" data-widget_type=\"heading.default\">\n\t\t\t\t<div class=\"elementor-widget-container\">\n\t\t\t\t\t<h2 class=\"elementor-heading-title elementor-size-default\">Grados disponibles:<\/h2>\t\t\t\t<\/div>\n\t\t\t\t<\/div>\n\t\t\t\t<div class=\"elementor-element elementor-element-5e8fa52 elementor-align-start elementor-icon-list--layout-traditional elementor-list-item-link-full_width elementor-widget elementor-widget-icon-list\" data-id=\"5e8fa52\" data-element_type=\"widget\" data-e-type=\"widget\" data-widget_type=\"icon-list.default\">\n\t\t\t\t<div class=\"elementor-widget-container\">\n\t\t\t\t\t\t\t<ul class=\"elementor-icon-list-items\">\n\t\t\t\t\t\t\t<li class=\"elementor-icon-list-item\">\n\t\t\t\t\t\t\t\t\t\t\t<span class=\"elementor-icon-list-icon\">\n\t\t\t\t\t\t\t<i aria-hidden=\"true\" class=\"fas fa-circle\"><\/i>\t\t\t\t\t\t<\/span>\n\t\t\t\t\t\t\t\t\t\t<span class=\"elementor-icon-list-text\">Polvo<\/span>\n\t\t\t\t\t\t\t\t\t<\/li>\n\t\t\t\t\t\t\t\t<li class=\"elementor-icon-list-item\">\n\t\t\t\t\t\t\t\t\t\t\t<span class=\"elementor-icon-list-icon\">\n\t\t\t\t\t\t\t<i aria-hidden=\"true\" class=\"fas fa-circle\"><\/i>\t\t\t\t\t\t<\/span>\n\t\t\t\t\t\t\t\t\t\t<span class=\"elementor-icon-list-text\">Granulado<\/span>\n\t\t\t\t\t\t\t\t\t<\/li>\n\t\t\t\t\t\t\t\t<li class=\"elementor-icon-list-item\">\n\t\t\t\t\t\t\t\t\t\t\t<span class=\"elementor-icon-list-icon\">\n\t\t\t\t\t\t\t<i aria-hidden=\"true\" class=\"fas fa-circle\"><\/i>\t\t\t\t\t\t<\/span>\n\t\t\t\t\t\t\t\t\t\t<span class=\"elementor-icon-list-text\">Cristal<\/span>\n\t\t\t\t\t\t\t\t\t<\/li>\n\t\t\t\t\t\t<\/ul>\n\t\t\t\t\t\t<\/div>\n\t\t\t\t<\/div>\n\t\t\t\t<div class=\"elementor-element elementor-element-059126e elementor-widget elementor-widget-heading\" data-id=\"059126e\" data-element_type=\"widget\" data-e-type=\"widget\" data-widget_type=\"heading.default\">\n\t\t\t\t<div class=\"elementor-widget-container\">\n\t\t\t\t\t<h2 class=\"elementor-heading-title elementor-size-default\">Aplicaciones:<\/h2>\t\t\t\t<\/div>\n\t\t\t\t<\/div>\n\t\t\t\t<div class=\"elementor-element elementor-element-409b1e8 elementor-align-start elementor-icon-list--layout-traditional elementor-list-item-link-full_width elementor-widget elementor-widget-icon-list\" data-id=\"409b1e8\" data-element_type=\"widget\" data-e-type=\"widget\" data-widget_type=\"icon-list.default\">\n\t\t\t\t<div class=\"elementor-widget-container\">\n\t\t\t\t\t\t\t<ul class=\"elementor-icon-list-items\">\n\t\t\t\t\t\t\t<li class=\"elementor-icon-list-item\">\n\t\t\t\t\t\t\t\t\t\t\t<span class=\"elementor-icon-list-icon\">\n\t\t\t\t\t\t\t<i aria-hidden=\"true\" class=\"fas fa-circle\"><\/i>\t\t\t\t\t\t<\/span>\n\t\t\t\t\t\t\t\t\t\t<span class=\"elementor-icon-list-text\">Bebidas y mezclas de bebidas<\/span>\n\t\t\t\t\t\t\t\t\t<\/li>\n\t\t\t\t\t\t\t\t<li class=\"elementor-icon-list-item\">\n\t\t\t\t\t\t\t\t\t\t\t<span class=\"elementor-icon-list-icon\">\n\t\t\t\t\t\t\t<i aria-hidden=\"true\" class=\"fas fa-circle\"><\/i>\t\t\t\t\t\t<\/span>\n\t\t\t\t\t\t\t\t\t\t<span class=\"elementor-icon-list-text\">Bebidas carbonatadas<\/span>\n\t\t\t\t\t\t\t\t\t<\/li>\n\t\t\t\t\t\t\t\t<li class=\"elementor-icon-list-item\">\n\t\t\t\t\t\t\t\t\t\t\t<span class=\"elementor-icon-list-icon\">\n\t\t\t\t\t\t\t<i aria-hidden=\"true\" class=\"fas fa-circle\"><\/i>\t\t\t\t\t\t<\/span>\n\t\t\t\t\t\t\t\t\t\t<span class=\"elementor-icon-list-text\">Bebidas sin gas<\/span>\n\t\t\t\t\t\t\t\t\t<\/li>\n\t\t\t\t\t\t\t\t<li class=\"elementor-icon-list-item\">\n\t\t\t\t\t\t\t\t\t\t\t<span class=\"elementor-icon-list-icon\">\n\t\t\t\t\t\t\t<i aria-hidden=\"true\" class=\"fas fa-circle\"><\/i>\t\t\t\t\t\t<\/span>\n\t\t\t\t\t\t\t\t\t\t<span class=\"elementor-icon-list-text\">Caramelos duros y blandos<\/span>\n\t\t\t\t\t\t\t\t\t<\/li>\n\t\t\t\t\t\t\t\t<li class=\"elementor-icon-list-item\">\n\t\t\t\t\t\t\t\t\t\t\t<span class=\"elementor-icon-list-icon\">\n\t\t\t\t\t\t\t<i aria-hidden=\"true\" class=\"fas fa-circle\"><\/i>\t\t\t\t\t\t<\/span>\n\t\t\t\t\t\t\t\t\t\t<span class=\"elementor-icon-list-text\">Productos de higiene bucal<\/span>\n\t\t\t\t\t\t\t\t\t<\/li>\n\t\t\t\t\t\t\t\t<li class=\"elementor-icon-list-item\">\n\t\t\t\t\t\t\t\t\t\t\t<span class=\"elementor-icon-list-icon\">\n\t\t\t\t\t\t\t<i aria-hidden=\"true\" class=\"fas fa-circle\"><\/i>\t\t\t\t\t\t<\/span>\n\t\t\t\t\t\t\t\t\t\t<span class=\"elementor-icon-list-text\">Caramelos masticables y pastillas<\/span>\n\t\t\t\t\t\t\t\t\t<\/li>\n\t\t\t\t\t\t\t\t<li class=\"elementor-icon-list-item\">\n\t\t\t\t\t\t\t\t\t\t\t<span class=\"elementor-icon-list-icon\">\n\t\t\t\t\t\t\t<i aria-hidden=\"true\" class=\"fas fa-circle\"><\/i>\t\t\t\t\t\t<\/span>\n\t\t\t\t\t\t\t\t\t\t<span class=\"elementor-icon-list-text\">Productos Nutricionales y Diet\u00e9ticos<\/span>\n\t\t\t\t\t\t\t\t\t<\/li>\n\t\t\t\t\t\t\t\t<li class=\"elementor-icon-list-item\">\n\t\t\t\t\t\t\t\t\t\t\t<span class=\"elementor-icon-list-icon\">\n\t\t\t\t\t\t\t<i aria-hidden=\"true\" class=\"fas fa-circle\"><\/i>\t\t\t\t\t\t<\/span>\n\t\t\t\t\t\t\t\t\t\t<span class=\"elementor-icon-list-text\">Edulcorantes de mesa<\/span>\n\t\t\t\t\t\t\t\t\t<\/li>\n\t\t\t\t\t\t\t\t<li class=\"elementor-icon-list-item\">\n\t\t\t\t\t\t\t\t\t\t\t<span class=\"elementor-icon-list-icon\">\n\t\t\t\t\t\t\t<i aria-hidden=\"true\" class=\"fas fa-circle\"><\/i>\t\t\t\t\t\t<\/span>\n\t\t\t\t\t\t\t\t\t\t<span class=\"elementor-icon-list-text\">Frutas para untar<\/span>\n\t\t\t\t\t\t\t\t\t<\/li>\n\t\t\t\t\t\t\t\t<li class=\"elementor-icon-list-item\">\n\t\t\t\t\t\t\t\t\t\t\t<span class=\"elementor-icon-list-icon\">\n\t\t\t\t\t\t\t<i aria-hidden=\"true\" class=\"fas fa-circle\"><\/i>\t\t\t\t\t\t<\/span>\n\t\t\t\t\t\t\t\t\t\t<span class=\"elementor-icon-list-text\">Nutrici\u00f3n animal<\/span>\n\t\t\t\t\t\t\t\t\t<\/li>\n\t\t\t\t\t\t<\/ul>\n\t\t\t\t\t\t<\/div>\n\t\t\t\t<\/div>\n\t\t\t\t<div class=\"elementor-element elementor-element-c1729bd elementor-align-start elementor-icon-list--layout-traditional elementor-list-item-link-full_width elementor-widget elementor-widget-icon-list\" data-id=\"c1729bd\" data-element_type=\"widget\" data-e-type=\"widget\" data-widget_type=\"icon-list.default\">\n\t\t\t\t<div class=\"elementor-widget-container\">\n\t\t\t\t\t\t\t<ul class=\"elementor-icon-list-items\">\n\t\t\t\t\t\t\t<li class=\"elementor-icon-list-item\">\n\t\t\t\t\t\t\t\t\t\t<span class=\"elementor-icon-list-text\"><\/span>\n\t\t\t\t\t\t\t\t\t<\/li>\n\t\t\t\t\t\t<\/ul>\n\t\t\t\t\t\t<\/div>\n\t\t\t\t<\/div>\n\t\t\t\t\t<\/div>\n\t\t<\/div>\n\t\t\t\t\t<\/div>\n\t\t<\/section>\n\t\t\t\t<\/div>\n\t\t","protected":false},"excerpt":{"rendered":"<p>La sacarina s\u00f3dica, un popular edulcorante artificial, se sintetiza haciendo reaccionar \u00e1cido sulfobenzoico con anh\u00eddrido ac\u00e9tico. Este proceso qu\u00edmico es vital para la producci\u00f3n eficaz de sacarina. Comenzando con la reacci\u00f3n entre el anh\u00eddrido ac\u00e9tico y el \u00e1cido sulfobenzoico, se obtiene sacarina s\u00f3dica, seguida de una purificaci\u00f3n para eliminar las impurezas. La neutralizaci\u00f3n con hidr\u00f3xido de sodio produce la sal s\u00f3dica de la sacarina. La sacarina s\u00f3dica tiene una amplia aplicaci\u00f3n en la industria alimentaria y de bebidas debido a sus propiedades edulcorantes.    <\/p>\n","protected":false},"author":6,"featured_media":7847,"parent":0,"menu_order":0,"template":"","format":"standard","meta":{"_acf_changed":false},"product-categorieen":[194],"class_list":["post-7846","product","type-product","status-publish","format-standard","has-post-thumbnail","hentry","product-categorieen-edulcorantes-artificiales"],"acf":[],"yoast_head":"<!-- This site is optimized with the Yoast SEO plugin v27.5 - https:\/\/yoast.com\/product\/yoast-seo-wordpress\/ -->\n<title>La S\u00edntesis de la Sacarina S\u00f3dica: Vital para la Industria Edulcorante<\/title>\n<meta name=\"description\" content=\"Descubre c\u00f3mo se fabrica la sacarina s\u00f3dica, un edulcorante artificial com\u00fan, y por qu\u00e9 es popular en alimentos y bebidas.\" \/>\n<meta name=\"robots\" content=\"index, follow, max-snippet:-1, max-image-preview:large, max-video-preview:-1\" \/>\n<link rel=\"canonical\" href=\"https:\/\/vw-ingredients.com\/es\/producto\/sacarina-sodica\" \/>\n<meta property=\"og:locale\" content=\"es_ES\" \/>\n<meta property=\"og:type\" content=\"article\" \/>\n<meta property=\"og:title\" content=\"La S\u00edntesis de la Sacarina S\u00f3dica: Vital para la Industria Edulcorante\" \/>\n<meta property=\"og:description\" content=\"Descubre c\u00f3mo se fabrica la sacarina s\u00f3dica, un edulcorante artificial com\u00fan, y por qu\u00e9 es popular en alimentos y bebidas.\" \/>\n<meta property=\"og:url\" content=\"https:\/\/vw-ingredients.com\/es\/producto\/sacarina-sodica\" \/>\n<meta property=\"og:site_name\" content=\"Van Wankum Ingredients\" \/>\n<meta property=\"article:modified_time\" content=\"2025-02-04T08:45:41+00:00\" \/>\n<meta property=\"og:image\" content=\"https:\/\/vw-ingredients.com\/wp-content\/uploads\/2024\/03\/Sodium-Sacharinne.jpg\" \/>\n\t<meta property=\"og:image:width\" content=\"1\" \/>\n\t<meta property=\"og:image:height\" content=\"1\" \/>\n\t<meta property=\"og:image:type\" content=\"image\/jpeg\" \/>\n<meta name=\"twitter:card\" content=\"summary_large_image\" \/>\n<meta name=\"twitter:label1\" content=\"Tiempo de lectura\" \/>\n\t<meta name=\"twitter:data1\" content=\"1 minuto\" \/>\n<script type=\"application\/ld+json\" class=\"yoast-schema-graph\">{\"@context\":\"https:\\\/\\\/schema.org\",\"@graph\":[{\"@type\":\"WebPage\",\"@id\":\"https:\\\/\\\/vw-ingredients.com\\\/es\\\/producto\\\/sacarina-sodica\",\"url\":\"https:\\\/\\\/vw-ingredients.com\\\/es\\\/producto\\\/sacarina-sodica\",\"name\":\"La S\u00edntesis de la Sacarina S\u00f3dica: Vital para la Industria Edulcorante\",\"isPartOf\":{\"@id\":\"https:\\\/\\\/vw-ingredients.com\\\/es#website\"},\"primaryImageOfPage\":{\"@id\":\"https:\\\/\\\/vw-ingredients.com\\\/es\\\/producto\\\/sacarina-sodica#primaryimage\"},\"image\":{\"@id\":\"https:\\\/\\\/vw-ingredients.com\\\/es\\\/producto\\\/sacarina-sodica#primaryimage\"},\"thumbnailUrl\":\"https:\\\/\\\/vw-ingredients.com\\\/wp-content\\\/uploads\\\/2024\\\/03\\\/Sodium-Sacharinne.jpg\",\"datePublished\":\"2024-03-27T16:16:13+00:00\",\"dateModified\":\"2025-02-04T08:45:41+00:00\",\"description\":\"Descubre c\u00f3mo se fabrica la sacarina s\u00f3dica, un edulcorante artificial com\u00fan, y por qu\u00e9 es popular en alimentos y bebidas.\",\"breadcrumb\":{\"@id\":\"https:\\\/\\\/vw-ingredients.com\\\/es\\\/producto\\\/sacarina-sodica#breadcrumb\"},\"inLanguage\":\"es\",\"potentialAction\":[{\"@type\":\"ReadAction\",\"target\":[\"https:\\\/\\\/vw-ingredients.com\\\/es\\\/producto\\\/sacarina-sodica\"]}]},{\"@type\":\"ImageObject\",\"inLanguage\":\"es\",\"@id\":\"https:\\\/\\\/vw-ingredients.com\\\/es\\\/producto\\\/sacarina-sodica#primaryimage\",\"url\":\"https:\\\/\\\/vw-ingredients.com\\\/wp-content\\\/uploads\\\/2024\\\/03\\\/Sodium-Sacharinne.jpg\",\"contentUrl\":\"https:\\\/\\\/vw-ingredients.com\\\/wp-content\\\/uploads\\\/2024\\\/03\\\/Sodium-Sacharinne.jpg\",\"caption\":\"Iced,Caramel,Latte,In,A,Tall,Glass,With,Drips,Of\"},{\"@type\":\"BreadcrumbList\",\"@id\":\"https:\\\/\\\/vw-ingredients.com\\\/es\\\/producto\\\/sacarina-sodica#breadcrumb\",\"itemListElement\":[{\"@type\":\"ListItem\",\"position\":1,\"name\":\"Home\",\"item\":\"https:\\\/\\\/vw-ingredients.com\\\/es\"},{\"@type\":\"ListItem\",\"position\":2,\"name\":\"Products\",\"item\":\"https:\\\/\\\/vw-ingredients.com\\\/es\\\/producto\"},{\"@type\":\"ListItem\",\"position\":3,\"name\":\"Sacarina s\u00f3dica\"}]},{\"@type\":\"WebSite\",\"@id\":\"https:\\\/\\\/vw-ingredients.com\\\/es#website\",\"url\":\"https:\\\/\\\/vw-ingredients.com\\\/es\",\"name\":\"Van Wankum Ingredients\",\"description\":\"\",\"potentialAction\":[{\"@type\":\"SearchAction\",\"target\":{\"@type\":\"EntryPoint\",\"urlTemplate\":\"https:\\\/\\\/vw-ingredients.com\\\/es?s={search_term_string}\"},\"query-input\":{\"@type\":\"PropertyValueSpecification\",\"valueRequired\":true,\"valueName\":\"search_term_string\"}}],\"inLanguage\":\"es\"}]}<\/script>\n<!-- \/ Yoast SEO plugin. -->","yoast_head_json":{"title":"La S\u00edntesis de la Sacarina S\u00f3dica: Vital para la Industria Edulcorante","description":"Descubre c\u00f3mo se fabrica la sacarina s\u00f3dica, un edulcorante artificial com\u00fan, y por qu\u00e9 es popular en alimentos y bebidas.","robots":{"index":"index","follow":"follow","max-snippet":"max-snippet:-1","max-image-preview":"max-image-preview:large","max-video-preview":"max-video-preview:-1"},"canonical":"https:\/\/vw-ingredients.com\/es\/producto\/sacarina-sodica","og_locale":"es_ES","og_type":"article","og_title":"La S\u00edntesis de la Sacarina S\u00f3dica: Vital para la Industria Edulcorante","og_description":"Descubre c\u00f3mo se fabrica la sacarina s\u00f3dica, un edulcorante artificial com\u00fan, y por qu\u00e9 es popular en alimentos y bebidas.","og_url":"https:\/\/vw-ingredients.com\/es\/producto\/sacarina-sodica","og_site_name":"Van Wankum Ingredients","article_modified_time":"2025-02-04T08:45:41+00:00","og_image":[{"url":"https:\/\/vw-ingredients.com\/wp-content\/uploads\/2024\/03\/Sodium-Sacharinne.jpg","width":1,"height":1,"type":"image\/jpeg"}],"twitter_card":"summary_large_image","twitter_misc":{"Tiempo de lectura":"1 minuto"},"schema":{"@context":"https:\/\/schema.org","@graph":[{"@type":"WebPage","@id":"https:\/\/vw-ingredients.com\/es\/producto\/sacarina-sodica","url":"https:\/\/vw-ingredients.com\/es\/producto\/sacarina-sodica","name":"La S\u00edntesis de la Sacarina S\u00f3dica: Vital para la Industria Edulcorante","isPartOf":{"@id":"https:\/\/vw-ingredients.com\/es#website"},"primaryImageOfPage":{"@id":"https:\/\/vw-ingredients.com\/es\/producto\/sacarina-sodica#primaryimage"},"image":{"@id":"https:\/\/vw-ingredients.com\/es\/producto\/sacarina-sodica#primaryimage"},"thumbnailUrl":"https:\/\/vw-ingredients.com\/wp-content\/uploads\/2024\/03\/Sodium-Sacharinne.jpg","datePublished":"2024-03-27T16:16:13+00:00","dateModified":"2025-02-04T08:45:41+00:00","description":"Descubre c\u00f3mo se fabrica la sacarina s\u00f3dica, un edulcorante artificial com\u00fan, y por qu\u00e9 es popular en alimentos y bebidas.","breadcrumb":{"@id":"https:\/\/vw-ingredients.com\/es\/producto\/sacarina-sodica#breadcrumb"},"inLanguage":"es","potentialAction":[{"@type":"ReadAction","target":["https:\/\/vw-ingredients.com\/es\/producto\/sacarina-sodica"]}]},{"@type":"ImageObject","inLanguage":"es","@id":"https:\/\/vw-ingredients.com\/es\/producto\/sacarina-sodica#primaryimage","url":"https:\/\/vw-ingredients.com\/wp-content\/uploads\/2024\/03\/Sodium-Sacharinne.jpg","contentUrl":"https:\/\/vw-ingredients.com\/wp-content\/uploads\/2024\/03\/Sodium-Sacharinne.jpg","caption":"Iced,Caramel,Latte,In,A,Tall,Glass,With,Drips,Of"},{"@type":"BreadcrumbList","@id":"https:\/\/vw-ingredients.com\/es\/producto\/sacarina-sodica#breadcrumb","itemListElement":[{"@type":"ListItem","position":1,"name":"Home","item":"https:\/\/vw-ingredients.com\/es"},{"@type":"ListItem","position":2,"name":"Products","item":"https:\/\/vw-ingredients.com\/es\/producto"},{"@type":"ListItem","position":3,"name":"Sacarina s\u00f3dica"}]},{"@type":"WebSite","@id":"https:\/\/vw-ingredients.com\/es#website","url":"https:\/\/vw-ingredients.com\/es","name":"Van Wankum Ingredients","description":"","potentialAction":[{"@type":"SearchAction","target":{"@type":"EntryPoint","urlTemplate":"https:\/\/vw-ingredients.com\/es?s={search_term_string}"},"query-input":{"@type":"PropertyValueSpecification","valueRequired":true,"valueName":"search_term_string"}}],"inLanguage":"es"}]}},"_links":{"self":[{"href":"https:\/\/vw-ingredients.com\/es\/wp-json\/wp\/v2\/product\/7846","targetHints":{"allow":["GET"]}}],"collection":[{"href":"https:\/\/vw-ingredients.com\/es\/wp-json\/wp\/v2\/product"}],"about":[{"href":"https:\/\/vw-ingredients.com\/es\/wp-json\/wp\/v2\/types\/product"}],"author":[{"embeddable":true,"href":"https:\/\/vw-ingredients.com\/es\/wp-json\/wp\/v2\/users\/6"}],"version-history":[{"count":1,"href":"https:\/\/vw-ingredients.com\/es\/wp-json\/wp\/v2\/product\/7846\/revisions"}],"predecessor-version":[{"id":7849,"href":"https:\/\/vw-ingredients.com\/es\/wp-json\/wp\/v2\/product\/7846\/revisions\/7849"}],"wp:featuredmedia":[{"embeddable":true,"href":"https:\/\/vw-ingredients.com\/es\/wp-json\/wp\/v2\/media\/7847"}],"wp:attachment":[{"href":"https:\/\/vw-ingredients.com\/es\/wp-json\/wp\/v2\/media?parent=7846"}],"wp:term":[{"taxonomy":"product-categorieen","embeddable":true,"href":"https:\/\/vw-ingredients.com\/es\/wp-json\/wp\/v2\/product-categorieen?post=7846"}],"curies":[{"name":"wp","href":"https:\/\/api.w.org\/{rel}","templated":true}]}}