{"id":7757,"date":"2024-05-07T13:36:33","date_gmt":"2024-05-07T13:36:33","guid":{"rendered":"https:\/\/vw-ingredients.com\/product\/q10-soluble-en-agua"},"modified":"2025-02-04T08:42:43","modified_gmt":"2025-02-04T08:42:43","slug":"q10-soluble-en-agua","status":"publish","type":"product","link":"https:\/\/vw-ingredients.com\/es\/producto\/q10-soluble-en-agua","title":{"rendered":"Q10 Soluble en agua"},"content":{"rendered":"\t\t<div data-elementor-type=\"wp-post\" data-elementor-id=\"7757\" class=\"elementor elementor-7757 elementor-4790\" data-elementor-post-type=\"product\">\n\t\t\t\t\t\t<section class=\"elementor-section elementor-top-section elementor-element elementor-element-94a44ef elementor-section-boxed elementor-section-height-default elementor-section-height-default\" data-id=\"94a44ef\" data-element_type=\"section\" data-e-type=\"section\" data-settings=\"{&quot;jet_parallax_layout_list&quot;:[]}\">\n\t\t\t\t\t\t<div class=\"elementor-container elementor-column-gap-default\">\n\t\t\t\t\t<div class=\"elementor-column elementor-col-100 elementor-top-column elementor-element elementor-element-81af849\" data-id=\"81af849\" data-element_type=\"column\" data-e-type=\"column\">\n\t\t\t<div class=\"elementor-widget-wrap elementor-element-populated\">\n\t\t\t\t\t\t<div class=\"elementor-element elementor-element-65b5fce elementor-widget elementor-widget-heading\" data-id=\"65b5fce\" data-element_type=\"widget\" data-e-type=\"widget\" data-widget_type=\"heading.default\">\n\t\t\t\t<div class=\"elementor-widget-container\">\n\t\t\t\t\t<h2 class=\"elementor-heading-title elementor-size-default\">Caracter\u00edsticas:<\/h2>\t\t\t\t<\/div>\n\t\t\t\t<\/div>\n\t\t\t\t<div class=\"elementor-element elementor-element-bc4b88b elementor-align-start elementor-icon-list--layout-traditional elementor-list-item-link-full_width elementor-widget elementor-widget-icon-list\" data-id=\"bc4b88b\" data-element_type=\"widget\" data-e-type=\"widget\" data-widget_type=\"icon-list.default\">\n\t\t\t\t<div class=\"elementor-widget-container\">\n\t\t\t\t\t\t\t<ul class=\"elementor-icon-list-items\">\n\t\t\t\t\t\t\t<li class=\"elementor-icon-list-item\">\n\t\t\t\t\t\t\t\t\t\t\t<span class=\"elementor-icon-list-icon\">\n\t\t\t\t\t\t\t<i aria-hidden=\"true\" class=\"fas fa-circle\"><\/i>\t\t\t\t\t\t<\/span>\n\t\t\t\t\t\t\t\t\t\t<span class=\"elementor-icon-list-text\">Ampliamente utilizado en Cosm\u00e9tica<\/span>\n\t\t\t\t\t\t\t\t\t<\/li>\n\t\t\t\t\t\t\t\t<li class=\"elementor-icon-list-item\">\n\t\t\t\t\t\t\t\t\t\t\t<span class=\"elementor-icon-list-icon\">\n\t\t\t\t\t\t\t<i aria-hidden=\"true\" class=\"fas fa-circle\"><\/i>\t\t\t\t\t\t<\/span>\n\t\t\t\t\t\t\t\t\t\t<span class=\"elementor-icon-list-text\">Polvo soluble en agua<\/span>\n\t\t\t\t\t\t\t\t\t<\/li>\n\t\t\t\t\t\t\t\t<li class=\"elementor-icon-list-item\">\n\t\t\t\t\t\t\t\t\t\t\t<span class=\"elementor-icon-list-icon\">\n\t\t\t\t\t\t\t<i aria-hidden=\"true\" class=\"fas fa-circle\"><\/i>\t\t\t\t\t\t<\/span>\n\t\t\t\t\t\t\t\t\t\t<span class=\"elementor-icon-list-text\">Suplementos y nutrici\u00f3n<\/span>\n\t\t\t\t\t\t\t\t\t<\/li>\n\t\t\t\t\t\t<\/ul>\n\t\t\t\t\t\t<\/div>\n\t\t\t\t<\/div>\n\t\t\t\t<div class=\"elementor-element elementor-element-3dffa72 elementor-widget elementor-widget-heading\" data-id=\"3dffa72\" data-element_type=\"widget\" data-e-type=\"widget\" data-widget_type=\"heading.default\">\n\t\t\t\t<div class=\"elementor-widget-container\">\n\t\t\t\t\t<h2 class=\"elementor-heading-title elementor-size-default\">Aplicaciones:<\/h2>\t\t\t\t<\/div>\n\t\t\t\t<\/div>\n\t\t\t\t<div class=\"elementor-element elementor-element-0ef673f elementor-align-start elementor-icon-list--layout-traditional elementor-list-item-link-full_width elementor-widget elementor-widget-icon-list\" data-id=\"0ef673f\" data-element_type=\"widget\" data-e-type=\"widget\" data-widget_type=\"icon-list.default\">\n\t\t\t\t<div class=\"elementor-widget-container\">\n\t\t\t\t\t\t\t<ul class=\"elementor-icon-list-items\">\n\t\t\t\t\t\t\t<li class=\"elementor-icon-list-item\">\n\t\t\t\t\t\t\t\t\t\t\t<span class=\"elementor-icon-list-icon\">\n\t\t\t\t\t\t\t<i aria-hidden=\"true\" class=\"fas fa-circle\"><\/i>\t\t\t\t\t\t<\/span>\n\t\t\t\t\t\t\t\t\t\t<span class=\"elementor-icon-list-text\">Bebidas<\/span>\n\t\t\t\t\t\t\t\t\t<\/li>\n\t\t\t\t\t\t\t\t<li class=\"elementor-icon-list-item\">\n\t\t\t\t\t\t\t\t\t\t\t<span class=\"elementor-icon-list-icon\">\n\t\t\t\t\t\t\t<i aria-hidden=\"true\" class=\"fas fa-circle\"><\/i>\t\t\t\t\t\t<\/span>\n\t\t\t\t\t\t\t\t\t\t<span class=\"elementor-icon-list-text\">Cosm\u00e9tica<\/span>\n\t\t\t\t\t\t\t\t\t<\/li>\n\t\t\t\t\t\t\t\t<li class=\"elementor-icon-list-item\">\n\t\t\t\t\t\t\t\t\t\t\t<span class=\"elementor-icon-list-icon\">\n\t\t\t\t\t\t\t<i aria-hidden=\"true\" class=\"fas fa-circle\"><\/i>\t\t\t\t\t\t<\/span>\n\t\t\t\t\t\t\t\t\t\t<span class=\"elementor-icon-list-text\">Alimentos funcionales<\/span>\n\t\t\t\t\t\t\t\t\t<\/li>\n\t\t\t\t\t\t\t\t<li class=\"elementor-icon-list-item\">\n\t\t\t\t\t\t\t\t\t\t\t<span class=\"elementor-icon-list-icon\">\n\t\t\t\t\t\t\t<i aria-hidden=\"true\" class=\"fas fa-circle\"><\/i>\t\t\t\t\t\t<\/span>\n\t\t\t\t\t\t\t\t\t\t<span class=\"elementor-icon-list-text\">Nutrici\u00f3n deportiva<\/span>\n\t\t\t\t\t\t\t\t\t<\/li>\n\t\t\t\t\t\t\t\t<li class=\"elementor-icon-list-item\">\n\t\t\t\t\t\t\t\t\t\t\t<span class=\"elementor-icon-list-icon\">\n\t\t\t\t\t\t\t<i aria-hidden=\"true\" class=\"fas fa-circle\"><\/i>\t\t\t\t\t\t<\/span>\n\t\t\t\t\t\t\t\t\t\t<span class=\"elementor-icon-list-text\">Suplementos<\/span>\n\t\t\t\t\t\t\t\t\t<\/li>\n\t\t\t\t\t\t<\/ul>\n\t\t\t\t\t\t<\/div>\n\t\t\t\t<\/div>\n\t\t\t\t<div class=\"elementor-element elementor-element-8be9497 elementor-widget elementor-widget-heading\" data-id=\"8be9497\" data-element_type=\"widget\" data-e-type=\"widget\" data-widget_type=\"heading.default\">\n\t\t\t\t<div class=\"elementor-widget-container\">\n\t\t\t\t\t<h2 class=\"elementor-heading-title elementor-size-default\">Grados disponibles:<\/h2>\t\t\t\t<\/div>\n\t\t\t\t<\/div>\n\t\t\t\t<div class=\"elementor-element elementor-element-e37a3cc elementor-align-start elementor-icon-list--layout-traditional elementor-list-item-link-full_width elementor-widget elementor-widget-icon-list\" data-id=\"e37a3cc\" data-element_type=\"widget\" data-e-type=\"widget\" data-widget_type=\"icon-list.default\">\n\t\t\t\t<div class=\"elementor-widget-container\">\n\t\t\t\t\t\t\t<ul class=\"elementor-icon-list-items\">\n\t\t\t\t\t\t\t<li class=\"elementor-icon-list-item\">\n\t\t\t\t\t\t\t\t\t\t\t<span class=\"elementor-icon-list-icon\">\n\t\t\t\t\t\t\t<i aria-hidden=\"true\" class=\"fas fa-circle\"><\/i>\t\t\t\t\t\t<\/span>\n\t\t\t\t\t\t\t\t\t\t<span class=\"elementor-icon-list-text\">Polvo<\/span>\n\t\t\t\t\t\t\t\t\t<\/li>\n\t\t\t\t\t\t<\/ul>\n\t\t\t\t\t\t<\/div>\n\t\t\t\t<\/div>\n\t\t\t\t\t<\/div>\n\t\t<\/div>\n\t\t\t\t\t<\/div>\n\t\t<\/section>\n\t\t\t\t<\/div>\n\t\t","protected":false},"excerpt":{"rendered":"<p>La coenzima Q10 hidrosoluble, tambi\u00e9n conocida como CoQ10, es una variante de la sustancia que se encuentra de forma natural en el cuerpo humano. Esencial para la producci\u00f3n de energ\u00eda celular, esta forma de CoQ10 es soluble en agua, lo que ofrece ventajas \u00fanicas para su absorci\u00f3n y utilizaci\u00f3n en el organismo. Ampliamente reconocida como un compuesto vital para la salud en general, la CoQ10 hidrosoluble puede encontrarse en diversos suplementos diet\u00e9ticos y f\u00f3rmulas, proporcionando apoyo a individuos de todas las edades.  <\/p>\n","protected":false},"author":9,"featured_media":7758,"parent":0,"menu_order":0,"template":"","format":"standard","meta":{"_acf_changed":false},"product-categorieen":[188],"class_list":["post-7757","product","type-product","status-publish","format-standard","has-post-thumbnail","hentry","product-categorieen-nutraceuticos"],"acf":[],"yoast_head":"<!-- This site is optimized with the Yoast SEO plugin v27.3 - https:\/\/yoast.com\/product\/yoast-seo-wordpress\/ -->\n<title>Farmac\u00e9utico - Q10 soluble en agua | Van Wankum Ingredientes<\/title>\n<meta name=\"description\" content=\"La coenzima Q10 es una sustancia liposoluble presente de forma natural en el organismo, crucial para la energ\u00eda celular y la protecci\u00f3n antioxidante.\" \/>\n<meta name=\"robots\" content=\"index, follow, max-snippet:-1, max-image-preview:large, max-video-preview:-1\" \/>\n<link rel=\"canonical\" href=\"https:\/\/vw-ingredients.com\/es\/producto\/q10-soluble-en-agua\" \/>\n<meta property=\"og:locale\" content=\"es_ES\" \/>\n<meta property=\"og:type\" content=\"article\" \/>\n<meta property=\"og:title\" content=\"Farmac\u00e9utico - Q10 soluble en agua | Van Wankum Ingredientes\" \/>\n<meta property=\"og:description\" content=\"La coenzima Q10 es una sustancia liposoluble presente de forma natural en el organismo, crucial para la energ\u00eda celular y la protecci\u00f3n antioxidante.\" \/>\n<meta property=\"og:url\" content=\"https:\/\/vw-ingredients.com\/es\/producto\/q10-soluble-en-agua\" \/>\n<meta property=\"og:site_name\" content=\"Van Wankum Ingredients\" \/>\n<meta property=\"article:modified_time\" content=\"2025-02-04T08:42:43+00:00\" \/>\n<meta property=\"og:image\" content=\"https:\/\/vw-ingredients.com\/wp-content\/uploads\/2024\/05\/Soluble-Q10-scaled.jpg\" \/>\n\t<meta property=\"og:image:width\" content=\"2560\" \/>\n\t<meta property=\"og:image:height\" content=\"1710\" \/>\n\t<meta property=\"og:image:type\" content=\"image\/jpeg\" \/>\n<meta name=\"twitter:card\" content=\"summary_large_image\" \/>\n<script type=\"application\/ld+json\" class=\"yoast-schema-graph\">{\"@context\":\"https:\\\/\\\/schema.org\",\"@graph\":[{\"@type\":\"WebPage\",\"@id\":\"https:\\\/\\\/vw-ingredients.com\\\/es\\\/producto\\\/q10-soluble-en-agua\",\"url\":\"https:\\\/\\\/vw-ingredients.com\\\/es\\\/producto\\\/q10-soluble-en-agua\",\"name\":\"Farmac\u00e9utico - Q10 soluble en agua | Van Wankum Ingredientes\",\"isPartOf\":{\"@id\":\"https:\\\/\\\/vw-ingredients.com\\\/es#website\"},\"primaryImageOfPage\":{\"@id\":\"https:\\\/\\\/vw-ingredients.com\\\/es\\\/producto\\\/q10-soluble-en-agua#primaryimage\"},\"image\":{\"@id\":\"https:\\\/\\\/vw-ingredients.com\\\/es\\\/producto\\\/q10-soluble-en-agua#primaryimage\"},\"thumbnailUrl\":\"https:\\\/\\\/vw-ingredients.com\\\/wp-content\\\/uploads\\\/2024\\\/05\\\/Soluble-Q10-scaled.jpg\",\"datePublished\":\"2024-05-07T13:36:33+00:00\",\"dateModified\":\"2025-02-04T08:42:43+00:00\",\"description\":\"La coenzima Q10 es una sustancia liposoluble presente de forma natural en el organismo, crucial para la energ\u00eda celular y la protecci\u00f3n antioxidante.\",\"breadcrumb\":{\"@id\":\"https:\\\/\\\/vw-ingredients.com\\\/es\\\/producto\\\/q10-soluble-en-agua#breadcrumb\"},\"inLanguage\":\"es\",\"potentialAction\":[{\"@type\":\"ReadAction\",\"target\":[\"https:\\\/\\\/vw-ingredients.com\\\/es\\\/producto\\\/q10-soluble-en-agua\"]}]},{\"@type\":\"ImageObject\",\"inLanguage\":\"es\",\"@id\":\"https:\\\/\\\/vw-ingredients.com\\\/es\\\/producto\\\/q10-soluble-en-agua#primaryimage\",\"url\":\"https:\\\/\\\/vw-ingredients.com\\\/wp-content\\\/uploads\\\/2024\\\/05\\\/Soluble-Q10-scaled.jpg\",\"contentUrl\":\"https:\\\/\\\/vw-ingredients.com\\\/wp-content\\\/uploads\\\/2024\\\/05\\\/Soluble-Q10-scaled.jpg\",\"width\":2560,\"height\":1710,\"caption\":\"soluble Q10\"},{\"@type\":\"BreadcrumbList\",\"@id\":\"https:\\\/\\\/vw-ingredients.com\\\/es\\\/producto\\\/q10-soluble-en-agua#breadcrumb\",\"itemListElement\":[{\"@type\":\"ListItem\",\"position\":1,\"name\":\"Home\",\"item\":\"https:\\\/\\\/vw-ingredients.com\\\/es\"},{\"@type\":\"ListItem\",\"position\":2,\"name\":\"Products\",\"item\":\"https:\\\/\\\/vw-ingredients.com\\\/es\\\/producto\"},{\"@type\":\"ListItem\",\"position\":3,\"name\":\"Q10 Soluble en agua\"}]},{\"@type\":\"WebSite\",\"@id\":\"https:\\\/\\\/vw-ingredients.com\\\/es#website\",\"url\":\"https:\\\/\\\/vw-ingredients.com\\\/es\",\"name\":\"Van Wankum Ingredients\",\"description\":\"\",\"potentialAction\":[{\"@type\":\"SearchAction\",\"target\":{\"@type\":\"EntryPoint\",\"urlTemplate\":\"https:\\\/\\\/vw-ingredients.com\\\/es?s={search_term_string}\"},\"query-input\":{\"@type\":\"PropertyValueSpecification\",\"valueRequired\":true,\"valueName\":\"search_term_string\"}}],\"inLanguage\":\"es\"}]}<\/script>\n<!-- \/ Yoast SEO plugin. -->","yoast_head_json":{"title":"Farmac\u00e9utico - Q10 soluble en agua | Van Wankum Ingredientes","description":"La coenzima Q10 es una sustancia liposoluble presente de forma natural en el organismo, crucial para la energ\u00eda celular y la protecci\u00f3n antioxidante.","robots":{"index":"index","follow":"follow","max-snippet":"max-snippet:-1","max-image-preview":"max-image-preview:large","max-video-preview":"max-video-preview:-1"},"canonical":"https:\/\/vw-ingredients.com\/es\/producto\/q10-soluble-en-agua","og_locale":"es_ES","og_type":"article","og_title":"Farmac\u00e9utico - Q10 soluble en agua | Van Wankum Ingredientes","og_description":"La coenzima Q10 es una sustancia liposoluble presente de forma natural en el organismo, crucial para la energ\u00eda celular y la protecci\u00f3n antioxidante.","og_url":"https:\/\/vw-ingredients.com\/es\/producto\/q10-soluble-en-agua","og_site_name":"Van Wankum Ingredients","article_modified_time":"2025-02-04T08:42:43+00:00","og_image":[{"width":2560,"height":1710,"url":"https:\/\/vw-ingredients.com\/wp-content\/uploads\/2024\/05\/Soluble-Q10-scaled.jpg","type":"image\/jpeg"}],"twitter_card":"summary_large_image","schema":{"@context":"https:\/\/schema.org","@graph":[{"@type":"WebPage","@id":"https:\/\/vw-ingredients.com\/es\/producto\/q10-soluble-en-agua","url":"https:\/\/vw-ingredients.com\/es\/producto\/q10-soluble-en-agua","name":"Farmac\u00e9utico - Q10 soluble en agua | Van Wankum Ingredientes","isPartOf":{"@id":"https:\/\/vw-ingredients.com\/es#website"},"primaryImageOfPage":{"@id":"https:\/\/vw-ingredients.com\/es\/producto\/q10-soluble-en-agua#primaryimage"},"image":{"@id":"https:\/\/vw-ingredients.com\/es\/producto\/q10-soluble-en-agua#primaryimage"},"thumbnailUrl":"https:\/\/vw-ingredients.com\/wp-content\/uploads\/2024\/05\/Soluble-Q10-scaled.jpg","datePublished":"2024-05-07T13:36:33+00:00","dateModified":"2025-02-04T08:42:43+00:00","description":"La coenzima Q10 es una sustancia liposoluble presente de forma natural en el organismo, crucial para la energ\u00eda celular y la protecci\u00f3n antioxidante.","breadcrumb":{"@id":"https:\/\/vw-ingredients.com\/es\/producto\/q10-soluble-en-agua#breadcrumb"},"inLanguage":"es","potentialAction":[{"@type":"ReadAction","target":["https:\/\/vw-ingredients.com\/es\/producto\/q10-soluble-en-agua"]}]},{"@type":"ImageObject","inLanguage":"es","@id":"https:\/\/vw-ingredients.com\/es\/producto\/q10-soluble-en-agua#primaryimage","url":"https:\/\/vw-ingredients.com\/wp-content\/uploads\/2024\/05\/Soluble-Q10-scaled.jpg","contentUrl":"https:\/\/vw-ingredients.com\/wp-content\/uploads\/2024\/05\/Soluble-Q10-scaled.jpg","width":2560,"height":1710,"caption":"soluble Q10"},{"@type":"BreadcrumbList","@id":"https:\/\/vw-ingredients.com\/es\/producto\/q10-soluble-en-agua#breadcrumb","itemListElement":[{"@type":"ListItem","position":1,"name":"Home","item":"https:\/\/vw-ingredients.com\/es"},{"@type":"ListItem","position":2,"name":"Products","item":"https:\/\/vw-ingredients.com\/es\/producto"},{"@type":"ListItem","position":3,"name":"Q10 Soluble en agua"}]},{"@type":"WebSite","@id":"https:\/\/vw-ingredients.com\/es#website","url":"https:\/\/vw-ingredients.com\/es","name":"Van Wankum Ingredients","description":"","potentialAction":[{"@type":"SearchAction","target":{"@type":"EntryPoint","urlTemplate":"https:\/\/vw-ingredients.com\/es?s={search_term_string}"},"query-input":{"@type":"PropertyValueSpecification","valueRequired":true,"valueName":"search_term_string"}}],"inLanguage":"es"}]}},"_links":{"self":[{"href":"https:\/\/vw-ingredients.com\/es\/wp-json\/wp\/v2\/product\/7757","targetHints":{"allow":["GET"]}}],"collection":[{"href":"https:\/\/vw-ingredients.com\/es\/wp-json\/wp\/v2\/product"}],"about":[{"href":"https:\/\/vw-ingredients.com\/es\/wp-json\/wp\/v2\/types\/product"}],"author":[{"embeddable":true,"href":"https:\/\/vw-ingredients.com\/es\/wp-json\/wp\/v2\/users\/9"}],"version-history":[{"count":1,"href":"https:\/\/vw-ingredients.com\/es\/wp-json\/wp\/v2\/product\/7757\/revisions"}],"predecessor-version":[{"id":7759,"href":"https:\/\/vw-ingredients.com\/es\/wp-json\/wp\/v2\/product\/7757\/revisions\/7759"}],"wp:featuredmedia":[{"embeddable":true,"href":"https:\/\/vw-ingredients.com\/es\/wp-json\/wp\/v2\/media\/7758"}],"wp:attachment":[{"href":"https:\/\/vw-ingredients.com\/es\/wp-json\/wp\/v2\/media?parent=7757"}],"wp:term":[{"taxonomy":"product-categorieen","embeddable":true,"href":"https:\/\/vw-ingredients.com\/es\/wp-json\/wp\/v2\/product-categorieen?post=7757"}],"curies":[{"name":"wp","href":"https:\/\/api.w.org\/{rel}","templated":true}]}}