{"id":7734,"date":"2024-05-08T08:27:49","date_gmt":"2024-05-08T08:27:49","guid":{"rendered":"https:\/\/vw-ingredients.com\/product\/melatonina-hidrosoluble"},"modified":"2025-02-04T08:42:16","modified_gmt":"2025-02-04T08:42:16","slug":"melatonina-hidrosoluble","status":"publish","type":"product","link":"https:\/\/vw-ingredients.com\/es\/producto\/melatonina-hidrosoluble","title":{"rendered":"Melatonina hidrosoluble"},"content":{"rendered":"\t\t<div data-elementor-type=\"wp-post\" data-elementor-id=\"7734\" class=\"elementor elementor-7734 elementor-4962\" data-elementor-post-type=\"product\">\n\t\t\t\t\t\t<section class=\"elementor-section elementor-top-section elementor-element elementor-element-45a43a9 elementor-section-boxed elementor-section-height-default elementor-section-height-default\" data-id=\"45a43a9\" data-element_type=\"section\" data-e-type=\"section\" data-settings=\"{&quot;jet_parallax_layout_list&quot;:[]}\">\n\t\t\t\t\t\t<div class=\"elementor-container elementor-column-gap-default\">\n\t\t\t\t\t<div class=\"elementor-column elementor-col-100 elementor-top-column elementor-element elementor-element-1cefd6d\" data-id=\"1cefd6d\" data-element_type=\"column\" data-e-type=\"column\">\n\t\t\t<div class=\"elementor-widget-wrap elementor-element-populated\">\n\t\t\t\t\t\t<section class=\"elementor-section elementor-inner-section elementor-element elementor-element-c9bacdd elementor-section-boxed elementor-section-height-default elementor-section-height-default\" data-id=\"c9bacdd\" data-element_type=\"section\" data-e-type=\"section\" data-settings=\"{&quot;jet_parallax_layout_list&quot;:[]}\">\n\t\t\t\t\t\t<div class=\"elementor-container elementor-column-gap-default\">\n\t\t\t\t\t<div class=\"elementor-column elementor-col-50 elementor-inner-column elementor-element elementor-element-a0dd54d\" data-id=\"a0dd54d\" data-element_type=\"column\" data-e-type=\"column\">\n\t\t\t<div class=\"elementor-widget-wrap elementor-element-populated\">\n\t\t\t\t\t\t<div class=\"elementor-element elementor-element-c19aa76 elementor-widget elementor-widget-text-editor\" data-id=\"c19aa76\" data-element_type=\"widget\" data-e-type=\"widget\" data-widget_type=\"text-editor.default\">\n\t\t\t\t<div class=\"elementor-widget-container\">\n\t\t\t\t\t\t\t\t\t<p><strong>Nombre qu\u00edmico:  <\/strong><\/p>\n<p>N-[2-(5-methoxy-1H-indol-3-yl)ethyl] acetamida<br \/><strong>Sin\u00f3nimos:<\/strong><\/p>\n<p><i>N-acetil-5-metoxitriptamina<\/i><\/p>\n\t\t\t\t\t\t\t\t<\/div>\n\t\t\t\t<\/div>\n\t\t\t\t\t<\/div>\n\t\t<\/div>\n\t\t\t\t<div class=\"elementor-column elementor-col-50 elementor-inner-column elementor-element elementor-element-64c1161\" data-id=\"64c1161\" data-element_type=\"column\" data-e-type=\"column\">\n\t\t\t<div class=\"elementor-widget-wrap elementor-element-populated\">\n\t\t\t\t\t\t<div class=\"elementor-element elementor-element-c33df3f elementor-widget elementor-widget-image\" data-id=\"c33df3f\" data-element_type=\"widget\" data-e-type=\"widget\" data-widget_type=\"image.default\">\n\t\t\t\t<div class=\"elementor-widget-container\">\n\t\t\t\t\t\t\t\t\t\t\t\t\t\t\t<img decoding=\"async\" width=\"290\" height=\"111\" src=\"https:\/\/vw-ingredients.com\/wp-content\/uploads\/2021\/10\/mfcd00005655-medium.png\" class=\"attachment-full size-full wp-image-7876\" alt=\"\" \/>\t\t\t\t\t\t\t\t\t\t\t\t\t\t\t<\/div>\n\t\t\t\t<\/div>\n\t\t\t\t\t<\/div>\n\t\t<\/div>\n\t\t\t\t\t<\/div>\n\t\t<\/section>\n\t\t\t\t<div class=\"elementor-element elementor-element-eeb4c79 elementor-widget elementor-widget-heading\" data-id=\"eeb4c79\" data-element_type=\"widget\" data-e-type=\"widget\" data-widget_type=\"heading.default\">\n\t\t\t\t<div class=\"elementor-widget-container\">\n\t\t\t\t\t<h2 class=\"elementor-heading-title elementor-size-default\">Caracter\u00edsticas:<\/h2>\t\t\t\t<\/div>\n\t\t\t\t<\/div>\n\t\t\t\t<div class=\"elementor-element elementor-element-2681fa8 elementor-align-start elementor-icon-list--layout-traditional elementor-list-item-link-full_width elementor-widget elementor-widget-icon-list\" data-id=\"2681fa8\" data-element_type=\"widget\" data-e-type=\"widget\" data-widget_type=\"icon-list.default\">\n\t\t\t\t<div class=\"elementor-widget-container\">\n\t\t\t\t\t\t\t<ul class=\"elementor-icon-list-items\">\n\t\t\t\t\t\t\t<li class=\"elementor-icon-list-item\">\n\t\t\t\t\t\t\t\t\t\t\t<span class=\"elementor-icon-list-icon\">\n\t\t\t\t\t\t\t<i aria-hidden=\"true\" class=\"fas fa-circle\"><\/i>\t\t\t\t\t\t<\/span>\n\t\t\t\t\t\t\t\t\t\t<span class=\"elementor-icon-list-text\">Eliminador de radicales libres que ayuda a combatir la inflamaci\u00f3n<\/span>\n\t\t\t\t\t\t\t\t\t<\/li>\n\t\t\t\t\t\t\t\t<li class=\"elementor-icon-list-item\">\n\t\t\t\t\t\t\t\t\t\t\t<span class=\"elementor-icon-list-icon\">\n\t\t\t\t\t\t\t<i aria-hidden=\"true\" class=\"fas fa-circle\"><\/i>\t\t\t\t\t\t<\/span>\n\t\t\t\t\t\t\t\t\t\t<span class=\"elementor-icon-list-text\">Apoyo al sue\u00f1o<\/span>\n\t\t\t\t\t\t\t\t\t<\/li>\n\t\t\t\t\t\t<\/ul>\n\t\t\t\t\t\t<\/div>\n\t\t\t\t<\/div>\n\t\t\t\t<div class=\"elementor-element elementor-element-1036602 elementor-widget elementor-widget-heading\" data-id=\"1036602\" data-element_type=\"widget\" data-e-type=\"widget\" data-widget_type=\"heading.default\">\n\t\t\t\t<div class=\"elementor-widget-container\">\n\t\t\t\t\t<h2 class=\"elementor-heading-title elementor-size-default\">Grados disponibles:<\/h2>\t\t\t\t<\/div>\n\t\t\t\t<\/div>\n\t\t\t\t<div class=\"elementor-element elementor-element-691c3e3 elementor-align-start elementor-icon-list--layout-traditional elementor-list-item-link-full_width elementor-widget elementor-widget-icon-list\" data-id=\"691c3e3\" data-element_type=\"widget\" data-e-type=\"widget\" data-widget_type=\"icon-list.default\">\n\t\t\t\t<div class=\"elementor-widget-container\">\n\t\t\t\t\t\t\t<ul class=\"elementor-icon-list-items\">\n\t\t\t\t\t\t\t<li class=\"elementor-icon-list-item\">\n\t\t\t\t\t\t\t\t\t\t\t<span class=\"elementor-icon-list-icon\">\n\t\t\t\t\t\t\t<i aria-hidden=\"true\" class=\"fas fa-circle\"><\/i>\t\t\t\t\t\t<\/span>\n\t\t\t\t\t\t\t\t\t\t<span class=\"elementor-icon-list-text\">Soluble en agua<\/span>\n\t\t\t\t\t\t\t\t\t<\/li>\n\t\t\t\t\t\t<\/ul>\n\t\t\t\t\t\t<\/div>\n\t\t\t\t<\/div>\n\t\t\t\t<div class=\"elementor-element elementor-element-0911679 elementor-widget elementor-widget-heading\" data-id=\"0911679\" data-element_type=\"widget\" data-e-type=\"widget\" data-widget_type=\"heading.default\">\n\t\t\t\t<div class=\"elementor-widget-container\">\n\t\t\t\t\t<h2 class=\"elementor-heading-title elementor-size-default\">Aplicaciones:<\/h2>\t\t\t\t<\/div>\n\t\t\t\t<\/div>\n\t\t\t\t<div class=\"elementor-element elementor-element-9e5e01c elementor-align-start elementor-icon-list--layout-traditional elementor-list-item-link-full_width elementor-widget elementor-widget-icon-list\" data-id=\"9e5e01c\" data-element_type=\"widget\" data-e-type=\"widget\" data-widget_type=\"icon-list.default\">\n\t\t\t\t<div class=\"elementor-widget-container\">\n\t\t\t\t\t\t\t<ul class=\"elementor-icon-list-items\">\n\t\t\t\t\t\t\t<li class=\"elementor-icon-list-item\">\n\t\t\t\t\t\t\t\t\t\t\t<span class=\"elementor-icon-list-icon\">\n\t\t\t\t\t\t\t<i aria-hidden=\"true\" class=\"fas fa-circle\"><\/i>\t\t\t\t\t\t<\/span>\n\t\t\t\t\t\t\t\t\t\t<span class=\"elementor-icon-list-text\">Productos farmac\u00e9uticos<\/span>\n\t\t\t\t\t\t\t\t\t<\/li>\n\t\t\t\t\t\t\t\t<li class=\"elementor-icon-list-item\">\n\t\t\t\t\t\t\t\t\t\t\t<span class=\"elementor-icon-list-icon\">\n\t\t\t\t\t\t\t<i aria-hidden=\"true\" class=\"fas fa-circle\"><\/i>\t\t\t\t\t\t<\/span>\n\t\t\t\t\t\t\t\t\t\t<span class=\"elementor-icon-list-text\">C\u00e1psulas y comprimidos<\/span>\n\t\t\t\t\t\t\t\t\t<\/li>\n\t\t\t\t\t\t<\/ul>\n\t\t\t\t\t\t<\/div>\n\t\t\t\t<\/div>\n\t\t\t\t\t<\/div>\n\t\t<\/div>\n\t\t\t\t\t<\/div>\n\t\t<\/section>\n\t\t\t\t<\/div>\n\t\t","protected":false},"excerpt":{"rendered":"<p>La melatonina soluble en agua es una neurohormona indolamina cuyos niveles var\u00edan en un ciclo diario, lo que permite el acoplamiento de los ritmos circadianos en diversas funciones biol\u00f3gicas en animales, plantas y microbios. Esta forma hidrosoluble de la melatonina facilita su absorci\u00f3n en el organismo, favoreciendo los patrones naturales del sue\u00f1o. Sus efectos se transmiten a trav\u00e9s de los receptores de melatonina, incluidos los subtipos MT1, MT2 y MT3. La melatonina tambi\u00e9n regula al alza enzimas como la glutati\u00f3n peroxidasa, la super\u00f3xido dismutasa y la catalasa, contribuyendo a sus efectos biol\u00f3gicos.   <\/p>\n","protected":false},"author":9,"featured_media":7735,"parent":0,"menu_order":0,"template":"","format":"standard","meta":{"_acf_changed":false},"product-categorieen":[188],"class_list":["post-7734","product","type-product","status-publish","format-standard","has-post-thumbnail","hentry","product-categorieen-nutraceuticos"],"acf":[],"yoast_head":"<!-- This site is optimized with the Yoast SEO plugin v27.3 - https:\/\/yoast.com\/product\/yoast-seo-wordpress\/ -->\n<title>Melatonina hidrosoluble - Van Wankum Ingredients<\/title>\n<meta name=\"description\" content=\"La melatonina hidrosoluble permite el arrastre de los ritmos circadianos de varias funciones biol\u00f3gicas en animales, plantas y microbios.\" \/>\n<meta name=\"robots\" content=\"index, follow, max-snippet:-1, max-image-preview:large, max-video-preview:-1\" \/>\n<link rel=\"canonical\" href=\"https:\/\/vw-ingredients.com\/es\/producto\/melatonina-hidrosoluble\" \/>\n<meta property=\"og:locale\" content=\"es_ES\" \/>\n<meta property=\"og:type\" content=\"article\" \/>\n<meta property=\"og:title\" content=\"Melatonina hidrosoluble - Van Wankum Ingredients\" \/>\n<meta property=\"og:description\" content=\"La melatonina hidrosoluble permite el arrastre de los ritmos circadianos de varias funciones biol\u00f3gicas en animales, plantas y microbios.\" \/>\n<meta property=\"og:url\" content=\"https:\/\/vw-ingredients.com\/es\/producto\/melatonina-hidrosoluble\" \/>\n<meta property=\"og:site_name\" content=\"Van Wankum Ingredients\" \/>\n<meta property=\"article:modified_time\" content=\"2025-02-04T08:42:16+00:00\" \/>\n<meta property=\"og:image\" content=\"https:\/\/vw-ingredients.com\/wp-content\/uploads\/2024\/05\/Melatonin-water-soluble-scaled.jpg\" \/>\n\t<meta property=\"og:image:width\" content=\"2560\" \/>\n\t<meta property=\"og:image:height\" content=\"1706\" \/>\n\t<meta property=\"og:image:type\" content=\"image\/jpeg\" \/>\n<meta name=\"twitter:card\" content=\"summary_large_image\" \/>\n<script type=\"application\/ld+json\" class=\"yoast-schema-graph\">{\"@context\":\"https:\\\/\\\/schema.org\",\"@graph\":[{\"@type\":\"WebPage\",\"@id\":\"https:\\\/\\\/vw-ingredients.com\\\/es\\\/producto\\\/melatonina-hidrosoluble\",\"url\":\"https:\\\/\\\/vw-ingredients.com\\\/es\\\/producto\\\/melatonina-hidrosoluble\",\"name\":\"Melatonina hidrosoluble - Van Wankum Ingredients\",\"isPartOf\":{\"@id\":\"https:\\\/\\\/vw-ingredients.com\\\/es#website\"},\"primaryImageOfPage\":{\"@id\":\"https:\\\/\\\/vw-ingredients.com\\\/es\\\/producto\\\/melatonina-hidrosoluble#primaryimage\"},\"image\":{\"@id\":\"https:\\\/\\\/vw-ingredients.com\\\/es\\\/producto\\\/melatonina-hidrosoluble#primaryimage\"},\"thumbnailUrl\":\"https:\\\/\\\/vw-ingredients.com\\\/wp-content\\\/uploads\\\/2024\\\/05\\\/Melatonin-water-soluble-scaled.jpg\",\"datePublished\":\"2024-05-08T08:27:49+00:00\",\"dateModified\":\"2025-02-04T08:42:16+00:00\",\"description\":\"La melatonina hidrosoluble permite el arrastre de los ritmos circadianos de varias funciones biol\u00f3gicas en animales, plantas y microbios.\",\"breadcrumb\":{\"@id\":\"https:\\\/\\\/vw-ingredients.com\\\/es\\\/producto\\\/melatonina-hidrosoluble#breadcrumb\"},\"inLanguage\":\"es\",\"potentialAction\":[{\"@type\":\"ReadAction\",\"target\":[\"https:\\\/\\\/vw-ingredients.com\\\/es\\\/producto\\\/melatonina-hidrosoluble\"]}]},{\"@type\":\"ImageObject\",\"inLanguage\":\"es\",\"@id\":\"https:\\\/\\\/vw-ingredients.com\\\/es\\\/producto\\\/melatonina-hidrosoluble#primaryimage\",\"url\":\"https:\\\/\\\/vw-ingredients.com\\\/wp-content\\\/uploads\\\/2024\\\/05\\\/Melatonin-water-soluble-scaled.jpg\",\"contentUrl\":\"https:\\\/\\\/vw-ingredients.com\\\/wp-content\\\/uploads\\\/2024\\\/05\\\/Melatonin-water-soluble-scaled.jpg\",\"width\":2560,\"height\":1706},{\"@type\":\"BreadcrumbList\",\"@id\":\"https:\\\/\\\/vw-ingredients.com\\\/es\\\/producto\\\/melatonina-hidrosoluble#breadcrumb\",\"itemListElement\":[{\"@type\":\"ListItem\",\"position\":1,\"name\":\"Home\",\"item\":\"https:\\\/\\\/vw-ingredients.com\\\/es\"},{\"@type\":\"ListItem\",\"position\":2,\"name\":\"Products\",\"item\":\"https:\\\/\\\/vw-ingredients.com\\\/es\\\/producto\"},{\"@type\":\"ListItem\",\"position\":3,\"name\":\"Melatonina hidrosoluble\"}]},{\"@type\":\"WebSite\",\"@id\":\"https:\\\/\\\/vw-ingredients.com\\\/es#website\",\"url\":\"https:\\\/\\\/vw-ingredients.com\\\/es\",\"name\":\"Van Wankum Ingredients\",\"description\":\"\",\"potentialAction\":[{\"@type\":\"SearchAction\",\"target\":{\"@type\":\"EntryPoint\",\"urlTemplate\":\"https:\\\/\\\/vw-ingredients.com\\\/es?s={search_term_string}\"},\"query-input\":{\"@type\":\"PropertyValueSpecification\",\"valueRequired\":true,\"valueName\":\"search_term_string\"}}],\"inLanguage\":\"es\"}]}<\/script>\n<!-- \/ Yoast SEO plugin. -->","yoast_head_json":{"title":"Melatonina hidrosoluble - Van Wankum Ingredients","description":"La melatonina hidrosoluble permite el arrastre de los ritmos circadianos de varias funciones biol\u00f3gicas en animales, plantas y microbios.","robots":{"index":"index","follow":"follow","max-snippet":"max-snippet:-1","max-image-preview":"max-image-preview:large","max-video-preview":"max-video-preview:-1"},"canonical":"https:\/\/vw-ingredients.com\/es\/producto\/melatonina-hidrosoluble","og_locale":"es_ES","og_type":"article","og_title":"Melatonina hidrosoluble - Van Wankum Ingredients","og_description":"La melatonina hidrosoluble permite el arrastre de los ritmos circadianos de varias funciones biol\u00f3gicas en animales, plantas y microbios.","og_url":"https:\/\/vw-ingredients.com\/es\/producto\/melatonina-hidrosoluble","og_site_name":"Van Wankum Ingredients","article_modified_time":"2025-02-04T08:42:16+00:00","og_image":[{"width":2560,"height":1706,"url":"https:\/\/vw-ingredients.com\/wp-content\/uploads\/2024\/05\/Melatonin-water-soluble-scaled.jpg","type":"image\/jpeg"}],"twitter_card":"summary_large_image","schema":{"@context":"https:\/\/schema.org","@graph":[{"@type":"WebPage","@id":"https:\/\/vw-ingredients.com\/es\/producto\/melatonina-hidrosoluble","url":"https:\/\/vw-ingredients.com\/es\/producto\/melatonina-hidrosoluble","name":"Melatonina hidrosoluble - Van Wankum Ingredients","isPartOf":{"@id":"https:\/\/vw-ingredients.com\/es#website"},"primaryImageOfPage":{"@id":"https:\/\/vw-ingredients.com\/es\/producto\/melatonina-hidrosoluble#primaryimage"},"image":{"@id":"https:\/\/vw-ingredients.com\/es\/producto\/melatonina-hidrosoluble#primaryimage"},"thumbnailUrl":"https:\/\/vw-ingredients.com\/wp-content\/uploads\/2024\/05\/Melatonin-water-soluble-scaled.jpg","datePublished":"2024-05-08T08:27:49+00:00","dateModified":"2025-02-04T08:42:16+00:00","description":"La melatonina hidrosoluble permite el arrastre de los ritmos circadianos de varias funciones biol\u00f3gicas en animales, plantas y microbios.","breadcrumb":{"@id":"https:\/\/vw-ingredients.com\/es\/producto\/melatonina-hidrosoluble#breadcrumb"},"inLanguage":"es","potentialAction":[{"@type":"ReadAction","target":["https:\/\/vw-ingredients.com\/es\/producto\/melatonina-hidrosoluble"]}]},{"@type":"ImageObject","inLanguage":"es","@id":"https:\/\/vw-ingredients.com\/es\/producto\/melatonina-hidrosoluble#primaryimage","url":"https:\/\/vw-ingredients.com\/wp-content\/uploads\/2024\/05\/Melatonin-water-soluble-scaled.jpg","contentUrl":"https:\/\/vw-ingredients.com\/wp-content\/uploads\/2024\/05\/Melatonin-water-soluble-scaled.jpg","width":2560,"height":1706},{"@type":"BreadcrumbList","@id":"https:\/\/vw-ingredients.com\/es\/producto\/melatonina-hidrosoluble#breadcrumb","itemListElement":[{"@type":"ListItem","position":1,"name":"Home","item":"https:\/\/vw-ingredients.com\/es"},{"@type":"ListItem","position":2,"name":"Products","item":"https:\/\/vw-ingredients.com\/es\/producto"},{"@type":"ListItem","position":3,"name":"Melatonina hidrosoluble"}]},{"@type":"WebSite","@id":"https:\/\/vw-ingredients.com\/es#website","url":"https:\/\/vw-ingredients.com\/es","name":"Van Wankum Ingredients","description":"","potentialAction":[{"@type":"SearchAction","target":{"@type":"EntryPoint","urlTemplate":"https:\/\/vw-ingredients.com\/es?s={search_term_string}"},"query-input":{"@type":"PropertyValueSpecification","valueRequired":true,"valueName":"search_term_string"}}],"inLanguage":"es"}]}},"_links":{"self":[{"href":"https:\/\/vw-ingredients.com\/es\/wp-json\/wp\/v2\/product\/7734","targetHints":{"allow":["GET"]}}],"collection":[{"href":"https:\/\/vw-ingredients.com\/es\/wp-json\/wp\/v2\/product"}],"about":[{"href":"https:\/\/vw-ingredients.com\/es\/wp-json\/wp\/v2\/types\/product"}],"author":[{"embeddable":true,"href":"https:\/\/vw-ingredients.com\/es\/wp-json\/wp\/v2\/users\/9"}],"version-history":[{"count":1,"href":"https:\/\/vw-ingredients.com\/es\/wp-json\/wp\/v2\/product\/7734\/revisions"}],"predecessor-version":[{"id":7736,"href":"https:\/\/vw-ingredients.com\/es\/wp-json\/wp\/v2\/product\/7734\/revisions\/7736"}],"wp:featuredmedia":[{"embeddable":true,"href":"https:\/\/vw-ingredients.com\/es\/wp-json\/wp\/v2\/media\/7735"}],"wp:attachment":[{"href":"https:\/\/vw-ingredients.com\/es\/wp-json\/wp\/v2\/media?parent=7734"}],"wp:term":[{"taxonomy":"product-categorieen","embeddable":true,"href":"https:\/\/vw-ingredients.com\/es\/wp-json\/wp\/v2\/product-categorieen?post=7734"}],"curies":[{"name":"wp","href":"https:\/\/api.w.org\/{rel}","templated":true}]}}