{"id":7482,"date":"2021-10-29T14:50:27","date_gmt":"2021-10-29T14:50:27","guid":{"rendered":"https:\/\/vw-ingredients.com\/politica-de-privacidad"},"modified":"2025-01-28T13:54:26","modified_gmt":"2025-01-28T13:54:26","slug":"politica-de-privacidad","status":"publish","type":"page","link":"https:\/\/vw-ingredients.com\/es\/politica-de-privacidad","title":{"rendered":"Pol\u00edtica de privacidad"},"content":{"rendered":"\t\t<div data-elementor-type=\"wp-page\" data-elementor-id=\"7482\" class=\"elementor elementor-7482 elementor-1161\" data-elementor-post-type=\"page\">\n\t\t\t\t\t\t<section class=\"elementor-section elementor-top-section elementor-element elementor-element-7173f19 elementor-section-boxed elementor-section-height-default elementor-section-height-default\" data-id=\"7173f19\" data-element_type=\"section\" data-e-type=\"section\" data-settings=\"{&quot;jet_parallax_layout_list&quot;:[]}\">\n\t\t\t\t\t\t<div class=\"elementor-container elementor-column-gap-default\">\n\t\t\t\t\t<div class=\"elementor-column elementor-col-100 elementor-top-column elementor-element elementor-element-9c1c8c7\" data-id=\"9c1c8c7\" data-element_type=\"column\" data-e-type=\"column\">\n\t\t\t<div class=\"elementor-widget-wrap elementor-element-populated\">\n\t\t\t\t\t\t<div class=\"elementor-element elementor-element-6903b59 elementor-widget elementor-widget-heading\" data-id=\"6903b59\" data-element_type=\"widget\" data-e-type=\"widget\" data-widget_type=\"heading.default\">\n\t\t\t\t<div class=\"elementor-widget-container\">\n\t\t\t\t\t<h1 class=\"elementor-heading-title elementor-size-default\">Pol\u00edtica de privacidad<\/h1>\t\t\t\t<\/div>\n\t\t\t\t<\/div>\n\t\t\t\t<div class=\"elementor-element elementor-element-aa765e3 elementor-widget elementor-widget-text-editor\" data-id=\"aa765e3\" data-element_type=\"widget\" data-e-type=\"widget\" data-widget_type=\"text-editor.default\">\n\t\t\t\t<div class=\"elementor-widget-container\">\n\t\t\t\t\t\t\t\t\t<p>Esta declaraci\u00f3n de privacidad (junto con nuestras condiciones de uso y cualquier otro documento al que se haga referencia en ella) (\u00ab<a href=\"https:\/\/vw-ingredients.com\/es\/politica-de-privacidad\">Pol\u00edtica de privacidad<\/a>\u00ab) establece c\u00f3mo Van Wankum Ingredients BV (\u00abVWI\u00bb) utiliza y procesa cualquier informaci\u00f3n personal que proporciones a VWI cuando utilizas este sitio web. Te rogamos que leas atentamente lo que sigue para comprender los puntos de vista y las pr\u00e1cticas de VWI en relaci\u00f3n con tu informaci\u00f3n personal y c\u00f3mo la trataremos. VWI se compromete a garantizar la protecci\u00f3n de tu privacidad cuando utilices este sitio web. Nuestra Pol\u00edtica de Privacidad establece las bases sobre las que procesaremos cualquier informaci\u00f3n personal que recopilemos de ti, o que t\u00fa nos proporciones. Si te pedimos que nos proporciones cierta informaci\u00f3n con la que se te pueda identificar al utilizar este sitio web, puedes estar seguro de que s\u00f3lo se utilizar\u00e1 de acuerdo con nuestra Pol\u00edtica de Privacidad. VWI puede modificar su Pol\u00edtica de Privacidad de vez en cuando actualizando esta p\u00e1gina. Debes comprobar esta p\u00e1gina de vez en cuando para asegurarte de que est\u00e1s conforme con cualquier cambio realizado por VWI. Esta pol\u00edtica es efectiva desde el 25 de mayo de 2018.       <\/p>\n\t\t\t\t\t\t\t\t<\/div>\n\t\t\t\t<\/div>\n\t\t\t\t<div class=\"elementor-element elementor-element-7a0d583 elementor-widget elementor-widget-heading\" data-id=\"7a0d583\" data-element_type=\"widget\" data-e-type=\"widget\" data-widget_type=\"heading.default\">\n\t\t\t\t<div class=\"elementor-widget-container\">\n\t\t\t\t\t<h2 class=\"elementor-heading-title elementor-size-default\">Consentimiento<\/h2>\t\t\t\t<\/div>\n\t\t\t\t<\/div>\n\t\t\t\t<div class=\"elementor-element elementor-element-793fd8e elementor-widget elementor-widget-text-editor\" data-id=\"793fd8e\" data-element_type=\"widget\" data-e-type=\"widget\" data-widget_type=\"text-editor.default\">\n\t\t\t\t<div class=\"elementor-widget-container\">\n\t\t\t\t\t\t\t\t\t<p>Al utilizar este sitio web, das tu consentimiento a nuestra Pol\u00edtica de Privacidad y a que utilicemos y procesemos tu informaci\u00f3n personal.<\/p>\n\t\t\t\t\t\t\t\t<\/div>\n\t\t\t\t<\/div>\n\t\t\t\t<div class=\"elementor-element elementor-element-6d88a73 elementor-widget elementor-widget-heading\" data-id=\"6d88a73\" data-element_type=\"widget\" data-e-type=\"widget\" data-widget_type=\"heading.default\">\n\t\t\t\t<div class=\"elementor-widget-container\">\n\t\t\t\t\t<h2 class=\"elementor-heading-title elementor-size-default\">Lo que recogemos<\/h2>\t\t\t\t<\/div>\n\t\t\t\t<\/div>\n\t\t\t\t<div class=\"elementor-element elementor-element-e637eef elementor-widget elementor-widget-text-editor\" data-id=\"e637eef\" data-element_type=\"widget\" data-e-type=\"widget\" data-widget_type=\"text-editor.default\">\n\t\t\t\t<div class=\"elementor-widget-container\">\n\t\t\t\t\t\t\t\t\t<p>Podemos recoger la siguiente informaci\u00f3n:<\/p>\n\t\t\t\t\t\t\t\t<\/div>\n\t\t\t\t<\/div>\n\t\t\t\t<div class=\"elementor-element elementor-element-7341249 elementor-widget elementor-widget-heading\" data-id=\"7341249\" data-element_type=\"widget\" data-e-type=\"widget\" data-widget_type=\"heading.default\">\n\t\t\t\t<div class=\"elementor-widget-container\">\n\t\t\t\t\t<h2 class=\"elementor-heading-title elementor-size-default\">Qu\u00e9 hacemos con la informaci\u00f3n que recopilamos<\/h2>\t\t\t\t<\/div>\n\t\t\t\t<\/div>\n\t\t\t\t<div class=\"elementor-element elementor-element-ef07238 elementor-widget elementor-widget-text-editor\" data-id=\"ef07238\" data-element_type=\"widget\" data-e-type=\"widget\" data-widget_type=\"text-editor.default\">\n\t\t\t\t<div class=\"elementor-widget-container\">\n\t\t\t\t\t\t\t\t\t<ul>\n<li>Tu nombre<\/li>\n<li>Tu informaci\u00f3n <a href=\"https:\/\/vw-ingredients.com\/es\/ponte-en-contacto-con\">de contacto<\/a>, como la direcci\u00f3n de correo electr\u00f3nico<\/li>\n<li>Informaci\u00f3n demogr\u00e1fica, como preferencias e intereses<\/li>\n<li>Otra informaci\u00f3n relevante para las encuestas y\/o las ofertas a los clientes<\/li>\n<li>Cualquier informaci\u00f3n que proporciones rellenando formularios en nuestro sitio web  [insert website address]<\/li>\n<li>Detalles de cualquier transacci\u00f3n que realices a trav\u00e9s de nuestro sitio web y el cumplimiento de tus pedidos<\/li>\n<li>Datos de tus visitas a nuestro sitio web y de los recursos a los que accedes<\/li>\n<li>Utilizamos esta informaci\u00f3n para ofrecerte un mejor servicio y garantizar que nuestro sitio web se presenta de la forma m\u00e1s eficaz para ti, y en particular por los siguientes motivos:\n<ul>\n<li>Con fines de registro interno.<\/li>\n<li>Para mejorar nuestros <a href=\"https:\/\/vw-ingredients.com\/products\">productos<\/a> y servicios.<\/li>\n<li>Para proporcionarte informaci\u00f3n y material promocional sobre productos, ofertas especiales u otra informaci\u00f3n que nos solicites o que creamos que pueda resultarte interesante, utilizando la direcci\u00f3n de correo electr\u00f3nico que nos hayas proporcionado y cuando hayas dado tu consentimiento para que nos pongamos en contacto contigo para tales fines.<\/li>\n<li>Para enviarte informaci\u00f3n promocional sobre terceros que consideremos que pueda resultarte interesante, cuando hayas dado tu consentimiento para que nos pongamos en contacto contigo para tales fines.<\/li>\n<li>Para cumplir nuestras obligaciones derivadas de cualquier contrato celebrado entre t\u00fa y nosotros.<\/li>\n<li>Para permitirte participar en funciones interactivas de nuestro servicio, cuando elijas hacerlo.<\/li>\n<li>Para notificarte cambios en nuestros productos o servicios.<\/li>\n<li>Podemos utilizar la informaci\u00f3n para personalizar nuestro sitio web seg\u00fan tus intereses.<\/li>\n<\/ul>\n<\/li>\n<\/ul>\n<p>Tambi\u00e9n podemos utilizar tus datos personales, o permitir a terceros seleccionados que utilicen tus datos personales, para proporcionarte informaci\u00f3n sobre bienes y servicios que puedan ser de tu inter\u00e9s, y nosotros o ellos podemos ponernos en contacto contigo sobre ellos por correo electr\u00f3nico. Si eres un cliente existente, s\u00f3lo nos pondremos en contacto contigo por medios electr\u00f3nicos (correo electr\u00f3nico o SMS) con informaci\u00f3n sobre bienes y servicios similares a los que fueron objeto de una venta anterior a ti. Si eres un cliente nuevo, y cuando permitamos que terceros seleccionados utilicen tu informaci\u00f3n personal, nosotros (o ellos) nos pondremos en contacto contigo por medios electr\u00f3nicos s\u00f3lo si has dado tu consentimiento para ello. Si no quieres que utilicemos tu informaci\u00f3n personal de esta forma, o que pasemos tus datos a terceros con fines de marketing, marca la casilla correspondiente situada en el formulario en el que recopilamos tu informaci\u00f3n (el formulario de pedido\/registro).   <\/p>\n\t\t\t\t\t\t\t\t<\/div>\n\t\t\t\t<\/div>\n\t\t\t\t<div class=\"elementor-element elementor-element-65c7c7a elementor-widget elementor-widget-heading\" data-id=\"65c7c7a\" data-element_type=\"widget\" data-e-type=\"widget\" data-widget_type=\"heading.default\">\n\t\t\t\t<div class=\"elementor-widget-container\">\n\t\t\t\t\t<h2 class=\"elementor-heading-title elementor-size-default\">Seguridad<\/h2>\t\t\t\t<\/div>\n\t\t\t\t<\/div>\n\t\t\t\t<div class=\"elementor-element elementor-element-35ddf7e elementor-widget elementor-widget-text-editor\" data-id=\"35ddf7e\" data-element_type=\"widget\" data-e-type=\"widget\" data-widget_type=\"text-editor.default\">\n\t\t\t\t<div class=\"elementor-widget-container\">\n\t\t\t\t\t\t\t\t\t<p>Nos comprometemos a garantizar la seguridad de tu informaci\u00f3n. Para evitar el acceso o la divulgaci\u00f3n no autorizados, hemos establecido procedimientos f\u00edsicos, electr\u00f3nicos y de gesti\u00f3n adecuados para salvaguardar y asegurar la informaci\u00f3n que recopilamos en l\u00ednea. Lamentablemente, la transmisi\u00f3n de informaci\u00f3n a trav\u00e9s de Internet no es completamente segura. Aunque haremos todo lo posible para proteger tu informaci\u00f3n personal, no podemos garantizar la seguridad de la informaci\u00f3n que transmitas a nuestro sitio; cualquier transmisi\u00f3n corre por tu cuenta y riesgo. Una vez que hayamos recibido tu informaci\u00f3n, utilizaremos procedimientos estrictos y elementos de seguridad para intentar impedir el acceso no autorizado.    <\/p>\n\t\t\t\t\t\t\t\t<\/div>\n\t\t\t\t<\/div>\n\t\t\t\t<div class=\"elementor-element elementor-element-aacda02 elementor-widget elementor-widget-heading\" data-id=\"aacda02\" data-element_type=\"widget\" data-e-type=\"widget\" data-widget_type=\"heading.default\">\n\t\t\t\t<div class=\"elementor-widget-container\">\n\t\t\t\t\t<h2 class=\"elementor-heading-title elementor-size-default\">C\u00f3mo utilizamos las cookies<\/h2>\t\t\t\t<\/div>\n\t\t\t\t<\/div>\n\t\t\t\t<div class=\"elementor-element elementor-element-9914729 elementor-widget elementor-widget-text-editor\" data-id=\"9914729\" data-element_type=\"widget\" data-e-type=\"widget\" data-widget_type=\"text-editor.default\">\n\t\t\t\t<div class=\"elementor-widget-container\">\n\t\t\t\t\t\t\t\t\t<p>Una cookie es un peque\u00f1o archivo que pide permiso para colocarse en el disco duro de tu ordenador. Una vez que aceptas, el archivo se a\u00f1ade y la cookie ayuda a analizar el tr\u00e1fico web o permite saber cu\u00e1ndo visitas un sitio concreto. Las cookies permiten a las aplicaciones web responderte como individuo. La aplicaci\u00f3n web puede adaptar sus operaciones a tus necesidades, gustos y aversiones recopilando y recordando informaci\u00f3n sobre tus preferencias. Utilizamos cookies de registro de tr\u00e1fico para identificar qu\u00e9 p\u00e1ginas se est\u00e1n utilizando. Esto nos ayuda a analizar la informaci\u00f3n sobre el tr\u00e1fico de la p\u00e1gina web y a mejorar nuestro sitio web para adaptarlo a las necesidades de los clientes. S\u00f3lo utilizamos esta informaci\u00f3n con fines de an\u00e1lisis estad\u00edstico y luego la informaci\u00f3n se elimina del sistema. En general, las cookies nos ayudan a ofrecerte un sitio web mejor, ya que nos permiten controlar qu\u00e9 p\u00e1ginas te resultan \u00fatiles y cu\u00e1les no. Una cookie no nos da acceso a tu ordenador ni a ninguna informaci\u00f3n sobre ti, salvo la que t\u00fa decidas compartir con nosotros. Puedes elegir aceptar o rechazar las cookies. La mayor\u00eda de los navegadores aceptan autom\u00e1ticamente las cookies, pero normalmente puedes modificar la configuraci\u00f3n de tu navegador para rechazarlas si lo prefieres. Esto puede impedir que aproveches plenamente el sitio web.           <\/p>\n<\/p>\n<p>Consulta nuestra <a href=\"https:\/\/vw-ingredients.com\/cookie-policy\">pol\u00edtica de cookies<\/a> para obtener m\u00e1s informaci\u00f3n.<\/p>\n\t\t\t\t\t\t\t\t<\/div>\n\t\t\t\t<\/div>\n\t\t\t\t<div class=\"elementor-element elementor-element-7d8975d elementor-widget elementor-widget-heading\" data-id=\"7d8975d\" data-element_type=\"widget\" data-e-type=\"widget\" data-widget_type=\"heading.default\">\n\t\t\t\t<div class=\"elementor-widget-container\">\n\t\t\t\t\t<h2 class=\"elementor-heading-title elementor-size-default\">Enlaces a otros sitios web<\/h2>\t\t\t\t<\/div>\n\t\t\t\t<\/div>\n\t\t\t\t<div class=\"elementor-element elementor-element-ab92247 elementor-widget elementor-widget-text-editor\" data-id=\"ab92247\" data-element_type=\"widget\" data-e-type=\"widget\" data-widget_type=\"text-editor.default\">\n\t\t\t\t<div class=\"elementor-widget-container\">\n\t\t\t\t\t\t\t\t\t<p>Nuestro sitio web puede contener de vez en cuando enlaces que te permitan visitar f\u00e1cilmente otros sitios web de inter\u00e9s. Sin embargo, una vez que sigas un enlace a cualquiera de estos sitios web, debes tener en cuenta que no tenemos ning\u00fan control sobre ese otro sitio web. Por lo tanto, no podemos responsabilizarnos de la protecci\u00f3n y privacidad de la informaci\u00f3n que proporciones al visitar dichos sitios y \u00e9stos no se rigen por nuestra Pol\u00edtica de privacidad. Ten en cuenta que estos sitios web tienen sus propias pol\u00edticas de privacidad y que no aceptamos ninguna responsabilidad por ellas. Debes tener cuidado y comprobar estas pol\u00edticas antes de enviar cualquier informaci\u00f3n personal a estos sitios web.    <\/p>\n\t\t\t\t\t\t\t\t<\/div>\n\t\t\t\t<\/div>\n\t\t\t\t<div class=\"elementor-element elementor-element-9fb2fc1 elementor-widget elementor-widget-heading\" data-id=\"9fb2fc1\" data-element_type=\"widget\" data-e-type=\"widget\" data-widget_type=\"heading.default\">\n\t\t\t\t<div class=\"elementor-widget-container\">\n\t\t\t\t\t<h2 class=\"elementor-heading-title elementor-size-default\">Controlar tu informaci\u00f3n personal<\/h2>\t\t\t\t<\/div>\n\t\t\t\t<\/div>\n\t\t\t\t<div class=\"elementor-element elementor-element-099402d elementor-widget elementor-widget-text-editor\" data-id=\"099402d\" data-element_type=\"widget\" data-e-type=\"widget\" data-widget_type=\"text-editor.default\">\n\t\t\t\t<div class=\"elementor-widget-container\">\n\t\t\t\t\t\t\t\t\t<p>Puedes elegir restringir la recopilaci\u00f3n o el uso de tu informaci\u00f3n personal de las siguientes maneras:<\/p>\n<p>Tienes derecho a pedirnos que no procesemos tu informaci\u00f3n personal con fines de marketing y siempre que se te pida que rellenes un formulario en el sitio web, busca la casilla que puedes pulsar para indicar que no quieres que nadie utilice la informaci\u00f3n con fines de marketing directo.<\/p>\n<p>si previamente has aceptado que utilicemos tus datos personales para fines de marketing directo, puedes cambiar de opini\u00f3n en cualquier momento escribiendo a:<\/p>\n<p>Van Wankum Ingredients BV<\/p>\n<p>Nassaustraat 16-1 , 3601BG MAARSSEN<\/p>\n<p>Pa\u00edses Bajos<\/p>\n<p>No venderemos, distribuiremos ni cederemos tu informaci\u00f3n personal a terceros a menos que tengamos tu permiso o la ley nos obligue a hacerlo. Si crees que alg\u00fan dato que tenemos sobre ti es incorrecto o est\u00e1 incompleto, escr\u00edbenos lo antes posible a la direcci\u00f3n arriba indicada o env\u00edanos un correo electr\u00f3nico a info@VW-Ingredients.com. Corregiremos r\u00e1pidamente cualquier informaci\u00f3n que resulte incorrecta.  <\/p>\n\t\t\t\t\t\t\t\t<\/div>\n\t\t\t\t<\/div>\n\t\t\t\t\t<\/div>\n\t\t<\/div>\n\t\t\t\t\t<\/div>\n\t\t<\/section>\n\t\t\t\t<\/div>\n\t\t","protected":false},"excerpt":{"rendered":"<p>Esta declaraci\u00f3n de privacidad (junto con nuestras condiciones de uso y cualquier otro documento al que se haga referencia en ella) (\u00abPol\u00edtica de privacidad\u00ab) establece c\u00f3mo Van Wankum Ingredients BV (\u00abVWI\u00bb) utiliza y procesa cualquier informaci\u00f3n personal que proporciones a VWI cuando utilizas este sitio web. Te rogamos que leas atentamente lo que sigue para [&hellip;]<\/p>\n","protected":false},"author":6,"featured_media":0,"parent":0,"menu_order":0,"comment_status":"closed","ping_status":"closed","template":"elementor_header_footer","meta":{"_acf_changed":false,"footnotes":""},"class_list":["post-7482","page","type-page","status-publish","hentry"],"acf":[],"yoast_head":"<!-- This site is optimized with the Yoast SEO plugin v27.3 - https:\/\/yoast.com\/product\/yoast-seo-wordpress\/ -->\n<title>Pol\u00edtica de privacidad - Van Wankum Ingredients<\/title>\n<meta name=\"robots\" content=\"index, follow, max-snippet:-1, max-image-preview:large, max-video-preview:-1\" \/>\n<link rel=\"canonical\" href=\"https:\/\/vw-ingredients.com\/es\/politica-de-privacidad\" \/>\n<meta property=\"og:locale\" content=\"es_ES\" \/>\n<meta property=\"og:type\" content=\"article\" \/>\n<meta property=\"og:title\" content=\"Pol\u00edtica de privacidad - Van Wankum Ingredients\" \/>\n<meta property=\"og:description\" content=\"Esta declaraci\u00f3n de privacidad (junto con nuestras condiciones de uso y cualquier otro documento al que se haga referencia en ella) (\u00abPol\u00edtica de privacidad\u00ab) establece c\u00f3mo Van Wankum Ingredients BV (\u00abVWI\u00bb) utiliza y procesa cualquier informaci\u00f3n personal que proporciones a VWI cuando utilizas este sitio web. Te rogamos que leas atentamente lo que sigue para [&hellip;]\" \/>\n<meta property=\"og:url\" content=\"https:\/\/vw-ingredients.com\/es\/politica-de-privacidad\" \/>\n<meta property=\"og:site_name\" content=\"Van Wankum Ingredients\" \/>\n<meta property=\"article:modified_time\" content=\"2025-01-28T13:54:26+00:00\" \/>\n<meta name=\"twitter:card\" content=\"summary_large_image\" \/>\n<meta name=\"twitter:label1\" content=\"Tiempo de lectura\" \/>\n\t<meta name=\"twitter:data1\" content=\"7 minutos\" \/>\n<script type=\"application\/ld+json\" class=\"yoast-schema-graph\">{\"@context\":\"https:\\\/\\\/schema.org\",\"@graph\":[{\"@type\":\"WebPage\",\"@id\":\"https:\\\/\\\/vw-ingredients.com\\\/es\\\/politica-de-privacidad\",\"url\":\"https:\\\/\\\/vw-ingredients.com\\\/es\\\/politica-de-privacidad\",\"name\":\"Pol\u00edtica de privacidad - Van Wankum Ingredients\",\"isPartOf\":{\"@id\":\"https:\\\/\\\/vw-ingredients.com\\\/es#website\"},\"datePublished\":\"2021-10-29T14:50:27+00:00\",\"dateModified\":\"2025-01-28T13:54:26+00:00\",\"breadcrumb\":{\"@id\":\"https:\\\/\\\/vw-ingredients.com\\\/es\\\/politica-de-privacidad#breadcrumb\"},\"inLanguage\":\"es\",\"potentialAction\":[{\"@type\":\"ReadAction\",\"target\":[\"https:\\\/\\\/vw-ingredients.com\\\/es\\\/politica-de-privacidad\"]}]},{\"@type\":\"BreadcrumbList\",\"@id\":\"https:\\\/\\\/vw-ingredients.com\\\/es\\\/politica-de-privacidad#breadcrumb\",\"itemListElement\":[{\"@type\":\"ListItem\",\"position\":1,\"name\":\"Home\",\"item\":\"https:\\\/\\\/vw-ingredients.com\\\/es\"},{\"@type\":\"ListItem\",\"position\":2,\"name\":\"Pol\u00edtica de privacidad\"}]},{\"@type\":\"WebSite\",\"@id\":\"https:\\\/\\\/vw-ingredients.com\\\/es#website\",\"url\":\"https:\\\/\\\/vw-ingredients.com\\\/es\",\"name\":\"Van Wankum Ingredients\",\"description\":\"\",\"potentialAction\":[{\"@type\":\"SearchAction\",\"target\":{\"@type\":\"EntryPoint\",\"urlTemplate\":\"https:\\\/\\\/vw-ingredients.com\\\/es?s={search_term_string}\"},\"query-input\":{\"@type\":\"PropertyValueSpecification\",\"valueRequired\":true,\"valueName\":\"search_term_string\"}}],\"inLanguage\":\"es\"}]}<\/script>\n<!-- \/ Yoast SEO plugin. -->","yoast_head_json":{"title":"Pol\u00edtica de privacidad - Van Wankum Ingredients","robots":{"index":"index","follow":"follow","max-snippet":"max-snippet:-1","max-image-preview":"max-image-preview:large","max-video-preview":"max-video-preview:-1"},"canonical":"https:\/\/vw-ingredients.com\/es\/politica-de-privacidad","og_locale":"es_ES","og_type":"article","og_title":"Pol\u00edtica de privacidad - Van Wankum Ingredients","og_description":"Esta declaraci\u00f3n de privacidad (junto con nuestras condiciones de uso y cualquier otro documento al que se haga referencia en ella) (\u00abPol\u00edtica de privacidad\u00ab) establece c\u00f3mo Van Wankum Ingredients BV (\u00abVWI\u00bb) utiliza y procesa cualquier informaci\u00f3n personal que proporciones a VWI cuando utilizas este sitio web. Te rogamos que leas atentamente lo que sigue para [&hellip;]","og_url":"https:\/\/vw-ingredients.com\/es\/politica-de-privacidad","og_site_name":"Van Wankum Ingredients","article_modified_time":"2025-01-28T13:54:26+00:00","twitter_card":"summary_large_image","twitter_misc":{"Tiempo de lectura":"7 minutos"},"schema":{"@context":"https:\/\/schema.org","@graph":[{"@type":"WebPage","@id":"https:\/\/vw-ingredients.com\/es\/politica-de-privacidad","url":"https:\/\/vw-ingredients.com\/es\/politica-de-privacidad","name":"Pol\u00edtica de privacidad - Van Wankum Ingredients","isPartOf":{"@id":"https:\/\/vw-ingredients.com\/es#website"},"datePublished":"2021-10-29T14:50:27+00:00","dateModified":"2025-01-28T13:54:26+00:00","breadcrumb":{"@id":"https:\/\/vw-ingredients.com\/es\/politica-de-privacidad#breadcrumb"},"inLanguage":"es","potentialAction":[{"@type":"ReadAction","target":["https:\/\/vw-ingredients.com\/es\/politica-de-privacidad"]}]},{"@type":"BreadcrumbList","@id":"https:\/\/vw-ingredients.com\/es\/politica-de-privacidad#breadcrumb","itemListElement":[{"@type":"ListItem","position":1,"name":"Home","item":"https:\/\/vw-ingredients.com\/es"},{"@type":"ListItem","position":2,"name":"Pol\u00edtica de privacidad"}]},{"@type":"WebSite","@id":"https:\/\/vw-ingredients.com\/es#website","url":"https:\/\/vw-ingredients.com\/es","name":"Van Wankum Ingredients","description":"","potentialAction":[{"@type":"SearchAction","target":{"@type":"EntryPoint","urlTemplate":"https:\/\/vw-ingredients.com\/es?s={search_term_string}"},"query-input":{"@type":"PropertyValueSpecification","valueRequired":true,"valueName":"search_term_string"}}],"inLanguage":"es"}]}},"_links":{"self":[{"href":"https:\/\/vw-ingredients.com\/es\/wp-json\/wp\/v2\/pages\/7482","targetHints":{"allow":["GET"]}}],"collection":[{"href":"https:\/\/vw-ingredients.com\/es\/wp-json\/wp\/v2\/pages"}],"about":[{"href":"https:\/\/vw-ingredients.com\/es\/wp-json\/wp\/v2\/types\/page"}],"author":[{"embeddable":true,"href":"https:\/\/vw-ingredients.com\/es\/wp-json\/wp\/v2\/users\/6"}],"replies":[{"embeddable":true,"href":"https:\/\/vw-ingredients.com\/es\/wp-json\/wp\/v2\/comments?post=7482"}],"version-history":[{"count":1,"href":"https:\/\/vw-ingredients.com\/es\/wp-json\/wp\/v2\/pages\/7482\/revisions"}],"predecessor-version":[{"id":7483,"href":"https:\/\/vw-ingredients.com\/es\/wp-json\/wp\/v2\/pages\/7482\/revisions\/7483"}],"wp:attachment":[{"href":"https:\/\/vw-ingredients.com\/es\/wp-json\/wp\/v2\/media?parent=7482"}],"curies":[{"name":"wp","href":"https:\/\/api.w.org\/{rel}","templated":true}]}}