{"id":7449,"date":"2021-11-11T16:02:49","date_gmt":"2021-11-11T16:02:49","guid":{"rendered":"https:\/\/vw-ingredients.com\/edulcorante-para-alimentos-y-bebidas"},"modified":"2025-01-28T13:49:50","modified_gmt":"2025-01-28T13:49:50","slug":"edulcorante-para-alimentos-y-bebidas","status":"publish","type":"page","link":"https:\/\/vw-ingredients.com\/es\/edulcorante-para-alimentos-y-bebidas","title":{"rendered":"Edulcorante para alimentos y bebidas"},"content":{"rendered":"\t\t<div data-elementor-type=\"wp-page\" data-elementor-id=\"7449\" class=\"elementor elementor-7449\" data-elementor-post-type=\"page\">\n\t\t\t\t\t\t<section class=\"elementor-section elementor-top-section elementor-element elementor-element-ddc7206 elementor-section-boxed elementor-section-height-default elementor-section-height-default\" data-id=\"ddc7206\" data-element_type=\"section\" data-e-type=\"section\" data-settings=\"{&quot;jet_parallax_layout_list&quot;:[]}\">\n\t\t\t\t\t\t<div class=\"elementor-container elementor-column-gap-default\">\n\t\t\t\t\t<div class=\"elementor-column elementor-col-50 elementor-top-column elementor-element elementor-element-a128652\" data-id=\"a128652\" data-element_type=\"column\" data-e-type=\"column\">\n\t\t\t<div class=\"elementor-widget-wrap elementor-element-populated\">\n\t\t\t\t\t\t<div class=\"elementor-element elementor-element-716e5c0 elementor-widget elementor-widget-text-editor\" data-id=\"716e5c0\" data-element_type=\"widget\" data-e-type=\"widget\" data-widget_type=\"text-editor.default\">\n\t\t\t\t<div class=\"elementor-widget-container\">\n\t\t\t\t\t\t\t\t\t<p>Van Wankum Ingredients es un proveedor de ingredientes de servicio completo para muchos clientes diferentes de los sectores de alimentaci\u00f3n y bebidas, cosm\u00e9tica, farmacia y salud. Ofrecemos ingredientes y aditivos de alta calidad. <\/p>\n<p>Nuestros servicios incluyen muestreo, log\u00edstica rentable, documentos de calidad y consultor\u00eda. Nuestro equipo de expertos comerciales, log\u00edsticos, financieros y tecn\u00f3logos alimentarios comparten m\u00e1s de 30 a\u00f1os de experiencia profesional en todo el mundo y se comprometen a satisfacer las necesidades de los clientes. <\/p>\n<h2>\u00bfQu\u00e9 son los edulcorantes?<\/h2>\n<p>El az\u00facar se a\u00f1ade a los alimentos para hacerlos m\u00e1s dulces. Los edulcorantes son sustitutos del az\u00facar. Se a\u00f1aden para estimular la sensaci\u00f3n de dulzor durante el consumo. Hay edulcorantes que proceden de la naturaleza (por ejemplo, la Stevia, que se extrae de las hojas de una planta) o se fabrican sint\u00e9ticamente. Pueden utilizarse en alimentos y bebidas, como nutrici\u00f3n para la salud y el deporte, y como edulcorantes farmac\u00e9uticos.    <\/p>\n<h2>Edulcorantes para alimentos y bebidas<\/h2>\n<p>La mayor\u00eda de los edulcorantes son adecuados para su uso en alimentos y bebidas. Tienen sus propias caracter\u00edsticas y, por tanto, son m\u00e1s adecuados para algunos alimentos y bebidas que para otros. Visita las respectivas p\u00e1ginas de edulcorantes que ofrecemos para ver c\u00f3mo se aplican los distintos edulcorantes a determinados alimentos.  <\/p>\n<p>Para m\u00e1s informaci\u00f3n, visita las p\u00e1ginas respectivas de los edulcorantes artificiales y naturales que ofrecemos, como <a href=\"https:\/\/vw-ingredients.com\/health-and-sport-nutrition\/stevia\">Stevia<\/a>, <a href=\"https:\/\/vw-ingredients.com\/health-and-sport-nutrition\/sucralose\">Sucralosa<\/a>, <a href=\"https:\/\/vw-ingredients.com\/health-and-sport-nutrition\/melatonin\">Melatonina<\/a>, <a href=\"https:\/\/vw-ingredients.com\/health-and-sport-nutrition\/yeast-beta-glucan\">Betaglucano de levadura<\/a>, <a href=\"https:\/\/vw-ingredients.com\/luo-han-guo\">Luo Han Guo<\/a>, <a href=\"https:\/\/vw-ingredients.com\/es\/extracto-de-fruta-de-monje\">Extracto de fruta de monje<\/a>, <a href=\"https:\/\/vw-ingredients.com\/trehalose\">Trehalosa<\/a>, Acesulfamo pot\u00e1sico, Aspartamo, <a href=\"https:\/\/vw-ingredients.com\/product\/erythritol\">Eritritol<\/a>, <a href=\"https:\/\/vw-ingredients.com\/pharmaceutical\/quinine-derivatives\">Quinina<\/a>, <a href=\"https:\/\/vw-ingredients.com\/polydextrose\">Polidextrosa<\/a> y Vitamina B1.<\/p>\n<h2>Edulcorantes nutritivos y no nutritivos<\/h2>\n<p>Hay edulcorantes nutritivos y edulcorantes no nutritivos. Los edulcorantes nutritivos pueden ser, hasta cierto punto, digeridos por el organismo y, por tanto, tienen valor energ\u00e9tico alimentario, como el az\u00facar. Tambi\u00e9n hay edulcorantes que no son digeridos por el organismo, los llamados edulcorantes no nutritivos. Este tipo de edulcorantes no tiene valor energ\u00e9tico alimentario. Muchos edulcorantes contienen pocas o ninguna calor\u00eda y no se metabolizan, lo que los hace aptos para el consumo tanto de diab\u00e9ticos como de no diab\u00e9ticos.    <\/p>\n<h2>Ingredientes Van Wankum<\/h2>\n<p>Van Wankum Ingredients siempre busca oportunidades respetuosas con el medio ambiente y \u00abverdes\u00bb para sus productos y principios. Defendemos las relaciones a largo plazo con nuestros clientes y un servicio de alta calidad.  No dudes en solicitar una muestra o ponerte en contacto directamente con nosotros si tienes preguntas o peticiones sobre nuestros edulcorantes para alimentos y bebidas.<\/p>\n\t\t\t\t\t\t\t\t<\/div>\n\t\t\t\t<\/div>\n\t\t\t\t\t<\/div>\n\t\t<\/div>\n\t\t\t\t<div class=\"elementor-column elementor-col-50 elementor-top-column elementor-element elementor-element-5d724d4\" data-id=\"5d724d4\" data-element_type=\"column\" data-e-type=\"column\">\n\t\t\t<div class=\"elementor-widget-wrap elementor-element-populated\">\n\t\t\t\t\t\t<section class=\"elementor-section elementor-inner-section elementor-element elementor-element-f4364dc elementor-section-height-min-height elementor-section-boxed elementor-section-height-default elementor-invisible\" data-id=\"f4364dc\" data-element_type=\"section\" data-e-type=\"section\" data-settings=\"{&quot;sticky&quot;:&quot;top&quot;,&quot;sticky_on&quot;:[&quot;desktop&quot;],&quot;sticky_parent&quot;:&quot;yes&quot;,&quot;sticky_offset&quot;:125,&quot;animation&quot;:&quot;fadeInRight&quot;,&quot;jet_parallax_layout_list&quot;:[],&quot;sticky_effects_offset&quot;:0,&quot;sticky_anchor_link_offset&quot;:0}\">\n\t\t\t\t\t\t<div class=\"elementor-container elementor-column-gap-default\">\n\t\t\t\t\t<div class=\"elementor-column elementor-col-100 elementor-inner-column elementor-element elementor-element-fdc73ad\" data-id=\"fdc73ad\" data-element_type=\"column\" data-e-type=\"column\" data-settings=\"{&quot;background_background&quot;:&quot;classic&quot;}\">\n\t\t\t<div class=\"elementor-widget-wrap elementor-element-populated\">\n\t\t\t\t\t\t<div class=\"elementor-element elementor-element-200cafd elementor-widget elementor-widget-heading\" data-id=\"200cafd\" data-element_type=\"widget\" data-e-type=\"widget\" data-widget_type=\"heading.default\">\n\t\t\t\t<div class=\"elementor-widget-container\">\n\t\t\t\t\t<h2 class=\"elementor-heading-title elementor-size-default\">Solicitar muestras<\/h2>\t\t\t\t<\/div>\n\t\t\t\t<\/div>\n\t\t\t\t<div class=\"elementor-element elementor-element-7b5f110 elementor-widget elementor-widget-text-editor\" data-id=\"7b5f110\" data-element_type=\"widget\" data-e-type=\"widget\" data-widget_type=\"text-editor.default\">\n\t\t\t\t<div class=\"elementor-widget-container\">\n\t\t\t\t\t\t\t\t\t<p>Ind\u00edcanos qu\u00e9 muestras quieres recibir. Selecciona tus muestras en nuestra lista de productos y haz clic en enviar. <\/p>\n\t\t\t\t\t\t\t\t<\/div>\n\t\t\t\t<\/div>\n\t\t\t\t<div class=\"elementor-element elementor-element-68c8a2e elementor-widget elementor-widget-button\" data-id=\"68c8a2e\" data-element_type=\"widget\" data-e-type=\"widget\" data-widget_type=\"button.default\">\n\t\t\t\t<div class=\"elementor-widget-container\">\n\t\t\t\t\t\t\t\t\t<div class=\"elementor-button-wrapper\">\n\t\t\t\t\t<a class=\"elementor-button elementor-button-link elementor-size-sm\" href=\"\/products\/\">\n\t\t\t\t\t\t<span class=\"elementor-button-content-wrapper\">\n\t\t\t\t\t\t\t\t\t<span class=\"elementor-button-text\">Solicitar muestras<\/span>\n\t\t\t\t\t<\/span>\n\t\t\t\t\t<\/a>\n\t\t\t\t<\/div>\n\t\t\t\t\t\t\t\t<\/div>\n\t\t\t\t<\/div>\n\t\t\t\t\t<\/div>\n\t\t<\/div>\n\t\t\t\t\t<\/div>\n\t\t<\/section>\n\t\t\t\t\t<\/div>\n\t\t<\/div>\n\t\t\t\t\t<\/div>\n\t\t<\/section>\n\t\t\t\t<\/div>\n\t\t","protected":false},"excerpt":{"rendered":"<p>Van Wankum Ingredients es un proveedor de ingredientes de servicio completo para muchos clientes diferentes de los sectores de alimentaci\u00f3n y bebidas, cosm\u00e9tica, farmacia y salud. Ofrecemos ingredientes y aditivos de alta calidad. Nuestros servicios incluyen muestreo, log\u00edstica rentable, documentos de calidad y consultor\u00eda. Nuestro equipo de expertos comerciales, log\u00edsticos, financieros y tecn\u00f3logos alimentarios comparten [&hellip;]<\/p>\n","protected":false},"author":6,"featured_media":0,"parent":0,"menu_order":0,"comment_status":"closed","ping_status":"closed","template":"","meta":{"_acf_changed":false,"footnotes":""},"class_list":["post-7449","page","type-page","status-publish","hentry"],"acf":[],"yoast_head":"<!-- This site is optimized with the Yoast SEO plugin v27.3 - https:\/\/yoast.com\/product\/yoast-seo-wordpress\/ -->\n<title>Edulcorante para alimentos y bebidas - Van Wankum Ingredients<\/title>\n<meta name=\"description\" content=\"\u00bfQu\u00e9 son los edulcorantes para alimentos y bebidas? Van Wankum Ingredients no compromete la calidad ni los servicios. \u2713Experiencia profesional \u2713Excelente calidad\" \/>\n<meta name=\"robots\" content=\"index, follow, max-snippet:-1, max-image-preview:large, max-video-preview:-1\" \/>\n<link rel=\"canonical\" href=\"https:\/\/vw-ingredients.com\/es\/edulcorante-para-alimentos-y-bebidas\" \/>\n<meta property=\"og:locale\" content=\"es_ES\" \/>\n<meta property=\"og:type\" content=\"article\" \/>\n<meta property=\"og:title\" content=\"Edulcorante para alimentos y bebidas - Van Wankum Ingredients\" \/>\n<meta property=\"og:description\" content=\"\u00bfQu\u00e9 son los edulcorantes para alimentos y bebidas? Van Wankum Ingredients no compromete la calidad ni los servicios. \u2713Experiencia profesional \u2713Excelente calidad\" \/>\n<meta property=\"og:url\" content=\"https:\/\/vw-ingredients.com\/es\/edulcorante-para-alimentos-y-bebidas\" \/>\n<meta property=\"og:site_name\" content=\"Van Wankum Ingredients\" \/>\n<meta property=\"article:modified_time\" content=\"2025-01-28T13:49:50+00:00\" \/>\n<meta name=\"twitter:card\" content=\"summary_large_image\" \/>\n<meta name=\"twitter:label1\" content=\"Tiempo de lectura\" \/>\n\t<meta name=\"twitter:data1\" content=\"2 minutos\" \/>\n<script type=\"application\/ld+json\" class=\"yoast-schema-graph\">{\"@context\":\"https:\\\/\\\/schema.org\",\"@graph\":[{\"@type\":\"WebPage\",\"@id\":\"https:\\\/\\\/vw-ingredients.com\\\/es\\\/edulcorante-para-alimentos-y-bebidas\",\"url\":\"https:\\\/\\\/vw-ingredients.com\\\/es\\\/edulcorante-para-alimentos-y-bebidas\",\"name\":\"Edulcorante para alimentos y bebidas - Van Wankum Ingredients\",\"isPartOf\":{\"@id\":\"https:\\\/\\\/vw-ingredients.com\\\/es#website\"},\"datePublished\":\"2021-11-11T16:02:49+00:00\",\"dateModified\":\"2025-01-28T13:49:50+00:00\",\"description\":\"\u00bfQu\u00e9 son los edulcorantes para alimentos y bebidas? Van Wankum Ingredients no compromete la calidad ni los servicios. \u2713Experiencia profesional \u2713Excelente calidad\",\"breadcrumb\":{\"@id\":\"https:\\\/\\\/vw-ingredients.com\\\/es\\\/edulcorante-para-alimentos-y-bebidas#breadcrumb\"},\"inLanguage\":\"es\",\"potentialAction\":[{\"@type\":\"ReadAction\",\"target\":[\"https:\\\/\\\/vw-ingredients.com\\\/es\\\/edulcorante-para-alimentos-y-bebidas\"]}]},{\"@type\":\"BreadcrumbList\",\"@id\":\"https:\\\/\\\/vw-ingredients.com\\\/es\\\/edulcorante-para-alimentos-y-bebidas#breadcrumb\",\"itemListElement\":[{\"@type\":\"ListItem\",\"position\":1,\"name\":\"Home\",\"item\":\"https:\\\/\\\/vw-ingredients.com\\\/es\"},{\"@type\":\"ListItem\",\"position\":2,\"name\":\"Edulcorante para alimentos y bebidas\"}]},{\"@type\":\"WebSite\",\"@id\":\"https:\\\/\\\/vw-ingredients.com\\\/es#website\",\"url\":\"https:\\\/\\\/vw-ingredients.com\\\/es\",\"name\":\"Van Wankum Ingredients\",\"description\":\"\",\"potentialAction\":[{\"@type\":\"SearchAction\",\"target\":{\"@type\":\"EntryPoint\",\"urlTemplate\":\"https:\\\/\\\/vw-ingredients.com\\\/es?s={search_term_string}\"},\"query-input\":{\"@type\":\"PropertyValueSpecification\",\"valueRequired\":true,\"valueName\":\"search_term_string\"}}],\"inLanguage\":\"es\"}]}<\/script>\n<!-- \/ Yoast SEO plugin. -->","yoast_head_json":{"title":"Edulcorante para alimentos y bebidas - Van Wankum Ingredients","description":"\u00bfQu\u00e9 son los edulcorantes para alimentos y bebidas? Van Wankum Ingredients no compromete la calidad ni los servicios. \u2713Experiencia profesional \u2713Excelente calidad","robots":{"index":"index","follow":"follow","max-snippet":"max-snippet:-1","max-image-preview":"max-image-preview:large","max-video-preview":"max-video-preview:-1"},"canonical":"https:\/\/vw-ingredients.com\/es\/edulcorante-para-alimentos-y-bebidas","og_locale":"es_ES","og_type":"article","og_title":"Edulcorante para alimentos y bebidas - Van Wankum Ingredients","og_description":"\u00bfQu\u00e9 son los edulcorantes para alimentos y bebidas? Van Wankum Ingredients no compromete la calidad ni los servicios. \u2713Experiencia profesional \u2713Excelente calidad","og_url":"https:\/\/vw-ingredients.com\/es\/edulcorante-para-alimentos-y-bebidas","og_site_name":"Van Wankum Ingredients","article_modified_time":"2025-01-28T13:49:50+00:00","twitter_card":"summary_large_image","twitter_misc":{"Tiempo de lectura":"2 minutos"},"schema":{"@context":"https:\/\/schema.org","@graph":[{"@type":"WebPage","@id":"https:\/\/vw-ingredients.com\/es\/edulcorante-para-alimentos-y-bebidas","url":"https:\/\/vw-ingredients.com\/es\/edulcorante-para-alimentos-y-bebidas","name":"Edulcorante para alimentos y bebidas - Van Wankum Ingredients","isPartOf":{"@id":"https:\/\/vw-ingredients.com\/es#website"},"datePublished":"2021-11-11T16:02:49+00:00","dateModified":"2025-01-28T13:49:50+00:00","description":"\u00bfQu\u00e9 son los edulcorantes para alimentos y bebidas? Van Wankum Ingredients no compromete la calidad ni los servicios. \u2713Experiencia profesional \u2713Excelente calidad","breadcrumb":{"@id":"https:\/\/vw-ingredients.com\/es\/edulcorante-para-alimentos-y-bebidas#breadcrumb"},"inLanguage":"es","potentialAction":[{"@type":"ReadAction","target":["https:\/\/vw-ingredients.com\/es\/edulcorante-para-alimentos-y-bebidas"]}]},{"@type":"BreadcrumbList","@id":"https:\/\/vw-ingredients.com\/es\/edulcorante-para-alimentos-y-bebidas#breadcrumb","itemListElement":[{"@type":"ListItem","position":1,"name":"Home","item":"https:\/\/vw-ingredients.com\/es"},{"@type":"ListItem","position":2,"name":"Edulcorante para alimentos y bebidas"}]},{"@type":"WebSite","@id":"https:\/\/vw-ingredients.com\/es#website","url":"https:\/\/vw-ingredients.com\/es","name":"Van Wankum Ingredients","description":"","potentialAction":[{"@type":"SearchAction","target":{"@type":"EntryPoint","urlTemplate":"https:\/\/vw-ingredients.com\/es?s={search_term_string}"},"query-input":{"@type":"PropertyValueSpecification","valueRequired":true,"valueName":"search_term_string"}}],"inLanguage":"es"}]}},"_links":{"self":[{"href":"https:\/\/vw-ingredients.com\/es\/wp-json\/wp\/v2\/pages\/7449","targetHints":{"allow":["GET"]}}],"collection":[{"href":"https:\/\/vw-ingredients.com\/es\/wp-json\/wp\/v2\/pages"}],"about":[{"href":"https:\/\/vw-ingredients.com\/es\/wp-json\/wp\/v2\/types\/page"}],"author":[{"embeddable":true,"href":"https:\/\/vw-ingredients.com\/es\/wp-json\/wp\/v2\/users\/6"}],"replies":[{"embeddable":true,"href":"https:\/\/vw-ingredients.com\/es\/wp-json\/wp\/v2\/comments?post=7449"}],"version-history":[{"count":1,"href":"https:\/\/vw-ingredients.com\/es\/wp-json\/wp\/v2\/pages\/7449\/revisions"}],"predecessor-version":[{"id":7450,"href":"https:\/\/vw-ingredients.com\/es\/wp-json\/wp\/v2\/pages\/7449\/revisions\/7450"}],"wp:attachment":[{"href":"https:\/\/vw-ingredients.com\/es\/wp-json\/wp\/v2\/media?parent=7449"}],"curies":[{"name":"wp","href":"https:\/\/api.w.org\/{rel}","templated":true}]}}