{"id":7438,"date":"2021-11-11T16:37:28","date_gmt":"2021-11-11T16:37:28","guid":{"rendered":"https:\/\/vw-ingredients.com\/beneficios-de-la-fruta-del-monje"},"modified":"2025-01-28T13:49:20","modified_gmt":"2025-01-28T13:49:20","slug":"beneficios-de-la-fruta-del-monje","status":"publish","type":"page","link":"https:\/\/vw-ingredients.com\/es\/beneficios-de-la-fruta-del-monje","title":{"rendered":"Beneficios de la fruta del monje"},"content":{"rendered":"\t\t<div data-elementor-type=\"wp-page\" data-elementor-id=\"7438\" class=\"elementor elementor-7438\" data-elementor-post-type=\"page\">\n\t\t\t\t\t\t<section class=\"elementor-section elementor-top-section elementor-element elementor-element-ddc7206 elementor-section-boxed elementor-section-height-default elementor-section-height-default\" data-id=\"ddc7206\" data-element_type=\"section\" data-e-type=\"section\" data-settings=\"{&quot;jet_parallax_layout_list&quot;:[]}\">\n\t\t\t\t\t\t<div class=\"elementor-container elementor-column-gap-default\">\n\t\t\t\t\t<div class=\"elementor-column elementor-col-50 elementor-top-column elementor-element elementor-element-a128652\" data-id=\"a128652\" data-element_type=\"column\" data-e-type=\"column\">\n\t\t\t<div class=\"elementor-widget-wrap elementor-element-populated\">\n\t\t\t\t\t\t<div class=\"elementor-element elementor-element-716e5c0 elementor-widget elementor-widget-text-editor\" data-id=\"716e5c0\" data-element_type=\"widget\" data-e-type=\"widget\" data-widget_type=\"text-editor.default\">\n\t\t\t\t<div class=\"elementor-widget-container\">\n\t\t\t\t\t\t\t\t\t<p>Van Wankum Ingredients es un proveedor de ingredientes de servicio completo para muchos clientes diferentes de los sectores de alimentaci\u00f3n y bebidas, cosm\u00e9tica, farmacia y salud. Ofrecemos ingredientes y aditivos de alta calidad. <\/p>\n<\/p>\n<p>Nuestros servicios incluyen muestreo, log\u00edstica rentable, documentos de calidad y consultor\u00eda. Nuestro equipo de expertos comerciales, log\u00edsticos, financieros y tecn\u00f3logos alimentarios comparten m\u00e1s de 30 a\u00f1os de experiencia profesional en todo el mundo y se comprometen a satisfacer las necesidades de los clientes. <\/p>\n<\/p>\n<h2>\u00bfQu\u00e9 es la fruta del monje?<\/h2>\n<p>La Fruta del Monje se cultiva en las remotas monta\u00f1as del sur de China. Este peque\u00f1o mel\u00f3n subtropical tambi\u00e9n se conoce como Luo Han Guo. Seg\u00fan la leyenda, el nombre de Fruta del Monje procede de los monjes budistas que cultivaron la fruta por primera vez, hace casi 800 a\u00f1os. El extracto de esta fruta china es casi 300 veces m\u00e1s dulce que el az\u00facar y puede utilizarse como edulcorante bajo en calor\u00edas.   <\/p>\n<\/p>\n<h2>Beneficios de la fruta monje<\/h2>\n<p>La Fruta Monje es un ingrediente importante de la Medicina Tradicional China y se utiliza para curar enfermedades como la hipertensi\u00f3n arterial, la tuberculosis pulmonar, el asma, la gastritis, la tos ferina, la traque\u00edtis aguda y cr\u00f3nica y la amigdalitis aguda y cr\u00f3nica. La fruta del monje puede utilizarse tanto para productos terap\u00e9uticos como sanitarios. <\/p>\n<\/p>\n<p>Hay muchas razones para elegir la Fruta Monje como edulcorante natural para sustituir al az\u00facar. Enumeramos algunas de sus ventajas: <\/p>\n<\/p>\n<ul>\n<li>La fruta monje es hasta 300 veces m\u00e1s dulce que el az\u00facar<\/li>\n<li>La fruta monje contiene importantes antioxidantes<\/li>\n<li>La fruta monje tiene un \u00edndice gluc\u00e9mico cero<\/li>\n<li>La fruta monje contiene cero calor\u00edas<\/li>\n<li>La fruta monje es un producto natural<\/li>\n<li>La fruta del monje no provoca caries<\/li>\n<li>Los diab\u00e9ticos pueden consumir con seguridad la fruta monje<\/li>\n<li>La fruta del monje puede utilizarse para curar enfermedades como la hipertensi\u00f3n, el asma, la tos ferina y otras<\/li>\n<\/ul>\n<h3>Variedades disponibles en Fruta del monje:<\/h3>\n<ul>\n<li>80% Mogr\u00f3sidos\/ 25% Mogr\u00f3sido V<\/li>\n<li>90% Mogr\u00f3sidos\/30% Mogr\u00f3sido V (Polvo Amarillo)<\/li>\n<li>90% Mogr\u00f3sidos\/30% Mogr\u00f3sido V (Polvo blanco)<\/li>\n<li>40% Mogr\u00f3sido V (Polvo Amarillo)<\/li>\n<li>40% Mogr\u00f3sido V HPLC (Polvo blanco)<\/li>\n<li>50% Mogr\u00f3sido V HPLC<\/li>\n<\/ul>\n<h3>Certificaciones:<\/h3>\n<ul>\n<li>GRAS<\/li>\n<li>Sin OMG<\/li>\n<li>Sin al\u00e9rgenos<\/li>\n<li>Certificado Kosher\/Halal<\/li>\n<\/ul>\n<h3>Aplicaciones de la fruta del monje<\/h3>\n<ul>\n<li>Bebidas y mezclas de bebidas<\/li>\n<li>Bebidas carbonatadas<\/li>\n<li>Bebidas sin gas<\/li>\n<li>Caramelos duros y blandos<\/li>\n<li>Mermeladas y jaleas<\/li>\n<li>Caramelos masticables y pastillas<\/li>\n<li>Productos l\u00e1cteos<\/li>\n<li>Frutas procesadas y zumos de frutas<\/li>\n<li>Verduras procesadas y zumos de verduras<\/li>\n<li>Dulces y glaseados<\/li>\n<li>Productos Nutricionales y Diet\u00e9ticos<\/li>\n<li>Edulcorantes de mesa<\/li>\n<li>Fruta procesada<\/li>\n<li>Chicle<\/li>\n<li>Productos de mezcla seca<\/li>\n<li>Frutas para untar<\/li>\n<li>Postres congelados<\/li>\n<li>Ali\u00f1os para ensaladas<\/li>\n<li>Potenciadores del sabor<\/li>\n<\/ul>\n<h2>Ingredientes Van Wankum<\/h2>\n<p>Van Wankum Ingredients siempre busca oportunidades respetuosas con el medio ambiente y \u00abverdes\u00bb para sus productos y principios. Defendemos las relaciones a largo plazo con nuestros clientes y un servicio de alta calidad.  \u00bfQuieres m\u00e1s informaci\u00f3n sobre los beneficios de la Fruta Monje o solicitar una muestra de Fruta Monje? No dudes en ponerte en contacto con nosotros. <\/p>\n\t\t\t\t\t\t\t\t<\/div>\n\t\t\t\t<\/div>\n\t\t\t\t\t<\/div>\n\t\t<\/div>\n\t\t\t\t<div class=\"elementor-column elementor-col-50 elementor-top-column elementor-element elementor-element-5d724d4\" data-id=\"5d724d4\" data-element_type=\"column\" data-e-type=\"column\">\n\t\t\t<div class=\"elementor-widget-wrap elementor-element-populated\">\n\t\t\t\t\t\t<section class=\"elementor-section elementor-inner-section elementor-element elementor-element-f4364dc elementor-section-height-min-height elementor-section-boxed elementor-section-height-default elementor-invisible\" data-id=\"f4364dc\" data-element_type=\"section\" data-e-type=\"section\" data-settings=\"{&quot;sticky&quot;:&quot;top&quot;,&quot;sticky_on&quot;:[&quot;desktop&quot;],&quot;sticky_parent&quot;:&quot;yes&quot;,&quot;sticky_offset&quot;:125,&quot;animation&quot;:&quot;fadeInRight&quot;,&quot;jet_parallax_layout_list&quot;:[],&quot;sticky_effects_offset&quot;:0,&quot;sticky_anchor_link_offset&quot;:0}\">\n\t\t\t\t\t\t<div class=\"elementor-container elementor-column-gap-default\">\n\t\t\t\t\t<div class=\"elementor-column elementor-col-100 elementor-inner-column elementor-element elementor-element-fdc73ad\" data-id=\"fdc73ad\" data-element_type=\"column\" data-e-type=\"column\" data-settings=\"{&quot;background_background&quot;:&quot;classic&quot;}\">\n\t\t\t<div class=\"elementor-widget-wrap elementor-element-populated\">\n\t\t\t\t\t\t<div class=\"elementor-element elementor-element-200cafd elementor-widget elementor-widget-heading\" data-id=\"200cafd\" data-element_type=\"widget\" data-e-type=\"widget\" data-widget_type=\"heading.default\">\n\t\t\t\t<div class=\"elementor-widget-container\">\n\t\t\t\t\t<h2 class=\"elementor-heading-title elementor-size-default\">Solicitar muestras<\/h2>\t\t\t\t<\/div>\n\t\t\t\t<\/div>\n\t\t\t\t<div class=\"elementor-element elementor-element-7b5f110 elementor-widget elementor-widget-text-editor\" data-id=\"7b5f110\" data-element_type=\"widget\" data-e-type=\"widget\" data-widget_type=\"text-editor.default\">\n\t\t\t\t<div class=\"elementor-widget-container\">\n\t\t\t\t\t\t\t\t\t<p>Ind\u00edcanos qu\u00e9 muestras quieres recibir. Selecciona tus muestras en nuestra lista de productos y haz clic en enviar. <\/p>\n\t\t\t\t\t\t\t\t<\/div>\n\t\t\t\t<\/div>\n\t\t\t\t<div class=\"elementor-element elementor-element-68c8a2e elementor-widget elementor-widget-button\" data-id=\"68c8a2e\" data-element_type=\"widget\" data-e-type=\"widget\" data-widget_type=\"button.default\">\n\t\t\t\t<div class=\"elementor-widget-container\">\n\t\t\t\t\t\t\t\t\t<div class=\"elementor-button-wrapper\">\n\t\t\t\t\t<a class=\"elementor-button elementor-button-link elementor-size-sm\" href=\"\/products\/\">\n\t\t\t\t\t\t<span class=\"elementor-button-content-wrapper\">\n\t\t\t\t\t\t\t\t\t<span class=\"elementor-button-text\">Solicitar muestras<\/span>\n\t\t\t\t\t<\/span>\n\t\t\t\t\t<\/a>\n\t\t\t\t<\/div>\n\t\t\t\t\t\t\t\t<\/div>\n\t\t\t\t<\/div>\n\t\t\t\t\t<\/div>\n\t\t<\/div>\n\t\t\t\t\t<\/div>\n\t\t<\/section>\n\t\t\t\t\t<\/div>\n\t\t<\/div>\n\t\t\t\t\t<\/div>\n\t\t<\/section>\n\t\t\t\t<\/div>\n\t\t","protected":false},"excerpt":{"rendered":"<p>Van Wankum Ingredients es un proveedor de ingredientes de servicio completo para muchos clientes diferentes de los sectores de alimentaci\u00f3n y bebidas, cosm\u00e9tica, farmacia y salud. Ofrecemos ingredientes y aditivos de alta calidad. Nuestros servicios incluyen muestreo, log\u00edstica rentable, documentos de calidad y consultor\u00eda. Nuestro equipo de expertos comerciales, log\u00edsticos, financieros y tecn\u00f3logos alimentarios comparten [&hellip;]<\/p>\n","protected":false},"author":6,"featured_media":0,"parent":0,"menu_order":0,"comment_status":"closed","ping_status":"closed","template":"elementor_header_footer","meta":{"_acf_changed":false,"footnotes":""},"class_list":["post-7438","page","type-page","status-publish","hentry"],"acf":[],"yoast_head":"<!-- This site is optimized with the Yoast SEO plugin v27.3 - https:\/\/yoast.com\/product\/yoast-seo-wordpress\/ -->\n<title>Beneficios de la fruta del monje - Van Wankum Ingredients<\/title>\n<meta name=\"description\" content=\"\u00bfCu\u00e1les son los beneficios de la Fruta Monje? Van Wankum Ingredients no compromete la calidad ni los servicios. \u2713Equipo de profesionales \u2713Excelente calidad\" \/>\n<meta name=\"robots\" content=\"index, follow, max-snippet:-1, max-image-preview:large, max-video-preview:-1\" \/>\n<link rel=\"canonical\" href=\"https:\/\/vw-ingredients.com\/es\/beneficios-de-la-fruta-del-monje\" \/>\n<meta property=\"og:locale\" content=\"es_ES\" \/>\n<meta property=\"og:type\" content=\"article\" \/>\n<meta property=\"og:title\" content=\"Beneficios de la fruta del monje - Van Wankum Ingredients\" \/>\n<meta property=\"og:description\" content=\"\u00bfCu\u00e1les son los beneficios de la Fruta Monje? Van Wankum Ingredients no compromete la calidad ni los servicios. \u2713Equipo de profesionales \u2713Excelente calidad\" \/>\n<meta property=\"og:url\" content=\"https:\/\/vw-ingredients.com\/es\/beneficios-de-la-fruta-del-monje\" \/>\n<meta property=\"og:site_name\" content=\"Van Wankum Ingredients\" \/>\n<meta property=\"article:modified_time\" content=\"2025-01-28T13:49:20+00:00\" \/>\n<meta name=\"twitter:card\" content=\"summary_large_image\" \/>\n<meta name=\"twitter:label1\" content=\"Tiempo de lectura\" \/>\n\t<meta name=\"twitter:data1\" content=\"3 minutos\" \/>\n<script type=\"application\/ld+json\" class=\"yoast-schema-graph\">{\"@context\":\"https:\\\/\\\/schema.org\",\"@graph\":[{\"@type\":\"WebPage\",\"@id\":\"https:\\\/\\\/vw-ingredients.com\\\/es\\\/beneficios-de-la-fruta-del-monje\",\"url\":\"https:\\\/\\\/vw-ingredients.com\\\/es\\\/beneficios-de-la-fruta-del-monje\",\"name\":\"Beneficios de la fruta del monje - Van Wankum Ingredients\",\"isPartOf\":{\"@id\":\"https:\\\/\\\/vw-ingredients.com\\\/es#website\"},\"datePublished\":\"2021-11-11T16:37:28+00:00\",\"dateModified\":\"2025-01-28T13:49:20+00:00\",\"description\":\"\u00bfCu\u00e1les son los beneficios de la Fruta Monje? Van Wankum Ingredients no compromete la calidad ni los servicios. \u2713Equipo de profesionales \u2713Excelente calidad\",\"breadcrumb\":{\"@id\":\"https:\\\/\\\/vw-ingredients.com\\\/es\\\/beneficios-de-la-fruta-del-monje#breadcrumb\"},\"inLanguage\":\"es\",\"potentialAction\":[{\"@type\":\"ReadAction\",\"target\":[\"https:\\\/\\\/vw-ingredients.com\\\/es\\\/beneficios-de-la-fruta-del-monje\"]}]},{\"@type\":\"BreadcrumbList\",\"@id\":\"https:\\\/\\\/vw-ingredients.com\\\/es\\\/beneficios-de-la-fruta-del-monje#breadcrumb\",\"itemListElement\":[{\"@type\":\"ListItem\",\"position\":1,\"name\":\"Home\",\"item\":\"https:\\\/\\\/vw-ingredients.com\\\/es\"},{\"@type\":\"ListItem\",\"position\":2,\"name\":\"Beneficios de la fruta del monje\"}]},{\"@type\":\"WebSite\",\"@id\":\"https:\\\/\\\/vw-ingredients.com\\\/es#website\",\"url\":\"https:\\\/\\\/vw-ingredients.com\\\/es\",\"name\":\"Van Wankum Ingredients\",\"description\":\"\",\"potentialAction\":[{\"@type\":\"SearchAction\",\"target\":{\"@type\":\"EntryPoint\",\"urlTemplate\":\"https:\\\/\\\/vw-ingredients.com\\\/es?s={search_term_string}\"},\"query-input\":{\"@type\":\"PropertyValueSpecification\",\"valueRequired\":true,\"valueName\":\"search_term_string\"}}],\"inLanguage\":\"es\"}]}<\/script>\n<!-- \/ Yoast SEO plugin. -->","yoast_head_json":{"title":"Beneficios de la fruta del monje - Van Wankum Ingredients","description":"\u00bfCu\u00e1les son los beneficios de la Fruta Monje? Van Wankum Ingredients no compromete la calidad ni los servicios. \u2713Equipo de profesionales \u2713Excelente calidad","robots":{"index":"index","follow":"follow","max-snippet":"max-snippet:-1","max-image-preview":"max-image-preview:large","max-video-preview":"max-video-preview:-1"},"canonical":"https:\/\/vw-ingredients.com\/es\/beneficios-de-la-fruta-del-monje","og_locale":"es_ES","og_type":"article","og_title":"Beneficios de la fruta del monje - Van Wankum Ingredients","og_description":"\u00bfCu\u00e1les son los beneficios de la Fruta Monje? Van Wankum Ingredients no compromete la calidad ni los servicios. \u2713Equipo de profesionales \u2713Excelente calidad","og_url":"https:\/\/vw-ingredients.com\/es\/beneficios-de-la-fruta-del-monje","og_site_name":"Van Wankum Ingredients","article_modified_time":"2025-01-28T13:49:20+00:00","twitter_card":"summary_large_image","twitter_misc":{"Tiempo de lectura":"3 minutos"},"schema":{"@context":"https:\/\/schema.org","@graph":[{"@type":"WebPage","@id":"https:\/\/vw-ingredients.com\/es\/beneficios-de-la-fruta-del-monje","url":"https:\/\/vw-ingredients.com\/es\/beneficios-de-la-fruta-del-monje","name":"Beneficios de la fruta del monje - Van Wankum Ingredients","isPartOf":{"@id":"https:\/\/vw-ingredients.com\/es#website"},"datePublished":"2021-11-11T16:37:28+00:00","dateModified":"2025-01-28T13:49:20+00:00","description":"\u00bfCu\u00e1les son los beneficios de la Fruta Monje? Van Wankum Ingredients no compromete la calidad ni los servicios. \u2713Equipo de profesionales \u2713Excelente calidad","breadcrumb":{"@id":"https:\/\/vw-ingredients.com\/es\/beneficios-de-la-fruta-del-monje#breadcrumb"},"inLanguage":"es","potentialAction":[{"@type":"ReadAction","target":["https:\/\/vw-ingredients.com\/es\/beneficios-de-la-fruta-del-monje"]}]},{"@type":"BreadcrumbList","@id":"https:\/\/vw-ingredients.com\/es\/beneficios-de-la-fruta-del-monje#breadcrumb","itemListElement":[{"@type":"ListItem","position":1,"name":"Home","item":"https:\/\/vw-ingredients.com\/es"},{"@type":"ListItem","position":2,"name":"Beneficios de la fruta del monje"}]},{"@type":"WebSite","@id":"https:\/\/vw-ingredients.com\/es#website","url":"https:\/\/vw-ingredients.com\/es","name":"Van Wankum Ingredients","description":"","potentialAction":[{"@type":"SearchAction","target":{"@type":"EntryPoint","urlTemplate":"https:\/\/vw-ingredients.com\/es?s={search_term_string}"},"query-input":{"@type":"PropertyValueSpecification","valueRequired":true,"valueName":"search_term_string"}}],"inLanguage":"es"}]}},"_links":{"self":[{"href":"https:\/\/vw-ingredients.com\/es\/wp-json\/wp\/v2\/pages\/7438","targetHints":{"allow":["GET"]}}],"collection":[{"href":"https:\/\/vw-ingredients.com\/es\/wp-json\/wp\/v2\/pages"}],"about":[{"href":"https:\/\/vw-ingredients.com\/es\/wp-json\/wp\/v2\/types\/page"}],"author":[{"embeddable":true,"href":"https:\/\/vw-ingredients.com\/es\/wp-json\/wp\/v2\/users\/6"}],"replies":[{"embeddable":true,"href":"https:\/\/vw-ingredients.com\/es\/wp-json\/wp\/v2\/comments?post=7438"}],"version-history":[{"count":1,"href":"https:\/\/vw-ingredients.com\/es\/wp-json\/wp\/v2\/pages\/7438\/revisions"}],"predecessor-version":[{"id":7440,"href":"https:\/\/vw-ingredients.com\/es\/wp-json\/wp\/v2\/pages\/7438\/revisions\/7440"}],"wp:attachment":[{"href":"https:\/\/vw-ingredients.com\/es\/wp-json\/wp\/v2\/media?parent=7438"}],"curies":[{"name":"wp","href":"https:\/\/api.w.org\/{rel}","templated":true}]}}