{"id":7435,"date":"2021-11-11T16:34:50","date_gmt":"2021-11-11T16:34:50","guid":{"rendered":"https:\/\/vw-ingredients.com\/proveedores-de-mesalazina"},"modified":"2025-01-28T13:49:20","modified_gmt":"2025-01-28T13:49:20","slug":"proveedores-de-mesalazina","status":"publish","type":"page","link":"https:\/\/vw-ingredients.com\/es\/proveedores-de-mesalazina","title":{"rendered":"Proveedores de mesalazina"},"content":{"rendered":"\t\t<div data-elementor-type=\"wp-page\" data-elementor-id=\"7435\" class=\"elementor elementor-7435\" data-elementor-post-type=\"page\">\n\t\t\t\t\t\t<section class=\"elementor-section elementor-top-section elementor-element elementor-element-ddc7206 elementor-section-boxed elementor-section-height-default elementor-section-height-default\" data-id=\"ddc7206\" data-element_type=\"section\" data-e-type=\"section\" data-settings=\"{&quot;jet_parallax_layout_list&quot;:[]}\">\n\t\t\t\t\t\t<div class=\"elementor-container elementor-column-gap-default\">\n\t\t\t\t\t<div class=\"elementor-column elementor-col-50 elementor-top-column elementor-element elementor-element-a128652\" data-id=\"a128652\" data-element_type=\"column\" data-e-type=\"column\">\n\t\t\t<div class=\"elementor-widget-wrap elementor-element-populated\">\n\t\t\t\t\t\t<div class=\"elementor-element elementor-element-716e5c0 elementor-widget elementor-widget-text-editor\" data-id=\"716e5c0\" data-element_type=\"widget\" data-e-type=\"widget\" data-widget_type=\"text-editor.default\">\n\t\t\t\t<div class=\"elementor-widget-container\">\n\t\t\t\t\t\t\t\t\t<p>Van Wankum Ingredients es un proveedor de ingredientes de servicio completo para muchos clientes de los sectores de alimentaci\u00f3n y bebidas, cosm\u00e9tica, farmacia y salud. Ofrecemos ingredientes y aditivos de alta calidad. Nuestros servicios incluyen muestreo, log\u00edstica rentable, documentos de calidad y asesoramiento. Nuestro equipo de expertos comerciales, log\u00edsticos, financieros y tecn\u00f3logos alimentarios comparten m\u00e1s de 30 a\u00f1os de experiencia profesional en todo el mundo y se comprometen a satisfacer las necesidades de los clientes.  <\/p>\n<\/p>\n<h4><strong>\u00bfQu\u00e9 es la <\/strong><strong>Mesalazina<\/strong><strong>?<\/strong><\/h4>\n<p>La mesalazina, tambi\u00e9n conocida como mesalamina o \u00e1cido 5-aminosalic\u00edlico (5-ASA), es un f\u00e1rmaco antiinflamatorio aminosalicilato utilizado para tratar la enfermedad inflamatoria intestinal, incluida la colitis ulcerosa, o la inflamaci\u00f3n del ano o el recto, y para mantener la remisi\u00f3n en la enfermedad de Crohn. Se vende en forma oral para mantener la remisi\u00f3n en la enfermedad de Crohn, y como supositorio rectal y enema para las afecciones del intestino inferior. Es gen\u00e9rico y se vende con muchas marcas en todo el mundo, y existen muchas formulaciones.  <\/p>\n<\/p>\n<p>La mesalazina es la fracci\u00f3n activa de la sulfasalazina, que se metaboliza en sulfapiridina y mesalazina. Tambi\u00e9n es el componente activo del prof\u00e1rmaco balsalazida, junto con la mol\u00e9cula portadora inerte 4-aminobenzoil-beta-alanina. <\/p>\n<h4> <\/h4>\n<h4><strong>Beneficios de la <\/strong><strong>Mesalazina<\/strong><\/h4>\n<ul>\n<li>Utilizado en el Tratamiento de la enfermedad inflamatoria intestinal<\/li>\n<li>La mesalazina act\u00faa en los intestinos. Inhibe la inflamaci\u00f3n de la pared intestinal. <\/li>\n<li>Se utiliza en el tratamiento de la colitis ulcerosa intestinal cr\u00f3nica.<\/li>\n<li>Se utiliza en el tratamiento de la enfermedad de Crohn.<\/li>\n<\/ul>\n<h4><strong>Mesalazina<\/strong><strong> Proveedores<\/strong><\/h4>\n<p>Clientes de todo el mundo utilizan nuestros servicios como Proveedores de Mesalazina. Trabajamos con una gesti\u00f3n de la cadena de alto funcionamiento y s\u00f3lo colaboramos con Proveedores de Mesalazina de primera categor\u00eda en todo el mundo. Con m\u00e1s de 30 a\u00f1os de experiencia y una red mundial, podemos ofrecer a nuestros clientes los mejores proveedores de Mesalazina.  <\/p>\n<\/p>\n<h3><strong>Te lo garantizamos:<\/strong><\/h3>\n<ul>\n<li>M\u00e1s de 20 a\u00f1os de experiencia en abastecimiento en China e India<\/li>\n<li>Salas de entrega y almacenamiento acondicionadas<\/li>\n<li>Garant\u00eda de calidad conforme a la normativa industrial<\/li>\n<li>Acciones estrat\u00e9gicamente situadas en toda Europa<\/li>\n<li>Entrega en 24 horas desde nuestros almacenes a nuestros clientes dentro de la Uni\u00f3n Europea<\/li>\n<\/ul>\n<p>Gracias a la estrecha colaboraci\u00f3n con nuestro socio de la cadena de suministro, podemos abordar b\u00e1sicamente cualquier problema, oportunidad o reto de la cadena de suministro.<\/p>\n<\/p>\n<h4><strong>La mesalazina est\u00e1 disponible en diferentes grados<\/strong><strong>:<\/strong><\/h4>\n<ul>\n<li>  Micronizado<\/li>\n<li>  Polvo<\/li>\n<\/ul>\n<h4><strong>Aplicaciones de la mesalazina:<\/strong><\/h4>\n<ul>\n<li>Productos farmac\u00e9uticos<\/li>\n<\/ul>\n<h4><strong>Certificaciones y normas:<\/strong><\/h4>\n<ul>\n<li>CEP<\/li>\n<li>cGmp<\/li>\n<li>Farmacopea europea<\/li>\n<li>USP<\/li>\n<\/ul>\n<p>Van Wankum Ingredients siempre busca oportunidades respetuosas con el medio ambiente y \u00abverdes\u00bb para sus productos y principios. Defendemos las relaciones a largo plazo con nuestros clientes y un servicio de alta calidad.  \u00bfDeseas m\u00e1s informaci\u00f3n sobre nuestros servicios como proveedores de Mesalazina o quieres solicitar una muestra de Mesalazina? No dudes en ponerte en Contacto con nosotros. <\/p>\n\t\t\t\t\t\t\t\t<\/div>\n\t\t\t\t<\/div>\n\t\t\t\t\t<\/div>\n\t\t<\/div>\n\t\t\t\t<div class=\"elementor-column elementor-col-50 elementor-top-column elementor-element elementor-element-5d724d4\" data-id=\"5d724d4\" data-element_type=\"column\" data-e-type=\"column\">\n\t\t\t<div class=\"elementor-widget-wrap elementor-element-populated\">\n\t\t\t\t\t\t<section class=\"elementor-section elementor-inner-section elementor-element elementor-element-f4364dc elementor-section-height-min-height elementor-section-boxed elementor-section-height-default elementor-invisible\" data-id=\"f4364dc\" data-element_type=\"section\" data-e-type=\"section\" data-settings=\"{&quot;sticky&quot;:&quot;top&quot;,&quot;sticky_on&quot;:[&quot;desktop&quot;],&quot;sticky_parent&quot;:&quot;yes&quot;,&quot;sticky_offset&quot;:125,&quot;animation&quot;:&quot;fadeInRight&quot;,&quot;jet_parallax_layout_list&quot;:[],&quot;sticky_effects_offset&quot;:0,&quot;sticky_anchor_link_offset&quot;:0}\">\n\t\t\t\t\t\t<div class=\"elementor-container elementor-column-gap-default\">\n\t\t\t\t\t<div class=\"elementor-column elementor-col-100 elementor-inner-column elementor-element elementor-element-fdc73ad\" data-id=\"fdc73ad\" data-element_type=\"column\" data-e-type=\"column\" data-settings=\"{&quot;background_background&quot;:&quot;classic&quot;}\">\n\t\t\t<div class=\"elementor-widget-wrap elementor-element-populated\">\n\t\t\t\t\t\t<div class=\"elementor-element elementor-element-200cafd elementor-widget elementor-widget-heading\" data-id=\"200cafd\" data-element_type=\"widget\" data-e-type=\"widget\" data-widget_type=\"heading.default\">\n\t\t\t\t<div class=\"elementor-widget-container\">\n\t\t\t\t\t<h2 class=\"elementor-heading-title elementor-size-default\">Solicitar muestras<\/h2>\t\t\t\t<\/div>\n\t\t\t\t<\/div>\n\t\t\t\t<div class=\"elementor-element elementor-element-7b5f110 elementor-widget elementor-widget-text-editor\" data-id=\"7b5f110\" data-element_type=\"widget\" data-e-type=\"widget\" data-widget_type=\"text-editor.default\">\n\t\t\t\t<div class=\"elementor-widget-container\">\n\t\t\t\t\t\t\t\t\t<p>Ind\u00edcanos qu\u00e9 muestras quieres recibir. Selecciona tus muestras en nuestra lista de productos y haz clic en enviar. <\/p>\n\t\t\t\t\t\t\t\t<\/div>\n\t\t\t\t<\/div>\n\t\t\t\t<div class=\"elementor-element elementor-element-68c8a2e elementor-widget elementor-widget-button\" data-id=\"68c8a2e\" data-element_type=\"widget\" data-e-type=\"widget\" data-widget_type=\"button.default\">\n\t\t\t\t<div class=\"elementor-widget-container\">\n\t\t\t\t\t\t\t\t\t<div class=\"elementor-button-wrapper\">\n\t\t\t\t\t<a class=\"elementor-button elementor-button-link elementor-size-sm\" href=\"\/products\/\">\n\t\t\t\t\t\t<span class=\"elementor-button-content-wrapper\">\n\t\t\t\t\t\t\t\t\t<span class=\"elementor-button-text\">Solicitar muestras<\/span>\n\t\t\t\t\t<\/span>\n\t\t\t\t\t<\/a>\n\t\t\t\t<\/div>\n\t\t\t\t\t\t\t\t<\/div>\n\t\t\t\t<\/div>\n\t\t\t\t\t<\/div>\n\t\t<\/div>\n\t\t\t\t\t<\/div>\n\t\t<\/section>\n\t\t\t\t\t<\/div>\n\t\t<\/div>\n\t\t\t\t\t<\/div>\n\t\t<\/section>\n\t\t\t\t<\/div>\n\t\t","protected":false},"excerpt":{"rendered":"<p>Van Wankum Ingredients es un proveedor de ingredientes de servicio completo para muchos clientes de los sectores de alimentaci\u00f3n y bebidas, cosm\u00e9tica, farmacia y salud. Ofrecemos ingredientes y aditivos de alta calidad. Nuestros servicios incluyen muestreo, log\u00edstica rentable, documentos de calidad y asesoramiento. Nuestro equipo de expertos comerciales, log\u00edsticos, financieros y tecn\u00f3logos alimentarios comparten m\u00e1s [&hellip;]<\/p>\n","protected":false},"author":6,"featured_media":0,"parent":0,"menu_order":0,"comment_status":"closed","ping_status":"closed","template":"elementor_header_footer","meta":{"_acf_changed":false,"footnotes":""},"class_list":["post-7435","page","type-page","status-publish","hentry"],"acf":[],"yoast_head":"<!-- This site is optimized with the Yoast SEO plugin v27.3 - https:\/\/yoast.com\/product\/yoast-seo-wordpress\/ -->\n<title>Van Wankum: Proveedores de Mesalazina de Confianza, Ingredientes de Calidad<\/title>\n<meta name=\"description\" content=\"El mejor proveedor de Mesalazina: Van Wankum Ingredients. Servicio completo para Alimentaci\u00f3n, Cosm\u00e9tica, Farmacia y Salud. Muestreo, log\u00edstica eficaz.\" \/>\n<meta name=\"robots\" content=\"index, follow, max-snippet:-1, max-image-preview:large, max-video-preview:-1\" \/>\n<link rel=\"canonical\" href=\"https:\/\/vw-ingredients.com\/es\/proveedores-de-mesalazina\" \/>\n<meta property=\"og:locale\" content=\"es_ES\" \/>\n<meta property=\"og:type\" content=\"article\" \/>\n<meta property=\"og:title\" content=\"Van Wankum: Proveedores de Mesalazina de Confianza, Ingredientes de Calidad\" \/>\n<meta property=\"og:description\" content=\"El mejor proveedor de Mesalazina: Van Wankum Ingredients. Servicio completo para Alimentaci\u00f3n, Cosm\u00e9tica, Farmacia y Salud. Muestreo, log\u00edstica eficaz.\" \/>\n<meta property=\"og:url\" content=\"https:\/\/vw-ingredients.com\/es\/proveedores-de-mesalazina\" \/>\n<meta property=\"og:site_name\" content=\"Van Wankum Ingredients\" \/>\n<meta property=\"article:modified_time\" content=\"2025-01-28T13:49:20+00:00\" \/>\n<meta name=\"twitter:card\" content=\"summary_large_image\" \/>\n<meta name=\"twitter:label1\" content=\"Tiempo de lectura\" \/>\n\t<meta name=\"twitter:data1\" content=\"3 minutos\" \/>\n<script type=\"application\/ld+json\" class=\"yoast-schema-graph\">{\"@context\":\"https:\\\/\\\/schema.org\",\"@graph\":[{\"@type\":\"WebPage\",\"@id\":\"https:\\\/\\\/vw-ingredients.com\\\/es\\\/proveedores-de-mesalazina\",\"url\":\"https:\\\/\\\/vw-ingredients.com\\\/es\\\/proveedores-de-mesalazina\",\"name\":\"Van Wankum: Proveedores de Mesalazina de Confianza, Ingredientes de Calidad\",\"isPartOf\":{\"@id\":\"https:\\\/\\\/vw-ingredients.com\\\/es#website\"},\"datePublished\":\"2021-11-11T16:34:50+00:00\",\"dateModified\":\"2025-01-28T13:49:20+00:00\",\"description\":\"El mejor proveedor de Mesalazina: Van Wankum Ingredients. Servicio completo para Alimentaci\u00f3n, Cosm\u00e9tica, Farmacia y Salud. Muestreo, log\u00edstica eficaz.\",\"breadcrumb\":{\"@id\":\"https:\\\/\\\/vw-ingredients.com\\\/es\\\/proveedores-de-mesalazina#breadcrumb\"},\"inLanguage\":\"es\",\"potentialAction\":[{\"@type\":\"ReadAction\",\"target\":[\"https:\\\/\\\/vw-ingredients.com\\\/es\\\/proveedores-de-mesalazina\"]}]},{\"@type\":\"BreadcrumbList\",\"@id\":\"https:\\\/\\\/vw-ingredients.com\\\/es\\\/proveedores-de-mesalazina#breadcrumb\",\"itemListElement\":[{\"@type\":\"ListItem\",\"position\":1,\"name\":\"Home\",\"item\":\"https:\\\/\\\/vw-ingredients.com\\\/es\"},{\"@type\":\"ListItem\",\"position\":2,\"name\":\"Proveedores de mesalazina\"}]},{\"@type\":\"WebSite\",\"@id\":\"https:\\\/\\\/vw-ingredients.com\\\/es#website\",\"url\":\"https:\\\/\\\/vw-ingredients.com\\\/es\",\"name\":\"Van Wankum Ingredients\",\"description\":\"\",\"potentialAction\":[{\"@type\":\"SearchAction\",\"target\":{\"@type\":\"EntryPoint\",\"urlTemplate\":\"https:\\\/\\\/vw-ingredients.com\\\/es?s={search_term_string}\"},\"query-input\":{\"@type\":\"PropertyValueSpecification\",\"valueRequired\":true,\"valueName\":\"search_term_string\"}}],\"inLanguage\":\"es\"}]}<\/script>\n<!-- \/ Yoast SEO plugin. -->","yoast_head_json":{"title":"Van Wankum: Proveedores de Mesalazina de Confianza, Ingredientes de Calidad","description":"El mejor proveedor de Mesalazina: Van Wankum Ingredients. Servicio completo para Alimentaci\u00f3n, Cosm\u00e9tica, Farmacia y Salud. Muestreo, log\u00edstica eficaz.","robots":{"index":"index","follow":"follow","max-snippet":"max-snippet:-1","max-image-preview":"max-image-preview:large","max-video-preview":"max-video-preview:-1"},"canonical":"https:\/\/vw-ingredients.com\/es\/proveedores-de-mesalazina","og_locale":"es_ES","og_type":"article","og_title":"Van Wankum: Proveedores de Mesalazina de Confianza, Ingredientes de Calidad","og_description":"El mejor proveedor de Mesalazina: Van Wankum Ingredients. Servicio completo para Alimentaci\u00f3n, Cosm\u00e9tica, Farmacia y Salud. Muestreo, log\u00edstica eficaz.","og_url":"https:\/\/vw-ingredients.com\/es\/proveedores-de-mesalazina","og_site_name":"Van Wankum Ingredients","article_modified_time":"2025-01-28T13:49:20+00:00","twitter_card":"summary_large_image","twitter_misc":{"Tiempo de lectura":"3 minutos"},"schema":{"@context":"https:\/\/schema.org","@graph":[{"@type":"WebPage","@id":"https:\/\/vw-ingredients.com\/es\/proveedores-de-mesalazina","url":"https:\/\/vw-ingredients.com\/es\/proveedores-de-mesalazina","name":"Van Wankum: Proveedores de Mesalazina de Confianza, Ingredientes de Calidad","isPartOf":{"@id":"https:\/\/vw-ingredients.com\/es#website"},"datePublished":"2021-11-11T16:34:50+00:00","dateModified":"2025-01-28T13:49:20+00:00","description":"El mejor proveedor de Mesalazina: Van Wankum Ingredients. Servicio completo para Alimentaci\u00f3n, Cosm\u00e9tica, Farmacia y Salud. Muestreo, log\u00edstica eficaz.","breadcrumb":{"@id":"https:\/\/vw-ingredients.com\/es\/proveedores-de-mesalazina#breadcrumb"},"inLanguage":"es","potentialAction":[{"@type":"ReadAction","target":["https:\/\/vw-ingredients.com\/es\/proveedores-de-mesalazina"]}]},{"@type":"BreadcrumbList","@id":"https:\/\/vw-ingredients.com\/es\/proveedores-de-mesalazina#breadcrumb","itemListElement":[{"@type":"ListItem","position":1,"name":"Home","item":"https:\/\/vw-ingredients.com\/es"},{"@type":"ListItem","position":2,"name":"Proveedores de mesalazina"}]},{"@type":"WebSite","@id":"https:\/\/vw-ingredients.com\/es#website","url":"https:\/\/vw-ingredients.com\/es","name":"Van Wankum Ingredients","description":"","potentialAction":[{"@type":"SearchAction","target":{"@type":"EntryPoint","urlTemplate":"https:\/\/vw-ingredients.com\/es?s={search_term_string}"},"query-input":{"@type":"PropertyValueSpecification","valueRequired":true,"valueName":"search_term_string"}}],"inLanguage":"es"}]}},"_links":{"self":[{"href":"https:\/\/vw-ingredients.com\/es\/wp-json\/wp\/v2\/pages\/7435","targetHints":{"allow":["GET"]}}],"collection":[{"href":"https:\/\/vw-ingredients.com\/es\/wp-json\/wp\/v2\/pages"}],"about":[{"href":"https:\/\/vw-ingredients.com\/es\/wp-json\/wp\/v2\/types\/page"}],"author":[{"embeddable":true,"href":"https:\/\/vw-ingredients.com\/es\/wp-json\/wp\/v2\/users\/6"}],"replies":[{"embeddable":true,"href":"https:\/\/vw-ingredients.com\/es\/wp-json\/wp\/v2\/comments?post=7435"}],"version-history":[{"count":1,"href":"https:\/\/vw-ingredients.com\/es\/wp-json\/wp\/v2\/pages\/7435\/revisions"}],"predecessor-version":[{"id":7436,"href":"https:\/\/vw-ingredients.com\/es\/wp-json\/wp\/v2\/pages\/7435\/revisions\/7436"}],"wp:attachment":[{"href":"https:\/\/vw-ingredients.com\/es\/wp-json\/wp\/v2\/media?parent=7435"}],"curies":[{"name":"wp","href":"https:\/\/api.w.org\/{rel}","templated":true}]}}