{"id":7429,"date":"2021-11-11T16:07:59","date_gmt":"2021-11-11T16:07:59","guid":{"rendered":"https:\/\/vw-ingredients.com\/edulcorante-para-la-salud-y-la-nutricion-deportiva"},"modified":"2025-01-28T13:49:21","modified_gmt":"2025-01-28T13:49:21","slug":"edulcorante-para-la-salud-y-la-nutricion-deportiva","status":"publish","type":"page","link":"https:\/\/vw-ingredients.com\/es\/edulcorante-para-la-salud-y-la-nutricion-deportiva","title":{"rendered":"Edulcorante para la salud y la nutrici\u00f3n deportiva"},"content":{"rendered":"\t\t<div data-elementor-type=\"wp-page\" data-elementor-id=\"7429\" class=\"elementor elementor-7429\" data-elementor-post-type=\"page\">\n\t\t\t\t\t\t<section class=\"elementor-section elementor-top-section elementor-element elementor-element-ddc7206 elementor-section-boxed elementor-section-height-default elementor-section-height-default\" data-id=\"ddc7206\" data-element_type=\"section\" data-e-type=\"section\" data-settings=\"{&quot;jet_parallax_layout_list&quot;:[]}\">\n\t\t\t\t\t\t<div class=\"elementor-container elementor-column-gap-default\">\n\t\t\t\t\t<div class=\"elementor-column elementor-col-50 elementor-top-column elementor-element elementor-element-a128652\" data-id=\"a128652\" data-element_type=\"column\" data-e-type=\"column\">\n\t\t\t<div class=\"elementor-widget-wrap elementor-element-populated\">\n\t\t\t\t\t\t<div class=\"elementor-element elementor-element-716e5c0 elementor-widget elementor-widget-text-editor\" data-id=\"716e5c0\" data-element_type=\"widget\" data-e-type=\"widget\" data-widget_type=\"text-editor.default\">\n\t\t\t\t<div class=\"elementor-widget-container\">\n\t\t\t\t\t\t\t\t\t<p>Van Wankum Ingredients es un proveedor de ingredientes de servicio completo para muchos clientes diferentes de los sectores de alimentaci\u00f3n y bebidas, cosm\u00e9tica, farmacia y salud. Ofrecemos ingredientes y aditivos de alta calidad. <\/p>\n<p>Nuestros servicios incluyen muestreo, log\u00edstica rentable, documentos de calidad y consultor\u00eda. Nuestro equipo de expertos comerciales, log\u00edsticos, financieros y tecn\u00f3logos alimentarios comparten m\u00e1s de 30 a\u00f1os de experiencia profesional en todo el mundo y se comprometen a satisfacer las necesidades de los clientes. <\/p>\n<\/p>\n<h2>\u00bfQu\u00e9 son los edulcorantes?<\/h2>\n<p>Los edulcorantes son aditivos alimentarios que se utilizan para sustituir al az\u00facar. El az\u00facar o los edulcorantes se a\u00f1aden a los alimentos para darles un sabor m\u00e1s dulce. Algunos edulcorantes proceden de la naturaleza, como la estevia, mientras que otros se fabrican sint\u00e9ticamente. Se pueden utilizar como nutrici\u00f3n para la salud y el deporte, en alimentos y bebidas, y como edulcorantes farmac\u00e9uticos.   <\/p>\n<\/p>\n<h2>Edulcorantes nutritivos y no nutritivos<\/h2>\n<p>Hay dos tipos de edulcorantes: nutritivos y no nutritivos. El cuerpo humano es capaz de digerir, hasta cierto punto, los edulcorantes nutritivos. Esto confiere al edulcorante valor energ\u00e9tico alimentario. Luego est\u00e1n los edulcorantes que el cuerpo no digiere, los edulcorantes no nutritivos. Los edulcorantes no nutritivos no tienen valor energ\u00e9tico alimentario. Muchos edulcorantes contienen pocas o ninguna calor\u00eda y no se metabolizan, lo que los hace aptos para el consumo tanto de diab\u00e9ticos como de no diab\u00e9ticos y para la salud y la nutrici\u00f3n deportiva.     <\/p>\n<\/p>\n<h2>Edulcorantes para la salud y la nutrici\u00f3n deportiva<\/h2>\n<p>Van Wankum Ingredients tiene una gama completa de edulcorantes y los \u00faltimos ingredientes nutrac\u00e9uticos para nutrici\u00f3n deportiva y de salud, p\u00e9rdida de peso y suplementos diet\u00e9ticos.<\/p>\n<\/p>\n<p>Visita las respectivas p\u00e1ginas de edulcorantes que ofrecemos para ver c\u00f3mo se aplican los distintos edulcorantes a determinados alimentos.<\/p>\n<ul>\n<li><a href=\"https:\/\/vw-ingredients.com\/product\/stevia\">Stevia<\/a><\/li>\n<li><a href=\"https:\/\/vw-ingredients.com\/product\/stevia\">Stevia l\u00edquida<\/a><\/li>\n<li><a href=\"https:\/\/vw-ingredients.com\/product\/sucralose\">Sucralosa<\/a><\/li>\n<li><a href=\"https:\/\/vw-ingredients.com\/product\/monk-fruit-extract\">Fruta monje<\/a><\/li>\n<li><a href=\"https:\/\/vw-ingredients.com\/product\/luo-han-guo\">Luo Han Guo<\/a><\/li>\n<li><a href=\"https:\/\/vw-ingredients.com\/product\/polydextrose\">Polidextrosa<\/a><\/li>\n<li><a href=\"https:\/\/vw-ingredients.com\/product\/erythritol\">Eritritol<\/a><\/li>\n<li><a href=\"https:\/\/vw-ingredients.com\/product\/trehalose\">Trehalosa<\/a><\/li>\n<\/ul>\n<h2>Ingredientes Van Wankum<\/h2>\n<p>Van Wankum Ingredients siempre busca oportunidades respetuosas con el medio ambiente y \u00abverdes\u00bb para sus productos y principios. Defendemos las relaciones a largo plazo con nuestros clientes y un servicio de alta calidad.  No dudes en solicitar una muestra o ponerte en contacto directamente con nosotros si tienes preguntas o peticiones sobre nuestros edulcorantes para la salud y la nutrici\u00f3n deportiva.<\/p>\n\t\t\t\t\t\t\t\t<\/div>\n\t\t\t\t<\/div>\n\t\t\t\t\t<\/div>\n\t\t<\/div>\n\t\t\t\t<div class=\"elementor-column elementor-col-50 elementor-top-column elementor-element elementor-element-5d724d4\" data-id=\"5d724d4\" data-element_type=\"column\" data-e-type=\"column\">\n\t\t\t<div class=\"elementor-widget-wrap elementor-element-populated\">\n\t\t\t\t\t\t<section class=\"elementor-section elementor-inner-section elementor-element elementor-element-f4364dc elementor-section-height-min-height elementor-section-boxed elementor-section-height-default elementor-invisible\" data-id=\"f4364dc\" data-element_type=\"section\" data-e-type=\"section\" data-settings=\"{&quot;sticky&quot;:&quot;top&quot;,&quot;sticky_on&quot;:[&quot;desktop&quot;],&quot;sticky_parent&quot;:&quot;yes&quot;,&quot;sticky_offset&quot;:125,&quot;animation&quot;:&quot;fadeInRight&quot;,&quot;jet_parallax_layout_list&quot;:[],&quot;sticky_effects_offset&quot;:0,&quot;sticky_anchor_link_offset&quot;:0}\">\n\t\t\t\t\t\t<div class=\"elementor-container elementor-column-gap-default\">\n\t\t\t\t\t<div class=\"elementor-column elementor-col-100 elementor-inner-column elementor-element elementor-element-fdc73ad\" data-id=\"fdc73ad\" data-element_type=\"column\" data-e-type=\"column\" data-settings=\"{&quot;background_background&quot;:&quot;classic&quot;}\">\n\t\t\t<div class=\"elementor-widget-wrap elementor-element-populated\">\n\t\t\t\t\t\t<div class=\"elementor-element elementor-element-200cafd elementor-widget elementor-widget-heading\" data-id=\"200cafd\" data-element_type=\"widget\" data-e-type=\"widget\" data-widget_type=\"heading.default\">\n\t\t\t\t<div class=\"elementor-widget-container\">\n\t\t\t\t\t<h2 class=\"elementor-heading-title elementor-size-default\">Solicitar muestras<\/h2>\t\t\t\t<\/div>\n\t\t\t\t<\/div>\n\t\t\t\t<div class=\"elementor-element elementor-element-7b5f110 elementor-widget elementor-widget-text-editor\" data-id=\"7b5f110\" data-element_type=\"widget\" data-e-type=\"widget\" data-widget_type=\"text-editor.default\">\n\t\t\t\t<div class=\"elementor-widget-container\">\n\t\t\t\t\t\t\t\t\t<p>Ind\u00edcanos qu\u00e9 muestras quieres recibir. Selecciona tus muestras en nuestra lista de productos y haz clic en enviar. <\/p>\n\t\t\t\t\t\t\t\t<\/div>\n\t\t\t\t<\/div>\n\t\t\t\t<div class=\"elementor-element elementor-element-68c8a2e elementor-widget elementor-widget-button\" data-id=\"68c8a2e\" data-element_type=\"widget\" data-e-type=\"widget\" data-widget_type=\"button.default\">\n\t\t\t\t<div class=\"elementor-widget-container\">\n\t\t\t\t\t\t\t\t\t<div class=\"elementor-button-wrapper\">\n\t\t\t\t\t<a class=\"elementor-button elementor-button-link elementor-size-sm\" href=\"\/products\/\">\n\t\t\t\t\t\t<span class=\"elementor-button-content-wrapper\">\n\t\t\t\t\t\t\t\t\t<span class=\"elementor-button-text\">Solicitar muestras<\/span>\n\t\t\t\t\t<\/span>\n\t\t\t\t\t<\/a>\n\t\t\t\t<\/div>\n\t\t\t\t\t\t\t\t<\/div>\n\t\t\t\t<\/div>\n\t\t\t\t\t<\/div>\n\t\t<\/div>\n\t\t\t\t\t<\/div>\n\t\t<\/section>\n\t\t\t\t\t<\/div>\n\t\t<\/div>\n\t\t\t\t\t<\/div>\n\t\t<\/section>\n\t\t\t\t<\/div>\n\t\t","protected":false},"excerpt":{"rendered":"<p>Van Wankum Ingredients es un proveedor de ingredientes de servicio completo para muchos clientes diferentes de los sectores de alimentaci\u00f3n y bebidas, cosm\u00e9tica, farmacia y salud. Ofrecemos ingredientes y aditivos de alta calidad. Nuestros servicios incluyen muestreo, log\u00edstica rentable, documentos de calidad y consultor\u00eda. Nuestro equipo de expertos comerciales, log\u00edsticos, financieros y tecn\u00f3logos alimentarios comparten [&hellip;]<\/p>\n","protected":false},"author":6,"featured_media":0,"parent":0,"menu_order":0,"comment_status":"closed","ping_status":"closed","template":"elementor_header_footer","meta":{"_acf_changed":false,"footnotes":""},"class_list":["post-7429","page","type-page","status-publish","hentry"],"acf":[],"yoast_head":"<!-- This site is optimized with the Yoast SEO plugin v27.5 - https:\/\/yoast.com\/product\/yoast-seo-wordpress\/ -->\n<title>Edulcorante para la salud y la nutrici\u00f3n deportiva - Van Wankum Ingredients<\/title>\n<meta name=\"description\" content=\"\u00bfCu\u00e1les son los mejores edulcorantes para la salud y la nutrici\u00f3n deportiva? Van Wankum Ingredients \u2713Experiencia de m\u00e1s de 30 a\u00f1os \u2713Excelente calidad\" \/>\n<meta name=\"robots\" content=\"index, follow, max-snippet:-1, max-image-preview:large, max-video-preview:-1\" \/>\n<link rel=\"canonical\" href=\"https:\/\/vw-ingredients.com\/es\/edulcorante-para-la-salud-y-la-nutricion-deportiva\" \/>\n<meta property=\"og:locale\" content=\"es_ES\" \/>\n<meta property=\"og:type\" content=\"article\" \/>\n<meta property=\"og:title\" content=\"Edulcorante para la salud y la nutrici\u00f3n deportiva - Van Wankum Ingredients\" \/>\n<meta property=\"og:description\" content=\"\u00bfCu\u00e1les son los mejores edulcorantes para la salud y la nutrici\u00f3n deportiva? Van Wankum Ingredients \u2713Experiencia de m\u00e1s de 30 a\u00f1os \u2713Excelente calidad\" \/>\n<meta property=\"og:url\" content=\"https:\/\/vw-ingredients.com\/es\/edulcorante-para-la-salud-y-la-nutricion-deportiva\" \/>\n<meta property=\"og:site_name\" content=\"Van Wankum Ingredients\" \/>\n<meta property=\"article:modified_time\" content=\"2025-01-28T13:49:21+00:00\" \/>\n<meta name=\"twitter:card\" content=\"summary_large_image\" \/>\n<meta name=\"twitter:label1\" content=\"Tiempo de lectura\" \/>\n\t<meta name=\"twitter:data1\" content=\"2 minutos\" \/>\n<script type=\"application\/ld+json\" class=\"yoast-schema-graph\">{\"@context\":\"https:\\\/\\\/schema.org\",\"@graph\":[{\"@type\":\"WebPage\",\"@id\":\"https:\\\/\\\/vw-ingredients.com\\\/es\\\/edulcorante-para-la-salud-y-la-nutricion-deportiva\",\"url\":\"https:\\\/\\\/vw-ingredients.com\\\/es\\\/edulcorante-para-la-salud-y-la-nutricion-deportiva\",\"name\":\"Edulcorante para la salud y la nutrici\u00f3n deportiva - Van Wankum Ingredients\",\"isPartOf\":{\"@id\":\"https:\\\/\\\/vw-ingredients.com\\\/es#website\"},\"datePublished\":\"2021-11-11T16:07:59+00:00\",\"dateModified\":\"2025-01-28T13:49:21+00:00\",\"description\":\"\u00bfCu\u00e1les son los mejores edulcorantes para la salud y la nutrici\u00f3n deportiva? Van Wankum Ingredients \u2713Experiencia de m\u00e1s de 30 a\u00f1os \u2713Excelente calidad\",\"breadcrumb\":{\"@id\":\"https:\\\/\\\/vw-ingredients.com\\\/es\\\/edulcorante-para-la-salud-y-la-nutricion-deportiva#breadcrumb\"},\"inLanguage\":\"es\",\"potentialAction\":[{\"@type\":\"ReadAction\",\"target\":[\"https:\\\/\\\/vw-ingredients.com\\\/es\\\/edulcorante-para-la-salud-y-la-nutricion-deportiva\"]}]},{\"@type\":\"BreadcrumbList\",\"@id\":\"https:\\\/\\\/vw-ingredients.com\\\/es\\\/edulcorante-para-la-salud-y-la-nutricion-deportiva#breadcrumb\",\"itemListElement\":[{\"@type\":\"ListItem\",\"position\":1,\"name\":\"Home\",\"item\":\"https:\\\/\\\/vw-ingredients.com\\\/es\"},{\"@type\":\"ListItem\",\"position\":2,\"name\":\"Edulcorante para la salud y la nutrici\u00f3n deportiva\"}]},{\"@type\":\"WebSite\",\"@id\":\"https:\\\/\\\/vw-ingredients.com\\\/es#website\",\"url\":\"https:\\\/\\\/vw-ingredients.com\\\/es\",\"name\":\"Van Wankum Ingredients\",\"description\":\"\",\"potentialAction\":[{\"@type\":\"SearchAction\",\"target\":{\"@type\":\"EntryPoint\",\"urlTemplate\":\"https:\\\/\\\/vw-ingredients.com\\\/es?s={search_term_string}\"},\"query-input\":{\"@type\":\"PropertyValueSpecification\",\"valueRequired\":true,\"valueName\":\"search_term_string\"}}],\"inLanguage\":\"es\"}]}<\/script>\n<!-- \/ Yoast SEO plugin. -->","yoast_head_json":{"title":"Edulcorante para la salud y la nutrici\u00f3n deportiva - Van Wankum Ingredients","description":"\u00bfCu\u00e1les son los mejores edulcorantes para la salud y la nutrici\u00f3n deportiva? Van Wankum Ingredients \u2713Experiencia de m\u00e1s de 30 a\u00f1os \u2713Excelente calidad","robots":{"index":"index","follow":"follow","max-snippet":"max-snippet:-1","max-image-preview":"max-image-preview:large","max-video-preview":"max-video-preview:-1"},"canonical":"https:\/\/vw-ingredients.com\/es\/edulcorante-para-la-salud-y-la-nutricion-deportiva","og_locale":"es_ES","og_type":"article","og_title":"Edulcorante para la salud y la nutrici\u00f3n deportiva - Van Wankum Ingredients","og_description":"\u00bfCu\u00e1les son los mejores edulcorantes para la salud y la nutrici\u00f3n deportiva? Van Wankum Ingredients \u2713Experiencia de m\u00e1s de 30 a\u00f1os \u2713Excelente calidad","og_url":"https:\/\/vw-ingredients.com\/es\/edulcorante-para-la-salud-y-la-nutricion-deportiva","og_site_name":"Van Wankum Ingredients","article_modified_time":"2025-01-28T13:49:21+00:00","twitter_card":"summary_large_image","twitter_misc":{"Tiempo de lectura":"2 minutos"},"schema":{"@context":"https:\/\/schema.org","@graph":[{"@type":"WebPage","@id":"https:\/\/vw-ingredients.com\/es\/edulcorante-para-la-salud-y-la-nutricion-deportiva","url":"https:\/\/vw-ingredients.com\/es\/edulcorante-para-la-salud-y-la-nutricion-deportiva","name":"Edulcorante para la salud y la nutrici\u00f3n deportiva - Van Wankum Ingredients","isPartOf":{"@id":"https:\/\/vw-ingredients.com\/es#website"},"datePublished":"2021-11-11T16:07:59+00:00","dateModified":"2025-01-28T13:49:21+00:00","description":"\u00bfCu\u00e1les son los mejores edulcorantes para la salud y la nutrici\u00f3n deportiva? Van Wankum Ingredients \u2713Experiencia de m\u00e1s de 30 a\u00f1os \u2713Excelente calidad","breadcrumb":{"@id":"https:\/\/vw-ingredients.com\/es\/edulcorante-para-la-salud-y-la-nutricion-deportiva#breadcrumb"},"inLanguage":"es","potentialAction":[{"@type":"ReadAction","target":["https:\/\/vw-ingredients.com\/es\/edulcorante-para-la-salud-y-la-nutricion-deportiva"]}]},{"@type":"BreadcrumbList","@id":"https:\/\/vw-ingredients.com\/es\/edulcorante-para-la-salud-y-la-nutricion-deportiva#breadcrumb","itemListElement":[{"@type":"ListItem","position":1,"name":"Home","item":"https:\/\/vw-ingredients.com\/es"},{"@type":"ListItem","position":2,"name":"Edulcorante para la salud y la nutrici\u00f3n deportiva"}]},{"@type":"WebSite","@id":"https:\/\/vw-ingredients.com\/es#website","url":"https:\/\/vw-ingredients.com\/es","name":"Van Wankum Ingredients","description":"","potentialAction":[{"@type":"SearchAction","target":{"@type":"EntryPoint","urlTemplate":"https:\/\/vw-ingredients.com\/es?s={search_term_string}"},"query-input":{"@type":"PropertyValueSpecification","valueRequired":true,"valueName":"search_term_string"}}],"inLanguage":"es"}]}},"_links":{"self":[{"href":"https:\/\/vw-ingredients.com\/es\/wp-json\/wp\/v2\/pages\/7429","targetHints":{"allow":["GET"]}}],"collection":[{"href":"https:\/\/vw-ingredients.com\/es\/wp-json\/wp\/v2\/pages"}],"about":[{"href":"https:\/\/vw-ingredients.com\/es\/wp-json\/wp\/v2\/types\/page"}],"author":[{"embeddable":true,"href":"https:\/\/vw-ingredients.com\/es\/wp-json\/wp\/v2\/users\/6"}],"replies":[{"embeddable":true,"href":"https:\/\/vw-ingredients.com\/es\/wp-json\/wp\/v2\/comments?post=7429"}],"version-history":[{"count":1,"href":"https:\/\/vw-ingredients.com\/es\/wp-json\/wp\/v2\/pages\/7429\/revisions"}],"predecessor-version":[{"id":7431,"href":"https:\/\/vw-ingredients.com\/es\/wp-json\/wp\/v2\/pages\/7429\/revisions\/7431"}],"wp:attachment":[{"href":"https:\/\/vw-ingredients.com\/es\/wp-json\/wp\/v2\/media?parent=7429"}],"curies":[{"name":"wp","href":"https:\/\/api.w.org\/{rel}","templated":true}]}}