{"id":7425,"date":"2021-11-11T16:05:52","date_gmt":"2021-11-11T16:05:52","guid":{"rendered":"https:\/\/vw-ingredients.com\/consultor-en-fabricacion-de-alimentos"},"modified":"2025-01-28T13:49:21","modified_gmt":"2025-01-28T13:49:21","slug":"consultor-en-fabricacion-de-alimentos","status":"publish","type":"page","link":"https:\/\/vw-ingredients.com\/es\/consultor-en-fabricacion-de-alimentos","title":{"rendered":"Consultor en fabricaci\u00f3n de alimentos"},"content":{"rendered":"\t\t<div data-elementor-type=\"wp-page\" data-elementor-id=\"7425\" class=\"elementor elementor-7425\" data-elementor-post-type=\"page\">\n\t\t\t\t\t\t<section class=\"elementor-section elementor-top-section elementor-element elementor-element-ddc7206 elementor-section-boxed elementor-section-height-default elementor-section-height-default\" data-id=\"ddc7206\" data-element_type=\"section\" data-e-type=\"section\" data-settings=\"{&quot;jet_parallax_layout_list&quot;:[]}\">\n\t\t\t\t\t\t<div class=\"elementor-container elementor-column-gap-default\">\n\t\t\t\t\t<div class=\"elementor-column elementor-col-50 elementor-top-column elementor-element elementor-element-a128652\" data-id=\"a128652\" data-element_type=\"column\" data-e-type=\"column\">\n\t\t\t<div class=\"elementor-widget-wrap elementor-element-populated\">\n\t\t\t\t\t\t<div class=\"elementor-element elementor-element-716e5c0 elementor-widget elementor-widget-text-editor\" data-id=\"716e5c0\" data-element_type=\"widget\" data-e-type=\"widget\" data-widget_type=\"text-editor.default\">\n\t\t\t\t<div class=\"elementor-widget-container\">\n\t\t\t\t\t\t\t\t\t<p>Van Wankum Ingredients es un proveedor de ingredientes de servicio completo para muchos clientes diferentes de los sectores de alimentaci\u00f3n y bebidas, cosm\u00e9tica, farmacia y salud. Ofrecemos ingredientes y aditivos de alta calidad. <\/p>\n<p>Nuestros servicios incluyen muestreo, log\u00edstica rentable, documentos de calidad y consultor\u00eda. Nuestro equipo de expertos comerciales, log\u00edsticos, financieros y tecn\u00f3logos alimentarios comparten m\u00e1s de 30 a\u00f1os de experiencia profesional en todo el mundo y se comprometen a satisfacer las necesidades de los clientes. <\/p>\n<h2>Edulcorantes y otros aditivos alimentarios<\/h2>\n<p>Van Wankum Ingredients puede probar y suministrar distintos tipos de edulcorantes y aditivos alimentarios. Adem\u00e1s, podemos ofrecerte asesoramiento y orientaci\u00f3n sobre el uso de edulcorantes y otros aditivos alimentarios en tu producto. En estos casos, VW Ingredients puede funcionar como tu asesor en fabricaci\u00f3n de alimentos.  <\/p>\n<p>Algunos aditivos alimentarios pueden utilizarse en una gran variedad de alimentos y bebidas, pero su uso no se limita s\u00f3lo a eso. Algunos de nuestros aditivos alimentarios y edulcorantes tambi\u00e9n pueden utilizarse en la nutrici\u00f3n sanitaria y deportiva, o con fines farmac\u00e9uticos. <\/p>\n<h2>Socio con experiencia<\/h2>\n<p>Tenemos m\u00e1s de 30 a\u00f1os de experiencia en las industrias alimentaria, cosm\u00e9tica y farmac\u00e9utica. Hemos establecido relaciones con productores de confianza en China desde la d\u00e9cada de 1980 y hemos suministrado y asesorado con \u00e9xito a muchos clientes del mercado alimentario europeo y estadounidense. Podemos funcionar como tu asesor en fabricaci\u00f3n de alimentos. Tras mejorar con \u00e9xito tu producto con nuestros aditivos alimentarios de alta calidad, podemos desempe\u00f1ar el papel de proveedor de los aditivos alimentarios que necesites para tu producto.   <\/p>\n<p>Para m\u00e1s informaci\u00f3n, visita las p\u00e1ginas respectivas de los edulcorantes artificiales y naturales que ofrecemos, como <a href=\"https:\/\/vw-ingredients.com\/health-and-sport-nutrition\/stevia\">Stevia<\/a>, <a href=\"https:\/\/vw-ingredients.com\/health-and-sport-nutrition\/sucralose\">Sucralosa<\/a>, <a href=\"https:\/\/vw-ingredients.com\/health-and-sport-nutrition\/melatonin\">Melatonina<\/a>, <a href=\"https:\/\/vw-ingredients.com\/health-and-sport-nutrition\/yeast-beta-glucan\">Betaglucano de levadura<\/a>, <a href=\"https:\/\/vw-ingredients.com\/luo-han-guo\">Luo Han Guo<\/a>, <a href=\"https:\/\/vw-ingredients.com\/es\/extracto-de-fruta-de-monje\">Extracto de fruta de monje<\/a>, <a href=\"https:\/\/vw-ingredients.com\/trehalose\">Trehalosa<\/a>, Acesulfamo pot\u00e1sico, Aspartamo, Eritritol, <a href=\"https:\/\/vw-ingredients.com\/pharmaceutical\/quinine-derivatives\">Quinina<\/a>, <a href=\"https:\/\/vw-ingredients.com\/polydextrose\">Polidextrosa<\/a> y Vitamina B1.<\/p>\n<h2>Ingredientes Van Wankum<\/h2>\n<p>Van Wankum Ingredients siempre busca oportunidades respetuosas con el medio ambiente y \u00abverdes\u00bb para sus productos y principios. Defendemos las relaciones a largo plazo con nuestros clientes y un servicio de alta calidad.  \u00bfQuieres m\u00e1s informaci\u00f3n sobre nuestros servicios como consultor de fabricaci\u00f3n de alimentos o solicitar una muestra? No dudes en ponerte en contacto con nosotros. <\/p>\n\t\t\t\t\t\t\t\t<\/div>\n\t\t\t\t<\/div>\n\t\t\t\t\t<\/div>\n\t\t<\/div>\n\t\t\t\t<div class=\"elementor-column elementor-col-50 elementor-top-column elementor-element elementor-element-5d724d4\" data-id=\"5d724d4\" data-element_type=\"column\" data-e-type=\"column\">\n\t\t\t<div class=\"elementor-widget-wrap elementor-element-populated\">\n\t\t\t\t\t\t<section class=\"elementor-section elementor-inner-section elementor-element elementor-element-f4364dc elementor-section-height-min-height elementor-section-boxed elementor-section-height-default elementor-invisible\" data-id=\"f4364dc\" data-element_type=\"section\" data-e-type=\"section\" data-settings=\"{&quot;sticky&quot;:&quot;top&quot;,&quot;sticky_on&quot;:[&quot;desktop&quot;],&quot;sticky_parent&quot;:&quot;yes&quot;,&quot;sticky_offset&quot;:125,&quot;animation&quot;:&quot;fadeInRight&quot;,&quot;jet_parallax_layout_list&quot;:[],&quot;sticky_effects_offset&quot;:0,&quot;sticky_anchor_link_offset&quot;:0}\">\n\t\t\t\t\t\t<div class=\"elementor-container elementor-column-gap-default\">\n\t\t\t\t\t<div class=\"elementor-column elementor-col-100 elementor-inner-column elementor-element elementor-element-fdc73ad\" data-id=\"fdc73ad\" data-element_type=\"column\" data-e-type=\"column\" data-settings=\"{&quot;background_background&quot;:&quot;classic&quot;}\">\n\t\t\t<div class=\"elementor-widget-wrap elementor-element-populated\">\n\t\t\t\t\t\t<div class=\"elementor-element elementor-element-200cafd elementor-widget elementor-widget-heading\" data-id=\"200cafd\" data-element_type=\"widget\" data-e-type=\"widget\" data-widget_type=\"heading.default\">\n\t\t\t\t<div class=\"elementor-widget-container\">\n\t\t\t\t\t<h2 class=\"elementor-heading-title elementor-size-default\">Solicitar muestras<\/h2>\t\t\t\t<\/div>\n\t\t\t\t<\/div>\n\t\t\t\t<div class=\"elementor-element elementor-element-7b5f110 elementor-widget elementor-widget-text-editor\" data-id=\"7b5f110\" data-element_type=\"widget\" data-e-type=\"widget\" data-widget_type=\"text-editor.default\">\n\t\t\t\t<div class=\"elementor-widget-container\">\n\t\t\t\t\t\t\t\t\t<p>Ind\u00edcanos qu\u00e9 muestras quieres recibir. Selecciona tus muestras en nuestra lista de productos y haz clic en enviar. <\/p>\n\t\t\t\t\t\t\t\t<\/div>\n\t\t\t\t<\/div>\n\t\t\t\t<div class=\"elementor-element elementor-element-68c8a2e elementor-widget elementor-widget-button\" data-id=\"68c8a2e\" data-element_type=\"widget\" data-e-type=\"widget\" data-widget_type=\"button.default\">\n\t\t\t\t<div class=\"elementor-widget-container\">\n\t\t\t\t\t\t\t\t\t<div class=\"elementor-button-wrapper\">\n\t\t\t\t\t<a class=\"elementor-button elementor-button-link elementor-size-sm\" href=\"\/products\/\">\n\t\t\t\t\t\t<span class=\"elementor-button-content-wrapper\">\n\t\t\t\t\t\t\t\t\t<span class=\"elementor-button-text\">Solicitar muestras<\/span>\n\t\t\t\t\t<\/span>\n\t\t\t\t\t<\/a>\n\t\t\t\t<\/div>\n\t\t\t\t\t\t\t\t<\/div>\n\t\t\t\t<\/div>\n\t\t\t\t\t<\/div>\n\t\t<\/div>\n\t\t\t\t\t<\/div>\n\t\t<\/section>\n\t\t\t\t\t<\/div>\n\t\t<\/div>\n\t\t\t\t\t<\/div>\n\t\t<\/section>\n\t\t\t\t<\/div>\n\t\t","protected":false},"excerpt":{"rendered":"<p>Van Wankum Ingredients es un proveedor de ingredientes de servicio completo para muchos clientes diferentes de los sectores de alimentaci\u00f3n y bebidas, cosm\u00e9tica, farmacia y salud. Ofrecemos ingredientes y aditivos de alta calidad. Nuestros servicios incluyen muestreo, log\u00edstica rentable, documentos de calidad y consultor\u00eda. Nuestro equipo de expertos comerciales, log\u00edsticos, financieros y tecn\u00f3logos alimentarios comparten [&hellip;]<\/p>\n","protected":false},"author":6,"featured_media":0,"parent":0,"menu_order":0,"comment_status":"closed","ping_status":"closed","template":"elementor_header_footer","meta":{"_acf_changed":false,"footnotes":""},"class_list":["post-7425","page","type-page","status-publish","hentry"],"acf":[],"yoast_head":"<!-- This site is optimized with the Yoast SEO plugin v27.3 - https:\/\/yoast.com\/product\/yoast-seo-wordpress\/ -->\n<title>Consultor en fabricaci\u00f3n de alimentos - Van Wankum Ingredients<\/title>\n<meta name=\"description\" content=\"\u00bfPor qu\u00e9 tienes que elegir Van Wankum Ingredients? Van Wankum Ingredientes. \u2713Proveedor de ingredientes de servicio completo \u2713Equipo de profesionales\" \/>\n<meta name=\"robots\" content=\"index, follow, max-snippet:-1, max-image-preview:large, max-video-preview:-1\" \/>\n<link rel=\"canonical\" href=\"https:\/\/vw-ingredients.com\/es\/consultor-en-fabricacion-de-alimentos\" \/>\n<meta property=\"og:locale\" content=\"es_ES\" \/>\n<meta property=\"og:type\" content=\"article\" \/>\n<meta property=\"og:title\" content=\"Consultor en fabricaci\u00f3n de alimentos - Van Wankum Ingredients\" \/>\n<meta property=\"og:description\" content=\"\u00bfPor qu\u00e9 tienes que elegir Van Wankum Ingredients? Van Wankum Ingredientes. \u2713Proveedor de ingredientes de servicio completo \u2713Equipo de profesionales\" \/>\n<meta property=\"og:url\" content=\"https:\/\/vw-ingredients.com\/es\/consultor-en-fabricacion-de-alimentos\" \/>\n<meta property=\"og:site_name\" content=\"Van Wankum Ingredients\" \/>\n<meta property=\"article:modified_time\" content=\"2025-01-28T13:49:21+00:00\" \/>\n<meta name=\"twitter:card\" content=\"summary_large_image\" \/>\n<meta name=\"twitter:label1\" content=\"Tiempo de lectura\" \/>\n\t<meta name=\"twitter:data1\" content=\"2 minutos\" \/>\n<script type=\"application\/ld+json\" class=\"yoast-schema-graph\">{\"@context\":\"https:\\\/\\\/schema.org\",\"@graph\":[{\"@type\":\"WebPage\",\"@id\":\"https:\\\/\\\/vw-ingredients.com\\\/es\\\/consultor-en-fabricacion-de-alimentos\",\"url\":\"https:\\\/\\\/vw-ingredients.com\\\/es\\\/consultor-en-fabricacion-de-alimentos\",\"name\":\"Consultor en fabricaci\u00f3n de alimentos - Van Wankum Ingredients\",\"isPartOf\":{\"@id\":\"https:\\\/\\\/vw-ingredients.com\\\/es#website\"},\"datePublished\":\"2021-11-11T16:05:52+00:00\",\"dateModified\":\"2025-01-28T13:49:21+00:00\",\"description\":\"\u00bfPor qu\u00e9 tienes que elegir Van Wankum Ingredients? Van Wankum Ingredientes. \u2713Proveedor de ingredientes de servicio completo \u2713Equipo de profesionales\",\"breadcrumb\":{\"@id\":\"https:\\\/\\\/vw-ingredients.com\\\/es\\\/consultor-en-fabricacion-de-alimentos#breadcrumb\"},\"inLanguage\":\"es\",\"potentialAction\":[{\"@type\":\"ReadAction\",\"target\":[\"https:\\\/\\\/vw-ingredients.com\\\/es\\\/consultor-en-fabricacion-de-alimentos\"]}]},{\"@type\":\"BreadcrumbList\",\"@id\":\"https:\\\/\\\/vw-ingredients.com\\\/es\\\/consultor-en-fabricacion-de-alimentos#breadcrumb\",\"itemListElement\":[{\"@type\":\"ListItem\",\"position\":1,\"name\":\"Home\",\"item\":\"https:\\\/\\\/vw-ingredients.com\\\/es\"},{\"@type\":\"ListItem\",\"position\":2,\"name\":\"Consultor en fabricaci\u00f3n de alimentos\"}]},{\"@type\":\"WebSite\",\"@id\":\"https:\\\/\\\/vw-ingredients.com\\\/es#website\",\"url\":\"https:\\\/\\\/vw-ingredients.com\\\/es\",\"name\":\"Van Wankum Ingredients\",\"description\":\"\",\"potentialAction\":[{\"@type\":\"SearchAction\",\"target\":{\"@type\":\"EntryPoint\",\"urlTemplate\":\"https:\\\/\\\/vw-ingredients.com\\\/es?s={search_term_string}\"},\"query-input\":{\"@type\":\"PropertyValueSpecification\",\"valueRequired\":true,\"valueName\":\"search_term_string\"}}],\"inLanguage\":\"es\"}]}<\/script>\n<!-- \/ Yoast SEO plugin. -->","yoast_head_json":{"title":"Consultor en fabricaci\u00f3n de alimentos - Van Wankum Ingredients","description":"\u00bfPor qu\u00e9 tienes que elegir Van Wankum Ingredients? Van Wankum Ingredientes. \u2713Proveedor de ingredientes de servicio completo \u2713Equipo de profesionales","robots":{"index":"index","follow":"follow","max-snippet":"max-snippet:-1","max-image-preview":"max-image-preview:large","max-video-preview":"max-video-preview:-1"},"canonical":"https:\/\/vw-ingredients.com\/es\/consultor-en-fabricacion-de-alimentos","og_locale":"es_ES","og_type":"article","og_title":"Consultor en fabricaci\u00f3n de alimentos - Van Wankum Ingredients","og_description":"\u00bfPor qu\u00e9 tienes que elegir Van Wankum Ingredients? Van Wankum Ingredientes. \u2713Proveedor de ingredientes de servicio completo \u2713Equipo de profesionales","og_url":"https:\/\/vw-ingredients.com\/es\/consultor-en-fabricacion-de-alimentos","og_site_name":"Van Wankum Ingredients","article_modified_time":"2025-01-28T13:49:21+00:00","twitter_card":"summary_large_image","twitter_misc":{"Tiempo de lectura":"2 minutos"},"schema":{"@context":"https:\/\/schema.org","@graph":[{"@type":"WebPage","@id":"https:\/\/vw-ingredients.com\/es\/consultor-en-fabricacion-de-alimentos","url":"https:\/\/vw-ingredients.com\/es\/consultor-en-fabricacion-de-alimentos","name":"Consultor en fabricaci\u00f3n de alimentos - Van Wankum Ingredients","isPartOf":{"@id":"https:\/\/vw-ingredients.com\/es#website"},"datePublished":"2021-11-11T16:05:52+00:00","dateModified":"2025-01-28T13:49:21+00:00","description":"\u00bfPor qu\u00e9 tienes que elegir Van Wankum Ingredients? Van Wankum Ingredientes. \u2713Proveedor de ingredientes de servicio completo \u2713Equipo de profesionales","breadcrumb":{"@id":"https:\/\/vw-ingredients.com\/es\/consultor-en-fabricacion-de-alimentos#breadcrumb"},"inLanguage":"es","potentialAction":[{"@type":"ReadAction","target":["https:\/\/vw-ingredients.com\/es\/consultor-en-fabricacion-de-alimentos"]}]},{"@type":"BreadcrumbList","@id":"https:\/\/vw-ingredients.com\/es\/consultor-en-fabricacion-de-alimentos#breadcrumb","itemListElement":[{"@type":"ListItem","position":1,"name":"Home","item":"https:\/\/vw-ingredients.com\/es"},{"@type":"ListItem","position":2,"name":"Consultor en fabricaci\u00f3n de alimentos"}]},{"@type":"WebSite","@id":"https:\/\/vw-ingredients.com\/es#website","url":"https:\/\/vw-ingredients.com\/es","name":"Van Wankum Ingredients","description":"","potentialAction":[{"@type":"SearchAction","target":{"@type":"EntryPoint","urlTemplate":"https:\/\/vw-ingredients.com\/es?s={search_term_string}"},"query-input":{"@type":"PropertyValueSpecification","valueRequired":true,"valueName":"search_term_string"}}],"inLanguage":"es"}]}},"_links":{"self":[{"href":"https:\/\/vw-ingredients.com\/es\/wp-json\/wp\/v2\/pages\/7425","targetHints":{"allow":["GET"]}}],"collection":[{"href":"https:\/\/vw-ingredients.com\/es\/wp-json\/wp\/v2\/pages"}],"about":[{"href":"https:\/\/vw-ingredients.com\/es\/wp-json\/wp\/v2\/types\/page"}],"author":[{"embeddable":true,"href":"https:\/\/vw-ingredients.com\/es\/wp-json\/wp\/v2\/users\/6"}],"replies":[{"embeddable":true,"href":"https:\/\/vw-ingredients.com\/es\/wp-json\/wp\/v2\/comments?post=7425"}],"version-history":[{"count":1,"href":"https:\/\/vw-ingredients.com\/es\/wp-json\/wp\/v2\/pages\/7425\/revisions"}],"predecessor-version":[{"id":7427,"href":"https:\/\/vw-ingredients.com\/es\/wp-json\/wp\/v2\/pages\/7425\/revisions\/7427"}],"wp:attachment":[{"href":"https:\/\/vw-ingredients.com\/es\/wp-json\/wp\/v2\/media?parent=7425"}],"curies":[{"name":"wp","href":"https:\/\/api.w.org\/{rel}","templated":true}]}}