{"id":7193,"date":"2021-11-11T17:57:42","date_gmt":"2021-11-11T17:57:42","guid":{"rendered":"https:\/\/vw-ingredients.com\/betaglucano-de-levadura-para-aplicaciones-en-nutricion-deportiva"},"modified":"2025-01-28T13:28:15","modified_gmt":"2025-01-28T13:28:15","slug":"betaglucano-de-levadura-para-aplicaciones-en-nutricion-deportiva","status":"publish","type":"page","link":"https:\/\/vw-ingredients.com\/es\/betaglucano-de-levadura-para-aplicaciones-en-nutricion-deportiva","title":{"rendered":"Betaglucano de levadura para aplicaciones en nutrici\u00f3n deportiva"},"content":{"rendered":"\t\t<div data-elementor-type=\"wp-page\" data-elementor-id=\"7193\" class=\"elementor elementor-7193\" data-elementor-post-type=\"page\">\n\t\t\t\t\t\t<section class=\"elementor-section elementor-top-section elementor-element elementor-element-ddc7206 elementor-section-boxed elementor-section-height-default elementor-section-height-default\" data-id=\"ddc7206\" data-element_type=\"section\" data-e-type=\"section\" data-settings=\"{&quot;jet_parallax_layout_list&quot;:[]}\">\n\t\t\t\t\t\t<div class=\"elementor-container elementor-column-gap-default\">\n\t\t\t\t\t<div class=\"elementor-column elementor-col-50 elementor-top-column elementor-element elementor-element-a128652\" data-id=\"a128652\" data-element_type=\"column\" data-e-type=\"column\">\n\t\t\t<div class=\"elementor-widget-wrap elementor-element-populated\">\n\t\t\t\t\t\t<div class=\"elementor-element elementor-element-716e5c0 elementor-widget elementor-widget-text-editor\" data-id=\"716e5c0\" data-element_type=\"widget\" data-e-type=\"widget\" data-widget_type=\"text-editor.default\">\n\t\t\t\t<div class=\"elementor-widget-container\">\n\t\t\t\t\t\t\t\t\t<div class=\"vc_row wpb_row vc_row-fluid\">\n<div class=\"wpb_column vc_column_container vc_col-sm-12\">\n<div class=\"vc_column-inner\">\n<div class=\"wpb_wrapper\">\n<div class=\"wpb_text_column wpb_content_element \">\n<div class=\"wpb_wrapper\">\n<p>El betaglucano de la levadura se encuentra en las paredes celulares de la levadura de panader\u00eda com\u00fan. La mayor\u00eda de las personas ya<br \/>lo consumen a trav\u00e9s de fuentes naturales como el trigo o la avena. Se utiliza para mantener o<br \/>estimular la eficacia del sistema inmunitario.   Adem\u00e1s, tiene un efecto positivo en los niveles de colesterol<br \/>y se est\u00e1 investigando sobre los efectos positivos en los niveles de az\u00facar en sangre<br \/>.<\/p>\n<p>El Beta Glucano de Levadura puede proporcionar el m\u00e1s alto nivel de Garant\u00eda y es perfectamente adecuado para apoyar a los Atletas profesionales. La Levadura Beta Glucano mejora TU sistema inmunitario y refuerza los mecanismos vitales de defensa de tu organismo contra VIRUS, HONGOS y BACTERIAS. <\/p>\n<p>Con un Sistema Inmunitario M\u00c1S FUERTE estar\u00e1s m\u00e1s protegido contra las infecciones que puedan perturbar tu programa de entrenamiento o tus momentos PICO de rendimiento.<\/p>\n<\/p>\n<h2><strong>\u00bfBeneficios del Beta Glucano?<\/strong><\/h2>\n<ul>\n<li>YEAST Beta Glucan mantiene y estimula la eficacia del sistema inmunitario<br \/>&#8211; YEAST Beta Glucan tiene un efecto positivo sobre los niveles de colesterol<br \/>&#8211; Se cree que YEAST Beta Glucan tiene un efecto positivo sobre los niveles de az\u00facar en sangre y ayuda con los problemas diab\u00e9ticos<br \/>&#8211; YEAST Beta Glucan combate las infecciones<br \/>&#8211; YEAST Beta Glucan es apto para el consumo de vegetarianos<\/li>\n<\/ul>\n<h2><strong>Ingredientes Van Wankum<\/strong><\/h2>\n<p>Van Wankum Ingredients siempre est\u00e1 buscando oportunidades respetuosas con el medio ambiente y \u00abverdes\u00bb<br \/>para sus <a href=\"https:\/\/vw-ingredients.com\/products\">productos<\/a> y principios. Apostamos por las relaciones a largo plazo con nuestros clientes de<br \/>y por un servicio de alta calidad. No dudes en solicitar una muestra de YEAST Beta Glucan<br \/>O <a href=\"https:\/\/vw-ingredients.com\/es\/ponte-en-contacto-con\">Ponte en contacto<\/a> directamente con nosotros si tienes preguntas o solicitudes  <\/p>\n<\/div>\n<\/div>\n<\/div>\n<\/div>\n<\/div>\n<\/div>\n<div class=\"vc_row wpb_row vc_row-fluid\">\n<div class=\"wpb_column vc_column_container vc_col-sm-12\">\n<div class=\"vc_column-inner\">\n<div class=\"wpb_wrapper\">\n<div class=\"wpb_video_widget wpb_content_element vc_clearfix vc_video-aspect-ratio-169 vc_video-el-width-100 vc_video-align-left\">\n<div class=\"wpb_wrapper\">\n<div class=\"wpb_video_wrapper\">\n<div class=\"fluid-width-video-wrapper\"><iframe id=\"fitvid91064\" src=\"https:\/\/www.youtube.com\/embed\/GaxGpS91sZA?feature=oembed\" frameborder=\"0\" allowfullscreen=\"allowfullscreen\" data-mce-fragment=\"1\"><\/iframe><\/div>\n<\/div>\n<\/div>\n<\/div>\n<\/div>\n<\/div>\n<\/div>\n<\/div>\n\t\t\t\t\t\t\t\t<\/div>\n\t\t\t\t<\/div>\n\t\t\t\t\t<\/div>\n\t\t<\/div>\n\t\t\t\t<div class=\"elementor-column elementor-col-50 elementor-top-column elementor-element elementor-element-5d724d4\" data-id=\"5d724d4\" data-element_type=\"column\" data-e-type=\"column\">\n\t\t\t<div class=\"elementor-widget-wrap elementor-element-populated\">\n\t\t\t\t\t\t<section class=\"elementor-section elementor-inner-section elementor-element elementor-element-f4364dc elementor-section-height-min-height elementor-section-boxed elementor-section-height-default elementor-invisible\" data-id=\"f4364dc\" data-element_type=\"section\" data-e-type=\"section\" data-settings=\"{&quot;sticky&quot;:&quot;top&quot;,&quot;sticky_on&quot;:[&quot;desktop&quot;],&quot;sticky_parent&quot;:&quot;yes&quot;,&quot;sticky_offset&quot;:125,&quot;animation&quot;:&quot;fadeInRight&quot;,&quot;jet_parallax_layout_list&quot;:[],&quot;sticky_effects_offset&quot;:0,&quot;sticky_anchor_link_offset&quot;:0}\">\n\t\t\t\t\t\t<div class=\"elementor-container elementor-column-gap-default\">\n\t\t\t\t\t<div class=\"elementor-column elementor-col-100 elementor-inner-column elementor-element elementor-element-fdc73ad\" data-id=\"fdc73ad\" data-element_type=\"column\" data-e-type=\"column\" data-settings=\"{&quot;background_background&quot;:&quot;classic&quot;}\">\n\t\t\t<div class=\"elementor-widget-wrap elementor-element-populated\">\n\t\t\t\t\t\t<div class=\"elementor-element elementor-element-200cafd elementor-widget elementor-widget-heading\" data-id=\"200cafd\" data-element_type=\"widget\" data-e-type=\"widget\" data-widget_type=\"heading.default\">\n\t\t\t\t<div class=\"elementor-widget-container\">\n\t\t\t\t\t<h2 class=\"elementor-heading-title elementor-size-default\">Solicitar muestras<\/h2>\t\t\t\t<\/div>\n\t\t\t\t<\/div>\n\t\t\t\t<div class=\"elementor-element elementor-element-7b5f110 elementor-widget elementor-widget-text-editor\" data-id=\"7b5f110\" data-element_type=\"widget\" data-e-type=\"widget\" data-widget_type=\"text-editor.default\">\n\t\t\t\t<div class=\"elementor-widget-container\">\n\t\t\t\t\t\t\t\t\t<p>Ind\u00edcanos qu\u00e9 muestras quieres recibir. Selecciona tus muestras en nuestra lista de productos y haz clic en enviar. <\/p>\n\t\t\t\t\t\t\t\t<\/div>\n\t\t\t\t<\/div>\n\t\t\t\t<div class=\"elementor-element elementor-element-68c8a2e elementor-widget elementor-widget-button\" data-id=\"68c8a2e\" data-element_type=\"widget\" data-e-type=\"widget\" data-widget_type=\"button.default\">\n\t\t\t\t<div class=\"elementor-widget-container\">\n\t\t\t\t\t\t\t\t\t<div class=\"elementor-button-wrapper\">\n\t\t\t\t\t<a class=\"elementor-button elementor-button-link elementor-size-sm\" href=\"\/products\/\">\n\t\t\t\t\t\t<span class=\"elementor-button-content-wrapper\">\n\t\t\t\t\t\t\t\t\t<span class=\"elementor-button-text\">Solicitar muestras<\/span>\n\t\t\t\t\t<\/span>\n\t\t\t\t\t<\/a>\n\t\t\t\t<\/div>\n\t\t\t\t\t\t\t\t<\/div>\n\t\t\t\t<\/div>\n\t\t\t\t\t<\/div>\n\t\t<\/div>\n\t\t\t\t\t<\/div>\n\t\t<\/section>\n\t\t\t\t\t<\/div>\n\t\t<\/div>\n\t\t\t\t\t<\/div>\n\t\t<\/section>\n\t\t\t\t<\/div>\n\t\t","protected":false},"excerpt":{"rendered":"<p>El betaglucano de la levadura se encuentra en las paredes celulares de la levadura de panader\u00eda com\u00fan. La mayor\u00eda de las personas yalo consumen a trav\u00e9s de fuentes naturales como el trigo o la avena. Se utiliza para mantener oestimular la eficacia del sistema inmunitario. Adem\u00e1s, tiene un efecto positivo en los niveles de colesteroly [&hellip;]<\/p>\n","protected":false},"author":6,"featured_media":0,"parent":0,"menu_order":0,"comment_status":"closed","ping_status":"closed","template":"elementor_header_footer","meta":{"_acf_changed":false,"footnotes":""},"class_list":["post-7193","page","type-page","status-publish","hentry"],"acf":[],"yoast_head":"<!-- This site is optimized with the Yoast SEO plugin v27.3 - https:\/\/yoast.com\/product\/yoast-seo-wordpress\/ -->\n<title>Betaglucano de levadura bueno para la nutrici\u00f3n deportiva - Van Wankum Ingredients<\/title>\n<meta name=\"description\" content=\"Betaglucano de levadura para aplicaciones de nutrici\u00f3n deportiva Van Wankum Ingredients \u2713Equipo de profesionales \u2713Experiencia en todo el mundo\" \/>\n<meta name=\"robots\" content=\"index, follow, max-snippet:-1, max-image-preview:large, max-video-preview:-1\" \/>\n<link rel=\"canonical\" href=\"https:\/\/vw-ingredients.com\/es\/betaglucano-de-levadura-para-aplicaciones-en-nutricion-deportiva\" \/>\n<meta property=\"og:locale\" content=\"es_ES\" \/>\n<meta property=\"og:type\" content=\"article\" \/>\n<meta property=\"og:title\" content=\"Betaglucano de levadura bueno para la nutrici\u00f3n deportiva - Van Wankum Ingredients\" \/>\n<meta property=\"og:description\" content=\"Betaglucano de levadura para aplicaciones de nutrici\u00f3n deportiva Van Wankum Ingredients \u2713Equipo de profesionales \u2713Experiencia en todo el mundo\" \/>\n<meta property=\"og:url\" content=\"https:\/\/vw-ingredients.com\/es\/betaglucano-de-levadura-para-aplicaciones-en-nutricion-deportiva\" \/>\n<meta property=\"og:site_name\" content=\"Van Wankum Ingredients\" \/>\n<meta property=\"article:modified_time\" content=\"2025-01-28T13:28:15+00:00\" \/>\n<meta name=\"twitter:card\" content=\"summary_large_image\" \/>\n<meta name=\"twitter:label1\" content=\"Tiempo de lectura\" \/>\n\t<meta name=\"twitter:data1\" content=\"2 minutos\" \/>\n<script type=\"application\/ld+json\" class=\"yoast-schema-graph\">{\"@context\":\"https:\\\/\\\/schema.org\",\"@graph\":[{\"@type\":\"WebPage\",\"@id\":\"https:\\\/\\\/vw-ingredients.com\\\/es\\\/betaglucano-de-levadura-para-aplicaciones-en-nutricion-deportiva\",\"url\":\"https:\\\/\\\/vw-ingredients.com\\\/es\\\/betaglucano-de-levadura-para-aplicaciones-en-nutricion-deportiva\",\"name\":\"Betaglucano de levadura bueno para la nutrici\u00f3n deportiva - Van Wankum Ingredients\",\"isPartOf\":{\"@id\":\"https:\\\/\\\/vw-ingredients.com\\\/es#website\"},\"datePublished\":\"2021-11-11T17:57:42+00:00\",\"dateModified\":\"2025-01-28T13:28:15+00:00\",\"description\":\"Betaglucano de levadura para aplicaciones de nutrici\u00f3n deportiva Van Wankum Ingredients \u2713Equipo de profesionales \u2713Experiencia en todo el mundo\",\"breadcrumb\":{\"@id\":\"https:\\\/\\\/vw-ingredients.com\\\/es\\\/betaglucano-de-levadura-para-aplicaciones-en-nutricion-deportiva#breadcrumb\"},\"inLanguage\":\"es\",\"potentialAction\":[{\"@type\":\"ReadAction\",\"target\":[\"https:\\\/\\\/vw-ingredients.com\\\/es\\\/betaglucano-de-levadura-para-aplicaciones-en-nutricion-deportiva\"]}]},{\"@type\":\"BreadcrumbList\",\"@id\":\"https:\\\/\\\/vw-ingredients.com\\\/es\\\/betaglucano-de-levadura-para-aplicaciones-en-nutricion-deportiva#breadcrumb\",\"itemListElement\":[{\"@type\":\"ListItem\",\"position\":1,\"name\":\"Home\",\"item\":\"https:\\\/\\\/vw-ingredients.com\\\/es\"},{\"@type\":\"ListItem\",\"position\":2,\"name\":\"Betaglucano de levadura para aplicaciones en nutrici\u00f3n deportiva\"}]},{\"@type\":\"WebSite\",\"@id\":\"https:\\\/\\\/vw-ingredients.com\\\/es#website\",\"url\":\"https:\\\/\\\/vw-ingredients.com\\\/es\",\"name\":\"Van Wankum Ingredients\",\"description\":\"\",\"potentialAction\":[{\"@type\":\"SearchAction\",\"target\":{\"@type\":\"EntryPoint\",\"urlTemplate\":\"https:\\\/\\\/vw-ingredients.com\\\/es?s={search_term_string}\"},\"query-input\":{\"@type\":\"PropertyValueSpecification\",\"valueRequired\":true,\"valueName\":\"search_term_string\"}}],\"inLanguage\":\"es\"}]}<\/script>\n<!-- \/ Yoast SEO plugin. -->","yoast_head_json":{"title":"Betaglucano de levadura bueno para la nutrici\u00f3n deportiva - Van Wankum Ingredients","description":"Betaglucano de levadura para aplicaciones de nutrici\u00f3n deportiva Van Wankum Ingredients \u2713Equipo de profesionales \u2713Experiencia en todo el mundo","robots":{"index":"index","follow":"follow","max-snippet":"max-snippet:-1","max-image-preview":"max-image-preview:large","max-video-preview":"max-video-preview:-1"},"canonical":"https:\/\/vw-ingredients.com\/es\/betaglucano-de-levadura-para-aplicaciones-en-nutricion-deportiva","og_locale":"es_ES","og_type":"article","og_title":"Betaglucano de levadura bueno para la nutrici\u00f3n deportiva - Van Wankum Ingredients","og_description":"Betaglucano de levadura para aplicaciones de nutrici\u00f3n deportiva Van Wankum Ingredients \u2713Equipo de profesionales \u2713Experiencia en todo el mundo","og_url":"https:\/\/vw-ingredients.com\/es\/betaglucano-de-levadura-para-aplicaciones-en-nutricion-deportiva","og_site_name":"Van Wankum Ingredients","article_modified_time":"2025-01-28T13:28:15+00:00","twitter_card":"summary_large_image","twitter_misc":{"Tiempo de lectura":"2 minutos"},"schema":{"@context":"https:\/\/schema.org","@graph":[{"@type":"WebPage","@id":"https:\/\/vw-ingredients.com\/es\/betaglucano-de-levadura-para-aplicaciones-en-nutricion-deportiva","url":"https:\/\/vw-ingredients.com\/es\/betaglucano-de-levadura-para-aplicaciones-en-nutricion-deportiva","name":"Betaglucano de levadura bueno para la nutrici\u00f3n deportiva - Van Wankum Ingredients","isPartOf":{"@id":"https:\/\/vw-ingredients.com\/es#website"},"datePublished":"2021-11-11T17:57:42+00:00","dateModified":"2025-01-28T13:28:15+00:00","description":"Betaglucano de levadura para aplicaciones de nutrici\u00f3n deportiva Van Wankum Ingredients \u2713Equipo de profesionales \u2713Experiencia en todo el mundo","breadcrumb":{"@id":"https:\/\/vw-ingredients.com\/es\/betaglucano-de-levadura-para-aplicaciones-en-nutricion-deportiva#breadcrumb"},"inLanguage":"es","potentialAction":[{"@type":"ReadAction","target":["https:\/\/vw-ingredients.com\/es\/betaglucano-de-levadura-para-aplicaciones-en-nutricion-deportiva"]}]},{"@type":"BreadcrumbList","@id":"https:\/\/vw-ingredients.com\/es\/betaglucano-de-levadura-para-aplicaciones-en-nutricion-deportiva#breadcrumb","itemListElement":[{"@type":"ListItem","position":1,"name":"Home","item":"https:\/\/vw-ingredients.com\/es"},{"@type":"ListItem","position":2,"name":"Betaglucano de levadura para aplicaciones en nutrici\u00f3n deportiva"}]},{"@type":"WebSite","@id":"https:\/\/vw-ingredients.com\/es#website","url":"https:\/\/vw-ingredients.com\/es","name":"Van Wankum Ingredients","description":"","potentialAction":[{"@type":"SearchAction","target":{"@type":"EntryPoint","urlTemplate":"https:\/\/vw-ingredients.com\/es?s={search_term_string}"},"query-input":{"@type":"PropertyValueSpecification","valueRequired":true,"valueName":"search_term_string"}}],"inLanguage":"es"}]}},"_links":{"self":[{"href":"https:\/\/vw-ingredients.com\/es\/wp-json\/wp\/v2\/pages\/7193","targetHints":{"allow":["GET"]}}],"collection":[{"href":"https:\/\/vw-ingredients.com\/es\/wp-json\/wp\/v2\/pages"}],"about":[{"href":"https:\/\/vw-ingredients.com\/es\/wp-json\/wp\/v2\/types\/page"}],"author":[{"embeddable":true,"href":"https:\/\/vw-ingredients.com\/es\/wp-json\/wp\/v2\/users\/6"}],"replies":[{"embeddable":true,"href":"https:\/\/vw-ingredients.com\/es\/wp-json\/wp\/v2\/comments?post=7193"}],"version-history":[{"count":1,"href":"https:\/\/vw-ingredients.com\/es\/wp-json\/wp\/v2\/pages\/7193\/revisions"}],"predecessor-version":[{"id":7194,"href":"https:\/\/vw-ingredients.com\/es\/wp-json\/wp\/v2\/pages\/7193\/revisions\/7194"}],"wp:attachment":[{"href":"https:\/\/vw-ingredients.com\/es\/wp-json\/wp\/v2\/media?parent=7193"}],"curies":[{"name":"wp","href":"https:\/\/api.w.org\/{rel}","templated":true}]}}