{"id":7191,"date":"2021-11-11T21:44:54","date_gmt":"2021-11-11T21:44:54","guid":{"rendered":"https:\/\/vw-ingredients.com\/stevia-de-mesa"},"modified":"2025-01-28T13:27:45","modified_gmt":"2025-01-28T13:27:45","slug":"stevia-de-mesa","status":"publish","type":"page","link":"https:\/\/vw-ingredients.com\/es\/stevia-de-mesa","title":{"rendered":"Stevia de mesa"},"content":{"rendered":"\t\t<div data-elementor-type=\"wp-page\" data-elementor-id=\"7191\" class=\"elementor elementor-7191\" data-elementor-post-type=\"page\">\n\t\t\t\t\t\t<section class=\"elementor-section elementor-top-section elementor-element elementor-element-ddc7206 elementor-section-boxed elementor-section-height-default elementor-section-height-default\" data-id=\"ddc7206\" data-element_type=\"section\" data-e-type=\"section\" data-settings=\"{&quot;jet_parallax_layout_list&quot;:[]}\">\n\t\t\t\t\t\t<div class=\"elementor-container elementor-column-gap-default\">\n\t\t\t\t\t<div class=\"elementor-column elementor-col-50 elementor-top-column elementor-element elementor-element-a128652\" data-id=\"a128652\" data-element_type=\"column\" data-e-type=\"column\">\n\t\t\t<div class=\"elementor-widget-wrap elementor-element-populated\">\n\t\t\t\t\t\t<div class=\"elementor-element elementor-element-716e5c0 elementor-widget elementor-widget-text-editor\" data-id=\"716e5c0\" data-element_type=\"widget\" data-e-type=\"widget\" data-widget_type=\"text-editor.default\">\n\t\t\t\t<div class=\"elementor-widget-container\">\n\t\t\t\t\t\t\t\t\t<p>La estevia es un edulcorante que se utiliza como sustituto del az\u00facar. Se extrae de las hojas de una planta llamada Stevia Rebaudania. La estevia puede utilizarse en polvo o en forma l\u00edquida. Los compuestos activos de la Stevia, una variedad de gluc\u00f3sidos de esteviol , son entre 250 y 300 veces m\u00e1s dulces que el az\u00facar, por lo que la Stevia es un sustituto eficaz del az\u00facar. La estevia tambi\u00e9n es estable al calor y en una amplia gama de condiciones de pH. La estevia est\u00e1 disponible en diferentes concentraciones, que var\u00edan desde el RA60% hasta el RA99%.     <\/p>\n<\/p>\n<p>Desde principios de la d\u00e9cada de 1970, la estevia se utiliza en productos comerciales. Se populariz\u00f3 por primera vez en Jap\u00f3n. Los japoneses la utilizaban como sustituto de edulcorantes como el ciclamato y la sacarina. Hoy en d\u00eda, la estevia se utiliza en todo el mundo en una amplia variedad de productos. Para ver en qu\u00e9 productos puede utilizarse la estevia, consulta nuestra lista a continuaci\u00f3n.    <\/p>\n<\/p>\n<p>La estevia se utiliza en productos comerciales desde principios de la d\u00e9cada de 1970, cuando se populariz\u00f3 en Jap\u00f3n. Los japoneses empezaron a utilizar el edulcorante como sustituto de otros edulcorantes como el ciclamato y la sacarina. Actualmente, la estevia se utiliza en una amplia variedad de productos en todo el mundo. Consulta nuestra lista a continuaci\u00f3n para ver para qu\u00e9 productos es adecuada la estevia. La estevia est\u00e1 disponible en polvo o en forma l\u00edquida.    <\/p>\n<\/p>\n<h2><strong>Beneficios de la Stevia<\/strong><\/h2>\n<ul>\n<li>La estevia puede ser entre 30 y 350 veces m\u00e1s dulce que el az\u00facar<\/li>\n<li>La estevia no estimula la caries dental<\/li>\n<li>La estevia no tiene calor\u00edas<\/li>\n<li>Tanto los diab\u00e9ticos como los no diab\u00e9ticos pueden consumir Stevia con seguridad<\/li>\n<\/ul>\n<p>Para la industria de la mesa, podemos suministrar Stevia en forma l\u00edquida, en polvo y granulada.<\/p>\n<\/p>\n<h2><strong>Ingredientes Van Wankum<\/strong><\/h2>\n<p>Van Wankum Ingredients siempre est\u00e1 buscando oportunidades respetuosas con el medio ambiente y \u00abverdes\u00bb<br \/>para sus productos y principios. Apostamos por las relaciones a largo plazo con nuestros clientes de<br \/>y por un servicio de alta calidad. No dudes en solicitar una muestra de YEAST Beta Glucan<br \/>O Ponte en contacto directamente con nosotros si tienes preguntas o solicitudes.  <\/p>\n\t\t\t\t\t\t\t\t<\/div>\n\t\t\t\t<\/div>\n\t\t\t\t\t<\/div>\n\t\t<\/div>\n\t\t\t\t<div class=\"elementor-column elementor-col-50 elementor-top-column elementor-element elementor-element-5d724d4\" data-id=\"5d724d4\" data-element_type=\"column\" data-e-type=\"column\">\n\t\t\t<div class=\"elementor-widget-wrap elementor-element-populated\">\n\t\t\t\t\t\t<section class=\"elementor-section elementor-inner-section elementor-element elementor-element-f4364dc elementor-section-height-min-height elementor-section-boxed elementor-section-height-default elementor-invisible\" data-id=\"f4364dc\" data-element_type=\"section\" data-e-type=\"section\" data-settings=\"{&quot;sticky&quot;:&quot;top&quot;,&quot;sticky_on&quot;:[&quot;desktop&quot;],&quot;sticky_parent&quot;:&quot;yes&quot;,&quot;sticky_offset&quot;:125,&quot;animation&quot;:&quot;fadeInRight&quot;,&quot;jet_parallax_layout_list&quot;:[],&quot;sticky_effects_offset&quot;:0,&quot;sticky_anchor_link_offset&quot;:0}\">\n\t\t\t\t\t\t<div class=\"elementor-container elementor-column-gap-default\">\n\t\t\t\t\t<div class=\"elementor-column elementor-col-100 elementor-inner-column elementor-element elementor-element-fdc73ad\" data-id=\"fdc73ad\" data-element_type=\"column\" data-e-type=\"column\" data-settings=\"{&quot;background_background&quot;:&quot;classic&quot;}\">\n\t\t\t<div class=\"elementor-widget-wrap elementor-element-populated\">\n\t\t\t\t\t\t<div class=\"elementor-element elementor-element-200cafd elementor-widget elementor-widget-heading\" data-id=\"200cafd\" data-element_type=\"widget\" data-e-type=\"widget\" data-widget_type=\"heading.default\">\n\t\t\t\t<div class=\"elementor-widget-container\">\n\t\t\t\t\t<h2 class=\"elementor-heading-title elementor-size-default\">Solicitar muestras<\/h2>\t\t\t\t<\/div>\n\t\t\t\t<\/div>\n\t\t\t\t<div class=\"elementor-element elementor-element-7b5f110 elementor-widget elementor-widget-text-editor\" data-id=\"7b5f110\" data-element_type=\"widget\" data-e-type=\"widget\" data-widget_type=\"text-editor.default\">\n\t\t\t\t<div class=\"elementor-widget-container\">\n\t\t\t\t\t\t\t\t\t<p>Ind\u00edcanos qu\u00e9 muestras quieres recibir. Selecciona tus muestras en nuestra lista de productos y haz clic en enviar. <\/p>\n\t\t\t\t\t\t\t\t<\/div>\n\t\t\t\t<\/div>\n\t\t\t\t<div class=\"elementor-element elementor-element-68c8a2e elementor-widget elementor-widget-button\" data-id=\"68c8a2e\" data-element_type=\"widget\" data-e-type=\"widget\" data-widget_type=\"button.default\">\n\t\t\t\t<div class=\"elementor-widget-container\">\n\t\t\t\t\t\t\t\t\t<div class=\"elementor-button-wrapper\">\n\t\t\t\t\t<a class=\"elementor-button elementor-button-link elementor-size-sm\" href=\"\/products\/\">\n\t\t\t\t\t\t<span class=\"elementor-button-content-wrapper\">\n\t\t\t\t\t\t\t\t\t<span class=\"elementor-button-text\">Solicitar muestras<\/span>\n\t\t\t\t\t<\/span>\n\t\t\t\t\t<\/a>\n\t\t\t\t<\/div>\n\t\t\t\t\t\t\t\t<\/div>\n\t\t\t\t<\/div>\n\t\t\t\t\t<\/div>\n\t\t<\/div>\n\t\t\t\t\t<\/div>\n\t\t<\/section>\n\t\t\t\t\t<\/div>\n\t\t<\/div>\n\t\t\t\t\t<\/div>\n\t\t<\/section>\n\t\t\t\t<\/div>\n\t\t","protected":false},"excerpt":{"rendered":"<p>La estevia es un edulcorante que se utiliza como sustituto del az\u00facar. Se extrae de las hojas de una planta llamada Stevia Rebaudania. La estevia puede utilizarse en polvo o en forma l\u00edquida. Los compuestos activos de la Stevia, una variedad de gluc\u00f3sidos de esteviol , son entre 250 y 300 veces m\u00e1s dulces que [&hellip;]<\/p>\n","protected":false},"author":6,"featured_media":0,"parent":0,"menu_order":0,"comment_status":"closed","ping_status":"closed","template":"elementor_header_footer","meta":{"_acf_changed":false,"footnotes":""},"class_list":["post-7191","page","type-page","status-publish","hentry"],"acf":[],"yoast_head":"<!-- This site is optimized with the Yoast SEO plugin v27.3 - https:\/\/yoast.com\/product\/yoast-seo-wordpress\/ -->\n<title>Stevia de mesa - Van Wankum Ingredients<\/title>\n<meta name=\"description\" content=\"La estevia es un edulcorante que se utiliza como sustituto del az\u00facar. Se extrae de las hojas de una planta llamada Stevia Rebaudania. La estevia puede\" \/>\n<meta name=\"robots\" content=\"index, follow, max-snippet:-1, max-image-preview:large, max-video-preview:-1\" \/>\n<link rel=\"canonical\" href=\"https:\/\/vw-ingredients.com\/es\/stevia-de-mesa\" \/>\n<meta property=\"og:locale\" content=\"es_ES\" \/>\n<meta property=\"og:type\" content=\"article\" \/>\n<meta property=\"og:title\" content=\"Stevia de mesa - Van Wankum Ingredients\" \/>\n<meta property=\"og:description\" content=\"La estevia es un edulcorante que se utiliza como sustituto del az\u00facar. Se extrae de las hojas de una planta llamada Stevia Rebaudania. La estevia puede\" \/>\n<meta property=\"og:url\" content=\"https:\/\/vw-ingredients.com\/es\/stevia-de-mesa\" \/>\n<meta property=\"og:site_name\" content=\"Van Wankum Ingredients\" \/>\n<meta property=\"article:modified_time\" content=\"2025-01-28T13:27:45+00:00\" \/>\n<meta name=\"twitter:card\" content=\"summary_large_image\" \/>\n<meta name=\"twitter:label1\" content=\"Tiempo de lectura\" \/>\n\t<meta name=\"twitter:data1\" content=\"2 minutos\" \/>\n<script type=\"application\/ld+json\" class=\"yoast-schema-graph\">{\"@context\":\"https:\\\/\\\/schema.org\",\"@graph\":[{\"@type\":\"WebPage\",\"@id\":\"https:\\\/\\\/vw-ingredients.com\\\/es\\\/stevia-de-mesa\",\"url\":\"https:\\\/\\\/vw-ingredients.com\\\/es\\\/stevia-de-mesa\",\"name\":\"Stevia de mesa - Van Wankum Ingredients\",\"isPartOf\":{\"@id\":\"https:\\\/\\\/vw-ingredients.com\\\/es#website\"},\"datePublished\":\"2021-11-11T21:44:54+00:00\",\"dateModified\":\"2025-01-28T13:27:45+00:00\",\"description\":\"La estevia es un edulcorante que se utiliza como sustituto del az\u00facar. Se extrae de las hojas de una planta llamada Stevia Rebaudania. La estevia puede\",\"breadcrumb\":{\"@id\":\"https:\\\/\\\/vw-ingredients.com\\\/es\\\/stevia-de-mesa#breadcrumb\"},\"inLanguage\":\"es\",\"potentialAction\":[{\"@type\":\"ReadAction\",\"target\":[\"https:\\\/\\\/vw-ingredients.com\\\/es\\\/stevia-de-mesa\"]}]},{\"@type\":\"BreadcrumbList\",\"@id\":\"https:\\\/\\\/vw-ingredients.com\\\/es\\\/stevia-de-mesa#breadcrumb\",\"itemListElement\":[{\"@type\":\"ListItem\",\"position\":1,\"name\":\"Home\",\"item\":\"https:\\\/\\\/vw-ingredients.com\\\/es\"},{\"@type\":\"ListItem\",\"position\":2,\"name\":\"Stevia de mesa\"}]},{\"@type\":\"WebSite\",\"@id\":\"https:\\\/\\\/vw-ingredients.com\\\/es#website\",\"url\":\"https:\\\/\\\/vw-ingredients.com\\\/es\",\"name\":\"Van Wankum Ingredients\",\"description\":\"\",\"potentialAction\":[{\"@type\":\"SearchAction\",\"target\":{\"@type\":\"EntryPoint\",\"urlTemplate\":\"https:\\\/\\\/vw-ingredients.com\\\/es?s={search_term_string}\"},\"query-input\":{\"@type\":\"PropertyValueSpecification\",\"valueRequired\":true,\"valueName\":\"search_term_string\"}}],\"inLanguage\":\"es\"}]}<\/script>\n<!-- \/ Yoast SEO plugin. -->","yoast_head_json":{"title":"Stevia de mesa - Van Wankum Ingredients","description":"La estevia es un edulcorante que se utiliza como sustituto del az\u00facar. Se extrae de las hojas de una planta llamada Stevia Rebaudania. La estevia puede","robots":{"index":"index","follow":"follow","max-snippet":"max-snippet:-1","max-image-preview":"max-image-preview:large","max-video-preview":"max-video-preview:-1"},"canonical":"https:\/\/vw-ingredients.com\/es\/stevia-de-mesa","og_locale":"es_ES","og_type":"article","og_title":"Stevia de mesa - Van Wankum Ingredients","og_description":"La estevia es un edulcorante que se utiliza como sustituto del az\u00facar. Se extrae de las hojas de una planta llamada Stevia Rebaudania. La estevia puede","og_url":"https:\/\/vw-ingredients.com\/es\/stevia-de-mesa","og_site_name":"Van Wankum Ingredients","article_modified_time":"2025-01-28T13:27:45+00:00","twitter_card":"summary_large_image","twitter_misc":{"Tiempo de lectura":"2 minutos"},"schema":{"@context":"https:\/\/schema.org","@graph":[{"@type":"WebPage","@id":"https:\/\/vw-ingredients.com\/es\/stevia-de-mesa","url":"https:\/\/vw-ingredients.com\/es\/stevia-de-mesa","name":"Stevia de mesa - Van Wankum Ingredients","isPartOf":{"@id":"https:\/\/vw-ingredients.com\/es#website"},"datePublished":"2021-11-11T21:44:54+00:00","dateModified":"2025-01-28T13:27:45+00:00","description":"La estevia es un edulcorante que se utiliza como sustituto del az\u00facar. Se extrae de las hojas de una planta llamada Stevia Rebaudania. La estevia puede","breadcrumb":{"@id":"https:\/\/vw-ingredients.com\/es\/stevia-de-mesa#breadcrumb"},"inLanguage":"es","potentialAction":[{"@type":"ReadAction","target":["https:\/\/vw-ingredients.com\/es\/stevia-de-mesa"]}]},{"@type":"BreadcrumbList","@id":"https:\/\/vw-ingredients.com\/es\/stevia-de-mesa#breadcrumb","itemListElement":[{"@type":"ListItem","position":1,"name":"Home","item":"https:\/\/vw-ingredients.com\/es"},{"@type":"ListItem","position":2,"name":"Stevia de mesa"}]},{"@type":"WebSite","@id":"https:\/\/vw-ingredients.com\/es#website","url":"https:\/\/vw-ingredients.com\/es","name":"Van Wankum Ingredients","description":"","potentialAction":[{"@type":"SearchAction","target":{"@type":"EntryPoint","urlTemplate":"https:\/\/vw-ingredients.com\/es?s={search_term_string}"},"query-input":{"@type":"PropertyValueSpecification","valueRequired":true,"valueName":"search_term_string"}}],"inLanguage":"es"}]}},"_links":{"self":[{"href":"https:\/\/vw-ingredients.com\/es\/wp-json\/wp\/v2\/pages\/7191","targetHints":{"allow":["GET"]}}],"collection":[{"href":"https:\/\/vw-ingredients.com\/es\/wp-json\/wp\/v2\/pages"}],"about":[{"href":"https:\/\/vw-ingredients.com\/es\/wp-json\/wp\/v2\/types\/page"}],"author":[{"embeddable":true,"href":"https:\/\/vw-ingredients.com\/es\/wp-json\/wp\/v2\/users\/6"}],"replies":[{"embeddable":true,"href":"https:\/\/vw-ingredients.com\/es\/wp-json\/wp\/v2\/comments?post=7191"}],"version-history":[{"count":1,"href":"https:\/\/vw-ingredients.com\/es\/wp-json\/wp\/v2\/pages\/7191\/revisions"}],"predecessor-version":[{"id":7192,"href":"https:\/\/vw-ingredients.com\/es\/wp-json\/wp\/v2\/pages\/7191\/revisions\/7192"}],"wp:attachment":[{"href":"https:\/\/vw-ingredients.com\/es\/wp-json\/wp\/v2\/media?parent=7191"}],"curies":[{"name":"wp","href":"https:\/\/api.w.org\/{rel}","templated":true}]}}