{"id":7185,"date":"2021-11-11T21:28:47","date_gmt":"2021-11-11T21:28:47","guid":{"rendered":"https:\/\/vw-ingredients.com\/beneficios-del-acido-sialico"},"modified":"2025-01-28T13:27:45","modified_gmt":"2025-01-28T13:27:45","slug":"beneficios-del-acido-sialico","status":"publish","type":"page","link":"https:\/\/vw-ingredients.com\/es\/beneficios-del-acido-sialico","title":{"rendered":"Beneficios del \u00c1CIDO SI\u00c1LICO"},"content":{"rendered":"\t\t<div data-elementor-type=\"wp-page\" data-elementor-id=\"7185\" class=\"elementor elementor-7185\" data-elementor-post-type=\"page\">\n\t\t\t\t\t\t<section class=\"elementor-section elementor-top-section elementor-element elementor-element-ddc7206 elementor-section-boxed elementor-section-height-default elementor-section-height-default\" data-id=\"ddc7206\" data-element_type=\"section\" data-e-type=\"section\" data-settings=\"{&quot;jet_parallax_layout_list&quot;:[]}\">\n\t\t\t\t\t\t<div class=\"elementor-container elementor-column-gap-default\">\n\t\t\t\t\t<div class=\"elementor-column elementor-col-50 elementor-top-column elementor-element elementor-element-a128652\" data-id=\"a128652\" data-element_type=\"column\" data-e-type=\"column\">\n\t\t\t<div class=\"elementor-widget-wrap elementor-element-populated\">\n\t\t\t\t\t\t<div class=\"elementor-element elementor-element-716e5c0 elementor-widget elementor-widget-text-editor\" data-id=\"716e5c0\" data-element_type=\"widget\" data-e-type=\"widget\" data-widget_type=\"text-editor.default\">\n\t\t\t\t<div class=\"elementor-widget-container\">\n\t\t\t\t\t\t\t\t\t<p>Van Wankum Ingredients es un proveedor de ingredientes de servicio completo para muchos clientes diferentes de los sectores de alimentaci\u00f3n y bebidas, cosm\u00e9tica, farmacia y salud. Ofrecemos ingredientes y aditivos de alta calidad.  Nuestros servicios incluyen muestreo, log\u00edstica rentable, documentos de calidad y consultor\u00eda. Nuestro equipo de expertos comerciales, log\u00edsticos, financieros y tecn\u00f3logos alimentarios comparten m\u00e1s de 30 a\u00f1os de experiencia profesional en todo el mundo y se comprometen a satisfacer las necesidades de los clientes.  vamos a explicarte los Beneficios del \u00c1CIDO SIAL\u00cdTICO;<\/p>\n<\/p>\n<h2>\u00bfQU\u00c9 ES EL \u00c1CIDO SI\u00c1LICO?<\/h2>\n<p>El \u00e1cido si\u00e1lico, tambi\u00e9n conocido como N-acetilneuram\u00ednico, es un componente clave de los oligosac\u00e1ridos de la leche humana (HMO). Est\u00e1 contenido en la leche materna y es un ingrediente funcional caracter\u00edstico. El \u00c1cido Sialico puede promover eficazmente el desarrollo y la reparaci\u00f3n funcional de las c\u00e9lulas nerviosas, epiteliales e inmunitarias, lo que puede conseguir el efecto de mejorar la inmunidad, promover el desarrollo intelectual , nutrir la piel y antienvejecimiento.  <\/p>\n<\/p>\n<h2>BENEFICIOS DEL \u00c1CIDO SI\u00c1LICO<\/h2>\n<p>El \u00c1CIDO SIALICO o N-acetilneuram\u00ednico tiene muchos beneficios, A continuaci\u00f3n hemos enumerado una serie de Beneficios:<\/p>\n<\/p>\n<p>&#8211; El \u00c1CIDO si\u00e1lico mantiene y estimula la eficacia del sistema inmunitario<br \/>&#8211; El \u00c1CIDO si\u00e1lico favorece el desarrollo cerebral.<br \/>&#8211; El \u00c1CIDO si\u00e1lico retrasa la disfunci\u00f3n cerebral y favorece las c\u00e9lulas nerviosas da\u00f1adas.<br \/>&#8211; El \u00c1CIDO si\u00e1lico refuerza las c\u00e9lulas de viabilidad y mejora la Inmunidad.<\/p>\n<\/p>\n<h2>Certificaciones:<\/h2>\n<p>&#8211; BRC<br \/>&#8211; Sin OMG<br \/>&#8211; Sin al\u00e9rgenos<br \/>&#8211; Certificado Kosher\/Halal<\/p>\n<h2>Aplicaciones del \u00e1cido si\u00e1lico<\/h2>\n<p>&#8211; Productos nutricionales y diet\u00e9ticos<br \/>&#8211; Alimentos fortificantes de la inmunidad<br \/>&#8211; Alimentos adelgazantes<br \/>&#8211; Alimentos antienvejecimiento<br \/>&#8211; Nutrici\u00f3n infantil<\/p>\n<\/p>\n<h2>Ingredientes Van Wankum<\/h2>\n<p>Van Wankum Ingredients siempre est\u00e1 buscando oportunidades respetuosas con el medio ambiente y \u00abverdes\u00bb<br \/>para sus productos y principios. Defendemos las relaciones a largo plazo con nuestros clientes<br \/>y un servicio de alta calidad. No dudes en solicitar una muestra de \u00c1CIDO SIALICO<br \/>O Ponte en contacto directamente con nosotros si tienes preguntas o solicitudes.  <\/p>\n\t\t\t\t\t\t\t\t<\/div>\n\t\t\t\t<\/div>\n\t\t\t\t\t<\/div>\n\t\t<\/div>\n\t\t\t\t<div class=\"elementor-column elementor-col-50 elementor-top-column elementor-element elementor-element-5d724d4\" data-id=\"5d724d4\" data-element_type=\"column\" data-e-type=\"column\">\n\t\t\t<div class=\"elementor-widget-wrap elementor-element-populated\">\n\t\t\t\t\t\t<section class=\"elementor-section elementor-inner-section elementor-element elementor-element-f4364dc elementor-section-height-min-height elementor-section-boxed elementor-section-height-default elementor-invisible\" data-id=\"f4364dc\" data-element_type=\"section\" data-e-type=\"section\" data-settings=\"{&quot;sticky&quot;:&quot;top&quot;,&quot;sticky_on&quot;:[&quot;desktop&quot;],&quot;sticky_parent&quot;:&quot;yes&quot;,&quot;sticky_offset&quot;:125,&quot;animation&quot;:&quot;fadeInRight&quot;,&quot;jet_parallax_layout_list&quot;:[],&quot;sticky_effects_offset&quot;:0,&quot;sticky_anchor_link_offset&quot;:0}\">\n\t\t\t\t\t\t<div class=\"elementor-container elementor-column-gap-default\">\n\t\t\t\t\t<div class=\"elementor-column elementor-col-100 elementor-inner-column elementor-element elementor-element-fdc73ad\" data-id=\"fdc73ad\" data-element_type=\"column\" data-e-type=\"column\" data-settings=\"{&quot;background_background&quot;:&quot;classic&quot;}\">\n\t\t\t<div class=\"elementor-widget-wrap elementor-element-populated\">\n\t\t\t\t\t\t<div class=\"elementor-element elementor-element-200cafd elementor-widget elementor-widget-heading\" data-id=\"200cafd\" data-element_type=\"widget\" data-e-type=\"widget\" data-widget_type=\"heading.default\">\n\t\t\t\t<div class=\"elementor-widget-container\">\n\t\t\t\t\t<h2 class=\"elementor-heading-title elementor-size-default\">Solicitar muestras<\/h2>\t\t\t\t<\/div>\n\t\t\t\t<\/div>\n\t\t\t\t<div class=\"elementor-element elementor-element-7b5f110 elementor-widget elementor-widget-text-editor\" data-id=\"7b5f110\" data-element_type=\"widget\" data-e-type=\"widget\" data-widget_type=\"text-editor.default\">\n\t\t\t\t<div class=\"elementor-widget-container\">\n\t\t\t\t\t\t\t\t\t<p>Ind\u00edcanos qu\u00e9 muestras quieres recibir. Selecciona tus muestras en nuestra lista de productos y haz clic en enviar. <\/p>\n\t\t\t\t\t\t\t\t<\/div>\n\t\t\t\t<\/div>\n\t\t\t\t<div class=\"elementor-element elementor-element-68c8a2e elementor-widget elementor-widget-button\" data-id=\"68c8a2e\" data-element_type=\"widget\" data-e-type=\"widget\" data-widget_type=\"button.default\">\n\t\t\t\t<div class=\"elementor-widget-container\">\n\t\t\t\t\t\t\t\t\t<div class=\"elementor-button-wrapper\">\n\t\t\t\t\t<a class=\"elementor-button elementor-button-link elementor-size-sm\" href=\"\/products\/\">\n\t\t\t\t\t\t<span class=\"elementor-button-content-wrapper\">\n\t\t\t\t\t\t\t\t\t<span class=\"elementor-button-text\">Solicitar muestras<\/span>\n\t\t\t\t\t<\/span>\n\t\t\t\t\t<\/a>\n\t\t\t\t<\/div>\n\t\t\t\t\t\t\t\t<\/div>\n\t\t\t\t<\/div>\n\t\t\t\t\t<\/div>\n\t\t<\/div>\n\t\t\t\t\t<\/div>\n\t\t<\/section>\n\t\t\t\t\t<\/div>\n\t\t<\/div>\n\t\t\t\t\t<\/div>\n\t\t<\/section>\n\t\t\t\t<\/div>\n\t\t","protected":false},"excerpt":{"rendered":"<p>Van Wankum Ingredients es un proveedor de ingredientes de servicio completo para muchos clientes diferentes de los sectores de alimentaci\u00f3n y bebidas, cosm\u00e9tica, farmacia y salud. Ofrecemos ingredientes y aditivos de alta calidad. Nuestros servicios incluyen muestreo, log\u00edstica rentable, documentos de calidad y consultor\u00eda. Nuestro equipo de expertos comerciales, log\u00edsticos, financieros y tecn\u00f3logos alimentarios comparten [&hellip;]<\/p>\n","protected":false},"author":6,"featured_media":0,"parent":0,"menu_order":0,"comment_status":"closed","ping_status":"closed","template":"elementor_header_footer","meta":{"_acf_changed":false,"footnotes":""},"class_list":["post-7185","page","type-page","status-publish","hentry"],"acf":[],"yoast_head":"<!-- This site is optimized with the Yoast SEO plugin v27.3 - https:\/\/yoast.com\/product\/yoast-seo-wordpress\/ -->\n<title>Beneficios del \u00e1cido si\u00e1lico | Van Wankum Ingredientes<\/title>\n<meta name=\"description\" content=\"Los beneficios del \u00e1cido si\u00e1lico, tambi\u00e9n conocido como N-acetilneuram\u00ednico, es un componente clave de los oligosac\u00e1ridos de la leche humana (HMO). VW - Ingredientes\" \/>\n<meta name=\"robots\" content=\"index, follow, max-snippet:-1, max-image-preview:large, max-video-preview:-1\" \/>\n<link rel=\"canonical\" href=\"https:\/\/vw-ingredients.com\/es\/beneficios-del-acido-sialico\" \/>\n<meta property=\"og:locale\" content=\"es_ES\" \/>\n<meta property=\"og:type\" content=\"article\" \/>\n<meta property=\"og:title\" content=\"Beneficios del \u00e1cido si\u00e1lico | Van Wankum Ingredientes\" \/>\n<meta property=\"og:description\" content=\"Los beneficios del \u00e1cido si\u00e1lico, tambi\u00e9n conocido como N-acetilneuram\u00ednico, es un componente clave de los oligosac\u00e1ridos de la leche humana (HMO). VW - Ingredientes\" \/>\n<meta property=\"og:url\" content=\"https:\/\/vw-ingredients.com\/es\/beneficios-del-acido-sialico\" \/>\n<meta property=\"og:site_name\" content=\"Van Wankum Ingredients\" \/>\n<meta property=\"article:modified_time\" content=\"2025-01-28T13:27:45+00:00\" \/>\n<meta name=\"twitter:card\" content=\"summary_large_image\" \/>\n<meta name=\"twitter:label1\" content=\"Tiempo de lectura\" \/>\n\t<meta name=\"twitter:data1\" content=\"2 minutos\" \/>\n<script type=\"application\/ld+json\" class=\"yoast-schema-graph\">{\"@context\":\"https:\\\/\\\/schema.org\",\"@graph\":[{\"@type\":\"WebPage\",\"@id\":\"https:\\\/\\\/vw-ingredients.com\\\/es\\\/beneficios-del-acido-sialico\",\"url\":\"https:\\\/\\\/vw-ingredients.com\\\/es\\\/beneficios-del-acido-sialico\",\"name\":\"Beneficios del \u00e1cido si\u00e1lico | Van Wankum Ingredientes\",\"isPartOf\":{\"@id\":\"https:\\\/\\\/vw-ingredients.com\\\/es#website\"},\"datePublished\":\"2021-11-11T21:28:47+00:00\",\"dateModified\":\"2025-01-28T13:27:45+00:00\",\"description\":\"Los beneficios del \u00e1cido si\u00e1lico, tambi\u00e9n conocido como N-acetilneuram\u00ednico, es un componente clave de los oligosac\u00e1ridos de la leche humana (HMO). VW - Ingredientes\",\"breadcrumb\":{\"@id\":\"https:\\\/\\\/vw-ingredients.com\\\/es\\\/beneficios-del-acido-sialico#breadcrumb\"},\"inLanguage\":\"es\",\"potentialAction\":[{\"@type\":\"ReadAction\",\"target\":[\"https:\\\/\\\/vw-ingredients.com\\\/es\\\/beneficios-del-acido-sialico\"]}]},{\"@type\":\"BreadcrumbList\",\"@id\":\"https:\\\/\\\/vw-ingredients.com\\\/es\\\/beneficios-del-acido-sialico#breadcrumb\",\"itemListElement\":[{\"@type\":\"ListItem\",\"position\":1,\"name\":\"Home\",\"item\":\"https:\\\/\\\/vw-ingredients.com\\\/es\"},{\"@type\":\"ListItem\",\"position\":2,\"name\":\"Beneficios del \u00c1CIDO SI\u00c1LICO\"}]},{\"@type\":\"WebSite\",\"@id\":\"https:\\\/\\\/vw-ingredients.com\\\/es#website\",\"url\":\"https:\\\/\\\/vw-ingredients.com\\\/es\",\"name\":\"Van Wankum Ingredients\",\"description\":\"\",\"potentialAction\":[{\"@type\":\"SearchAction\",\"target\":{\"@type\":\"EntryPoint\",\"urlTemplate\":\"https:\\\/\\\/vw-ingredients.com\\\/es?s={search_term_string}\"},\"query-input\":{\"@type\":\"PropertyValueSpecification\",\"valueRequired\":true,\"valueName\":\"search_term_string\"}}],\"inLanguage\":\"es\"}]}<\/script>\n<!-- \/ Yoast SEO plugin. -->","yoast_head_json":{"title":"Beneficios del \u00e1cido si\u00e1lico | Van Wankum Ingredientes","description":"Los beneficios del \u00e1cido si\u00e1lico, tambi\u00e9n conocido como N-acetilneuram\u00ednico, es un componente clave de los oligosac\u00e1ridos de la leche humana (HMO). VW - Ingredientes","robots":{"index":"index","follow":"follow","max-snippet":"max-snippet:-1","max-image-preview":"max-image-preview:large","max-video-preview":"max-video-preview:-1"},"canonical":"https:\/\/vw-ingredients.com\/es\/beneficios-del-acido-sialico","og_locale":"es_ES","og_type":"article","og_title":"Beneficios del \u00e1cido si\u00e1lico | Van Wankum Ingredientes","og_description":"Los beneficios del \u00e1cido si\u00e1lico, tambi\u00e9n conocido como N-acetilneuram\u00ednico, es un componente clave de los oligosac\u00e1ridos de la leche humana (HMO). VW - Ingredientes","og_url":"https:\/\/vw-ingredients.com\/es\/beneficios-del-acido-sialico","og_site_name":"Van Wankum Ingredients","article_modified_time":"2025-01-28T13:27:45+00:00","twitter_card":"summary_large_image","twitter_misc":{"Tiempo de lectura":"2 minutos"},"schema":{"@context":"https:\/\/schema.org","@graph":[{"@type":"WebPage","@id":"https:\/\/vw-ingredients.com\/es\/beneficios-del-acido-sialico","url":"https:\/\/vw-ingredients.com\/es\/beneficios-del-acido-sialico","name":"Beneficios del \u00e1cido si\u00e1lico | Van Wankum Ingredientes","isPartOf":{"@id":"https:\/\/vw-ingredients.com\/es#website"},"datePublished":"2021-11-11T21:28:47+00:00","dateModified":"2025-01-28T13:27:45+00:00","description":"Los beneficios del \u00e1cido si\u00e1lico, tambi\u00e9n conocido como N-acetilneuram\u00ednico, es un componente clave de los oligosac\u00e1ridos de la leche humana (HMO). VW - Ingredientes","breadcrumb":{"@id":"https:\/\/vw-ingredients.com\/es\/beneficios-del-acido-sialico#breadcrumb"},"inLanguage":"es","potentialAction":[{"@type":"ReadAction","target":["https:\/\/vw-ingredients.com\/es\/beneficios-del-acido-sialico"]}]},{"@type":"BreadcrumbList","@id":"https:\/\/vw-ingredients.com\/es\/beneficios-del-acido-sialico#breadcrumb","itemListElement":[{"@type":"ListItem","position":1,"name":"Home","item":"https:\/\/vw-ingredients.com\/es"},{"@type":"ListItem","position":2,"name":"Beneficios del \u00c1CIDO SI\u00c1LICO"}]},{"@type":"WebSite","@id":"https:\/\/vw-ingredients.com\/es#website","url":"https:\/\/vw-ingredients.com\/es","name":"Van Wankum Ingredients","description":"","potentialAction":[{"@type":"SearchAction","target":{"@type":"EntryPoint","urlTemplate":"https:\/\/vw-ingredients.com\/es?s={search_term_string}"},"query-input":{"@type":"PropertyValueSpecification","valueRequired":true,"valueName":"search_term_string"}}],"inLanguage":"es"}]}},"_links":{"self":[{"href":"https:\/\/vw-ingredients.com\/es\/wp-json\/wp\/v2\/pages\/7185","targetHints":{"allow":["GET"]}}],"collection":[{"href":"https:\/\/vw-ingredients.com\/es\/wp-json\/wp\/v2\/pages"}],"about":[{"href":"https:\/\/vw-ingredients.com\/es\/wp-json\/wp\/v2\/types\/page"}],"author":[{"embeddable":true,"href":"https:\/\/vw-ingredients.com\/es\/wp-json\/wp\/v2\/users\/6"}],"replies":[{"embeddable":true,"href":"https:\/\/vw-ingredients.com\/es\/wp-json\/wp\/v2\/comments?post=7185"}],"version-history":[{"count":1,"href":"https:\/\/vw-ingredients.com\/es\/wp-json\/wp\/v2\/pages\/7185\/revisions"}],"predecessor-version":[{"id":7186,"href":"https:\/\/vw-ingredients.com\/es\/wp-json\/wp\/v2\/pages\/7185\/revisions\/7186"}],"wp:attachment":[{"href":"https:\/\/vw-ingredients.com\/es\/wp-json\/wp\/v2\/media?parent=7185"}],"curies":[{"name":"wp","href":"https:\/\/api.w.org\/{rel}","templated":true}]}}