{"id":7180,"date":"2021-11-11T19:29:36","date_gmt":"2021-11-11T19:29:36","guid":{"rendered":"https:\/\/vw-ingredients.com\/fabricante-de-polidextrosa"},"modified":"2025-01-28T13:27:41","modified_gmt":"2025-01-28T13:27:41","slug":"fabricante-de-polidextrosa","status":"publish","type":"page","link":"https:\/\/vw-ingredients.com\/es\/fabricante-de-polidextrosa","title":{"rendered":"Fabricante de polidextrosa"},"content":{"rendered":"\t\t<div data-elementor-type=\"wp-page\" data-elementor-id=\"7180\" class=\"elementor elementor-7180 elementor-6044\" data-elementor-post-type=\"page\">\n\t\t\t\t\t\t<section class=\"elementor-section elementor-top-section elementor-element elementor-element-ddc7206 elementor-section-boxed elementor-section-height-default elementor-section-height-default\" data-id=\"ddc7206\" data-element_type=\"section\" data-e-type=\"section\" data-settings=\"{&quot;jet_parallax_layout_list&quot;:[]}\">\n\t\t\t\t\t\t<div class=\"elementor-container elementor-column-gap-default\">\n\t\t\t\t\t<div class=\"elementor-column elementor-col-50 elementor-top-column elementor-element elementor-element-a128652\" data-id=\"a128652\" data-element_type=\"column\" data-e-type=\"column\">\n\t\t\t<div class=\"elementor-widget-wrap elementor-element-populated\">\n\t\t\t\t\t\t<div class=\"elementor-element elementor-element-716e5c0 elementor-widget elementor-widget-text-editor\" data-id=\"716e5c0\" data-element_type=\"widget\" data-e-type=\"widget\" data-widget_type=\"text-editor.default\">\n\t\t\t\t<div class=\"elementor-widget-container\">\n\t\t\t\t\t\t\t\t\t<p>Van Wankum Ingredients es un proveedor de ingredientes de servicio completo para muchos clientes diferentes de los sectores de alimentaci\u00f3n y bebidas, cosm\u00e9tica, farmacia y salud. Ofrecemos ingredientes y aditivos de alta calidad.  Nuestros servicios incluyen muestreo, log\u00edstica rentable, documentos de calidad y consultor\u00eda. Nuestro equipo de expertos comerciales, log\u00edsticos, financieros y tecn\u00f3logos alimentarios comparten m\u00e1s de 30 a\u00f1os de experiencia profesional en todo el mundo y se comprometen a satisfacer las necesidades de los clientes. <\/p>\n<h2>\u00bfQu\u00e9 es la polidextrosa?<\/h2>\n<p>La polidextrosa es un carbohidrato especial bajo en calor\u00edas, sin az\u00facar, de bajo \u00edndice gluc\u00e9mico, prebi\u00f3tico<br \/>y ampliamente reconocido como fibra diet\u00e9tica. Ofrece una serie de beneficios fisiol\u00f3gicos y funcionales.<br \/>Aprobada para su uso en m\u00e1s de 50 pa\u00edses, los PROVEEDORES de alimentos pueden confiar en la polidextrosa en la formulaci\u00f3n<br \/>de alimentos y bebidas bajos en calor\u00edas, sin az\u00facar, reducidos en az\u00facar y bajos en grasa. La polidextrosa<br \/>tambi\u00e9n puede reducir la respuesta gluc\u00e9mica, al tiempo que a\u00f1ade fibra a todo tipo de alimentos procesados.<br \/>La polidextrosa es un ingrediente multifuncional con una amplia variedad de aplicaciones, como productos horneados<br \/>, productos l\u00e1cteos, barritas nutritivas, cereales, bebidas, confiter\u00eda, chocolate, yogur, ali\u00f1os para ensaladas,<br \/>entre muchas otras. La polidextrosa es un polisac\u00e1rido compuesto por glucosa reticulada aleatoriamente<br \/>y tienen 1 kcal\/g Calor\u00edas.   <\/p>\n<h2>Beneficios de la polidextrosa<\/h2>\n<p>&#8211; La polidextrosa tiene muy pocas calor\u00edas, 1 kcal\/g, ingrediente perfecto para la formulaci\u00f3n de alimentos reducidos en calor\u00edas.<br \/>&#8211; La polidextrosa sustituye al az\u00facar, los jarabes de glucosa y la grasa, al tiempo que mejora el sabor, la textura y la sensaci\u00f3n en boca en diversas aplicaciones.<br \/>&#8211; La polidextrosa est\u00e1 reconocida como fibra diet\u00e9tica en muchos pa\u00edses importantes.<br \/>&#8211; La polidextrosa mantiene la fermentaci\u00f3n en todo el colon, actuando como prebi\u00f3tico para la salud digestiva<br \/>&#8211; La polidextrosa es muy soluble, lo que permite preparar jarabes.<br \/>&#8211; La polidextrosa tiene propiedades enmascaradoras del sabor que ayudan a minimizar las notas desagradables causadas por edulcorantes intensos, vitaminas, minerales, soja y otros suplementos.<\/p>\n<h2>Fabricante de polidextrosa<\/h2>\n<p>Clientes de todo el mundo utilizan nuestros servicios como proveedores de POLIDEXTROSA. Trabajamos<br \/>con una gesti\u00f3n de la cadena de alto funcionamiento y s\u00f3lo colaboramos con proveedores de POLYDEXTROSE de primera categor\u00eda en todo el mundo. Con m\u00e1s de 30 a\u00f1os de experiencia y una red mundial, podemos<br \/>ofrecer a nuestros clientes los mejores proveedores de POLYDEXTROSE.  <\/p>\n<h2>Te lo garantizamos:<\/h2>\n<p>&#8211; M\u00e1s de 20 a\u00f1os de experiencia en aprovisionamiento en China e India.<br \/>&#8211; Entregas y almacenes acondicionados.<br \/>&#8211; Garant\u00eda de calidad conforme a la normativa industrial.<br \/>&#8211; Acciones estrat\u00e9gicamente situadas en toda Europa.<br \/>&#8211; Entrega en 24 horas desde nuestros almacenes a nuestros clientes dentro de la Uni\u00f3n Europea.<\/p>\n<p>Gracias a la estrecha colaboraci\u00f3n con nuestro socio de la cadena de suministro, podemos abordar b\u00e1sicamente cualquier problema, oportunidad o reto de la cadena de suministro.<\/p>\n<h2>Aplicaciones de la polidextrosa<\/h2>\n<p>&#8211; Bebidas y mezclas de bebidas<br \/>&#8211; Bebidas carbonatadas<br \/>&#8211; Bebidas sin gas<br \/>&#8211; Caramelos duros y blandos<br \/>&#8211; Mermeladas y jaleas<br \/>&#8211; Caramelos masticables y pastillas<br \/>&#8211; Caf\u00e9 y t\u00e9<br \/>&#8211; Productos l\u00e1cteos<br \/>&#8211; Frutas procesadas y zumos de frutas<br \/>&#8211; Verduras procesadas y zumos de verduras<br \/>&#8211; Dulces y glaseados<br \/>&#8211; Productos Nutricionales y Diet\u00e9ticos<br \/>&#8211; Edulcorantes de mesa<br \/>&#8211; Fruta procesada<br \/>&#8211; Chicle<br \/>&#8211; Productos de mezcla seca<br \/>&#8211; Frutas para untar<br \/>&#8211; Postres congelados<br \/>&#8211; Ali\u00f1os para ensaladas<\/p>\n<h2>Ingredientes Van Wankum<\/h2>\n<p>Van Wankum Ingredients siempre busca oportunidades respetuosas con el medio ambiente y \u00abverdes\u00bb<br \/>para sus productos y principios. Defendemos las relaciones a largo plazo con nuestros clientes y un servicio de alta calidad<br \/>. \u00bfDeseas m\u00e1s informaci\u00f3n sobre nuestros servicios como proveedores de POLYDEXTROSE<br \/>o quieres solicitar una muestra de POLYDEXTROSE ? No dudes en ponerte en contacto con nosotros en<br \/>.   <\/p>\n\t\t\t\t\t\t\t\t<\/div>\n\t\t\t\t<\/div>\n\t\t\t\t\t<\/div>\n\t\t<\/div>\n\t\t\t\t<div class=\"elementor-column elementor-col-50 elementor-top-column elementor-element elementor-element-5d724d4\" data-id=\"5d724d4\" data-element_type=\"column\" data-e-type=\"column\">\n\t\t\t<div class=\"elementor-widget-wrap elementor-element-populated\">\n\t\t\t\t\t\t<section class=\"elementor-section elementor-inner-section elementor-element elementor-element-f4364dc elementor-section-height-min-height elementor-section-boxed elementor-section-height-default elementor-invisible\" data-id=\"f4364dc\" data-element_type=\"section\" data-e-type=\"section\" data-settings=\"{&quot;sticky&quot;:&quot;top&quot;,&quot;sticky_on&quot;:[&quot;desktop&quot;],&quot;sticky_parent&quot;:&quot;yes&quot;,&quot;sticky_offset&quot;:125,&quot;animation&quot;:&quot;fadeInRight&quot;,&quot;jet_parallax_layout_list&quot;:[],&quot;sticky_effects_offset&quot;:0,&quot;sticky_anchor_link_offset&quot;:0}\">\n\t\t\t\t\t\t<div class=\"elementor-container elementor-column-gap-default\">\n\t\t\t\t\t<div class=\"elementor-column elementor-col-100 elementor-inner-column elementor-element elementor-element-fdc73ad\" data-id=\"fdc73ad\" data-element_type=\"column\" data-e-type=\"column\" data-settings=\"{&quot;background_background&quot;:&quot;classic&quot;}\">\n\t\t\t<div class=\"elementor-widget-wrap elementor-element-populated\">\n\t\t\t\t\t\t<div class=\"elementor-element elementor-element-200cafd elementor-widget elementor-widget-heading\" data-id=\"200cafd\" data-element_type=\"widget\" data-e-type=\"widget\" data-widget_type=\"heading.default\">\n\t\t\t\t<div class=\"elementor-widget-container\">\n\t\t\t\t\t<h2 class=\"elementor-heading-title elementor-size-default\">Solicitar muestras<\/h2>\t\t\t\t<\/div>\n\t\t\t\t<\/div>\n\t\t\t\t<div class=\"elementor-element elementor-element-7b5f110 elementor-widget elementor-widget-text-editor\" data-id=\"7b5f110\" data-element_type=\"widget\" data-e-type=\"widget\" data-widget_type=\"text-editor.default\">\n\t\t\t\t<div class=\"elementor-widget-container\">\n\t\t\t\t\t\t\t\t\t<p>Ind\u00edcanos qu\u00e9 muestras quieres recibir. Selecciona tus muestras en nuestra lista de productos y haz clic en enviar. <\/p>\n\t\t\t\t\t\t\t\t<\/div>\n\t\t\t\t<\/div>\n\t\t\t\t<div class=\"elementor-element elementor-element-68c8a2e elementor-widget elementor-widget-button\" data-id=\"68c8a2e\" data-element_type=\"widget\" data-e-type=\"widget\" data-widget_type=\"button.default\">\n\t\t\t\t<div class=\"elementor-widget-container\">\n\t\t\t\t\t\t\t\t\t<div class=\"elementor-button-wrapper\">\n\t\t\t\t\t<a class=\"elementor-button elementor-button-link elementor-size-sm\" href=\"\/products\/\">\n\t\t\t\t\t\t<span class=\"elementor-button-content-wrapper\">\n\t\t\t\t\t\t\t\t\t<span class=\"elementor-button-text\">Solicitar muestras<\/span>\n\t\t\t\t\t<\/span>\n\t\t\t\t\t<\/a>\n\t\t\t\t<\/div>\n\t\t\t\t\t\t\t\t<\/div>\n\t\t\t\t<\/div>\n\t\t\t\t\t<\/div>\n\t\t<\/div>\n\t\t\t\t\t<\/div>\n\t\t<\/section>\n\t\t\t\t\t<\/div>\n\t\t<\/div>\n\t\t\t\t\t<\/div>\n\t\t<\/section>\n\t\t\t\t<\/div>\n\t\t","protected":false},"excerpt":{"rendered":"<p>Van Wankum Ingredients es un proveedor de ingredientes de servicio completo para muchos clientes diferentes de los sectores de alimentaci\u00f3n y bebidas, cosm\u00e9tica, farmacia y salud. Ofrecemos ingredientes y aditivos de alta calidad. Nuestros servicios incluyen muestreo, log\u00edstica rentable, documentos de calidad y consultor\u00eda. Nuestro equipo de expertos comerciales, log\u00edsticos, financieros y tecn\u00f3logos alimentarios comparten [&hellip;]<\/p>\n","protected":false},"author":6,"featured_media":0,"parent":0,"menu_order":0,"comment_status":"closed","ping_status":"closed","template":"elementor_header_footer","meta":{"_acf_changed":false,"footnotes":""},"class_list":["post-7180","page","type-page","status-publish","hentry"],"acf":[],"yoast_head":"<!-- This site is optimized with the Yoast SEO plugin v27.5 - https:\/\/yoast.com\/product\/yoast-seo-wordpress\/ -->\n<title>Fabricante de polidextrosa | Van Wankum Ingredients<\/title>\n<meta name=\"description\" content=\"VW-Ingredients fabrica Polidextrosa, un carbohidrato especial bajo en calor\u00edas, prebi\u00f3tico y ampliamente reconocido como fibra diet\u00e9tica.\" \/>\n<meta name=\"robots\" content=\"index, follow, max-snippet:-1, max-image-preview:large, max-video-preview:-1\" \/>\n<link rel=\"canonical\" href=\"https:\/\/vw-ingredients.com\/es\/fabricante-de-polidextrosa\" \/>\n<meta property=\"og:locale\" content=\"es_ES\" \/>\n<meta property=\"og:type\" content=\"article\" \/>\n<meta property=\"og:title\" content=\"Fabricante de polidextrosa | Van Wankum Ingredients\" \/>\n<meta property=\"og:description\" content=\"VW-Ingredients fabrica Polidextrosa, un carbohidrato especial bajo en calor\u00edas, prebi\u00f3tico y ampliamente reconocido como fibra diet\u00e9tica.\" \/>\n<meta property=\"og:url\" content=\"https:\/\/vw-ingredients.com\/es\/fabricante-de-polidextrosa\" \/>\n<meta property=\"og:site_name\" content=\"Van Wankum Ingredients\" \/>\n<meta property=\"article:modified_time\" content=\"2025-01-28T13:27:41+00:00\" \/>\n<meta name=\"twitter:card\" content=\"summary_large_image\" \/>\n<meta name=\"twitter:label1\" content=\"Tiempo de lectura\" \/>\n\t<meta name=\"twitter:data1\" content=\"3 minutos\" \/>\n<script type=\"application\/ld+json\" class=\"yoast-schema-graph\">{\"@context\":\"https:\\\/\\\/schema.org\",\"@graph\":[{\"@type\":\"WebPage\",\"@id\":\"https:\\\/\\\/vw-ingredients.com\\\/es\\\/fabricante-de-polidextrosa\",\"url\":\"https:\\\/\\\/vw-ingredients.com\\\/es\\\/fabricante-de-polidextrosa\",\"name\":\"Fabricante de polidextrosa | Van Wankum Ingredients\",\"isPartOf\":{\"@id\":\"https:\\\/\\\/vw-ingredients.com\\\/es#website\"},\"datePublished\":\"2021-11-11T19:29:36+00:00\",\"dateModified\":\"2025-01-28T13:27:41+00:00\",\"description\":\"VW-Ingredients fabrica Polidextrosa, un carbohidrato especial bajo en calor\u00edas, prebi\u00f3tico y ampliamente reconocido como fibra diet\u00e9tica.\",\"breadcrumb\":{\"@id\":\"https:\\\/\\\/vw-ingredients.com\\\/es\\\/fabricante-de-polidextrosa#breadcrumb\"},\"inLanguage\":\"es\",\"potentialAction\":[{\"@type\":\"ReadAction\",\"target\":[\"https:\\\/\\\/vw-ingredients.com\\\/es\\\/fabricante-de-polidextrosa\"]}]},{\"@type\":\"BreadcrumbList\",\"@id\":\"https:\\\/\\\/vw-ingredients.com\\\/es\\\/fabricante-de-polidextrosa#breadcrumb\",\"itemListElement\":[{\"@type\":\"ListItem\",\"position\":1,\"name\":\"Home\",\"item\":\"https:\\\/\\\/vw-ingredients.com\\\/es\"},{\"@type\":\"ListItem\",\"position\":2,\"name\":\"Fabricante de polidextrosa\"}]},{\"@type\":\"WebSite\",\"@id\":\"https:\\\/\\\/vw-ingredients.com\\\/es#website\",\"url\":\"https:\\\/\\\/vw-ingredients.com\\\/es\",\"name\":\"Van Wankum Ingredients\",\"description\":\"\",\"potentialAction\":[{\"@type\":\"SearchAction\",\"target\":{\"@type\":\"EntryPoint\",\"urlTemplate\":\"https:\\\/\\\/vw-ingredients.com\\\/es?s={search_term_string}\"},\"query-input\":{\"@type\":\"PropertyValueSpecification\",\"valueRequired\":true,\"valueName\":\"search_term_string\"}}],\"inLanguage\":\"es\"}]}<\/script>\n<!-- \/ Yoast SEO plugin. -->","yoast_head_json":{"title":"Fabricante de polidextrosa | Van Wankum Ingredients","description":"VW-Ingredients fabrica Polidextrosa, un carbohidrato especial bajo en calor\u00edas, prebi\u00f3tico y ampliamente reconocido como fibra diet\u00e9tica.","robots":{"index":"index","follow":"follow","max-snippet":"max-snippet:-1","max-image-preview":"max-image-preview:large","max-video-preview":"max-video-preview:-1"},"canonical":"https:\/\/vw-ingredients.com\/es\/fabricante-de-polidextrosa","og_locale":"es_ES","og_type":"article","og_title":"Fabricante de polidextrosa | Van Wankum Ingredients","og_description":"VW-Ingredients fabrica Polidextrosa, un carbohidrato especial bajo en calor\u00edas, prebi\u00f3tico y ampliamente reconocido como fibra diet\u00e9tica.","og_url":"https:\/\/vw-ingredients.com\/es\/fabricante-de-polidextrosa","og_site_name":"Van Wankum Ingredients","article_modified_time":"2025-01-28T13:27:41+00:00","twitter_card":"summary_large_image","twitter_misc":{"Tiempo de lectura":"3 minutos"},"schema":{"@context":"https:\/\/schema.org","@graph":[{"@type":"WebPage","@id":"https:\/\/vw-ingredients.com\/es\/fabricante-de-polidextrosa","url":"https:\/\/vw-ingredients.com\/es\/fabricante-de-polidextrosa","name":"Fabricante de polidextrosa | Van Wankum Ingredients","isPartOf":{"@id":"https:\/\/vw-ingredients.com\/es#website"},"datePublished":"2021-11-11T19:29:36+00:00","dateModified":"2025-01-28T13:27:41+00:00","description":"VW-Ingredients fabrica Polidextrosa, un carbohidrato especial bajo en calor\u00edas, prebi\u00f3tico y ampliamente reconocido como fibra diet\u00e9tica.","breadcrumb":{"@id":"https:\/\/vw-ingredients.com\/es\/fabricante-de-polidextrosa#breadcrumb"},"inLanguage":"es","potentialAction":[{"@type":"ReadAction","target":["https:\/\/vw-ingredients.com\/es\/fabricante-de-polidextrosa"]}]},{"@type":"BreadcrumbList","@id":"https:\/\/vw-ingredients.com\/es\/fabricante-de-polidextrosa#breadcrumb","itemListElement":[{"@type":"ListItem","position":1,"name":"Home","item":"https:\/\/vw-ingredients.com\/es"},{"@type":"ListItem","position":2,"name":"Fabricante de polidextrosa"}]},{"@type":"WebSite","@id":"https:\/\/vw-ingredients.com\/es#website","url":"https:\/\/vw-ingredients.com\/es","name":"Van Wankum Ingredients","description":"","potentialAction":[{"@type":"SearchAction","target":{"@type":"EntryPoint","urlTemplate":"https:\/\/vw-ingredients.com\/es?s={search_term_string}"},"query-input":{"@type":"PropertyValueSpecification","valueRequired":true,"valueName":"search_term_string"}}],"inLanguage":"es"}]}},"_links":{"self":[{"href":"https:\/\/vw-ingredients.com\/es\/wp-json\/wp\/v2\/pages\/7180","targetHints":{"allow":["GET"]}}],"collection":[{"href":"https:\/\/vw-ingredients.com\/es\/wp-json\/wp\/v2\/pages"}],"about":[{"href":"https:\/\/vw-ingredients.com\/es\/wp-json\/wp\/v2\/types\/page"}],"author":[{"embeddable":true,"href":"https:\/\/vw-ingredients.com\/es\/wp-json\/wp\/v2\/users\/6"}],"replies":[{"embeddable":true,"href":"https:\/\/vw-ingredients.com\/es\/wp-json\/wp\/v2\/comments?post=7180"}],"version-history":[{"count":1,"href":"https:\/\/vw-ingredients.com\/es\/wp-json\/wp\/v2\/pages\/7180\/revisions"}],"predecessor-version":[{"id":7182,"href":"https:\/\/vw-ingredients.com\/es\/wp-json\/wp\/v2\/pages\/7180\/revisions\/7182"}],"wp:attachment":[{"href":"https:\/\/vw-ingredients.com\/es\/wp-json\/wp\/v2\/media?parent=7180"}],"curies":[{"name":"wp","href":"https:\/\/api.w.org\/{rel}","templated":true}]}}