{"id":7176,"date":"2021-11-11T20:42:11","date_gmt":"2021-11-11T20:42:11","guid":{"rendered":"https:\/\/vw-ingredients.com\/beneficios-de-la-levadura-de-selenio"},"modified":"2025-01-28T13:27:41","modified_gmt":"2025-01-28T13:27:41","slug":"beneficios-de-la-levadura-de-selenio","status":"publish","type":"page","link":"https:\/\/vw-ingredients.com\/es\/beneficios-de-la-levadura-de-selenio","title":{"rendered":"Beneficios de la levadura de selenio"},"content":{"rendered":"\t\t<div data-elementor-type=\"wp-page\" data-elementor-id=\"7176\" class=\"elementor elementor-7176 elementor-1795\" data-elementor-post-type=\"page\">\n\t\t\t\t\t\t<section class=\"elementor-section elementor-top-section elementor-element elementor-element-ddc7206 elementor-section-boxed elementor-section-height-default elementor-section-height-default\" data-id=\"ddc7206\" data-element_type=\"section\" data-e-type=\"section\" data-settings=\"{&quot;jet_parallax_layout_list&quot;:[]}\">\n\t\t\t\t\t\t<div class=\"elementor-container elementor-column-gap-default\">\n\t\t\t\t\t<div class=\"elementor-column elementor-col-50 elementor-top-column elementor-element elementor-element-a128652\" data-id=\"a128652\" data-element_type=\"column\" data-e-type=\"column\">\n\t\t\t<div class=\"elementor-widget-wrap elementor-element-populated\">\n\t\t\t\t\t\t<div class=\"elementor-element elementor-element-716e5c0 elementor-widget elementor-widget-text-editor\" data-id=\"716e5c0\" data-element_type=\"widget\" data-e-type=\"widget\" data-widget_type=\"text-editor.default\">\n\t\t\t\t<div class=\"elementor-widget-container\">\n\t\t\t\t\t\t\t\t\t<p>Van Wankum Ingredients es un proveedor de ingredientes de servicio completo para muchos clientes diferentes de los sectores de alimentaci\u00f3n y bebidas, cosm\u00e9tica, farmacia y salud. Ofrecemos ingredientes y aditivos de alta calidad. <\/p>\n<\/p>\n<p>Nuestros servicios incluyen muestreo, log\u00edstica rentable, documentos de calidad y consultor\u00eda. Nuestro equipo de expertos comerciales, log\u00edsticos, financieros y tecn\u00f3logos alimentarios comparten m\u00e1s de 30 a\u00f1os de experiencia profesional en todo el mundo y se comprometen a satisfacer las necesidades de los clientes. <\/p>\n<\/p>\n<h2>\u00bfQu\u00e9 es la levadura de selenio?<\/h2>\n<p>La levadura de selenio es una forma de selenio, que tambi\u00e9n se denomina selenio org\u00e1nico.<\/p>\n<\/p>\n<p>La levadura de selenio, producida por fermentaci\u00f3n de Saccharomyces cerevisiae en un medio rico en selenio, es una fuente reconocida de selenio org\u00e1nico en forma de alimento. En este proceso, pr\u00e1cticamente todo el selenio sustituye estructuralmente al azufre del amino\u00e1cido metionina, formando as\u00ed selenometionina a trav\u00e9s de las mismas v\u00edas y enzimas que se utilizan para formar metionina que contiene azufre. Debido a su similitud con la metionina que contiene S, la selenometionina se absorbe de forma inespec\u00edfica y pasa a formar parte de la prote\u00edna de la levadura. Es esta ruta metab\u00f3lica la que hace que la levadura de selenio sea valiosa en la nutrici\u00f3n animal y humana.   <\/p>\n<\/p>\n<h2>Beneficios de la levadura de selenio<\/h2>\n<ul>\n<li>El selenio combate la inflamaci\u00f3n<\/li>\n<li>El selenio ayuda a regular el ritmo circadiano<\/li>\n<li>El selenio tiene propiedades antienvejecimiento<\/li>\n<li>El selenio es importante para la funci\u00f3n tiroidea<\/li>\n<li>El selenio podr\u00eda ayudar a prevenir el c\u00e1ncer<\/li>\n<li>El selenio ayuda a la defensa inmunitaria (especialmente contra los virus)<\/li>\n<li>El selenio es bueno para las personas con Th2 dominante<\/li>\n<li>El selenio ayuda a la fertilidad y a la salud reproductiva<\/li>\n<li>El selenio mejora el estado de \u00e1nimo<\/li>\n<li>El selenio aumenta el IGF-1<\/li>\n<\/ul>\n<h2>Variedades disponibles en Levadura de Selenio:<\/h2>\n<ul>\n<li>Polvo<\/li>\n<\/ul>\n<h2>Certificaciones:<\/h2>\n<ul>\n<li>+GMP<\/li>\n<li>BRC<\/li>\n<li>Sin OMG<\/li>\n<li>Sin al\u00e9rgenos<\/li>\n<li>Certificado Kosher\/Halal<\/li>\n<\/ul>\n<h2>Aplicaciones Selenio YEAST<\/h2>\n<ul>\n<li>Productos Nutricionales y Diet\u00e9ticos<\/li>\n<li>Productos de mezcla seca<\/li>\n<li>Alimentos que refuerzan la inmunidad<\/li>\n<li>Alimentos adelgazantes<\/li>\n<li>Alimentos antienvejecimiento<\/li>\n<li>Alimentaci\u00f3n animal<\/li>\n<\/ul>\n<h2>Ingredientes Van Wankum<\/h2>\n<p>Van Wankum Ingredients siempre busca oportunidades respetuosas con el medio ambiente y \u00abverdes\u00bb para sus productos y principios. Defendemos las relaciones a largo plazo con nuestros clientes y un servicio de alta calidad. \u00bfQuieres m\u00e1s informaci\u00f3n sobre los beneficios de la Levadura de Selenio o solicitar una muestra de Levadura de Selenio? No dudes en ponerte en contacto con nosotros.   <\/p>\n\t\t\t\t\t\t\t\t<\/div>\n\t\t\t\t<\/div>\n\t\t\t\t\t<\/div>\n\t\t<\/div>\n\t\t\t\t<div class=\"elementor-column elementor-col-50 elementor-top-column elementor-element elementor-element-5d724d4\" data-id=\"5d724d4\" data-element_type=\"column\" data-e-type=\"column\">\n\t\t\t<div class=\"elementor-widget-wrap elementor-element-populated\">\n\t\t\t\t\t\t<section class=\"elementor-section elementor-inner-section elementor-element elementor-element-f4364dc elementor-section-height-min-height elementor-section-boxed elementor-section-height-default elementor-invisible\" data-id=\"f4364dc\" data-element_type=\"section\" data-e-type=\"section\" data-settings=\"{&quot;sticky&quot;:&quot;top&quot;,&quot;sticky_on&quot;:[&quot;desktop&quot;],&quot;sticky_parent&quot;:&quot;yes&quot;,&quot;sticky_offset&quot;:125,&quot;animation&quot;:&quot;fadeInRight&quot;,&quot;jet_parallax_layout_list&quot;:[],&quot;sticky_effects_offset&quot;:0,&quot;sticky_anchor_link_offset&quot;:0}\">\n\t\t\t\t\t\t<div class=\"elementor-container elementor-column-gap-default\">\n\t\t\t\t\t<div class=\"elementor-column elementor-col-100 elementor-inner-column elementor-element elementor-element-fdc73ad\" data-id=\"fdc73ad\" data-element_type=\"column\" data-e-type=\"column\" data-settings=\"{&quot;background_background&quot;:&quot;classic&quot;}\">\n\t\t\t<div class=\"elementor-widget-wrap elementor-element-populated\">\n\t\t\t\t\t\t<div class=\"elementor-element elementor-element-200cafd elementor-widget elementor-widget-heading\" data-id=\"200cafd\" data-element_type=\"widget\" data-e-type=\"widget\" data-widget_type=\"heading.default\">\n\t\t\t\t<div class=\"elementor-widget-container\">\n\t\t\t\t\t<h2 class=\"elementor-heading-title elementor-size-default\">Solicitar muestras<\/h2>\t\t\t\t<\/div>\n\t\t\t\t<\/div>\n\t\t\t\t<div class=\"elementor-element elementor-element-7b5f110 elementor-widget elementor-widget-text-editor\" data-id=\"7b5f110\" data-element_type=\"widget\" data-e-type=\"widget\" data-widget_type=\"text-editor.default\">\n\t\t\t\t<div class=\"elementor-widget-container\">\n\t\t\t\t\t\t\t\t\t<p>Ind\u00edcanos qu\u00e9 muestras quieres recibir. Selecciona tus muestras en nuestra lista de productos y haz clic en enviar. <\/p>\n\t\t\t\t\t\t\t\t<\/div>\n\t\t\t\t<\/div>\n\t\t\t\t<div class=\"elementor-element elementor-element-68c8a2e elementor-widget elementor-widget-button\" data-id=\"68c8a2e\" data-element_type=\"widget\" data-e-type=\"widget\" data-widget_type=\"button.default\">\n\t\t\t\t<div class=\"elementor-widget-container\">\n\t\t\t\t\t\t\t\t\t<div class=\"elementor-button-wrapper\">\n\t\t\t\t\t<a class=\"elementor-button elementor-button-link elementor-size-sm\" href=\"\/products\/\">\n\t\t\t\t\t\t<span class=\"elementor-button-content-wrapper\">\n\t\t\t\t\t\t\t\t\t<span class=\"elementor-button-text\">Solicitar muestras<\/span>\n\t\t\t\t\t<\/span>\n\t\t\t\t\t<\/a>\n\t\t\t\t<\/div>\n\t\t\t\t\t\t\t\t<\/div>\n\t\t\t\t<\/div>\n\t\t\t\t\t<\/div>\n\t\t<\/div>\n\t\t\t\t\t<\/div>\n\t\t<\/section>\n\t\t\t\t\t<\/div>\n\t\t<\/div>\n\t\t\t\t\t<\/div>\n\t\t<\/section>\n\t\t\t\t<\/div>\n\t\t","protected":false},"excerpt":{"rendered":"<p>Van Wankum Ingredients es un proveedor de ingredientes de servicio completo para muchos clientes diferentes de los sectores de alimentaci\u00f3n y bebidas, cosm\u00e9tica, farmacia y salud. Ofrecemos ingredientes y aditivos de alta calidad. Nuestros servicios incluyen muestreo, log\u00edstica rentable, documentos de calidad y consultor\u00eda. Nuestro equipo de expertos comerciales, log\u00edsticos, financieros y tecn\u00f3logos alimentarios comparten [&hellip;]<\/p>\n","protected":false},"author":6,"featured_media":0,"parent":0,"menu_order":0,"comment_status":"closed","ping_status":"closed","template":"elementor_header_footer","meta":{"_acf_changed":false,"footnotes":""},"class_list":["post-7176","page","type-page","status-publish","hentry"],"acf":[],"yoast_head":"<!-- This site is optimized with the Yoast SEO plugin v27.5 - https:\/\/yoast.com\/product\/yoast-seo-wordpress\/ -->\n<title>Beneficios de la levadura de selenio - Van Wankum Ingredients<\/title>\n<meta name=\"description\" content=\"Van Wankum Ingredients es un proveedor de ingredientes de servicio completo para muchos clientes diferentes de los sectores de alimentaci\u00f3n y bebidas,\" \/>\n<meta name=\"robots\" content=\"index, follow, max-snippet:-1, max-image-preview:large, max-video-preview:-1\" \/>\n<link rel=\"canonical\" href=\"https:\/\/vw-ingredients.com\/es\/beneficios-de-la-levadura-de-selenio\" \/>\n<meta property=\"og:locale\" content=\"es_ES\" \/>\n<meta property=\"og:type\" content=\"article\" \/>\n<meta property=\"og:title\" content=\"Beneficios de la levadura de selenio - Van Wankum Ingredients\" \/>\n<meta property=\"og:description\" content=\"Van Wankum Ingredients es un proveedor de ingredientes de servicio completo para muchos clientes diferentes de los sectores de alimentaci\u00f3n y bebidas,\" \/>\n<meta property=\"og:url\" content=\"https:\/\/vw-ingredients.com\/es\/beneficios-de-la-levadura-de-selenio\" \/>\n<meta property=\"og:site_name\" content=\"Van Wankum Ingredients\" \/>\n<meta property=\"article:modified_time\" content=\"2025-01-28T13:27:41+00:00\" \/>\n<meta name=\"twitter:card\" content=\"summary_large_image\" \/>\n<meta name=\"twitter:label1\" content=\"Tiempo de lectura\" \/>\n\t<meta name=\"twitter:data1\" content=\"2 minutos\" \/>\n<script type=\"application\/ld+json\" class=\"yoast-schema-graph\">{\"@context\":\"https:\\\/\\\/schema.org\",\"@graph\":[{\"@type\":\"WebPage\",\"@id\":\"https:\\\/\\\/vw-ingredients.com\\\/es\\\/beneficios-de-la-levadura-de-selenio\",\"url\":\"https:\\\/\\\/vw-ingredients.com\\\/es\\\/beneficios-de-la-levadura-de-selenio\",\"name\":\"Beneficios de la levadura de selenio - Van Wankum Ingredients\",\"isPartOf\":{\"@id\":\"https:\\\/\\\/vw-ingredients.com\\\/es#website\"},\"datePublished\":\"2021-11-11T20:42:11+00:00\",\"dateModified\":\"2025-01-28T13:27:41+00:00\",\"description\":\"Van Wankum Ingredients es un proveedor de ingredientes de servicio completo para muchos clientes diferentes de los sectores de alimentaci\u00f3n y bebidas,\",\"breadcrumb\":{\"@id\":\"https:\\\/\\\/vw-ingredients.com\\\/es\\\/beneficios-de-la-levadura-de-selenio#breadcrumb\"},\"inLanguage\":\"es\",\"potentialAction\":[{\"@type\":\"ReadAction\",\"target\":[\"https:\\\/\\\/vw-ingredients.com\\\/es\\\/beneficios-de-la-levadura-de-selenio\"]}]},{\"@type\":\"BreadcrumbList\",\"@id\":\"https:\\\/\\\/vw-ingredients.com\\\/es\\\/beneficios-de-la-levadura-de-selenio#breadcrumb\",\"itemListElement\":[{\"@type\":\"ListItem\",\"position\":1,\"name\":\"Home\",\"item\":\"https:\\\/\\\/vw-ingredients.com\\\/es\"},{\"@type\":\"ListItem\",\"position\":2,\"name\":\"Beneficios de la levadura de selenio\"}]},{\"@type\":\"WebSite\",\"@id\":\"https:\\\/\\\/vw-ingredients.com\\\/es#website\",\"url\":\"https:\\\/\\\/vw-ingredients.com\\\/es\",\"name\":\"Van Wankum Ingredients\",\"description\":\"\",\"potentialAction\":[{\"@type\":\"SearchAction\",\"target\":{\"@type\":\"EntryPoint\",\"urlTemplate\":\"https:\\\/\\\/vw-ingredients.com\\\/es?s={search_term_string}\"},\"query-input\":{\"@type\":\"PropertyValueSpecification\",\"valueRequired\":true,\"valueName\":\"search_term_string\"}}],\"inLanguage\":\"es\"}]}<\/script>\n<!-- \/ Yoast SEO plugin. -->","yoast_head_json":{"title":"Beneficios de la levadura de selenio - Van Wankum Ingredients","description":"Van Wankum Ingredients es un proveedor de ingredientes de servicio completo para muchos clientes diferentes de los sectores de alimentaci\u00f3n y bebidas,","robots":{"index":"index","follow":"follow","max-snippet":"max-snippet:-1","max-image-preview":"max-image-preview:large","max-video-preview":"max-video-preview:-1"},"canonical":"https:\/\/vw-ingredients.com\/es\/beneficios-de-la-levadura-de-selenio","og_locale":"es_ES","og_type":"article","og_title":"Beneficios de la levadura de selenio - Van Wankum Ingredients","og_description":"Van Wankum Ingredients es un proveedor de ingredientes de servicio completo para muchos clientes diferentes de los sectores de alimentaci\u00f3n y bebidas,","og_url":"https:\/\/vw-ingredients.com\/es\/beneficios-de-la-levadura-de-selenio","og_site_name":"Van Wankum Ingredients","article_modified_time":"2025-01-28T13:27:41+00:00","twitter_card":"summary_large_image","twitter_misc":{"Tiempo de lectura":"2 minutos"},"schema":{"@context":"https:\/\/schema.org","@graph":[{"@type":"WebPage","@id":"https:\/\/vw-ingredients.com\/es\/beneficios-de-la-levadura-de-selenio","url":"https:\/\/vw-ingredients.com\/es\/beneficios-de-la-levadura-de-selenio","name":"Beneficios de la levadura de selenio - Van Wankum Ingredients","isPartOf":{"@id":"https:\/\/vw-ingredients.com\/es#website"},"datePublished":"2021-11-11T20:42:11+00:00","dateModified":"2025-01-28T13:27:41+00:00","description":"Van Wankum Ingredients es un proveedor de ingredientes de servicio completo para muchos clientes diferentes de los sectores de alimentaci\u00f3n y bebidas,","breadcrumb":{"@id":"https:\/\/vw-ingredients.com\/es\/beneficios-de-la-levadura-de-selenio#breadcrumb"},"inLanguage":"es","potentialAction":[{"@type":"ReadAction","target":["https:\/\/vw-ingredients.com\/es\/beneficios-de-la-levadura-de-selenio"]}]},{"@type":"BreadcrumbList","@id":"https:\/\/vw-ingredients.com\/es\/beneficios-de-la-levadura-de-selenio#breadcrumb","itemListElement":[{"@type":"ListItem","position":1,"name":"Home","item":"https:\/\/vw-ingredients.com\/es"},{"@type":"ListItem","position":2,"name":"Beneficios de la levadura de selenio"}]},{"@type":"WebSite","@id":"https:\/\/vw-ingredients.com\/es#website","url":"https:\/\/vw-ingredients.com\/es","name":"Van Wankum Ingredients","description":"","potentialAction":[{"@type":"SearchAction","target":{"@type":"EntryPoint","urlTemplate":"https:\/\/vw-ingredients.com\/es?s={search_term_string}"},"query-input":{"@type":"PropertyValueSpecification","valueRequired":true,"valueName":"search_term_string"}}],"inLanguage":"es"}]}},"_links":{"self":[{"href":"https:\/\/vw-ingredients.com\/es\/wp-json\/wp\/v2\/pages\/7176","targetHints":{"allow":["GET"]}}],"collection":[{"href":"https:\/\/vw-ingredients.com\/es\/wp-json\/wp\/v2\/pages"}],"about":[{"href":"https:\/\/vw-ingredients.com\/es\/wp-json\/wp\/v2\/types\/page"}],"author":[{"embeddable":true,"href":"https:\/\/vw-ingredients.com\/es\/wp-json\/wp\/v2\/users\/6"}],"replies":[{"embeddable":true,"href":"https:\/\/vw-ingredients.com\/es\/wp-json\/wp\/v2\/comments?post=7176"}],"version-history":[{"count":1,"href":"https:\/\/vw-ingredients.com\/es\/wp-json\/wp\/v2\/pages\/7176\/revisions"}],"predecessor-version":[{"id":7177,"href":"https:\/\/vw-ingredients.com\/es\/wp-json\/wp\/v2\/pages\/7176\/revisions\/7177"}],"wp:attachment":[{"href":"https:\/\/vw-ingredients.com\/es\/wp-json\/wp\/v2\/media?parent=7176"}],"curies":[{"name":"wp","href":"https:\/\/api.w.org\/{rel}","templated":true}]}}