{"id":7171,"date":"2021-11-11T19:22:48","date_gmt":"2021-11-11T19:22:48","guid":{"rendered":"https:\/\/vw-ingredients.com\/proveedor-de-copos-de-levadura-nutricional"},"modified":"2025-01-28T13:27:41","modified_gmt":"2025-01-28T13:27:41","slug":"proveedor-de-copos-de-levadura-nutricional","status":"publish","type":"page","link":"https:\/\/vw-ingredients.com\/es\/proveedor-de-copos-de-levadura-nutricional","title":{"rendered":"Proveedor de copos de levadura nutricional"},"content":{"rendered":"\t\t<div data-elementor-type=\"wp-page\" data-elementor-id=\"7171\" class=\"elementor elementor-7171\" data-elementor-post-type=\"page\">\n\t\t\t\t\t\t<section class=\"elementor-section elementor-top-section elementor-element elementor-element-ddc7206 elementor-section-boxed elementor-section-height-default elementor-section-height-default\" data-id=\"ddc7206\" data-element_type=\"section\" data-e-type=\"section\" data-settings=\"{&quot;jet_parallax_layout_list&quot;:[]}\">\n\t\t\t\t\t\t<div class=\"elementor-container elementor-column-gap-default\">\n\t\t\t\t\t<div class=\"elementor-column elementor-col-50 elementor-top-column elementor-element elementor-element-a128652\" data-id=\"a128652\" data-element_type=\"column\" data-e-type=\"column\">\n\t\t\t<div class=\"elementor-widget-wrap elementor-element-populated\">\n\t\t\t\t\t\t<div class=\"elementor-element elementor-element-716e5c0 elementor-widget elementor-widget-text-editor\" data-id=\"716e5c0\" data-element_type=\"widget\" data-e-type=\"widget\" data-widget_type=\"text-editor.default\">\n\t\t\t\t<div class=\"elementor-widget-container\">\n\t\t\t\t\t\t\t\t\t<p>Van Wankum Ingredients es un proveedor de ingredientes de servicio completo para muchos clientes de los sectores de alimentaci\u00f3n y bebidas, cosm\u00e9tica, farmacia y salud. Ofrecemos ingredientes y aditivos de alta calidad. Nuestros servicios incluyen muestreo, log\u00edstica rentable, documentos de calidad y asesoramiento. Nuestro equipo de expertos comerciales, log\u00edsticos, financieros y tecn\u00f3logos alimentarios comparten m\u00e1s de 30 a\u00f1os de experiencia profesional en todo el mundo y se comprometen a satisfacer las necesidades de los clientes.  <\/p>\n<\/p>\n<h2>\u00bfQU\u00c9 SON LOS COPOS DE LEVADURA NUTRICIONAL?<\/h2>\n<p>La levadura nutricional procede de cepas puras especialmente seleccionadas de Saccharomyces cerevisiae y se obtiene mediante un proceso patentado. Con caracteres nutritivos, es una gran fuente de prote\u00ednas completas, vitaminas del grupo B, fibra diet\u00e9tica, minerales y oligoelementos. Fabricada a partir de levadura primaria inactiva, sin aditivos ni conservantes, la levadura nutricional es un alimento puramente natural. Una cepa primaria de Saccharomyces Cerevasiae, cultivada en melaza purificada enriquecida en condiciones cuidadosamente controladas, garantiza la ausencia de levadura candida albicans. Adem\u00e1s, como no entra en contacto con la cebada (como subproducto cervecero, al igual que la levadura de cerveza), no contiene gluten y es segura para las personas cel\u00edacas.    <\/p>\n<\/p>\n<p>Naturalmente, con un sabor a queso y nueces, la levadura nutricional Angel es una de las favoritas de los veganos por su sabor \u00fanico y su similitud con el queso cuando se a\u00f1ade a los alimentos. Espolvorea un poco sobre palomitas calientes o pan de ajo, m\u00e9zclala con zumos o batidos, o util\u00edzala como condimento para ensaladas, ali\u00f1os para ensaladas, sopas, salsas, salsas, estofados, guisos, cereales de desayuno \u00a1y mucho m\u00e1s! <\/p>\n<\/p>\n<h2>BENEFICIOS DE LOS COPOS DE LEVADURA NUTRICIONAL<\/h2>\n<ul>\n<li>Las GRANALLAS DE LEVADURA NUTRICIONAL mantienen y estimulan la eficacia del sistema inmunitario<\/li>\n<li>Las GRANALLAS DE LEVADURA NUTRICIONAL tienen un efecto positivo sobre los niveles de colesterol<\/li>\n<li>Se cree que las GRANALLAS DE LEVADURA NUTRICIONAL tienen un efecto positivo sobre los niveles de az\u00facar en sangre y ayudan en los problemas diab\u00e9ticos<\/li>\n<li>LAS GRANOS DE LEVADURA NUTRICIONALES Contienen potentes antioxidantes<\/li>\n<li>Las GRANALLAS DE LEVADURA NUTRICIONALES contienen muchas vitaminas del grupo B<\/li>\n<li>LAS GRANALLAS DE LEVADURA NUTRICIONAL combaten las infecciones<\/li>\n<li>NUTRITIONAL YEAST FLAKES es apto para el consumo de vegetarianos<\/li>\n<\/ul>\n<h2>VARIEDADES DISPONIBLES DE COPOS DE LEVADURA NUTRICIONAL:<\/h2>\n<ul>\n<li>Copos<\/li>\n<\/ul>\n<h2>CERTIFICACIONES:<\/h2>\n<ul>\n<li>BIO<\/li>\n<li>BRC<\/li>\n<li>Sin OMG<\/li>\n<li>Sin al\u00e9rgenos<\/li>\n<li>Certificado Kosher\/Halal<\/li>\n<\/ul>\n<h2>APLICACIONES DE LOS COPOS DE LEVADURA NUTRICIONAL<\/h2>\n<ul>\n<li>Productos Nutricionales y Diet\u00e9ticos<\/li>\n<li>Productos de mezcla seca<\/li>\n<li>Pan<\/li>\n<li>Alimentos que refuerzan la inmunidad<\/li>\n<li>Alimentos adelgazantes<\/li>\n<\/ul>\n<h2>INGREDIENTES DE LA FURGONETA WANKUM<\/h2>\n<p>Van Wankum Ingredients siempre busca oportunidades respetuosas con el medio ambiente y \u00abverdes\u00bb para sus productos y principios. Defendemos las relaciones a largo plazo con nuestros clientes y un servicio de alta calidad. \u00bfQuieres m\u00e1s informaci\u00f3n sobre las ventajas de los Copos de levadura nutricional o solicitar una muestra de Copos de levadura nutricional? No dudes en ponerte en contacto con nosotros.   <\/p>\n\t\t\t\t\t\t\t\t<\/div>\n\t\t\t\t<\/div>\n\t\t\t\t\t<\/div>\n\t\t<\/div>\n\t\t\t\t<div class=\"elementor-column elementor-col-50 elementor-top-column elementor-element elementor-element-5d724d4\" data-id=\"5d724d4\" data-element_type=\"column\" data-e-type=\"column\">\n\t\t\t<div class=\"elementor-widget-wrap elementor-element-populated\">\n\t\t\t\t\t\t<section class=\"elementor-section elementor-inner-section elementor-element elementor-element-f4364dc elementor-section-height-min-height elementor-section-boxed elementor-section-height-default elementor-invisible\" data-id=\"f4364dc\" data-element_type=\"section\" data-e-type=\"section\" data-settings=\"{&quot;sticky&quot;:&quot;top&quot;,&quot;sticky_on&quot;:[&quot;desktop&quot;],&quot;sticky_parent&quot;:&quot;yes&quot;,&quot;sticky_offset&quot;:125,&quot;animation&quot;:&quot;fadeInRight&quot;,&quot;jet_parallax_layout_list&quot;:[],&quot;sticky_effects_offset&quot;:0,&quot;sticky_anchor_link_offset&quot;:0}\">\n\t\t\t\t\t\t<div class=\"elementor-container elementor-column-gap-default\">\n\t\t\t\t\t<div class=\"elementor-column elementor-col-100 elementor-inner-column elementor-element elementor-element-fdc73ad\" data-id=\"fdc73ad\" data-element_type=\"column\" data-e-type=\"column\" data-settings=\"{&quot;background_background&quot;:&quot;classic&quot;}\">\n\t\t\t<div class=\"elementor-widget-wrap elementor-element-populated\">\n\t\t\t\t\t\t<div class=\"elementor-element elementor-element-200cafd elementor-widget elementor-widget-heading\" data-id=\"200cafd\" data-element_type=\"widget\" data-e-type=\"widget\" data-widget_type=\"heading.default\">\n\t\t\t\t<div class=\"elementor-widget-container\">\n\t\t\t\t\t<h2 class=\"elementor-heading-title elementor-size-default\">Solicitar muestras<\/h2>\t\t\t\t<\/div>\n\t\t\t\t<\/div>\n\t\t\t\t<div class=\"elementor-element elementor-element-7b5f110 elementor-widget elementor-widget-text-editor\" data-id=\"7b5f110\" data-element_type=\"widget\" data-e-type=\"widget\" data-widget_type=\"text-editor.default\">\n\t\t\t\t<div class=\"elementor-widget-container\">\n\t\t\t\t\t\t\t\t\t<p>Ind\u00edcanos qu\u00e9 muestras quieres recibir. Selecciona tus muestras en nuestra lista de productos y haz clic en enviar. <\/p>\n\t\t\t\t\t\t\t\t<\/div>\n\t\t\t\t<\/div>\n\t\t\t\t<div class=\"elementor-element elementor-element-68c8a2e elementor-widget elementor-widget-button\" data-id=\"68c8a2e\" data-element_type=\"widget\" data-e-type=\"widget\" data-widget_type=\"button.default\">\n\t\t\t\t<div class=\"elementor-widget-container\">\n\t\t\t\t\t\t\t\t\t<div class=\"elementor-button-wrapper\">\n\t\t\t\t\t<a class=\"elementor-button elementor-button-link elementor-size-sm\" href=\"\/products\/\">\n\t\t\t\t\t\t<span class=\"elementor-button-content-wrapper\">\n\t\t\t\t\t\t\t\t\t<span class=\"elementor-button-text\">Solicitar muestras<\/span>\n\t\t\t\t\t<\/span>\n\t\t\t\t\t<\/a>\n\t\t\t\t<\/div>\n\t\t\t\t\t\t\t\t<\/div>\n\t\t\t\t<\/div>\n\t\t\t\t\t<\/div>\n\t\t<\/div>\n\t\t\t\t\t<\/div>\n\t\t<\/section>\n\t\t\t\t\t<\/div>\n\t\t<\/div>\n\t\t\t\t\t<\/div>\n\t\t<\/section>\n\t\t\t\t<\/div>\n\t\t","protected":false},"excerpt":{"rendered":"<p>Van Wankum Ingredients es un proveedor de ingredientes de servicio completo para muchos clientes de los sectores de alimentaci\u00f3n y bebidas, cosm\u00e9tica, farmacia y salud. Ofrecemos ingredientes y aditivos de alta calidad. Nuestros servicios incluyen muestreo, log\u00edstica rentable, documentos de calidad y asesoramiento. Nuestro equipo de expertos comerciales, log\u00edsticos, financieros y tecn\u00f3logos alimentarios comparten m\u00e1s [&hellip;]<\/p>\n","protected":false},"author":6,"featured_media":0,"parent":0,"menu_order":0,"comment_status":"closed","ping_status":"closed","template":"elementor_header_footer","meta":{"_acf_changed":false,"footnotes":""},"class_list":["post-7171","page","type-page","status-publish","hentry"],"acf":[],"yoast_head":"<!-- This site is optimized with the Yoast SEO plugin v27.3 - https:\/\/yoast.com\/product\/yoast-seo-wordpress\/ -->\n<title>Proveedor de copos de levadura nutricional: Ingredientes de calidad<\/title>\n<meta name=\"description\" content=\"Eleva tus productos con nuestros copos de levadura nutricional de primera calidad. Conf\u00eda en nuestra experiencia para obtener ingredientes de calidad.\" \/>\n<meta name=\"robots\" content=\"index, follow, max-snippet:-1, max-image-preview:large, max-video-preview:-1\" \/>\n<link rel=\"canonical\" href=\"https:\/\/vw-ingredients.com\/es\/proveedor-de-copos-de-levadura-nutricional\" \/>\n<meta property=\"og:locale\" content=\"es_ES\" \/>\n<meta property=\"og:type\" content=\"article\" \/>\n<meta property=\"og:title\" content=\"Proveedor de copos de levadura nutricional: Ingredientes de calidad\" \/>\n<meta property=\"og:description\" content=\"Eleva tus productos con nuestros copos de levadura nutricional de primera calidad. Conf\u00eda en nuestra experiencia para obtener ingredientes de calidad.\" \/>\n<meta property=\"og:url\" content=\"https:\/\/vw-ingredients.com\/es\/proveedor-de-copos-de-levadura-nutricional\" \/>\n<meta property=\"og:site_name\" content=\"Van Wankum Ingredients\" \/>\n<meta property=\"article:modified_time\" content=\"2025-01-28T13:27:41+00:00\" \/>\n<meta name=\"twitter:card\" content=\"summary_large_image\" \/>\n<meta name=\"twitter:label1\" content=\"Tiempo de lectura\" \/>\n\t<meta name=\"twitter:data1\" content=\"3 minutos\" \/>\n<script type=\"application\/ld+json\" class=\"yoast-schema-graph\">{\"@context\":\"https:\\\/\\\/schema.org\",\"@graph\":[{\"@type\":\"WebPage\",\"@id\":\"https:\\\/\\\/vw-ingredients.com\\\/es\\\/proveedor-de-copos-de-levadura-nutricional\",\"url\":\"https:\\\/\\\/vw-ingredients.com\\\/es\\\/proveedor-de-copos-de-levadura-nutricional\",\"name\":\"Proveedor de copos de levadura nutricional: Ingredientes de calidad\",\"isPartOf\":{\"@id\":\"https:\\\/\\\/vw-ingredients.com\\\/es#website\"},\"datePublished\":\"2021-11-11T19:22:48+00:00\",\"dateModified\":\"2025-01-28T13:27:41+00:00\",\"description\":\"Eleva tus productos con nuestros copos de levadura nutricional de primera calidad. Conf\u00eda en nuestra experiencia para obtener ingredientes de calidad.\",\"breadcrumb\":{\"@id\":\"https:\\\/\\\/vw-ingredients.com\\\/es\\\/proveedor-de-copos-de-levadura-nutricional#breadcrumb\"},\"inLanguage\":\"es\",\"potentialAction\":[{\"@type\":\"ReadAction\",\"target\":[\"https:\\\/\\\/vw-ingredients.com\\\/es\\\/proveedor-de-copos-de-levadura-nutricional\"]}]},{\"@type\":\"BreadcrumbList\",\"@id\":\"https:\\\/\\\/vw-ingredients.com\\\/es\\\/proveedor-de-copos-de-levadura-nutricional#breadcrumb\",\"itemListElement\":[{\"@type\":\"ListItem\",\"position\":1,\"name\":\"Home\",\"item\":\"https:\\\/\\\/vw-ingredients.com\\\/es\"},{\"@type\":\"ListItem\",\"position\":2,\"name\":\"Proveedor de copos de levadura nutricional\"}]},{\"@type\":\"WebSite\",\"@id\":\"https:\\\/\\\/vw-ingredients.com\\\/es#website\",\"url\":\"https:\\\/\\\/vw-ingredients.com\\\/es\",\"name\":\"Van Wankum Ingredients\",\"description\":\"\",\"potentialAction\":[{\"@type\":\"SearchAction\",\"target\":{\"@type\":\"EntryPoint\",\"urlTemplate\":\"https:\\\/\\\/vw-ingredients.com\\\/es?s={search_term_string}\"},\"query-input\":{\"@type\":\"PropertyValueSpecification\",\"valueRequired\":true,\"valueName\":\"search_term_string\"}}],\"inLanguage\":\"es\"}]}<\/script>\n<!-- \/ Yoast SEO plugin. -->","yoast_head_json":{"title":"Proveedor de copos de levadura nutricional: Ingredientes de calidad","description":"Eleva tus productos con nuestros copos de levadura nutricional de primera calidad. Conf\u00eda en nuestra experiencia para obtener ingredientes de calidad.","robots":{"index":"index","follow":"follow","max-snippet":"max-snippet:-1","max-image-preview":"max-image-preview:large","max-video-preview":"max-video-preview:-1"},"canonical":"https:\/\/vw-ingredients.com\/es\/proveedor-de-copos-de-levadura-nutricional","og_locale":"es_ES","og_type":"article","og_title":"Proveedor de copos de levadura nutricional: Ingredientes de calidad","og_description":"Eleva tus productos con nuestros copos de levadura nutricional de primera calidad. Conf\u00eda en nuestra experiencia para obtener ingredientes de calidad.","og_url":"https:\/\/vw-ingredients.com\/es\/proveedor-de-copos-de-levadura-nutricional","og_site_name":"Van Wankum Ingredients","article_modified_time":"2025-01-28T13:27:41+00:00","twitter_card":"summary_large_image","twitter_misc":{"Tiempo de lectura":"3 minutos"},"schema":{"@context":"https:\/\/schema.org","@graph":[{"@type":"WebPage","@id":"https:\/\/vw-ingredients.com\/es\/proveedor-de-copos-de-levadura-nutricional","url":"https:\/\/vw-ingredients.com\/es\/proveedor-de-copos-de-levadura-nutricional","name":"Proveedor de copos de levadura nutricional: Ingredientes de calidad","isPartOf":{"@id":"https:\/\/vw-ingredients.com\/es#website"},"datePublished":"2021-11-11T19:22:48+00:00","dateModified":"2025-01-28T13:27:41+00:00","description":"Eleva tus productos con nuestros copos de levadura nutricional de primera calidad. Conf\u00eda en nuestra experiencia para obtener ingredientes de calidad.","breadcrumb":{"@id":"https:\/\/vw-ingredients.com\/es\/proveedor-de-copos-de-levadura-nutricional#breadcrumb"},"inLanguage":"es","potentialAction":[{"@type":"ReadAction","target":["https:\/\/vw-ingredients.com\/es\/proveedor-de-copos-de-levadura-nutricional"]}]},{"@type":"BreadcrumbList","@id":"https:\/\/vw-ingredients.com\/es\/proveedor-de-copos-de-levadura-nutricional#breadcrumb","itemListElement":[{"@type":"ListItem","position":1,"name":"Home","item":"https:\/\/vw-ingredients.com\/es"},{"@type":"ListItem","position":2,"name":"Proveedor de copos de levadura nutricional"}]},{"@type":"WebSite","@id":"https:\/\/vw-ingredients.com\/es#website","url":"https:\/\/vw-ingredients.com\/es","name":"Van Wankum Ingredients","description":"","potentialAction":[{"@type":"SearchAction","target":{"@type":"EntryPoint","urlTemplate":"https:\/\/vw-ingredients.com\/es?s={search_term_string}"},"query-input":{"@type":"PropertyValueSpecification","valueRequired":true,"valueName":"search_term_string"}}],"inLanguage":"es"}]}},"_links":{"self":[{"href":"https:\/\/vw-ingredients.com\/es\/wp-json\/wp\/v2\/pages\/7171","targetHints":{"allow":["GET"]}}],"collection":[{"href":"https:\/\/vw-ingredients.com\/es\/wp-json\/wp\/v2\/pages"}],"about":[{"href":"https:\/\/vw-ingredients.com\/es\/wp-json\/wp\/v2\/types\/page"}],"author":[{"embeddable":true,"href":"https:\/\/vw-ingredients.com\/es\/wp-json\/wp\/v2\/users\/6"}],"replies":[{"embeddable":true,"href":"https:\/\/vw-ingredients.com\/es\/wp-json\/wp\/v2\/comments?post=7171"}],"version-history":[{"count":1,"href":"https:\/\/vw-ingredients.com\/es\/wp-json\/wp\/v2\/pages\/7171\/revisions"}],"predecessor-version":[{"id":7173,"href":"https:\/\/vw-ingredients.com\/es\/wp-json\/wp\/v2\/pages\/7171\/revisions\/7173"}],"wp:attachment":[{"href":"https:\/\/vw-ingredients.com\/es\/wp-json\/wp\/v2\/media?parent=7171"}],"curies":[{"name":"wp","href":"https:\/\/api.w.org\/{rel}","templated":true}]}}