{"id":7155,"date":"2021-11-11T19:03:23","date_gmt":"2021-11-11T19:03:23","guid":{"rendered":"https:\/\/vw-ingredients.com\/fruto-del-monje-para-bebidas"},"modified":"2025-01-28T13:27:34","modified_gmt":"2025-01-28T13:27:34","slug":"fruto-del-monje-para-bebidas","status":"publish","type":"page","link":"https:\/\/vw-ingredients.com\/es\/fruto-del-monje-para-bebidas","title":{"rendered":"Fruto del Monje para Bebidas"},"content":{"rendered":"\t\t<div data-elementor-type=\"wp-page\" data-elementor-id=\"7155\" class=\"elementor elementor-7155\" data-elementor-post-type=\"page\">\n\t\t\t\t\t\t<section class=\"elementor-section elementor-top-section elementor-element elementor-element-ddc7206 elementor-section-boxed elementor-section-height-default elementor-section-height-default\" data-id=\"ddc7206\" data-element_type=\"section\" data-e-type=\"section\" data-settings=\"{&quot;jet_parallax_layout_list&quot;:[]}\">\n\t\t\t\t\t\t<div class=\"elementor-container elementor-column-gap-default\">\n\t\t\t\t\t<div class=\"elementor-column elementor-col-50 elementor-top-column elementor-element elementor-element-a128652\" data-id=\"a128652\" data-element_type=\"column\" data-e-type=\"column\">\n\t\t\t<div class=\"elementor-widget-wrap elementor-element-populated\">\n\t\t\t\t\t\t<div class=\"elementor-element elementor-element-716e5c0 elementor-widget elementor-widget-text-editor\" data-id=\"716e5c0\" data-element_type=\"widget\" data-e-type=\"widget\" data-widget_type=\"text-editor.default\">\n\t\t\t\t<div class=\"elementor-widget-container\">\n\t\t\t\t\t\t\t\t\t<p>La Fruta del Monje se cultiva en las remotas monta\u00f1as del sur de China. Este peque\u00f1o mel\u00f3n subtropical tambi\u00e9n se conoce como Luo Han Guo. Seg\u00fan la leyenda, el nombre de Fruta del Monje procede de los monjes budistas que cultivaron la fruta por primera vez, hace casi 800 a\u00f1os. El extracto de esta fruta china es casi 300 veces m\u00e1s dulce que el az\u00facar y puede utilizarse como edulcorante bajo en calor\u00edas.   <\/p>\n<\/p>\n<h2><strong>Beneficios de la fruta monje<\/strong><\/h2>\n<p>La Fruta Monje es un ingrediente importante de la Medicina Tradicional China y se utiliza para curar enfermedades como la hipertensi\u00f3n arterial, la tuberculosis pulmonar, el asma, la gastritis, la tos ferina, la traque\u00edtis aguda y cr\u00f3nica y la amigdalitis aguda y cr\u00f3nica. La fruta del monje puede utilizarse tanto para productos terap\u00e9uticos como sanitarios. <\/p>\n<p>Hay muchas razones para elegir la Fruta Monje como edulcorante natural para sustituir al az\u00facar. Enumeramos algunas de sus ventajas: <\/p>\n<\/p>\n<ul>\n<li>La fruta monje es hasta 300 veces m\u00e1s dulce que el az\u00facar<\/li>\n<li>La fruta monje contiene importantes antioxidantes<\/li>\n<li>La fruta monje tiene un \u00edndice gluc\u00e9mico cero<\/li>\n<li>La fruta monje contiene cero calor\u00edas<\/li>\n<li>La fruta monje es un producto natural<\/li>\n<li>La fruta del monje no provoca caries<\/li>\n<li>Los diab\u00e9ticos pueden consumir con seguridad la fruta monje<\/li>\n<li>La fruta del monje puede utilizarse para curar enfermedades como la hipertensi\u00f3n, el asma, la tos ferina y otras<\/li>\n<\/ul>\n<p>Para la industria de las bebidas, podemos suministrar Fruta Monje en forma l\u00edquida, en polvo y granulada.<\/p>\n<\/p>\n<h2><strong>Ingredientes Van Wankum<\/strong><\/h2>\n<p>Van Wankum Ingredients siempre est\u00e1 buscando oportunidades respetuosas con el medio ambiente y \u00abverdes\u00bb<br \/>para sus productos y principios. Apostamos por las relaciones a largo plazo con nuestros clientes de<br \/>y por un servicio de alta calidad. No dudes en solicitar una muestra de YEAST Beta Glucan<br \/>O Ponte en contacto directamente con nosotros si tienes preguntas o solicitudes.  <\/p>\n\t\t\t\t\t\t\t\t<\/div>\n\t\t\t\t<\/div>\n\t\t\t\t\t<\/div>\n\t\t<\/div>\n\t\t\t\t<div class=\"elementor-column elementor-col-50 elementor-top-column elementor-element elementor-element-5d724d4\" data-id=\"5d724d4\" data-element_type=\"column\" data-e-type=\"column\">\n\t\t\t<div class=\"elementor-widget-wrap elementor-element-populated\">\n\t\t\t\t\t\t<section class=\"elementor-section elementor-inner-section elementor-element elementor-element-f4364dc elementor-section-height-min-height elementor-section-boxed elementor-section-height-default elementor-invisible\" data-id=\"f4364dc\" data-element_type=\"section\" data-e-type=\"section\" data-settings=\"{&quot;sticky&quot;:&quot;top&quot;,&quot;sticky_on&quot;:[&quot;desktop&quot;],&quot;sticky_parent&quot;:&quot;yes&quot;,&quot;sticky_offset&quot;:125,&quot;animation&quot;:&quot;fadeInRight&quot;,&quot;jet_parallax_layout_list&quot;:[],&quot;sticky_effects_offset&quot;:0,&quot;sticky_anchor_link_offset&quot;:0}\">\n\t\t\t\t\t\t<div class=\"elementor-container elementor-column-gap-default\">\n\t\t\t\t\t<div class=\"elementor-column elementor-col-100 elementor-inner-column elementor-element elementor-element-fdc73ad\" data-id=\"fdc73ad\" data-element_type=\"column\" data-e-type=\"column\" data-settings=\"{&quot;background_background&quot;:&quot;classic&quot;}\">\n\t\t\t<div class=\"elementor-widget-wrap elementor-element-populated\">\n\t\t\t\t\t\t<div class=\"elementor-element elementor-element-200cafd elementor-widget elementor-widget-heading\" data-id=\"200cafd\" data-element_type=\"widget\" data-e-type=\"widget\" data-widget_type=\"heading.default\">\n\t\t\t\t<div class=\"elementor-widget-container\">\n\t\t\t\t\t<h2 class=\"elementor-heading-title elementor-size-default\">Solicitar muestras<\/h2>\t\t\t\t<\/div>\n\t\t\t\t<\/div>\n\t\t\t\t<div class=\"elementor-element elementor-element-7b5f110 elementor-widget elementor-widget-text-editor\" data-id=\"7b5f110\" data-element_type=\"widget\" data-e-type=\"widget\" data-widget_type=\"text-editor.default\">\n\t\t\t\t<div class=\"elementor-widget-container\">\n\t\t\t\t\t\t\t\t\t<p>Ind\u00edcanos qu\u00e9 muestras quieres recibir. Selecciona tus muestras en nuestra lista de productos y haz clic en enviar. <\/p>\n\t\t\t\t\t\t\t\t<\/div>\n\t\t\t\t<\/div>\n\t\t\t\t<div class=\"elementor-element elementor-element-68c8a2e elementor-widget elementor-widget-button\" data-id=\"68c8a2e\" data-element_type=\"widget\" data-e-type=\"widget\" data-widget_type=\"button.default\">\n\t\t\t\t<div class=\"elementor-widget-container\">\n\t\t\t\t\t\t\t\t\t<div class=\"elementor-button-wrapper\">\n\t\t\t\t\t<a class=\"elementor-button elementor-button-link elementor-size-sm\" href=\"\/products\/\">\n\t\t\t\t\t\t<span class=\"elementor-button-content-wrapper\">\n\t\t\t\t\t\t\t\t\t<span class=\"elementor-button-text\">Solicitar muestras<\/span>\n\t\t\t\t\t<\/span>\n\t\t\t\t\t<\/a>\n\t\t\t\t<\/div>\n\t\t\t\t\t\t\t\t<\/div>\n\t\t\t\t<\/div>\n\t\t\t\t\t<\/div>\n\t\t<\/div>\n\t\t\t\t\t<\/div>\n\t\t<\/section>\n\t\t\t\t\t<\/div>\n\t\t<\/div>\n\t\t\t\t\t<\/div>\n\t\t<\/section>\n\t\t\t\t<\/div>\n\t\t","protected":false},"excerpt":{"rendered":"<p>La Fruta del Monje se cultiva en las remotas monta\u00f1as del sur de China. Este peque\u00f1o mel\u00f3n subtropical tambi\u00e9n se conoce como Luo Han Guo. Seg\u00fan la leyenda, el nombre de Fruta del Monje procede de los monjes budistas que cultivaron la fruta por primera vez, hace casi 800 a\u00f1os. El extracto de esta fruta [&hellip;]<\/p>\n","protected":false},"author":6,"featured_media":0,"parent":0,"menu_order":0,"comment_status":"closed","ping_status":"closed","template":"elementor_header_footer","meta":{"_acf_changed":false,"footnotes":""},"class_list":["post-7155","page","type-page","status-publish","hentry"],"acf":[],"yoast_head":"<!-- This site is optimized with the Yoast SEO plugin v27.3 - https:\/\/yoast.com\/product\/yoast-seo-wordpress\/ -->\n<title>El fruto del monje: Una soluci\u00f3n dulce para las bebidas<\/title>\n<meta name=\"description\" content=\"Mejora tus bebidas con Monkfruit: Una soluci\u00f3n dulce, natural y sin calor\u00edas, perfecta para cualquier aplicaci\u00f3n.\" \/>\n<meta name=\"robots\" content=\"index, follow, max-snippet:-1, max-image-preview:large, max-video-preview:-1\" \/>\n<link rel=\"canonical\" href=\"https:\/\/vw-ingredients.com\/es\/fruto-del-monje-para-bebidas\" \/>\n<meta property=\"og:locale\" content=\"es_ES\" \/>\n<meta property=\"og:type\" content=\"article\" \/>\n<meta property=\"og:title\" content=\"El fruto del monje: Una soluci\u00f3n dulce para las bebidas\" \/>\n<meta property=\"og:description\" content=\"Mejora tus bebidas con Monkfruit: Una soluci\u00f3n dulce, natural y sin calor\u00edas, perfecta para cualquier aplicaci\u00f3n.\" \/>\n<meta property=\"og:url\" content=\"https:\/\/vw-ingredients.com\/es\/fruto-del-monje-para-bebidas\" \/>\n<meta property=\"og:site_name\" content=\"Van Wankum Ingredients\" \/>\n<meta property=\"article:modified_time\" content=\"2025-01-28T13:27:34+00:00\" \/>\n<meta name=\"twitter:card\" content=\"summary_large_image\" \/>\n<meta name=\"twitter:label1\" content=\"Tiempo de lectura\" \/>\n\t<meta name=\"twitter:data1\" content=\"2 minutos\" \/>\n<script type=\"application\/ld+json\" class=\"yoast-schema-graph\">{\"@context\":\"https:\\\/\\\/schema.org\",\"@graph\":[{\"@type\":\"WebPage\",\"@id\":\"https:\\\/\\\/vw-ingredients.com\\\/es\\\/fruto-del-monje-para-bebidas\",\"url\":\"https:\\\/\\\/vw-ingredients.com\\\/es\\\/fruto-del-monje-para-bebidas\",\"name\":\"El fruto del monje: Una soluci\u00f3n dulce para las bebidas\",\"isPartOf\":{\"@id\":\"https:\\\/\\\/vw-ingredients.com\\\/es#website\"},\"datePublished\":\"2021-11-11T19:03:23+00:00\",\"dateModified\":\"2025-01-28T13:27:34+00:00\",\"description\":\"Mejora tus bebidas con Monkfruit: Una soluci\u00f3n dulce, natural y sin calor\u00edas, perfecta para cualquier aplicaci\u00f3n.\",\"breadcrumb\":{\"@id\":\"https:\\\/\\\/vw-ingredients.com\\\/es\\\/fruto-del-monje-para-bebidas#breadcrumb\"},\"inLanguage\":\"es\",\"potentialAction\":[{\"@type\":\"ReadAction\",\"target\":[\"https:\\\/\\\/vw-ingredients.com\\\/es\\\/fruto-del-monje-para-bebidas\"]}]},{\"@type\":\"BreadcrumbList\",\"@id\":\"https:\\\/\\\/vw-ingredients.com\\\/es\\\/fruto-del-monje-para-bebidas#breadcrumb\",\"itemListElement\":[{\"@type\":\"ListItem\",\"position\":1,\"name\":\"Home\",\"item\":\"https:\\\/\\\/vw-ingredients.com\\\/es\"},{\"@type\":\"ListItem\",\"position\":2,\"name\":\"Fruto del Monje para Bebidas\"}]},{\"@type\":\"WebSite\",\"@id\":\"https:\\\/\\\/vw-ingredients.com\\\/es#website\",\"url\":\"https:\\\/\\\/vw-ingredients.com\\\/es\",\"name\":\"Van Wankum Ingredients\",\"description\":\"\",\"potentialAction\":[{\"@type\":\"SearchAction\",\"target\":{\"@type\":\"EntryPoint\",\"urlTemplate\":\"https:\\\/\\\/vw-ingredients.com\\\/es?s={search_term_string}\"},\"query-input\":{\"@type\":\"PropertyValueSpecification\",\"valueRequired\":true,\"valueName\":\"search_term_string\"}}],\"inLanguage\":\"es\"}]}<\/script>\n<!-- \/ Yoast SEO plugin. -->","yoast_head_json":{"title":"El fruto del monje: Una soluci\u00f3n dulce para las bebidas","description":"Mejora tus bebidas con Monkfruit: Una soluci\u00f3n dulce, natural y sin calor\u00edas, perfecta para cualquier aplicaci\u00f3n.","robots":{"index":"index","follow":"follow","max-snippet":"max-snippet:-1","max-image-preview":"max-image-preview:large","max-video-preview":"max-video-preview:-1"},"canonical":"https:\/\/vw-ingredients.com\/es\/fruto-del-monje-para-bebidas","og_locale":"es_ES","og_type":"article","og_title":"El fruto del monje: Una soluci\u00f3n dulce para las bebidas","og_description":"Mejora tus bebidas con Monkfruit: Una soluci\u00f3n dulce, natural y sin calor\u00edas, perfecta para cualquier aplicaci\u00f3n.","og_url":"https:\/\/vw-ingredients.com\/es\/fruto-del-monje-para-bebidas","og_site_name":"Van Wankum Ingredients","article_modified_time":"2025-01-28T13:27:34+00:00","twitter_card":"summary_large_image","twitter_misc":{"Tiempo de lectura":"2 minutos"},"schema":{"@context":"https:\/\/schema.org","@graph":[{"@type":"WebPage","@id":"https:\/\/vw-ingredients.com\/es\/fruto-del-monje-para-bebidas","url":"https:\/\/vw-ingredients.com\/es\/fruto-del-monje-para-bebidas","name":"El fruto del monje: Una soluci\u00f3n dulce para las bebidas","isPartOf":{"@id":"https:\/\/vw-ingredients.com\/es#website"},"datePublished":"2021-11-11T19:03:23+00:00","dateModified":"2025-01-28T13:27:34+00:00","description":"Mejora tus bebidas con Monkfruit: Una soluci\u00f3n dulce, natural y sin calor\u00edas, perfecta para cualquier aplicaci\u00f3n.","breadcrumb":{"@id":"https:\/\/vw-ingredients.com\/es\/fruto-del-monje-para-bebidas#breadcrumb"},"inLanguage":"es","potentialAction":[{"@type":"ReadAction","target":["https:\/\/vw-ingredients.com\/es\/fruto-del-monje-para-bebidas"]}]},{"@type":"BreadcrumbList","@id":"https:\/\/vw-ingredients.com\/es\/fruto-del-monje-para-bebidas#breadcrumb","itemListElement":[{"@type":"ListItem","position":1,"name":"Home","item":"https:\/\/vw-ingredients.com\/es"},{"@type":"ListItem","position":2,"name":"Fruto del Monje para Bebidas"}]},{"@type":"WebSite","@id":"https:\/\/vw-ingredients.com\/es#website","url":"https:\/\/vw-ingredients.com\/es","name":"Van Wankum Ingredients","description":"","potentialAction":[{"@type":"SearchAction","target":{"@type":"EntryPoint","urlTemplate":"https:\/\/vw-ingredients.com\/es?s={search_term_string}"},"query-input":{"@type":"PropertyValueSpecification","valueRequired":true,"valueName":"search_term_string"}}],"inLanguage":"es"}]}},"_links":{"self":[{"href":"https:\/\/vw-ingredients.com\/es\/wp-json\/wp\/v2\/pages\/7155","targetHints":{"allow":["GET"]}}],"collection":[{"href":"https:\/\/vw-ingredients.com\/es\/wp-json\/wp\/v2\/pages"}],"about":[{"href":"https:\/\/vw-ingredients.com\/es\/wp-json\/wp\/v2\/types\/page"}],"author":[{"embeddable":true,"href":"https:\/\/vw-ingredients.com\/es\/wp-json\/wp\/v2\/users\/6"}],"replies":[{"embeddable":true,"href":"https:\/\/vw-ingredients.com\/es\/wp-json\/wp\/v2\/comments?post=7155"}],"version-history":[{"count":1,"href":"https:\/\/vw-ingredients.com\/es\/wp-json\/wp\/v2\/pages\/7155\/revisions"}],"predecessor-version":[{"id":7156,"href":"https:\/\/vw-ingredients.com\/es\/wp-json\/wp\/v2\/pages\/7155\/revisions\/7156"}],"wp:attachment":[{"href":"https:\/\/vw-ingredients.com\/es\/wp-json\/wp\/v2\/media?parent=7155"}],"curies":[{"name":"wp","href":"https:\/\/api.w.org\/{rel}","templated":true}]}}