{"id":7123,"date":"2021-11-12T10:39:51","date_gmt":"2021-11-12T10:39:51","guid":{"rendered":"https:\/\/vw-ingredients.com\/betaglucano-de-levadura-para-aplicaciones-cosmeticas"},"modified":"2025-01-28T13:25:31","modified_gmt":"2025-01-28T13:25:31","slug":"betaglucano-de-levadura-para-aplicaciones-cosmeticas","status":"publish","type":"page","link":"https:\/\/vw-ingredients.com\/es\/betaglucano-de-levadura-para-aplicaciones-cosmeticas","title":{"rendered":"Betaglucano de levadura para aplicaciones cosm\u00e9ticas"},"content":{"rendered":"\t\t<div data-elementor-type=\"wp-page\" data-elementor-id=\"7123\" class=\"elementor elementor-7123\" data-elementor-post-type=\"page\">\n\t\t\t\t\t\t<section class=\"elementor-section elementor-top-section elementor-element elementor-element-ddc7206 elementor-section-boxed elementor-section-height-default elementor-section-height-default\" data-id=\"ddc7206\" data-element_type=\"section\" data-e-type=\"section\" data-settings=\"{&quot;jet_parallax_layout_list&quot;:[]}\">\n\t\t\t\t\t\t<div class=\"elementor-container elementor-column-gap-default\">\n\t\t\t\t\t<div class=\"elementor-column elementor-col-50 elementor-top-column elementor-element elementor-element-a128652\" data-id=\"a128652\" data-element_type=\"column\" data-e-type=\"column\">\n\t\t\t<div class=\"elementor-widget-wrap elementor-element-populated\">\n\t\t\t\t\t\t<div class=\"elementor-element elementor-element-716e5c0 elementor-widget elementor-widget-text-editor\" data-id=\"716e5c0\" data-element_type=\"widget\" data-e-type=\"widget\" data-widget_type=\"text-editor.default\">\n\t\t\t\t<div class=\"elementor-widget-container\">\n\t\t\t\t\t\t\t\t\t<p>El betaglucano de la levadura se encuentra en las paredes celulares de la levadura de panader\u00eda com\u00fan. La mayor\u00eda de las personas ya<br \/>lo consumen a trav\u00e9s de fuentes naturales como el trigo o la avena. Se utiliza para mantener o<br \/>estimular la eficacia del sistema inmunitario.   Adem\u00e1s, tiene un efecto positivo en los niveles de colesterol<br \/>y se est\u00e1 investigando sobre los efectos positivos en los niveles de az\u00facar en sangre<br \/>.<\/p>\n<\/p>\n<h2><strong>Reparador de la piel.<\/strong><\/h2>\n<p>El betaglucano de levadura es un polisac\u00e1rido existente en la pared celular de la levadura, que puede reforzar la inmunidad de los seres humanos. El CMG es betaglucano de levadura parcialmente carboximetilado, soluble en agua. El CMG tiene las mismas funciones que el betaglucano de levadura cuando se utiliza en cosm\u00e9ticos, puede revitalizar en gran medida el sistema de defensa de la piel, mejorar los procesos naturales de reparaci\u00f3n y reducir la sensibilidad de la piel. Justo debajo de la capa superficial (epidermis) de la piel tienes las c\u00e9lulas de Langerhans. Estas incre\u00edbles c\u00e9lulas inmunitarias tienen el poder de impulsar la producci\u00f3n de col\u00e1geno, aumentar la eficacia de reparaci\u00f3n de las heridas, defenderse de las amenazas externas como el sol, el humo, las agresiones medioambientales y mitigar los efectos del estr\u00e9s, todo lo cual conduce a una notable reducci\u00f3n del feo aspecto de las arrugas, manchas, manchas de la edad y otros problemas de la piel. El milagro de la CMG es su forma molecular \u00fanica. Cuando se aplica sobre la piel, penetra r\u00e1pidamente en la capa epid\u00e9rmica y entra en contacto con las c\u00e9lulas de Langerhans, activ\u00e1ndolas al instante.      <\/p>\n<\/p>\n<h3>Aplicaciones cosm\u00e9ticas;<\/h3>\n<ul>\n<li>Productos antienvejecimiento;<\/li>\n<li>Productos antioxidantes;<\/li>\n<li>Productos de protecci\u00f3n solar;<\/li>\n<li>Productos hidratantes y reparadores;<\/li>\n<li>Dosis recomendada: 5%\u201010%.<\/li>\n<\/ul>\n<h3><strong>\u00bfBeneficios del Beta Glucano?<\/strong><\/h3>\n<ul>\n<li>YEAST Beta Glucan mantiene y estimula la eficacia del sistema inmunitario<br \/>&#8211; YEAST Beta Glucan tiene un efecto positivo sobre los niveles de colesterol<br \/>&#8211; Se cree que YEAST Beta Glucan tiene un efecto positivo sobre los niveles de az\u00facar en sangre y ayuda con los problemas diab\u00e9ticos<br \/>&#8211; YEAST Beta Glucan combate las infecciones<br \/>&#8211; YEAST Beta Glucan es apto para el consumo de vegetarianos<\/li>\n<\/ul>\n<h3><strong>Ingredientes Van Wankum<\/strong><\/h3>\n<p>Van Wankum Ingredients siempre est\u00e1 buscando oportunidades respetuosas con el medio ambiente y \u00abverdes\u00bb<br \/>para sus productos y principios. Apostamos por las relaciones a largo plazo con nuestros clientes de<br \/>y por un servicio de alta calidad. No dudes en solicitar una muestra de YEAST Beta Glucan<br \/>O Ponte en contacto directamente con nosotros si tienes preguntas o solicitudes  <\/p>\n\t\t\t\t\t\t\t\t<\/div>\n\t\t\t\t<\/div>\n\t\t\t\t\t<\/div>\n\t\t<\/div>\n\t\t\t\t<div class=\"elementor-column elementor-col-50 elementor-top-column elementor-element elementor-element-5d724d4\" data-id=\"5d724d4\" data-element_type=\"column\" data-e-type=\"column\">\n\t\t\t<div class=\"elementor-widget-wrap elementor-element-populated\">\n\t\t\t\t\t\t<section class=\"elementor-section elementor-inner-section elementor-element elementor-element-f4364dc elementor-section-height-min-height elementor-section-boxed elementor-section-height-default elementor-invisible\" data-id=\"f4364dc\" data-element_type=\"section\" data-e-type=\"section\" data-settings=\"{&quot;sticky&quot;:&quot;top&quot;,&quot;sticky_on&quot;:[&quot;desktop&quot;],&quot;sticky_parent&quot;:&quot;yes&quot;,&quot;sticky_offset&quot;:125,&quot;animation&quot;:&quot;fadeInRight&quot;,&quot;jet_parallax_layout_list&quot;:[],&quot;sticky_effects_offset&quot;:0,&quot;sticky_anchor_link_offset&quot;:0}\">\n\t\t\t\t\t\t<div class=\"elementor-container elementor-column-gap-default\">\n\t\t\t\t\t<div class=\"elementor-column elementor-col-100 elementor-inner-column elementor-element elementor-element-fdc73ad\" data-id=\"fdc73ad\" data-element_type=\"column\" data-e-type=\"column\" data-settings=\"{&quot;background_background&quot;:&quot;classic&quot;}\">\n\t\t\t<div class=\"elementor-widget-wrap elementor-element-populated\">\n\t\t\t\t\t\t<div class=\"elementor-element elementor-element-200cafd elementor-widget elementor-widget-heading\" data-id=\"200cafd\" data-element_type=\"widget\" data-e-type=\"widget\" data-widget_type=\"heading.default\">\n\t\t\t\t<div class=\"elementor-widget-container\">\n\t\t\t\t\t<h2 class=\"elementor-heading-title elementor-size-default\">Solicitar muestras<\/h2>\t\t\t\t<\/div>\n\t\t\t\t<\/div>\n\t\t\t\t<div class=\"elementor-element elementor-element-7b5f110 elementor-widget elementor-widget-text-editor\" data-id=\"7b5f110\" data-element_type=\"widget\" data-e-type=\"widget\" data-widget_type=\"text-editor.default\">\n\t\t\t\t<div class=\"elementor-widget-container\">\n\t\t\t\t\t\t\t\t\t<p>Ind\u00edcanos qu\u00e9 muestras quieres recibir. Selecciona tus muestras en nuestra lista de productos y haz clic en enviar. <\/p>\n\t\t\t\t\t\t\t\t<\/div>\n\t\t\t\t<\/div>\n\t\t\t\t<div class=\"elementor-element elementor-element-68c8a2e elementor-widget elementor-widget-button\" data-id=\"68c8a2e\" data-element_type=\"widget\" data-e-type=\"widget\" data-widget_type=\"button.default\">\n\t\t\t\t<div class=\"elementor-widget-container\">\n\t\t\t\t\t\t\t\t\t<div class=\"elementor-button-wrapper\">\n\t\t\t\t\t<a class=\"elementor-button elementor-button-link elementor-size-sm\" href=\"\/products\/\">\n\t\t\t\t\t\t<span class=\"elementor-button-content-wrapper\">\n\t\t\t\t\t\t\t\t\t<span class=\"elementor-button-text\">Solicitar muestras<\/span>\n\t\t\t\t\t<\/span>\n\t\t\t\t\t<\/a>\n\t\t\t\t<\/div>\n\t\t\t\t\t\t\t\t<\/div>\n\t\t\t\t<\/div>\n\t\t\t\t\t<\/div>\n\t\t<\/div>\n\t\t\t\t\t<\/div>\n\t\t<\/section>\n\t\t\t\t\t<\/div>\n\t\t<\/div>\n\t\t\t\t\t<\/div>\n\t\t<\/section>\n\t\t\t\t<\/div>\n\t\t","protected":false},"excerpt":{"rendered":"<p>El betaglucano de la levadura se encuentra en las paredes celulares de la levadura de panader\u00eda com\u00fan. La mayor\u00eda de las personas yalo consumen a trav\u00e9s de fuentes naturales como el trigo o la avena. Se utiliza para mantener oestimular la eficacia del sistema inmunitario. Adem\u00e1s, tiene un efecto positivo en los niveles de colesteroly [&hellip;]<\/p>\n","protected":false},"author":6,"featured_media":0,"parent":0,"menu_order":0,"comment_status":"closed","ping_status":"closed","template":"","meta":{"_acf_changed":false,"footnotes":""},"class_list":["post-7123","page","type-page","status-publish","hentry"],"acf":[],"yoast_head":"<!-- This site is optimized with the Yoast SEO plugin v27.3 - https:\/\/yoast.com\/product\/yoast-seo-wordpress\/ -->\n<title>Betaglucano de levadura para aplicaciones cosm\u00e9ticas - Van Wankum Ingredients<\/title>\n<meta name=\"description\" content=\"El betaglucano de la levadura se encuentra en las paredes celulares de la levadura de panader\u00eda com\u00fan. La mayor\u00eda de las personas yalo consumen a trav\u00e9s\" \/>\n<meta name=\"robots\" content=\"index, follow, max-snippet:-1, max-image-preview:large, max-video-preview:-1\" \/>\n<link rel=\"canonical\" href=\"https:\/\/vw-ingredients.com\/es\/betaglucano-de-levadura-para-aplicaciones-cosmeticas\" \/>\n<meta property=\"og:locale\" content=\"es_ES\" \/>\n<meta property=\"og:type\" content=\"article\" \/>\n<meta property=\"og:title\" content=\"Betaglucano de levadura para aplicaciones cosm\u00e9ticas - Van Wankum Ingredients\" \/>\n<meta property=\"og:description\" content=\"El betaglucano de la levadura se encuentra en las paredes celulares de la levadura de panader\u00eda com\u00fan. La mayor\u00eda de las personas yalo consumen a trav\u00e9s\" \/>\n<meta property=\"og:url\" content=\"https:\/\/vw-ingredients.com\/es\/betaglucano-de-levadura-para-aplicaciones-cosmeticas\" \/>\n<meta property=\"og:site_name\" content=\"Van Wankum Ingredients\" \/>\n<meta property=\"article:modified_time\" content=\"2025-01-28T13:25:31+00:00\" \/>\n<meta name=\"twitter:card\" content=\"summary_large_image\" \/>\n<meta name=\"twitter:label1\" content=\"Tiempo de lectura\" \/>\n\t<meta name=\"twitter:data1\" content=\"2 minutos\" \/>\n<script type=\"application\/ld+json\" class=\"yoast-schema-graph\">{\"@context\":\"https:\\\/\\\/schema.org\",\"@graph\":[{\"@type\":\"WebPage\",\"@id\":\"https:\\\/\\\/vw-ingredients.com\\\/es\\\/betaglucano-de-levadura-para-aplicaciones-cosmeticas\",\"url\":\"https:\\\/\\\/vw-ingredients.com\\\/es\\\/betaglucano-de-levadura-para-aplicaciones-cosmeticas\",\"name\":\"Betaglucano de levadura para aplicaciones cosm\u00e9ticas - Van Wankum Ingredients\",\"isPartOf\":{\"@id\":\"https:\\\/\\\/vw-ingredients.com\\\/es#website\"},\"datePublished\":\"2021-11-12T10:39:51+00:00\",\"dateModified\":\"2025-01-28T13:25:31+00:00\",\"description\":\"El betaglucano de la levadura se encuentra en las paredes celulares de la levadura de panader\u00eda com\u00fan. La mayor\u00eda de las personas yalo consumen a trav\u00e9s\",\"breadcrumb\":{\"@id\":\"https:\\\/\\\/vw-ingredients.com\\\/es\\\/betaglucano-de-levadura-para-aplicaciones-cosmeticas#breadcrumb\"},\"inLanguage\":\"es\",\"potentialAction\":[{\"@type\":\"ReadAction\",\"target\":[\"https:\\\/\\\/vw-ingredients.com\\\/es\\\/betaglucano-de-levadura-para-aplicaciones-cosmeticas\"]}]},{\"@type\":\"BreadcrumbList\",\"@id\":\"https:\\\/\\\/vw-ingredients.com\\\/es\\\/betaglucano-de-levadura-para-aplicaciones-cosmeticas#breadcrumb\",\"itemListElement\":[{\"@type\":\"ListItem\",\"position\":1,\"name\":\"Home\",\"item\":\"https:\\\/\\\/vw-ingredients.com\\\/es\"},{\"@type\":\"ListItem\",\"position\":2,\"name\":\"Betaglucano de levadura para aplicaciones cosm\u00e9ticas\"}]},{\"@type\":\"WebSite\",\"@id\":\"https:\\\/\\\/vw-ingredients.com\\\/es#website\",\"url\":\"https:\\\/\\\/vw-ingredients.com\\\/es\",\"name\":\"Van Wankum Ingredients\",\"description\":\"\",\"potentialAction\":[{\"@type\":\"SearchAction\",\"target\":{\"@type\":\"EntryPoint\",\"urlTemplate\":\"https:\\\/\\\/vw-ingredients.com\\\/es?s={search_term_string}\"},\"query-input\":{\"@type\":\"PropertyValueSpecification\",\"valueRequired\":true,\"valueName\":\"search_term_string\"}}],\"inLanguage\":\"es\"}]}<\/script>\n<!-- \/ Yoast SEO plugin. -->","yoast_head_json":{"title":"Betaglucano de levadura para aplicaciones cosm\u00e9ticas - Van Wankum Ingredients","description":"El betaglucano de la levadura se encuentra en las paredes celulares de la levadura de panader\u00eda com\u00fan. La mayor\u00eda de las personas yalo consumen a trav\u00e9s","robots":{"index":"index","follow":"follow","max-snippet":"max-snippet:-1","max-image-preview":"max-image-preview:large","max-video-preview":"max-video-preview:-1"},"canonical":"https:\/\/vw-ingredients.com\/es\/betaglucano-de-levadura-para-aplicaciones-cosmeticas","og_locale":"es_ES","og_type":"article","og_title":"Betaglucano de levadura para aplicaciones cosm\u00e9ticas - Van Wankum Ingredients","og_description":"El betaglucano de la levadura se encuentra en las paredes celulares de la levadura de panader\u00eda com\u00fan. La mayor\u00eda de las personas yalo consumen a trav\u00e9s","og_url":"https:\/\/vw-ingredients.com\/es\/betaglucano-de-levadura-para-aplicaciones-cosmeticas","og_site_name":"Van Wankum Ingredients","article_modified_time":"2025-01-28T13:25:31+00:00","twitter_card":"summary_large_image","twitter_misc":{"Tiempo de lectura":"2 minutos"},"schema":{"@context":"https:\/\/schema.org","@graph":[{"@type":"WebPage","@id":"https:\/\/vw-ingredients.com\/es\/betaglucano-de-levadura-para-aplicaciones-cosmeticas","url":"https:\/\/vw-ingredients.com\/es\/betaglucano-de-levadura-para-aplicaciones-cosmeticas","name":"Betaglucano de levadura para aplicaciones cosm\u00e9ticas - Van Wankum Ingredients","isPartOf":{"@id":"https:\/\/vw-ingredients.com\/es#website"},"datePublished":"2021-11-12T10:39:51+00:00","dateModified":"2025-01-28T13:25:31+00:00","description":"El betaglucano de la levadura se encuentra en las paredes celulares de la levadura de panader\u00eda com\u00fan. La mayor\u00eda de las personas yalo consumen a trav\u00e9s","breadcrumb":{"@id":"https:\/\/vw-ingredients.com\/es\/betaglucano-de-levadura-para-aplicaciones-cosmeticas#breadcrumb"},"inLanguage":"es","potentialAction":[{"@type":"ReadAction","target":["https:\/\/vw-ingredients.com\/es\/betaglucano-de-levadura-para-aplicaciones-cosmeticas"]}]},{"@type":"BreadcrumbList","@id":"https:\/\/vw-ingredients.com\/es\/betaglucano-de-levadura-para-aplicaciones-cosmeticas#breadcrumb","itemListElement":[{"@type":"ListItem","position":1,"name":"Home","item":"https:\/\/vw-ingredients.com\/es"},{"@type":"ListItem","position":2,"name":"Betaglucano de levadura para aplicaciones cosm\u00e9ticas"}]},{"@type":"WebSite","@id":"https:\/\/vw-ingredients.com\/es#website","url":"https:\/\/vw-ingredients.com\/es","name":"Van Wankum Ingredients","description":"","potentialAction":[{"@type":"SearchAction","target":{"@type":"EntryPoint","urlTemplate":"https:\/\/vw-ingredients.com\/es?s={search_term_string}"},"query-input":{"@type":"PropertyValueSpecification","valueRequired":true,"valueName":"search_term_string"}}],"inLanguage":"es"}]}},"_links":{"self":[{"href":"https:\/\/vw-ingredients.com\/es\/wp-json\/wp\/v2\/pages\/7123","targetHints":{"allow":["GET"]}}],"collection":[{"href":"https:\/\/vw-ingredients.com\/es\/wp-json\/wp\/v2\/pages"}],"about":[{"href":"https:\/\/vw-ingredients.com\/es\/wp-json\/wp\/v2\/types\/page"}],"author":[{"embeddable":true,"href":"https:\/\/vw-ingredients.com\/es\/wp-json\/wp\/v2\/users\/6"}],"replies":[{"embeddable":true,"href":"https:\/\/vw-ingredients.com\/es\/wp-json\/wp\/v2\/comments?post=7123"}],"version-history":[{"count":1,"href":"https:\/\/vw-ingredients.com\/es\/wp-json\/wp\/v2\/pages\/7123\/revisions"}],"predecessor-version":[{"id":7126,"href":"https:\/\/vw-ingredients.com\/es\/wp-json\/wp\/v2\/pages\/7123\/revisions\/7126"}],"wp:attachment":[{"href":"https:\/\/vw-ingredients.com\/es\/wp-json\/wp\/v2\/media?parent=7123"}],"curies":[{"name":"wp","href":"https:\/\/api.w.org\/{rel}","templated":true}]}}